{"id":10084,"date":"2025-07-15T11:02:51","date_gmt":"2025-07-15T08:02:51","guid":{"rendered":"https:\/\/lavanno.com\/?post_type=product&#038;p=10084"},"modified":"2025-08-28T10:54:08","modified_gmt":"2025-08-28T07:54:08","slug":"asko-kuivatuskapp-classic-dc7774v-w-17-m-ventileeritav-valge-ekraan-lcd-4-prog-valge","status":"publish","type":"product","link":"https:\/\/lavanno.com\/en\/toode\/asko-kuivatuskapp-classic-dc7774v-w-17-m-ventileeritav-valge-ekraan-lcd-4-prog-valge\/","title":{"rendered":"ASKO Kuivatuskapp Classic DC7774V.W; 1,7 m, Ventileeritav, Valge ekraan (LCD), 4 prog, Valge"},"content":{"rendered":"<p><strong>Konstruktsioon ja j\u00f5udlus<\/strong><br \/>\n\u2022 Pinnamaterjal: V\u00e4rvitud teras<br \/>\n\u2022 Tugevdatud ja heliisolatsiooniga uks<br \/>\n\u2022 Ukse juhik t\u00e4pseks joondamiseks<br \/>\n\u2022 Otsene \u00f5huvool riietele ja kangale<br \/>\n\u2022 Vee eemaldamise v\u00f5imekus: 22 g\/min<br \/>\n\u2022 Kuivatuspikkus kokku: 16 m<br \/>\n\u2022 Kuivatusv\u00f5imekus: 4 kg<br \/>\n\u2022 \u00d5huvool: 180 m\u00b3\/h<br \/>\n\u2022 L\u00fchim programmi aeg (min): 75 min<\/p>\n<p><strong>Kasutus ja paindlikkus<\/strong><br \/>\n\u2022 Kokkupandavad riputusvardad<br \/>\n\u2022 Ukse riidepuu<br \/>\n\u2022 Kindariputi<br \/>\n\u2022 Riidepuude latt<br \/>\n\u2022 Jalatsiriiul<br \/>\n\u2022 Automaatprogrammid<\/p>\n<p><strong>Interaktsioon ja juhtimine<\/strong><br \/>\n\u2022 Programmi valija ja valikuklahvid<br \/>\n\u2022 Aja valik<br \/>\n\u2022 Temperatuur (tavaline\/madal)<br \/>\n\u2022 M\u00e4lu intelligentne s\u00fcsteem<\/p>\n<p><strong>Programmid<\/strong><br \/>\n\u2022 Saadaval olevate programmide arv: 6<br \/>\n\u2022 Automaatprogrammid<br \/>\n\u2022 Soojad r\u00e4tikud 120 minutit<br \/>\n\u2022 Ajaga kuivatamine &#8211; maksimaalselt 6 tundi<br \/>\n\u2022 K\u00fclmkuivatamine &#8211; maksimaalselt 12 tundi<br \/>\n\u2022 Aja s\u00e4\u00e4stmine (12 min)<\/p>\n<p><strong>Disain ja integreerimine<\/strong><br \/>\n\u2022 K\u00f5rguse reguleerimine (mm): 25 mm<br \/>\n\u2022 180\u00b0<br \/>\n\u2022 Tagurpidi ukseriidepuu<br \/>\n\u2022 V\u00f5imalik paigaldada kappi<br \/>\n\u2022 V\u00f5imalik paigaldada seinale<br \/>\n\u2022 Mootori asukoht: Mootori asukoht<\/p>\n<p><strong>Ohutus ja hooldus<\/strong><br \/>\n\u2022 Ukse l\u00fcliti<\/p>\n<p><strong>Tehnilised andmed<\/strong><br \/>\n\u2022 K\u00fcttev\u00f5imsus: 1500 W<br \/>\n\u2022 M\u00fcratase: 60 dB(A) re 1 pW<br \/>\n\u2022 \u00dchendatud koormus: 1500 W<br \/>\n\u2022 Pinge (V): 220-240 V<br \/>\n\u2022 Pistik: Euro<br \/>\n\u2022 Faaside arv: 1<br \/>\n\u2022 Sagedus: 50 Hz<br \/>\n\u2022 Netokaal: 60 kg<br \/>\n\u2022 Taaskasutuseks m\u00e4rgitud<br \/>\n\u2022 ISO 14001<\/p>\n<p><strong>M\u00f5\u00f5tmed<\/strong><br \/>\n\u2022 Toote m\u00f5\u00f5tmed (KxLxS): 171,4 \u00d7 59,5 \u00d7 60,8 cm<br \/>\n\u2022 S\u00fcgavus ukse avamisega: 1177 mm<br \/>\n\u2022 Toitejuhtme pikkus: 2,3 m<br \/>\n\u2022 Ventilatsioonivooliku pikkus: 100 cm<br \/>\n\u2022 Ventilatsiooni ava l\u00e4bim\u00f5\u00f5t: Vasakul\/taga &#8211; l\u00e4bim\u00f5\u00f5t 110 mm<\/p>\n<p><strong>Logistika teave<\/strong><br \/>\n\u2022 Pakitud toote m\u00f5\u00f5tmed (KxLxS): 178 \u00d7 65 \u00d7 70 cm<br \/>\n\u2022 Kogukaal: 70,9 kg<br \/>\n\u2022 Toote kood: 675289<br \/>\n\u2022 EAN kood: 3838782070136<\/p>\n<p><img fetchpriority=\"high\" decoding=\"async\" class=\"alignnone size-large wp-image-374575\" src=\"https:\/\/vana.lavanno.com\/wp-content\/uploads\/2024\/10\/Kuivatuskapp-DC7774V.W-mootmed-1024x911.png\" alt=\"Kuivatuskapp DC7774V.W m\u00f5\u00f5tmed\" width=\"1024\" height=\"911\" \/><\/p>\n","protected":false},"excerpt":{"rendered":"<p><strong>DC7774V.W<\/strong><br \/>\n<strong>Mudeli nimi<\/strong>: DC7774V.W<br \/>\n<strong>Konstruktsiooni t\u00fc\u00fcp<\/strong>: \u00d5hku v\u00e4ljutav<br \/>\n<strong>Paigaldus<\/strong>: Eraldiseisev<br \/>\n<strong>Peamine v\u00e4rv<\/strong>: Valge<\/p>\n","protected":false},"featured_media":10158,"comment_status":"closed","ping_status":"closed","template":"","meta":[],"product_brand":[],"product_cat":[520,625,627],"product_tag":[],"class_list":{"0":"post-10084","1":"product","2":"type-product","3":"status-publish","4":"has-post-thumbnail","6":"product_cat-eraklient","7":"product_cat-kodumasinad","8":"product_cat-asko-kuivatuskapp","10":"first","11":"onbackorder","12":"taxable","13":"shipping-taxable","14":"purchasable","15":"product-type-simple"},"yoast_head":"<!-- This site is optimized with the Yoast SEO plugin v27.0 - https:\/\/yoast.com\/product\/yoast-seo-wordpress\/ -->\n<title>ASKO Kuivatuskapp Classic DC7774V.W; 1,7 m, Ventileeritav, Valge ekraan (LCD), 4 prog, Valge - Lavanno - pesuvahendite ekspert<\/title>\n<meta name=\"robots\" content=\"index, follow, max-snippet:-1, max-image-preview:large, max-video-preview:-1\" \/>\n<link rel=\"canonical\" href=\"https:\/\/lavanno.com\/en\/toode\/asko-kuivatuskapp-classic-dc7774v-w-17-m-ventileeritav-valge-ekraan-lcd-4-prog-valge\/\" \/>\n<meta property=\"og:locale\" content=\"en_US\" \/>\n<meta property=\"og:type\" content=\"article\" \/>\n<meta property=\"og:title\" content=\"ASKO Kuivatuskapp Classic DC7774V.W; 1,7 m, Ventileeritav, Valge ekraan (LCD), 4 prog, Valge - Lavanno - pesuvahendite ekspert\" \/>\n<meta property=\"og:description\" content=\"DC7774V.W Mudeli nimi: DC7774V.W Konstruktsiooni t\u00fc\u00fcp: \u00d5hku v\u00e4ljutav Paigaldus: Eraldiseisev Peamine v\u00e4rv: Valge\" \/>\n<meta property=\"og:url\" content=\"https:\/\/lavanno.com\/en\/toode\/asko-kuivatuskapp-classic-dc7774v-w-17-m-ventileeritav-valge-ekraan-lcd-4-prog-valge\/\" \/>\n<meta property=\"og:site_name\" content=\"Lavanno - pesuvahendite ekspert\" \/>\n<meta property=\"article:publisher\" content=\"https:\/\/www.facebook.com\/Lavanno.ee\" \/>\n<meta property=\"article:modified_time\" content=\"2025-08-28T07:54:08+00:00\" \/>\n<meta property=\"og:image\" content=\"https:\/\/lavanno.com\/wp-content\/uploads\/2025\/07\/Kuivatuskapp-DC7774v.W.png\" \/>\n\t<meta property=\"og:image:width\" content=\"1617\" \/>\n\t<meta property=\"og:image:height\" content=\"1617\" \/>\n\t<meta property=\"og:image:type\" content=\"image\/png\" \/>\n<meta name=\"twitter:card\" content=\"summary_large_image\" \/>\n<meta name=\"twitter:label1\" content=\"Est. reading time\" \/>\n\t<meta name=\"twitter:data1\" content=\"2 minutes\" \/>\n<script type=\"application\/ld+json\" class=\"yoast-schema-graph\">{\"@context\":\"https:\/\/schema.org\",\"@graph\":[{\"@type\":\"WebPage\",\"@id\":\"https:\/\/lavanno.com\/en\/toode\/asko-kuivatuskapp-classic-dc7774v-w-17-m-ventileeritav-valge-ekraan-lcd-4-prog-valge\/\",\"url\":\"https:\/\/lavanno.com\/en\/toode\/asko-kuivatuskapp-classic-dc7774v-w-17-m-ventileeritav-valge-ekraan-lcd-4-prog-valge\/\",\"name\":\"ASKO Kuivatuskapp Classic DC7774V.W; 1,7 m, Ventileeritav, Valge ekraan (LCD), 4 prog, Valge - Lavanno - pesuvahendite ekspert\",\"isPartOf\":{\"@id\":\"https:\/\/lavanno.com\/en\/#website\"},\"primaryImageOfPage\":{\"@id\":\"https:\/\/lavanno.com\/en\/toode\/asko-kuivatuskapp-classic-dc7774v-w-17-m-ventileeritav-valge-ekraan-lcd-4-prog-valge\/#primaryimage\"},\"image\":{\"@id\":\"https:\/\/lavanno.com\/en\/toode\/asko-kuivatuskapp-classic-dc7774v-w-17-m-ventileeritav-valge-ekraan-lcd-4-prog-valge\/#primaryimage\"},\"thumbnailUrl\":\"https:\/\/lavanno.com\/wp-content\/uploads\/2025\/07\/Kuivatuskapp-DC7774v.W.png\",\"datePublished\":\"2025-07-15T08:02:51+00:00\",\"dateModified\":\"2025-08-28T07:54:08+00:00\",\"breadcrumb\":{\"@id\":\"https:\/\/lavanno.com\/en\/toode\/asko-kuivatuskapp-classic-dc7774v-w-17-m-ventileeritav-valge-ekraan-lcd-4-prog-valge\/#breadcrumb\"},\"inLanguage\":\"en-US\",\"potentialAction\":[{\"@type\":\"ReadAction\",\"target\":[\"https:\/\/lavanno.com\/en\/toode\/asko-kuivatuskapp-classic-dc7774v-w-17-m-ventileeritav-valge-ekraan-lcd-4-prog-valge\/\"]}]},{\"@type\":\"ImageObject\",\"inLanguage\":\"en-US\",\"@id\":\"https:\/\/lavanno.com\/en\/toode\/asko-kuivatuskapp-classic-dc7774v-w-17-m-ventileeritav-valge-ekraan-lcd-4-prog-valge\/#primaryimage\",\"url\":\"https:\/\/lavanno.com\/wp-content\/uploads\/2025\/07\/Kuivatuskapp-DC7774v.W.png\",\"contentUrl\":\"https:\/\/lavanno.com\/wp-content\/uploads\/2025\/07\/Kuivatuskapp-DC7774v.W.png\",\"width\":1617,\"height\":1617},{\"@type\":\"BreadcrumbList\",\"@id\":\"https:\/\/lavanno.com\/en\/toode\/asko-kuivatuskapp-classic-dc7774v-w-17-m-ventileeritav-valge-ekraan-lcd-4-prog-valge\/#breadcrumb\",\"itemListElement\":[{\"@type\":\"ListItem\",\"position\":1,\"name\":\"Home\",\"item\":\"https:\/\/lavanno.com\/en\/\"},{\"@type\":\"ListItem\",\"position\":2,\"name\":\"E-pood\",\"item\":\"https:\/\/lavanno.com\/e-pood\/\"},{\"@type\":\"ListItem\",\"position\":3,\"name\":\"ASKO Kuivatuskapp Classic DC7774V.W; 1,7 m, Ventileeritav, Valge ekraan (LCD), 4 prog, Valge\"}]},{\"@type\":\"WebSite\",\"@id\":\"https:\/\/lavanno.com\/en\/#website\",\"url\":\"https:\/\/lavanno.com\/en\/\",\"name\":\"Lavanno - Pesuvahendite ekspert\",\"description\":\"Toome maale ja m\u00fc\u00fcme tekstiili pesuvahendeid, pesumajaseadmeid ja tarvikuid. Hooldame ja konsulteerime.\",\"publisher\":{\"@id\":\"https:\/\/lavanno.com\/en\/#organization\"},\"potentialAction\":[{\"@type\":\"SearchAction\",\"target\":{\"@type\":\"EntryPoint\",\"urlTemplate\":\"https:\/\/lavanno.com\/en\/?s={search_term_string}\"},\"query-input\":{\"@type\":\"PropertyValueSpecification\",\"valueRequired\":true,\"valueName\":\"search_term_string\"}}],\"inLanguage\":\"en-US\"},{\"@type\":\"Organization\",\"@id\":\"https:\/\/lavanno.com\/en\/#organization\",\"name\":\"Lavanno - Pesuvahendite ekspert\",\"url\":\"https:\/\/lavanno.com\/en\/\",\"logo\":{\"@type\":\"ImageObject\",\"inLanguage\":\"en-US\",\"@id\":\"https:\/\/lavanno.com\/en\/#\/schema\/logo\/image\/\",\"url\":\"https:\/\/lavanno.com\/wp-content\/uploads\/2025\/07\/Lavanno.png\",\"contentUrl\":\"https:\/\/lavanno.com\/wp-content\/uploads\/2025\/07\/Lavanno.png\",\"width\":1200,\"height\":1200,\"caption\":\"Lavanno - Pesuvahendite ekspert\"},\"image\":{\"@id\":\"https:\/\/lavanno.com\/en\/#\/schema\/logo\/image\/\"},\"sameAs\":[\"https:\/\/www.facebook.com\/Lavanno.ee\"]}]}<\/script>\n<!-- \/ Yoast SEO plugin. -->","yoast_head_json":{"title":"ASKO Kuivatuskapp Classic DC7774V.W; 1,7 m, Ventileeritav, Valge ekraan (LCD), 4 prog, Valge - Lavanno - pesuvahendite ekspert","robots":{"index":"index","follow":"follow","max-snippet":"max-snippet:-1","max-image-preview":"max-image-preview:large","max-video-preview":"max-video-preview:-1"},"canonical":"https:\/\/lavanno.com\/en\/toode\/asko-kuivatuskapp-classic-dc7774v-w-17-m-ventileeritav-valge-ekraan-lcd-4-prog-valge\/","og_locale":"en_US","og_type":"article","og_title":"ASKO Kuivatuskapp Classic DC7774V.W; 1,7 m, Ventileeritav, Valge ekraan (LCD), 4 prog, Valge - Lavanno - pesuvahendite ekspert","og_description":"DC7774V.W Mudeli nimi: DC7774V.W Konstruktsiooni t\u00fc\u00fcp: \u00d5hku v\u00e4ljutav Paigaldus: Eraldiseisev Peamine v\u00e4rv: Valge","og_url":"https:\/\/lavanno.com\/en\/toode\/asko-kuivatuskapp-classic-dc7774v-w-17-m-ventileeritav-valge-ekraan-lcd-4-prog-valge\/","og_site_name":"Lavanno - pesuvahendite ekspert","article_publisher":"https:\/\/www.facebook.com\/Lavanno.ee","article_modified_time":"2025-08-28T07:54:08+00:00","og_image":[{"width":1617,"height":1617,"url":"https:\/\/lavanno.com\/wp-content\/uploads\/2025\/07\/Kuivatuskapp-DC7774v.W.png","type":"image\/png"}],"twitter_card":"summary_large_image","twitter_misc":{"Est. reading time":"2 minutes"},"schema":{"@context":"https:\/\/schema.org","@graph":[{"@type":"WebPage","@id":"https:\/\/lavanno.com\/en\/toode\/asko-kuivatuskapp-classic-dc7774v-w-17-m-ventileeritav-valge-ekraan-lcd-4-prog-valge\/","url":"https:\/\/lavanno.com\/en\/toode\/asko-kuivatuskapp-classic-dc7774v-w-17-m-ventileeritav-valge-ekraan-lcd-4-prog-valge\/","name":"ASKO Kuivatuskapp Classic DC7774V.W; 1,7 m, Ventileeritav, Valge ekraan (LCD), 4 prog, Valge - Lavanno - pesuvahendite ekspert","isPartOf":{"@id":"https:\/\/lavanno.com\/en\/#website"},"primaryImageOfPage":{"@id":"https:\/\/lavanno.com\/en\/toode\/asko-kuivatuskapp-classic-dc7774v-w-17-m-ventileeritav-valge-ekraan-lcd-4-prog-valge\/#primaryimage"},"image":{"@id":"https:\/\/lavanno.com\/en\/toode\/asko-kuivatuskapp-classic-dc7774v-w-17-m-ventileeritav-valge-ekraan-lcd-4-prog-valge\/#primaryimage"},"thumbnailUrl":"https:\/\/lavanno.com\/wp-content\/uploads\/2025\/07\/Kuivatuskapp-DC7774v.W.png","datePublished":"2025-07-15T08:02:51+00:00","dateModified":"2025-08-28T07:54:08+00:00","breadcrumb":{"@id":"https:\/\/lavanno.com\/en\/toode\/asko-kuivatuskapp-classic-dc7774v-w-17-m-ventileeritav-valge-ekraan-lcd-4-prog-valge\/#breadcrumb"},"inLanguage":"en-US","potentialAction":[{"@type":"ReadAction","target":["https:\/\/lavanno.com\/en\/toode\/asko-kuivatuskapp-classic-dc7774v-w-17-m-ventileeritav-valge-ekraan-lcd-4-prog-valge\/"]}]},{"@type":"ImageObject","inLanguage":"en-US","@id":"https:\/\/lavanno.com\/en\/toode\/asko-kuivatuskapp-classic-dc7774v-w-17-m-ventileeritav-valge-ekraan-lcd-4-prog-valge\/#primaryimage","url":"https:\/\/lavanno.com\/wp-content\/uploads\/2025\/07\/Kuivatuskapp-DC7774v.W.png","contentUrl":"https:\/\/lavanno.com\/wp-content\/uploads\/2025\/07\/Kuivatuskapp-DC7774v.W.png","width":1617,"height":1617},{"@type":"BreadcrumbList","@id":"https:\/\/lavanno.com\/en\/toode\/asko-kuivatuskapp-classic-dc7774v-w-17-m-ventileeritav-valge-ekraan-lcd-4-prog-valge\/#breadcrumb","itemListElement":[{"@type":"ListItem","position":1,"name":"Home","item":"https:\/\/lavanno.com\/en\/"},{"@type":"ListItem","position":2,"name":"E-pood","item":"https:\/\/lavanno.com\/e-pood\/"},{"@type":"ListItem","position":3,"name":"ASKO Kuivatuskapp Classic DC7774V.W; 1,7 m, Ventileeritav, Valge ekraan (LCD), 4 prog, Valge"}]},{"@type":"WebSite","@id":"https:\/\/lavanno.com\/en\/#website","url":"https:\/\/lavanno.com\/en\/","name":"Lavanno - Pesuvahendite ekspert","description":"Toome maale ja m\u00fc\u00fcme tekstiili pesuvahendeid, pesumajaseadmeid ja tarvikuid. Hooldame ja konsulteerime.","publisher":{"@id":"https:\/\/lavanno.com\/en\/#organization"},"potentialAction":[{"@type":"SearchAction","target":{"@type":"EntryPoint","urlTemplate":"https:\/\/lavanno.com\/en\/?s={search_term_string}"},"query-input":{"@type":"PropertyValueSpecification","valueRequired":true,"valueName":"search_term_string"}}],"inLanguage":"en-US"},{"@type":"Organization","@id":"https:\/\/lavanno.com\/en\/#organization","name":"Lavanno - Pesuvahendite ekspert","url":"https:\/\/lavanno.com\/en\/","logo":{"@type":"ImageObject","inLanguage":"en-US","@id":"https:\/\/lavanno.com\/en\/#\/schema\/logo\/image\/","url":"https:\/\/lavanno.com\/wp-content\/uploads\/2025\/07\/Lavanno.png","contentUrl":"https:\/\/lavanno.com\/wp-content\/uploads\/2025\/07\/Lavanno.png","width":1200,"height":1200,"caption":"Lavanno - Pesuvahendite ekspert"},"image":{"@id":"https:\/\/lavanno.com\/en\/#\/schema\/logo\/image\/"},"sameAs":["https:\/\/www.facebook.com\/Lavanno.ee"]}]}},"_links":{"self":[{"href":"https:\/\/lavanno.com\/en\/wp-json\/wp\/v2\/product\/10084","targetHints":{"allow":["GET"]}}],"collection":[{"href":"https:\/\/lavanno.com\/en\/wp-json\/wp\/v2\/product"}],"about":[{"href":"https:\/\/lavanno.com\/en\/wp-json\/wp\/v2\/types\/product"}],"replies":[{"embeddable":true,"href":"https:\/\/lavanno.com\/en\/wp-json\/wp\/v2\/comments?post=10084"}],"wp:featuredmedia":[{"embeddable":true,"href":"https:\/\/lavanno.com\/en\/wp-json\/wp\/v2\/media\/10158"}],"wp:attachment":[{"href":"https:\/\/lavanno.com\/en\/wp-json\/wp\/v2\/media?parent=10084"}],"wp:term":[{"taxonomy":"product_brand","embeddable":true,"href":"https:\/\/lavanno.com\/en\/wp-json\/wp\/v2\/product_brand?post=10084"},{"taxonomy":"product_cat","embeddable":true,"href":"https:\/\/lavanno.com\/en\/wp-json\/wp\/v2\/product_cat?post=10084"},{"taxonomy":"product_tag","embeddable":true,"href":"https:\/\/lavanno.com\/en\/wp-json\/wp\/v2\/product_tag?post=10084"}],"curies":[{"name":"wp","href":"https:\/\/api.w.org\/{rel}","templated":true}]}}