{"id":10087,"date":"2025-07-15T11:02:51","date_gmt":"2025-07-15T08:02:51","guid":{"rendered":"https:\/\/lavanno.com\/?post_type=product&#038;p=10087"},"modified":"2026-04-27T11:26:29","modified_gmt":"2026-04-27T08:26:29","slug":"lg-triikimiskalander-l850","status":"publish","type":"product","link":"https:\/\/lavanno.com\/en\/toode\/lg-triikimiskalander-l850\/","title":{"rendered":"Triikimiskalander L850 D160mm; 220V\/50Hz 3,3kW; kiirus 1-3m\/min,  j\u00e4\u00e4kniiskus 10-15% tootlikkus 12-15kg\/h; auru funktsioon, veepaak 0,9L; 940x400x1050"},"content":{"rendered":"<p><iframe title=\"Ironing on Ironnette\" width=\"500\" height=\"281\" src=\"https:\/\/www.youtube.com\/embed\/5WuaAbkPPcE?feature=oembed&#038;enablejsapi=1&#038;origin=https:\/\/lavanno.com\" frameborder=\"0\" allow=\"accelerometer; autoplay; clipboard-write; encrypted-media; gyroscope; picture-in-picture; web-share\" referrerpolicy=\"strict-origin-when-cross-origin\" allowfullscreen><\/iframe><\/p>\n<p>Triikimiskalander BW PRO 85<\/p>\n<ul>\n<li><strong>T\u00f6\u00f6pind:<\/strong> 850 mm<\/li>\n<li><strong>L\u00e4bim\u00f5\u00f5t:<\/strong> 160 mm<\/li>\n<li><strong>Pinge:<\/strong> 220V \/ 50Hz<\/li>\n<li><strong>Mahutavus:<\/strong> 12-15 kg\/h<\/li>\n<li><strong>Triikimiskiirus:<\/strong> 1-3 m\/min<\/li>\n<li><strong>V\u00f5imsus:<\/strong> 3,3 kW<\/li>\n<li><strong>Temperatuuriseadete arv:<\/strong> 5<\/li>\n<li><strong>Auruseadete arv:<\/strong> 3<\/li>\n<li><strong>Veepaagi maht:<\/strong> 0,9 L<\/li>\n<li><strong>Triikimine j\u00e4\u00e4kniiskusega:<\/strong> 10-15%<\/li>\n<li><strong>Kokkupandav:<\/strong> JAH<\/li>\n<li><strong>M\u00f5\u00f5tmed (mm):<\/strong> 940x400x1050<\/li>\n<li><strong>Kaal:<\/strong> 40 kg<\/li>\n<li><strong>Professionaalseks (kommertslikuks) kasutuseks:<\/strong> JAH<\/li>\n<\/ul>\n<p>&nbsp;<\/p>\n<h3><strong>Eelised<\/strong><\/h3>\n<ul>\n<li><strong>Ruumis\u00e4\u00e4stlik<\/strong><br \/>\nLiigutatav ja kergesti kokkupandav, v\u00f5tab v\u00e4he hoiuruumi ning triigib kiiresti ja lihtsalt isegi k\u00f5ige n\u00f5udlikumad pikad kangad.<\/li>\n<li><strong>Triikimine istudes<\/strong><br \/>\nTriikimismasin v\u00f5imaldab pesu triikida istudes ja ilma pingutuseta. Lisaks koguneb pesu triikimisel triikuri all asuvale virnastamislauale, mis v\u00e4listab tarbetu liikumise.<\/li>\n<li><strong>Auruga triikimine<\/strong><br \/>\nMaksimaalse kontrolli tagamiseks v\u00f5imaldab see professionaalne triikimismasin triikida auruga vastavalt vajadusele (3 auruseadet).<\/li>\n<li><strong>T\u00e4iuslik temperatuur<\/strong><br \/>\nValige 5 erineva temperatuuriseade vahel vastavalt kangat\u00fc\u00fcbile (s\u00fcnteetilised kangad, siid, vill, puuvill jne).<\/li>\n<li><strong>Kasutajas\u00f5bralik juhtpaneel<\/strong><br \/>\nJuhtpaneel on lihtne ja mugav kasutada. Vajutage lihtsalt nuppu ning valige kuni 5 temperatuuritaset ja 3 aurufunktsiooni (vajadusel v\u00f5i pidevalt).<\/li>\n<li><strong>Automaatne unere\u017eiim<\/strong><br \/>\nProfessionaalne triikimismasin l\u00fclitab automaatselt v\u00e4lja k\u00fcttekehad ja aurugeneraatori, kui seda ei kasutata 8 minutit v\u00f5i kauem (energia s\u00e4\u00e4stmiseks). Taask\u00e4ivitamiseks vajutage pedaali \u2013 seade m\u00e4letab viimaseid seadeid enne automaatset v\u00e4ljal\u00fclitamist ja soojeneb kiiresti uuesti kasutusvalmis.<\/li>\n<\/ul>\n","protected":false},"excerpt":{"rendered":"<h3><strong>Professionaalne triikimiskalander LG BW PRO 85<\/strong><\/h3>\n<p>Kompaktne rulltriikimismasin (85 cm pikk) professionaalsetele pesumajadele, mis aitab triikida suuri koguseid linu, voodikatteid, padjap\u00fc\u00fcre, salvr\u00e4tte jne.<\/p>\n<h4><strong>Omadused:<\/strong><\/h4>\n<ul>\n<li><strong>2-aastane garantii<\/strong><\/li>\n<li><strong>Hooldus ja varuosad saadaval<\/strong><\/li>\n<li><strong>T\u00f6\u00f6pind:<\/strong> 85 cm<\/li>\n<li><strong>Mahutavus:<\/strong> 12-15 kg\/h<\/li>\n<li><strong>K\u00fclgedelt avatud<\/strong>, et triikida suuremaid kangaid<\/li>\n<li><strong>Juhtpaneel:<\/strong> nuppudega (5 temperatuuriseadet ja 3 auruseadet)<\/li>\n<li><strong>Elektriline k\u00fctmine<\/strong><\/li>\n<\/ul>\n","protected":false},"featured_media":10198,"comment_status":"closed","ping_status":"closed","template":"","meta":[],"product_brand":[],"product_cat":[852,624,520,625],"product_tag":[834,850,833,835,837,839],"class_list":{"0":"post-10087","1":"product","2":"type-product","3":"status-publish","4":"has-post-thumbnail","6":"product_cat-lg","7":"product_cat-triikimiskalandrid","8":"product_cat-eraklient","9":"product_cat-kodumasinad","10":"product_tag-horeca","11":"product_tag-kodumajapidamine","12":"product_tag-lasteaedadele","13":"product_tag-pesumajad","14":"product_tag-puhastusteenindus","15":"product_tag-tervishoid","17":"first","18":"onbackorder","19":"taxable","20":"shipping-taxable","21":"purchasable","22":"product-type-simple"},"yoast_head":"<!-- This site is optimized with the Yoast SEO plugin v27.0 - https:\/\/yoast.com\/product\/yoast-seo-wordpress\/ -->\n<title>LG triikimiskalander BW PRO 85<\/title>\n<meta name=\"description\" content=\"LG BW PRO 85 triikimiskalander aurufunktsiooniga. Rulli laius 850 mm, tootlikkus kuni 15 kg\/h. Ideaalne professionaalseks kasutuseks.\" \/>\n<meta name=\"robots\" content=\"index, follow, max-snippet:-1, max-image-preview:large, max-video-preview:-1\" \/>\n<link rel=\"canonical\" href=\"https:\/\/lavanno.com\/en\/toode\/lg-triikimiskalander-l850\/\" \/>\n<meta property=\"og:locale\" content=\"en_US\" \/>\n<meta property=\"og:type\" content=\"article\" \/>\n<meta property=\"og:title\" content=\"LG triikimiskalander BW PRO 85\" \/>\n<meta property=\"og:description\" content=\"LG BW PRO 85 triikimiskalander aurufunktsiooniga. Rulli laius 850 mm, tootlikkus kuni 15 kg\/h. Ideaalne professionaalseks kasutuseks.\" \/>\n<meta property=\"og:url\" content=\"https:\/\/lavanno.com\/en\/toode\/lg-triikimiskalander-l850\/\" \/>\n<meta property=\"og:site_name\" content=\"Lavanno - pesuvahendite ekspert\" \/>\n<meta property=\"article:publisher\" content=\"https:\/\/www.facebook.com\/Lavanno.ee\" \/>\n<meta property=\"article:modified_time\" content=\"2026-04-27T08:26:29+00:00\" \/>\n<meta property=\"og:image\" content=\"https:\/\/lavanno.com\/wp-content\/uploads\/2025\/07\/Triikimiskalander-BWPRO85E.jpg\" \/>\n\t<meta property=\"og:image:width\" content=\"1200\" \/>\n\t<meta property=\"og:image:height\" content=\"800\" \/>\n\t<meta property=\"og:image:type\" content=\"image\/jpeg\" \/>\n<meta name=\"twitter:card\" content=\"summary_large_image\" \/>\n<meta name=\"twitter:label1\" content=\"Est. reading time\" \/>\n\t<meta name=\"twitter:data1\" content=\"2 minutes\" \/>\n<script type=\"application\/ld+json\" class=\"yoast-schema-graph\">{\"@context\":\"https:\/\/schema.org\",\"@graph\":[{\"@type\":\"WebPage\",\"@id\":\"https:\/\/lavanno.com\/en\/toode\/lg-triikimiskalander-l850\/\",\"url\":\"https:\/\/lavanno.com\/en\/toode\/lg-triikimiskalander-l850\/\",\"name\":\"LG triikimiskalander BW PRO 85\",\"isPartOf\":{\"@id\":\"https:\/\/lavanno.com\/en\/#website\"},\"primaryImageOfPage\":{\"@id\":\"https:\/\/lavanno.com\/en\/toode\/lg-triikimiskalander-l850\/#primaryimage\"},\"image\":{\"@id\":\"https:\/\/lavanno.com\/en\/toode\/lg-triikimiskalander-l850\/#primaryimage\"},\"thumbnailUrl\":\"https:\/\/lavanno.com\/wp-content\/uploads\/2025\/07\/Triikimiskalander-BWPRO85E.jpg\",\"datePublished\":\"2025-07-15T08:02:51+00:00\",\"dateModified\":\"2026-04-27T08:26:29+00:00\",\"description\":\"LG BW PRO 85 triikimiskalander aurufunktsiooniga. Rulli laius 850 mm, tootlikkus kuni 15 kg\/h. Ideaalne professionaalseks kasutuseks.\",\"breadcrumb\":{\"@id\":\"https:\/\/lavanno.com\/en\/toode\/lg-triikimiskalander-l850\/#breadcrumb\"},\"inLanguage\":\"en-US\",\"potentialAction\":[{\"@type\":\"ReadAction\",\"target\":[\"https:\/\/lavanno.com\/en\/toode\/lg-triikimiskalander-l850\/\"]}]},{\"@type\":\"ImageObject\",\"inLanguage\":\"en-US\",\"@id\":\"https:\/\/lavanno.com\/en\/toode\/lg-triikimiskalander-l850\/#primaryimage\",\"url\":\"https:\/\/lavanno.com\/wp-content\/uploads\/2025\/07\/Triikimiskalander-BWPRO85E.jpg\",\"contentUrl\":\"https:\/\/lavanno.com\/wp-content\/uploads\/2025\/07\/Triikimiskalander-BWPRO85E.jpg\",\"width\":1200,\"height\":800},{\"@type\":\"BreadcrumbList\",\"@id\":\"https:\/\/lavanno.com\/en\/toode\/lg-triikimiskalander-l850\/#breadcrumb\",\"itemListElement\":[{\"@type\":\"ListItem\",\"position\":1,\"name\":\"Home\",\"item\":\"https:\/\/lavanno.com\/en\/\"},{\"@type\":\"ListItem\",\"position\":2,\"name\":\"E-pood\",\"item\":\"https:\/\/lavanno.com\/e-pood\/\"},{\"@type\":\"ListItem\",\"position\":3,\"name\":\"Triikimiskalander L850 D160mm; 220V\/50Hz 3,3kW; kiirus 1-3m\/min, j\u00e4\u00e4kniiskus 10-15% tootlikkus 12-15kg\/h; auru funktsioon, veepaak 0,9L; 940x400x1050\"}]},{\"@type\":\"WebSite\",\"@id\":\"https:\/\/lavanno.com\/en\/#website\",\"url\":\"https:\/\/lavanno.com\/en\/\",\"name\":\"Lavanno - Pesuvahendite ekspert\",\"description\":\"Toome maale ja m\u00fc\u00fcme tekstiili pesuvahendeid, pesumajaseadmeid ja tarvikuid. Hooldame ja konsulteerime.\",\"publisher\":{\"@id\":\"https:\/\/lavanno.com\/en\/#organization\"},\"potentialAction\":[{\"@type\":\"SearchAction\",\"target\":{\"@type\":\"EntryPoint\",\"urlTemplate\":\"https:\/\/lavanno.com\/en\/?s={search_term_string}\"},\"query-input\":{\"@type\":\"PropertyValueSpecification\",\"valueRequired\":true,\"valueName\":\"search_term_string\"}}],\"inLanguage\":\"en-US\"},{\"@type\":\"Organization\",\"@id\":\"https:\/\/lavanno.com\/en\/#organization\",\"name\":\"Lavanno - Pesuvahendite ekspert\",\"url\":\"https:\/\/lavanno.com\/en\/\",\"logo\":{\"@type\":\"ImageObject\",\"inLanguage\":\"en-US\",\"@id\":\"https:\/\/lavanno.com\/en\/#\/schema\/logo\/image\/\",\"url\":\"https:\/\/lavanno.com\/wp-content\/uploads\/2025\/07\/Lavanno.png\",\"contentUrl\":\"https:\/\/lavanno.com\/wp-content\/uploads\/2025\/07\/Lavanno.png\",\"width\":1200,\"height\":1200,\"caption\":\"Lavanno - Pesuvahendite ekspert\"},\"image\":{\"@id\":\"https:\/\/lavanno.com\/en\/#\/schema\/logo\/image\/\"},\"sameAs\":[\"https:\/\/www.facebook.com\/Lavanno.ee\"]}]}<\/script>\n<!-- \/ Yoast SEO plugin. -->","yoast_head_json":{"title":"LG triikimiskalander BW PRO 85","description":"LG BW PRO 85 triikimiskalander aurufunktsiooniga. Rulli laius 850 mm, tootlikkus kuni 15 kg\/h. Ideaalne professionaalseks kasutuseks.","robots":{"index":"index","follow":"follow","max-snippet":"max-snippet:-1","max-image-preview":"max-image-preview:large","max-video-preview":"max-video-preview:-1"},"canonical":"https:\/\/lavanno.com\/en\/toode\/lg-triikimiskalander-l850\/","og_locale":"en_US","og_type":"article","og_title":"LG triikimiskalander BW PRO 85","og_description":"LG BW PRO 85 triikimiskalander aurufunktsiooniga. Rulli laius 850 mm, tootlikkus kuni 15 kg\/h. Ideaalne professionaalseks kasutuseks.","og_url":"https:\/\/lavanno.com\/en\/toode\/lg-triikimiskalander-l850\/","og_site_name":"Lavanno - pesuvahendite ekspert","article_publisher":"https:\/\/www.facebook.com\/Lavanno.ee","article_modified_time":"2026-04-27T08:26:29+00:00","og_image":[{"width":1200,"height":800,"url":"https:\/\/lavanno.com\/wp-content\/uploads\/2025\/07\/Triikimiskalander-BWPRO85E.jpg","type":"image\/jpeg"}],"twitter_card":"summary_large_image","twitter_misc":{"Est. reading time":"2 minutes"},"schema":{"@context":"https:\/\/schema.org","@graph":[{"@type":"WebPage","@id":"https:\/\/lavanno.com\/en\/toode\/lg-triikimiskalander-l850\/","url":"https:\/\/lavanno.com\/en\/toode\/lg-triikimiskalander-l850\/","name":"LG triikimiskalander BW PRO 85","isPartOf":{"@id":"https:\/\/lavanno.com\/en\/#website"},"primaryImageOfPage":{"@id":"https:\/\/lavanno.com\/en\/toode\/lg-triikimiskalander-l850\/#primaryimage"},"image":{"@id":"https:\/\/lavanno.com\/en\/toode\/lg-triikimiskalander-l850\/#primaryimage"},"thumbnailUrl":"https:\/\/lavanno.com\/wp-content\/uploads\/2025\/07\/Triikimiskalander-BWPRO85E.jpg","datePublished":"2025-07-15T08:02:51+00:00","dateModified":"2026-04-27T08:26:29+00:00","description":"LG BW PRO 85 triikimiskalander aurufunktsiooniga. Rulli laius 850 mm, tootlikkus kuni 15 kg\/h. Ideaalne professionaalseks kasutuseks.","breadcrumb":{"@id":"https:\/\/lavanno.com\/en\/toode\/lg-triikimiskalander-l850\/#breadcrumb"},"inLanguage":"en-US","potentialAction":[{"@type":"ReadAction","target":["https:\/\/lavanno.com\/en\/toode\/lg-triikimiskalander-l850\/"]}]},{"@type":"ImageObject","inLanguage":"en-US","@id":"https:\/\/lavanno.com\/en\/toode\/lg-triikimiskalander-l850\/#primaryimage","url":"https:\/\/lavanno.com\/wp-content\/uploads\/2025\/07\/Triikimiskalander-BWPRO85E.jpg","contentUrl":"https:\/\/lavanno.com\/wp-content\/uploads\/2025\/07\/Triikimiskalander-BWPRO85E.jpg","width":1200,"height":800},{"@type":"BreadcrumbList","@id":"https:\/\/lavanno.com\/en\/toode\/lg-triikimiskalander-l850\/#breadcrumb","itemListElement":[{"@type":"ListItem","position":1,"name":"Home","item":"https:\/\/lavanno.com\/en\/"},{"@type":"ListItem","position":2,"name":"E-pood","item":"https:\/\/lavanno.com\/e-pood\/"},{"@type":"ListItem","position":3,"name":"Triikimiskalander L850 D160mm; 220V\/50Hz 3,3kW; kiirus 1-3m\/min, j\u00e4\u00e4kniiskus 10-15% tootlikkus 12-15kg\/h; auru funktsioon, veepaak 0,9L; 940x400x1050"}]},{"@type":"WebSite","@id":"https:\/\/lavanno.com\/en\/#website","url":"https:\/\/lavanno.com\/en\/","name":"Lavanno - Pesuvahendite ekspert","description":"Toome maale ja m\u00fc\u00fcme tekstiili pesuvahendeid, pesumajaseadmeid ja tarvikuid. Hooldame ja konsulteerime.","publisher":{"@id":"https:\/\/lavanno.com\/en\/#organization"},"potentialAction":[{"@type":"SearchAction","target":{"@type":"EntryPoint","urlTemplate":"https:\/\/lavanno.com\/en\/?s={search_term_string}"},"query-input":{"@type":"PropertyValueSpecification","valueRequired":true,"valueName":"search_term_string"}}],"inLanguage":"en-US"},{"@type":"Organization","@id":"https:\/\/lavanno.com\/en\/#organization","name":"Lavanno - Pesuvahendite ekspert","url":"https:\/\/lavanno.com\/en\/","logo":{"@type":"ImageObject","inLanguage":"en-US","@id":"https:\/\/lavanno.com\/en\/#\/schema\/logo\/image\/","url":"https:\/\/lavanno.com\/wp-content\/uploads\/2025\/07\/Lavanno.png","contentUrl":"https:\/\/lavanno.com\/wp-content\/uploads\/2025\/07\/Lavanno.png","width":1200,"height":1200,"caption":"Lavanno - Pesuvahendite ekspert"},"image":{"@id":"https:\/\/lavanno.com\/en\/#\/schema\/logo\/image\/"},"sameAs":["https:\/\/www.facebook.com\/Lavanno.ee"]}]}},"_links":{"self":[{"href":"https:\/\/lavanno.com\/en\/wp-json\/wp\/v2\/product\/10087","targetHints":{"allow":["GET"]}}],"collection":[{"href":"https:\/\/lavanno.com\/en\/wp-json\/wp\/v2\/product"}],"about":[{"href":"https:\/\/lavanno.com\/en\/wp-json\/wp\/v2\/types\/product"}],"replies":[{"embeddable":true,"href":"https:\/\/lavanno.com\/en\/wp-json\/wp\/v2\/comments?post=10087"}],"wp:featuredmedia":[{"embeddable":true,"href":"https:\/\/lavanno.com\/en\/wp-json\/wp\/v2\/media\/10198"}],"wp:attachment":[{"href":"https:\/\/lavanno.com\/en\/wp-json\/wp\/v2\/media?parent=10087"}],"wp:term":[{"taxonomy":"product_brand","embeddable":true,"href":"https:\/\/lavanno.com\/en\/wp-json\/wp\/v2\/product_brand?post=10087"},{"taxonomy":"product_cat","embeddable":true,"href":"https:\/\/lavanno.com\/en\/wp-json\/wp\/v2\/product_cat?post=10087"},{"taxonomy":"product_tag","embeddable":true,"href":"https:\/\/lavanno.com\/en\/wp-json\/wp\/v2\/product_tag?post=10087"}],"curies":[{"name":"wp","href":"https:\/\/api.w.org\/{rel}","templated":true}]}}