{"id":11002,"date":"2025-08-13T12:20:02","date_gmt":"2025-08-13T09:20:02","guid":{"rendered":"https:\/\/lavanno.com\/toode\/kilesukk-jatkuv-620x002-1kg\/"},"modified":"2026-05-02T14:35:02","modified_gmt":"2026-05-02T11:35:02","slug":"kilesukk-jatkuv-620x002-1kg","status":"publish","type":"product","link":"https:\/\/lavanno.com\/en\/toode\/kilesukk-jatkuv-620x002-1kg\/","title":{"rendered":"Kilesukk j\u00e4tkuv 620&#215;0,02 1kg"},"content":{"rendered":"<p>M\u00f5eldud kiletusmasinatele<\/p>\n<p>20 \u03bcm paksune vastupidav pol\u00fcet\u00fcleen<\/p>\n<p>620 mm lai \u2013 sobib paljudele toodetele<\/p>\n<p>Kaitseb niiskuse, tolmu ja mustuse eest<\/p>\n<p>J\u00e4tkuv rull tagab t\u00f6\u00f6protsessi kiiruse ja paindlikkuse<\/p>\n","protected":false},"excerpt":{"rendered":"<p>J\u00e4tkuv pol\u00fcet\u00fcleenkilesukk on m\u00f5eldud kasutamiseks kiletusmasinates. 620mm lai kile sobib erinevate toodete pakkimiseks ja kaitsmiseks, tagades kiire ning t\u00f5husa t\u00f6\u00f6protsessi. Vastupidav pol\u00fcet\u00fcleen kaitseb tooteid niiskuse, tolmu ja mustuse eest ning sobib h\u00e4sti pesumajadesse, t\u00f6\u00f6stustesse ja logistikasse.<\/p>\n","protected":false},"featured_media":11446,"comment_status":"open","ping_status":"closed","template":"","meta":[],"product_brand":[],"product_cat":[601],"product_tag":[835,839],"class_list":{"0":"post-11002","1":"product","2":"type-product","3":"status-publish","4":"has-post-thumbnail","6":"product_cat-pakendamine","7":"product_tag-pesumajad","8":"product_tag-tervishoid","10":"first","11":"instock","12":"taxable","13":"shipping-taxable","14":"purchasable","15":"product-type-simple"},"yoast_head":"<!-- This site is optimized with the Yoast SEO plugin v27.0 - https:\/\/yoast.com\/product\/yoast-seo-wordpress\/ -->\n<title>Kilesukk j\u00e4tkuv 620x0,02 1kg - Lavanno - pesuvahendite ekspert<\/title>\n<meta name=\"description\" content=\"J\u00e4tkuv pol\u00fcet\u00fcleenkilesukk kiletusmasinale, 62 cm lai. Vastupidav lahendus kiireks ja t\u00f6\u00f6kindlaks toodete pakkimiseks ja kaitsmiseks.\" \/>\n<meta name=\"robots\" content=\"index, follow, max-snippet:-1, max-image-preview:large, max-video-preview:-1\" \/>\n<link rel=\"canonical\" href=\"https:\/\/lavanno.com\/en\/toode\/kilesukk-jatkuv-620x002-1kg\/\" \/>\n<meta property=\"og:locale\" content=\"en_US\" \/>\n<meta property=\"og:type\" content=\"article\" \/>\n<meta property=\"og:title\" content=\"Kilesukk j\u00e4tkuv 620x0,02 1kg - Lavanno - pesuvahendite ekspert\" \/>\n<meta property=\"og:description\" content=\"J\u00e4tkuv pol\u00fcet\u00fcleenkilesukk kiletusmasinale, 62 cm lai. Vastupidav lahendus kiireks ja t\u00f6\u00f6kindlaks toodete pakkimiseks ja kaitsmiseks.\" \/>\n<meta property=\"og:url\" content=\"https:\/\/lavanno.com\/en\/toode\/kilesukk-jatkuv-620x002-1kg\/\" \/>\n<meta property=\"og:site_name\" content=\"Lavanno - pesuvahendite ekspert\" \/>\n<meta property=\"article:publisher\" content=\"https:\/\/www.facebook.com\/Lavanno.ee\" \/>\n<meta property=\"article:modified_time\" content=\"2026-05-02T11:35:02+00:00\" \/>\n<meta property=\"og:image\" content=\"https:\/\/lavanno.com\/wp-content\/uploads\/2025\/08\/kilesukk-jatkuv.png\" \/>\n\t<meta property=\"og:image:width\" content=\"800\" \/>\n\t<meta property=\"og:image:height\" content=\"800\" \/>\n\t<meta property=\"og:image:type\" content=\"image\/png\" \/>\n<meta name=\"twitter:card\" content=\"summary_large_image\" \/>\n<meta name=\"twitter:label1\" content=\"Est. reading time\" \/>\n\t<meta name=\"twitter:data1\" content=\"1 minute\" \/>\n<script type=\"application\/ld+json\" class=\"yoast-schema-graph\">{\"@context\":\"https:\/\/schema.org\",\"@graph\":[{\"@type\":\"WebPage\",\"@id\":\"https:\/\/lavanno.com\/en\/toode\/kilesukk-jatkuv-620x002-1kg\/\",\"url\":\"https:\/\/lavanno.com\/en\/toode\/kilesukk-jatkuv-620x002-1kg\/\",\"name\":\"Kilesukk j\u00e4tkuv 620x0,02 1kg - Lavanno - pesuvahendite ekspert\",\"isPartOf\":{\"@id\":\"https:\/\/lavanno.com\/en\/#website\"},\"primaryImageOfPage\":{\"@id\":\"https:\/\/lavanno.com\/en\/toode\/kilesukk-jatkuv-620x002-1kg\/#primaryimage\"},\"image\":{\"@id\":\"https:\/\/lavanno.com\/en\/toode\/kilesukk-jatkuv-620x002-1kg\/#primaryimage\"},\"thumbnailUrl\":\"https:\/\/lavanno.com\/wp-content\/uploads\/2025\/08\/kilesukk-jatkuv.png\",\"datePublished\":\"2025-08-13T09:20:02+00:00\",\"dateModified\":\"2026-05-02T11:35:02+00:00\",\"description\":\"J\u00e4tkuv pol\u00fcet\u00fcleenkilesukk kiletusmasinale, 62 cm lai. Vastupidav lahendus kiireks ja t\u00f6\u00f6kindlaks toodete pakkimiseks ja kaitsmiseks.\",\"breadcrumb\":{\"@id\":\"https:\/\/lavanno.com\/en\/toode\/kilesukk-jatkuv-620x002-1kg\/#breadcrumb\"},\"inLanguage\":\"en-US\",\"potentialAction\":[{\"@type\":\"ReadAction\",\"target\":[\"https:\/\/lavanno.com\/en\/toode\/kilesukk-jatkuv-620x002-1kg\/\"]}]},{\"@type\":\"ImageObject\",\"inLanguage\":\"en-US\",\"@id\":\"https:\/\/lavanno.com\/en\/toode\/kilesukk-jatkuv-620x002-1kg\/#primaryimage\",\"url\":\"https:\/\/lavanno.com\/wp-content\/uploads\/2025\/08\/kilesukk-jatkuv.png\",\"contentUrl\":\"https:\/\/lavanno.com\/wp-content\/uploads\/2025\/08\/kilesukk-jatkuv.png\",\"width\":800,\"height\":800,\"caption\":\"kilesukk-jatkuv\"},{\"@type\":\"BreadcrumbList\",\"@id\":\"https:\/\/lavanno.com\/en\/toode\/kilesukk-jatkuv-620x002-1kg\/#breadcrumb\",\"itemListElement\":[{\"@type\":\"ListItem\",\"position\":1,\"name\":\"Home\",\"item\":\"https:\/\/lavanno.com\/en\/\"},{\"@type\":\"ListItem\",\"position\":2,\"name\":\"E-pood\",\"item\":\"https:\/\/lavanno.com\/e-pood\/\"},{\"@type\":\"ListItem\",\"position\":3,\"name\":\"Kilesukk j\u00e4tkuv 620&#215;0,02 1kg\"}]},{\"@type\":\"WebSite\",\"@id\":\"https:\/\/lavanno.com\/en\/#website\",\"url\":\"https:\/\/lavanno.com\/en\/\",\"name\":\"Lavanno - Pesuvahendite ekspert\",\"description\":\"Toome maale ja m\u00fc\u00fcme tekstiili pesuvahendeid, pesumajaseadmeid ja tarvikuid. Hooldame ja konsulteerime.\",\"publisher\":{\"@id\":\"https:\/\/lavanno.com\/en\/#organization\"},\"potentialAction\":[{\"@type\":\"SearchAction\",\"target\":{\"@type\":\"EntryPoint\",\"urlTemplate\":\"https:\/\/lavanno.com\/en\/?s={search_term_string}\"},\"query-input\":{\"@type\":\"PropertyValueSpecification\",\"valueRequired\":true,\"valueName\":\"search_term_string\"}}],\"inLanguage\":\"en-US\"},{\"@type\":\"Organization\",\"@id\":\"https:\/\/lavanno.com\/en\/#organization\",\"name\":\"Lavanno - Pesuvahendite ekspert\",\"url\":\"https:\/\/lavanno.com\/en\/\",\"logo\":{\"@type\":\"ImageObject\",\"inLanguage\":\"en-US\",\"@id\":\"https:\/\/lavanno.com\/en\/#\/schema\/logo\/image\/\",\"url\":\"https:\/\/lavanno.com\/wp-content\/uploads\/2025\/07\/Lavanno.png\",\"contentUrl\":\"https:\/\/lavanno.com\/wp-content\/uploads\/2025\/07\/Lavanno.png\",\"width\":1200,\"height\":1200,\"caption\":\"Lavanno - Pesuvahendite ekspert\"},\"image\":{\"@id\":\"https:\/\/lavanno.com\/en\/#\/schema\/logo\/image\/\"},\"sameAs\":[\"https:\/\/www.facebook.com\/Lavanno.ee\"]}]}<\/script>\n<!-- \/ Yoast SEO plugin. -->","yoast_head_json":{"title":"Kilesukk j\u00e4tkuv 620x0,02 1kg - Lavanno - pesuvahendite ekspert","description":"J\u00e4tkuv pol\u00fcet\u00fcleenkilesukk kiletusmasinale, 62 cm lai. Vastupidav lahendus kiireks ja t\u00f6\u00f6kindlaks toodete pakkimiseks ja kaitsmiseks.","robots":{"index":"index","follow":"follow","max-snippet":"max-snippet:-1","max-image-preview":"max-image-preview:large","max-video-preview":"max-video-preview:-1"},"canonical":"https:\/\/lavanno.com\/en\/toode\/kilesukk-jatkuv-620x002-1kg\/","og_locale":"en_US","og_type":"article","og_title":"Kilesukk j\u00e4tkuv 620x0,02 1kg - Lavanno - pesuvahendite ekspert","og_description":"J\u00e4tkuv pol\u00fcet\u00fcleenkilesukk kiletusmasinale, 62 cm lai. Vastupidav lahendus kiireks ja t\u00f6\u00f6kindlaks toodete pakkimiseks ja kaitsmiseks.","og_url":"https:\/\/lavanno.com\/en\/toode\/kilesukk-jatkuv-620x002-1kg\/","og_site_name":"Lavanno - pesuvahendite ekspert","article_publisher":"https:\/\/www.facebook.com\/Lavanno.ee","article_modified_time":"2026-05-02T11:35:02+00:00","og_image":[{"width":800,"height":800,"url":"https:\/\/lavanno.com\/wp-content\/uploads\/2025\/08\/kilesukk-jatkuv.png","type":"image\/png"}],"twitter_card":"summary_large_image","twitter_misc":{"Est. reading time":"1 minute"},"schema":{"@context":"https:\/\/schema.org","@graph":[{"@type":"WebPage","@id":"https:\/\/lavanno.com\/en\/toode\/kilesukk-jatkuv-620x002-1kg\/","url":"https:\/\/lavanno.com\/en\/toode\/kilesukk-jatkuv-620x002-1kg\/","name":"Kilesukk j\u00e4tkuv 620x0,02 1kg - Lavanno - pesuvahendite ekspert","isPartOf":{"@id":"https:\/\/lavanno.com\/en\/#website"},"primaryImageOfPage":{"@id":"https:\/\/lavanno.com\/en\/toode\/kilesukk-jatkuv-620x002-1kg\/#primaryimage"},"image":{"@id":"https:\/\/lavanno.com\/en\/toode\/kilesukk-jatkuv-620x002-1kg\/#primaryimage"},"thumbnailUrl":"https:\/\/lavanno.com\/wp-content\/uploads\/2025\/08\/kilesukk-jatkuv.png","datePublished":"2025-08-13T09:20:02+00:00","dateModified":"2026-05-02T11:35:02+00:00","description":"J\u00e4tkuv pol\u00fcet\u00fcleenkilesukk kiletusmasinale, 62 cm lai. Vastupidav lahendus kiireks ja t\u00f6\u00f6kindlaks toodete pakkimiseks ja kaitsmiseks.","breadcrumb":{"@id":"https:\/\/lavanno.com\/en\/toode\/kilesukk-jatkuv-620x002-1kg\/#breadcrumb"},"inLanguage":"en-US","potentialAction":[{"@type":"ReadAction","target":["https:\/\/lavanno.com\/en\/toode\/kilesukk-jatkuv-620x002-1kg\/"]}]},{"@type":"ImageObject","inLanguage":"en-US","@id":"https:\/\/lavanno.com\/en\/toode\/kilesukk-jatkuv-620x002-1kg\/#primaryimage","url":"https:\/\/lavanno.com\/wp-content\/uploads\/2025\/08\/kilesukk-jatkuv.png","contentUrl":"https:\/\/lavanno.com\/wp-content\/uploads\/2025\/08\/kilesukk-jatkuv.png","width":800,"height":800,"caption":"kilesukk-jatkuv"},{"@type":"BreadcrumbList","@id":"https:\/\/lavanno.com\/en\/toode\/kilesukk-jatkuv-620x002-1kg\/#breadcrumb","itemListElement":[{"@type":"ListItem","position":1,"name":"Home","item":"https:\/\/lavanno.com\/en\/"},{"@type":"ListItem","position":2,"name":"E-pood","item":"https:\/\/lavanno.com\/e-pood\/"},{"@type":"ListItem","position":3,"name":"Kilesukk j\u00e4tkuv 620&#215;0,02 1kg"}]},{"@type":"WebSite","@id":"https:\/\/lavanno.com\/en\/#website","url":"https:\/\/lavanno.com\/en\/","name":"Lavanno - Pesuvahendite ekspert","description":"Toome maale ja m\u00fc\u00fcme tekstiili pesuvahendeid, pesumajaseadmeid ja tarvikuid. Hooldame ja konsulteerime.","publisher":{"@id":"https:\/\/lavanno.com\/en\/#organization"},"potentialAction":[{"@type":"SearchAction","target":{"@type":"EntryPoint","urlTemplate":"https:\/\/lavanno.com\/en\/?s={search_term_string}"},"query-input":{"@type":"PropertyValueSpecification","valueRequired":true,"valueName":"search_term_string"}}],"inLanguage":"en-US"},{"@type":"Organization","@id":"https:\/\/lavanno.com\/en\/#organization","name":"Lavanno - Pesuvahendite ekspert","url":"https:\/\/lavanno.com\/en\/","logo":{"@type":"ImageObject","inLanguage":"en-US","@id":"https:\/\/lavanno.com\/en\/#\/schema\/logo\/image\/","url":"https:\/\/lavanno.com\/wp-content\/uploads\/2025\/07\/Lavanno.png","contentUrl":"https:\/\/lavanno.com\/wp-content\/uploads\/2025\/07\/Lavanno.png","width":1200,"height":1200,"caption":"Lavanno - Pesuvahendite ekspert"},"image":{"@id":"https:\/\/lavanno.com\/en\/#\/schema\/logo\/image\/"},"sameAs":["https:\/\/www.facebook.com\/Lavanno.ee"]}]}},"_links":{"self":[{"href":"https:\/\/lavanno.com\/en\/wp-json\/wp\/v2\/product\/11002","targetHints":{"allow":["GET"]}}],"collection":[{"href":"https:\/\/lavanno.com\/en\/wp-json\/wp\/v2\/product"}],"about":[{"href":"https:\/\/lavanno.com\/en\/wp-json\/wp\/v2\/types\/product"}],"replies":[{"embeddable":true,"href":"https:\/\/lavanno.com\/en\/wp-json\/wp\/v2\/comments?post=11002"}],"wp:featuredmedia":[{"embeddable":true,"href":"https:\/\/lavanno.com\/en\/wp-json\/wp\/v2\/media\/11446"}],"wp:attachment":[{"href":"https:\/\/lavanno.com\/en\/wp-json\/wp\/v2\/media?parent=11002"}],"wp:term":[{"taxonomy":"product_brand","embeddable":true,"href":"https:\/\/lavanno.com\/en\/wp-json\/wp\/v2\/product_brand?post=11002"},{"taxonomy":"product_cat","embeddable":true,"href":"https:\/\/lavanno.com\/en\/wp-json\/wp\/v2\/product_cat?post=11002"},{"taxonomy":"product_tag","embeddable":true,"href":"https:\/\/lavanno.com\/en\/wp-json\/wp\/v2\/product_tag?post=11002"}],"curies":[{"name":"wp","href":"https:\/\/api.w.org\/{rel}","templated":true}]}}