{"id":11005,"date":"2025-08-13T12:20:02","date_gmt":"2025-08-13T09:20:02","guid":{"rendered":"https:\/\/lavanno.com\/toode\/tt5-l-203-dpi-iseseisev-printimissusteem\/"},"modified":"2026-05-02T14:35:02","modified_gmt":"2026-05-02T11:35:02","slug":"tt5-l-203-dpi-iseseisev-printimissusteem","status":"publish","type":"product","link":"https:\/\/lavanno.com\/en\/toode\/tt5-l-203-dpi-iseseisev-printimissusteem\/","title":{"rendered":"TT5-L 203 dpi iseseisev printimiss\u00fcsteem klaviatuuriga"},"content":{"rendered":"<p>Tehnilised andmed:<\/p>\n<p>Resolutsioon: 203 dpi<\/p>\n<p>M\u00f5\u00f5dud: K 195 mm \u00d7 L 210 mm \u00d7 S 280 mm<\/p>\n<p>Kaal: 2,7 kg<\/p>\n<p>Liidesed: USB, paralleel, Ethernet, RS-232<\/p>\n","protected":false},"excerpt":{"rendered":"<p>TT5-L klaviatuuriga versioon on ideaalne lahendus, kui printerit soovitakse kasutada eraldiseisvalt, ilma arvutita. Kaasasolev klaviatuur v\u00f5imaldab etikette sisestada ja tr\u00fckkida otse seadme kaudu. T\u00e4nu puuteekraanile ja selgele men\u00fc\u00fcle on kasutamine lihtne ja loogiline. K\u00f5ik olulised osad on esile toodud punase signaalv\u00e4rviga, et tagada kiire orienteerumine ja hooldus.<\/p>\n","protected":false},"featured_media":11417,"comment_status":"open","ping_status":"closed","template":"","meta":[],"product_brand":[],"product_cat":[863,886],"product_tag":[835,839,840],"class_list":{"0":"post-11005","1":"product","2":"type-product","3":"status-publish","4":"has-post-thumbnail","6":"product_cat-thermotex","7":"product_cat-termoprinterid","8":"product_tag-pesumajad","9":"product_tag-tervishoid","10":"product_tag-toostusettevotted","12":"first","13":"outofstock","14":"taxable","15":"shipping-taxable","16":"purchasable","17":"product-type-simple"},"yoast_head":"<!-- This site is optimized with the Yoast SEO plugin v27.0 - https:\/\/yoast.com\/product\/yoast-seo-wordpress\/ -->\n<title>TT5-L 203 dpi iseseisev printimiss\u00fcsteem klaviatuuriga - Lavanno - pesuvahendite ekspert<\/title>\n<meta name=\"description\" content=\"Kompaktne TT5-L klaviatuuriga printer iseseisvaks t\u00f6\u00f6ks. Intuitiivne puuteekraan, 203 dpi resolutsioon ja 10 standardmalli mugavaks etikettide loomiseks.\" \/>\n<meta name=\"robots\" content=\"index, follow, max-snippet:-1, max-image-preview:large, max-video-preview:-1\" \/>\n<link rel=\"canonical\" href=\"https:\/\/lavanno.com\/en\/toode\/tt5-l-203-dpi-iseseisev-printimissusteem\/\" \/>\n<meta property=\"og:locale\" content=\"en_US\" \/>\n<meta property=\"og:type\" content=\"article\" \/>\n<meta property=\"og:title\" content=\"TT5-L 203 dpi iseseisev printimiss\u00fcsteem klaviatuuriga - Lavanno - pesuvahendite ekspert\" \/>\n<meta property=\"og:description\" content=\"Kompaktne TT5-L klaviatuuriga printer iseseisvaks t\u00f6\u00f6ks. Intuitiivne puuteekraan, 203 dpi resolutsioon ja 10 standardmalli mugavaks etikettide loomiseks.\" \/>\n<meta property=\"og:url\" content=\"https:\/\/lavanno.com\/en\/toode\/tt5-l-203-dpi-iseseisev-printimissusteem\/\" \/>\n<meta property=\"og:site_name\" content=\"Lavanno - pesuvahendite ekspert\" \/>\n<meta property=\"article:publisher\" content=\"https:\/\/www.facebook.com\/Lavanno.ee\" \/>\n<meta property=\"article:modified_time\" content=\"2026-05-02T11:35:02+00:00\" \/>\n<meta property=\"og:image\" content=\"https:\/\/lavanno.com\/wp-content\/uploads\/2025\/08\/TT5-L-thermotranfersprinter-klaviatuuriga.jpg\" \/>\n\t<meta property=\"og:image:width\" content=\"800\" \/>\n\t<meta property=\"og:image:height\" content=\"800\" \/>\n\t<meta property=\"og:image:type\" content=\"image\/jpeg\" \/>\n<meta name=\"twitter:card\" content=\"summary_large_image\" \/>\n<meta name=\"twitter:label1\" content=\"Est. reading time\" \/>\n\t<meta name=\"twitter:data1\" content=\"1 minute\" \/>\n<script type=\"application\/ld+json\" class=\"yoast-schema-graph\">{\"@context\":\"https:\/\/schema.org\",\"@graph\":[{\"@type\":\"WebPage\",\"@id\":\"https:\/\/lavanno.com\/en\/toode\/tt5-l-203-dpi-iseseisev-printimissusteem\/\",\"url\":\"https:\/\/lavanno.com\/en\/toode\/tt5-l-203-dpi-iseseisev-printimissusteem\/\",\"name\":\"TT5-L 203 dpi iseseisev printimiss\u00fcsteem klaviatuuriga - Lavanno - pesuvahendite ekspert\",\"isPartOf\":{\"@id\":\"https:\/\/lavanno.com\/en\/#website\"},\"primaryImageOfPage\":{\"@id\":\"https:\/\/lavanno.com\/en\/toode\/tt5-l-203-dpi-iseseisev-printimissusteem\/#primaryimage\"},\"image\":{\"@id\":\"https:\/\/lavanno.com\/en\/toode\/tt5-l-203-dpi-iseseisev-printimissusteem\/#primaryimage\"},\"thumbnailUrl\":\"https:\/\/lavanno.com\/wp-content\/uploads\/2025\/08\/TT5-L-thermotranfersprinter-klaviatuuriga.jpg\",\"datePublished\":\"2025-08-13T09:20:02+00:00\",\"dateModified\":\"2026-05-02T11:35:02+00:00\",\"description\":\"Kompaktne TT5-L klaviatuuriga printer iseseisvaks t\u00f6\u00f6ks. Intuitiivne puuteekraan, 203 dpi resolutsioon ja 10 standardmalli mugavaks etikettide loomiseks.\",\"breadcrumb\":{\"@id\":\"https:\/\/lavanno.com\/en\/toode\/tt5-l-203-dpi-iseseisev-printimissusteem\/#breadcrumb\"},\"inLanguage\":\"en-US\",\"potentialAction\":[{\"@type\":\"ReadAction\",\"target\":[\"https:\/\/lavanno.com\/en\/toode\/tt5-l-203-dpi-iseseisev-printimissusteem\/\"]}]},{\"@type\":\"ImageObject\",\"inLanguage\":\"en-US\",\"@id\":\"https:\/\/lavanno.com\/en\/toode\/tt5-l-203-dpi-iseseisev-printimissusteem\/#primaryimage\",\"url\":\"https:\/\/lavanno.com\/wp-content\/uploads\/2025\/08\/TT5-L-thermotranfersprinter-klaviatuuriga.jpg\",\"contentUrl\":\"https:\/\/lavanno.com\/wp-content\/uploads\/2025\/08\/TT5-L-thermotranfersprinter-klaviatuuriga.jpg\",\"width\":800,\"height\":800,\"caption\":\"TT5-L-thermotranfersprinter-klaviatuuriga\"},{\"@type\":\"BreadcrumbList\",\"@id\":\"https:\/\/lavanno.com\/en\/toode\/tt5-l-203-dpi-iseseisev-printimissusteem\/#breadcrumb\",\"itemListElement\":[{\"@type\":\"ListItem\",\"position\":1,\"name\":\"Home\",\"item\":\"https:\/\/lavanno.com\/en\/\"},{\"@type\":\"ListItem\",\"position\":2,\"name\":\"E-pood\",\"item\":\"https:\/\/lavanno.com\/e-pood\/\"},{\"@type\":\"ListItem\",\"position\":3,\"name\":\"TT5-L 203 dpi iseseisev printimiss\u00fcsteem klaviatuuriga\"}]},{\"@type\":\"WebSite\",\"@id\":\"https:\/\/lavanno.com\/en\/#website\",\"url\":\"https:\/\/lavanno.com\/en\/\",\"name\":\"Lavanno - Pesuvahendite ekspert\",\"description\":\"Toome maale ja m\u00fc\u00fcme tekstiili pesuvahendeid, pesumajaseadmeid ja tarvikuid. Hooldame ja konsulteerime.\",\"publisher\":{\"@id\":\"https:\/\/lavanno.com\/en\/#organization\"},\"potentialAction\":[{\"@type\":\"SearchAction\",\"target\":{\"@type\":\"EntryPoint\",\"urlTemplate\":\"https:\/\/lavanno.com\/en\/?s={search_term_string}\"},\"query-input\":{\"@type\":\"PropertyValueSpecification\",\"valueRequired\":true,\"valueName\":\"search_term_string\"}}],\"inLanguage\":\"en-US\"},{\"@type\":\"Organization\",\"@id\":\"https:\/\/lavanno.com\/en\/#organization\",\"name\":\"Lavanno - Pesuvahendite ekspert\",\"url\":\"https:\/\/lavanno.com\/en\/\",\"logo\":{\"@type\":\"ImageObject\",\"inLanguage\":\"en-US\",\"@id\":\"https:\/\/lavanno.com\/en\/#\/schema\/logo\/image\/\",\"url\":\"https:\/\/lavanno.com\/wp-content\/uploads\/2025\/07\/Lavanno.png\",\"contentUrl\":\"https:\/\/lavanno.com\/wp-content\/uploads\/2025\/07\/Lavanno.png\",\"width\":1200,\"height\":1200,\"caption\":\"Lavanno - Pesuvahendite ekspert\"},\"image\":{\"@id\":\"https:\/\/lavanno.com\/en\/#\/schema\/logo\/image\/\"},\"sameAs\":[\"https:\/\/www.facebook.com\/Lavanno.ee\"]}]}<\/script>\n<!-- \/ Yoast SEO plugin. -->","yoast_head_json":{"title":"TT5-L 203 dpi iseseisev printimiss\u00fcsteem klaviatuuriga - Lavanno - pesuvahendite ekspert","description":"Kompaktne TT5-L klaviatuuriga printer iseseisvaks t\u00f6\u00f6ks. Intuitiivne puuteekraan, 203 dpi resolutsioon ja 10 standardmalli mugavaks etikettide loomiseks.","robots":{"index":"index","follow":"follow","max-snippet":"max-snippet:-1","max-image-preview":"max-image-preview:large","max-video-preview":"max-video-preview:-1"},"canonical":"https:\/\/lavanno.com\/en\/toode\/tt5-l-203-dpi-iseseisev-printimissusteem\/","og_locale":"en_US","og_type":"article","og_title":"TT5-L 203 dpi iseseisev printimiss\u00fcsteem klaviatuuriga - Lavanno - pesuvahendite ekspert","og_description":"Kompaktne TT5-L klaviatuuriga printer iseseisvaks t\u00f6\u00f6ks. Intuitiivne puuteekraan, 203 dpi resolutsioon ja 10 standardmalli mugavaks etikettide loomiseks.","og_url":"https:\/\/lavanno.com\/en\/toode\/tt5-l-203-dpi-iseseisev-printimissusteem\/","og_site_name":"Lavanno - pesuvahendite ekspert","article_publisher":"https:\/\/www.facebook.com\/Lavanno.ee","article_modified_time":"2026-05-02T11:35:02+00:00","og_image":[{"width":800,"height":800,"url":"https:\/\/lavanno.com\/wp-content\/uploads\/2025\/08\/TT5-L-thermotranfersprinter-klaviatuuriga.jpg","type":"image\/jpeg"}],"twitter_card":"summary_large_image","twitter_misc":{"Est. reading time":"1 minute"},"schema":{"@context":"https:\/\/schema.org","@graph":[{"@type":"WebPage","@id":"https:\/\/lavanno.com\/en\/toode\/tt5-l-203-dpi-iseseisev-printimissusteem\/","url":"https:\/\/lavanno.com\/en\/toode\/tt5-l-203-dpi-iseseisev-printimissusteem\/","name":"TT5-L 203 dpi iseseisev printimiss\u00fcsteem klaviatuuriga - Lavanno - pesuvahendite ekspert","isPartOf":{"@id":"https:\/\/lavanno.com\/en\/#website"},"primaryImageOfPage":{"@id":"https:\/\/lavanno.com\/en\/toode\/tt5-l-203-dpi-iseseisev-printimissusteem\/#primaryimage"},"image":{"@id":"https:\/\/lavanno.com\/en\/toode\/tt5-l-203-dpi-iseseisev-printimissusteem\/#primaryimage"},"thumbnailUrl":"https:\/\/lavanno.com\/wp-content\/uploads\/2025\/08\/TT5-L-thermotranfersprinter-klaviatuuriga.jpg","datePublished":"2025-08-13T09:20:02+00:00","dateModified":"2026-05-02T11:35:02+00:00","description":"Kompaktne TT5-L klaviatuuriga printer iseseisvaks t\u00f6\u00f6ks. Intuitiivne puuteekraan, 203 dpi resolutsioon ja 10 standardmalli mugavaks etikettide loomiseks.","breadcrumb":{"@id":"https:\/\/lavanno.com\/en\/toode\/tt5-l-203-dpi-iseseisev-printimissusteem\/#breadcrumb"},"inLanguage":"en-US","potentialAction":[{"@type":"ReadAction","target":["https:\/\/lavanno.com\/en\/toode\/tt5-l-203-dpi-iseseisev-printimissusteem\/"]}]},{"@type":"ImageObject","inLanguage":"en-US","@id":"https:\/\/lavanno.com\/en\/toode\/tt5-l-203-dpi-iseseisev-printimissusteem\/#primaryimage","url":"https:\/\/lavanno.com\/wp-content\/uploads\/2025\/08\/TT5-L-thermotranfersprinter-klaviatuuriga.jpg","contentUrl":"https:\/\/lavanno.com\/wp-content\/uploads\/2025\/08\/TT5-L-thermotranfersprinter-klaviatuuriga.jpg","width":800,"height":800,"caption":"TT5-L-thermotranfersprinter-klaviatuuriga"},{"@type":"BreadcrumbList","@id":"https:\/\/lavanno.com\/en\/toode\/tt5-l-203-dpi-iseseisev-printimissusteem\/#breadcrumb","itemListElement":[{"@type":"ListItem","position":1,"name":"Home","item":"https:\/\/lavanno.com\/en\/"},{"@type":"ListItem","position":2,"name":"E-pood","item":"https:\/\/lavanno.com\/e-pood\/"},{"@type":"ListItem","position":3,"name":"TT5-L 203 dpi iseseisev printimiss\u00fcsteem klaviatuuriga"}]},{"@type":"WebSite","@id":"https:\/\/lavanno.com\/en\/#website","url":"https:\/\/lavanno.com\/en\/","name":"Lavanno - Pesuvahendite ekspert","description":"Toome maale ja m\u00fc\u00fcme tekstiili pesuvahendeid, pesumajaseadmeid ja tarvikuid. Hooldame ja konsulteerime.","publisher":{"@id":"https:\/\/lavanno.com\/en\/#organization"},"potentialAction":[{"@type":"SearchAction","target":{"@type":"EntryPoint","urlTemplate":"https:\/\/lavanno.com\/en\/?s={search_term_string}"},"query-input":{"@type":"PropertyValueSpecification","valueRequired":true,"valueName":"search_term_string"}}],"inLanguage":"en-US"},{"@type":"Organization","@id":"https:\/\/lavanno.com\/en\/#organization","name":"Lavanno - Pesuvahendite ekspert","url":"https:\/\/lavanno.com\/en\/","logo":{"@type":"ImageObject","inLanguage":"en-US","@id":"https:\/\/lavanno.com\/en\/#\/schema\/logo\/image\/","url":"https:\/\/lavanno.com\/wp-content\/uploads\/2025\/07\/Lavanno.png","contentUrl":"https:\/\/lavanno.com\/wp-content\/uploads\/2025\/07\/Lavanno.png","width":1200,"height":1200,"caption":"Lavanno - Pesuvahendite ekspert"},"image":{"@id":"https:\/\/lavanno.com\/en\/#\/schema\/logo\/image\/"},"sameAs":["https:\/\/www.facebook.com\/Lavanno.ee"]}]}},"_links":{"self":[{"href":"https:\/\/lavanno.com\/en\/wp-json\/wp\/v2\/product\/11005","targetHints":{"allow":["GET"]}}],"collection":[{"href":"https:\/\/lavanno.com\/en\/wp-json\/wp\/v2\/product"}],"about":[{"href":"https:\/\/lavanno.com\/en\/wp-json\/wp\/v2\/types\/product"}],"replies":[{"embeddable":true,"href":"https:\/\/lavanno.com\/en\/wp-json\/wp\/v2\/comments?post=11005"}],"wp:featuredmedia":[{"embeddable":true,"href":"https:\/\/lavanno.com\/en\/wp-json\/wp\/v2\/media\/11417"}],"wp:attachment":[{"href":"https:\/\/lavanno.com\/en\/wp-json\/wp\/v2\/media?parent=11005"}],"wp:term":[{"taxonomy":"product_brand","embeddable":true,"href":"https:\/\/lavanno.com\/en\/wp-json\/wp\/v2\/product_brand?post=11005"},{"taxonomy":"product_cat","embeddable":true,"href":"https:\/\/lavanno.com\/en\/wp-json\/wp\/v2\/product_cat?post=11005"},{"taxonomy":"product_tag","embeddable":true,"href":"https:\/\/lavanno.com\/en\/wp-json\/wp\/v2\/product_tag?post=11005"}],"curies":[{"name":"wp","href":"https:\/\/api.w.org\/{rel}","templated":true}]}}