{"id":11034,"date":"2025-08-13T12:35:01","date_gmt":"2025-08-13T09:35:01","guid":{"rendered":"https:\/\/lavanno.com\/toode\/kuumpress-p4\/"},"modified":"2026-05-02T14:35:02","modified_gmt":"2026-05-02T11:35:02","slug":"kuumpress-p4","status":"publish","type":"product","link":"https:\/\/lavanno.com\/en\/toode\/kuumpress-p4\/","title":{"rendered":"Kuumpress P4"},"content":{"rendered":"<p>Tehnilised andmed<\/p>\n<p>Toide: 230 V, 50 Hz<\/p>\n<p>V\u00f5imsus: 750 W<\/p>\n<p>M\u00f5\u00f5tmed:<br \/>\n\u2022 S\u00fcgavus: 540 mm<br \/>\n\u2022 Laius: 200 mm<br \/>\n\u2022 K\u00f5rgus (suletuna): 320 mm<br \/>\n\u2022 K\u00f5rgus (avatuna): 490 mm<\/p>\n<p>Kaal: 22 kg<\/p>\n<p>\u00dclemine plaat: 150 \u00d7 115 mm<\/p>\n<p>T\u00f6\u00f6r\u00f5hk: 4\u20135 bar<\/p>\n","protected":false},"excerpt":{"rendered":"<p>Pneumaatiline kuumpress on professionaalne ja t\u00f6\u00f6kindel lahendus, kus etikettide ja embleemide kinnitamine toimub \u00f5hur\u00f5hu abil. T\u00e4nu pneumaatilisele s\u00fcsteemile on tagatud \u00fchtlane surve igal kasutuskorral, mis tagab parima kuumtihendustulemuse ka suure t\u00f6\u00f6koormuse juures.<\/p>\n<p>Seade sobib eriti h\u00e4sti suurtele pesumajadele, haiglatele, hooldekodudele ja t\u00f6\u00f6stusettev\u00f5tetele, kus on oluline t\u00f6\u00f6kindlus, kiire protsess ja k\u00f5rge kvaliteet. Automaatne juhtimine ning stabiilne kuumus muudavad seadme kasutamise lihtsaks ja ergonoomiliseks.<\/p>\n","protected":false},"featured_media":11402,"comment_status":"open","ping_status":"closed","template":"","meta":[],"product_brand":[],"product_cat":[863,892],"product_tag":[835,839,840],"class_list":{"0":"post-11034","1":"product","2":"type-product","3":"status-publish","4":"has-post-thumbnail","6":"product_cat-thermotex","7":"product_cat-kuumpressid","8":"product_tag-pesumajad","9":"product_tag-tervishoid","10":"product_tag-toostusettevotted","12":"first","13":"outofstock","14":"taxable","15":"shipping-taxable","16":"purchasable","17":"product-type-simple"},"yoast_head":"<!-- This site is optimized with the Yoast SEO plugin v27.0 - https:\/\/yoast.com\/product\/yoast-seo-wordpress\/ -->\n<title>Kuumpress P4 - Lavanno - pesuvahendite ekspert<\/title>\n<meta name=\"description\" content=\"Pneumaatiline kuumpress P4 - t\u00f6\u00f6kindel lahendus intensiivseks tekstiilide m\u00e4rgistamiseks. \u00dchtlane surve, kiire kuumenemine ja professionaalne tulemus.\" \/>\n<meta name=\"robots\" content=\"index, follow, max-snippet:-1, max-image-preview:large, max-video-preview:-1\" \/>\n<link rel=\"canonical\" href=\"https:\/\/lavanno.com\/en\/toode\/kuumpress-p4\/\" \/>\n<meta property=\"og:locale\" content=\"en_US\" \/>\n<meta property=\"og:type\" content=\"article\" \/>\n<meta property=\"og:title\" content=\"Kuumpress P4 - Lavanno - pesuvahendite ekspert\" \/>\n<meta property=\"og:description\" content=\"Pneumaatiline kuumpress P4 - t\u00f6\u00f6kindel lahendus intensiivseks tekstiilide m\u00e4rgistamiseks. \u00dchtlane surve, kiire kuumenemine ja professionaalne tulemus.\" \/>\n<meta property=\"og:url\" content=\"https:\/\/lavanno.com\/en\/toode\/kuumpress-p4\/\" \/>\n<meta property=\"og:site_name\" content=\"Lavanno - pesuvahendite ekspert\" \/>\n<meta property=\"article:publisher\" content=\"https:\/\/www.facebook.com\/Lavanno.ee\" \/>\n<meta property=\"article:modified_time\" content=\"2026-05-02T11:35:02+00:00\" \/>\n<meta property=\"og:image\" content=\"https:\/\/lavanno.com\/wp-content\/uploads\/2025\/08\/P4-Pneumaatiline-kuumpress.png\" \/>\n\t<meta property=\"og:image:width\" content=\"800\" \/>\n\t<meta property=\"og:image:height\" content=\"800\" \/>\n\t<meta property=\"og:image:type\" content=\"image\/png\" \/>\n<meta name=\"twitter:card\" content=\"summary_large_image\" \/>\n<meta name=\"twitter:label1\" content=\"Est. reading time\" \/>\n\t<meta name=\"twitter:data1\" content=\"1 minute\" \/>\n<script type=\"application\/ld+json\" class=\"yoast-schema-graph\">{\"@context\":\"https:\/\/schema.org\",\"@graph\":[{\"@type\":\"WebPage\",\"@id\":\"https:\/\/lavanno.com\/en\/toode\/kuumpress-p4\/\",\"url\":\"https:\/\/lavanno.com\/en\/toode\/kuumpress-p4\/\",\"name\":\"Kuumpress P4 - Lavanno - pesuvahendite ekspert\",\"isPartOf\":{\"@id\":\"https:\/\/lavanno.com\/en\/#website\"},\"primaryImageOfPage\":{\"@id\":\"https:\/\/lavanno.com\/en\/toode\/kuumpress-p4\/#primaryimage\"},\"image\":{\"@id\":\"https:\/\/lavanno.com\/en\/toode\/kuumpress-p4\/#primaryimage\"},\"thumbnailUrl\":\"https:\/\/lavanno.com\/wp-content\/uploads\/2025\/08\/P4-Pneumaatiline-kuumpress.png\",\"datePublished\":\"2025-08-13T09:35:01+00:00\",\"dateModified\":\"2026-05-02T11:35:02+00:00\",\"description\":\"Pneumaatiline kuumpress P4 - t\u00f6\u00f6kindel lahendus intensiivseks tekstiilide m\u00e4rgistamiseks. \u00dchtlane surve, kiire kuumenemine ja professionaalne tulemus.\",\"breadcrumb\":{\"@id\":\"https:\/\/lavanno.com\/en\/toode\/kuumpress-p4\/#breadcrumb\"},\"inLanguage\":\"en-US\",\"potentialAction\":[{\"@type\":\"ReadAction\",\"target\":[\"https:\/\/lavanno.com\/en\/toode\/kuumpress-p4\/\"]}]},{\"@type\":\"ImageObject\",\"inLanguage\":\"en-US\",\"@id\":\"https:\/\/lavanno.com\/en\/toode\/kuumpress-p4\/#primaryimage\",\"url\":\"https:\/\/lavanno.com\/wp-content\/uploads\/2025\/08\/P4-Pneumaatiline-kuumpress.png\",\"contentUrl\":\"https:\/\/lavanno.com\/wp-content\/uploads\/2025\/08\/P4-Pneumaatiline-kuumpress.png\",\"width\":800,\"height\":800,\"caption\":\"P4-Pneumaatiline-kuumpress\"},{\"@type\":\"BreadcrumbList\",\"@id\":\"https:\/\/lavanno.com\/en\/toode\/kuumpress-p4\/#breadcrumb\",\"itemListElement\":[{\"@type\":\"ListItem\",\"position\":1,\"name\":\"Home\",\"item\":\"https:\/\/lavanno.com\/en\/\"},{\"@type\":\"ListItem\",\"position\":2,\"name\":\"E-pood\",\"item\":\"https:\/\/lavanno.com\/e-pood\/\"},{\"@type\":\"ListItem\",\"position\":3,\"name\":\"Kuumpress P4\"}]},{\"@type\":\"WebSite\",\"@id\":\"https:\/\/lavanno.com\/en\/#website\",\"url\":\"https:\/\/lavanno.com\/en\/\",\"name\":\"Lavanno - Pesuvahendite ekspert\",\"description\":\"Toome maale ja m\u00fc\u00fcme tekstiili pesuvahendeid, pesumajaseadmeid ja tarvikuid. Hooldame ja konsulteerime.\",\"publisher\":{\"@id\":\"https:\/\/lavanno.com\/en\/#organization\"},\"potentialAction\":[{\"@type\":\"SearchAction\",\"target\":{\"@type\":\"EntryPoint\",\"urlTemplate\":\"https:\/\/lavanno.com\/en\/?s={search_term_string}\"},\"query-input\":{\"@type\":\"PropertyValueSpecification\",\"valueRequired\":true,\"valueName\":\"search_term_string\"}}],\"inLanguage\":\"en-US\"},{\"@type\":\"Organization\",\"@id\":\"https:\/\/lavanno.com\/en\/#organization\",\"name\":\"Lavanno - Pesuvahendite ekspert\",\"url\":\"https:\/\/lavanno.com\/en\/\",\"logo\":{\"@type\":\"ImageObject\",\"inLanguage\":\"en-US\",\"@id\":\"https:\/\/lavanno.com\/en\/#\/schema\/logo\/image\/\",\"url\":\"https:\/\/lavanno.com\/wp-content\/uploads\/2025\/07\/Lavanno.png\",\"contentUrl\":\"https:\/\/lavanno.com\/wp-content\/uploads\/2025\/07\/Lavanno.png\",\"width\":1200,\"height\":1200,\"caption\":\"Lavanno - Pesuvahendite ekspert\"},\"image\":{\"@id\":\"https:\/\/lavanno.com\/en\/#\/schema\/logo\/image\/\"},\"sameAs\":[\"https:\/\/www.facebook.com\/Lavanno.ee\"]}]}<\/script>\n<!-- \/ Yoast SEO plugin. -->","yoast_head_json":{"title":"Kuumpress P4 - Lavanno - pesuvahendite ekspert","description":"Pneumaatiline kuumpress P4 - t\u00f6\u00f6kindel lahendus intensiivseks tekstiilide m\u00e4rgistamiseks. \u00dchtlane surve, kiire kuumenemine ja professionaalne tulemus.","robots":{"index":"index","follow":"follow","max-snippet":"max-snippet:-1","max-image-preview":"max-image-preview:large","max-video-preview":"max-video-preview:-1"},"canonical":"https:\/\/lavanno.com\/en\/toode\/kuumpress-p4\/","og_locale":"en_US","og_type":"article","og_title":"Kuumpress P4 - Lavanno - pesuvahendite ekspert","og_description":"Pneumaatiline kuumpress P4 - t\u00f6\u00f6kindel lahendus intensiivseks tekstiilide m\u00e4rgistamiseks. \u00dchtlane surve, kiire kuumenemine ja professionaalne tulemus.","og_url":"https:\/\/lavanno.com\/en\/toode\/kuumpress-p4\/","og_site_name":"Lavanno - pesuvahendite ekspert","article_publisher":"https:\/\/www.facebook.com\/Lavanno.ee","article_modified_time":"2026-05-02T11:35:02+00:00","og_image":[{"width":800,"height":800,"url":"https:\/\/lavanno.com\/wp-content\/uploads\/2025\/08\/P4-Pneumaatiline-kuumpress.png","type":"image\/png"}],"twitter_card":"summary_large_image","twitter_misc":{"Est. reading time":"1 minute"},"schema":{"@context":"https:\/\/schema.org","@graph":[{"@type":"WebPage","@id":"https:\/\/lavanno.com\/en\/toode\/kuumpress-p4\/","url":"https:\/\/lavanno.com\/en\/toode\/kuumpress-p4\/","name":"Kuumpress P4 - Lavanno - pesuvahendite ekspert","isPartOf":{"@id":"https:\/\/lavanno.com\/en\/#website"},"primaryImageOfPage":{"@id":"https:\/\/lavanno.com\/en\/toode\/kuumpress-p4\/#primaryimage"},"image":{"@id":"https:\/\/lavanno.com\/en\/toode\/kuumpress-p4\/#primaryimage"},"thumbnailUrl":"https:\/\/lavanno.com\/wp-content\/uploads\/2025\/08\/P4-Pneumaatiline-kuumpress.png","datePublished":"2025-08-13T09:35:01+00:00","dateModified":"2026-05-02T11:35:02+00:00","description":"Pneumaatiline kuumpress P4 - t\u00f6\u00f6kindel lahendus intensiivseks tekstiilide m\u00e4rgistamiseks. \u00dchtlane surve, kiire kuumenemine ja professionaalne tulemus.","breadcrumb":{"@id":"https:\/\/lavanno.com\/en\/toode\/kuumpress-p4\/#breadcrumb"},"inLanguage":"en-US","potentialAction":[{"@type":"ReadAction","target":["https:\/\/lavanno.com\/en\/toode\/kuumpress-p4\/"]}]},{"@type":"ImageObject","inLanguage":"en-US","@id":"https:\/\/lavanno.com\/en\/toode\/kuumpress-p4\/#primaryimage","url":"https:\/\/lavanno.com\/wp-content\/uploads\/2025\/08\/P4-Pneumaatiline-kuumpress.png","contentUrl":"https:\/\/lavanno.com\/wp-content\/uploads\/2025\/08\/P4-Pneumaatiline-kuumpress.png","width":800,"height":800,"caption":"P4-Pneumaatiline-kuumpress"},{"@type":"BreadcrumbList","@id":"https:\/\/lavanno.com\/en\/toode\/kuumpress-p4\/#breadcrumb","itemListElement":[{"@type":"ListItem","position":1,"name":"Home","item":"https:\/\/lavanno.com\/en\/"},{"@type":"ListItem","position":2,"name":"E-pood","item":"https:\/\/lavanno.com\/e-pood\/"},{"@type":"ListItem","position":3,"name":"Kuumpress P4"}]},{"@type":"WebSite","@id":"https:\/\/lavanno.com\/en\/#website","url":"https:\/\/lavanno.com\/en\/","name":"Lavanno - Pesuvahendite ekspert","description":"Toome maale ja m\u00fc\u00fcme tekstiili pesuvahendeid, pesumajaseadmeid ja tarvikuid. Hooldame ja konsulteerime.","publisher":{"@id":"https:\/\/lavanno.com\/en\/#organization"},"potentialAction":[{"@type":"SearchAction","target":{"@type":"EntryPoint","urlTemplate":"https:\/\/lavanno.com\/en\/?s={search_term_string}"},"query-input":{"@type":"PropertyValueSpecification","valueRequired":true,"valueName":"search_term_string"}}],"inLanguage":"en-US"},{"@type":"Organization","@id":"https:\/\/lavanno.com\/en\/#organization","name":"Lavanno - Pesuvahendite ekspert","url":"https:\/\/lavanno.com\/en\/","logo":{"@type":"ImageObject","inLanguage":"en-US","@id":"https:\/\/lavanno.com\/en\/#\/schema\/logo\/image\/","url":"https:\/\/lavanno.com\/wp-content\/uploads\/2025\/07\/Lavanno.png","contentUrl":"https:\/\/lavanno.com\/wp-content\/uploads\/2025\/07\/Lavanno.png","width":1200,"height":1200,"caption":"Lavanno - Pesuvahendite ekspert"},"image":{"@id":"https:\/\/lavanno.com\/en\/#\/schema\/logo\/image\/"},"sameAs":["https:\/\/www.facebook.com\/Lavanno.ee"]}]}},"_links":{"self":[{"href":"https:\/\/lavanno.com\/en\/wp-json\/wp\/v2\/product\/11034","targetHints":{"allow":["GET"]}}],"collection":[{"href":"https:\/\/lavanno.com\/en\/wp-json\/wp\/v2\/product"}],"about":[{"href":"https:\/\/lavanno.com\/en\/wp-json\/wp\/v2\/types\/product"}],"replies":[{"embeddable":true,"href":"https:\/\/lavanno.com\/en\/wp-json\/wp\/v2\/comments?post=11034"}],"wp:featuredmedia":[{"embeddable":true,"href":"https:\/\/lavanno.com\/en\/wp-json\/wp\/v2\/media\/11402"}],"wp:attachment":[{"href":"https:\/\/lavanno.com\/en\/wp-json\/wp\/v2\/media?parent=11034"}],"wp:term":[{"taxonomy":"product_brand","embeddable":true,"href":"https:\/\/lavanno.com\/en\/wp-json\/wp\/v2\/product_brand?post=11034"},{"taxonomy":"product_cat","embeddable":true,"href":"https:\/\/lavanno.com\/en\/wp-json\/wp\/v2\/product_cat?post=11034"},{"taxonomy":"product_tag","embeddable":true,"href":"https:\/\/lavanno.com\/en\/wp-json\/wp\/v2\/product_tag?post=11034"}],"curies":[{"name":"wp","href":"https:\/\/api.w.org\/{rel}","templated":true}]}}