{"id":11035,"date":"2025-08-13T12:35:01","date_gmt":"2025-08-13T09:35:01","guid":{"rendered":"https:\/\/lavanno.com\/toode\/tt5-l-203-dpi-printimissusteem-wintexx-5-tarkvaraga\/"},"modified":"2026-05-02T08:30:02","modified_gmt":"2026-05-02T05:30:02","slug":"tt5-l-203-dpi-printimissusteem-wintexx-5-tarkvaraga","status":"publish","type":"product","link":"https:\/\/lavanno.com\/en\/toode\/tt5-l-203-dpi-printimissusteem-wintexx-5-tarkvaraga\/","title":{"rendered":"TT5-L 203 dpi printimiss\u00fcsteem WinTexx 5 tarkvaraga"},"content":{"rendered":"<p>Tehnilised andmed:<\/p>\n<p>Resolutsioon: 203 dpi<\/p>\n<p>M\u00f5\u00f5dud: K 195 mm \u00d7 L 210 mm \u00d7 S 280 mm<\/p>\n<p>Kaal: 2,7 kg<\/p>\n<p>Liidesed: USB, paralleel, Ethernet, RS-232<\/p>\n","protected":false},"excerpt":{"rendered":"<p>TT5-L koos WinTexx 5 Lite tarkvaraga pakub paindlikku lahendust k\u00f5igile, kes soovivad etikette arvutis luua ja hallata. T\u00e4nu Windowsi draiverile saab kujundada etikette igas Windowsi-p\u00f5hises programmis ning edastada need otse printerisse. Seade \u00fchendab endas mugava puuteekraaniga juhtimise ja tarkvara laialdased v\u00f5imalused.<\/p>\n<p>See mudel sobib suurep\u00e4raselt PC-\u00fchendusega kasutamiseks ning sisaldab WinTexx 5 Lite tarkvara etikettide loomiseks ja haldamiseks. Intuitiivne puuteekraan ja selge men\u00fc\u00fc muudavad t\u00f6\u00f6 lihtsaks, samas kui automaatne kalibreerimine \u00fche nupuvajutusega tagab kiire t\u00f6\u00f6 alguse. Printeril on 10 eelinstallitud standardmalli ning lai valik liideseid \u2013 USB, Ethernet, RS232 ja paralleelport. Tr\u00fckikvaliteedi tagab 203 dpi resolutsioon.<\/p>\n","protected":false},"featured_media":11422,"comment_status":"open","ping_status":"closed","template":"","meta":[],"product_brand":[],"product_cat":[863,886],"product_tag":[],"class_list":{"0":"post-11035","1":"product","2":"type-product","3":"status-publish","4":"has-post-thumbnail","6":"product_cat-thermotex","7":"product_cat-termoprinterid","9":"first","10":"outofstock","11":"taxable","12":"shipping-taxable","13":"purchasable","14":"product-type-simple"},"yoast_head":"<!-- This site is optimized with the Yoast SEO plugin v27.0 - https:\/\/yoast.com\/product\/yoast-seo-wordpress\/ -->\n<title>TT5-L 203 dpi printimiss\u00fcsteem WinTexx 5 tarkvaraga - Lavanno - pesuvahendite ekspert<\/title>\n<meta name=\"description\" content=\"TT5-L printer koos WinTexx 5 Lite tarkvaraga \u2013 lihtne puuteekraan, arvutiga \u00fchendus ja 203 dpi tr\u00fckk etikettide loomiseks ja haldamiseks.\" \/>\n<meta name=\"robots\" content=\"index, follow, max-snippet:-1, max-image-preview:large, max-video-preview:-1\" \/>\n<link rel=\"canonical\" href=\"https:\/\/lavanno.com\/en\/toode\/tt5-l-203-dpi-printimissusteem-wintexx-5-tarkvaraga\/\" \/>\n<meta property=\"og:locale\" content=\"en_US\" \/>\n<meta property=\"og:type\" content=\"article\" \/>\n<meta property=\"og:title\" content=\"TT5-L 203 dpi printimiss\u00fcsteem WinTexx 5 tarkvaraga - Lavanno - pesuvahendite ekspert\" \/>\n<meta property=\"og:description\" content=\"TT5-L printer koos WinTexx 5 Lite tarkvaraga \u2013 lihtne puuteekraan, arvutiga \u00fchendus ja 203 dpi tr\u00fckk etikettide loomiseks ja haldamiseks.\" \/>\n<meta property=\"og:url\" content=\"https:\/\/lavanno.com\/en\/toode\/tt5-l-203-dpi-printimissusteem-wintexx-5-tarkvaraga\/\" \/>\n<meta property=\"og:site_name\" content=\"Lavanno - pesuvahendite ekspert\" \/>\n<meta property=\"article:publisher\" content=\"https:\/\/www.facebook.com\/Lavanno.ee\" \/>\n<meta property=\"article:modified_time\" content=\"2026-05-02T05:30:02+00:00\" \/>\n<meta property=\"og:image\" content=\"https:\/\/lavanno.com\/wp-content\/uploads\/2025\/08\/TT5-L-Termoprinter-WinTexx5-tarkvaraga.png\" \/>\n\t<meta property=\"og:image:width\" content=\"800\" \/>\n\t<meta property=\"og:image:height\" content=\"800\" \/>\n\t<meta property=\"og:image:type\" content=\"image\/png\" \/>\n<meta name=\"twitter:card\" content=\"summary_large_image\" \/>\n<meta name=\"twitter:label1\" content=\"Est. reading time\" \/>\n\t<meta name=\"twitter:data1\" content=\"1 minute\" \/>\n<script type=\"application\/ld+json\" class=\"yoast-schema-graph\">{\"@context\":\"https:\/\/schema.org\",\"@graph\":[{\"@type\":\"WebPage\",\"@id\":\"https:\/\/lavanno.com\/en\/toode\/tt5-l-203-dpi-printimissusteem-wintexx-5-tarkvaraga\/\",\"url\":\"https:\/\/lavanno.com\/en\/toode\/tt5-l-203-dpi-printimissusteem-wintexx-5-tarkvaraga\/\",\"name\":\"TT5-L 203 dpi printimiss\u00fcsteem WinTexx 5 tarkvaraga - Lavanno - pesuvahendite ekspert\",\"isPartOf\":{\"@id\":\"https:\/\/lavanno.com\/en\/#website\"},\"primaryImageOfPage\":{\"@id\":\"https:\/\/lavanno.com\/en\/toode\/tt5-l-203-dpi-printimissusteem-wintexx-5-tarkvaraga\/#primaryimage\"},\"image\":{\"@id\":\"https:\/\/lavanno.com\/en\/toode\/tt5-l-203-dpi-printimissusteem-wintexx-5-tarkvaraga\/#primaryimage\"},\"thumbnailUrl\":\"https:\/\/lavanno.com\/wp-content\/uploads\/2025\/08\/TT5-L-Termoprinter-WinTexx5-tarkvaraga.png\",\"datePublished\":\"2025-08-13T09:35:01+00:00\",\"dateModified\":\"2026-05-02T05:30:02+00:00\",\"description\":\"TT5-L printer koos WinTexx 5 Lite tarkvaraga \u2013 lihtne puuteekraan, arvutiga \u00fchendus ja 203 dpi tr\u00fckk etikettide loomiseks ja haldamiseks.\",\"breadcrumb\":{\"@id\":\"https:\/\/lavanno.com\/en\/toode\/tt5-l-203-dpi-printimissusteem-wintexx-5-tarkvaraga\/#breadcrumb\"},\"inLanguage\":\"en-US\",\"potentialAction\":[{\"@type\":\"ReadAction\",\"target\":[\"https:\/\/lavanno.com\/en\/toode\/tt5-l-203-dpi-printimissusteem-wintexx-5-tarkvaraga\/\"]}]},{\"@type\":\"ImageObject\",\"inLanguage\":\"en-US\",\"@id\":\"https:\/\/lavanno.com\/en\/toode\/tt5-l-203-dpi-printimissusteem-wintexx-5-tarkvaraga\/#primaryimage\",\"url\":\"https:\/\/lavanno.com\/wp-content\/uploads\/2025\/08\/TT5-L-Termoprinter-WinTexx5-tarkvaraga.png\",\"contentUrl\":\"https:\/\/lavanno.com\/wp-content\/uploads\/2025\/08\/TT5-L-Termoprinter-WinTexx5-tarkvaraga.png\",\"width\":800,\"height\":800,\"caption\":\"TT5-L-Termoprinter-WinTexx5-tarkvaraga.\"},{\"@type\":\"BreadcrumbList\",\"@id\":\"https:\/\/lavanno.com\/en\/toode\/tt5-l-203-dpi-printimissusteem-wintexx-5-tarkvaraga\/#breadcrumb\",\"itemListElement\":[{\"@type\":\"ListItem\",\"position\":1,\"name\":\"Home\",\"item\":\"https:\/\/lavanno.com\/en\/\"},{\"@type\":\"ListItem\",\"position\":2,\"name\":\"E-pood\",\"item\":\"https:\/\/lavanno.com\/e-pood\/\"},{\"@type\":\"ListItem\",\"position\":3,\"name\":\"TT5-L 203 dpi printimiss\u00fcsteem WinTexx 5 tarkvaraga\"}]},{\"@type\":\"WebSite\",\"@id\":\"https:\/\/lavanno.com\/en\/#website\",\"url\":\"https:\/\/lavanno.com\/en\/\",\"name\":\"Lavanno - Pesuvahendite ekspert\",\"description\":\"Toome maale ja m\u00fc\u00fcme tekstiili pesuvahendeid, pesumajaseadmeid ja tarvikuid. Hooldame ja konsulteerime.\",\"publisher\":{\"@id\":\"https:\/\/lavanno.com\/en\/#organization\"},\"potentialAction\":[{\"@type\":\"SearchAction\",\"target\":{\"@type\":\"EntryPoint\",\"urlTemplate\":\"https:\/\/lavanno.com\/en\/?s={search_term_string}\"},\"query-input\":{\"@type\":\"PropertyValueSpecification\",\"valueRequired\":true,\"valueName\":\"search_term_string\"}}],\"inLanguage\":\"en-US\"},{\"@type\":\"Organization\",\"@id\":\"https:\/\/lavanno.com\/en\/#organization\",\"name\":\"Lavanno - Pesuvahendite ekspert\",\"url\":\"https:\/\/lavanno.com\/en\/\",\"logo\":{\"@type\":\"ImageObject\",\"inLanguage\":\"en-US\",\"@id\":\"https:\/\/lavanno.com\/en\/#\/schema\/logo\/image\/\",\"url\":\"https:\/\/lavanno.com\/wp-content\/uploads\/2025\/07\/Lavanno.png\",\"contentUrl\":\"https:\/\/lavanno.com\/wp-content\/uploads\/2025\/07\/Lavanno.png\",\"width\":1200,\"height\":1200,\"caption\":\"Lavanno - Pesuvahendite ekspert\"},\"image\":{\"@id\":\"https:\/\/lavanno.com\/en\/#\/schema\/logo\/image\/\"},\"sameAs\":[\"https:\/\/www.facebook.com\/Lavanno.ee\"]}]}<\/script>\n<!-- \/ Yoast SEO plugin. -->","yoast_head_json":{"title":"TT5-L 203 dpi printimiss\u00fcsteem WinTexx 5 tarkvaraga - Lavanno - pesuvahendite ekspert","description":"TT5-L printer koos WinTexx 5 Lite tarkvaraga \u2013 lihtne puuteekraan, arvutiga \u00fchendus ja 203 dpi tr\u00fckk etikettide loomiseks ja haldamiseks.","robots":{"index":"index","follow":"follow","max-snippet":"max-snippet:-1","max-image-preview":"max-image-preview:large","max-video-preview":"max-video-preview:-1"},"canonical":"https:\/\/lavanno.com\/en\/toode\/tt5-l-203-dpi-printimissusteem-wintexx-5-tarkvaraga\/","og_locale":"en_US","og_type":"article","og_title":"TT5-L 203 dpi printimiss\u00fcsteem WinTexx 5 tarkvaraga - Lavanno - pesuvahendite ekspert","og_description":"TT5-L printer koos WinTexx 5 Lite tarkvaraga \u2013 lihtne puuteekraan, arvutiga \u00fchendus ja 203 dpi tr\u00fckk etikettide loomiseks ja haldamiseks.","og_url":"https:\/\/lavanno.com\/en\/toode\/tt5-l-203-dpi-printimissusteem-wintexx-5-tarkvaraga\/","og_site_name":"Lavanno - pesuvahendite ekspert","article_publisher":"https:\/\/www.facebook.com\/Lavanno.ee","article_modified_time":"2026-05-02T05:30:02+00:00","og_image":[{"width":800,"height":800,"url":"https:\/\/lavanno.com\/wp-content\/uploads\/2025\/08\/TT5-L-Termoprinter-WinTexx5-tarkvaraga.png","type":"image\/png"}],"twitter_card":"summary_large_image","twitter_misc":{"Est. reading time":"1 minute"},"schema":{"@context":"https:\/\/schema.org","@graph":[{"@type":"WebPage","@id":"https:\/\/lavanno.com\/en\/toode\/tt5-l-203-dpi-printimissusteem-wintexx-5-tarkvaraga\/","url":"https:\/\/lavanno.com\/en\/toode\/tt5-l-203-dpi-printimissusteem-wintexx-5-tarkvaraga\/","name":"TT5-L 203 dpi printimiss\u00fcsteem WinTexx 5 tarkvaraga - Lavanno - pesuvahendite ekspert","isPartOf":{"@id":"https:\/\/lavanno.com\/en\/#website"},"primaryImageOfPage":{"@id":"https:\/\/lavanno.com\/en\/toode\/tt5-l-203-dpi-printimissusteem-wintexx-5-tarkvaraga\/#primaryimage"},"image":{"@id":"https:\/\/lavanno.com\/en\/toode\/tt5-l-203-dpi-printimissusteem-wintexx-5-tarkvaraga\/#primaryimage"},"thumbnailUrl":"https:\/\/lavanno.com\/wp-content\/uploads\/2025\/08\/TT5-L-Termoprinter-WinTexx5-tarkvaraga.png","datePublished":"2025-08-13T09:35:01+00:00","dateModified":"2026-05-02T05:30:02+00:00","description":"TT5-L printer koos WinTexx 5 Lite tarkvaraga \u2013 lihtne puuteekraan, arvutiga \u00fchendus ja 203 dpi tr\u00fckk etikettide loomiseks ja haldamiseks.","breadcrumb":{"@id":"https:\/\/lavanno.com\/en\/toode\/tt5-l-203-dpi-printimissusteem-wintexx-5-tarkvaraga\/#breadcrumb"},"inLanguage":"en-US","potentialAction":[{"@type":"ReadAction","target":["https:\/\/lavanno.com\/en\/toode\/tt5-l-203-dpi-printimissusteem-wintexx-5-tarkvaraga\/"]}]},{"@type":"ImageObject","inLanguage":"en-US","@id":"https:\/\/lavanno.com\/en\/toode\/tt5-l-203-dpi-printimissusteem-wintexx-5-tarkvaraga\/#primaryimage","url":"https:\/\/lavanno.com\/wp-content\/uploads\/2025\/08\/TT5-L-Termoprinter-WinTexx5-tarkvaraga.png","contentUrl":"https:\/\/lavanno.com\/wp-content\/uploads\/2025\/08\/TT5-L-Termoprinter-WinTexx5-tarkvaraga.png","width":800,"height":800,"caption":"TT5-L-Termoprinter-WinTexx5-tarkvaraga."},{"@type":"BreadcrumbList","@id":"https:\/\/lavanno.com\/en\/toode\/tt5-l-203-dpi-printimissusteem-wintexx-5-tarkvaraga\/#breadcrumb","itemListElement":[{"@type":"ListItem","position":1,"name":"Home","item":"https:\/\/lavanno.com\/en\/"},{"@type":"ListItem","position":2,"name":"E-pood","item":"https:\/\/lavanno.com\/e-pood\/"},{"@type":"ListItem","position":3,"name":"TT5-L 203 dpi printimiss\u00fcsteem WinTexx 5 tarkvaraga"}]},{"@type":"WebSite","@id":"https:\/\/lavanno.com\/en\/#website","url":"https:\/\/lavanno.com\/en\/","name":"Lavanno - Pesuvahendite ekspert","description":"Toome maale ja m\u00fc\u00fcme tekstiili pesuvahendeid, pesumajaseadmeid ja tarvikuid. Hooldame ja konsulteerime.","publisher":{"@id":"https:\/\/lavanno.com\/en\/#organization"},"potentialAction":[{"@type":"SearchAction","target":{"@type":"EntryPoint","urlTemplate":"https:\/\/lavanno.com\/en\/?s={search_term_string}"},"query-input":{"@type":"PropertyValueSpecification","valueRequired":true,"valueName":"search_term_string"}}],"inLanguage":"en-US"},{"@type":"Organization","@id":"https:\/\/lavanno.com\/en\/#organization","name":"Lavanno - Pesuvahendite ekspert","url":"https:\/\/lavanno.com\/en\/","logo":{"@type":"ImageObject","inLanguage":"en-US","@id":"https:\/\/lavanno.com\/en\/#\/schema\/logo\/image\/","url":"https:\/\/lavanno.com\/wp-content\/uploads\/2025\/07\/Lavanno.png","contentUrl":"https:\/\/lavanno.com\/wp-content\/uploads\/2025\/07\/Lavanno.png","width":1200,"height":1200,"caption":"Lavanno - Pesuvahendite ekspert"},"image":{"@id":"https:\/\/lavanno.com\/en\/#\/schema\/logo\/image\/"},"sameAs":["https:\/\/www.facebook.com\/Lavanno.ee"]}]}},"_links":{"self":[{"href":"https:\/\/lavanno.com\/en\/wp-json\/wp\/v2\/product\/11035","targetHints":{"allow":["GET"]}}],"collection":[{"href":"https:\/\/lavanno.com\/en\/wp-json\/wp\/v2\/product"}],"about":[{"href":"https:\/\/lavanno.com\/en\/wp-json\/wp\/v2\/types\/product"}],"replies":[{"embeddable":true,"href":"https:\/\/lavanno.com\/en\/wp-json\/wp\/v2\/comments?post=11035"}],"wp:featuredmedia":[{"embeddable":true,"href":"https:\/\/lavanno.com\/en\/wp-json\/wp\/v2\/media\/11422"}],"wp:attachment":[{"href":"https:\/\/lavanno.com\/en\/wp-json\/wp\/v2\/media?parent=11035"}],"wp:term":[{"taxonomy":"product_brand","embeddable":true,"href":"https:\/\/lavanno.com\/en\/wp-json\/wp\/v2\/product_brand?post=11035"},{"taxonomy":"product_cat","embeddable":true,"href":"https:\/\/lavanno.com\/en\/wp-json\/wp\/v2\/product_cat?post=11035"},{"taxonomy":"product_tag","embeddable":true,"href":"https:\/\/lavanno.com\/en\/wp-json\/wp\/v2\/product_tag?post=11035"}],"curies":[{"name":"wp","href":"https:\/\/api.w.org\/{rel}","templated":true}]}}