{"id":11054,"date":"2025-08-13T12:45:01","date_gmt":"2025-08-13T09:45:01","guid":{"rendered":"https:\/\/lavanno.com\/toode\/lavanno-ekspert-kinkekomplekt\/"},"modified":"2026-05-02T14:35:02","modified_gmt":"2026-05-02T11:35:02","slug":"lavanno-ekspert-kinkekomplekt","status":"publish","type":"product","link":"https:\/\/lavanno.com\/en\/toode\/lavanno-ekspert-kinkekomplekt\/","title":{"rendered":"Lavanno ekspert kinkekomplekt"},"content":{"rendered":"<p>Komplekti kuuluvad tooted:<\/p>\n<p><a href=\"https:\/\/lavanno.com\/toode\/prezym-universaalne-plekieemaldi\/\">PreZym universaalne plekieemaldi (750\u202fml)<\/a><br \/>\nT\u00f5hus ens\u00fc\u00fcmip\u00f5hine eelt\u00f6\u00f6tlusvahend, mis eemaldab t\u00f5husalt plekid nagu rasv, rohi, veri ja toiduj\u00e4\u00e4gid. Sobib enamikele kangastele (v\u00e4ltida pikaajalist kokkupuudet siidi ja villaga) ning on ideaalne kasutamiseks enne pesu.<\/p>\n<p><a href=\"https:\/\/lavanno.com\/toode\/delicatilana-pesuaine-ornale-ja-villasele-pesule\/\">Delicati &amp; Lana pesuaine \u00f5rnale ja villasele pesule (1 L)<\/a><br \/>\nSpetsiaalselt villa, siidi ja \u00f5rnade kangaste eest hoolitsemiseks formuleeritud \u00f5rn pesuaine, mis s\u00e4ilitab kiudude tekstuuri ja elastsuse.<\/p>\n<p><a href=\"https:\/\/lavanno.com\/toode\/white-xtra-pesuaine-valgele-pesule\/\">White Xtra pesuaine valgele pesule (1L)<\/a><br \/>\nEns\u00fcmaatiline pesuaine, mis sisaldab optilisi valgendeid, ens\u00fc\u00fcme ja hallinemist takistavaid pol\u00fcmeere, et pesta ja hooldada valgeid r\u00f5ivaid.<\/p>\n<p><a href=\"https:\/\/lavanno.com\/toode\/biomusk-ensuumidega-pesuaine-valge-muskus\/\">BioMusk ens\u00fc\u00fcmidega pesuaine (Valge Muskuse l\u00f5hn, 1 L)<\/a><br \/>\nMitmeens\u00fc\u00fcmne pesuaktivaator, mis eemaldab t\u00f5husalt plekid, j\u00e4ttes r\u00f5ivastele meeldiva, kuid mitte pealet\u00fckkiva muskuse aroomi.<\/p>\n<p><a href=\"https:\/\/lavanno.com\/toode\/muschio-bianco-kontsentreeritud-pesuloputusvahend-valge-muskus\/\">Muschio Bianco kontsentreeritud pesuloputusvahend (Valge Muskus 1 L)<\/a><br \/>\nLuksuslik ja kontsentreeritud pehmendaja, mis muudab pesu siidpehmeks ja h\u00f5lbustab triikimist, j\u00e4ttes kandele meeldiva muskusel\u00f5hna.<\/p>\n<p><a href=\"https:\/\/lavanno.com\/toode\/black-premium-pesuaine-tumedale-pesule\/\">Black Premium pesuaine tumedale pesule (1L)<\/a><br \/>\nT\u00e4iustatud valem tumedate ja mustade kangaste v\u00e4rvi intensiivsuse taastamiseks, v\u00e4ltides hallimist ja r\u00f5ivaste vananemist.<\/p>\n<p><a href=\"https:\/\/lavanno.com\/toode\/dryspot-200-ml-kuiv-plekieemaldusvaht\/\">DrySpot kuiv plekieemaldusvaht (200\u202fml)<\/a><br \/>\nKiire ja mugav lahendus plekieemalduseks ilma pesu m\u00e4rjaks tegemata \u2014 ideaalne eelt\u00f6\u00f6tluseks v\u00e4ljaspesemise jaoks.<\/p>\n<p><a href=\"https:\/\/lavanno.com\/toode\/pulirella-liimirull-koos-varurulliga\/\">Pulirella liimirull koos varurulliga<\/a><br \/>\nPraktikaline eemaldusvahend tolmu ja kiudude kiireks eemaldamiseks r\u00f5ivapinnalt, ideaalne professionaalseks kasutamiseks.<\/p>\n<p><a href=\"https:\/\/lavanno.com\/toode\/plekieemaldushari-pehme\/\">Plekieemaldushari<\/a><br \/>\nPehme ja t\u00f5hus t\u00f6\u00f6riist eelt\u00f6\u00f6tluseks, mis aitab plekke \u00f5rnalt, kuid kindlalt kangast v\u00e4lja puhastada.<\/p>\n","protected":false},"excerpt":{"rendered":"<p>Lavanno Ekspert kinkekomplekt on professionaalse tasemega r\u00f5ivahoolduskomplekt, mis \u00fchendab t\u00f5husad pesu-, loputus- ja plekieemaldusvahendid eri t\u00fc\u00fcpi kangastele. Komplekt sisaldab tooteid nii valgele, tumedale kui \u00f5rnale pesule, lisaks spetsiaalseid t\u00f6\u00f6vahendeid &#8211; kuivplekieemaldi, harja ja liimirulli. Tooted on esinduslikus ja stiilses kinkekorvis, mis teeb sellest ideaalset kingitust r\u00f5ivahoolduse entusiastile v\u00f5i praktilist investeeringut neile, kes soovivad saavutada kodus pesumajale omast tulemust.<\/p>\n","protected":false},"featured_media":11295,"comment_status":"open","ping_status":"closed","template":"","meta":[],"product_brand":[],"product_cat":[876],"product_tag":[850],"class_list":{"0":"post-11054","1":"product","2":"type-product","3":"status-publish","4":"has-post-thumbnail","6":"product_cat-lavanno-kinkekomplektid","7":"product_tag-kodumajapidamine","9":"first","10":"instock","11":"taxable","12":"shipping-taxable","13":"purchasable","14":"product-type-simple"},"yoast_head":"<!-- This site is optimized with the Yoast SEO plugin v27.0 - https:\/\/yoast.com\/product\/yoast-seo-wordpress\/ -->\n<title>Lavanno ekspert kinkekomplekt - Lavanno - pesuvahendite ekspert<\/title>\n<meta name=\"description\" content=\"Lavanno kinkekomplekt Ekspert \u2013 professionaalsed pesu- ja hooldusvahendid valgele, tumedale ja \u00f5rnale pesule, plekieemaldusele ja viimistlusele.\" \/>\n<meta name=\"robots\" content=\"index, follow, max-snippet:-1, max-image-preview:large, max-video-preview:-1\" \/>\n<link rel=\"canonical\" href=\"https:\/\/lavanno.com\/en\/toode\/lavanno-ekspert-kinkekomplekt\/\" \/>\n<meta property=\"og:locale\" content=\"en_US\" \/>\n<meta property=\"og:type\" content=\"article\" \/>\n<meta property=\"og:title\" content=\"Lavanno ekspert kinkekomplekt - Lavanno - pesuvahendite ekspert\" \/>\n<meta property=\"og:description\" content=\"Lavanno kinkekomplekt Ekspert \u2013 professionaalsed pesu- ja hooldusvahendid valgele, tumedale ja \u00f5rnale pesule, plekieemaldusele ja viimistlusele.\" \/>\n<meta property=\"og:url\" content=\"https:\/\/lavanno.com\/en\/toode\/lavanno-ekspert-kinkekomplekt\/\" \/>\n<meta property=\"og:site_name\" content=\"Lavanno - pesuvahendite ekspert\" \/>\n<meta property=\"article:publisher\" content=\"https:\/\/www.facebook.com\/Lavanno.ee\" \/>\n<meta property=\"article:modified_time\" content=\"2026-05-02T11:35:02+00:00\" \/>\n<meta property=\"og:image\" content=\"https:\/\/lavanno.com\/wp-content\/uploads\/2025\/08\/Lavanno-Ekspert-kinkekomplekt.png\" \/>\n\t<meta property=\"og:image:width\" content=\"800\" \/>\n\t<meta property=\"og:image:height\" content=\"800\" \/>\n\t<meta property=\"og:image:type\" content=\"image\/png\" \/>\n<meta name=\"twitter:card\" content=\"summary_large_image\" \/>\n<meta name=\"twitter:label1\" content=\"Est. reading time\" \/>\n\t<meta name=\"twitter:data1\" content=\"2 minutes\" \/>\n<script type=\"application\/ld+json\" class=\"yoast-schema-graph\">{\"@context\":\"https:\/\/schema.org\",\"@graph\":[{\"@type\":\"WebPage\",\"@id\":\"https:\/\/lavanno.com\/en\/toode\/lavanno-ekspert-kinkekomplekt\/\",\"url\":\"https:\/\/lavanno.com\/en\/toode\/lavanno-ekspert-kinkekomplekt\/\",\"name\":\"Lavanno ekspert kinkekomplekt - Lavanno - pesuvahendite ekspert\",\"isPartOf\":{\"@id\":\"https:\/\/lavanno.com\/en\/#website\"},\"primaryImageOfPage\":{\"@id\":\"https:\/\/lavanno.com\/en\/toode\/lavanno-ekspert-kinkekomplekt\/#primaryimage\"},\"image\":{\"@id\":\"https:\/\/lavanno.com\/en\/toode\/lavanno-ekspert-kinkekomplekt\/#primaryimage\"},\"thumbnailUrl\":\"https:\/\/lavanno.com\/wp-content\/uploads\/2025\/08\/Lavanno-Ekspert-kinkekomplekt.png\",\"datePublished\":\"2025-08-13T09:45:01+00:00\",\"dateModified\":\"2026-05-02T11:35:02+00:00\",\"description\":\"Lavanno kinkekomplekt Ekspert \u2013 professionaalsed pesu- ja hooldusvahendid valgele, tumedale ja \u00f5rnale pesule, plekieemaldusele ja viimistlusele.\",\"breadcrumb\":{\"@id\":\"https:\/\/lavanno.com\/en\/toode\/lavanno-ekspert-kinkekomplekt\/#breadcrumb\"},\"inLanguage\":\"en-US\",\"potentialAction\":[{\"@type\":\"ReadAction\",\"target\":[\"https:\/\/lavanno.com\/en\/toode\/lavanno-ekspert-kinkekomplekt\/\"]}]},{\"@type\":\"ImageObject\",\"inLanguage\":\"en-US\",\"@id\":\"https:\/\/lavanno.com\/en\/toode\/lavanno-ekspert-kinkekomplekt\/#primaryimage\",\"url\":\"https:\/\/lavanno.com\/wp-content\/uploads\/2025\/08\/Lavanno-Ekspert-kinkekomplekt.png\",\"contentUrl\":\"https:\/\/lavanno.com\/wp-content\/uploads\/2025\/08\/Lavanno-Ekspert-kinkekomplekt.png\",\"width\":800,\"height\":800,\"caption\":\"Lavanno Ekspert kinkekomplekt\"},{\"@type\":\"BreadcrumbList\",\"@id\":\"https:\/\/lavanno.com\/en\/toode\/lavanno-ekspert-kinkekomplekt\/#breadcrumb\",\"itemListElement\":[{\"@type\":\"ListItem\",\"position\":1,\"name\":\"Home\",\"item\":\"https:\/\/lavanno.com\/en\/\"},{\"@type\":\"ListItem\",\"position\":2,\"name\":\"E-pood\",\"item\":\"https:\/\/lavanno.com\/e-pood\/\"},{\"@type\":\"ListItem\",\"position\":3,\"name\":\"Lavanno ekspert kinkekomplekt\"}]},{\"@type\":\"WebSite\",\"@id\":\"https:\/\/lavanno.com\/en\/#website\",\"url\":\"https:\/\/lavanno.com\/en\/\",\"name\":\"Lavanno - Pesuvahendite ekspert\",\"description\":\"Toome maale ja m\u00fc\u00fcme tekstiili pesuvahendeid, pesumajaseadmeid ja tarvikuid. Hooldame ja konsulteerime.\",\"publisher\":{\"@id\":\"https:\/\/lavanno.com\/en\/#organization\"},\"potentialAction\":[{\"@type\":\"SearchAction\",\"target\":{\"@type\":\"EntryPoint\",\"urlTemplate\":\"https:\/\/lavanno.com\/en\/?s={search_term_string}\"},\"query-input\":{\"@type\":\"PropertyValueSpecification\",\"valueRequired\":true,\"valueName\":\"search_term_string\"}}],\"inLanguage\":\"en-US\"},{\"@type\":\"Organization\",\"@id\":\"https:\/\/lavanno.com\/en\/#organization\",\"name\":\"Lavanno - Pesuvahendite ekspert\",\"url\":\"https:\/\/lavanno.com\/en\/\",\"logo\":{\"@type\":\"ImageObject\",\"inLanguage\":\"en-US\",\"@id\":\"https:\/\/lavanno.com\/en\/#\/schema\/logo\/image\/\",\"url\":\"https:\/\/lavanno.com\/wp-content\/uploads\/2025\/07\/Lavanno.png\",\"contentUrl\":\"https:\/\/lavanno.com\/wp-content\/uploads\/2025\/07\/Lavanno.png\",\"width\":1200,\"height\":1200,\"caption\":\"Lavanno - Pesuvahendite ekspert\"},\"image\":{\"@id\":\"https:\/\/lavanno.com\/en\/#\/schema\/logo\/image\/\"},\"sameAs\":[\"https:\/\/www.facebook.com\/Lavanno.ee\"]}]}<\/script>\n<!-- \/ Yoast SEO plugin. -->","yoast_head_json":{"title":"Lavanno ekspert kinkekomplekt - Lavanno - pesuvahendite ekspert","description":"Lavanno kinkekomplekt Ekspert \u2013 professionaalsed pesu- ja hooldusvahendid valgele, tumedale ja \u00f5rnale pesule, plekieemaldusele ja viimistlusele.","robots":{"index":"index","follow":"follow","max-snippet":"max-snippet:-1","max-image-preview":"max-image-preview:large","max-video-preview":"max-video-preview:-1"},"canonical":"https:\/\/lavanno.com\/en\/toode\/lavanno-ekspert-kinkekomplekt\/","og_locale":"en_US","og_type":"article","og_title":"Lavanno ekspert kinkekomplekt - Lavanno - pesuvahendite ekspert","og_description":"Lavanno kinkekomplekt Ekspert \u2013 professionaalsed pesu- ja hooldusvahendid valgele, tumedale ja \u00f5rnale pesule, plekieemaldusele ja viimistlusele.","og_url":"https:\/\/lavanno.com\/en\/toode\/lavanno-ekspert-kinkekomplekt\/","og_site_name":"Lavanno - pesuvahendite ekspert","article_publisher":"https:\/\/www.facebook.com\/Lavanno.ee","article_modified_time":"2026-05-02T11:35:02+00:00","og_image":[{"width":800,"height":800,"url":"https:\/\/lavanno.com\/wp-content\/uploads\/2025\/08\/Lavanno-Ekspert-kinkekomplekt.png","type":"image\/png"}],"twitter_card":"summary_large_image","twitter_misc":{"Est. reading time":"2 minutes"},"schema":{"@context":"https:\/\/schema.org","@graph":[{"@type":"WebPage","@id":"https:\/\/lavanno.com\/en\/toode\/lavanno-ekspert-kinkekomplekt\/","url":"https:\/\/lavanno.com\/en\/toode\/lavanno-ekspert-kinkekomplekt\/","name":"Lavanno ekspert kinkekomplekt - Lavanno - pesuvahendite ekspert","isPartOf":{"@id":"https:\/\/lavanno.com\/en\/#website"},"primaryImageOfPage":{"@id":"https:\/\/lavanno.com\/en\/toode\/lavanno-ekspert-kinkekomplekt\/#primaryimage"},"image":{"@id":"https:\/\/lavanno.com\/en\/toode\/lavanno-ekspert-kinkekomplekt\/#primaryimage"},"thumbnailUrl":"https:\/\/lavanno.com\/wp-content\/uploads\/2025\/08\/Lavanno-Ekspert-kinkekomplekt.png","datePublished":"2025-08-13T09:45:01+00:00","dateModified":"2026-05-02T11:35:02+00:00","description":"Lavanno kinkekomplekt Ekspert \u2013 professionaalsed pesu- ja hooldusvahendid valgele, tumedale ja \u00f5rnale pesule, plekieemaldusele ja viimistlusele.","breadcrumb":{"@id":"https:\/\/lavanno.com\/en\/toode\/lavanno-ekspert-kinkekomplekt\/#breadcrumb"},"inLanguage":"en-US","potentialAction":[{"@type":"ReadAction","target":["https:\/\/lavanno.com\/en\/toode\/lavanno-ekspert-kinkekomplekt\/"]}]},{"@type":"ImageObject","inLanguage":"en-US","@id":"https:\/\/lavanno.com\/en\/toode\/lavanno-ekspert-kinkekomplekt\/#primaryimage","url":"https:\/\/lavanno.com\/wp-content\/uploads\/2025\/08\/Lavanno-Ekspert-kinkekomplekt.png","contentUrl":"https:\/\/lavanno.com\/wp-content\/uploads\/2025\/08\/Lavanno-Ekspert-kinkekomplekt.png","width":800,"height":800,"caption":"Lavanno Ekspert kinkekomplekt"},{"@type":"BreadcrumbList","@id":"https:\/\/lavanno.com\/en\/toode\/lavanno-ekspert-kinkekomplekt\/#breadcrumb","itemListElement":[{"@type":"ListItem","position":1,"name":"Home","item":"https:\/\/lavanno.com\/en\/"},{"@type":"ListItem","position":2,"name":"E-pood","item":"https:\/\/lavanno.com\/e-pood\/"},{"@type":"ListItem","position":3,"name":"Lavanno ekspert kinkekomplekt"}]},{"@type":"WebSite","@id":"https:\/\/lavanno.com\/en\/#website","url":"https:\/\/lavanno.com\/en\/","name":"Lavanno - Pesuvahendite ekspert","description":"Toome maale ja m\u00fc\u00fcme tekstiili pesuvahendeid, pesumajaseadmeid ja tarvikuid. Hooldame ja konsulteerime.","publisher":{"@id":"https:\/\/lavanno.com\/en\/#organization"},"potentialAction":[{"@type":"SearchAction","target":{"@type":"EntryPoint","urlTemplate":"https:\/\/lavanno.com\/en\/?s={search_term_string}"},"query-input":{"@type":"PropertyValueSpecification","valueRequired":true,"valueName":"search_term_string"}}],"inLanguage":"en-US"},{"@type":"Organization","@id":"https:\/\/lavanno.com\/en\/#organization","name":"Lavanno - Pesuvahendite ekspert","url":"https:\/\/lavanno.com\/en\/","logo":{"@type":"ImageObject","inLanguage":"en-US","@id":"https:\/\/lavanno.com\/en\/#\/schema\/logo\/image\/","url":"https:\/\/lavanno.com\/wp-content\/uploads\/2025\/07\/Lavanno.png","contentUrl":"https:\/\/lavanno.com\/wp-content\/uploads\/2025\/07\/Lavanno.png","width":1200,"height":1200,"caption":"Lavanno - Pesuvahendite ekspert"},"image":{"@id":"https:\/\/lavanno.com\/en\/#\/schema\/logo\/image\/"},"sameAs":["https:\/\/www.facebook.com\/Lavanno.ee"]}]}},"_links":{"self":[{"href":"https:\/\/lavanno.com\/en\/wp-json\/wp\/v2\/product\/11054","targetHints":{"allow":["GET"]}}],"collection":[{"href":"https:\/\/lavanno.com\/en\/wp-json\/wp\/v2\/product"}],"about":[{"href":"https:\/\/lavanno.com\/en\/wp-json\/wp\/v2\/types\/product"}],"replies":[{"embeddable":true,"href":"https:\/\/lavanno.com\/en\/wp-json\/wp\/v2\/comments?post=11054"}],"wp:featuredmedia":[{"embeddable":true,"href":"https:\/\/lavanno.com\/en\/wp-json\/wp\/v2\/media\/11295"}],"wp:attachment":[{"href":"https:\/\/lavanno.com\/en\/wp-json\/wp\/v2\/media?parent=11054"}],"wp:term":[{"taxonomy":"product_brand","embeddable":true,"href":"https:\/\/lavanno.com\/en\/wp-json\/wp\/v2\/product_brand?post=11054"},{"taxonomy":"product_cat","embeddable":true,"href":"https:\/\/lavanno.com\/en\/wp-json\/wp\/v2\/product_cat?post=11054"},{"taxonomy":"product_tag","embeddable":true,"href":"https:\/\/lavanno.com\/en\/wp-json\/wp\/v2\/product_tag?post=11054"}],"curies":[{"name":"wp","href":"https:\/\/api.w.org\/{rel}","templated":true}]}}