{"id":11118,"date":"2025-08-13T16:55:01","date_gmt":"2025-08-13T13:55:01","guid":{"rendered":"https:\/\/lavanno.com\/toode\/bowe-perc-p26-wideline-keemilise-puhastuse-masin-aur\/"},"modified":"2026-02-10T10:40:45","modified_gmt":"2026-02-10T08:40:45","slug":"bowe-perc-p26-wideline-keemilise-puhastuse-masin-aur","status":"publish","type":"product","link":"https:\/\/lavanno.com\/en\/toode\/bowe-perc-p26-wideline-keemilise-puhastuse-masin-aur\/","title":{"rendered":"B\u00d6WE PERC P26 Wideline keemilise puhastuse masin"},"content":{"rendered":"<p><strong>Valmis erinevateks kasutusvajadusteks<\/strong><\/p>\n<ul>\n<li>3 lahustivaadiga versioon standardvarustuses<\/li>\n<li>Valikuline teine eco-filter ja aktiivs\u00f6efilter<\/li>\n<li>Sobib erinevat t\u00fc\u00fcpi r\u00f5ivaste ja puhastusprogrammide jaoks<\/li>\n<\/ul>\n<p><strong>T\u00e4pne ja mugav juhtimine<\/strong><\/p>\n<p>Suure v\u00f5imekusega ConfoTronic PL juhtimiss\u00fcsteem pakub laialdasi v\u00f5imalusi seadme individuaalseks kohandamiseks erinevate t\u00f6\u00f6\u00fclesannete jaoks ning tagab masina ohutu, t\u00f5husa ja paindliku t\u00f6\u00f6. Juhtimiss\u00fcsteemi tarkvara saab h\u00f5lpsasti uuendada standardse MMC- v\u00f5i SD-kaardi kaudu.<\/p>\n<p><strong>B\u00d6WE Direct Connect<\/strong><\/p>\n<p>B\u00d6WE Direct Connect tarkvara v\u00f5imaldab masinat kasutada ja hallata arvuti kaudu. S\u00fcsteemi abil saab vaadata ja alla laadida p\u00e4eva-, hooldus- ja t\u00f6\u00f6aruandeid nii kohapeal kui ka kaugjuurdep\u00e4\u00e4suga ning anal\u00fc\u00fcsida neid statistiliselt. Lahendus pakub Teile ja Teie hoolduspartnerile kulut\u00f5husat ja ajas\u00e4\u00e4stlikku kaugdiagnostikat telefon\u00fchenduse kaudu. Puhastusprogramme saab h\u00f5lpsasti kopeerida, muuta, salvestada ning laadida nii arvutisse kui ka masinasse.<\/p>\n<p><strong>T\u00f5hus kuivatamine ja madal hooldusvajadus<\/strong><\/p>\n<ul>\n<li>Uuendatud taastumis- ja kuivatustsoon kiireks ja vaikseks kuivamiseks<\/li>\n<li>D\u00fcnaamiline trumli perforatsioon parema \u00f5huvoolu jaoks<\/li>\n<li>Madal hooldusvajadus ja t\u00f6\u00f6kindel konstruktsioon<\/li>\n<\/ul>\n<p><strong>Lihtne ja keskkonnas\u00f5bralik hooldus<\/strong><\/p>\n<ul>\n<li>Isepuhastuv vee-eraldaja ja lahustivaadid<\/li>\n<li>Automaatne ja emissioonivaba destilleerimisj\u00e4\u00e4kide eemaldus<\/li>\n<li>V\u00e4ga hea ligip\u00e4\u00e4s hoolduseks tagaseina kaudu<\/li>\n<li>Spetsiaalne kate, mis v\u00e4hendab ebemete kogunemist<\/li>\n<\/ul>\n<p><strong>Stabiilne ja \u00f5rn t\u00f6\u00f6<\/strong><\/p>\n<ul>\n<li>Sagedusmuundur ja elektrooniline tasakaalustuss\u00fcsteem (EBS\u00ae)<\/li>\n<li>Sujuv tsentrifuugimine ka osalise koormuse korral<\/li>\n<li>Individuaalselt seadistatavad puhastus- ja tsentrifuugimiskiirused<\/li>\n<\/ul>\n<p><strong>Ohutus ja lisavarustus<\/strong><\/p>\n<ul>\n<li>Tugev turvavann, mis kaitseb pinnast ja p\u00f5hjavett<\/li>\n<li>T\u00f5hus eco-filter mitme kettaga filtreerimistehnoloogiaga<\/li>\n<li>Valikuline SLIMSORBA adsorptsiooniseade \u2013 l\u00f5hnavabad r\u00f5ivad ja v\u00e4ga madal j\u00e4\u00e4klahusti sisaldus<\/li>\n<\/ul>\n<p><strong>Elektri \u00fchendus<\/strong><\/p>\n<ul>\n<li>400V\/3\/50Hz<\/li>\n<\/ul>\n<p><strong>Garantii<\/strong><\/p>\n<ul>\n<li>5 aastat (v\u00e4ljaarvatud kuluosad)<\/li>\n<li>8 aastat kondensaatoril ja klappidel<\/li>\n<\/ul>\n<p>M\u00d5\u00d5DUD:<\/p>\n<p>Laius \u2013 2200 mm<\/p>\n<p>S\u00fcgavus \u2013 1630 mm<\/p>\n<p>K\u00f5rgus &#8211; 21800 mm (filtriga 2340 mm)<\/p>\n<p>Masina kaal \u2013 2175 kg<\/p>\n<p>Trumli suurus \u2013 520 L<\/p>\n","protected":false},"excerpt":{"rendered":"<p>B\u00d6WE PremiumLine PERC on professionaalsete keemiliste puhastuste jaoks loodud perkloroet\u00fcleenil (PERC) t\u00f6\u00f6tav masin, mis \u00fchendab kompaktse disaini, k\u00f5rge puhastuskvaliteedi ja t\u00f6\u00f6kindla tehnoloogia. Masinad on m\u00f5eldud intensiivseks igap\u00e4evaseks kasutuseks ning sobivad ka piiratud ruumiga puhastust\u00f6\u00f6kodadesse.<\/p>\n<ul>\n<li>\u00a0Saadaval nii auru- kui ka elektrik\u00fcttega<\/li>\n<li>Sobib erinevat t\u00fc\u00fcpi r\u00f5ivaste ja puhastusprogrammide jaoks<\/li>\n<\/ul>\n","protected":false},"featured_media":13018,"comment_status":"open","ping_status":"closed","template":"","meta":[],"product_brand":[],"product_cat":[506,507,853,516,517],"product_tag":[835],"class_list":{"0":"post-11118","1":"product","2":"type-product","3":"status-publish","4":"has-post-thumbnail","6":"product_cat-ariklient","7":"product_cat-pesumajaseadmed","8":"product_cat-bowe","9":"product_cat-keemilise-puhastuse-masinad","10":"product_cat-perkloroetuleen","11":"product_tag-pesumajad","13":"first","14":"instock","15":"taxable","16":"shipping-taxable","17":"purchasable","18":"product-type-variable"},"yoast_head":"<!-- This site is optimized with the Yoast SEO plugin v27.0 - https:\/\/yoast.com\/product\/yoast-seo-wordpress\/ -->\n<title>B\u00d6WE PERC P26 Wideline keemilise puhastuse masin - Lavanno - pesuvahendite ekspert<\/title>\n<meta name=\"description\" content=\"B\u00d6WE PremiumLine P26 WideLine on kompaktne ja t\u00f6\u00f6kindel PERC-keemilise puhastuse masin, mis sobib professionaalseks igap\u00e4evaseks kasutuseks.\" \/>\n<meta name=\"robots\" content=\"index, follow, max-snippet:-1, max-image-preview:large, max-video-preview:-1\" \/>\n<link rel=\"canonical\" href=\"https:\/\/lavanno.com\/en\/toode\/bowe-perc-p26-wideline-keemilise-puhastuse-masin-aur\/\" \/>\n<meta property=\"og:locale\" content=\"en_US\" \/>\n<meta property=\"og:type\" content=\"article\" \/>\n<meta property=\"og:title\" content=\"B\u00d6WE PERC P26 Wideline keemilise puhastuse masin - Lavanno - pesuvahendite ekspert\" \/>\n<meta property=\"og:description\" content=\"B\u00d6WE PremiumLine P26 WideLine on kompaktne ja t\u00f6\u00f6kindel PERC-keemilise puhastuse masin, mis sobib professionaalseks igap\u00e4evaseks kasutuseks.\" \/>\n<meta property=\"og:url\" content=\"https:\/\/lavanno.com\/en\/toode\/bowe-perc-p26-wideline-keemilise-puhastuse-masin-aur\/\" \/>\n<meta property=\"og:site_name\" content=\"Lavanno - pesuvahendite ekspert\" \/>\n<meta property=\"article:publisher\" content=\"https:\/\/www.facebook.com\/Lavanno.ee\" \/>\n<meta property=\"article:modified_time\" content=\"2026-02-10T08:40:45+00:00\" \/>\n<meta property=\"og:image\" content=\"https:\/\/lavanno.com\/wp-content\/uploads\/2025\/08\/10_p26_front_neu.jpg\" \/>\n\t<meta property=\"og:image:width\" content=\"700\" \/>\n\t<meta property=\"og:image:height\" content=\"957\" \/>\n\t<meta property=\"og:image:type\" content=\"image\/jpeg\" \/>\n<meta name=\"twitter:card\" content=\"summary_large_image\" \/>\n<meta name=\"twitter:label1\" content=\"Est. reading time\" \/>\n\t<meta name=\"twitter:data1\" content=\"2 minutes\" \/>\n<script type=\"application\/ld+json\" class=\"yoast-schema-graph\">{\"@context\":\"https:\/\/schema.org\",\"@graph\":[{\"@type\":\"WebPage\",\"@id\":\"https:\/\/lavanno.com\/en\/toode\/bowe-perc-p26-wideline-keemilise-puhastuse-masin-aur\/\",\"url\":\"https:\/\/lavanno.com\/en\/toode\/bowe-perc-p26-wideline-keemilise-puhastuse-masin-aur\/\",\"name\":\"B\u00d6WE PERC P26 Wideline keemilise puhastuse masin - Lavanno - pesuvahendite ekspert\",\"isPartOf\":{\"@id\":\"https:\/\/lavanno.com\/en\/#website\"},\"primaryImageOfPage\":{\"@id\":\"https:\/\/lavanno.com\/en\/toode\/bowe-perc-p26-wideline-keemilise-puhastuse-masin-aur\/#primaryimage\"},\"image\":{\"@id\":\"https:\/\/lavanno.com\/en\/toode\/bowe-perc-p26-wideline-keemilise-puhastuse-masin-aur\/#primaryimage\"},\"thumbnailUrl\":\"https:\/\/lavanno.com\/wp-content\/uploads\/2025\/08\/10_p26_front_neu.jpg\",\"datePublished\":\"2025-08-13T13:55:01+00:00\",\"dateModified\":\"2026-02-10T08:40:45+00:00\",\"description\":\"B\u00d6WE PremiumLine P26 WideLine on kompaktne ja t\u00f6\u00f6kindel PERC-keemilise puhastuse masin, mis sobib professionaalseks igap\u00e4evaseks kasutuseks.\",\"breadcrumb\":{\"@id\":\"https:\/\/lavanno.com\/en\/toode\/bowe-perc-p26-wideline-keemilise-puhastuse-masin-aur\/#breadcrumb\"},\"inLanguage\":\"en-US\",\"potentialAction\":[{\"@type\":\"ReadAction\",\"target\":[\"https:\/\/lavanno.com\/en\/toode\/bowe-perc-p26-wideline-keemilise-puhastuse-masin-aur\/\"]}]},{\"@type\":\"ImageObject\",\"inLanguage\":\"en-US\",\"@id\":\"https:\/\/lavanno.com\/en\/toode\/bowe-perc-p26-wideline-keemilise-puhastuse-masin-aur\/#primaryimage\",\"url\":\"https:\/\/lavanno.com\/wp-content\/uploads\/2025\/08\/10_p26_front_neu.jpg\",\"contentUrl\":\"https:\/\/lavanno.com\/wp-content\/uploads\/2025\/08\/10_p26_front_neu.jpg\",\"width\":700,\"height\":957,\"caption\":\"Boewe P26\"},{\"@type\":\"BreadcrumbList\",\"@id\":\"https:\/\/lavanno.com\/en\/toode\/bowe-perc-p26-wideline-keemilise-puhastuse-masin-aur\/#breadcrumb\",\"itemListElement\":[{\"@type\":\"ListItem\",\"position\":1,\"name\":\"Home\",\"item\":\"https:\/\/lavanno.com\/en\/\"},{\"@type\":\"ListItem\",\"position\":2,\"name\":\"E-pood\",\"item\":\"https:\/\/lavanno.com\/e-pood\/\"},{\"@type\":\"ListItem\",\"position\":3,\"name\":\"B\u00d6WE PERC P26 Wideline keemilise puhastuse masin\"}]},{\"@type\":\"WebSite\",\"@id\":\"https:\/\/lavanno.com\/en\/#website\",\"url\":\"https:\/\/lavanno.com\/en\/\",\"name\":\"Lavanno - Pesuvahendite ekspert\",\"description\":\"Toome maale ja m\u00fc\u00fcme tekstiili pesuvahendeid, pesumajaseadmeid ja tarvikuid. Hooldame ja konsulteerime.\",\"publisher\":{\"@id\":\"https:\/\/lavanno.com\/en\/#organization\"},\"potentialAction\":[{\"@type\":\"SearchAction\",\"target\":{\"@type\":\"EntryPoint\",\"urlTemplate\":\"https:\/\/lavanno.com\/en\/?s={search_term_string}\"},\"query-input\":{\"@type\":\"PropertyValueSpecification\",\"valueRequired\":true,\"valueName\":\"search_term_string\"}}],\"inLanguage\":\"en-US\"},{\"@type\":\"Organization\",\"@id\":\"https:\/\/lavanno.com\/en\/#organization\",\"name\":\"Lavanno - Pesuvahendite ekspert\",\"url\":\"https:\/\/lavanno.com\/en\/\",\"logo\":{\"@type\":\"ImageObject\",\"inLanguage\":\"en-US\",\"@id\":\"https:\/\/lavanno.com\/en\/#\/schema\/logo\/image\/\",\"url\":\"https:\/\/lavanno.com\/wp-content\/uploads\/2025\/07\/Lavanno.png\",\"contentUrl\":\"https:\/\/lavanno.com\/wp-content\/uploads\/2025\/07\/Lavanno.png\",\"width\":1200,\"height\":1200,\"caption\":\"Lavanno - Pesuvahendite ekspert\"},\"image\":{\"@id\":\"https:\/\/lavanno.com\/en\/#\/schema\/logo\/image\/\"},\"sameAs\":[\"https:\/\/www.facebook.com\/Lavanno.ee\"]}]}<\/script>\n<!-- \/ Yoast SEO plugin. -->","yoast_head_json":{"title":"B\u00d6WE PERC P26 Wideline keemilise puhastuse masin - Lavanno - pesuvahendite ekspert","description":"B\u00d6WE PremiumLine P26 WideLine on kompaktne ja t\u00f6\u00f6kindel PERC-keemilise puhastuse masin, mis sobib professionaalseks igap\u00e4evaseks kasutuseks.","robots":{"index":"index","follow":"follow","max-snippet":"max-snippet:-1","max-image-preview":"max-image-preview:large","max-video-preview":"max-video-preview:-1"},"canonical":"https:\/\/lavanno.com\/en\/toode\/bowe-perc-p26-wideline-keemilise-puhastuse-masin-aur\/","og_locale":"en_US","og_type":"article","og_title":"B\u00d6WE PERC P26 Wideline keemilise puhastuse masin - Lavanno - pesuvahendite ekspert","og_description":"B\u00d6WE PremiumLine P26 WideLine on kompaktne ja t\u00f6\u00f6kindel PERC-keemilise puhastuse masin, mis sobib professionaalseks igap\u00e4evaseks kasutuseks.","og_url":"https:\/\/lavanno.com\/en\/toode\/bowe-perc-p26-wideline-keemilise-puhastuse-masin-aur\/","og_site_name":"Lavanno - pesuvahendite ekspert","article_publisher":"https:\/\/www.facebook.com\/Lavanno.ee","article_modified_time":"2026-02-10T08:40:45+00:00","og_image":[{"width":700,"height":957,"url":"https:\/\/lavanno.com\/wp-content\/uploads\/2025\/08\/10_p26_front_neu.jpg","type":"image\/jpeg"}],"twitter_card":"summary_large_image","twitter_misc":{"Est. reading time":"2 minutes"},"schema":{"@context":"https:\/\/schema.org","@graph":[{"@type":"WebPage","@id":"https:\/\/lavanno.com\/en\/toode\/bowe-perc-p26-wideline-keemilise-puhastuse-masin-aur\/","url":"https:\/\/lavanno.com\/en\/toode\/bowe-perc-p26-wideline-keemilise-puhastuse-masin-aur\/","name":"B\u00d6WE PERC P26 Wideline keemilise puhastuse masin - Lavanno - pesuvahendite ekspert","isPartOf":{"@id":"https:\/\/lavanno.com\/en\/#website"},"primaryImageOfPage":{"@id":"https:\/\/lavanno.com\/en\/toode\/bowe-perc-p26-wideline-keemilise-puhastuse-masin-aur\/#primaryimage"},"image":{"@id":"https:\/\/lavanno.com\/en\/toode\/bowe-perc-p26-wideline-keemilise-puhastuse-masin-aur\/#primaryimage"},"thumbnailUrl":"https:\/\/lavanno.com\/wp-content\/uploads\/2025\/08\/10_p26_front_neu.jpg","datePublished":"2025-08-13T13:55:01+00:00","dateModified":"2026-02-10T08:40:45+00:00","description":"B\u00d6WE PremiumLine P26 WideLine on kompaktne ja t\u00f6\u00f6kindel PERC-keemilise puhastuse masin, mis sobib professionaalseks igap\u00e4evaseks kasutuseks.","breadcrumb":{"@id":"https:\/\/lavanno.com\/en\/toode\/bowe-perc-p26-wideline-keemilise-puhastuse-masin-aur\/#breadcrumb"},"inLanguage":"en-US","potentialAction":[{"@type":"ReadAction","target":["https:\/\/lavanno.com\/en\/toode\/bowe-perc-p26-wideline-keemilise-puhastuse-masin-aur\/"]}]},{"@type":"ImageObject","inLanguage":"en-US","@id":"https:\/\/lavanno.com\/en\/toode\/bowe-perc-p26-wideline-keemilise-puhastuse-masin-aur\/#primaryimage","url":"https:\/\/lavanno.com\/wp-content\/uploads\/2025\/08\/10_p26_front_neu.jpg","contentUrl":"https:\/\/lavanno.com\/wp-content\/uploads\/2025\/08\/10_p26_front_neu.jpg","width":700,"height":957,"caption":"Boewe P26"},{"@type":"BreadcrumbList","@id":"https:\/\/lavanno.com\/en\/toode\/bowe-perc-p26-wideline-keemilise-puhastuse-masin-aur\/#breadcrumb","itemListElement":[{"@type":"ListItem","position":1,"name":"Home","item":"https:\/\/lavanno.com\/en\/"},{"@type":"ListItem","position":2,"name":"E-pood","item":"https:\/\/lavanno.com\/e-pood\/"},{"@type":"ListItem","position":3,"name":"B\u00d6WE PERC P26 Wideline keemilise puhastuse masin"}]},{"@type":"WebSite","@id":"https:\/\/lavanno.com\/en\/#website","url":"https:\/\/lavanno.com\/en\/","name":"Lavanno - Pesuvahendite ekspert","description":"Toome maale ja m\u00fc\u00fcme tekstiili pesuvahendeid, pesumajaseadmeid ja tarvikuid. Hooldame ja konsulteerime.","publisher":{"@id":"https:\/\/lavanno.com\/en\/#organization"},"potentialAction":[{"@type":"SearchAction","target":{"@type":"EntryPoint","urlTemplate":"https:\/\/lavanno.com\/en\/?s={search_term_string}"},"query-input":{"@type":"PropertyValueSpecification","valueRequired":true,"valueName":"search_term_string"}}],"inLanguage":"en-US"},{"@type":"Organization","@id":"https:\/\/lavanno.com\/en\/#organization","name":"Lavanno - Pesuvahendite ekspert","url":"https:\/\/lavanno.com\/en\/","logo":{"@type":"ImageObject","inLanguage":"en-US","@id":"https:\/\/lavanno.com\/en\/#\/schema\/logo\/image\/","url":"https:\/\/lavanno.com\/wp-content\/uploads\/2025\/07\/Lavanno.png","contentUrl":"https:\/\/lavanno.com\/wp-content\/uploads\/2025\/07\/Lavanno.png","width":1200,"height":1200,"caption":"Lavanno - Pesuvahendite ekspert"},"image":{"@id":"https:\/\/lavanno.com\/en\/#\/schema\/logo\/image\/"},"sameAs":["https:\/\/www.facebook.com\/Lavanno.ee"]}]}},"_links":{"self":[{"href":"https:\/\/lavanno.com\/en\/wp-json\/wp\/v2\/product\/11118","targetHints":{"allow":["GET"]}}],"collection":[{"href":"https:\/\/lavanno.com\/en\/wp-json\/wp\/v2\/product"}],"about":[{"href":"https:\/\/lavanno.com\/en\/wp-json\/wp\/v2\/types\/product"}],"replies":[{"embeddable":true,"href":"https:\/\/lavanno.com\/en\/wp-json\/wp\/v2\/comments?post=11118"}],"wp:featuredmedia":[{"embeddable":true,"href":"https:\/\/lavanno.com\/en\/wp-json\/wp\/v2\/media\/13018"}],"wp:attachment":[{"href":"https:\/\/lavanno.com\/en\/wp-json\/wp\/v2\/media?parent=11118"}],"wp:term":[{"taxonomy":"product_brand","embeddable":true,"href":"https:\/\/lavanno.com\/en\/wp-json\/wp\/v2\/product_brand?post=11118"},{"taxonomy":"product_cat","embeddable":true,"href":"https:\/\/lavanno.com\/en\/wp-json\/wp\/v2\/product_cat?post=11118"},{"taxonomy":"product_tag","embeddable":true,"href":"https:\/\/lavanno.com\/en\/wp-json\/wp\/v2\/product_tag?post=11118"}],"curies":[{"name":"wp","href":"https:\/\/api.w.org\/{rel}","templated":true}]}}