{"id":11131,"date":"2025-08-13T17:00:01","date_gmt":"2025-08-13T14:00:01","guid":{"rendered":"https:\/\/lavanno.com\/toode\/kuumpress-spirit-3-automaatne\/"},"modified":"2026-05-02T14:35:03","modified_gmt":"2026-05-02T11:35:03","slug":"kuumpress-spirit-3-automaatne","status":"publish","type":"product","link":"https:\/\/lavanno.com\/en\/toode\/kuumpress-spirit-3-automaatne\/","title":{"rendered":"Kuumpress SPIRIT 3 Automatic"},"content":{"rendered":"<p data-start=\"78\" data-end=\"101\"><strong data-start=\"78\" data-end=\"99\">Tehnilised andmed<\/strong><\/p>\n<ul data-start=\"102\" data-end=\"267\">\n<li data-start=\"102\" data-end=\"125\">\n<p data-start=\"104\" data-end=\"125\">Toide: 230 V, 50 Hz<\/p>\n<\/li>\n<li data-start=\"126\" data-end=\"144\">\n<p data-start=\"128\" data-end=\"144\">V\u00f5imsus: 750 W<\/p>\n<\/li>\n<li data-start=\"145\" data-end=\"219\">\n<p data-start=\"147\" data-end=\"219\">M\u00f5\u00f5tmed:<br data-start=\"155\" data-end=\"158\" \/>\u2022 Pikkus: 450 mm<br data-start=\"176\" data-end=\"179\" \/>\u2022 Laius: 220 mm<br data-start=\"196\" data-end=\"199\" \/>\u2022 K\u00f5rgus: 500 mm<\/p>\n<\/li>\n<li data-start=\"220\" data-end=\"235\">\n<p data-start=\"222\" data-end=\"235\">Kaal: 15 kg<\/p>\n<\/li>\n<li data-start=\"236\" data-end=\"267\">\n<p data-start=\"238\" data-end=\"267\">\u00dclemine plaat: 150 \u00d7 115 mm<\/p>\n<\/li>\n<\/ul>\n","protected":false},"excerpt":{"rendered":"<p>Professionaalne automaatne kuumpress, mis tagab kiire ja mugava t\u00f6\u00f6 t\u00e4nu suurele k\u00fcttev\u00f5imsusele, automaatsele avanemisele ja vahetatavatele alumistele plaatidele. Suurem alumine plaat v\u00f5imaldab kinnitada ka suuremaid etikette ja embleeme, \u201eCushion system\u201c tagab \u00fchtlase surve ning kvaliteetse kuumtihenduse. Elektrooniline juhtimine neljarealisel ekraanil kuvab k\u00f5ik olulised andmed \u2013 temperatuuri, t\u00f6\u00f6detailide arvu, t\u00f6\u00f6tunnid ja hooldusintervallid.<\/p>\n<p>Seade kuumeneb kiiresti, annab automaatsed veateated ning vastab CE n\u00f5uetele ja uusimatele masinadirektiividele. Spirit 3 Automatic on t\u00f6\u00f6kindel ja kaasaegne kuumpress, mis sobib intensiivseks igap\u00e4evaseks kasutuseks ja tagab alati professionaalse tulemuse.<\/p>\n","protected":false},"featured_media":11383,"comment_status":"open","ping_status":"closed","template":"","meta":[],"product_brand":[],"product_cat":[863,892],"product_tag":[835,839,840],"class_list":{"0":"post-11131","1":"product","2":"type-product","3":"status-publish","4":"has-post-thumbnail","6":"product_cat-thermotex","7":"product_cat-kuumpressid","8":"product_tag-pesumajad","9":"product_tag-tervishoid","10":"product_tag-toostusettevotted","12":"first","13":"outofstock","14":"taxable","15":"shipping-taxable","16":"purchasable","17":"product-type-simple"},"yoast_head":"<!-- This site is optimized with the Yoast SEO plugin v27.0 - https:\/\/yoast.com\/product\/yoast-seo-wordpress\/ -->\n<title>Kuumpress SPIRIT 3 Automatic - Lavanno - pesuvahendite ekspert<\/title>\n<meta name=\"description\" content=\"Spirit 3 Automatic kuumpress - kiire kuumenemine, automaatne avanemine ja professionaalne kvaliteet intensiivseks igap\u00e4evaseks kasutuseks.\" \/>\n<meta name=\"robots\" content=\"index, follow, max-snippet:-1, max-image-preview:large, max-video-preview:-1\" \/>\n<link rel=\"canonical\" href=\"https:\/\/lavanno.com\/en\/toode\/kuumpress-spirit-3-automaatne\/\" \/>\n<meta property=\"og:locale\" content=\"en_US\" \/>\n<meta property=\"og:type\" content=\"article\" \/>\n<meta property=\"og:title\" content=\"Kuumpress SPIRIT 3 Automatic - Lavanno - pesuvahendite ekspert\" \/>\n<meta property=\"og:description\" content=\"Spirit 3 Automatic kuumpress - kiire kuumenemine, automaatne avanemine ja professionaalne kvaliteet intensiivseks igap\u00e4evaseks kasutuseks.\" \/>\n<meta property=\"og:url\" content=\"https:\/\/lavanno.com\/en\/toode\/kuumpress-spirit-3-automaatne\/\" \/>\n<meta property=\"og:site_name\" content=\"Lavanno - pesuvahendite ekspert\" \/>\n<meta property=\"article:publisher\" content=\"https:\/\/www.facebook.com\/Lavanno.ee\" \/>\n<meta property=\"article:modified_time\" content=\"2026-05-02T11:35:03+00:00\" \/>\n<meta property=\"og:image\" content=\"https:\/\/lavanno.com\/wp-content\/uploads\/2025\/08\/Spirit3-Automatic-kuumpress.png\" \/>\n\t<meta property=\"og:image:width\" content=\"800\" \/>\n\t<meta property=\"og:image:height\" content=\"800\" \/>\n\t<meta property=\"og:image:type\" content=\"image\/png\" \/>\n<meta name=\"twitter:card\" content=\"summary_large_image\" \/>\n<meta name=\"twitter:label1\" content=\"Est. reading time\" \/>\n\t<meta name=\"twitter:data1\" content=\"1 minute\" \/>\n<script type=\"application\/ld+json\" class=\"yoast-schema-graph\">{\"@context\":\"https:\/\/schema.org\",\"@graph\":[{\"@type\":\"WebPage\",\"@id\":\"https:\/\/lavanno.com\/en\/toode\/kuumpress-spirit-3-automaatne\/\",\"url\":\"https:\/\/lavanno.com\/en\/toode\/kuumpress-spirit-3-automaatne\/\",\"name\":\"Kuumpress SPIRIT 3 Automatic - Lavanno - pesuvahendite ekspert\",\"isPartOf\":{\"@id\":\"https:\/\/lavanno.com\/en\/#website\"},\"primaryImageOfPage\":{\"@id\":\"https:\/\/lavanno.com\/en\/toode\/kuumpress-spirit-3-automaatne\/#primaryimage\"},\"image\":{\"@id\":\"https:\/\/lavanno.com\/en\/toode\/kuumpress-spirit-3-automaatne\/#primaryimage\"},\"thumbnailUrl\":\"https:\/\/lavanno.com\/wp-content\/uploads\/2025\/08\/Spirit3-Automatic-kuumpress.png\",\"datePublished\":\"2025-08-13T14:00:01+00:00\",\"dateModified\":\"2026-05-02T11:35:03+00:00\",\"description\":\"Spirit 3 Automatic kuumpress - kiire kuumenemine, automaatne avanemine ja professionaalne kvaliteet intensiivseks igap\u00e4evaseks kasutuseks.\",\"breadcrumb\":{\"@id\":\"https:\/\/lavanno.com\/en\/toode\/kuumpress-spirit-3-automaatne\/#breadcrumb\"},\"inLanguage\":\"en-US\",\"potentialAction\":[{\"@type\":\"ReadAction\",\"target\":[\"https:\/\/lavanno.com\/en\/toode\/kuumpress-spirit-3-automaatne\/\"]}]},{\"@type\":\"ImageObject\",\"inLanguage\":\"en-US\",\"@id\":\"https:\/\/lavanno.com\/en\/toode\/kuumpress-spirit-3-automaatne\/#primaryimage\",\"url\":\"https:\/\/lavanno.com\/wp-content\/uploads\/2025\/08\/Spirit3-Automatic-kuumpress.png\",\"contentUrl\":\"https:\/\/lavanno.com\/wp-content\/uploads\/2025\/08\/Spirit3-Automatic-kuumpress.png\",\"width\":800,\"height\":800},{\"@type\":\"BreadcrumbList\",\"@id\":\"https:\/\/lavanno.com\/en\/toode\/kuumpress-spirit-3-automaatne\/#breadcrumb\",\"itemListElement\":[{\"@type\":\"ListItem\",\"position\":1,\"name\":\"Home\",\"item\":\"https:\/\/lavanno.com\/en\/\"},{\"@type\":\"ListItem\",\"position\":2,\"name\":\"E-pood\",\"item\":\"https:\/\/lavanno.com\/e-pood\/\"},{\"@type\":\"ListItem\",\"position\":3,\"name\":\"Kuumpress SPIRIT 3 Automatic\"}]},{\"@type\":\"WebSite\",\"@id\":\"https:\/\/lavanno.com\/en\/#website\",\"url\":\"https:\/\/lavanno.com\/en\/\",\"name\":\"Lavanno - Pesuvahendite ekspert\",\"description\":\"Toome maale ja m\u00fc\u00fcme tekstiili pesuvahendeid, pesumajaseadmeid ja tarvikuid. Hooldame ja konsulteerime.\",\"publisher\":{\"@id\":\"https:\/\/lavanno.com\/en\/#organization\"},\"potentialAction\":[{\"@type\":\"SearchAction\",\"target\":{\"@type\":\"EntryPoint\",\"urlTemplate\":\"https:\/\/lavanno.com\/en\/?s={search_term_string}\"},\"query-input\":{\"@type\":\"PropertyValueSpecification\",\"valueRequired\":true,\"valueName\":\"search_term_string\"}}],\"inLanguage\":\"en-US\"},{\"@type\":\"Organization\",\"@id\":\"https:\/\/lavanno.com\/en\/#organization\",\"name\":\"Lavanno - Pesuvahendite ekspert\",\"url\":\"https:\/\/lavanno.com\/en\/\",\"logo\":{\"@type\":\"ImageObject\",\"inLanguage\":\"en-US\",\"@id\":\"https:\/\/lavanno.com\/en\/#\/schema\/logo\/image\/\",\"url\":\"https:\/\/lavanno.com\/wp-content\/uploads\/2025\/07\/Lavanno.png\",\"contentUrl\":\"https:\/\/lavanno.com\/wp-content\/uploads\/2025\/07\/Lavanno.png\",\"width\":1200,\"height\":1200,\"caption\":\"Lavanno - Pesuvahendite ekspert\"},\"image\":{\"@id\":\"https:\/\/lavanno.com\/en\/#\/schema\/logo\/image\/\"},\"sameAs\":[\"https:\/\/www.facebook.com\/Lavanno.ee\"]}]}<\/script>\n<!-- \/ Yoast SEO plugin. -->","yoast_head_json":{"title":"Kuumpress SPIRIT 3 Automatic - Lavanno - pesuvahendite ekspert","description":"Spirit 3 Automatic kuumpress - kiire kuumenemine, automaatne avanemine ja professionaalne kvaliteet intensiivseks igap\u00e4evaseks kasutuseks.","robots":{"index":"index","follow":"follow","max-snippet":"max-snippet:-1","max-image-preview":"max-image-preview:large","max-video-preview":"max-video-preview:-1"},"canonical":"https:\/\/lavanno.com\/en\/toode\/kuumpress-spirit-3-automaatne\/","og_locale":"en_US","og_type":"article","og_title":"Kuumpress SPIRIT 3 Automatic - Lavanno - pesuvahendite ekspert","og_description":"Spirit 3 Automatic kuumpress - kiire kuumenemine, automaatne avanemine ja professionaalne kvaliteet intensiivseks igap\u00e4evaseks kasutuseks.","og_url":"https:\/\/lavanno.com\/en\/toode\/kuumpress-spirit-3-automaatne\/","og_site_name":"Lavanno - pesuvahendite ekspert","article_publisher":"https:\/\/www.facebook.com\/Lavanno.ee","article_modified_time":"2026-05-02T11:35:03+00:00","og_image":[{"width":800,"height":800,"url":"https:\/\/lavanno.com\/wp-content\/uploads\/2025\/08\/Spirit3-Automatic-kuumpress.png","type":"image\/png"}],"twitter_card":"summary_large_image","twitter_misc":{"Est. reading time":"1 minute"},"schema":{"@context":"https:\/\/schema.org","@graph":[{"@type":"WebPage","@id":"https:\/\/lavanno.com\/en\/toode\/kuumpress-spirit-3-automaatne\/","url":"https:\/\/lavanno.com\/en\/toode\/kuumpress-spirit-3-automaatne\/","name":"Kuumpress SPIRIT 3 Automatic - Lavanno - pesuvahendite ekspert","isPartOf":{"@id":"https:\/\/lavanno.com\/en\/#website"},"primaryImageOfPage":{"@id":"https:\/\/lavanno.com\/en\/toode\/kuumpress-spirit-3-automaatne\/#primaryimage"},"image":{"@id":"https:\/\/lavanno.com\/en\/toode\/kuumpress-spirit-3-automaatne\/#primaryimage"},"thumbnailUrl":"https:\/\/lavanno.com\/wp-content\/uploads\/2025\/08\/Spirit3-Automatic-kuumpress.png","datePublished":"2025-08-13T14:00:01+00:00","dateModified":"2026-05-02T11:35:03+00:00","description":"Spirit 3 Automatic kuumpress - kiire kuumenemine, automaatne avanemine ja professionaalne kvaliteet intensiivseks igap\u00e4evaseks kasutuseks.","breadcrumb":{"@id":"https:\/\/lavanno.com\/en\/toode\/kuumpress-spirit-3-automaatne\/#breadcrumb"},"inLanguage":"en-US","potentialAction":[{"@type":"ReadAction","target":["https:\/\/lavanno.com\/en\/toode\/kuumpress-spirit-3-automaatne\/"]}]},{"@type":"ImageObject","inLanguage":"en-US","@id":"https:\/\/lavanno.com\/en\/toode\/kuumpress-spirit-3-automaatne\/#primaryimage","url":"https:\/\/lavanno.com\/wp-content\/uploads\/2025\/08\/Spirit3-Automatic-kuumpress.png","contentUrl":"https:\/\/lavanno.com\/wp-content\/uploads\/2025\/08\/Spirit3-Automatic-kuumpress.png","width":800,"height":800},{"@type":"BreadcrumbList","@id":"https:\/\/lavanno.com\/en\/toode\/kuumpress-spirit-3-automaatne\/#breadcrumb","itemListElement":[{"@type":"ListItem","position":1,"name":"Home","item":"https:\/\/lavanno.com\/en\/"},{"@type":"ListItem","position":2,"name":"E-pood","item":"https:\/\/lavanno.com\/e-pood\/"},{"@type":"ListItem","position":3,"name":"Kuumpress SPIRIT 3 Automatic"}]},{"@type":"WebSite","@id":"https:\/\/lavanno.com\/en\/#website","url":"https:\/\/lavanno.com\/en\/","name":"Lavanno - Pesuvahendite ekspert","description":"Toome maale ja m\u00fc\u00fcme tekstiili pesuvahendeid, pesumajaseadmeid ja tarvikuid. Hooldame ja konsulteerime.","publisher":{"@id":"https:\/\/lavanno.com\/en\/#organization"},"potentialAction":[{"@type":"SearchAction","target":{"@type":"EntryPoint","urlTemplate":"https:\/\/lavanno.com\/en\/?s={search_term_string}"},"query-input":{"@type":"PropertyValueSpecification","valueRequired":true,"valueName":"search_term_string"}}],"inLanguage":"en-US"},{"@type":"Organization","@id":"https:\/\/lavanno.com\/en\/#organization","name":"Lavanno - Pesuvahendite ekspert","url":"https:\/\/lavanno.com\/en\/","logo":{"@type":"ImageObject","inLanguage":"en-US","@id":"https:\/\/lavanno.com\/en\/#\/schema\/logo\/image\/","url":"https:\/\/lavanno.com\/wp-content\/uploads\/2025\/07\/Lavanno.png","contentUrl":"https:\/\/lavanno.com\/wp-content\/uploads\/2025\/07\/Lavanno.png","width":1200,"height":1200,"caption":"Lavanno - Pesuvahendite ekspert"},"image":{"@id":"https:\/\/lavanno.com\/en\/#\/schema\/logo\/image\/"},"sameAs":["https:\/\/www.facebook.com\/Lavanno.ee"]}]}},"_links":{"self":[{"href":"https:\/\/lavanno.com\/en\/wp-json\/wp\/v2\/product\/11131","targetHints":{"allow":["GET"]}}],"collection":[{"href":"https:\/\/lavanno.com\/en\/wp-json\/wp\/v2\/product"}],"about":[{"href":"https:\/\/lavanno.com\/en\/wp-json\/wp\/v2\/types\/product"}],"replies":[{"embeddable":true,"href":"https:\/\/lavanno.com\/en\/wp-json\/wp\/v2\/comments?post=11131"}],"wp:featuredmedia":[{"embeddable":true,"href":"https:\/\/lavanno.com\/en\/wp-json\/wp\/v2\/media\/11383"}],"wp:attachment":[{"href":"https:\/\/lavanno.com\/en\/wp-json\/wp\/v2\/media?parent=11131"}],"wp:term":[{"taxonomy":"product_brand","embeddable":true,"href":"https:\/\/lavanno.com\/en\/wp-json\/wp\/v2\/product_brand?post=11131"},{"taxonomy":"product_cat","embeddable":true,"href":"https:\/\/lavanno.com\/en\/wp-json\/wp\/v2\/product_cat?post=11131"},{"taxonomy":"product_tag","embeddable":true,"href":"https:\/\/lavanno.com\/en\/wp-json\/wp\/v2\/product_tag?post=11131"}],"curies":[{"name":"wp","href":"https:\/\/api.w.org\/{rel}","templated":true}]}}