{"id":11133,"date":"2025-08-13T17:00:01","date_gmt":"2025-08-13T14:00:01","guid":{"rendered":"https:\/\/lavanno.com\/toode\/thermo-ident-2-markeerimise-seade-15-mm-lindile\/"},"modified":"2026-05-02T14:35:03","modified_gmt":"2026-05-02T11:35:03","slug":"thermo-ident-2-markeerimise-seade-15-mm-lindile","status":"publish","type":"product","link":"https:\/\/lavanno.com\/en\/toode\/thermo-ident-2-markeerimise-seade-15-mm-lindile\/","title":{"rendered":"Thermo-Ident 2 markeerimise seade &#8211; 15 mm lindile"},"content":{"rendered":"<p>Tehnilised andmed<\/p>\n<p>Toide: 220\u2013240 V, 50\u201360 Hz<\/p>\n<p>V\u00f5imsus: 500 W<\/p>\n<p>M\u00f5\u00f5tmed:<br \/>\n\u2022 Laius: 560 mm<br \/>\n\u2022 K\u00f5rgus: 310 mm<br \/>\n\u2022 S\u00fcgavus: 460 mm<\/p>\n<p>Kaal: 30 kg<\/p>\n<p>T\u00f6\u00f6r\u00f5hk: 4\u20136 bar<\/p>\n","protected":false},"excerpt":{"rendered":"<p>Thermo-Ident 2 ajutine markeerimisseade \u2013 15 mm lindile<\/p>\n<p>Thermo-Ident 2 on mitmefunktsiooniline seade, mis v\u00f5imaldab kiiret ja t\u00f5husat nii ajutist kui ka p\u00fcsivat m\u00e4rgistamist termosiirde tr\u00fckiprotsessi abil. Seade tr\u00fckib, l\u00f5ikab ja kinnitab etiketi v\u00e4ga l\u00fchikese ajaga, tagades selge ja kvaliteetse tr\u00fckipildi. Individuaalselt kujundatavad etiketid (nt triipkoodid, Data Matrix koodid, tekst v\u00f5i logod) annavad suure paindlikkuse igap\u00e4evases t\u00f6\u00f6s.<\/p>\n<p>Seade kasutab THERMOTEXi usaldusv\u00e4\u00e4rset juhts\u00fcsteemi, millel on selge ekraan ja kasulikud funktsioonid, nagu programmeeritavad funktsiooninupud, t\u00f6\u00f6tundide loendur, automaatne loendamine ja nummerdamine ning mitmekeelne kasutajaliides. Thermo-Ident 2 t\u00f6\u00f6tab iseseisvalt v\u00f5i on \u00fchendatav arvutiga l\u00e4bi RS-232 liidese ja Etherneti.<\/p>\n<p>Peamised omadused ja eelised:<\/p>\n<p>2-\u00fches lahendus \u2013 ajutine ja p\u00fcsiv m\u00e4rgistus \u00fche seadmega<\/p>\n<p>Kiire protsess \u2013 tr\u00fckkimine, l\u00f5ikamine ja kuumtihendamine l\u00fchikese ajaga<\/p>\n<p>Automaatne etiketi pikkuse m\u00e4\u00e4ramine teksti j\u00e4rgi<\/p>\n<p>Suur paindlikkus \u2013 tr\u00fckk Data Matrix, triipkoodid, tekst, logod, \u00fche- v\u00f5i mitmerealine kujundus<\/p>\n<p>Lindite hoidla kuni 7 rullile, lihtne lindivahetus<\/p>\n<p>Puuteekraan kiire ligip\u00e4\u00e4suga funktsioonidele<\/p>\n<p>Vastupidav konstruktsioon \u2013 tugevdatud alumiiniumist survekuul, stabiilne Teflon ja vahetatav metallplaat<\/p>\n<p>Mugav k\u00e4sitsemine \u2013 kandek\u00e4epidemed, lihtsam lindikeeramine ja k\u00f5ik \u00fchendused koondatud seadme tagumisele k\u00fcljele<\/p>\n<p>Optimeeritud tr\u00fckirull veelgi selgemate etikettide ja mugavama k\u00e4sitsemise jaoks<\/p>\n<p>Thermo-Ident 2 on t\u00f6\u00f6kindel ja kaasaegne m\u00e4rgistusseade, mis pakub professionaalset lahendust nii ajutiseks kui ka p\u00fcsivaks m\u00e4rgistamiseks, olles eriti sobilik pesumajadele, haiglatele ja t\u00f6\u00f6stusettev\u00f5tetele.<\/p>\n","protected":false},"featured_media":11436,"comment_status":"open","ping_status":"closed","template":"","meta":[],"product_brand":[],"product_cat":[863,886],"product_tag":[835,839,840],"class_list":{"0":"post-11133","1":"product","2":"type-product","3":"status-publish","4":"has-post-thumbnail","6":"product_cat-thermotex","7":"product_cat-termoprinterid","8":"product_tag-pesumajad","9":"product_tag-tervishoid","10":"product_tag-toostusettevotted","12":"first","13":"outofstock","14":"taxable","15":"shipping-taxable","16":"purchasable","17":"product-type-simple"},"yoast_head":"<!-- This site is optimized with the Yoast SEO plugin v27.0 - https:\/\/yoast.com\/product\/yoast-seo-wordpress\/ -->\n<title>Thermo-Ident 2 markeerimise seade - 15 mm lindile - Lavanno - pesuvahendite ekspert<\/title>\n<meta name=\"description\" content=\"Thermo Ident 2 kiire ja t\u00f6\u00f6kindel markeerimisseade 15 mm lindile. Tr\u00fckkimine, l\u00f5ikamine ja kuumtihendamine ajutiseks v\u00f5i p\u00fcsivaks m\u00e4rgistamiseks.\" \/>\n<meta name=\"robots\" content=\"index, follow, max-snippet:-1, max-image-preview:large, max-video-preview:-1\" \/>\n<link rel=\"canonical\" href=\"https:\/\/lavanno.com\/en\/toode\/thermo-ident-2-markeerimise-seade-15-mm-lindile\/\" \/>\n<meta property=\"og:locale\" content=\"en_US\" \/>\n<meta property=\"og:type\" content=\"article\" \/>\n<meta property=\"og:title\" content=\"Thermo-Ident 2 markeerimise seade - 15 mm lindile - Lavanno - pesuvahendite ekspert\" \/>\n<meta property=\"og:description\" content=\"Thermo Ident 2 kiire ja t\u00f6\u00f6kindel markeerimisseade 15 mm lindile. Tr\u00fckkimine, l\u00f5ikamine ja kuumtihendamine ajutiseks v\u00f5i p\u00fcsivaks m\u00e4rgistamiseks.\" \/>\n<meta property=\"og:url\" content=\"https:\/\/lavanno.com\/en\/toode\/thermo-ident-2-markeerimise-seade-15-mm-lindile\/\" \/>\n<meta property=\"og:site_name\" content=\"Lavanno - pesuvahendite ekspert\" \/>\n<meta property=\"article:publisher\" content=\"https:\/\/www.facebook.com\/Lavanno.ee\" \/>\n<meta property=\"article:modified_time\" content=\"2026-05-02T11:35:03+00:00\" \/>\n<meta property=\"og:image\" content=\"https:\/\/lavanno.com\/wp-content\/uploads\/2025\/08\/Thermo-Ident2.png\" \/>\n\t<meta property=\"og:image:width\" content=\"800\" \/>\n\t<meta property=\"og:image:height\" content=\"800\" \/>\n\t<meta property=\"og:image:type\" content=\"image\/png\" \/>\n<meta name=\"twitter:card\" content=\"summary_large_image\" \/>\n<meta name=\"twitter:label1\" content=\"Est. reading time\" \/>\n\t<meta name=\"twitter:data1\" content=\"1 minute\" \/>\n<script type=\"application\/ld+json\" class=\"yoast-schema-graph\">{\"@context\":\"https:\/\/schema.org\",\"@graph\":[{\"@type\":\"WebPage\",\"@id\":\"https:\/\/lavanno.com\/en\/toode\/thermo-ident-2-markeerimise-seade-15-mm-lindile\/\",\"url\":\"https:\/\/lavanno.com\/en\/toode\/thermo-ident-2-markeerimise-seade-15-mm-lindile\/\",\"name\":\"Thermo-Ident 2 markeerimise seade - 15 mm lindile - Lavanno - pesuvahendite ekspert\",\"isPartOf\":{\"@id\":\"https:\/\/lavanno.com\/en\/#website\"},\"primaryImageOfPage\":{\"@id\":\"https:\/\/lavanno.com\/en\/toode\/thermo-ident-2-markeerimise-seade-15-mm-lindile\/#primaryimage\"},\"image\":{\"@id\":\"https:\/\/lavanno.com\/en\/toode\/thermo-ident-2-markeerimise-seade-15-mm-lindile\/#primaryimage\"},\"thumbnailUrl\":\"https:\/\/lavanno.com\/wp-content\/uploads\/2025\/08\/Thermo-Ident2.png\",\"datePublished\":\"2025-08-13T14:00:01+00:00\",\"dateModified\":\"2026-05-02T11:35:03+00:00\",\"description\":\"Thermo Ident 2 kiire ja t\u00f6\u00f6kindel markeerimisseade 15 mm lindile. Tr\u00fckkimine, l\u00f5ikamine ja kuumtihendamine ajutiseks v\u00f5i p\u00fcsivaks m\u00e4rgistamiseks.\",\"breadcrumb\":{\"@id\":\"https:\/\/lavanno.com\/en\/toode\/thermo-ident-2-markeerimise-seade-15-mm-lindile\/#breadcrumb\"},\"inLanguage\":\"en-US\",\"potentialAction\":[{\"@type\":\"ReadAction\",\"target\":[\"https:\/\/lavanno.com\/en\/toode\/thermo-ident-2-markeerimise-seade-15-mm-lindile\/\"]}]},{\"@type\":\"ImageObject\",\"inLanguage\":\"en-US\",\"@id\":\"https:\/\/lavanno.com\/en\/toode\/thermo-ident-2-markeerimise-seade-15-mm-lindile\/#primaryimage\",\"url\":\"https:\/\/lavanno.com\/wp-content\/uploads\/2025\/08\/Thermo-Ident2.png\",\"contentUrl\":\"https:\/\/lavanno.com\/wp-content\/uploads\/2025\/08\/Thermo-Ident2.png\",\"width\":800,\"height\":800,\"caption\":\"Thermo-Ident2\"},{\"@type\":\"BreadcrumbList\",\"@id\":\"https:\/\/lavanno.com\/en\/toode\/thermo-ident-2-markeerimise-seade-15-mm-lindile\/#breadcrumb\",\"itemListElement\":[{\"@type\":\"ListItem\",\"position\":1,\"name\":\"Home\",\"item\":\"https:\/\/lavanno.com\/en\/\"},{\"@type\":\"ListItem\",\"position\":2,\"name\":\"E-pood\",\"item\":\"https:\/\/lavanno.com\/e-pood\/\"},{\"@type\":\"ListItem\",\"position\":3,\"name\":\"Thermo-Ident 2 markeerimise seade &#8211; 15 mm lindile\"}]},{\"@type\":\"WebSite\",\"@id\":\"https:\/\/lavanno.com\/en\/#website\",\"url\":\"https:\/\/lavanno.com\/en\/\",\"name\":\"Lavanno - Pesuvahendite ekspert\",\"description\":\"Toome maale ja m\u00fc\u00fcme tekstiili pesuvahendeid, pesumajaseadmeid ja tarvikuid. Hooldame ja konsulteerime.\",\"publisher\":{\"@id\":\"https:\/\/lavanno.com\/en\/#organization\"},\"potentialAction\":[{\"@type\":\"SearchAction\",\"target\":{\"@type\":\"EntryPoint\",\"urlTemplate\":\"https:\/\/lavanno.com\/en\/?s={search_term_string}\"},\"query-input\":{\"@type\":\"PropertyValueSpecification\",\"valueRequired\":true,\"valueName\":\"search_term_string\"}}],\"inLanguage\":\"en-US\"},{\"@type\":\"Organization\",\"@id\":\"https:\/\/lavanno.com\/en\/#organization\",\"name\":\"Lavanno - Pesuvahendite ekspert\",\"url\":\"https:\/\/lavanno.com\/en\/\",\"logo\":{\"@type\":\"ImageObject\",\"inLanguage\":\"en-US\",\"@id\":\"https:\/\/lavanno.com\/en\/#\/schema\/logo\/image\/\",\"url\":\"https:\/\/lavanno.com\/wp-content\/uploads\/2025\/07\/Lavanno.png\",\"contentUrl\":\"https:\/\/lavanno.com\/wp-content\/uploads\/2025\/07\/Lavanno.png\",\"width\":1200,\"height\":1200,\"caption\":\"Lavanno - Pesuvahendite ekspert\"},\"image\":{\"@id\":\"https:\/\/lavanno.com\/en\/#\/schema\/logo\/image\/\"},\"sameAs\":[\"https:\/\/www.facebook.com\/Lavanno.ee\"]}]}<\/script>\n<!-- \/ Yoast SEO plugin. -->","yoast_head_json":{"title":"Thermo-Ident 2 markeerimise seade - 15 mm lindile - Lavanno - pesuvahendite ekspert","description":"Thermo Ident 2 kiire ja t\u00f6\u00f6kindel markeerimisseade 15 mm lindile. Tr\u00fckkimine, l\u00f5ikamine ja kuumtihendamine ajutiseks v\u00f5i p\u00fcsivaks m\u00e4rgistamiseks.","robots":{"index":"index","follow":"follow","max-snippet":"max-snippet:-1","max-image-preview":"max-image-preview:large","max-video-preview":"max-video-preview:-1"},"canonical":"https:\/\/lavanno.com\/en\/toode\/thermo-ident-2-markeerimise-seade-15-mm-lindile\/","og_locale":"en_US","og_type":"article","og_title":"Thermo-Ident 2 markeerimise seade - 15 mm lindile - Lavanno - pesuvahendite ekspert","og_description":"Thermo Ident 2 kiire ja t\u00f6\u00f6kindel markeerimisseade 15 mm lindile. Tr\u00fckkimine, l\u00f5ikamine ja kuumtihendamine ajutiseks v\u00f5i p\u00fcsivaks m\u00e4rgistamiseks.","og_url":"https:\/\/lavanno.com\/en\/toode\/thermo-ident-2-markeerimise-seade-15-mm-lindile\/","og_site_name":"Lavanno - pesuvahendite ekspert","article_publisher":"https:\/\/www.facebook.com\/Lavanno.ee","article_modified_time":"2026-05-02T11:35:03+00:00","og_image":[{"width":800,"height":800,"url":"https:\/\/lavanno.com\/wp-content\/uploads\/2025\/08\/Thermo-Ident2.png","type":"image\/png"}],"twitter_card":"summary_large_image","twitter_misc":{"Est. reading time":"1 minute"},"schema":{"@context":"https:\/\/schema.org","@graph":[{"@type":"WebPage","@id":"https:\/\/lavanno.com\/en\/toode\/thermo-ident-2-markeerimise-seade-15-mm-lindile\/","url":"https:\/\/lavanno.com\/en\/toode\/thermo-ident-2-markeerimise-seade-15-mm-lindile\/","name":"Thermo-Ident 2 markeerimise seade - 15 mm lindile - Lavanno - pesuvahendite ekspert","isPartOf":{"@id":"https:\/\/lavanno.com\/en\/#website"},"primaryImageOfPage":{"@id":"https:\/\/lavanno.com\/en\/toode\/thermo-ident-2-markeerimise-seade-15-mm-lindile\/#primaryimage"},"image":{"@id":"https:\/\/lavanno.com\/en\/toode\/thermo-ident-2-markeerimise-seade-15-mm-lindile\/#primaryimage"},"thumbnailUrl":"https:\/\/lavanno.com\/wp-content\/uploads\/2025\/08\/Thermo-Ident2.png","datePublished":"2025-08-13T14:00:01+00:00","dateModified":"2026-05-02T11:35:03+00:00","description":"Thermo Ident 2 kiire ja t\u00f6\u00f6kindel markeerimisseade 15 mm lindile. Tr\u00fckkimine, l\u00f5ikamine ja kuumtihendamine ajutiseks v\u00f5i p\u00fcsivaks m\u00e4rgistamiseks.","breadcrumb":{"@id":"https:\/\/lavanno.com\/en\/toode\/thermo-ident-2-markeerimise-seade-15-mm-lindile\/#breadcrumb"},"inLanguage":"en-US","potentialAction":[{"@type":"ReadAction","target":["https:\/\/lavanno.com\/en\/toode\/thermo-ident-2-markeerimise-seade-15-mm-lindile\/"]}]},{"@type":"ImageObject","inLanguage":"en-US","@id":"https:\/\/lavanno.com\/en\/toode\/thermo-ident-2-markeerimise-seade-15-mm-lindile\/#primaryimage","url":"https:\/\/lavanno.com\/wp-content\/uploads\/2025\/08\/Thermo-Ident2.png","contentUrl":"https:\/\/lavanno.com\/wp-content\/uploads\/2025\/08\/Thermo-Ident2.png","width":800,"height":800,"caption":"Thermo-Ident2"},{"@type":"BreadcrumbList","@id":"https:\/\/lavanno.com\/en\/toode\/thermo-ident-2-markeerimise-seade-15-mm-lindile\/#breadcrumb","itemListElement":[{"@type":"ListItem","position":1,"name":"Home","item":"https:\/\/lavanno.com\/en\/"},{"@type":"ListItem","position":2,"name":"E-pood","item":"https:\/\/lavanno.com\/e-pood\/"},{"@type":"ListItem","position":3,"name":"Thermo-Ident 2 markeerimise seade &#8211; 15 mm lindile"}]},{"@type":"WebSite","@id":"https:\/\/lavanno.com\/en\/#website","url":"https:\/\/lavanno.com\/en\/","name":"Lavanno - Pesuvahendite ekspert","description":"Toome maale ja m\u00fc\u00fcme tekstiili pesuvahendeid, pesumajaseadmeid ja tarvikuid. Hooldame ja konsulteerime.","publisher":{"@id":"https:\/\/lavanno.com\/en\/#organization"},"potentialAction":[{"@type":"SearchAction","target":{"@type":"EntryPoint","urlTemplate":"https:\/\/lavanno.com\/en\/?s={search_term_string}"},"query-input":{"@type":"PropertyValueSpecification","valueRequired":true,"valueName":"search_term_string"}}],"inLanguage":"en-US"},{"@type":"Organization","@id":"https:\/\/lavanno.com\/en\/#organization","name":"Lavanno - Pesuvahendite ekspert","url":"https:\/\/lavanno.com\/en\/","logo":{"@type":"ImageObject","inLanguage":"en-US","@id":"https:\/\/lavanno.com\/en\/#\/schema\/logo\/image\/","url":"https:\/\/lavanno.com\/wp-content\/uploads\/2025\/07\/Lavanno.png","contentUrl":"https:\/\/lavanno.com\/wp-content\/uploads\/2025\/07\/Lavanno.png","width":1200,"height":1200,"caption":"Lavanno - Pesuvahendite ekspert"},"image":{"@id":"https:\/\/lavanno.com\/en\/#\/schema\/logo\/image\/"},"sameAs":["https:\/\/www.facebook.com\/Lavanno.ee"]}]}},"_links":{"self":[{"href":"https:\/\/lavanno.com\/en\/wp-json\/wp\/v2\/product\/11133","targetHints":{"allow":["GET"]}}],"collection":[{"href":"https:\/\/lavanno.com\/en\/wp-json\/wp\/v2\/product"}],"about":[{"href":"https:\/\/lavanno.com\/en\/wp-json\/wp\/v2\/types\/product"}],"replies":[{"embeddable":true,"href":"https:\/\/lavanno.com\/en\/wp-json\/wp\/v2\/comments?post=11133"}],"wp:featuredmedia":[{"embeddable":true,"href":"https:\/\/lavanno.com\/en\/wp-json\/wp\/v2\/media\/11436"}],"wp:attachment":[{"href":"https:\/\/lavanno.com\/en\/wp-json\/wp\/v2\/media?parent=11133"}],"wp:term":[{"taxonomy":"product_brand","embeddable":true,"href":"https:\/\/lavanno.com\/en\/wp-json\/wp\/v2\/product_brand?post=11133"},{"taxonomy":"product_cat","embeddable":true,"href":"https:\/\/lavanno.com\/en\/wp-json\/wp\/v2\/product_cat?post=11133"},{"taxonomy":"product_tag","embeddable":true,"href":"https:\/\/lavanno.com\/en\/wp-json\/wp\/v2\/product_tag?post=11133"}],"curies":[{"name":"wp","href":"https:\/\/api.w.org\/{rel}","templated":true}]}}