{"id":11183,"date":"2025-08-14T00:20:01","date_gmt":"2025-08-13T21:20:01","guid":{"rendered":"https:\/\/lavanno.com\/toode\/tt4-sxt-printimissusteem-loikuriga\/"},"modified":"2026-05-02T14:40:00","modified_gmt":"2026-05-02T11:40:00","slug":"tt4-sxt-termoprinter-tsentreeritud-etteandeplaadiga","status":"publish","type":"product","link":"https:\/\/lavanno.com\/en\/toode\/tt4-sxt-termoprinter-tsentreeritud-etteandeplaadiga\/","title":{"rendered":"TT4-SXT termoprinter (tsentreeritud, etteandeplaadiga)"},"content":{"rendered":"<p>Tehnilised andmed<\/p>\n<p>Tr\u00fckiplokk<br \/>\n\u2022 Resolutsioon: 300 dpi<br \/>\n\u2022 Maksimaalne etiketi laius: 105,6 mm<\/p>\n<p>M\u00f5\u00f5tmed<br \/>\n\u2022 K\u00f5rgus: 288 mm<br \/>\n\u2022 Laius: 252 mm<br \/>\n\u2022 S\u00fcgavus: 460 mm<\/p>\n<p>Kaal: 10 kg<\/p>\n<p>Liidesed: 4\u00d7 USB master, USB slave, Ethernet, RS-232, SD-kaardi pesa<\/p>\n","protected":false},"excerpt":{"rendered":"<p>TT4-SXT on professionaalne ja t\u00f6\u00f6kindel termoprinter, mis on spetsiaalselt v\u00e4lja t\u00f6\u00f6tatud etikettide ja tekstiilide m\u00e4rgistamiseks suure t\u00e4psuse ja kvaliteediga. Tsentreeritud etiketi etteandeplaat tagab etikettide kindla ja t\u00e4pse etteandmise, mis v\u00f5imaldab saavutada \u00fchtlase tr\u00fckitulemuse ka intensiivsel kasutamisel.<\/p>\n<p>See mudel sobib ideaalselt pesumajadele, haiglatele, hooldekodudele ja t\u00f6\u00f6stusettev\u00f5tetele, kus on vaja suurt t\u00f6\u00f6kindlust, kvaliteetseid etikette ja lihtsat kasutust.<\/p>\n","protected":false},"featured_media":11412,"comment_status":"open","ping_status":"closed","template":"","meta":[],"product_brand":[],"product_cat":[863,886],"product_tag":[835,839,840],"class_list":{"0":"post-11183","1":"product","2":"type-product","3":"status-publish","4":"has-post-thumbnail","6":"product_cat-thermotex","7":"product_cat-termoprinterid","8":"product_tag-pesumajad","9":"product_tag-tervishoid","10":"product_tag-toostusettevotted","12":"first","13":"outofstock","14":"taxable","15":"shipping-taxable","16":"purchasable","17":"product-type-simple"},"yoast_head":"<!-- This site is optimized with the Yoast SEO plugin v27.0 - https:\/\/yoast.com\/product\/yoast-seo-wordpress\/ -->\n<title>TT4-SXT termoprinter (tsentreeritud, etteandeplaadiga) - Lavanno - pesuvahendite ekspert<\/title>\n<meta name=\"description\" content=\"TT4-SXT termoprinter \u2013 300 dpi tr\u00fckikvaliteet ja t\u00e4pne etteanne professionaalseks etikettide m\u00e4rgistamiseks.\" \/>\n<meta name=\"robots\" content=\"index, follow, max-snippet:-1, max-image-preview:large, max-video-preview:-1\" \/>\n<link rel=\"canonical\" href=\"https:\/\/lavanno.com\/en\/toode\/tt4-sxt-termoprinter-tsentreeritud-etteandeplaadiga\/\" \/>\n<meta property=\"og:locale\" content=\"en_US\" \/>\n<meta property=\"og:type\" content=\"article\" \/>\n<meta property=\"og:title\" content=\"TT4-SXT termoprinter (tsentreeritud, etteandeplaadiga) - Lavanno - pesuvahendite ekspert\" \/>\n<meta property=\"og:description\" content=\"TT4-SXT termoprinter \u2013 300 dpi tr\u00fckikvaliteet ja t\u00e4pne etteanne professionaalseks etikettide m\u00e4rgistamiseks.\" \/>\n<meta property=\"og:url\" content=\"https:\/\/lavanno.com\/en\/toode\/tt4-sxt-termoprinter-tsentreeritud-etteandeplaadiga\/\" \/>\n<meta property=\"og:site_name\" content=\"Lavanno - pesuvahendite ekspert\" \/>\n<meta property=\"article:publisher\" content=\"https:\/\/www.facebook.com\/Lavanno.ee\" \/>\n<meta property=\"article:modified_time\" content=\"2026-05-02T11:40:00+00:00\" \/>\n<meta property=\"og:image\" content=\"https:\/\/lavanno.com\/wp-content\/uploads\/2025\/08\/TT4-SXT-Termoprinter-centered.webp\" \/>\n\t<meta property=\"og:image:width\" content=\"690\" \/>\n\t<meta property=\"og:image:height\" content=\"800\" \/>\n\t<meta property=\"og:image:type\" content=\"image\/webp\" \/>\n<meta name=\"twitter:card\" content=\"summary_large_image\" \/>\n<meta name=\"twitter:label1\" content=\"Est. reading time\" \/>\n\t<meta name=\"twitter:data1\" content=\"1 minute\" \/>\n<script type=\"application\/ld+json\" class=\"yoast-schema-graph\">{\"@context\":\"https:\/\/schema.org\",\"@graph\":[{\"@type\":\"WebPage\",\"@id\":\"https:\/\/lavanno.com\/en\/toode\/tt4-sxt-termoprinter-tsentreeritud-etteandeplaadiga\/\",\"url\":\"https:\/\/lavanno.com\/en\/toode\/tt4-sxt-termoprinter-tsentreeritud-etteandeplaadiga\/\",\"name\":\"TT4-SXT termoprinter (tsentreeritud, etteandeplaadiga) - Lavanno - pesuvahendite ekspert\",\"isPartOf\":{\"@id\":\"https:\/\/lavanno.com\/en\/#website\"},\"primaryImageOfPage\":{\"@id\":\"https:\/\/lavanno.com\/en\/toode\/tt4-sxt-termoprinter-tsentreeritud-etteandeplaadiga\/#primaryimage\"},\"image\":{\"@id\":\"https:\/\/lavanno.com\/en\/toode\/tt4-sxt-termoprinter-tsentreeritud-etteandeplaadiga\/#primaryimage\"},\"thumbnailUrl\":\"https:\/\/lavanno.com\/wp-content\/uploads\/2025\/08\/TT4-SXT-Termoprinter-centered.webp\",\"datePublished\":\"2025-08-13T21:20:01+00:00\",\"dateModified\":\"2026-05-02T11:40:00+00:00\",\"description\":\"TT4-SXT termoprinter \u2013 300 dpi tr\u00fckikvaliteet ja t\u00e4pne etteanne professionaalseks etikettide m\u00e4rgistamiseks.\",\"breadcrumb\":{\"@id\":\"https:\/\/lavanno.com\/en\/toode\/tt4-sxt-termoprinter-tsentreeritud-etteandeplaadiga\/#breadcrumb\"},\"inLanguage\":\"en-US\",\"potentialAction\":[{\"@type\":\"ReadAction\",\"target\":[\"https:\/\/lavanno.com\/en\/toode\/tt4-sxt-termoprinter-tsentreeritud-etteandeplaadiga\/\"]}]},{\"@type\":\"ImageObject\",\"inLanguage\":\"en-US\",\"@id\":\"https:\/\/lavanno.com\/en\/toode\/tt4-sxt-termoprinter-tsentreeritud-etteandeplaadiga\/#primaryimage\",\"url\":\"https:\/\/lavanno.com\/wp-content\/uploads\/2025\/08\/TT4-SXT-Termoprinter-centered.webp\",\"contentUrl\":\"https:\/\/lavanno.com\/wp-content\/uploads\/2025\/08\/TT4-SXT-Termoprinter-centered.webp\",\"width\":690,\"height\":800,\"caption\":\"TT4-SXT-Termoprinter-centered\"},{\"@type\":\"BreadcrumbList\",\"@id\":\"https:\/\/lavanno.com\/en\/toode\/tt4-sxt-termoprinter-tsentreeritud-etteandeplaadiga\/#breadcrumb\",\"itemListElement\":[{\"@type\":\"ListItem\",\"position\":1,\"name\":\"Home\",\"item\":\"https:\/\/lavanno.com\/en\/\"},{\"@type\":\"ListItem\",\"position\":2,\"name\":\"E-pood\",\"item\":\"https:\/\/lavanno.com\/e-pood\/\"},{\"@type\":\"ListItem\",\"position\":3,\"name\":\"TT4-SXT termoprinter (tsentreeritud, etteandeplaadiga)\"}]},{\"@type\":\"WebSite\",\"@id\":\"https:\/\/lavanno.com\/en\/#website\",\"url\":\"https:\/\/lavanno.com\/en\/\",\"name\":\"Lavanno - Pesuvahendite ekspert\",\"description\":\"Toome maale ja m\u00fc\u00fcme tekstiili pesuvahendeid, pesumajaseadmeid ja tarvikuid. Hooldame ja konsulteerime.\",\"publisher\":{\"@id\":\"https:\/\/lavanno.com\/en\/#organization\"},\"potentialAction\":[{\"@type\":\"SearchAction\",\"target\":{\"@type\":\"EntryPoint\",\"urlTemplate\":\"https:\/\/lavanno.com\/en\/?s={search_term_string}\"},\"query-input\":{\"@type\":\"PropertyValueSpecification\",\"valueRequired\":true,\"valueName\":\"search_term_string\"}}],\"inLanguage\":\"en-US\"},{\"@type\":\"Organization\",\"@id\":\"https:\/\/lavanno.com\/en\/#organization\",\"name\":\"Lavanno - Pesuvahendite ekspert\",\"url\":\"https:\/\/lavanno.com\/en\/\",\"logo\":{\"@type\":\"ImageObject\",\"inLanguage\":\"en-US\",\"@id\":\"https:\/\/lavanno.com\/en\/#\/schema\/logo\/image\/\",\"url\":\"https:\/\/lavanno.com\/wp-content\/uploads\/2025\/07\/Lavanno.png\",\"contentUrl\":\"https:\/\/lavanno.com\/wp-content\/uploads\/2025\/07\/Lavanno.png\",\"width\":1200,\"height\":1200,\"caption\":\"Lavanno - Pesuvahendite ekspert\"},\"image\":{\"@id\":\"https:\/\/lavanno.com\/en\/#\/schema\/logo\/image\/\"},\"sameAs\":[\"https:\/\/www.facebook.com\/Lavanno.ee\"]}]}<\/script>\n<!-- \/ Yoast SEO plugin. -->","yoast_head_json":{"title":"TT4-SXT termoprinter (tsentreeritud, etteandeplaadiga) - Lavanno - pesuvahendite ekspert","description":"TT4-SXT termoprinter \u2013 300 dpi tr\u00fckikvaliteet ja t\u00e4pne etteanne professionaalseks etikettide m\u00e4rgistamiseks.","robots":{"index":"index","follow":"follow","max-snippet":"max-snippet:-1","max-image-preview":"max-image-preview:large","max-video-preview":"max-video-preview:-1"},"canonical":"https:\/\/lavanno.com\/en\/toode\/tt4-sxt-termoprinter-tsentreeritud-etteandeplaadiga\/","og_locale":"en_US","og_type":"article","og_title":"TT4-SXT termoprinter (tsentreeritud, etteandeplaadiga) - Lavanno - pesuvahendite ekspert","og_description":"TT4-SXT termoprinter \u2013 300 dpi tr\u00fckikvaliteet ja t\u00e4pne etteanne professionaalseks etikettide m\u00e4rgistamiseks.","og_url":"https:\/\/lavanno.com\/en\/toode\/tt4-sxt-termoprinter-tsentreeritud-etteandeplaadiga\/","og_site_name":"Lavanno - pesuvahendite ekspert","article_publisher":"https:\/\/www.facebook.com\/Lavanno.ee","article_modified_time":"2026-05-02T11:40:00+00:00","og_image":[{"width":690,"height":800,"url":"https:\/\/lavanno.com\/wp-content\/uploads\/2025\/08\/TT4-SXT-Termoprinter-centered.webp","type":"image\/webp"}],"twitter_card":"summary_large_image","twitter_misc":{"Est. reading time":"1 minute"},"schema":{"@context":"https:\/\/schema.org","@graph":[{"@type":"WebPage","@id":"https:\/\/lavanno.com\/en\/toode\/tt4-sxt-termoprinter-tsentreeritud-etteandeplaadiga\/","url":"https:\/\/lavanno.com\/en\/toode\/tt4-sxt-termoprinter-tsentreeritud-etteandeplaadiga\/","name":"TT4-SXT termoprinter (tsentreeritud, etteandeplaadiga) - Lavanno - pesuvahendite ekspert","isPartOf":{"@id":"https:\/\/lavanno.com\/en\/#website"},"primaryImageOfPage":{"@id":"https:\/\/lavanno.com\/en\/toode\/tt4-sxt-termoprinter-tsentreeritud-etteandeplaadiga\/#primaryimage"},"image":{"@id":"https:\/\/lavanno.com\/en\/toode\/tt4-sxt-termoprinter-tsentreeritud-etteandeplaadiga\/#primaryimage"},"thumbnailUrl":"https:\/\/lavanno.com\/wp-content\/uploads\/2025\/08\/TT4-SXT-Termoprinter-centered.webp","datePublished":"2025-08-13T21:20:01+00:00","dateModified":"2026-05-02T11:40:00+00:00","description":"TT4-SXT termoprinter \u2013 300 dpi tr\u00fckikvaliteet ja t\u00e4pne etteanne professionaalseks etikettide m\u00e4rgistamiseks.","breadcrumb":{"@id":"https:\/\/lavanno.com\/en\/toode\/tt4-sxt-termoprinter-tsentreeritud-etteandeplaadiga\/#breadcrumb"},"inLanguage":"en-US","potentialAction":[{"@type":"ReadAction","target":["https:\/\/lavanno.com\/en\/toode\/tt4-sxt-termoprinter-tsentreeritud-etteandeplaadiga\/"]}]},{"@type":"ImageObject","inLanguage":"en-US","@id":"https:\/\/lavanno.com\/en\/toode\/tt4-sxt-termoprinter-tsentreeritud-etteandeplaadiga\/#primaryimage","url":"https:\/\/lavanno.com\/wp-content\/uploads\/2025\/08\/TT4-SXT-Termoprinter-centered.webp","contentUrl":"https:\/\/lavanno.com\/wp-content\/uploads\/2025\/08\/TT4-SXT-Termoprinter-centered.webp","width":690,"height":800,"caption":"TT4-SXT-Termoprinter-centered"},{"@type":"BreadcrumbList","@id":"https:\/\/lavanno.com\/en\/toode\/tt4-sxt-termoprinter-tsentreeritud-etteandeplaadiga\/#breadcrumb","itemListElement":[{"@type":"ListItem","position":1,"name":"Home","item":"https:\/\/lavanno.com\/en\/"},{"@type":"ListItem","position":2,"name":"E-pood","item":"https:\/\/lavanno.com\/e-pood\/"},{"@type":"ListItem","position":3,"name":"TT4-SXT termoprinter (tsentreeritud, etteandeplaadiga)"}]},{"@type":"WebSite","@id":"https:\/\/lavanno.com\/en\/#website","url":"https:\/\/lavanno.com\/en\/","name":"Lavanno - Pesuvahendite ekspert","description":"Toome maale ja m\u00fc\u00fcme tekstiili pesuvahendeid, pesumajaseadmeid ja tarvikuid. Hooldame ja konsulteerime.","publisher":{"@id":"https:\/\/lavanno.com\/en\/#organization"},"potentialAction":[{"@type":"SearchAction","target":{"@type":"EntryPoint","urlTemplate":"https:\/\/lavanno.com\/en\/?s={search_term_string}"},"query-input":{"@type":"PropertyValueSpecification","valueRequired":true,"valueName":"search_term_string"}}],"inLanguage":"en-US"},{"@type":"Organization","@id":"https:\/\/lavanno.com\/en\/#organization","name":"Lavanno - Pesuvahendite ekspert","url":"https:\/\/lavanno.com\/en\/","logo":{"@type":"ImageObject","inLanguage":"en-US","@id":"https:\/\/lavanno.com\/en\/#\/schema\/logo\/image\/","url":"https:\/\/lavanno.com\/wp-content\/uploads\/2025\/07\/Lavanno.png","contentUrl":"https:\/\/lavanno.com\/wp-content\/uploads\/2025\/07\/Lavanno.png","width":1200,"height":1200,"caption":"Lavanno - Pesuvahendite ekspert"},"image":{"@id":"https:\/\/lavanno.com\/en\/#\/schema\/logo\/image\/"},"sameAs":["https:\/\/www.facebook.com\/Lavanno.ee"]}]}},"_links":{"self":[{"href":"https:\/\/lavanno.com\/en\/wp-json\/wp\/v2\/product\/11183","targetHints":{"allow":["GET"]}}],"collection":[{"href":"https:\/\/lavanno.com\/en\/wp-json\/wp\/v2\/product"}],"about":[{"href":"https:\/\/lavanno.com\/en\/wp-json\/wp\/v2\/types\/product"}],"replies":[{"embeddable":true,"href":"https:\/\/lavanno.com\/en\/wp-json\/wp\/v2\/comments?post=11183"}],"wp:featuredmedia":[{"embeddable":true,"href":"https:\/\/lavanno.com\/en\/wp-json\/wp\/v2\/media\/11412"}],"wp:attachment":[{"href":"https:\/\/lavanno.com\/en\/wp-json\/wp\/v2\/media?parent=11183"}],"wp:term":[{"taxonomy":"product_brand","embeddable":true,"href":"https:\/\/lavanno.com\/en\/wp-json\/wp\/v2\/product_brand?post=11183"},{"taxonomy":"product_cat","embeddable":true,"href":"https:\/\/lavanno.com\/en\/wp-json\/wp\/v2\/product_cat?post=11183"},{"taxonomy":"product_tag","embeddable":true,"href":"https:\/\/lavanno.com\/en\/wp-json\/wp\/v2\/product_tag?post=11183"}],"curies":[{"name":"wp","href":"https:\/\/api.w.org\/{rel}","templated":true}]}}