{"id":11192,"date":"2025-08-14T06:20:01","date_gmt":"2025-08-14T03:20:01","guid":{"rendered":"https:\/\/lavanno.com\/toode\/filtrisool-25-kg\/"},"modified":"2026-05-02T14:40:00","modified_gmt":"2026-05-02T11:40:00","slug":"broxo-6-15-veepehmendussool-25kg","status":"publish","type":"product","link":"https:\/\/lavanno.com\/en\/toode\/broxo-6-15-veepehmendussool-25kg\/","title":{"rendered":"Broxo 6\/15 &#8211; veepehmendussool, 25kg"},"content":{"rendered":"<p>Tagab veepehmendite t\u00f5husa ja t\u00f6\u00f6kindla t\u00f6\u00f6<\/p>\n<p>Kaitseb seadmeid katlakivi eest<\/p>\n<p>Parandab pesu- ja puhastusvahendite efektiivsust<\/p>\n<p>K\u00f5rge puhtusaste &#8211; lahustub \u00fchtlaselt, ei j\u00e4ta j\u00e4\u00e4ke<\/p>\n<p>Sobib kasutamiseks k\u00f5ikides automaatsetes veepehmendites<\/p>\n","protected":false},"excerpt":{"rendered":"<p>Broxo 6\/15 on k\u00f5rgekvaliteediline sool, mis on spetsiaalselt toodetud veepehmendusseadmete jaoks. Seda kasutatakse katlakivi tekke ennetamiseks ja seadmete t\u00f6\u00f6kindluse tagamiseks. Sool aitab hoida torustikke, katlaid, pesumasinaid ja muid veega t\u00f6\u00f6tavaid seadmeid puhtana, pikendades nende eluiga ja v\u00e4hendades hoolduskulusid.<\/p>\n","protected":false},"featured_media":11443,"comment_status":"open","ping_status":"closed","template":"","meta":[],"product_brand":[],"product_cat":[506,572],"product_tag":[834,835,837,839,840],"class_list":{"0":"post-11192","1":"product","2":"type-product","3":"status-publish","4":"has-post-thumbnail","6":"product_cat-ariklient","7":"product_cat-lisaained","8":"product_tag-horeca","9":"product_tag-pesumajad","10":"product_tag-puhastusteenindus","11":"product_tag-tervishoid","12":"product_tag-toostusettevotted","14":"first","15":"instock","16":"taxable","17":"shipping-taxable","18":"purchasable","19":"product-type-simple"},"yoast_head":"<!-- This site is optimized with the Yoast SEO plugin v27.0 - https:\/\/yoast.com\/product\/yoast-seo-wordpress\/ -->\n<title>Broxo 6\/15 - veepehmendussool, 25kg - Lavanno - pesuvahendite ekspert<\/title>\n<meta name=\"description\" content=\"Broxo 6\/15 veepehmendussool \u2013 kvaliteetne ja puhas sool veepehmenditele. Kaitseb seadmeid katlakivi eest ja tagab t\u00f6\u00f6kindla tulemuse.\" \/>\n<meta name=\"robots\" content=\"index, follow, max-snippet:-1, max-image-preview:large, max-video-preview:-1\" \/>\n<link rel=\"canonical\" href=\"https:\/\/lavanno.com\/en\/toode\/broxo-6-15-veepehmendussool-25kg\/\" \/>\n<meta property=\"og:locale\" content=\"en_US\" \/>\n<meta property=\"og:type\" content=\"article\" \/>\n<meta property=\"og:title\" content=\"Broxo 6\/15 - veepehmendussool, 25kg - Lavanno - pesuvahendite ekspert\" \/>\n<meta property=\"og:description\" content=\"Broxo 6\/15 veepehmendussool \u2013 kvaliteetne ja puhas sool veepehmenditele. Kaitseb seadmeid katlakivi eest ja tagab t\u00f6\u00f6kindla tulemuse.\" \/>\n<meta property=\"og:url\" content=\"https:\/\/lavanno.com\/en\/toode\/broxo-6-15-veepehmendussool-25kg\/\" \/>\n<meta property=\"og:site_name\" content=\"Lavanno - pesuvahendite ekspert\" \/>\n<meta property=\"article:publisher\" content=\"https:\/\/www.facebook.com\/Lavanno.ee\" \/>\n<meta property=\"article:modified_time\" content=\"2026-05-02T11:40:00+00:00\" \/>\n<meta property=\"og:image\" content=\"https:\/\/lavanno.com\/wp-content\/uploads\/2025\/08\/filtrisool-broxo-25-kg-graanulid.jpg\" \/>\n\t<meta property=\"og:image:width\" content=\"800\" \/>\n\t<meta property=\"og:image:height\" content=\"800\" \/>\n\t<meta property=\"og:image:type\" content=\"image\/jpeg\" \/>\n<meta name=\"twitter:card\" content=\"summary_large_image\" \/>\n<meta name=\"twitter:label1\" content=\"Est. reading time\" \/>\n\t<meta name=\"twitter:data1\" content=\"1 minute\" \/>\n<script type=\"application\/ld+json\" class=\"yoast-schema-graph\">{\"@context\":\"https:\/\/schema.org\",\"@graph\":[{\"@type\":\"WebPage\",\"@id\":\"https:\/\/lavanno.com\/en\/toode\/broxo-6-15-veepehmendussool-25kg\/\",\"url\":\"https:\/\/lavanno.com\/en\/toode\/broxo-6-15-veepehmendussool-25kg\/\",\"name\":\"Broxo 6\/15 - veepehmendussool, 25kg - Lavanno - pesuvahendite ekspert\",\"isPartOf\":{\"@id\":\"https:\/\/lavanno.com\/en\/#website\"},\"primaryImageOfPage\":{\"@id\":\"https:\/\/lavanno.com\/en\/toode\/broxo-6-15-veepehmendussool-25kg\/#primaryimage\"},\"image\":{\"@id\":\"https:\/\/lavanno.com\/en\/toode\/broxo-6-15-veepehmendussool-25kg\/#primaryimage\"},\"thumbnailUrl\":\"https:\/\/lavanno.com\/wp-content\/uploads\/2025\/08\/filtrisool-broxo-25-kg-graanulid.jpg\",\"datePublished\":\"2025-08-14T03:20:01+00:00\",\"dateModified\":\"2026-05-02T11:40:00+00:00\",\"description\":\"Broxo 6\/15 veepehmendussool \u2013 kvaliteetne ja puhas sool veepehmenditele. Kaitseb seadmeid katlakivi eest ja tagab t\u00f6\u00f6kindla tulemuse.\",\"breadcrumb\":{\"@id\":\"https:\/\/lavanno.com\/en\/toode\/broxo-6-15-veepehmendussool-25kg\/#breadcrumb\"},\"inLanguage\":\"en-US\",\"potentialAction\":[{\"@type\":\"ReadAction\",\"target\":[\"https:\/\/lavanno.com\/en\/toode\/broxo-6-15-veepehmendussool-25kg\/\"]}]},{\"@type\":\"ImageObject\",\"inLanguage\":\"en-US\",\"@id\":\"https:\/\/lavanno.com\/en\/toode\/broxo-6-15-veepehmendussool-25kg\/#primaryimage\",\"url\":\"https:\/\/lavanno.com\/wp-content\/uploads\/2025\/08\/filtrisool-broxo-25-kg-graanulid.jpg\",\"contentUrl\":\"https:\/\/lavanno.com\/wp-content\/uploads\/2025\/08\/filtrisool-broxo-25-kg-graanulid.jpg\",\"width\":800,\"height\":800,\"caption\":\"filtrisool-broxo-25-kg-graanulid\"},{\"@type\":\"BreadcrumbList\",\"@id\":\"https:\/\/lavanno.com\/en\/toode\/broxo-6-15-veepehmendussool-25kg\/#breadcrumb\",\"itemListElement\":[{\"@type\":\"ListItem\",\"position\":1,\"name\":\"Home\",\"item\":\"https:\/\/lavanno.com\/en\/\"},{\"@type\":\"ListItem\",\"position\":2,\"name\":\"E-pood\",\"item\":\"https:\/\/lavanno.com\/e-pood\/\"},{\"@type\":\"ListItem\",\"position\":3,\"name\":\"Broxo 6\/15 &#8211; veepehmendussool, 25kg\"}]},{\"@type\":\"WebSite\",\"@id\":\"https:\/\/lavanno.com\/en\/#website\",\"url\":\"https:\/\/lavanno.com\/en\/\",\"name\":\"Lavanno - Pesuvahendite ekspert\",\"description\":\"Toome maale ja m\u00fc\u00fcme tekstiili pesuvahendeid, pesumajaseadmeid ja tarvikuid. Hooldame ja konsulteerime.\",\"publisher\":{\"@id\":\"https:\/\/lavanno.com\/en\/#organization\"},\"potentialAction\":[{\"@type\":\"SearchAction\",\"target\":{\"@type\":\"EntryPoint\",\"urlTemplate\":\"https:\/\/lavanno.com\/en\/?s={search_term_string}\"},\"query-input\":{\"@type\":\"PropertyValueSpecification\",\"valueRequired\":true,\"valueName\":\"search_term_string\"}}],\"inLanguage\":\"en-US\"},{\"@type\":\"Organization\",\"@id\":\"https:\/\/lavanno.com\/en\/#organization\",\"name\":\"Lavanno - Pesuvahendite ekspert\",\"url\":\"https:\/\/lavanno.com\/en\/\",\"logo\":{\"@type\":\"ImageObject\",\"inLanguage\":\"en-US\",\"@id\":\"https:\/\/lavanno.com\/en\/#\/schema\/logo\/image\/\",\"url\":\"https:\/\/lavanno.com\/wp-content\/uploads\/2025\/07\/Lavanno.png\",\"contentUrl\":\"https:\/\/lavanno.com\/wp-content\/uploads\/2025\/07\/Lavanno.png\",\"width\":1200,\"height\":1200,\"caption\":\"Lavanno - Pesuvahendite ekspert\"},\"image\":{\"@id\":\"https:\/\/lavanno.com\/en\/#\/schema\/logo\/image\/\"},\"sameAs\":[\"https:\/\/www.facebook.com\/Lavanno.ee\"]}]}<\/script>\n<!-- \/ Yoast SEO plugin. -->","yoast_head_json":{"title":"Broxo 6\/15 - veepehmendussool, 25kg - Lavanno - pesuvahendite ekspert","description":"Broxo 6\/15 veepehmendussool \u2013 kvaliteetne ja puhas sool veepehmenditele. Kaitseb seadmeid katlakivi eest ja tagab t\u00f6\u00f6kindla tulemuse.","robots":{"index":"index","follow":"follow","max-snippet":"max-snippet:-1","max-image-preview":"max-image-preview:large","max-video-preview":"max-video-preview:-1"},"canonical":"https:\/\/lavanno.com\/en\/toode\/broxo-6-15-veepehmendussool-25kg\/","og_locale":"en_US","og_type":"article","og_title":"Broxo 6\/15 - veepehmendussool, 25kg - Lavanno - pesuvahendite ekspert","og_description":"Broxo 6\/15 veepehmendussool \u2013 kvaliteetne ja puhas sool veepehmenditele. Kaitseb seadmeid katlakivi eest ja tagab t\u00f6\u00f6kindla tulemuse.","og_url":"https:\/\/lavanno.com\/en\/toode\/broxo-6-15-veepehmendussool-25kg\/","og_site_name":"Lavanno - pesuvahendite ekspert","article_publisher":"https:\/\/www.facebook.com\/Lavanno.ee","article_modified_time":"2026-05-02T11:40:00+00:00","og_image":[{"width":800,"height":800,"url":"https:\/\/lavanno.com\/wp-content\/uploads\/2025\/08\/filtrisool-broxo-25-kg-graanulid.jpg","type":"image\/jpeg"}],"twitter_card":"summary_large_image","twitter_misc":{"Est. reading time":"1 minute"},"schema":{"@context":"https:\/\/schema.org","@graph":[{"@type":"WebPage","@id":"https:\/\/lavanno.com\/en\/toode\/broxo-6-15-veepehmendussool-25kg\/","url":"https:\/\/lavanno.com\/en\/toode\/broxo-6-15-veepehmendussool-25kg\/","name":"Broxo 6\/15 - veepehmendussool, 25kg - Lavanno - pesuvahendite ekspert","isPartOf":{"@id":"https:\/\/lavanno.com\/en\/#website"},"primaryImageOfPage":{"@id":"https:\/\/lavanno.com\/en\/toode\/broxo-6-15-veepehmendussool-25kg\/#primaryimage"},"image":{"@id":"https:\/\/lavanno.com\/en\/toode\/broxo-6-15-veepehmendussool-25kg\/#primaryimage"},"thumbnailUrl":"https:\/\/lavanno.com\/wp-content\/uploads\/2025\/08\/filtrisool-broxo-25-kg-graanulid.jpg","datePublished":"2025-08-14T03:20:01+00:00","dateModified":"2026-05-02T11:40:00+00:00","description":"Broxo 6\/15 veepehmendussool \u2013 kvaliteetne ja puhas sool veepehmenditele. Kaitseb seadmeid katlakivi eest ja tagab t\u00f6\u00f6kindla tulemuse.","breadcrumb":{"@id":"https:\/\/lavanno.com\/en\/toode\/broxo-6-15-veepehmendussool-25kg\/#breadcrumb"},"inLanguage":"en-US","potentialAction":[{"@type":"ReadAction","target":["https:\/\/lavanno.com\/en\/toode\/broxo-6-15-veepehmendussool-25kg\/"]}]},{"@type":"ImageObject","inLanguage":"en-US","@id":"https:\/\/lavanno.com\/en\/toode\/broxo-6-15-veepehmendussool-25kg\/#primaryimage","url":"https:\/\/lavanno.com\/wp-content\/uploads\/2025\/08\/filtrisool-broxo-25-kg-graanulid.jpg","contentUrl":"https:\/\/lavanno.com\/wp-content\/uploads\/2025\/08\/filtrisool-broxo-25-kg-graanulid.jpg","width":800,"height":800,"caption":"filtrisool-broxo-25-kg-graanulid"},{"@type":"BreadcrumbList","@id":"https:\/\/lavanno.com\/en\/toode\/broxo-6-15-veepehmendussool-25kg\/#breadcrumb","itemListElement":[{"@type":"ListItem","position":1,"name":"Home","item":"https:\/\/lavanno.com\/en\/"},{"@type":"ListItem","position":2,"name":"E-pood","item":"https:\/\/lavanno.com\/e-pood\/"},{"@type":"ListItem","position":3,"name":"Broxo 6\/15 &#8211; veepehmendussool, 25kg"}]},{"@type":"WebSite","@id":"https:\/\/lavanno.com\/en\/#website","url":"https:\/\/lavanno.com\/en\/","name":"Lavanno - Pesuvahendite ekspert","description":"Toome maale ja m\u00fc\u00fcme tekstiili pesuvahendeid, pesumajaseadmeid ja tarvikuid. Hooldame ja konsulteerime.","publisher":{"@id":"https:\/\/lavanno.com\/en\/#organization"},"potentialAction":[{"@type":"SearchAction","target":{"@type":"EntryPoint","urlTemplate":"https:\/\/lavanno.com\/en\/?s={search_term_string}"},"query-input":{"@type":"PropertyValueSpecification","valueRequired":true,"valueName":"search_term_string"}}],"inLanguage":"en-US"},{"@type":"Organization","@id":"https:\/\/lavanno.com\/en\/#organization","name":"Lavanno - Pesuvahendite ekspert","url":"https:\/\/lavanno.com\/en\/","logo":{"@type":"ImageObject","inLanguage":"en-US","@id":"https:\/\/lavanno.com\/en\/#\/schema\/logo\/image\/","url":"https:\/\/lavanno.com\/wp-content\/uploads\/2025\/07\/Lavanno.png","contentUrl":"https:\/\/lavanno.com\/wp-content\/uploads\/2025\/07\/Lavanno.png","width":1200,"height":1200,"caption":"Lavanno - Pesuvahendite ekspert"},"image":{"@id":"https:\/\/lavanno.com\/en\/#\/schema\/logo\/image\/"},"sameAs":["https:\/\/www.facebook.com\/Lavanno.ee"]}]}},"_links":{"self":[{"href":"https:\/\/lavanno.com\/en\/wp-json\/wp\/v2\/product\/11192","targetHints":{"allow":["GET"]}}],"collection":[{"href":"https:\/\/lavanno.com\/en\/wp-json\/wp\/v2\/product"}],"about":[{"href":"https:\/\/lavanno.com\/en\/wp-json\/wp\/v2\/types\/product"}],"replies":[{"embeddable":true,"href":"https:\/\/lavanno.com\/en\/wp-json\/wp\/v2\/comments?post=11192"}],"wp:featuredmedia":[{"embeddable":true,"href":"https:\/\/lavanno.com\/en\/wp-json\/wp\/v2\/media\/11443"}],"wp:attachment":[{"href":"https:\/\/lavanno.com\/en\/wp-json\/wp\/v2\/media?parent=11192"}],"wp:term":[{"taxonomy":"product_brand","embeddable":true,"href":"https:\/\/lavanno.com\/en\/wp-json\/wp\/v2\/product_brand?post=11192"},{"taxonomy":"product_cat","embeddable":true,"href":"https:\/\/lavanno.com\/en\/wp-json\/wp\/v2\/product_cat?post=11192"},{"taxonomy":"product_tag","embeddable":true,"href":"https:\/\/lavanno.com\/en\/wp-json\/wp\/v2\/product_tag?post=11192"}],"curies":[{"name":"wp","href":"https:\/\/api.w.org\/{rel}","templated":true}]}}