{"id":11449,"date":"2025-09-04T20:15:01","date_gmt":"2025-09-04T17:15:01","guid":{"rendered":"https:\/\/lavanno.com\/toode\/thermo-ident-ajutine-lint-l-15-mm-x-p-50m\/"},"modified":"2026-05-02T14:40:01","modified_gmt":"2026-05-02T11:40:01","slug":"thermo-ident-ajutine-lint-l-15-mm-x-p-50m","status":"publish","type":"product","link":"https:\/\/lavanno.com\/en\/toode\/thermo-ident-ajutine-lint-l-15-mm-x-p-50m\/","title":{"rendered":"Thermo-Ident ajutine lint L 15 mm x P 50m VALGE"},"content":{"rendered":"<p>Omadused:<\/p>\n<p>Selge tr\u00fckk<\/p>\n<p>Eemaldatavad ilma j\u00e4\u00e4ke j\u00e4tmata<\/p>\n<p>Vastupidavad keemilisele puhastusele ja t\u00f6\u00f6stuslikule triikimisele<\/p>\n<p>Lindi laius: 15 mm<\/p>\n<p>Rullis: 50 m<\/p>\n","protected":false},"excerpt":{"rendered":"<p>Thermo-Ident ajutine lint on spetsiaalselt loodud tekstiilide kiireks ja lihtsaks m\u00e4rgistamiseks. Ajutine m\u00e4rgistus sobib olukordadesse, kus riideid v\u00f5i tekstiile on vaja l\u00fchiajaliselt eristada, n\u00e4iteks pesumajades, haiglates v\u00f5i hooldekodudes.<\/p>\n<p>Lint tagab selge ja loetava m\u00e4rgistuse, mis p\u00fcsib igap\u00e4evases kasutuses, kuid mida saab vajadusel eemaldada. See muudab t\u00f6\u00f6protsessid t\u00f5husamaks ja aitab hoida riided ning esemed s\u00fcsteemselt organiseerituna.<\/p>\n","protected":false},"featured_media":11464,"comment_status":"open","ping_status":"closed","template":"","meta":[],"product_brand":[],"product_cat":[598],"product_tag":[835,839,840],"class_list":{"0":"post-11449","1":"product","2":"type-product","3":"status-publish","4":"has-post-thumbnail","6":"product_cat-markeerimisvahendid","7":"product_tag-pesumajad","8":"product_tag-tervishoid","9":"product_tag-toostusettevotted","11":"first","12":"onbackorder","13":"taxable","14":"shipping-taxable","15":"purchasable","16":"product-type-variable"},"yoast_head":"<!-- This site is optimized with the Yoast SEO plugin v27.0 - https:\/\/yoast.com\/product\/yoast-seo-wordpress\/ -->\n<title>Thermo-Ident ajutine lint L 15 mm x P 50m VALGE - Lavanno - pesuvahendite ekspert<\/title>\n<meta name=\"description\" content=\"Thermo-Ident ajutine lint \u2013 unikaalne lahendus \u00fchekordseks m\u00e4rgistamiseks. Selge tr\u00fckk, j\u00e4\u00e4givabalt eemaldatav, vastupidav puhastusele ja triikimisele.\" \/>\n<meta name=\"robots\" content=\"index, follow, max-snippet:-1, max-image-preview:large, max-video-preview:-1\" \/>\n<link rel=\"canonical\" href=\"https:\/\/lavanno.com\/en\/toode\/thermo-ident-ajutine-lint-l-15-mm-x-p-50m\/\" \/>\n<meta property=\"og:locale\" content=\"en_US\" \/>\n<meta property=\"og:type\" content=\"article\" \/>\n<meta property=\"og:title\" content=\"Thermo-Ident ajutine lint L 15 mm x P 50m VALGE - Lavanno - pesuvahendite ekspert\" \/>\n<meta property=\"og:description\" content=\"Thermo-Ident ajutine lint \u2013 unikaalne lahendus \u00fchekordseks m\u00e4rgistamiseks. Selge tr\u00fckk, j\u00e4\u00e4givabalt eemaldatav, vastupidav puhastusele ja triikimisele.\" \/>\n<meta property=\"og:url\" content=\"https:\/\/lavanno.com\/en\/toode\/thermo-ident-ajutine-lint-l-15-mm-x-p-50m\/\" \/>\n<meta property=\"og:site_name\" content=\"Lavanno - pesuvahendite ekspert\" \/>\n<meta property=\"article:publisher\" content=\"https:\/\/www.facebook.com\/Lavanno.ee\" \/>\n<meta property=\"article:modified_time\" content=\"2026-05-02T11:40:01+00:00\" \/>\n<meta property=\"og:image\" content=\"https:\/\/lavanno.com\/wp-content\/uploads\/2025\/09\/Thermo-Ident-ajutine-lint.png\" \/>\n\t<meta property=\"og:image:width\" content=\"800\" \/>\n\t<meta property=\"og:image:height\" content=\"800\" \/>\n\t<meta property=\"og:image:type\" content=\"image\/png\" \/>\n<meta name=\"twitter:card\" content=\"summary_large_image\" \/>\n<meta name=\"twitter:label1\" content=\"Est. reading time\" \/>\n\t<meta name=\"twitter:data1\" content=\"1 minute\" \/>\n<script type=\"application\/ld+json\" class=\"yoast-schema-graph\">{\"@context\":\"https:\/\/schema.org\",\"@graph\":[{\"@type\":\"WebPage\",\"@id\":\"https:\/\/lavanno.com\/en\/toode\/thermo-ident-ajutine-lint-l-15-mm-x-p-50m\/\",\"url\":\"https:\/\/lavanno.com\/en\/toode\/thermo-ident-ajutine-lint-l-15-mm-x-p-50m\/\",\"name\":\"Thermo-Ident ajutine lint L 15 mm x P 50m VALGE - Lavanno - pesuvahendite ekspert\",\"isPartOf\":{\"@id\":\"https:\/\/lavanno.com\/en\/#website\"},\"primaryImageOfPage\":{\"@id\":\"https:\/\/lavanno.com\/en\/toode\/thermo-ident-ajutine-lint-l-15-mm-x-p-50m\/#primaryimage\"},\"image\":{\"@id\":\"https:\/\/lavanno.com\/en\/toode\/thermo-ident-ajutine-lint-l-15-mm-x-p-50m\/#primaryimage\"},\"thumbnailUrl\":\"https:\/\/lavanno.com\/wp-content\/uploads\/2025\/09\/Thermo-Ident-ajutine-lint.png\",\"datePublished\":\"2025-09-04T17:15:01+00:00\",\"dateModified\":\"2026-05-02T11:40:01+00:00\",\"description\":\"Thermo-Ident ajutine lint \u2013 unikaalne lahendus \u00fchekordseks m\u00e4rgistamiseks. Selge tr\u00fckk, j\u00e4\u00e4givabalt eemaldatav, vastupidav puhastusele ja triikimisele.\",\"breadcrumb\":{\"@id\":\"https:\/\/lavanno.com\/en\/toode\/thermo-ident-ajutine-lint-l-15-mm-x-p-50m\/#breadcrumb\"},\"inLanguage\":\"en-US\",\"potentialAction\":[{\"@type\":\"ReadAction\",\"target\":[\"https:\/\/lavanno.com\/en\/toode\/thermo-ident-ajutine-lint-l-15-mm-x-p-50m\/\"]}]},{\"@type\":\"ImageObject\",\"inLanguage\":\"en-US\",\"@id\":\"https:\/\/lavanno.com\/en\/toode\/thermo-ident-ajutine-lint-l-15-mm-x-p-50m\/#primaryimage\",\"url\":\"https:\/\/lavanno.com\/wp-content\/uploads\/2025\/09\/Thermo-Ident-ajutine-lint.png\",\"contentUrl\":\"https:\/\/lavanno.com\/wp-content\/uploads\/2025\/09\/Thermo-Ident-ajutine-lint.png\",\"width\":800,\"height\":800,\"caption\":\"Thermo-Ident-ajutine-lint.\"},{\"@type\":\"BreadcrumbList\",\"@id\":\"https:\/\/lavanno.com\/en\/toode\/thermo-ident-ajutine-lint-l-15-mm-x-p-50m\/#breadcrumb\",\"itemListElement\":[{\"@type\":\"ListItem\",\"position\":1,\"name\":\"Home\",\"item\":\"https:\/\/lavanno.com\/en\/\"},{\"@type\":\"ListItem\",\"position\":2,\"name\":\"E-pood\",\"item\":\"https:\/\/lavanno.com\/e-pood\/\"},{\"@type\":\"ListItem\",\"position\":3,\"name\":\"Thermo-Ident ajutine lint L 15 mm x P 50m VALGE\"}]},{\"@type\":\"WebSite\",\"@id\":\"https:\/\/lavanno.com\/en\/#website\",\"url\":\"https:\/\/lavanno.com\/en\/\",\"name\":\"Lavanno - Pesuvahendite ekspert\",\"description\":\"Toome maale ja m\u00fc\u00fcme tekstiili pesuvahendeid, pesumajaseadmeid ja tarvikuid. Hooldame ja konsulteerime.\",\"publisher\":{\"@id\":\"https:\/\/lavanno.com\/en\/#organization\"},\"potentialAction\":[{\"@type\":\"SearchAction\",\"target\":{\"@type\":\"EntryPoint\",\"urlTemplate\":\"https:\/\/lavanno.com\/en\/?s={search_term_string}\"},\"query-input\":{\"@type\":\"PropertyValueSpecification\",\"valueRequired\":true,\"valueName\":\"search_term_string\"}}],\"inLanguage\":\"en-US\"},{\"@type\":\"Organization\",\"@id\":\"https:\/\/lavanno.com\/en\/#organization\",\"name\":\"Lavanno - Pesuvahendite ekspert\",\"url\":\"https:\/\/lavanno.com\/en\/\",\"logo\":{\"@type\":\"ImageObject\",\"inLanguage\":\"en-US\",\"@id\":\"https:\/\/lavanno.com\/en\/#\/schema\/logo\/image\/\",\"url\":\"https:\/\/lavanno.com\/wp-content\/uploads\/2025\/07\/Lavanno.png\",\"contentUrl\":\"https:\/\/lavanno.com\/wp-content\/uploads\/2025\/07\/Lavanno.png\",\"width\":1200,\"height\":1200,\"caption\":\"Lavanno - Pesuvahendite ekspert\"},\"image\":{\"@id\":\"https:\/\/lavanno.com\/en\/#\/schema\/logo\/image\/\"},\"sameAs\":[\"https:\/\/www.facebook.com\/Lavanno.ee\"]}]}<\/script>\n<!-- \/ Yoast SEO plugin. -->","yoast_head_json":{"title":"Thermo-Ident ajutine lint L 15 mm x P 50m VALGE - Lavanno - pesuvahendite ekspert","description":"Thermo-Ident ajutine lint \u2013 unikaalne lahendus \u00fchekordseks m\u00e4rgistamiseks. Selge tr\u00fckk, j\u00e4\u00e4givabalt eemaldatav, vastupidav puhastusele ja triikimisele.","robots":{"index":"index","follow":"follow","max-snippet":"max-snippet:-1","max-image-preview":"max-image-preview:large","max-video-preview":"max-video-preview:-1"},"canonical":"https:\/\/lavanno.com\/en\/toode\/thermo-ident-ajutine-lint-l-15-mm-x-p-50m\/","og_locale":"en_US","og_type":"article","og_title":"Thermo-Ident ajutine lint L 15 mm x P 50m VALGE - Lavanno - pesuvahendite ekspert","og_description":"Thermo-Ident ajutine lint \u2013 unikaalne lahendus \u00fchekordseks m\u00e4rgistamiseks. Selge tr\u00fckk, j\u00e4\u00e4givabalt eemaldatav, vastupidav puhastusele ja triikimisele.","og_url":"https:\/\/lavanno.com\/en\/toode\/thermo-ident-ajutine-lint-l-15-mm-x-p-50m\/","og_site_name":"Lavanno - pesuvahendite ekspert","article_publisher":"https:\/\/www.facebook.com\/Lavanno.ee","article_modified_time":"2026-05-02T11:40:01+00:00","og_image":[{"width":800,"height":800,"url":"https:\/\/lavanno.com\/wp-content\/uploads\/2025\/09\/Thermo-Ident-ajutine-lint.png","type":"image\/png"}],"twitter_card":"summary_large_image","twitter_misc":{"Est. reading time":"1 minute"},"schema":{"@context":"https:\/\/schema.org","@graph":[{"@type":"WebPage","@id":"https:\/\/lavanno.com\/en\/toode\/thermo-ident-ajutine-lint-l-15-mm-x-p-50m\/","url":"https:\/\/lavanno.com\/en\/toode\/thermo-ident-ajutine-lint-l-15-mm-x-p-50m\/","name":"Thermo-Ident ajutine lint L 15 mm x P 50m VALGE - Lavanno - pesuvahendite ekspert","isPartOf":{"@id":"https:\/\/lavanno.com\/en\/#website"},"primaryImageOfPage":{"@id":"https:\/\/lavanno.com\/en\/toode\/thermo-ident-ajutine-lint-l-15-mm-x-p-50m\/#primaryimage"},"image":{"@id":"https:\/\/lavanno.com\/en\/toode\/thermo-ident-ajutine-lint-l-15-mm-x-p-50m\/#primaryimage"},"thumbnailUrl":"https:\/\/lavanno.com\/wp-content\/uploads\/2025\/09\/Thermo-Ident-ajutine-lint.png","datePublished":"2025-09-04T17:15:01+00:00","dateModified":"2026-05-02T11:40:01+00:00","description":"Thermo-Ident ajutine lint \u2013 unikaalne lahendus \u00fchekordseks m\u00e4rgistamiseks. Selge tr\u00fckk, j\u00e4\u00e4givabalt eemaldatav, vastupidav puhastusele ja triikimisele.","breadcrumb":{"@id":"https:\/\/lavanno.com\/en\/toode\/thermo-ident-ajutine-lint-l-15-mm-x-p-50m\/#breadcrumb"},"inLanguage":"en-US","potentialAction":[{"@type":"ReadAction","target":["https:\/\/lavanno.com\/en\/toode\/thermo-ident-ajutine-lint-l-15-mm-x-p-50m\/"]}]},{"@type":"ImageObject","inLanguage":"en-US","@id":"https:\/\/lavanno.com\/en\/toode\/thermo-ident-ajutine-lint-l-15-mm-x-p-50m\/#primaryimage","url":"https:\/\/lavanno.com\/wp-content\/uploads\/2025\/09\/Thermo-Ident-ajutine-lint.png","contentUrl":"https:\/\/lavanno.com\/wp-content\/uploads\/2025\/09\/Thermo-Ident-ajutine-lint.png","width":800,"height":800,"caption":"Thermo-Ident-ajutine-lint."},{"@type":"BreadcrumbList","@id":"https:\/\/lavanno.com\/en\/toode\/thermo-ident-ajutine-lint-l-15-mm-x-p-50m\/#breadcrumb","itemListElement":[{"@type":"ListItem","position":1,"name":"Home","item":"https:\/\/lavanno.com\/en\/"},{"@type":"ListItem","position":2,"name":"E-pood","item":"https:\/\/lavanno.com\/e-pood\/"},{"@type":"ListItem","position":3,"name":"Thermo-Ident ajutine lint L 15 mm x P 50m VALGE"}]},{"@type":"WebSite","@id":"https:\/\/lavanno.com\/en\/#website","url":"https:\/\/lavanno.com\/en\/","name":"Lavanno - Pesuvahendite ekspert","description":"Toome maale ja m\u00fc\u00fcme tekstiili pesuvahendeid, pesumajaseadmeid ja tarvikuid. Hooldame ja konsulteerime.","publisher":{"@id":"https:\/\/lavanno.com\/en\/#organization"},"potentialAction":[{"@type":"SearchAction","target":{"@type":"EntryPoint","urlTemplate":"https:\/\/lavanno.com\/en\/?s={search_term_string}"},"query-input":{"@type":"PropertyValueSpecification","valueRequired":true,"valueName":"search_term_string"}}],"inLanguage":"en-US"},{"@type":"Organization","@id":"https:\/\/lavanno.com\/en\/#organization","name":"Lavanno - Pesuvahendite ekspert","url":"https:\/\/lavanno.com\/en\/","logo":{"@type":"ImageObject","inLanguage":"en-US","@id":"https:\/\/lavanno.com\/en\/#\/schema\/logo\/image\/","url":"https:\/\/lavanno.com\/wp-content\/uploads\/2025\/07\/Lavanno.png","contentUrl":"https:\/\/lavanno.com\/wp-content\/uploads\/2025\/07\/Lavanno.png","width":1200,"height":1200,"caption":"Lavanno - Pesuvahendite ekspert"},"image":{"@id":"https:\/\/lavanno.com\/en\/#\/schema\/logo\/image\/"},"sameAs":["https:\/\/www.facebook.com\/Lavanno.ee"]}]}},"_links":{"self":[{"href":"https:\/\/lavanno.com\/en\/wp-json\/wp\/v2\/product\/11449","targetHints":{"allow":["GET"]}}],"collection":[{"href":"https:\/\/lavanno.com\/en\/wp-json\/wp\/v2\/product"}],"about":[{"href":"https:\/\/lavanno.com\/en\/wp-json\/wp\/v2\/types\/product"}],"replies":[{"embeddable":true,"href":"https:\/\/lavanno.com\/en\/wp-json\/wp\/v2\/comments?post=11449"}],"wp:featuredmedia":[{"embeddable":true,"href":"https:\/\/lavanno.com\/en\/wp-json\/wp\/v2\/media\/11464"}],"wp:attachment":[{"href":"https:\/\/lavanno.com\/en\/wp-json\/wp\/v2\/media?parent=11449"}],"wp:term":[{"taxonomy":"product_brand","embeddable":true,"href":"https:\/\/lavanno.com\/en\/wp-json\/wp\/v2\/product_brand?post=11449"},{"taxonomy":"product_cat","embeddable":true,"href":"https:\/\/lavanno.com\/en\/wp-json\/wp\/v2\/product_cat?post=11449"},{"taxonomy":"product_tag","embeddable":true,"href":"https:\/\/lavanno.com\/en\/wp-json\/wp\/v2\/product_tag?post=11449"}],"curies":[{"name":"wp","href":"https:\/\/api.w.org\/{rel}","templated":true}]}}