{"id":11989,"date":"2025-10-22T15:20:59","date_gmt":"2025-10-22T12:20:59","guid":{"rendered":"https:\/\/lavanno.com\/toode\/clean-protector-400ml-impregneerimisvahend\/"},"modified":"2026-05-02T14:40:01","modified_gmt":"2026-05-02T11:40:01","slug":"clean-protector-400ml-impregneerimisvahend","status":"publish","type":"product","link":"https:\/\/lavanno.com\/en\/toode\/clean-protector-400ml-impregneerimisvahend\/","title":{"rendered":"Clean Protector 400ml &#8211; impregneerimisvahend"},"content":{"rendered":"<p data-start=\"0\" data-end=\"23\"><strong data-start=\"0\" data-end=\"21\">Tehnilised andmed<\/strong><\/p>\n<p data-start=\"25\" data-end=\"354\" data-is-last-node=\"\" data-is-only-node=\"\"><strong data-start=\"25\" data-end=\"40\">Kasutamine:<\/strong> Enne kasutamist loksuta korralikult ja pihusta \u00fchtlaselt 20\u201330 cm kauguselt.<br data-start=\"117\" data-end=\"120\" data-is-only-node=\"\" \/><strong data-start=\"120\" data-end=\"133\">V\u00f6\u00f6tkood:<\/strong> (01)08054729630125<br data-start=\"152\" data-end=\"155\" \/><strong data-start=\"155\" data-end=\"167\">Koostis:<\/strong> s\u00fcsivesinikud C7 \u2013 (n-alkaanid, isoalkaanid, ts\u00fcklilised), butaan, isobutaan, propaan, but\u00fc\u00fclatsetaat, fluors\u00fcsinikuvaigud.<br data-start=\"291\" data-end=\"294\" \/><strong data-start=\"294\" data-end=\"309\">Funktsioon:<\/strong> veekindlust spreina \/ vett h\u00fclgav pihustatav sprei.<\/p>\n","protected":false},"excerpt":{"rendered":"<p data-start=\"0\" data-end=\"19\"><strong data-start=\"0\" data-end=\"19\">Impregneerimisvahend<\/strong><\/p>\n<p data-start=\"21\" data-end=\"192\" data-is-last-node=\"\" data-is-only-node=\"\">Muudab kanga vee- ja \u00f5likindlaks ning takistab mustuse uuesti imendumist.<br data-start=\"94\" data-end=\"97\" \/>Pikaajaline toime.<br data-start=\"115\" data-end=\"118\" \/>N\u00e4htamatu \u2013 ei muuda kanga v\u00e4rvi ega v\u00e4limust.<br data-start=\"164\" data-end=\"167\" \/>Ei j\u00e4ta plekke ega varje.<\/p>\n","protected":false},"featured_media":12277,"comment_status":"open","ping_status":"closed","template":"","meta":[],"product_brand":[],"product_cat":[523,574,575,614,520,543],"product_tag":[],"class_list":{"0":"post-11989","1":"product","2":"type-product","3":"status-publish","4":"has-post-thumbnail","6":"product_cat-jaemuugitooted","7":"product_cat-pihustite-sari","8":"product_cat-muud-pihustid-pihustite-sari-ariklient","9":"product_cat-viimistlusvahendid","10":"product_cat-eraklient","11":"product_cat-pihustatavad-tooted-eraklient","13":"first","14":"instock","15":"taxable","16":"shipping-taxable","17":"purchasable","18":"product-type-simple"},"yoast_head":"<!-- This site is optimized with the Yoast SEO plugin v27.0 - https:\/\/yoast.com\/product\/yoast-seo-wordpress\/ -->\n<title>Clean Protector 400ml - impregneerimisvahend - Lavanno - pesuvahendite ekspert<\/title>\n<meta name=\"description\" content=\"Impregneerimisvahend. Muudab kanga vee- ja \u00f5likindlaks ning takistab mustuse uuesti imendumist. Pikaajaline toime. N\u00e4htamatu \u2013 ei muuda kanga v\u00e4rvi ega v\u00e4limust. Ei j\u00e4ta plekke ega varje.\" \/>\n<meta name=\"robots\" content=\"index, follow, max-snippet:-1, max-image-preview:large, max-video-preview:-1\" \/>\n<link rel=\"canonical\" href=\"https:\/\/lavanno.com\/en\/toode\/clean-protector-400ml-impregneerimisvahend\/\" \/>\n<meta property=\"og:locale\" content=\"en_US\" \/>\n<meta property=\"og:type\" content=\"article\" \/>\n<meta property=\"og:title\" content=\"Clean Protector 400ml - impregneerimisvahend - Lavanno - pesuvahendite ekspert\" \/>\n<meta property=\"og:description\" content=\"Impregneerimisvahend. Muudab kanga vee- ja \u00f5likindlaks ning takistab mustuse uuesti imendumist. Pikaajaline toime. N\u00e4htamatu \u2013 ei muuda kanga v\u00e4rvi ega v\u00e4limust. Ei j\u00e4ta plekke ega varje.\" \/>\n<meta property=\"og:url\" content=\"https:\/\/lavanno.com\/en\/toode\/clean-protector-400ml-impregneerimisvahend\/\" \/>\n<meta property=\"og:site_name\" content=\"Lavanno - pesuvahendite ekspert\" \/>\n<meta property=\"article:publisher\" content=\"https:\/\/www.facebook.com\/Lavanno.ee\" \/>\n<meta property=\"article:modified_time\" content=\"2026-05-02T11:40:01+00:00\" \/>\n<meta property=\"og:image\" content=\"https:\/\/lavanno.com\/wp-content\/uploads\/2025\/10\/a70-040cleanprotector.png\" \/>\n\t<meta property=\"og:image:width\" content=\"800\" \/>\n\t<meta property=\"og:image:height\" content=\"800\" \/>\n\t<meta property=\"og:image:type\" content=\"image\/png\" \/>\n<meta name=\"twitter:card\" content=\"summary_large_image\" \/>\n<meta name=\"twitter:label1\" content=\"Est. reading time\" \/>\n\t<meta name=\"twitter:data1\" content=\"1 minute\" \/>\n<script type=\"application\/ld+json\" class=\"yoast-schema-graph\">{\"@context\":\"https:\/\/schema.org\",\"@graph\":[{\"@type\":\"WebPage\",\"@id\":\"https:\/\/lavanno.com\/en\/toode\/clean-protector-400ml-impregneerimisvahend\/\",\"url\":\"https:\/\/lavanno.com\/en\/toode\/clean-protector-400ml-impregneerimisvahend\/\",\"name\":\"Clean Protector 400ml - impregneerimisvahend - Lavanno - pesuvahendite ekspert\",\"isPartOf\":{\"@id\":\"https:\/\/lavanno.com\/en\/#website\"},\"primaryImageOfPage\":{\"@id\":\"https:\/\/lavanno.com\/en\/toode\/clean-protector-400ml-impregneerimisvahend\/#primaryimage\"},\"image\":{\"@id\":\"https:\/\/lavanno.com\/en\/toode\/clean-protector-400ml-impregneerimisvahend\/#primaryimage\"},\"thumbnailUrl\":\"https:\/\/lavanno.com\/wp-content\/uploads\/2025\/10\/a70-040cleanprotector.png\",\"datePublished\":\"2025-10-22T12:20:59+00:00\",\"dateModified\":\"2026-05-02T11:40:01+00:00\",\"description\":\"Impregneerimisvahend. Muudab kanga vee- ja \u00f5likindlaks ning takistab mustuse uuesti imendumist. Pikaajaline toime. N\u00e4htamatu \u2013 ei muuda kanga v\u00e4rvi ega v\u00e4limust. Ei j\u00e4ta plekke ega varje.\",\"breadcrumb\":{\"@id\":\"https:\/\/lavanno.com\/en\/toode\/clean-protector-400ml-impregneerimisvahend\/#breadcrumb\"},\"inLanguage\":\"en-US\",\"potentialAction\":[{\"@type\":\"ReadAction\",\"target\":[\"https:\/\/lavanno.com\/en\/toode\/clean-protector-400ml-impregneerimisvahend\/\"]}]},{\"@type\":\"ImageObject\",\"inLanguage\":\"en-US\",\"@id\":\"https:\/\/lavanno.com\/en\/toode\/clean-protector-400ml-impregneerimisvahend\/#primaryimage\",\"url\":\"https:\/\/lavanno.com\/wp-content\/uploads\/2025\/10\/a70-040cleanprotector.png\",\"contentUrl\":\"https:\/\/lavanno.com\/wp-content\/uploads\/2025\/10\/a70-040cleanprotector.png\",\"width\":800,\"height\":800,\"caption\":\"impregneerimise vahend clean protector\"},{\"@type\":\"BreadcrumbList\",\"@id\":\"https:\/\/lavanno.com\/en\/toode\/clean-protector-400ml-impregneerimisvahend\/#breadcrumb\",\"itemListElement\":[{\"@type\":\"ListItem\",\"position\":1,\"name\":\"Home\",\"item\":\"https:\/\/lavanno.com\/en\/\"},{\"@type\":\"ListItem\",\"position\":2,\"name\":\"E-pood\",\"item\":\"https:\/\/lavanno.com\/e-pood\/\"},{\"@type\":\"ListItem\",\"position\":3,\"name\":\"Clean Protector 400ml &#8211; impregneerimisvahend\"}]},{\"@type\":\"WebSite\",\"@id\":\"https:\/\/lavanno.com\/en\/#website\",\"url\":\"https:\/\/lavanno.com\/en\/\",\"name\":\"Lavanno - Pesuvahendite ekspert\",\"description\":\"Toome maale ja m\u00fc\u00fcme tekstiili pesuvahendeid, pesumajaseadmeid ja tarvikuid. Hooldame ja konsulteerime.\",\"publisher\":{\"@id\":\"https:\/\/lavanno.com\/en\/#organization\"},\"potentialAction\":[{\"@type\":\"SearchAction\",\"target\":{\"@type\":\"EntryPoint\",\"urlTemplate\":\"https:\/\/lavanno.com\/en\/?s={search_term_string}\"},\"query-input\":{\"@type\":\"PropertyValueSpecification\",\"valueRequired\":true,\"valueName\":\"search_term_string\"}}],\"inLanguage\":\"en-US\"},{\"@type\":\"Organization\",\"@id\":\"https:\/\/lavanno.com\/en\/#organization\",\"name\":\"Lavanno - Pesuvahendite ekspert\",\"url\":\"https:\/\/lavanno.com\/en\/\",\"logo\":{\"@type\":\"ImageObject\",\"inLanguage\":\"en-US\",\"@id\":\"https:\/\/lavanno.com\/en\/#\/schema\/logo\/image\/\",\"url\":\"https:\/\/lavanno.com\/wp-content\/uploads\/2025\/07\/Lavanno.png\",\"contentUrl\":\"https:\/\/lavanno.com\/wp-content\/uploads\/2025\/07\/Lavanno.png\",\"width\":1200,\"height\":1200,\"caption\":\"Lavanno - Pesuvahendite ekspert\"},\"image\":{\"@id\":\"https:\/\/lavanno.com\/en\/#\/schema\/logo\/image\/\"},\"sameAs\":[\"https:\/\/www.facebook.com\/Lavanno.ee\"]}]}<\/script>\n<!-- \/ Yoast SEO plugin. -->","yoast_head_json":{"title":"Clean Protector 400ml - impregneerimisvahend - Lavanno - pesuvahendite ekspert","description":"Impregneerimisvahend. Muudab kanga vee- ja \u00f5likindlaks ning takistab mustuse uuesti imendumist. Pikaajaline toime. N\u00e4htamatu \u2013 ei muuda kanga v\u00e4rvi ega v\u00e4limust. Ei j\u00e4ta plekke ega varje.","robots":{"index":"index","follow":"follow","max-snippet":"max-snippet:-1","max-image-preview":"max-image-preview:large","max-video-preview":"max-video-preview:-1"},"canonical":"https:\/\/lavanno.com\/en\/toode\/clean-protector-400ml-impregneerimisvahend\/","og_locale":"en_US","og_type":"article","og_title":"Clean Protector 400ml - impregneerimisvahend - Lavanno - pesuvahendite ekspert","og_description":"Impregneerimisvahend. Muudab kanga vee- ja \u00f5likindlaks ning takistab mustuse uuesti imendumist. Pikaajaline toime. N\u00e4htamatu \u2013 ei muuda kanga v\u00e4rvi ega v\u00e4limust. Ei j\u00e4ta plekke ega varje.","og_url":"https:\/\/lavanno.com\/en\/toode\/clean-protector-400ml-impregneerimisvahend\/","og_site_name":"Lavanno - pesuvahendite ekspert","article_publisher":"https:\/\/www.facebook.com\/Lavanno.ee","article_modified_time":"2026-05-02T11:40:01+00:00","og_image":[{"width":800,"height":800,"url":"https:\/\/lavanno.com\/wp-content\/uploads\/2025\/10\/a70-040cleanprotector.png","type":"image\/png"}],"twitter_card":"summary_large_image","twitter_misc":{"Est. reading time":"1 minute"},"schema":{"@context":"https:\/\/schema.org","@graph":[{"@type":"WebPage","@id":"https:\/\/lavanno.com\/en\/toode\/clean-protector-400ml-impregneerimisvahend\/","url":"https:\/\/lavanno.com\/en\/toode\/clean-protector-400ml-impregneerimisvahend\/","name":"Clean Protector 400ml - impregneerimisvahend - Lavanno - pesuvahendite ekspert","isPartOf":{"@id":"https:\/\/lavanno.com\/en\/#website"},"primaryImageOfPage":{"@id":"https:\/\/lavanno.com\/en\/toode\/clean-protector-400ml-impregneerimisvahend\/#primaryimage"},"image":{"@id":"https:\/\/lavanno.com\/en\/toode\/clean-protector-400ml-impregneerimisvahend\/#primaryimage"},"thumbnailUrl":"https:\/\/lavanno.com\/wp-content\/uploads\/2025\/10\/a70-040cleanprotector.png","datePublished":"2025-10-22T12:20:59+00:00","dateModified":"2026-05-02T11:40:01+00:00","description":"Impregneerimisvahend. Muudab kanga vee- ja \u00f5likindlaks ning takistab mustuse uuesti imendumist. Pikaajaline toime. N\u00e4htamatu \u2013 ei muuda kanga v\u00e4rvi ega v\u00e4limust. Ei j\u00e4ta plekke ega varje.","breadcrumb":{"@id":"https:\/\/lavanno.com\/en\/toode\/clean-protector-400ml-impregneerimisvahend\/#breadcrumb"},"inLanguage":"en-US","potentialAction":[{"@type":"ReadAction","target":["https:\/\/lavanno.com\/en\/toode\/clean-protector-400ml-impregneerimisvahend\/"]}]},{"@type":"ImageObject","inLanguage":"en-US","@id":"https:\/\/lavanno.com\/en\/toode\/clean-protector-400ml-impregneerimisvahend\/#primaryimage","url":"https:\/\/lavanno.com\/wp-content\/uploads\/2025\/10\/a70-040cleanprotector.png","contentUrl":"https:\/\/lavanno.com\/wp-content\/uploads\/2025\/10\/a70-040cleanprotector.png","width":800,"height":800,"caption":"impregneerimise vahend clean protector"},{"@type":"BreadcrumbList","@id":"https:\/\/lavanno.com\/en\/toode\/clean-protector-400ml-impregneerimisvahend\/#breadcrumb","itemListElement":[{"@type":"ListItem","position":1,"name":"Home","item":"https:\/\/lavanno.com\/en\/"},{"@type":"ListItem","position":2,"name":"E-pood","item":"https:\/\/lavanno.com\/e-pood\/"},{"@type":"ListItem","position":3,"name":"Clean Protector 400ml &#8211; impregneerimisvahend"}]},{"@type":"WebSite","@id":"https:\/\/lavanno.com\/en\/#website","url":"https:\/\/lavanno.com\/en\/","name":"Lavanno - Pesuvahendite ekspert","description":"Toome maale ja m\u00fc\u00fcme tekstiili pesuvahendeid, pesumajaseadmeid ja tarvikuid. Hooldame ja konsulteerime.","publisher":{"@id":"https:\/\/lavanno.com\/en\/#organization"},"potentialAction":[{"@type":"SearchAction","target":{"@type":"EntryPoint","urlTemplate":"https:\/\/lavanno.com\/en\/?s={search_term_string}"},"query-input":{"@type":"PropertyValueSpecification","valueRequired":true,"valueName":"search_term_string"}}],"inLanguage":"en-US"},{"@type":"Organization","@id":"https:\/\/lavanno.com\/en\/#organization","name":"Lavanno - Pesuvahendite ekspert","url":"https:\/\/lavanno.com\/en\/","logo":{"@type":"ImageObject","inLanguage":"en-US","@id":"https:\/\/lavanno.com\/en\/#\/schema\/logo\/image\/","url":"https:\/\/lavanno.com\/wp-content\/uploads\/2025\/07\/Lavanno.png","contentUrl":"https:\/\/lavanno.com\/wp-content\/uploads\/2025\/07\/Lavanno.png","width":1200,"height":1200,"caption":"Lavanno - Pesuvahendite ekspert"},"image":{"@id":"https:\/\/lavanno.com\/en\/#\/schema\/logo\/image\/"},"sameAs":["https:\/\/www.facebook.com\/Lavanno.ee"]}]}},"_links":{"self":[{"href":"https:\/\/lavanno.com\/en\/wp-json\/wp\/v2\/product\/11989","targetHints":{"allow":["GET"]}}],"collection":[{"href":"https:\/\/lavanno.com\/en\/wp-json\/wp\/v2\/product"}],"about":[{"href":"https:\/\/lavanno.com\/en\/wp-json\/wp\/v2\/types\/product"}],"replies":[{"embeddable":true,"href":"https:\/\/lavanno.com\/en\/wp-json\/wp\/v2\/comments?post=11989"}],"wp:featuredmedia":[{"embeddable":true,"href":"https:\/\/lavanno.com\/en\/wp-json\/wp\/v2\/media\/12277"}],"wp:attachment":[{"href":"https:\/\/lavanno.com\/en\/wp-json\/wp\/v2\/media?parent=11989"}],"wp:term":[{"taxonomy":"product_brand","embeddable":true,"href":"https:\/\/lavanno.com\/en\/wp-json\/wp\/v2\/product_brand?post=11989"},{"taxonomy":"product_cat","embeddable":true,"href":"https:\/\/lavanno.com\/en\/wp-json\/wp\/v2\/product_cat?post=11989"},{"taxonomy":"product_tag","embeddable":true,"href":"https:\/\/lavanno.com\/en\/wp-json\/wp\/v2\/product_tag?post=11989"}],"curies":[{"name":"wp","href":"https:\/\/api.w.org\/{rel}","templated":true}]}}