{"id":11992,"date":"2025-10-22T15:25:01","date_gmt":"2025-10-22T12:25:01","guid":{"rendered":"https:\/\/lavanno.com\/toode\/hygiene-bomb-spring-12x235ml-lohnaessents\/"},"modified":"2026-05-02T14:40:01","modified_gmt":"2026-05-02T11:40:01","slug":"hygiene-bomb-spring-12x235ml-lohnaessents","status":"publish","type":"product","link":"https:\/\/lavanno.com\/en\/toode\/hygiene-bomb-spring-12x235ml-lohnaessents\/","title":{"rendered":"HYGIENE BOMB Spring 12x235ml &#8211; l\u00f5hnaessents"},"content":{"rendered":"<p><a href=\"https:\/\/lavanno.com\/wp-content\/uploads\/2021\/05\/A80-215Hygienfresh_HygienBomb_Essence_SpringRel1ENSDS.pdf\">Safety Data Sheet<\/a><\/br><a href=\"https:\/\/lavanno.com\/wp-content\/uploads\/2021\/05\/A80-215HygieneBomb_Essence_SpringRel1ENTEC.pdf\">Technical Data Sheet<\/a><\/p>\n","protected":false},"excerpt":{"rendered":"<p>Suure kontsentratsiooniga h\u00fcgieeniline l\u00f5hnastatud essents v\u00e4rske puhta pesu jaoks, tsitruse ja lillede l\u00f5hnaga.<\/p>\n<p><\/p>\n<ul><\/p>\n<li>Kontsentreeritud h\u00fcgieenilisust tagav koostis<\/li>\n<p><\/p>\n<li>Intensiivne ja kauakestev l\u00f5hn<\/li>\n<p><\/p>\n<li>Kaks toimeainet tagavad p\u00f5hjaliku h\u00fcgieenilisuse <\/li>\n<p><\/p>\n<li>Sobib igat t\u00fc\u00fcpi pesuainete ja pehmenditega<\/li>\n<p><\/p>\n<li>M\u00f5nest tilgast piisab p\u00f5hjaliku ja kauakestva puhtuse ja h\u00fcgieenilisuse tagamiseks<\/li>\n<p><\/p>\n<li>Testitud nikli ja kroomi suhtes (nikkel &lt;0,001% &#8211; kroom &lt;0,001%)<\/li>\n<p><\/p>\n<li>Ei ole kasutatud loomkatseid<\/li>\n<p>\n <\/ul>\n","protected":false},"featured_media":12556,"comment_status":"open","ping_status":"closed","template":"","meta":[],"product_brand":[],"product_cat":[15],"product_tag":[],"class_list":{"0":"post-11992","1":"product","2":"type-product","3":"status-publish","4":"has-post-thumbnail","6":"product_cat-uncategorized","8":"first","9":"outofstock","10":"taxable","11":"shipping-taxable","12":"purchasable","13":"product-type-simple"},"yoast_head":"<!-- This site is optimized with the Yoast SEO plugin v27.0 - https:\/\/yoast.com\/product\/yoast-seo-wordpress\/ -->\n<title>HYGIENE BOMB Spring 12x235ml - l\u00f5hnaessents - Lavanno - pesuvahendite ekspert<\/title>\n<meta name=\"robots\" content=\"index, follow, max-snippet:-1, max-image-preview:large, max-video-preview:-1\" \/>\n<link rel=\"canonical\" href=\"https:\/\/lavanno.com\/en\/toode\/hygiene-bomb-spring-12x235ml-lohnaessents\/\" \/>\n<meta property=\"og:locale\" content=\"en_US\" \/>\n<meta property=\"og:type\" content=\"article\" \/>\n<meta property=\"og:title\" content=\"HYGIENE BOMB Spring 12x235ml - l\u00f5hnaessents - Lavanno - pesuvahendite ekspert\" \/>\n<meta property=\"og:description\" content=\"Suure kontsentratsiooniga h\u00fcgieeniline l\u00f5hnastatud essents v\u00e4rske puhta pesu jaoks, tsitruse ja lillede l\u00f5hnaga.  Kontsentreeritud h\u00fcgieenilisust tagav koostis Intensiivne ja kauakestev l\u00f5hn Kaks toimeainet tagavad p\u00f5hjaliku h\u00fcgieenilisuse  Sobib igat t\u00fc\u00fcpi pesuainete ja pehmenditega M\u00f5nest tilgast piisab p\u00f5hjaliku ja kauakestva puhtuse ja h\u00fcgieenilisuse tagamiseks Testitud nikli ja kroomi suhtes (nikkel &lt;0,001% - kroom &lt;0,001%) Ei ole kasutatud loomkatseid\" \/>\n<meta property=\"og:url\" content=\"https:\/\/lavanno.com\/en\/toode\/hygiene-bomb-spring-12x235ml-lohnaessents\/\" \/>\n<meta property=\"og:site_name\" content=\"Lavanno - pesuvahendite ekspert\" \/>\n<meta property=\"article:publisher\" content=\"https:\/\/www.facebook.com\/Lavanno.ee\" \/>\n<meta property=\"article:modified_time\" content=\"2026-05-02T11:40:01+00:00\" \/>\n<meta name=\"twitter:card\" content=\"summary_large_image\" \/>\n<script type=\"application\/ld+json\" class=\"yoast-schema-graph\">{\"@context\":\"https:\/\/schema.org\",\"@graph\":[{\"@type\":\"WebPage\",\"@id\":\"https:\/\/lavanno.com\/en\/toode\/hygiene-bomb-spring-12x235ml-lohnaessents\/\",\"url\":\"https:\/\/lavanno.com\/en\/toode\/hygiene-bomb-spring-12x235ml-lohnaessents\/\",\"name\":\"HYGIENE BOMB Spring 12x235ml - l\u00f5hnaessents - Lavanno - pesuvahendite ekspert\",\"isPartOf\":{\"@id\":\"https:\/\/lavanno.com\/en\/#website\"},\"primaryImageOfPage\":{\"@id\":\"https:\/\/lavanno.com\/en\/toode\/hygiene-bomb-spring-12x235ml-lohnaessents\/#primaryimage\"},\"image\":{\"@id\":\"https:\/\/lavanno.com\/en\/toode\/hygiene-bomb-spring-12x235ml-lohnaessents\/#primaryimage\"},\"thumbnailUrl\":\"https:\/\/lavanno.com\/wp-content\/uploads\/2025\/11\/a80-215dchygienebomb_laundryessence_spring-1.png\",\"datePublished\":\"2025-10-22T12:25:01+00:00\",\"dateModified\":\"2026-05-02T11:40:01+00:00\",\"breadcrumb\":{\"@id\":\"https:\/\/lavanno.com\/en\/toode\/hygiene-bomb-spring-12x235ml-lohnaessents\/#breadcrumb\"},\"inLanguage\":\"en-US\",\"potentialAction\":[{\"@type\":\"ReadAction\",\"target\":[\"https:\/\/lavanno.com\/en\/toode\/hygiene-bomb-spring-12x235ml-lohnaessents\/\"]}]},{\"@type\":\"ImageObject\",\"inLanguage\":\"en-US\",\"@id\":\"https:\/\/lavanno.com\/en\/toode\/hygiene-bomb-spring-12x235ml-lohnaessents\/#primaryimage\",\"url\":\"https:\/\/lavanno.com\/wp-content\/uploads\/2025\/11\/a80-215dchygienebomb_laundryessence_spring-1.png\",\"contentUrl\":\"https:\/\/lavanno.com\/wp-content\/uploads\/2025\/11\/a80-215dchygienebomb_laundryessence_spring-1.png\",\"width\":800,\"height\":800},{\"@type\":\"BreadcrumbList\",\"@id\":\"https:\/\/lavanno.com\/en\/toode\/hygiene-bomb-spring-12x235ml-lohnaessents\/#breadcrumb\",\"itemListElement\":[{\"@type\":\"ListItem\",\"position\":1,\"name\":\"Home\",\"item\":\"https:\/\/lavanno.com\/en\/\"},{\"@type\":\"ListItem\",\"position\":2,\"name\":\"E-pood\",\"item\":\"https:\/\/lavanno.com\/e-pood\/\"},{\"@type\":\"ListItem\",\"position\":3,\"name\":\"HYGIENE BOMB Spring 12x235ml &#8211; l\u00f5hnaessents\"}]},{\"@type\":\"WebSite\",\"@id\":\"https:\/\/lavanno.com\/en\/#website\",\"url\":\"https:\/\/lavanno.com\/en\/\",\"name\":\"Lavanno - Pesuvahendite ekspert\",\"description\":\"Toome maale ja m\u00fc\u00fcme tekstiili pesuvahendeid, pesumajaseadmeid ja tarvikuid. Hooldame ja konsulteerime.\",\"publisher\":{\"@id\":\"https:\/\/lavanno.com\/en\/#organization\"},\"potentialAction\":[{\"@type\":\"SearchAction\",\"target\":{\"@type\":\"EntryPoint\",\"urlTemplate\":\"https:\/\/lavanno.com\/en\/?s={search_term_string}\"},\"query-input\":{\"@type\":\"PropertyValueSpecification\",\"valueRequired\":true,\"valueName\":\"search_term_string\"}}],\"inLanguage\":\"en-US\"},{\"@type\":\"Organization\",\"@id\":\"https:\/\/lavanno.com\/en\/#organization\",\"name\":\"Lavanno - Pesuvahendite ekspert\",\"url\":\"https:\/\/lavanno.com\/en\/\",\"logo\":{\"@type\":\"ImageObject\",\"inLanguage\":\"en-US\",\"@id\":\"https:\/\/lavanno.com\/en\/#\/schema\/logo\/image\/\",\"url\":\"https:\/\/lavanno.com\/wp-content\/uploads\/2025\/07\/Lavanno.png\",\"contentUrl\":\"https:\/\/lavanno.com\/wp-content\/uploads\/2025\/07\/Lavanno.png\",\"width\":1200,\"height\":1200,\"caption\":\"Lavanno - Pesuvahendite ekspert\"},\"image\":{\"@id\":\"https:\/\/lavanno.com\/en\/#\/schema\/logo\/image\/\"},\"sameAs\":[\"https:\/\/www.facebook.com\/Lavanno.ee\"]}]}<\/script>\n<!-- \/ Yoast SEO plugin. -->","yoast_head_json":{"title":"HYGIENE BOMB Spring 12x235ml - l\u00f5hnaessents - Lavanno - pesuvahendite ekspert","robots":{"index":"index","follow":"follow","max-snippet":"max-snippet:-1","max-image-preview":"max-image-preview:large","max-video-preview":"max-video-preview:-1"},"canonical":"https:\/\/lavanno.com\/en\/toode\/hygiene-bomb-spring-12x235ml-lohnaessents\/","og_locale":"en_US","og_type":"article","og_title":"HYGIENE BOMB Spring 12x235ml - l\u00f5hnaessents - Lavanno - pesuvahendite ekspert","og_description":"Suure kontsentratsiooniga h\u00fcgieeniline l\u00f5hnastatud essents v\u00e4rske puhta pesu jaoks, tsitruse ja lillede l\u00f5hnaga.  Kontsentreeritud h\u00fcgieenilisust tagav koostis Intensiivne ja kauakestev l\u00f5hn Kaks toimeainet tagavad p\u00f5hjaliku h\u00fcgieenilisuse  Sobib igat t\u00fc\u00fcpi pesuainete ja pehmenditega M\u00f5nest tilgast piisab p\u00f5hjaliku ja kauakestva puhtuse ja h\u00fcgieenilisuse tagamiseks Testitud nikli ja kroomi suhtes (nikkel &lt;0,001% - kroom &lt;0,001%) Ei ole kasutatud loomkatseid","og_url":"https:\/\/lavanno.com\/en\/toode\/hygiene-bomb-spring-12x235ml-lohnaessents\/","og_site_name":"Lavanno - pesuvahendite ekspert","article_publisher":"https:\/\/www.facebook.com\/Lavanno.ee","article_modified_time":"2026-05-02T11:40:01+00:00","twitter_card":"summary_large_image","schema":{"@context":"https:\/\/schema.org","@graph":[{"@type":"WebPage","@id":"https:\/\/lavanno.com\/en\/toode\/hygiene-bomb-spring-12x235ml-lohnaessents\/","url":"https:\/\/lavanno.com\/en\/toode\/hygiene-bomb-spring-12x235ml-lohnaessents\/","name":"HYGIENE BOMB Spring 12x235ml - l\u00f5hnaessents - Lavanno - pesuvahendite ekspert","isPartOf":{"@id":"https:\/\/lavanno.com\/en\/#website"},"primaryImageOfPage":{"@id":"https:\/\/lavanno.com\/en\/toode\/hygiene-bomb-spring-12x235ml-lohnaessents\/#primaryimage"},"image":{"@id":"https:\/\/lavanno.com\/en\/toode\/hygiene-bomb-spring-12x235ml-lohnaessents\/#primaryimage"},"thumbnailUrl":"https:\/\/lavanno.com\/wp-content\/uploads\/2025\/11\/a80-215dchygienebomb_laundryessence_spring-1.png","datePublished":"2025-10-22T12:25:01+00:00","dateModified":"2026-05-02T11:40:01+00:00","breadcrumb":{"@id":"https:\/\/lavanno.com\/en\/toode\/hygiene-bomb-spring-12x235ml-lohnaessents\/#breadcrumb"},"inLanguage":"en-US","potentialAction":[{"@type":"ReadAction","target":["https:\/\/lavanno.com\/en\/toode\/hygiene-bomb-spring-12x235ml-lohnaessents\/"]}]},{"@type":"ImageObject","inLanguage":"en-US","@id":"https:\/\/lavanno.com\/en\/toode\/hygiene-bomb-spring-12x235ml-lohnaessents\/#primaryimage","url":"https:\/\/lavanno.com\/wp-content\/uploads\/2025\/11\/a80-215dchygienebomb_laundryessence_spring-1.png","contentUrl":"https:\/\/lavanno.com\/wp-content\/uploads\/2025\/11\/a80-215dchygienebomb_laundryessence_spring-1.png","width":800,"height":800},{"@type":"BreadcrumbList","@id":"https:\/\/lavanno.com\/en\/toode\/hygiene-bomb-spring-12x235ml-lohnaessents\/#breadcrumb","itemListElement":[{"@type":"ListItem","position":1,"name":"Home","item":"https:\/\/lavanno.com\/en\/"},{"@type":"ListItem","position":2,"name":"E-pood","item":"https:\/\/lavanno.com\/e-pood\/"},{"@type":"ListItem","position":3,"name":"HYGIENE BOMB Spring 12x235ml &#8211; l\u00f5hnaessents"}]},{"@type":"WebSite","@id":"https:\/\/lavanno.com\/en\/#website","url":"https:\/\/lavanno.com\/en\/","name":"Lavanno - Pesuvahendite ekspert","description":"Toome maale ja m\u00fc\u00fcme tekstiili pesuvahendeid, pesumajaseadmeid ja tarvikuid. Hooldame ja konsulteerime.","publisher":{"@id":"https:\/\/lavanno.com\/en\/#organization"},"potentialAction":[{"@type":"SearchAction","target":{"@type":"EntryPoint","urlTemplate":"https:\/\/lavanno.com\/en\/?s={search_term_string}"},"query-input":{"@type":"PropertyValueSpecification","valueRequired":true,"valueName":"search_term_string"}}],"inLanguage":"en-US"},{"@type":"Organization","@id":"https:\/\/lavanno.com\/en\/#organization","name":"Lavanno - Pesuvahendite ekspert","url":"https:\/\/lavanno.com\/en\/","logo":{"@type":"ImageObject","inLanguage":"en-US","@id":"https:\/\/lavanno.com\/en\/#\/schema\/logo\/image\/","url":"https:\/\/lavanno.com\/wp-content\/uploads\/2025\/07\/Lavanno.png","contentUrl":"https:\/\/lavanno.com\/wp-content\/uploads\/2025\/07\/Lavanno.png","width":1200,"height":1200,"caption":"Lavanno - Pesuvahendite ekspert"},"image":{"@id":"https:\/\/lavanno.com\/en\/#\/schema\/logo\/image\/"},"sameAs":["https:\/\/www.facebook.com\/Lavanno.ee"]}]}},"_links":{"self":[{"href":"https:\/\/lavanno.com\/en\/wp-json\/wp\/v2\/product\/11992","targetHints":{"allow":["GET"]}}],"collection":[{"href":"https:\/\/lavanno.com\/en\/wp-json\/wp\/v2\/product"}],"about":[{"href":"https:\/\/lavanno.com\/en\/wp-json\/wp\/v2\/types\/product"}],"replies":[{"embeddable":true,"href":"https:\/\/lavanno.com\/en\/wp-json\/wp\/v2\/comments?post=11992"}],"wp:featuredmedia":[{"embeddable":true,"href":"https:\/\/lavanno.com\/en\/wp-json\/wp\/v2\/media\/12556"}],"wp:attachment":[{"href":"https:\/\/lavanno.com\/en\/wp-json\/wp\/v2\/media?parent=11992"}],"wp:term":[{"taxonomy":"product_brand","embeddable":true,"href":"https:\/\/lavanno.com\/en\/wp-json\/wp\/v2\/product_brand?post=11992"},{"taxonomy":"product_cat","embeddable":true,"href":"https:\/\/lavanno.com\/en\/wp-json\/wp\/v2\/product_cat?post=11992"},{"taxonomy":"product_tag","embeddable":true,"href":"https:\/\/lavanno.com\/en\/wp-json\/wp\/v2\/product_tag?post=11992"}],"curies":[{"name":"wp","href":"https:\/\/api.w.org\/{rel}","templated":true}]}}