{"id":12004,"date":"2025-10-22T15:35:01","date_gmt":"2025-10-22T12:35:01","guid":{"rendered":"https:\/\/lavanno.com\/toode\/certisan-a-20kg-pesuaine\/"},"modified":"2026-05-02T14:40:01","modified_gmt":"2026-05-02T11:40:01","slug":"certisan-a-20kg-pesuaine","status":"publish","type":"product","link":"https:\/\/lavanno.com\/en\/toode\/certisan-a-20kg-pesuaine\/","title":{"rendered":"Certisan A 20kg &#8211; pesuaine"},"content":{"rendered":"<p><strong>Spetsifikatsioon<\/strong><\/p>\n<p><strong>Kasutamine<\/strong><\/p>\n<p>Certisan A sobib kasutamiseks igat t\u00fc\u00fcpi r\u00f5ivastel \u2013 nii looduslikel kui s\u00fcnteetilistel kangastel, k\u00e4sipesus ja masina-pesus. S\u00fcgava h\u00fcgieeni saavutamiseks soovitatakse standardseid pesuts\u00fckleid pikeneda v\u00e4hemalt 20% v\u00f5i j\u00e4rgida tehnilise andmelehe soovitusi.<\/p>\n<p><strong>Koostisosad<\/strong><\/p>\n<p>Vesi, naatriumlaureetsulfaat, C13-15 pareth-7, naatriumdodets\u00fc\u00fclbenseensulfonaat, L-glutamiinhape, N-(oksookt\u00fc\u00fcl)-, naatriumsool (1:2), kokamidoprop\u00fc\u00fclbetaiin, naatriumkloriid, kokamiid DEA, heptanaatriumtrih\u00fcdrogeen [[bis[2-[bis(fosfonom et\u00fc\u00fcl)amino]et\u00fc\u00fcl]amino]met\u00fc\u00fcl]fosfonaat, PVP, dimetikoon, dietanoolamiin, steareth-21, subtilisiin, \u03b1-am\u00fclaas, MEA-boraat, lipaas, tsellulaas, met\u00fc\u00fclkloroisotiasolinoon, met\u00fc\u00fclisotiasolinoon.<\/p>\n<p><strong>Funktsioon<\/strong><\/p>\n<p>H\u00fcgieeniline pesugeel<\/p>\n<p><a href=\"https:\/\/lavanno.com\/wp-content\/uploads\/2025\/09\/A39-205Hygienfresh_Certisan_A_-_Detergente_IgienizzanteRel2ETSDS.pdf\" target=\"_blank\" rel=\"noopener\">Ohutuskaart<\/a><\/p>\n","protected":false},"excerpt":{"rendered":"<p>Certisan A on professionaalne h\u00fcgieeniline pesugeel, sobilik nii valgele kui v\u00e4rvilisele pesule ja m\u00f5eldud kasutamiseks k\u00e4sipesus v\u00f5i pesumasinas. Toode on kontsentreeritud ning tagab s\u00fcgava ja t\u00f5husa pesu koos plekieemalduse ja kangaste \u00f5rna hooldusega.<\/p>\n<ul>\n<li>Kontsentreeritud h\u00fcgieenilisust tagav koostis<\/li>\n<li>Eemaldab t\u00f5husalt plekid, kuna sisaldab ens\u00fcmaatilist ainet<\/li>\n<li>Emulgeerivate pindaktiivsete ainete suur kontsentratsioon eemaldab mustuse ja rasvad<\/li>\n<li>V\u00e4rvide ja kangakiudude suhtes \u00f5rna toimega<\/li>\n<\/ul>\n","protected":false},"featured_media":12383,"comment_status":"open","ping_status":"closed","template":"","meta":[],"product_brand":[],"product_cat":[506,525,546,548],"product_tag":[835,839],"class_list":{"0":"post-12004","1":"product","2":"type-product","3":"status-publish","4":"has-post-thumbnail","6":"product_cat-ariklient","7":"product_cat-vesipesuvahendid","8":"product_cat-pesuained","9":"product_cat-spetsiifilised-puhastusvahendid","10":"product_tag-pesumajad","11":"product_tag-tervishoid","13":"first","14":"outofstock","15":"taxable","16":"shipping-taxable","17":"purchasable","18":"product-type-simple"},"yoast_head":"<!-- This site is optimized with the Yoast SEO plugin v27.0 - https:\/\/yoast.com\/product\/yoast-seo-wordpress\/ -->\n<title>Certisan A 20kg - pesuaine - Lavanno - pesuvahendite ekspert<\/title>\n<meta name=\"description\" content=\"Tintolav Certisan A on professionaalne h\u00fcgieeniline pesugeel, mis tagab s\u00fcgava puhastuse ja t\u00f5husa plekieemalduse valgele ja v\u00e4rvilisele pesule.\" \/>\n<meta name=\"robots\" content=\"index, follow, max-snippet:-1, max-image-preview:large, max-video-preview:-1\" \/>\n<link rel=\"canonical\" href=\"https:\/\/lavanno.com\/en\/toode\/certisan-a-20kg-pesuaine\/\" \/>\n<meta property=\"og:locale\" content=\"en_US\" \/>\n<meta property=\"og:type\" content=\"article\" \/>\n<meta property=\"og:title\" content=\"Certisan A 20kg - pesuaine - Lavanno - pesuvahendite ekspert\" \/>\n<meta property=\"og:description\" content=\"Tintolav Certisan A on professionaalne h\u00fcgieeniline pesugeel, mis tagab s\u00fcgava puhastuse ja t\u00f5husa plekieemalduse valgele ja v\u00e4rvilisele pesule.\" \/>\n<meta property=\"og:url\" content=\"https:\/\/lavanno.com\/en\/toode\/certisan-a-20kg-pesuaine\/\" \/>\n<meta property=\"og:site_name\" content=\"Lavanno - pesuvahendite ekspert\" \/>\n<meta property=\"article:publisher\" content=\"https:\/\/www.facebook.com\/Lavanno.ee\" \/>\n<meta property=\"article:modified_time\" content=\"2026-05-02T11:40:01+00:00\" \/>\n<meta property=\"og:image\" content=\"https:\/\/lavanno.com\/wp-content\/uploads\/2025\/11\/a39-205ncertisan_a_detergente_20kg-1.png\" \/>\n\t<meta property=\"og:image:width\" content=\"800\" \/>\n\t<meta property=\"og:image:height\" content=\"800\" \/>\n\t<meta property=\"og:image:type\" content=\"image\/png\" \/>\n<meta name=\"twitter:card\" content=\"summary_large_image\" \/>\n<meta name=\"twitter:label1\" content=\"Est. reading time\" \/>\n\t<meta name=\"twitter:data1\" content=\"1 minute\" \/>\n<script type=\"application\/ld+json\" class=\"yoast-schema-graph\">{\"@context\":\"https:\/\/schema.org\",\"@graph\":[{\"@type\":\"WebPage\",\"@id\":\"https:\/\/lavanno.com\/en\/toode\/certisan-a-20kg-pesuaine\/\",\"url\":\"https:\/\/lavanno.com\/en\/toode\/certisan-a-20kg-pesuaine\/\",\"name\":\"Certisan A 20kg - pesuaine - Lavanno - pesuvahendite ekspert\",\"isPartOf\":{\"@id\":\"https:\/\/lavanno.com\/en\/#website\"},\"primaryImageOfPage\":{\"@id\":\"https:\/\/lavanno.com\/en\/toode\/certisan-a-20kg-pesuaine\/#primaryimage\"},\"image\":{\"@id\":\"https:\/\/lavanno.com\/en\/toode\/certisan-a-20kg-pesuaine\/#primaryimage\"},\"thumbnailUrl\":\"https:\/\/lavanno.com\/wp-content\/uploads\/2025\/11\/a39-205ncertisan_a_detergente_20kg-1.png\",\"datePublished\":\"2025-10-22T12:35:01+00:00\",\"dateModified\":\"2026-05-02T11:40:01+00:00\",\"description\":\"Tintolav Certisan A on professionaalne h\u00fcgieeniline pesugeel, mis tagab s\u00fcgava puhastuse ja t\u00f5husa plekieemalduse valgele ja v\u00e4rvilisele pesule.\",\"breadcrumb\":{\"@id\":\"https:\/\/lavanno.com\/en\/toode\/certisan-a-20kg-pesuaine\/#breadcrumb\"},\"inLanguage\":\"en-US\",\"potentialAction\":[{\"@type\":\"ReadAction\",\"target\":[\"https:\/\/lavanno.com\/en\/toode\/certisan-a-20kg-pesuaine\/\"]}]},{\"@type\":\"ImageObject\",\"inLanguage\":\"en-US\",\"@id\":\"https:\/\/lavanno.com\/en\/toode\/certisan-a-20kg-pesuaine\/#primaryimage\",\"url\":\"https:\/\/lavanno.com\/wp-content\/uploads\/2025\/11\/a39-205ncertisan_a_detergente_20kg-1.png\",\"contentUrl\":\"https:\/\/lavanno.com\/wp-content\/uploads\/2025\/11\/a39-205ncertisan_a_detergente_20kg-1.png\",\"width\":800,\"height\":800},{\"@type\":\"BreadcrumbList\",\"@id\":\"https:\/\/lavanno.com\/en\/toode\/certisan-a-20kg-pesuaine\/#breadcrumb\",\"itemListElement\":[{\"@type\":\"ListItem\",\"position\":1,\"name\":\"Home\",\"item\":\"https:\/\/lavanno.com\/en\/\"},{\"@type\":\"ListItem\",\"position\":2,\"name\":\"E-pood\",\"item\":\"https:\/\/lavanno.com\/e-pood\/\"},{\"@type\":\"ListItem\",\"position\":3,\"name\":\"Certisan A 20kg &#8211; pesuaine\"}]},{\"@type\":\"WebSite\",\"@id\":\"https:\/\/lavanno.com\/en\/#website\",\"url\":\"https:\/\/lavanno.com\/en\/\",\"name\":\"Lavanno - Pesuvahendite ekspert\",\"description\":\"Toome maale ja m\u00fc\u00fcme tekstiili pesuvahendeid, pesumajaseadmeid ja tarvikuid. Hooldame ja konsulteerime.\",\"publisher\":{\"@id\":\"https:\/\/lavanno.com\/en\/#organization\"},\"potentialAction\":[{\"@type\":\"SearchAction\",\"target\":{\"@type\":\"EntryPoint\",\"urlTemplate\":\"https:\/\/lavanno.com\/en\/?s={search_term_string}\"},\"query-input\":{\"@type\":\"PropertyValueSpecification\",\"valueRequired\":true,\"valueName\":\"search_term_string\"}}],\"inLanguage\":\"en-US\"},{\"@type\":\"Organization\",\"@id\":\"https:\/\/lavanno.com\/en\/#organization\",\"name\":\"Lavanno - Pesuvahendite ekspert\",\"url\":\"https:\/\/lavanno.com\/en\/\",\"logo\":{\"@type\":\"ImageObject\",\"inLanguage\":\"en-US\",\"@id\":\"https:\/\/lavanno.com\/en\/#\/schema\/logo\/image\/\",\"url\":\"https:\/\/lavanno.com\/wp-content\/uploads\/2025\/07\/Lavanno.png\",\"contentUrl\":\"https:\/\/lavanno.com\/wp-content\/uploads\/2025\/07\/Lavanno.png\",\"width\":1200,\"height\":1200,\"caption\":\"Lavanno - Pesuvahendite ekspert\"},\"image\":{\"@id\":\"https:\/\/lavanno.com\/en\/#\/schema\/logo\/image\/\"},\"sameAs\":[\"https:\/\/www.facebook.com\/Lavanno.ee\"]}]}<\/script>\n<!-- \/ Yoast SEO plugin. -->","yoast_head_json":{"title":"Certisan A 20kg - pesuaine - Lavanno - pesuvahendite ekspert","description":"Tintolav Certisan A on professionaalne h\u00fcgieeniline pesugeel, mis tagab s\u00fcgava puhastuse ja t\u00f5husa plekieemalduse valgele ja v\u00e4rvilisele pesule.","robots":{"index":"index","follow":"follow","max-snippet":"max-snippet:-1","max-image-preview":"max-image-preview:large","max-video-preview":"max-video-preview:-1"},"canonical":"https:\/\/lavanno.com\/en\/toode\/certisan-a-20kg-pesuaine\/","og_locale":"en_US","og_type":"article","og_title":"Certisan A 20kg - pesuaine - Lavanno - pesuvahendite ekspert","og_description":"Tintolav Certisan A on professionaalne h\u00fcgieeniline pesugeel, mis tagab s\u00fcgava puhastuse ja t\u00f5husa plekieemalduse valgele ja v\u00e4rvilisele pesule.","og_url":"https:\/\/lavanno.com\/en\/toode\/certisan-a-20kg-pesuaine\/","og_site_name":"Lavanno - pesuvahendite ekspert","article_publisher":"https:\/\/www.facebook.com\/Lavanno.ee","article_modified_time":"2026-05-02T11:40:01+00:00","og_image":[{"width":800,"height":800,"url":"https:\/\/lavanno.com\/wp-content\/uploads\/2025\/11\/a39-205ncertisan_a_detergente_20kg-1.png","type":"image\/png"}],"twitter_card":"summary_large_image","twitter_misc":{"Est. reading time":"1 minute"},"schema":{"@context":"https:\/\/schema.org","@graph":[{"@type":"WebPage","@id":"https:\/\/lavanno.com\/en\/toode\/certisan-a-20kg-pesuaine\/","url":"https:\/\/lavanno.com\/en\/toode\/certisan-a-20kg-pesuaine\/","name":"Certisan A 20kg - pesuaine - Lavanno - pesuvahendite ekspert","isPartOf":{"@id":"https:\/\/lavanno.com\/en\/#website"},"primaryImageOfPage":{"@id":"https:\/\/lavanno.com\/en\/toode\/certisan-a-20kg-pesuaine\/#primaryimage"},"image":{"@id":"https:\/\/lavanno.com\/en\/toode\/certisan-a-20kg-pesuaine\/#primaryimage"},"thumbnailUrl":"https:\/\/lavanno.com\/wp-content\/uploads\/2025\/11\/a39-205ncertisan_a_detergente_20kg-1.png","datePublished":"2025-10-22T12:35:01+00:00","dateModified":"2026-05-02T11:40:01+00:00","description":"Tintolav Certisan A on professionaalne h\u00fcgieeniline pesugeel, mis tagab s\u00fcgava puhastuse ja t\u00f5husa plekieemalduse valgele ja v\u00e4rvilisele pesule.","breadcrumb":{"@id":"https:\/\/lavanno.com\/en\/toode\/certisan-a-20kg-pesuaine\/#breadcrumb"},"inLanguage":"en-US","potentialAction":[{"@type":"ReadAction","target":["https:\/\/lavanno.com\/en\/toode\/certisan-a-20kg-pesuaine\/"]}]},{"@type":"ImageObject","inLanguage":"en-US","@id":"https:\/\/lavanno.com\/en\/toode\/certisan-a-20kg-pesuaine\/#primaryimage","url":"https:\/\/lavanno.com\/wp-content\/uploads\/2025\/11\/a39-205ncertisan_a_detergente_20kg-1.png","contentUrl":"https:\/\/lavanno.com\/wp-content\/uploads\/2025\/11\/a39-205ncertisan_a_detergente_20kg-1.png","width":800,"height":800},{"@type":"BreadcrumbList","@id":"https:\/\/lavanno.com\/en\/toode\/certisan-a-20kg-pesuaine\/#breadcrumb","itemListElement":[{"@type":"ListItem","position":1,"name":"Home","item":"https:\/\/lavanno.com\/en\/"},{"@type":"ListItem","position":2,"name":"E-pood","item":"https:\/\/lavanno.com\/e-pood\/"},{"@type":"ListItem","position":3,"name":"Certisan A 20kg &#8211; pesuaine"}]},{"@type":"WebSite","@id":"https:\/\/lavanno.com\/en\/#website","url":"https:\/\/lavanno.com\/en\/","name":"Lavanno - Pesuvahendite ekspert","description":"Toome maale ja m\u00fc\u00fcme tekstiili pesuvahendeid, pesumajaseadmeid ja tarvikuid. Hooldame ja konsulteerime.","publisher":{"@id":"https:\/\/lavanno.com\/en\/#organization"},"potentialAction":[{"@type":"SearchAction","target":{"@type":"EntryPoint","urlTemplate":"https:\/\/lavanno.com\/en\/?s={search_term_string}"},"query-input":{"@type":"PropertyValueSpecification","valueRequired":true,"valueName":"search_term_string"}}],"inLanguage":"en-US"},{"@type":"Organization","@id":"https:\/\/lavanno.com\/en\/#organization","name":"Lavanno - Pesuvahendite ekspert","url":"https:\/\/lavanno.com\/en\/","logo":{"@type":"ImageObject","inLanguage":"en-US","@id":"https:\/\/lavanno.com\/en\/#\/schema\/logo\/image\/","url":"https:\/\/lavanno.com\/wp-content\/uploads\/2025\/07\/Lavanno.png","contentUrl":"https:\/\/lavanno.com\/wp-content\/uploads\/2025\/07\/Lavanno.png","width":1200,"height":1200,"caption":"Lavanno - Pesuvahendite ekspert"},"image":{"@id":"https:\/\/lavanno.com\/en\/#\/schema\/logo\/image\/"},"sameAs":["https:\/\/www.facebook.com\/Lavanno.ee"]}]}},"_links":{"self":[{"href":"https:\/\/lavanno.com\/en\/wp-json\/wp\/v2\/product\/12004","targetHints":{"allow":["GET"]}}],"collection":[{"href":"https:\/\/lavanno.com\/en\/wp-json\/wp\/v2\/product"}],"about":[{"href":"https:\/\/lavanno.com\/en\/wp-json\/wp\/v2\/types\/product"}],"replies":[{"embeddable":true,"href":"https:\/\/lavanno.com\/en\/wp-json\/wp\/v2\/comments?post=12004"}],"wp:featuredmedia":[{"embeddable":true,"href":"https:\/\/lavanno.com\/en\/wp-json\/wp\/v2\/media\/12383"}],"wp:attachment":[{"href":"https:\/\/lavanno.com\/en\/wp-json\/wp\/v2\/media?parent=12004"}],"wp:term":[{"taxonomy":"product_brand","embeddable":true,"href":"https:\/\/lavanno.com\/en\/wp-json\/wp\/v2\/product_brand?post=12004"},{"taxonomy":"product_cat","embeddable":true,"href":"https:\/\/lavanno.com\/en\/wp-json\/wp\/v2\/product_cat?post=12004"},{"taxonomy":"product_tag","embeddable":true,"href":"https:\/\/lavanno.com\/en\/wp-json\/wp\/v2\/product_tag?post=12004"}],"curies":[{"name":"wp","href":"https:\/\/api.w.org\/{rel}","templated":true}]}}