{"id":12006,"date":"2025-10-22T15:35:01","date_gmt":"2025-10-22T12:35:01","guid":{"rendered":"https:\/\/lavanno.com\/toode\/okoloogiline-kanga-ohuvarskendaja-400ml\/"},"modified":"2026-05-02T14:40:01","modified_gmt":"2026-05-02T11:40:01","slug":"okoloogiline-kanga-ohuvarskendaja-400ml","status":"publish","type":"product","link":"https:\/\/lavanno.com\/en\/toode\/okoloogiline-kanga-ohuvarskendaja-400ml\/","title":{"rendered":"\u00d6koloogiline kanga &amp; \u00f5huv\u00e4rskendaja &#8211; 400ml"},"content":{"rendered":"<p><a href=\"https:\/\/lavanno.com\/wp-content\/uploads\/2022\/08\/A32-200Hygienfresh_Odorblok_Long_LifeRel3ETSDS.pdf\">Safety Data Sheet<\/a><\/br><a href=\"https:\/\/lavanno.com\/wp-content\/uploads\/2021\/05\/A32-200Hygienfresh_Odorblok_Long_LifeRel1ENSDS.pdf\">Technical Data Sheet<\/a><\/p>\n","protected":false},"excerpt":{"rendered":"<p>Innovatiivne lisand pesumasina puhastamiseks ja hoolduseks eemaldades mustuse, l\u00f5hnad ja katlakivi.<\/p>\n<p> Selle toote eelised:<br \/>\n Kahekordne toime: kaitseb ja hooldab.<br \/>\n K\u00f5rvaldab halva l\u00f5hna.<br \/>\n K\u00f5rvaldab mustuse j\u00e4\u00e4gid.<br \/>\n S\u00fcgavpuhastab k\u00f5iki pesumasina osi.<br \/>\n K\u00f5rvaldab katlakivij\u00e4\u00e4gid, suurendades pesemise efektiivsust ja v\u00e4hendades elektrikulu.<br \/>\n T\u00e4ielikuks ja kauakestvaks hoolduseks on soovitatav pesuts\u00fcklit korrata kord kuus v\u00f5i iga kahe kuu j\u00e4rel.<\/p>\n","protected":false},"featured_media":12385,"comment_status":"open","ping_status":"closed","template":"","meta":[],"product_brand":[],"product_cat":[15],"product_tag":[],"class_list":{"0":"post-12006","1":"product","2":"type-product","3":"status-publish","4":"has-post-thumbnail","6":"product_cat-uncategorized","8":"first","9":"instock","10":"taxable","11":"shipping-taxable","12":"purchasable","13":"product-type-simple"},"yoast_head":"<!-- This site is optimized with the Yoast SEO plugin v27.0 - https:\/\/yoast.com\/product\/yoast-seo-wordpress\/ -->\n<title>\u00d6koloogiline kanga &amp; \u00f5huv\u00e4rskendaja - 400ml - Lavanno - pesuvahendite ekspert<\/title>\n<meta name=\"robots\" content=\"index, follow, max-snippet:-1, max-image-preview:large, max-video-preview:-1\" \/>\n<link rel=\"canonical\" href=\"https:\/\/lavanno.com\/en\/toode\/okoloogiline-kanga-ohuvarskendaja-400ml\/\" \/>\n<meta property=\"og:locale\" content=\"en_US\" \/>\n<meta property=\"og:type\" content=\"article\" \/>\n<meta property=\"og:title\" content=\"\u00d6koloogiline kanga &amp; \u00f5huv\u00e4rskendaja - 400ml - Lavanno - pesuvahendite ekspert\" \/>\n<meta property=\"og:description\" content=\"Innovatiivne lisand pesumasina puhastamiseks ja hoolduseks eemaldades mustuse, l\u00f5hnad ja katlakivi.  Selle toote eelised: Kahekordne toime: kaitseb ja hooldab. K\u00f5rvaldab halva l\u00f5hna. K\u00f5rvaldab mustuse j\u00e4\u00e4gid. S\u00fcgavpuhastab k\u00f5iki pesumasina osi. K\u00f5rvaldab katlakivij\u00e4\u00e4gid, suurendades pesemise efektiivsust ja v\u00e4hendades elektrikulu. T\u00e4ielikuks ja kauakestvaks hoolduseks on soovitatav pesuts\u00fcklit korrata kord kuus v\u00f5i iga kahe kuu j\u00e4rel.\" \/>\n<meta property=\"og:url\" content=\"https:\/\/lavanno.com\/en\/toode\/okoloogiline-kanga-ohuvarskendaja-400ml\/\" \/>\n<meta property=\"og:site_name\" content=\"Lavanno - pesuvahendite ekspert\" \/>\n<meta property=\"article:publisher\" content=\"https:\/\/www.facebook.com\/Lavanno.ee\" \/>\n<meta property=\"article:modified_time\" content=\"2026-05-02T11:40:01+00:00\" \/>\n<meta property=\"og:image\" content=\"https:\/\/lavanno.com\/wp-content\/uploads\/2025\/11\/a34-000qunotedinatura_spray_400ml-1.png\" \/>\n\t<meta property=\"og:image:width\" content=\"800\" \/>\n\t<meta property=\"og:image:height\" content=\"800\" \/>\n\t<meta property=\"og:image:type\" content=\"image\/png\" \/>\n<meta name=\"twitter:card\" content=\"summary_large_image\" \/>\n<script type=\"application\/ld+json\" class=\"yoast-schema-graph\">{\"@context\":\"https:\/\/schema.org\",\"@graph\":[{\"@type\":\"WebPage\",\"@id\":\"https:\/\/lavanno.com\/en\/toode\/okoloogiline-kanga-ohuvarskendaja-400ml\/\",\"url\":\"https:\/\/lavanno.com\/en\/toode\/okoloogiline-kanga-ohuvarskendaja-400ml\/\",\"name\":\"\u00d6koloogiline kanga &amp; \u00f5huv\u00e4rskendaja - 400ml - Lavanno - pesuvahendite ekspert\",\"isPartOf\":{\"@id\":\"https:\/\/lavanno.com\/en\/#website\"},\"primaryImageOfPage\":{\"@id\":\"https:\/\/lavanno.com\/en\/toode\/okoloogiline-kanga-ohuvarskendaja-400ml\/#primaryimage\"},\"image\":{\"@id\":\"https:\/\/lavanno.com\/en\/toode\/okoloogiline-kanga-ohuvarskendaja-400ml\/#primaryimage\"},\"thumbnailUrl\":\"https:\/\/lavanno.com\/wp-content\/uploads\/2025\/11\/a34-000qunotedinatura_spray_400ml-1.png\",\"datePublished\":\"2025-10-22T12:35:01+00:00\",\"dateModified\":\"2026-05-02T11:40:01+00:00\",\"breadcrumb\":{\"@id\":\"https:\/\/lavanno.com\/en\/toode\/okoloogiline-kanga-ohuvarskendaja-400ml\/#breadcrumb\"},\"inLanguage\":\"en-US\",\"potentialAction\":[{\"@type\":\"ReadAction\",\"target\":[\"https:\/\/lavanno.com\/en\/toode\/okoloogiline-kanga-ohuvarskendaja-400ml\/\"]}]},{\"@type\":\"ImageObject\",\"inLanguage\":\"en-US\",\"@id\":\"https:\/\/lavanno.com\/en\/toode\/okoloogiline-kanga-ohuvarskendaja-400ml\/#primaryimage\",\"url\":\"https:\/\/lavanno.com\/wp-content\/uploads\/2025\/11\/a34-000qunotedinatura_spray_400ml-1.png\",\"contentUrl\":\"https:\/\/lavanno.com\/wp-content\/uploads\/2025\/11\/a34-000qunotedinatura_spray_400ml-1.png\",\"width\":800,\"height\":800},{\"@type\":\"BreadcrumbList\",\"@id\":\"https:\/\/lavanno.com\/en\/toode\/okoloogiline-kanga-ohuvarskendaja-400ml\/#breadcrumb\",\"itemListElement\":[{\"@type\":\"ListItem\",\"position\":1,\"name\":\"Home\",\"item\":\"https:\/\/lavanno.com\/en\/\"},{\"@type\":\"ListItem\",\"position\":2,\"name\":\"E-pood\",\"item\":\"https:\/\/lavanno.com\/e-pood\/\"},{\"@type\":\"ListItem\",\"position\":3,\"name\":\"\u00d6koloogiline kanga &amp; \u00f5huv\u00e4rskendaja &#8211; 400ml\"}]},{\"@type\":\"WebSite\",\"@id\":\"https:\/\/lavanno.com\/en\/#website\",\"url\":\"https:\/\/lavanno.com\/en\/\",\"name\":\"Lavanno - Pesuvahendite ekspert\",\"description\":\"Toome maale ja m\u00fc\u00fcme tekstiili pesuvahendeid, pesumajaseadmeid ja tarvikuid. Hooldame ja konsulteerime.\",\"publisher\":{\"@id\":\"https:\/\/lavanno.com\/en\/#organization\"},\"potentialAction\":[{\"@type\":\"SearchAction\",\"target\":{\"@type\":\"EntryPoint\",\"urlTemplate\":\"https:\/\/lavanno.com\/en\/?s={search_term_string}\"},\"query-input\":{\"@type\":\"PropertyValueSpecification\",\"valueRequired\":true,\"valueName\":\"search_term_string\"}}],\"inLanguage\":\"en-US\"},{\"@type\":\"Organization\",\"@id\":\"https:\/\/lavanno.com\/en\/#organization\",\"name\":\"Lavanno - Pesuvahendite ekspert\",\"url\":\"https:\/\/lavanno.com\/en\/\",\"logo\":{\"@type\":\"ImageObject\",\"inLanguage\":\"en-US\",\"@id\":\"https:\/\/lavanno.com\/en\/#\/schema\/logo\/image\/\",\"url\":\"https:\/\/lavanno.com\/wp-content\/uploads\/2025\/07\/Lavanno.png\",\"contentUrl\":\"https:\/\/lavanno.com\/wp-content\/uploads\/2025\/07\/Lavanno.png\",\"width\":1200,\"height\":1200,\"caption\":\"Lavanno - Pesuvahendite ekspert\"},\"image\":{\"@id\":\"https:\/\/lavanno.com\/en\/#\/schema\/logo\/image\/\"},\"sameAs\":[\"https:\/\/www.facebook.com\/Lavanno.ee\"]}]}<\/script>\n<!-- \/ Yoast SEO plugin. -->","yoast_head_json":{"title":"\u00d6koloogiline kanga &amp; \u00f5huv\u00e4rskendaja - 400ml - Lavanno - pesuvahendite ekspert","robots":{"index":"index","follow":"follow","max-snippet":"max-snippet:-1","max-image-preview":"max-image-preview:large","max-video-preview":"max-video-preview:-1"},"canonical":"https:\/\/lavanno.com\/en\/toode\/okoloogiline-kanga-ohuvarskendaja-400ml\/","og_locale":"en_US","og_type":"article","og_title":"\u00d6koloogiline kanga &amp; \u00f5huv\u00e4rskendaja - 400ml - Lavanno - pesuvahendite ekspert","og_description":"Innovatiivne lisand pesumasina puhastamiseks ja hoolduseks eemaldades mustuse, l\u00f5hnad ja katlakivi.  Selle toote eelised: Kahekordne toime: kaitseb ja hooldab. K\u00f5rvaldab halva l\u00f5hna. K\u00f5rvaldab mustuse j\u00e4\u00e4gid. S\u00fcgavpuhastab k\u00f5iki pesumasina osi. K\u00f5rvaldab katlakivij\u00e4\u00e4gid, suurendades pesemise efektiivsust ja v\u00e4hendades elektrikulu. T\u00e4ielikuks ja kauakestvaks hoolduseks on soovitatav pesuts\u00fcklit korrata kord kuus v\u00f5i iga kahe kuu j\u00e4rel.","og_url":"https:\/\/lavanno.com\/en\/toode\/okoloogiline-kanga-ohuvarskendaja-400ml\/","og_site_name":"Lavanno - pesuvahendite ekspert","article_publisher":"https:\/\/www.facebook.com\/Lavanno.ee","article_modified_time":"2026-05-02T11:40:01+00:00","og_image":[{"width":800,"height":800,"url":"https:\/\/lavanno.com\/wp-content\/uploads\/2025\/11\/a34-000qunotedinatura_spray_400ml-1.png","type":"image\/png"}],"twitter_card":"summary_large_image","schema":{"@context":"https:\/\/schema.org","@graph":[{"@type":"WebPage","@id":"https:\/\/lavanno.com\/en\/toode\/okoloogiline-kanga-ohuvarskendaja-400ml\/","url":"https:\/\/lavanno.com\/en\/toode\/okoloogiline-kanga-ohuvarskendaja-400ml\/","name":"\u00d6koloogiline kanga &amp; \u00f5huv\u00e4rskendaja - 400ml - Lavanno - pesuvahendite ekspert","isPartOf":{"@id":"https:\/\/lavanno.com\/en\/#website"},"primaryImageOfPage":{"@id":"https:\/\/lavanno.com\/en\/toode\/okoloogiline-kanga-ohuvarskendaja-400ml\/#primaryimage"},"image":{"@id":"https:\/\/lavanno.com\/en\/toode\/okoloogiline-kanga-ohuvarskendaja-400ml\/#primaryimage"},"thumbnailUrl":"https:\/\/lavanno.com\/wp-content\/uploads\/2025\/11\/a34-000qunotedinatura_spray_400ml-1.png","datePublished":"2025-10-22T12:35:01+00:00","dateModified":"2026-05-02T11:40:01+00:00","breadcrumb":{"@id":"https:\/\/lavanno.com\/en\/toode\/okoloogiline-kanga-ohuvarskendaja-400ml\/#breadcrumb"},"inLanguage":"en-US","potentialAction":[{"@type":"ReadAction","target":["https:\/\/lavanno.com\/en\/toode\/okoloogiline-kanga-ohuvarskendaja-400ml\/"]}]},{"@type":"ImageObject","inLanguage":"en-US","@id":"https:\/\/lavanno.com\/en\/toode\/okoloogiline-kanga-ohuvarskendaja-400ml\/#primaryimage","url":"https:\/\/lavanno.com\/wp-content\/uploads\/2025\/11\/a34-000qunotedinatura_spray_400ml-1.png","contentUrl":"https:\/\/lavanno.com\/wp-content\/uploads\/2025\/11\/a34-000qunotedinatura_spray_400ml-1.png","width":800,"height":800},{"@type":"BreadcrumbList","@id":"https:\/\/lavanno.com\/en\/toode\/okoloogiline-kanga-ohuvarskendaja-400ml\/#breadcrumb","itemListElement":[{"@type":"ListItem","position":1,"name":"Home","item":"https:\/\/lavanno.com\/en\/"},{"@type":"ListItem","position":2,"name":"E-pood","item":"https:\/\/lavanno.com\/e-pood\/"},{"@type":"ListItem","position":3,"name":"\u00d6koloogiline kanga &amp; \u00f5huv\u00e4rskendaja &#8211; 400ml"}]},{"@type":"WebSite","@id":"https:\/\/lavanno.com\/en\/#website","url":"https:\/\/lavanno.com\/en\/","name":"Lavanno - Pesuvahendite ekspert","description":"Toome maale ja m\u00fc\u00fcme tekstiili pesuvahendeid, pesumajaseadmeid ja tarvikuid. Hooldame ja konsulteerime.","publisher":{"@id":"https:\/\/lavanno.com\/en\/#organization"},"potentialAction":[{"@type":"SearchAction","target":{"@type":"EntryPoint","urlTemplate":"https:\/\/lavanno.com\/en\/?s={search_term_string}"},"query-input":{"@type":"PropertyValueSpecification","valueRequired":true,"valueName":"search_term_string"}}],"inLanguage":"en-US"},{"@type":"Organization","@id":"https:\/\/lavanno.com\/en\/#organization","name":"Lavanno - Pesuvahendite ekspert","url":"https:\/\/lavanno.com\/en\/","logo":{"@type":"ImageObject","inLanguage":"en-US","@id":"https:\/\/lavanno.com\/en\/#\/schema\/logo\/image\/","url":"https:\/\/lavanno.com\/wp-content\/uploads\/2025\/07\/Lavanno.png","contentUrl":"https:\/\/lavanno.com\/wp-content\/uploads\/2025\/07\/Lavanno.png","width":1200,"height":1200,"caption":"Lavanno - Pesuvahendite ekspert"},"image":{"@id":"https:\/\/lavanno.com\/en\/#\/schema\/logo\/image\/"},"sameAs":["https:\/\/www.facebook.com\/Lavanno.ee"]}]}},"_links":{"self":[{"href":"https:\/\/lavanno.com\/en\/wp-json\/wp\/v2\/product\/12006","targetHints":{"allow":["GET"]}}],"collection":[{"href":"https:\/\/lavanno.com\/en\/wp-json\/wp\/v2\/product"}],"about":[{"href":"https:\/\/lavanno.com\/en\/wp-json\/wp\/v2\/types\/product"}],"replies":[{"embeddable":true,"href":"https:\/\/lavanno.com\/en\/wp-json\/wp\/v2\/comments?post=12006"}],"wp:featuredmedia":[{"embeddable":true,"href":"https:\/\/lavanno.com\/en\/wp-json\/wp\/v2\/media\/12385"}],"wp:attachment":[{"href":"https:\/\/lavanno.com\/en\/wp-json\/wp\/v2\/media?parent=12006"}],"wp:term":[{"taxonomy":"product_brand","embeddable":true,"href":"https:\/\/lavanno.com\/en\/wp-json\/wp\/v2\/product_brand?post=12006"},{"taxonomy":"product_cat","embeddable":true,"href":"https:\/\/lavanno.com\/en\/wp-json\/wp\/v2\/product_cat?post=12006"},{"taxonomy":"product_tag","embeddable":true,"href":"https:\/\/lavanno.com\/en\/wp-json\/wp\/v2\/product_tag?post=12006"}],"curies":[{"name":"wp","href":"https:\/\/api.w.org\/{rel}","templated":true}]}}