{"id":12009,"date":"2025-10-22T15:35:01","date_gmt":"2025-10-22T12:35:01","guid":{"rendered":"https:\/\/lavanno.com\/toode\/muschio-bianco-400ml-kanga-ja-ohuvarskendaja-valge-muskus-8054729630033\/"},"modified":"2026-05-02T20:40:01","modified_gmt":"2026-05-02T17:40:01","slug":"muschio-bianco-400ml-kanga-ja-ohuvarskendaja-valge-muskus-8054729630033","status":"publish","type":"product","link":"https:\/\/lavanno.com\/en\/toode\/muschio-bianco-400ml-kanga-ja-ohuvarskendaja-valge-muskus-8054729630033\/","title":{"rendered":"Muschio Bianco 400ml, kanga ja \u00f5huv\u00e4rskendaja (Valge Muskus)  8054729630033"},"content":{"rendered":"<p><a href=\"https:\/\/lavanno.com\/wp-content\/uploads\/2021\/05\/A73-015Spray_MuschioRel2ENTEC.pdf\">Safety Data Sheet<\/a><\/br><a href=\"https:\/\/lavanno.com\/wp-content\/uploads\/2021\/05\/A73-015Hygienfresh_DeoSpray_Muschio_BiancoRel2ENSDS.pdf\">Technical Data Sheet<\/a><\/p>\n","protected":false},"excerpt":{"rendered":"<p>L\u00f5hnaeemaldussprei, millel on spetsiaalne l\u00f5hna eemaldav koostis, valge muskuse l\u00f5hnaga.<\/p>\n<p><\/p>\n<ul><\/p>\n<li>See k\u00f5rvaldab halva l\u00f5hna t\u00e4nu spetsiaalsetele toimeainetele<\/li>\n<p><\/p>\n<li>Seda saab kasutada nii tekstiilidel kui \u00f5hus<\/li>\n<p><\/p>\n<li>Intensiivne ja kauakestev l\u00f5hn<\/li>\n<p><\/p>\n<li>Seda saab kasutada igat t\u00fc\u00fcpi tekstiilidel<\/li>\n<p><\/p>\n<li>SALVATEX koostis \u2013 see kaitseb r\u00f5ivaid<\/li>\n<p><\/p>\n<li>Ei ole kasutatud loomkatseid<\/li>\n<p>\n <\/ul>\n","protected":false},"featured_media":12389,"comment_status":"open","ping_status":"closed","template":"","meta":[],"product_brand":[],"product_cat":[15],"product_tag":[],"class_list":{"0":"post-12009","1":"product","2":"type-product","3":"status-publish","4":"has-post-thumbnail","6":"product_cat-uncategorized","8":"first","9":"instock","10":"taxable","11":"shipping-taxable","12":"purchasable","13":"product-type-simple"},"yoast_head":"<!-- This site is optimized with the Yoast SEO plugin v27.0 - https:\/\/yoast.com\/product\/yoast-seo-wordpress\/ -->\n<title>Muschio Bianco 400ml, kanga ja \u00f5huv\u00e4rskendaja (Valge Muskus) 8054729630033 - Lavanno - pesuvahendite ekspert<\/title>\n<meta name=\"robots\" content=\"index, follow, max-snippet:-1, max-image-preview:large, max-video-preview:-1\" \/>\n<link rel=\"canonical\" href=\"https:\/\/lavanno.com\/en\/toode\/muschio-bianco-400ml-kanga-ja-ohuvarskendaja-valge-muskus-8054729630033\/\" \/>\n<meta property=\"og:locale\" content=\"en_US\" \/>\n<meta property=\"og:type\" content=\"article\" \/>\n<meta property=\"og:title\" content=\"Muschio Bianco 400ml, kanga ja \u00f5huv\u00e4rskendaja (Valge Muskus) 8054729630033 - Lavanno - pesuvahendite ekspert\" \/>\n<meta property=\"og:description\" content=\"L\u00f5hnaeemaldussprei, millel on spetsiaalne l\u00f5hna eemaldav koostis, valge muskuse l\u00f5hnaga.  See k\u00f5rvaldab halva l\u00f5hna t\u00e4nu spetsiaalsetele toimeainetele Seda saab kasutada nii tekstiilidel kui \u00f5hus Intensiivne ja kauakestev l\u00f5hn Seda saab kasutada igat t\u00fc\u00fcpi tekstiilidel SALVATEX koostis \u2013 see kaitseb r\u00f5ivaid Ei ole kasutatud loomkatseid\" \/>\n<meta property=\"og:url\" content=\"https:\/\/lavanno.com\/en\/toode\/muschio-bianco-400ml-kanga-ja-ohuvarskendaja-valge-muskus-8054729630033\/\" \/>\n<meta property=\"og:site_name\" content=\"Lavanno - pesuvahendite ekspert\" \/>\n<meta property=\"article:publisher\" content=\"https:\/\/www.facebook.com\/Lavanno.ee\" \/>\n<meta property=\"article:modified_time\" content=\"2026-05-02T17:40:01+00:00\" \/>\n<meta name=\"twitter:card\" content=\"summary_large_image\" \/>\n<script type=\"application\/ld+json\" class=\"yoast-schema-graph\">{\"@context\":\"https:\/\/schema.org\",\"@graph\":[{\"@type\":\"WebPage\",\"@id\":\"https:\/\/lavanno.com\/en\/toode\/muschio-bianco-400ml-kanga-ja-ohuvarskendaja-valge-muskus-8054729630033\/\",\"url\":\"https:\/\/lavanno.com\/en\/toode\/muschio-bianco-400ml-kanga-ja-ohuvarskendaja-valge-muskus-8054729630033\/\",\"name\":\"Muschio Bianco 400ml, kanga ja \u00f5huv\u00e4rskendaja (Valge Muskus) 8054729630033 - Lavanno - pesuvahendite ekspert\",\"isPartOf\":{\"@id\":\"https:\/\/lavanno.com\/en\/#website\"},\"primaryImageOfPage\":{\"@id\":\"https:\/\/lavanno.com\/en\/toode\/muschio-bianco-400ml-kanga-ja-ohuvarskendaja-valge-muskus-8054729630033\/#primaryimage\"},\"image\":{\"@id\":\"https:\/\/lavanno.com\/en\/toode\/muschio-bianco-400ml-kanga-ja-ohuvarskendaja-valge-muskus-8054729630033\/#primaryimage\"},\"thumbnailUrl\":\"https:\/\/lavanno.com\/wp-content\/uploads\/2025\/11\/a73-015deospray_muschiobianco_groupage-1.png\",\"datePublished\":\"2025-10-22T12:35:01+00:00\",\"dateModified\":\"2026-05-02T17:40:01+00:00\",\"breadcrumb\":{\"@id\":\"https:\/\/lavanno.com\/en\/toode\/muschio-bianco-400ml-kanga-ja-ohuvarskendaja-valge-muskus-8054729630033\/#breadcrumb\"},\"inLanguage\":\"en-US\",\"potentialAction\":[{\"@type\":\"ReadAction\",\"target\":[\"https:\/\/lavanno.com\/en\/toode\/muschio-bianco-400ml-kanga-ja-ohuvarskendaja-valge-muskus-8054729630033\/\"]}]},{\"@type\":\"ImageObject\",\"inLanguage\":\"en-US\",\"@id\":\"https:\/\/lavanno.com\/en\/toode\/muschio-bianco-400ml-kanga-ja-ohuvarskendaja-valge-muskus-8054729630033\/#primaryimage\",\"url\":\"https:\/\/lavanno.com\/wp-content\/uploads\/2025\/11\/a73-015deospray_muschiobianco_groupage-1.png\",\"contentUrl\":\"https:\/\/lavanno.com\/wp-content\/uploads\/2025\/11\/a73-015deospray_muschiobianco_groupage-1.png\",\"width\":800,\"height\":800},{\"@type\":\"BreadcrumbList\",\"@id\":\"https:\/\/lavanno.com\/en\/toode\/muschio-bianco-400ml-kanga-ja-ohuvarskendaja-valge-muskus-8054729630033\/#breadcrumb\",\"itemListElement\":[{\"@type\":\"ListItem\",\"position\":1,\"name\":\"Home\",\"item\":\"https:\/\/lavanno.com\/en\/\"},{\"@type\":\"ListItem\",\"position\":2,\"name\":\"E-pood\",\"item\":\"https:\/\/lavanno.com\/e-pood\/\"},{\"@type\":\"ListItem\",\"position\":3,\"name\":\"Muschio Bianco 400ml, kanga ja \u00f5huv\u00e4rskendaja (Valge Muskus) 8054729630033\"}]},{\"@type\":\"WebSite\",\"@id\":\"https:\/\/lavanno.com\/en\/#website\",\"url\":\"https:\/\/lavanno.com\/en\/\",\"name\":\"Lavanno - Pesuvahendite ekspert\",\"description\":\"Toome maale ja m\u00fc\u00fcme tekstiili pesuvahendeid, pesumajaseadmeid ja tarvikuid. Hooldame ja konsulteerime.\",\"publisher\":{\"@id\":\"https:\/\/lavanno.com\/en\/#organization\"},\"potentialAction\":[{\"@type\":\"SearchAction\",\"target\":{\"@type\":\"EntryPoint\",\"urlTemplate\":\"https:\/\/lavanno.com\/en\/?s={search_term_string}\"},\"query-input\":{\"@type\":\"PropertyValueSpecification\",\"valueRequired\":true,\"valueName\":\"search_term_string\"}}],\"inLanguage\":\"en-US\"},{\"@type\":\"Organization\",\"@id\":\"https:\/\/lavanno.com\/en\/#organization\",\"name\":\"Lavanno - Pesuvahendite ekspert\",\"url\":\"https:\/\/lavanno.com\/en\/\",\"logo\":{\"@type\":\"ImageObject\",\"inLanguage\":\"en-US\",\"@id\":\"https:\/\/lavanno.com\/en\/#\/schema\/logo\/image\/\",\"url\":\"https:\/\/lavanno.com\/wp-content\/uploads\/2025\/07\/Lavanno.png\",\"contentUrl\":\"https:\/\/lavanno.com\/wp-content\/uploads\/2025\/07\/Lavanno.png\",\"width\":1200,\"height\":1200,\"caption\":\"Lavanno - Pesuvahendite ekspert\"},\"image\":{\"@id\":\"https:\/\/lavanno.com\/en\/#\/schema\/logo\/image\/\"},\"sameAs\":[\"https:\/\/www.facebook.com\/Lavanno.ee\"]}]}<\/script>\n<!-- \/ Yoast SEO plugin. -->","yoast_head_json":{"title":"Muschio Bianco 400ml, kanga ja \u00f5huv\u00e4rskendaja (Valge Muskus) 8054729630033 - Lavanno - pesuvahendite ekspert","robots":{"index":"index","follow":"follow","max-snippet":"max-snippet:-1","max-image-preview":"max-image-preview:large","max-video-preview":"max-video-preview:-1"},"canonical":"https:\/\/lavanno.com\/en\/toode\/muschio-bianco-400ml-kanga-ja-ohuvarskendaja-valge-muskus-8054729630033\/","og_locale":"en_US","og_type":"article","og_title":"Muschio Bianco 400ml, kanga ja \u00f5huv\u00e4rskendaja (Valge Muskus) 8054729630033 - Lavanno - pesuvahendite ekspert","og_description":"L\u00f5hnaeemaldussprei, millel on spetsiaalne l\u00f5hna eemaldav koostis, valge muskuse l\u00f5hnaga.  See k\u00f5rvaldab halva l\u00f5hna t\u00e4nu spetsiaalsetele toimeainetele Seda saab kasutada nii tekstiilidel kui \u00f5hus Intensiivne ja kauakestev l\u00f5hn Seda saab kasutada igat t\u00fc\u00fcpi tekstiilidel SALVATEX koostis \u2013 see kaitseb r\u00f5ivaid Ei ole kasutatud loomkatseid","og_url":"https:\/\/lavanno.com\/en\/toode\/muschio-bianco-400ml-kanga-ja-ohuvarskendaja-valge-muskus-8054729630033\/","og_site_name":"Lavanno - pesuvahendite ekspert","article_publisher":"https:\/\/www.facebook.com\/Lavanno.ee","article_modified_time":"2026-05-02T17:40:01+00:00","twitter_card":"summary_large_image","schema":{"@context":"https:\/\/schema.org","@graph":[{"@type":"WebPage","@id":"https:\/\/lavanno.com\/en\/toode\/muschio-bianco-400ml-kanga-ja-ohuvarskendaja-valge-muskus-8054729630033\/","url":"https:\/\/lavanno.com\/en\/toode\/muschio-bianco-400ml-kanga-ja-ohuvarskendaja-valge-muskus-8054729630033\/","name":"Muschio Bianco 400ml, kanga ja \u00f5huv\u00e4rskendaja (Valge Muskus) 8054729630033 - Lavanno - pesuvahendite ekspert","isPartOf":{"@id":"https:\/\/lavanno.com\/en\/#website"},"primaryImageOfPage":{"@id":"https:\/\/lavanno.com\/en\/toode\/muschio-bianco-400ml-kanga-ja-ohuvarskendaja-valge-muskus-8054729630033\/#primaryimage"},"image":{"@id":"https:\/\/lavanno.com\/en\/toode\/muschio-bianco-400ml-kanga-ja-ohuvarskendaja-valge-muskus-8054729630033\/#primaryimage"},"thumbnailUrl":"https:\/\/lavanno.com\/wp-content\/uploads\/2025\/11\/a73-015deospray_muschiobianco_groupage-1.png","datePublished":"2025-10-22T12:35:01+00:00","dateModified":"2026-05-02T17:40:01+00:00","breadcrumb":{"@id":"https:\/\/lavanno.com\/en\/toode\/muschio-bianco-400ml-kanga-ja-ohuvarskendaja-valge-muskus-8054729630033\/#breadcrumb"},"inLanguage":"en-US","potentialAction":[{"@type":"ReadAction","target":["https:\/\/lavanno.com\/en\/toode\/muschio-bianco-400ml-kanga-ja-ohuvarskendaja-valge-muskus-8054729630033\/"]}]},{"@type":"ImageObject","inLanguage":"en-US","@id":"https:\/\/lavanno.com\/en\/toode\/muschio-bianco-400ml-kanga-ja-ohuvarskendaja-valge-muskus-8054729630033\/#primaryimage","url":"https:\/\/lavanno.com\/wp-content\/uploads\/2025\/11\/a73-015deospray_muschiobianco_groupage-1.png","contentUrl":"https:\/\/lavanno.com\/wp-content\/uploads\/2025\/11\/a73-015deospray_muschiobianco_groupage-1.png","width":800,"height":800},{"@type":"BreadcrumbList","@id":"https:\/\/lavanno.com\/en\/toode\/muschio-bianco-400ml-kanga-ja-ohuvarskendaja-valge-muskus-8054729630033\/#breadcrumb","itemListElement":[{"@type":"ListItem","position":1,"name":"Home","item":"https:\/\/lavanno.com\/en\/"},{"@type":"ListItem","position":2,"name":"E-pood","item":"https:\/\/lavanno.com\/e-pood\/"},{"@type":"ListItem","position":3,"name":"Muschio Bianco 400ml, kanga ja \u00f5huv\u00e4rskendaja (Valge Muskus) 8054729630033"}]},{"@type":"WebSite","@id":"https:\/\/lavanno.com\/en\/#website","url":"https:\/\/lavanno.com\/en\/","name":"Lavanno - Pesuvahendite ekspert","description":"Toome maale ja m\u00fc\u00fcme tekstiili pesuvahendeid, pesumajaseadmeid ja tarvikuid. Hooldame ja konsulteerime.","publisher":{"@id":"https:\/\/lavanno.com\/en\/#organization"},"potentialAction":[{"@type":"SearchAction","target":{"@type":"EntryPoint","urlTemplate":"https:\/\/lavanno.com\/en\/?s={search_term_string}"},"query-input":{"@type":"PropertyValueSpecification","valueRequired":true,"valueName":"search_term_string"}}],"inLanguage":"en-US"},{"@type":"Organization","@id":"https:\/\/lavanno.com\/en\/#organization","name":"Lavanno - Pesuvahendite ekspert","url":"https:\/\/lavanno.com\/en\/","logo":{"@type":"ImageObject","inLanguage":"en-US","@id":"https:\/\/lavanno.com\/en\/#\/schema\/logo\/image\/","url":"https:\/\/lavanno.com\/wp-content\/uploads\/2025\/07\/Lavanno.png","contentUrl":"https:\/\/lavanno.com\/wp-content\/uploads\/2025\/07\/Lavanno.png","width":1200,"height":1200,"caption":"Lavanno - Pesuvahendite ekspert"},"image":{"@id":"https:\/\/lavanno.com\/en\/#\/schema\/logo\/image\/"},"sameAs":["https:\/\/www.facebook.com\/Lavanno.ee"]}]}},"_links":{"self":[{"href":"https:\/\/lavanno.com\/en\/wp-json\/wp\/v2\/product\/12009","targetHints":{"allow":["GET"]}}],"collection":[{"href":"https:\/\/lavanno.com\/en\/wp-json\/wp\/v2\/product"}],"about":[{"href":"https:\/\/lavanno.com\/en\/wp-json\/wp\/v2\/types\/product"}],"replies":[{"embeddable":true,"href":"https:\/\/lavanno.com\/en\/wp-json\/wp\/v2\/comments?post=12009"}],"wp:featuredmedia":[{"embeddable":true,"href":"https:\/\/lavanno.com\/en\/wp-json\/wp\/v2\/media\/12389"}],"wp:attachment":[{"href":"https:\/\/lavanno.com\/en\/wp-json\/wp\/v2\/media?parent=12009"}],"wp:term":[{"taxonomy":"product_brand","embeddable":true,"href":"https:\/\/lavanno.com\/en\/wp-json\/wp\/v2\/product_brand?post=12009"},{"taxonomy":"product_cat","embeddable":true,"href":"https:\/\/lavanno.com\/en\/wp-json\/wp\/v2\/product_cat?post=12009"},{"taxonomy":"product_tag","embeddable":true,"href":"https:\/\/lavanno.com\/en\/wp-json\/wp\/v2\/product_tag?post=12009"}],"curies":[{"name":"wp","href":"https:\/\/api.w.org\/{rel}","templated":true}]}}