{"id":12011,"date":"2025-10-22T15:35:01","date_gmt":"2025-10-22T12:35:01","guid":{"rendered":"https:\/\/lavanno.com\/toode\/lavatute-20-kg-rasvaarastav-pesuaine\/"},"modified":"2026-05-02T20:40:01","modified_gmt":"2026-05-02T17:40:01","slug":"lavatute-20-kg-rasvaarastav-pesuaine","status":"publish","type":"product","link":"https:\/\/lavanno.com\/en\/toode\/lavatute-20-kg-rasvaarastav-pesuaine\/","title":{"rendered":"Lavatute 20 kg. Rasva\u00e4rastav pesuaine"},"content":{"rendered":"<p><strong>Spetsifikatsioon<\/strong><\/p>\n<p><strong>Koostisosad<\/strong><\/p>\n<p>Vesi, naatriumdodek\u00fc\u00fclbenseensulfonaat, C13\u201315 pareth-7, butoks\u00fcdigl\u00fckool, kokamiid DEA, tetranaatrium-EDTA, dietanoolamiin, dimetikoon, l\u00f5hnaaine, steareth-21, limoneen, tsitraal, met\u00fc\u00fclkloroisotiasolinoon, met\u00fc\u00fclisotiasolinoon.<\/p>\n<p>S\u00e4ilitusained:<br \/>\nMet\u00fc\u00fclkloroisotiasolinoon ja met\u00fc\u00fclisotiasolinoon 0,00075%.<\/p>\n<p><strong>Funktsioon\u00a0<\/strong><\/p>\n<p>Rasvaeemaldav pesuvahend<\/p>\n<p><a href=\"https:\/\/lavanno.com\/wp-content\/uploads\/2025\/09\/A39-035Tintolav_LavatuteRel5ETSDS.pdf\" target=\"_blank\" rel=\"noopener\">Ohutuskaart<\/a><\/p>\n","protected":false},"excerpt":{"rendered":"<p>LAVATUTE on \u00e4\u00e4rmiselt tugeva puhastusv\u00f5imega rasvaeemaldav pesuvahend, mis on t\u00f5hus juba alates 40 \u00b0C. See sobib ideaalselt t\u00f6\u00f6riiete ja v\u00e4ga m\u00e4\u00e4rdunud r\u00f5ivaste pesemiseks, kus esineb tugevaid rasva- ja \u00f5liplekke.<\/p>\n<p>Toote erakordne rasvaeemaldav toime tuleneb spetsiaalsest pindaktiivsete ainete kombinatsioonist, mis lagundab mustuse kiiresti ja t\u00f5husalt. LAVATUTE on fosfaadivaba, mist\u00f5ttu on see keskkonnas\u00f5bralikum valik professionaalseks pesuks.<\/p>\n<ul>\n<li>Sobib t\u00f6\u00f6tunkede ja v\u00e4ga m\u00e4\u00e4rdunud r\u00f5ivaste pesuks<\/li>\n<li>Suur puhastusv\u00f5ime aktiveerub juba 40\u00b0C juures<\/li>\n<li>Ei sisalda fosfaate<\/li>\n<li>Optimaalne rasva eemaldav toime<\/li>\n<\/ul>\n","protected":false},"featured_media":12395,"comment_status":"open","ping_status":"closed","template":"","meta":[],"product_brand":[],"product_cat":[506,525,561],"product_tag":[834,835,837,840],"class_list":{"0":"post-12011","1":"product","2":"type-product","3":"status-publish","4":"has-post-thumbnail","6":"product_cat-ariklient","7":"product_cat-vesipesuvahendid","8":"product_cat-rasvaeemaldusvahendid","9":"product_tag-horeca","10":"product_tag-pesumajad","11":"product_tag-puhastusteenindus","12":"product_tag-toostusettevotted","14":"first","15":"instock","16":"taxable","17":"shipping-taxable","18":"purchasable","19":"product-type-simple"},"yoast_head":"<!-- This site is optimized with the Yoast SEO plugin v27.0 - https:\/\/yoast.com\/product\/yoast-seo-wordpress\/ -->\n<title>Lavatute 20 kg. Rasva\u00e4rastav pesuaine - Lavanno - pesuvahendite ekspert<\/title>\n<meta name=\"description\" content=\"V\u00e4ga tugeva toimega fosfaadivaba rasvaeemaldav pesuvahend t\u00f6\u00f6riietele ja tugevalt m\u00e4\u00e4rdunud tekstiilidele. T\u00f5hus juba 40 \u00b0C juures.\" \/>\n<meta name=\"robots\" content=\"index, follow, max-snippet:-1, max-image-preview:large, max-video-preview:-1\" \/>\n<link rel=\"canonical\" href=\"https:\/\/lavanno.com\/en\/toode\/lavatute-20-kg-rasvaarastav-pesuaine\/\" \/>\n<meta property=\"og:locale\" content=\"en_US\" \/>\n<meta property=\"og:type\" content=\"article\" \/>\n<meta property=\"og:title\" content=\"Lavatute 20 kg. Rasva\u00e4rastav pesuaine - Lavanno - pesuvahendite ekspert\" \/>\n<meta property=\"og:description\" content=\"V\u00e4ga tugeva toimega fosfaadivaba rasvaeemaldav pesuvahend t\u00f6\u00f6riietele ja tugevalt m\u00e4\u00e4rdunud tekstiilidele. T\u00f5hus juba 40 \u00b0C juures.\" \/>\n<meta property=\"og:url\" content=\"https:\/\/lavanno.com\/en\/toode\/lavatute-20-kg-rasvaarastav-pesuaine\/\" \/>\n<meta property=\"og:site_name\" content=\"Lavanno - pesuvahendite ekspert\" \/>\n<meta property=\"article:publisher\" content=\"https:\/\/www.facebook.com\/Lavanno.ee\" \/>\n<meta property=\"article:modified_time\" content=\"2026-05-02T17:40:01+00:00\" \/>\n<meta property=\"og:image\" content=\"https:\/\/lavanno.com\/wp-content\/uploads\/2025\/11\/a39-035nlavatute_20kg-1.png\" \/>\n\t<meta property=\"og:image:width\" content=\"800\" \/>\n\t<meta property=\"og:image:height\" content=\"800\" \/>\n\t<meta property=\"og:image:type\" content=\"image\/png\" \/>\n<meta name=\"twitter:card\" content=\"summary_large_image\" \/>\n<meta name=\"twitter:label1\" content=\"Est. reading time\" \/>\n\t<meta name=\"twitter:data1\" content=\"1 minute\" \/>\n<script type=\"application\/ld+json\" class=\"yoast-schema-graph\">{\"@context\":\"https:\/\/schema.org\",\"@graph\":[{\"@type\":\"WebPage\",\"@id\":\"https:\/\/lavanno.com\/en\/toode\/lavatute-20-kg-rasvaarastav-pesuaine\/\",\"url\":\"https:\/\/lavanno.com\/en\/toode\/lavatute-20-kg-rasvaarastav-pesuaine\/\",\"name\":\"Lavatute 20 kg. Rasva\u00e4rastav pesuaine - Lavanno - pesuvahendite ekspert\",\"isPartOf\":{\"@id\":\"https:\/\/lavanno.com\/en\/#website\"},\"primaryImageOfPage\":{\"@id\":\"https:\/\/lavanno.com\/en\/toode\/lavatute-20-kg-rasvaarastav-pesuaine\/#primaryimage\"},\"image\":{\"@id\":\"https:\/\/lavanno.com\/en\/toode\/lavatute-20-kg-rasvaarastav-pesuaine\/#primaryimage\"},\"thumbnailUrl\":\"https:\/\/lavanno.com\/wp-content\/uploads\/2025\/11\/a39-035nlavatute_20kg-1.png\",\"datePublished\":\"2025-10-22T12:35:01+00:00\",\"dateModified\":\"2026-05-02T17:40:01+00:00\",\"description\":\"V\u00e4ga tugeva toimega fosfaadivaba rasvaeemaldav pesuvahend t\u00f6\u00f6riietele ja tugevalt m\u00e4\u00e4rdunud tekstiilidele. T\u00f5hus juba 40 \u00b0C juures.\",\"breadcrumb\":{\"@id\":\"https:\/\/lavanno.com\/en\/toode\/lavatute-20-kg-rasvaarastav-pesuaine\/#breadcrumb\"},\"inLanguage\":\"en-US\",\"potentialAction\":[{\"@type\":\"ReadAction\",\"target\":[\"https:\/\/lavanno.com\/en\/toode\/lavatute-20-kg-rasvaarastav-pesuaine\/\"]}]},{\"@type\":\"ImageObject\",\"inLanguage\":\"en-US\",\"@id\":\"https:\/\/lavanno.com\/en\/toode\/lavatute-20-kg-rasvaarastav-pesuaine\/#primaryimage\",\"url\":\"https:\/\/lavanno.com\/wp-content\/uploads\/2025\/11\/a39-035nlavatute_20kg-1.png\",\"contentUrl\":\"https:\/\/lavanno.com\/wp-content\/uploads\/2025\/11\/a39-035nlavatute_20kg-1.png\",\"width\":800,\"height\":800},{\"@type\":\"BreadcrumbList\",\"@id\":\"https:\/\/lavanno.com\/en\/toode\/lavatute-20-kg-rasvaarastav-pesuaine\/#breadcrumb\",\"itemListElement\":[{\"@type\":\"ListItem\",\"position\":1,\"name\":\"Home\",\"item\":\"https:\/\/lavanno.com\/en\/\"},{\"@type\":\"ListItem\",\"position\":2,\"name\":\"E-pood\",\"item\":\"https:\/\/lavanno.com\/e-pood\/\"},{\"@type\":\"ListItem\",\"position\":3,\"name\":\"Lavatute 20 kg. Rasva\u00e4rastav pesuaine\"}]},{\"@type\":\"WebSite\",\"@id\":\"https:\/\/lavanno.com\/en\/#website\",\"url\":\"https:\/\/lavanno.com\/en\/\",\"name\":\"Lavanno - Pesuvahendite ekspert\",\"description\":\"Toome maale ja m\u00fc\u00fcme tekstiili pesuvahendeid, pesumajaseadmeid ja tarvikuid. Hooldame ja konsulteerime.\",\"publisher\":{\"@id\":\"https:\/\/lavanno.com\/en\/#organization\"},\"potentialAction\":[{\"@type\":\"SearchAction\",\"target\":{\"@type\":\"EntryPoint\",\"urlTemplate\":\"https:\/\/lavanno.com\/en\/?s={search_term_string}\"},\"query-input\":{\"@type\":\"PropertyValueSpecification\",\"valueRequired\":true,\"valueName\":\"search_term_string\"}}],\"inLanguage\":\"en-US\"},{\"@type\":\"Organization\",\"@id\":\"https:\/\/lavanno.com\/en\/#organization\",\"name\":\"Lavanno - Pesuvahendite ekspert\",\"url\":\"https:\/\/lavanno.com\/en\/\",\"logo\":{\"@type\":\"ImageObject\",\"inLanguage\":\"en-US\",\"@id\":\"https:\/\/lavanno.com\/en\/#\/schema\/logo\/image\/\",\"url\":\"https:\/\/lavanno.com\/wp-content\/uploads\/2025\/07\/Lavanno.png\",\"contentUrl\":\"https:\/\/lavanno.com\/wp-content\/uploads\/2025\/07\/Lavanno.png\",\"width\":1200,\"height\":1200,\"caption\":\"Lavanno - Pesuvahendite ekspert\"},\"image\":{\"@id\":\"https:\/\/lavanno.com\/en\/#\/schema\/logo\/image\/\"},\"sameAs\":[\"https:\/\/www.facebook.com\/Lavanno.ee\"]}]}<\/script>\n<!-- \/ Yoast SEO plugin. -->","yoast_head_json":{"title":"Lavatute 20 kg. Rasva\u00e4rastav pesuaine - Lavanno - pesuvahendite ekspert","description":"V\u00e4ga tugeva toimega fosfaadivaba rasvaeemaldav pesuvahend t\u00f6\u00f6riietele ja tugevalt m\u00e4\u00e4rdunud tekstiilidele. T\u00f5hus juba 40 \u00b0C juures.","robots":{"index":"index","follow":"follow","max-snippet":"max-snippet:-1","max-image-preview":"max-image-preview:large","max-video-preview":"max-video-preview:-1"},"canonical":"https:\/\/lavanno.com\/en\/toode\/lavatute-20-kg-rasvaarastav-pesuaine\/","og_locale":"en_US","og_type":"article","og_title":"Lavatute 20 kg. Rasva\u00e4rastav pesuaine - Lavanno - pesuvahendite ekspert","og_description":"V\u00e4ga tugeva toimega fosfaadivaba rasvaeemaldav pesuvahend t\u00f6\u00f6riietele ja tugevalt m\u00e4\u00e4rdunud tekstiilidele. T\u00f5hus juba 40 \u00b0C juures.","og_url":"https:\/\/lavanno.com\/en\/toode\/lavatute-20-kg-rasvaarastav-pesuaine\/","og_site_name":"Lavanno - pesuvahendite ekspert","article_publisher":"https:\/\/www.facebook.com\/Lavanno.ee","article_modified_time":"2026-05-02T17:40:01+00:00","og_image":[{"width":800,"height":800,"url":"https:\/\/lavanno.com\/wp-content\/uploads\/2025\/11\/a39-035nlavatute_20kg-1.png","type":"image\/png"}],"twitter_card":"summary_large_image","twitter_misc":{"Est. reading time":"1 minute"},"schema":{"@context":"https:\/\/schema.org","@graph":[{"@type":"WebPage","@id":"https:\/\/lavanno.com\/en\/toode\/lavatute-20-kg-rasvaarastav-pesuaine\/","url":"https:\/\/lavanno.com\/en\/toode\/lavatute-20-kg-rasvaarastav-pesuaine\/","name":"Lavatute 20 kg. Rasva\u00e4rastav pesuaine - Lavanno - pesuvahendite ekspert","isPartOf":{"@id":"https:\/\/lavanno.com\/en\/#website"},"primaryImageOfPage":{"@id":"https:\/\/lavanno.com\/en\/toode\/lavatute-20-kg-rasvaarastav-pesuaine\/#primaryimage"},"image":{"@id":"https:\/\/lavanno.com\/en\/toode\/lavatute-20-kg-rasvaarastav-pesuaine\/#primaryimage"},"thumbnailUrl":"https:\/\/lavanno.com\/wp-content\/uploads\/2025\/11\/a39-035nlavatute_20kg-1.png","datePublished":"2025-10-22T12:35:01+00:00","dateModified":"2026-05-02T17:40:01+00:00","description":"V\u00e4ga tugeva toimega fosfaadivaba rasvaeemaldav pesuvahend t\u00f6\u00f6riietele ja tugevalt m\u00e4\u00e4rdunud tekstiilidele. T\u00f5hus juba 40 \u00b0C juures.","breadcrumb":{"@id":"https:\/\/lavanno.com\/en\/toode\/lavatute-20-kg-rasvaarastav-pesuaine\/#breadcrumb"},"inLanguage":"en-US","potentialAction":[{"@type":"ReadAction","target":["https:\/\/lavanno.com\/en\/toode\/lavatute-20-kg-rasvaarastav-pesuaine\/"]}]},{"@type":"ImageObject","inLanguage":"en-US","@id":"https:\/\/lavanno.com\/en\/toode\/lavatute-20-kg-rasvaarastav-pesuaine\/#primaryimage","url":"https:\/\/lavanno.com\/wp-content\/uploads\/2025\/11\/a39-035nlavatute_20kg-1.png","contentUrl":"https:\/\/lavanno.com\/wp-content\/uploads\/2025\/11\/a39-035nlavatute_20kg-1.png","width":800,"height":800},{"@type":"BreadcrumbList","@id":"https:\/\/lavanno.com\/en\/toode\/lavatute-20-kg-rasvaarastav-pesuaine\/#breadcrumb","itemListElement":[{"@type":"ListItem","position":1,"name":"Home","item":"https:\/\/lavanno.com\/en\/"},{"@type":"ListItem","position":2,"name":"E-pood","item":"https:\/\/lavanno.com\/e-pood\/"},{"@type":"ListItem","position":3,"name":"Lavatute 20 kg. Rasva\u00e4rastav pesuaine"}]},{"@type":"WebSite","@id":"https:\/\/lavanno.com\/en\/#website","url":"https:\/\/lavanno.com\/en\/","name":"Lavanno - Pesuvahendite ekspert","description":"Toome maale ja m\u00fc\u00fcme tekstiili pesuvahendeid, pesumajaseadmeid ja tarvikuid. Hooldame ja konsulteerime.","publisher":{"@id":"https:\/\/lavanno.com\/en\/#organization"},"potentialAction":[{"@type":"SearchAction","target":{"@type":"EntryPoint","urlTemplate":"https:\/\/lavanno.com\/en\/?s={search_term_string}"},"query-input":{"@type":"PropertyValueSpecification","valueRequired":true,"valueName":"search_term_string"}}],"inLanguage":"en-US"},{"@type":"Organization","@id":"https:\/\/lavanno.com\/en\/#organization","name":"Lavanno - Pesuvahendite ekspert","url":"https:\/\/lavanno.com\/en\/","logo":{"@type":"ImageObject","inLanguage":"en-US","@id":"https:\/\/lavanno.com\/en\/#\/schema\/logo\/image\/","url":"https:\/\/lavanno.com\/wp-content\/uploads\/2025\/07\/Lavanno.png","contentUrl":"https:\/\/lavanno.com\/wp-content\/uploads\/2025\/07\/Lavanno.png","width":1200,"height":1200,"caption":"Lavanno - Pesuvahendite ekspert"},"image":{"@id":"https:\/\/lavanno.com\/en\/#\/schema\/logo\/image\/"},"sameAs":["https:\/\/www.facebook.com\/Lavanno.ee"]}]}},"_links":{"self":[{"href":"https:\/\/lavanno.com\/en\/wp-json\/wp\/v2\/product\/12011","targetHints":{"allow":["GET"]}}],"collection":[{"href":"https:\/\/lavanno.com\/en\/wp-json\/wp\/v2\/product"}],"about":[{"href":"https:\/\/lavanno.com\/en\/wp-json\/wp\/v2\/types\/product"}],"replies":[{"embeddable":true,"href":"https:\/\/lavanno.com\/en\/wp-json\/wp\/v2\/comments?post=12011"}],"wp:featuredmedia":[{"embeddable":true,"href":"https:\/\/lavanno.com\/en\/wp-json\/wp\/v2\/media\/12395"}],"wp:attachment":[{"href":"https:\/\/lavanno.com\/en\/wp-json\/wp\/v2\/media?parent=12011"}],"wp:term":[{"taxonomy":"product_brand","embeddable":true,"href":"https:\/\/lavanno.com\/en\/wp-json\/wp\/v2\/product_brand?post=12011"},{"taxonomy":"product_cat","embeddable":true,"href":"https:\/\/lavanno.com\/en\/wp-json\/wp\/v2\/product_cat?post=12011"},{"taxonomy":"product_tag","embeddable":true,"href":"https:\/\/lavanno.com\/en\/wp-json\/wp\/v2\/product_tag?post=12011"}],"curies":[{"name":"wp","href":"https:\/\/api.w.org\/{rel}","templated":true}]}}