{"id":12016,"date":"2025-10-22T15:40:01","date_gmt":"2025-10-22T12:40:01","guid":{"rendered":"https:\/\/lavanno.com\/toode\/okoloogiline-porandapesuvahend\/"},"modified":"2026-05-02T14:40:01","modified_gmt":"2026-05-02T11:40:01","slug":"okoloogiline-porandapesuvahend","status":"publish","type":"product","link":"https:\/\/lavanno.com\/en\/toode\/okoloogiline-porandapesuvahend\/","title":{"rendered":"\u00d6koloogiline p\u00f5randapesuvahend"},"content":{"rendered":"<p><a href=\"https:\/\/lavanno.com\/wp-content\/uploads\/2022\/08\/A34-100Hygienfresh_Note_di_Natura_-_PavimentiRel1ETSDS.pdf\">Safety Data Sheet<\/a><\/br><a href=\"https:\/\/lavanno.com\/wp-content\/uploads\/2021\/05\/A34-100Pavimenti_NoteDiNaturaRel1ENTEC.pdf\">Technical Data Sheet<\/a><\/p>\n","protected":false},"excerpt":{"rendered":"<p>Universaalne, konsentreeritud ja 100% taimse koostisega p\u00f5randa puhastusvahend.<\/p>\n<p> Selle toote eelised:<br \/>\n Sobib igat t\u00fc\u00fcpi p\u00f5randate igap\u00e4evaseks puhastamiseks.<br \/>\n Kontsentreeritud professionaalne koostis tagab s\u00fcvapuhastuse ja kauakestva keskkonnas\u00f5braliku aroomi. <br \/>\n Konsentreeritud geeli koostis tagab \u00f5ige doseerimise ja v\u00e4ldib raiskamist. <br \/>\n Koostisel on neutraalne pH, mis sobib igat liiki ja isegi tundlikele p\u00f5randamaterjalidele. <br \/>\n Pole vaja loputada.<br \/>\n On testitud nikli, kroomi ja koobalti suhtes (0,00001%).<br \/>\n Ei sisalda mineraal\u00f5lisid, EDTA, parabeene ega formaldeh\u00fc\u00fcdi.<br \/>\n Pudel on valmistatud 100% \u00fcmbert\u00f6\u00f6deldud plastikust.<br \/>\n Ei sisalda loomset p\u00e4ritolu aineid.<\/p>\n","protected":false},"featured_media":12618,"comment_status":"open","ping_status":"closed","template":"","meta":[],"product_brand":[],"product_cat":[15],"product_tag":[],"class_list":{"0":"post-12016","1":"product","2":"type-product","3":"status-publish","4":"has-post-thumbnail","6":"product_cat-uncategorized","8":"first","9":"instock","10":"taxable","11":"shipping-taxable","12":"purchasable","13":"product-type-simple"},"yoast_head":"<!-- This site is optimized with the Yoast SEO plugin v27.0 - https:\/\/yoast.com\/product\/yoast-seo-wordpress\/ -->\n<title>\u00d6koloogiline p\u00f5randapesuvahend - Lavanno - pesuvahendite ekspert<\/title>\n<meta name=\"robots\" content=\"index, follow, max-snippet:-1, max-image-preview:large, max-video-preview:-1\" \/>\n<link rel=\"canonical\" href=\"https:\/\/lavanno.com\/en\/toode\/okoloogiline-porandapesuvahend\/\" \/>\n<meta property=\"og:locale\" content=\"en_US\" \/>\n<meta property=\"og:type\" content=\"article\" \/>\n<meta property=\"og:title\" content=\"\u00d6koloogiline p\u00f5randapesuvahend - Lavanno - pesuvahendite ekspert\" \/>\n<meta property=\"og:description\" content=\"Universaalne, konsentreeritud ja 100% taimse koostisega p\u00f5randa puhastusvahend.  Selle toote eelised: Sobib igat t\u00fc\u00fcpi p\u00f5randate igap\u00e4evaseks puhastamiseks. Kontsentreeritud professionaalne koostis tagab s\u00fcvapuhastuse ja kauakestva keskkonnas\u00f5braliku aroomi.  Konsentreeritud geeli koostis tagab \u00f5ige doseerimise ja v\u00e4ldib raiskamist.  Koostisel on neutraalne pH, mis sobib igat liiki ja isegi tundlikele p\u00f5randamaterjalidele.  Pole vaja loputada. On testitud nikli, kroomi ja koobalti suhtes (0,00001%). Ei sisalda mineraal\u00f5lisid, EDTA, parabeene ega formaldeh\u00fc\u00fcdi. Pudel on valmistatud 100% \u00fcmbert\u00f6\u00f6deldud plastikust. Ei sisalda loomset p\u00e4ritolu aineid.\" \/>\n<meta property=\"og:url\" content=\"https:\/\/lavanno.com\/en\/toode\/okoloogiline-porandapesuvahend\/\" \/>\n<meta property=\"og:site_name\" content=\"Lavanno - pesuvahendite ekspert\" \/>\n<meta property=\"article:publisher\" content=\"https:\/\/www.facebook.com\/Lavanno.ee\" \/>\n<meta property=\"article:modified_time\" content=\"2026-05-02T11:40:01+00:00\" \/>\n<meta name=\"twitter:card\" content=\"summary_large_image\" \/>\n<script type=\"application\/ld+json\" class=\"yoast-schema-graph\">{\"@context\":\"https:\/\/schema.org\",\"@graph\":[{\"@type\":\"WebPage\",\"@id\":\"https:\/\/lavanno.com\/en\/toode\/okoloogiline-porandapesuvahend\/\",\"url\":\"https:\/\/lavanno.com\/en\/toode\/okoloogiline-porandapesuvahend\/\",\"name\":\"\u00d6koloogiline p\u00f5randapesuvahend - Lavanno - pesuvahendite ekspert\",\"isPartOf\":{\"@id\":\"https:\/\/lavanno.com\/en\/#website\"},\"primaryImageOfPage\":{\"@id\":\"https:\/\/lavanno.com\/en\/toode\/okoloogiline-porandapesuvahend\/#primaryimage\"},\"image\":{\"@id\":\"https:\/\/lavanno.com\/en\/toode\/okoloogiline-porandapesuvahend\/#primaryimage\"},\"thumbnailUrl\":\"https:\/\/lavanno.com\/wp-content\/uploads\/2025\/11\/a34-100cnotedinatura_pavimenti_750ml-1.png\",\"datePublished\":\"2025-10-22T12:40:01+00:00\",\"dateModified\":\"2026-05-02T11:40:01+00:00\",\"breadcrumb\":{\"@id\":\"https:\/\/lavanno.com\/en\/toode\/okoloogiline-porandapesuvahend\/#breadcrumb\"},\"inLanguage\":\"en-US\",\"potentialAction\":[{\"@type\":\"ReadAction\",\"target\":[\"https:\/\/lavanno.com\/en\/toode\/okoloogiline-porandapesuvahend\/\"]}]},{\"@type\":\"ImageObject\",\"inLanguage\":\"en-US\",\"@id\":\"https:\/\/lavanno.com\/en\/toode\/okoloogiline-porandapesuvahend\/#primaryimage\",\"url\":\"https:\/\/lavanno.com\/wp-content\/uploads\/2025\/11\/a34-100cnotedinatura_pavimenti_750ml-1.png\",\"contentUrl\":\"https:\/\/lavanno.com\/wp-content\/uploads\/2025\/11\/a34-100cnotedinatura_pavimenti_750ml-1.png\",\"width\":800,\"height\":800},{\"@type\":\"BreadcrumbList\",\"@id\":\"https:\/\/lavanno.com\/en\/toode\/okoloogiline-porandapesuvahend\/#breadcrumb\",\"itemListElement\":[{\"@type\":\"ListItem\",\"position\":1,\"name\":\"Home\",\"item\":\"https:\/\/lavanno.com\/en\/\"},{\"@type\":\"ListItem\",\"position\":2,\"name\":\"E-pood\",\"item\":\"https:\/\/lavanno.com\/e-pood\/\"},{\"@type\":\"ListItem\",\"position\":3,\"name\":\"\u00d6koloogiline p\u00f5randapesuvahend\"}]},{\"@type\":\"WebSite\",\"@id\":\"https:\/\/lavanno.com\/en\/#website\",\"url\":\"https:\/\/lavanno.com\/en\/\",\"name\":\"Lavanno - Pesuvahendite ekspert\",\"description\":\"Toome maale ja m\u00fc\u00fcme tekstiili pesuvahendeid, pesumajaseadmeid ja tarvikuid. Hooldame ja konsulteerime.\",\"publisher\":{\"@id\":\"https:\/\/lavanno.com\/en\/#organization\"},\"potentialAction\":[{\"@type\":\"SearchAction\",\"target\":{\"@type\":\"EntryPoint\",\"urlTemplate\":\"https:\/\/lavanno.com\/en\/?s={search_term_string}\"},\"query-input\":{\"@type\":\"PropertyValueSpecification\",\"valueRequired\":true,\"valueName\":\"search_term_string\"}}],\"inLanguage\":\"en-US\"},{\"@type\":\"Organization\",\"@id\":\"https:\/\/lavanno.com\/en\/#organization\",\"name\":\"Lavanno - Pesuvahendite ekspert\",\"url\":\"https:\/\/lavanno.com\/en\/\",\"logo\":{\"@type\":\"ImageObject\",\"inLanguage\":\"en-US\",\"@id\":\"https:\/\/lavanno.com\/en\/#\/schema\/logo\/image\/\",\"url\":\"https:\/\/lavanno.com\/wp-content\/uploads\/2025\/07\/Lavanno.png\",\"contentUrl\":\"https:\/\/lavanno.com\/wp-content\/uploads\/2025\/07\/Lavanno.png\",\"width\":1200,\"height\":1200,\"caption\":\"Lavanno - Pesuvahendite ekspert\"},\"image\":{\"@id\":\"https:\/\/lavanno.com\/en\/#\/schema\/logo\/image\/\"},\"sameAs\":[\"https:\/\/www.facebook.com\/Lavanno.ee\"]}]}<\/script>\n<!-- \/ Yoast SEO plugin. -->","yoast_head_json":{"title":"\u00d6koloogiline p\u00f5randapesuvahend - Lavanno - pesuvahendite ekspert","robots":{"index":"index","follow":"follow","max-snippet":"max-snippet:-1","max-image-preview":"max-image-preview:large","max-video-preview":"max-video-preview:-1"},"canonical":"https:\/\/lavanno.com\/en\/toode\/okoloogiline-porandapesuvahend\/","og_locale":"en_US","og_type":"article","og_title":"\u00d6koloogiline p\u00f5randapesuvahend - Lavanno - pesuvahendite ekspert","og_description":"Universaalne, konsentreeritud ja 100% taimse koostisega p\u00f5randa puhastusvahend.  Selle toote eelised: Sobib igat t\u00fc\u00fcpi p\u00f5randate igap\u00e4evaseks puhastamiseks. Kontsentreeritud professionaalne koostis tagab s\u00fcvapuhastuse ja kauakestva keskkonnas\u00f5braliku aroomi.  Konsentreeritud geeli koostis tagab \u00f5ige doseerimise ja v\u00e4ldib raiskamist.  Koostisel on neutraalne pH, mis sobib igat liiki ja isegi tundlikele p\u00f5randamaterjalidele.  Pole vaja loputada. On testitud nikli, kroomi ja koobalti suhtes (0,00001%). Ei sisalda mineraal\u00f5lisid, EDTA, parabeene ega formaldeh\u00fc\u00fcdi. Pudel on valmistatud 100% \u00fcmbert\u00f6\u00f6deldud plastikust. Ei sisalda loomset p\u00e4ritolu aineid.","og_url":"https:\/\/lavanno.com\/en\/toode\/okoloogiline-porandapesuvahend\/","og_site_name":"Lavanno - pesuvahendite ekspert","article_publisher":"https:\/\/www.facebook.com\/Lavanno.ee","article_modified_time":"2026-05-02T11:40:01+00:00","twitter_card":"summary_large_image","schema":{"@context":"https:\/\/schema.org","@graph":[{"@type":"WebPage","@id":"https:\/\/lavanno.com\/en\/toode\/okoloogiline-porandapesuvahend\/","url":"https:\/\/lavanno.com\/en\/toode\/okoloogiline-porandapesuvahend\/","name":"\u00d6koloogiline p\u00f5randapesuvahend - Lavanno - pesuvahendite ekspert","isPartOf":{"@id":"https:\/\/lavanno.com\/en\/#website"},"primaryImageOfPage":{"@id":"https:\/\/lavanno.com\/en\/toode\/okoloogiline-porandapesuvahend\/#primaryimage"},"image":{"@id":"https:\/\/lavanno.com\/en\/toode\/okoloogiline-porandapesuvahend\/#primaryimage"},"thumbnailUrl":"https:\/\/lavanno.com\/wp-content\/uploads\/2025\/11\/a34-100cnotedinatura_pavimenti_750ml-1.png","datePublished":"2025-10-22T12:40:01+00:00","dateModified":"2026-05-02T11:40:01+00:00","breadcrumb":{"@id":"https:\/\/lavanno.com\/en\/toode\/okoloogiline-porandapesuvahend\/#breadcrumb"},"inLanguage":"en-US","potentialAction":[{"@type":"ReadAction","target":["https:\/\/lavanno.com\/en\/toode\/okoloogiline-porandapesuvahend\/"]}]},{"@type":"ImageObject","inLanguage":"en-US","@id":"https:\/\/lavanno.com\/en\/toode\/okoloogiline-porandapesuvahend\/#primaryimage","url":"https:\/\/lavanno.com\/wp-content\/uploads\/2025\/11\/a34-100cnotedinatura_pavimenti_750ml-1.png","contentUrl":"https:\/\/lavanno.com\/wp-content\/uploads\/2025\/11\/a34-100cnotedinatura_pavimenti_750ml-1.png","width":800,"height":800},{"@type":"BreadcrumbList","@id":"https:\/\/lavanno.com\/en\/toode\/okoloogiline-porandapesuvahend\/#breadcrumb","itemListElement":[{"@type":"ListItem","position":1,"name":"Home","item":"https:\/\/lavanno.com\/en\/"},{"@type":"ListItem","position":2,"name":"E-pood","item":"https:\/\/lavanno.com\/e-pood\/"},{"@type":"ListItem","position":3,"name":"\u00d6koloogiline p\u00f5randapesuvahend"}]},{"@type":"WebSite","@id":"https:\/\/lavanno.com\/en\/#website","url":"https:\/\/lavanno.com\/en\/","name":"Lavanno - Pesuvahendite ekspert","description":"Toome maale ja m\u00fc\u00fcme tekstiili pesuvahendeid, pesumajaseadmeid ja tarvikuid. Hooldame ja konsulteerime.","publisher":{"@id":"https:\/\/lavanno.com\/en\/#organization"},"potentialAction":[{"@type":"SearchAction","target":{"@type":"EntryPoint","urlTemplate":"https:\/\/lavanno.com\/en\/?s={search_term_string}"},"query-input":{"@type":"PropertyValueSpecification","valueRequired":true,"valueName":"search_term_string"}}],"inLanguage":"en-US"},{"@type":"Organization","@id":"https:\/\/lavanno.com\/en\/#organization","name":"Lavanno - Pesuvahendite ekspert","url":"https:\/\/lavanno.com\/en\/","logo":{"@type":"ImageObject","inLanguage":"en-US","@id":"https:\/\/lavanno.com\/en\/#\/schema\/logo\/image\/","url":"https:\/\/lavanno.com\/wp-content\/uploads\/2025\/07\/Lavanno.png","contentUrl":"https:\/\/lavanno.com\/wp-content\/uploads\/2025\/07\/Lavanno.png","width":1200,"height":1200,"caption":"Lavanno - Pesuvahendite ekspert"},"image":{"@id":"https:\/\/lavanno.com\/en\/#\/schema\/logo\/image\/"},"sameAs":["https:\/\/www.facebook.com\/Lavanno.ee"]}]}},"_links":{"self":[{"href":"https:\/\/lavanno.com\/en\/wp-json\/wp\/v2\/product\/12016","targetHints":{"allow":["GET"]}}],"collection":[{"href":"https:\/\/lavanno.com\/en\/wp-json\/wp\/v2\/product"}],"about":[{"href":"https:\/\/lavanno.com\/en\/wp-json\/wp\/v2\/types\/product"}],"replies":[{"embeddable":true,"href":"https:\/\/lavanno.com\/en\/wp-json\/wp\/v2\/comments?post=12016"}],"wp:featuredmedia":[{"embeddable":true,"href":"https:\/\/lavanno.com\/en\/wp-json\/wp\/v2\/media\/12618"}],"wp:attachment":[{"href":"https:\/\/lavanno.com\/en\/wp-json\/wp\/v2\/media?parent=12016"}],"wp:term":[{"taxonomy":"product_brand","embeddable":true,"href":"https:\/\/lavanno.com\/en\/wp-json\/wp\/v2\/product_brand?post=12016"},{"taxonomy":"product_cat","embeddable":true,"href":"https:\/\/lavanno.com\/en\/wp-json\/wp\/v2\/product_cat?post=12016"},{"taxonomy":"product_tag","embeddable":true,"href":"https:\/\/lavanno.com\/en\/wp-json\/wp\/v2\/product_tag?post=12016"}],"curies":[{"name":"wp","href":"https:\/\/api.w.org\/{rel}","templated":true}]}}