{"id":12033,"date":"2025-10-22T15:50:00","date_gmt":"2025-10-22T12:50:00","guid":{"rendered":"https:\/\/lavanno.com\/toode\/air-essence-clean-sense-750ml-lohnastaja\/"},"modified":"2026-03-04T16:10:01","modified_gmt":"2026-03-04T14:10:01","slug":"air-essence-clean-sense-750ml-lohnastaja","status":"publish","type":"product","link":"https:\/\/lavanno.com\/en\/toode\/air-essence-clean-sense-750ml-lohnastaja\/","title":{"rendered":"Air Essence &#8211; Clean Sense 750ml &#8211; l\u00f5hnastaja"},"content":{"rendered":"<p><strong>Kasutamine<\/strong><\/p>\n<p><strong>\u00d5hu l\u00f5hnastamine (Air Therapy)<\/strong><br \/>\nV\u00e4ikesest kogusest piisab, et t\u00e4ita ruum meeldiva l\u00f5hnaga. V\u00f5ib kasutada ruumi nurkades, \u00f5huniisutites, tolmuimeja filtril v\u00f5i mujal, kus soovitakse v\u00e4rsket aroomi. Sisaldab kvaliteetseid ja kauakestvaid l\u00f5hnaessentse.<\/p>\n<p><strong>L\u00f5hnade neutraliseerimine<\/strong><br \/>\nSpetsiaalne koostis aitab kontrollida ja eemaldada ebameeldivaid l\u00f5hnu. Sobib kasutamiseks n\u00e4iteks ruumi nurkades, pr\u00fcgikastis, vannitoas v\u00f5i muudes kohtades, kus esineb ebameeldiv l\u00f5hn.<\/p>\n<p><strong>L\u00f5hna tugevdamine puhastamisel<\/strong><br \/>\nSuurendab p\u00f5randapesuvahendite puhastus- ja l\u00f5hnaefekti. Pihustada 2\u20133 korda 5-liitrisesse veeanumasse. Sobib erinevate pindade puhastamiseks.<\/p>\n<p><strong>Tolmu eemaldamine<\/strong><br \/>\nV\u00f5ib kasutada ka pindadelt tolmu eemaldamiseks. Pihustage 1\u20132 korda lapile ja p\u00fchkige soovitud pind.<\/p>\n<p>\u26a0\ufe0f Hoiatus: mitte pihustada tekstiilidele ega m\u00f6\u00f6blikangastele \u2013 toode v\u00f5ib j\u00e4tta plekke.<\/p>\n<p><strong>Koostisosad<\/strong><\/p>\n<p>Vesi, trideceth-12, parf\u00fc\u00fcm, etoks\u00fcdigl\u00fckool, riitsinus\u00f5li, isoprop\u00fc\u00fclalkohol, but\u00fc\u00fclfen\u00fc\u00fclmet\u00fc\u00fclpropionaal, trits\u00fcklodeken\u00fc\u00fclpropionaat, verd\u00fc\u00fclatsetaat, am\u00fc\u00fcltsinnamaal, tsitronellool, bens\u00fc\u00fclatsetaat, alkohol, tsinnam\u00fc\u00fclalkohol, geraniool, 4-tert-but\u00fc\u00fclts\u00fckloheks\u00fc\u00fclatsetaat, am\u00fc\u00fclsalits\u00fclaat, met\u00fc\u00fclundekanaal, alfa-isomet\u00fc\u00fclionoon, heks\u00fc\u00fcltsinnamaal, dimetikoon, steareth-21, met\u00fc\u00fclkloroisotiasolinoon, met\u00fc\u00fclisotiasolinoon.<\/p>\n<p>&nbsp;<\/p>\n","protected":false},"excerpt":{"rendered":"<p>Air Essence Clean Sense on multifunktsionaalne l\u00f5hnaessents, mis on loodud ruumide ja pindade l\u00f5hnastamiseks ning v\u00e4rskendamiseks. Toode sisaldab k\u00f5rge kontsentratsiooniga l\u00f5hnaessentsi, mis j\u00e4tab ruumi ja pindadele meeldiva ning kauakestva v\u00e4rske l\u00f5hna.<\/p>\n<p>Sobib kasutamiseks nii v\u00e4ikestes kui ka suurtes ruumides. Air Essence aitab v\u00e4rskendada \u00f5hku, eemaldada ebameeldivaid l\u00f5hnu ning tugevdada puhastusvahendite ja p\u00f5randapesuvahendite l\u00f5hna. Juba v\u00e4ikesest kogusest piisab, et saavutada kogu p\u00e4evaks p\u00fcsiv v\u00e4rskus.<\/p>\n<p>Multifunktsionaalne \u00f5hu- ja pindadel\u00f5hnastaja<\/p>\n<p>V\u00e4rske ja kauakestev Clean Sense aroom<\/p>\n<p>Sobib nii v\u00e4ikestesse kui suurtesse ruumidesse<\/p>\n<p>Suur l\u00f5hnaessentsi kontsentratsioon<\/p>\n<p>V\u00e4ike kogus tagab pikaajalise l\u00f5hna<\/p>\n<p>Sobib kasutamiseks ka puhastamisel ja p\u00f5randapesul<\/p>\n","protected":false},"featured_media":12423,"comment_status":"open","ping_status":"closed","template":"","meta":[],"product_brand":[],"product_cat":[585,586,584,575,581],"product_tag":[834,850,833,835,837],"class_list":{"0":"post-12033","1":"product","2":"type-product","3":"status-publish","4":"has-post-thumbnail","6":"product_cat-puhastusvahendid-pindadele","7":"product_cat-ruumilohnastajad","8":"product_cat-ohu-ja-kangasvarskendajad","9":"product_cat-muud-pihustid-pihustite-sari-ariklient","10":"product_cat-tekstiili-ja-kodulohnastajad-eraklient","11":"product_tag-horeca","12":"product_tag-kodumajapidamine","13":"product_tag-lasteaedadele","14":"product_tag-pesumajad","15":"product_tag-puhastusteenindus","17":"first","18":"outofstock","19":"taxable","20":"shipping-taxable","21":"purchasable","22":"product-type-simple"},"yoast_head":"<!-- This site is optimized with the Yoast SEO plugin v27.0 - https:\/\/yoast.com\/product\/yoast-seo-wordpress\/ -->\n<title>Air Essence - Clean Sense 750ml - l\u00f5hnastaja - Lavanno - pesuvahendite ekspert<\/title>\n<meta name=\"description\" content=\"Air Essence Clean Sense on multifunktsionaalne \u00f5hu ja pindade l\u00f5hnastaja, mis j\u00e4tab ruumi v\u00e4rske ja kauakestva Clean Sense aroomi.\" \/>\n<meta name=\"robots\" content=\"index, follow, max-snippet:-1, max-image-preview:large, max-video-preview:-1\" \/>\n<link rel=\"canonical\" href=\"https:\/\/lavanno.com\/en\/toode\/air-essence-clean-sense-750ml-lohnastaja\/\" \/>\n<meta property=\"og:locale\" content=\"en_US\" \/>\n<meta property=\"og:type\" content=\"article\" \/>\n<meta property=\"og:title\" content=\"Air Essence - Clean Sense 750ml - l\u00f5hnastaja - Lavanno - pesuvahendite ekspert\" \/>\n<meta property=\"og:description\" content=\"Air Essence Clean Sense on multifunktsionaalne \u00f5hu ja pindade l\u00f5hnastaja, mis j\u00e4tab ruumi v\u00e4rske ja kauakestva Clean Sense aroomi.\" \/>\n<meta property=\"og:url\" content=\"https:\/\/lavanno.com\/en\/toode\/air-essence-clean-sense-750ml-lohnastaja\/\" \/>\n<meta property=\"og:site_name\" content=\"Lavanno - pesuvahendite ekspert\" \/>\n<meta property=\"article:publisher\" content=\"https:\/\/www.facebook.com\/Lavanno.ee\" \/>\n<meta property=\"article:modified_time\" content=\"2026-03-04T14:10:01+00:00\" \/>\n<meta property=\"og:image\" content=\"https:\/\/lavanno.com\/wp-content\/uploads\/2025\/11\/a74-027cessenza-ambiente_cleansense-1.png\" \/>\n\t<meta property=\"og:image:width\" content=\"800\" \/>\n\t<meta property=\"og:image:height\" content=\"800\" \/>\n\t<meta property=\"og:image:type\" content=\"image\/png\" \/>\n<meta name=\"twitter:card\" content=\"summary_large_image\" \/>\n<meta name=\"twitter:label1\" content=\"Est. reading time\" \/>\n\t<meta name=\"twitter:data1\" content=\"1 minute\" \/>\n<script type=\"application\/ld+json\" class=\"yoast-schema-graph\">{\"@context\":\"https:\/\/schema.org\",\"@graph\":[{\"@type\":\"WebPage\",\"@id\":\"https:\/\/lavanno.com\/en\/toode\/air-essence-clean-sense-750ml-lohnastaja\/\",\"url\":\"https:\/\/lavanno.com\/en\/toode\/air-essence-clean-sense-750ml-lohnastaja\/\",\"name\":\"Air Essence - Clean Sense 750ml - l\u00f5hnastaja - Lavanno - pesuvahendite ekspert\",\"isPartOf\":{\"@id\":\"https:\/\/lavanno.com\/en\/#website\"},\"primaryImageOfPage\":{\"@id\":\"https:\/\/lavanno.com\/en\/toode\/air-essence-clean-sense-750ml-lohnastaja\/#primaryimage\"},\"image\":{\"@id\":\"https:\/\/lavanno.com\/en\/toode\/air-essence-clean-sense-750ml-lohnastaja\/#primaryimage\"},\"thumbnailUrl\":\"https:\/\/lavanno.com\/wp-content\/uploads\/2025\/11\/a74-027cessenza-ambiente_cleansense-1.png\",\"datePublished\":\"2025-10-22T12:50:00+00:00\",\"dateModified\":\"2026-03-04T14:10:01+00:00\",\"description\":\"Air Essence Clean Sense on multifunktsionaalne \u00f5hu ja pindade l\u00f5hnastaja, mis j\u00e4tab ruumi v\u00e4rske ja kauakestva Clean Sense aroomi.\",\"breadcrumb\":{\"@id\":\"https:\/\/lavanno.com\/en\/toode\/air-essence-clean-sense-750ml-lohnastaja\/#breadcrumb\"},\"inLanguage\":\"en-US\",\"potentialAction\":[{\"@type\":\"ReadAction\",\"target\":[\"https:\/\/lavanno.com\/en\/toode\/air-essence-clean-sense-750ml-lohnastaja\/\"]}]},{\"@type\":\"ImageObject\",\"inLanguage\":\"en-US\",\"@id\":\"https:\/\/lavanno.com\/en\/toode\/air-essence-clean-sense-750ml-lohnastaja\/#primaryimage\",\"url\":\"https:\/\/lavanno.com\/wp-content\/uploads\/2025\/11\/a74-027cessenza-ambiente_cleansense-1.png\",\"contentUrl\":\"https:\/\/lavanno.com\/wp-content\/uploads\/2025\/11\/a74-027cessenza-ambiente_cleansense-1.png\",\"width\":800,\"height\":800},{\"@type\":\"BreadcrumbList\",\"@id\":\"https:\/\/lavanno.com\/en\/toode\/air-essence-clean-sense-750ml-lohnastaja\/#breadcrumb\",\"itemListElement\":[{\"@type\":\"ListItem\",\"position\":1,\"name\":\"Home\",\"item\":\"https:\/\/lavanno.com\/en\/\"},{\"@type\":\"ListItem\",\"position\":2,\"name\":\"E-pood\",\"item\":\"https:\/\/lavanno.com\/e-pood\/\"},{\"@type\":\"ListItem\",\"position\":3,\"name\":\"Air Essence &#8211; Clean Sense 750ml &#8211; l\u00f5hnastaja\"}]},{\"@type\":\"WebSite\",\"@id\":\"https:\/\/lavanno.com\/en\/#website\",\"url\":\"https:\/\/lavanno.com\/en\/\",\"name\":\"Lavanno - Pesuvahendite ekspert\",\"description\":\"Toome maale ja m\u00fc\u00fcme tekstiili pesuvahendeid, pesumajaseadmeid ja tarvikuid. Hooldame ja konsulteerime.\",\"publisher\":{\"@id\":\"https:\/\/lavanno.com\/en\/#organization\"},\"potentialAction\":[{\"@type\":\"SearchAction\",\"target\":{\"@type\":\"EntryPoint\",\"urlTemplate\":\"https:\/\/lavanno.com\/en\/?s={search_term_string}\"},\"query-input\":{\"@type\":\"PropertyValueSpecification\",\"valueRequired\":true,\"valueName\":\"search_term_string\"}}],\"inLanguage\":\"en-US\"},{\"@type\":\"Organization\",\"@id\":\"https:\/\/lavanno.com\/en\/#organization\",\"name\":\"Lavanno - Pesuvahendite ekspert\",\"url\":\"https:\/\/lavanno.com\/en\/\",\"logo\":{\"@type\":\"ImageObject\",\"inLanguage\":\"en-US\",\"@id\":\"https:\/\/lavanno.com\/en\/#\/schema\/logo\/image\/\",\"url\":\"https:\/\/lavanno.com\/wp-content\/uploads\/2025\/07\/Lavanno.png\",\"contentUrl\":\"https:\/\/lavanno.com\/wp-content\/uploads\/2025\/07\/Lavanno.png\",\"width\":1200,\"height\":1200,\"caption\":\"Lavanno - Pesuvahendite ekspert\"},\"image\":{\"@id\":\"https:\/\/lavanno.com\/en\/#\/schema\/logo\/image\/\"},\"sameAs\":[\"https:\/\/www.facebook.com\/Lavanno.ee\"]}]}<\/script>\n<!-- \/ Yoast SEO plugin. -->","yoast_head_json":{"title":"Air Essence - Clean Sense 750ml - l\u00f5hnastaja - Lavanno - pesuvahendite ekspert","description":"Air Essence Clean Sense on multifunktsionaalne \u00f5hu ja pindade l\u00f5hnastaja, mis j\u00e4tab ruumi v\u00e4rske ja kauakestva Clean Sense aroomi.","robots":{"index":"index","follow":"follow","max-snippet":"max-snippet:-1","max-image-preview":"max-image-preview:large","max-video-preview":"max-video-preview:-1"},"canonical":"https:\/\/lavanno.com\/en\/toode\/air-essence-clean-sense-750ml-lohnastaja\/","og_locale":"en_US","og_type":"article","og_title":"Air Essence - Clean Sense 750ml - l\u00f5hnastaja - Lavanno - pesuvahendite ekspert","og_description":"Air Essence Clean Sense on multifunktsionaalne \u00f5hu ja pindade l\u00f5hnastaja, mis j\u00e4tab ruumi v\u00e4rske ja kauakestva Clean Sense aroomi.","og_url":"https:\/\/lavanno.com\/en\/toode\/air-essence-clean-sense-750ml-lohnastaja\/","og_site_name":"Lavanno - pesuvahendite ekspert","article_publisher":"https:\/\/www.facebook.com\/Lavanno.ee","article_modified_time":"2026-03-04T14:10:01+00:00","og_image":[{"width":800,"height":800,"url":"https:\/\/lavanno.com\/wp-content\/uploads\/2025\/11\/a74-027cessenza-ambiente_cleansense-1.png","type":"image\/png"}],"twitter_card":"summary_large_image","twitter_misc":{"Est. reading time":"1 minute"},"schema":{"@context":"https:\/\/schema.org","@graph":[{"@type":"WebPage","@id":"https:\/\/lavanno.com\/en\/toode\/air-essence-clean-sense-750ml-lohnastaja\/","url":"https:\/\/lavanno.com\/en\/toode\/air-essence-clean-sense-750ml-lohnastaja\/","name":"Air Essence - Clean Sense 750ml - l\u00f5hnastaja - Lavanno - pesuvahendite ekspert","isPartOf":{"@id":"https:\/\/lavanno.com\/en\/#website"},"primaryImageOfPage":{"@id":"https:\/\/lavanno.com\/en\/toode\/air-essence-clean-sense-750ml-lohnastaja\/#primaryimage"},"image":{"@id":"https:\/\/lavanno.com\/en\/toode\/air-essence-clean-sense-750ml-lohnastaja\/#primaryimage"},"thumbnailUrl":"https:\/\/lavanno.com\/wp-content\/uploads\/2025\/11\/a74-027cessenza-ambiente_cleansense-1.png","datePublished":"2025-10-22T12:50:00+00:00","dateModified":"2026-03-04T14:10:01+00:00","description":"Air Essence Clean Sense on multifunktsionaalne \u00f5hu ja pindade l\u00f5hnastaja, mis j\u00e4tab ruumi v\u00e4rske ja kauakestva Clean Sense aroomi.","breadcrumb":{"@id":"https:\/\/lavanno.com\/en\/toode\/air-essence-clean-sense-750ml-lohnastaja\/#breadcrumb"},"inLanguage":"en-US","potentialAction":[{"@type":"ReadAction","target":["https:\/\/lavanno.com\/en\/toode\/air-essence-clean-sense-750ml-lohnastaja\/"]}]},{"@type":"ImageObject","inLanguage":"en-US","@id":"https:\/\/lavanno.com\/en\/toode\/air-essence-clean-sense-750ml-lohnastaja\/#primaryimage","url":"https:\/\/lavanno.com\/wp-content\/uploads\/2025\/11\/a74-027cessenza-ambiente_cleansense-1.png","contentUrl":"https:\/\/lavanno.com\/wp-content\/uploads\/2025\/11\/a74-027cessenza-ambiente_cleansense-1.png","width":800,"height":800},{"@type":"BreadcrumbList","@id":"https:\/\/lavanno.com\/en\/toode\/air-essence-clean-sense-750ml-lohnastaja\/#breadcrumb","itemListElement":[{"@type":"ListItem","position":1,"name":"Home","item":"https:\/\/lavanno.com\/en\/"},{"@type":"ListItem","position":2,"name":"E-pood","item":"https:\/\/lavanno.com\/e-pood\/"},{"@type":"ListItem","position":3,"name":"Air Essence &#8211; Clean Sense 750ml &#8211; l\u00f5hnastaja"}]},{"@type":"WebSite","@id":"https:\/\/lavanno.com\/en\/#website","url":"https:\/\/lavanno.com\/en\/","name":"Lavanno - Pesuvahendite ekspert","description":"Toome maale ja m\u00fc\u00fcme tekstiili pesuvahendeid, pesumajaseadmeid ja tarvikuid. Hooldame ja konsulteerime.","publisher":{"@id":"https:\/\/lavanno.com\/en\/#organization"},"potentialAction":[{"@type":"SearchAction","target":{"@type":"EntryPoint","urlTemplate":"https:\/\/lavanno.com\/en\/?s={search_term_string}"},"query-input":{"@type":"PropertyValueSpecification","valueRequired":true,"valueName":"search_term_string"}}],"inLanguage":"en-US"},{"@type":"Organization","@id":"https:\/\/lavanno.com\/en\/#organization","name":"Lavanno - Pesuvahendite ekspert","url":"https:\/\/lavanno.com\/en\/","logo":{"@type":"ImageObject","inLanguage":"en-US","@id":"https:\/\/lavanno.com\/en\/#\/schema\/logo\/image\/","url":"https:\/\/lavanno.com\/wp-content\/uploads\/2025\/07\/Lavanno.png","contentUrl":"https:\/\/lavanno.com\/wp-content\/uploads\/2025\/07\/Lavanno.png","width":1200,"height":1200,"caption":"Lavanno - Pesuvahendite ekspert"},"image":{"@id":"https:\/\/lavanno.com\/en\/#\/schema\/logo\/image\/"},"sameAs":["https:\/\/www.facebook.com\/Lavanno.ee"]}]}},"_links":{"self":[{"href":"https:\/\/lavanno.com\/en\/wp-json\/wp\/v2\/product\/12033","targetHints":{"allow":["GET"]}}],"collection":[{"href":"https:\/\/lavanno.com\/en\/wp-json\/wp\/v2\/product"}],"about":[{"href":"https:\/\/lavanno.com\/en\/wp-json\/wp\/v2\/types\/product"}],"replies":[{"embeddable":true,"href":"https:\/\/lavanno.com\/en\/wp-json\/wp\/v2\/comments?post=12033"}],"wp:featuredmedia":[{"embeddable":true,"href":"https:\/\/lavanno.com\/en\/wp-json\/wp\/v2\/media\/12423"}],"wp:attachment":[{"href":"https:\/\/lavanno.com\/en\/wp-json\/wp\/v2\/media?parent=12033"}],"wp:term":[{"taxonomy":"product_brand","embeddable":true,"href":"https:\/\/lavanno.com\/en\/wp-json\/wp\/v2\/product_brand?post=12033"},{"taxonomy":"product_cat","embeddable":true,"href":"https:\/\/lavanno.com\/en\/wp-json\/wp\/v2\/product_cat?post=12033"},{"taxonomy":"product_tag","embeddable":true,"href":"https:\/\/lavanno.com\/en\/wp-json\/wp\/v2\/product_tag?post=12033"}],"curies":[{"name":"wp","href":"https:\/\/api.w.org\/{rel}","templated":true}]}}