{"id":12051,"date":"2025-10-22T15:55:01","date_gmt":"2025-10-22T12:55:01","guid":{"rendered":"https:\/\/lavanno.com\/toode\/perfect-enzima-10-kg-pesupulber-ensuumidega\/"},"modified":"2026-05-02T14:40:01","modified_gmt":"2026-05-02T11:40:01","slug":"perfect-enzima-10-kg-pesupulber-ensuumidega","status":"publish","type":"product","link":"https:\/\/lavanno.com\/en\/toode\/perfect-enzima-10-kg-pesupulber-ensuumidega\/","title":{"rendered":"Perfect Enzima 10 kg. Pesupulber ens\u00fc\u00fcmidega"},"content":{"rendered":"<p><strong>Spetsifikatsioon<\/strong><\/p>\n<p><strong>Koostisosad<\/strong><\/p>\n<p>Naatriumkarbonaat, naatriumperkarbonaat, naatriumdodek\u00fc\u00fclbenseensulfonaat, naatriumsilikaat, C12\u201315 pareth-7, subtilisiin, \u03b1-am\u00fclaas, l\u00f5hnaaine.<\/p>\n<p><strong>Funktsioon\u00a0<\/strong><\/p>\n<p>Ens\u00fcmaatiline pesupulber<\/p>\n<p><a href=\"https:\/\/lavanno.com\/wp-content\/uploads\/2025\/10\/A36-005Perfect_EnzimaRel1ETSDS.pdf\" target=\"_blank\" rel=\"noopener\">Ohutuskaart<\/a><\/p>\n","protected":false},"excerpt":{"rendered":"<p>PERFECT ENZIMA on ainult professionaalseks kasutuseks m\u00f5eldud ens\u00fcmaatiline pesupulber, mis on spetsiaalselt loodud proteiinip\u00f5histe plekkide (nt veri, toit, higi) t\u00f5husaks eemaldamiseks. Toode sisaldab spetsiifilisi ens\u00fc\u00fcme ning hapnikup\u00f5hist valgendit, mille aktiivne toime algab 40 \u00b0C juures ja kestab kuni 90 \u00b0C-ni.<\/p>\n<ul>\n<li>Sisaldab spetsiaalset ens\u00fc\u00fcmi valguplekkide eemaldamiesks.<\/li>\n<li>Sisaldab pleegitusainet, mis aktiveerub 40\u00b0C kuni 90\u00b0C temperatuuri juures.<\/li>\n<li>Sobib igasuguse veekaredusega.<\/li>\n<li>Sobib nii naturaalsete kui s\u00fcnteetiliste tekstiilide, teksade, s\u00e4rkide jms. pesuks.<\/li>\n<li>Sobib tumedat v\u00e4rvi pesule.<\/li>\n<li>Ideaalne raskesti m\u00e4\u00e4rdunud r\u00f5ivaste pesemiseks.<\/li>\n<\/ul>\n","protected":false},"featured_media":12534,"comment_status":"open","ping_status":"closed","template":"","meta":[],"product_brand":[],"product_cat":[506,525,560],"product_tag":[834,836,833,835,837,839,840],"class_list":{"0":"post-12051","1":"product","2":"type-product","3":"status-publish","4":"has-post-thumbnail","6":"product_cat-ariklient","7":"product_cat-vesipesuvahendid","8":"product_cat-pesupulbrid","9":"product_tag-horeca","10":"product_tag-iseteenindus","11":"product_tag-lasteaedadele","12":"product_tag-pesumajad","13":"product_tag-puhastusteenindus","14":"product_tag-tervishoid","15":"product_tag-toostusettevotted","17":"first","18":"instock","19":"taxable","20":"shipping-taxable","21":"purchasable","22":"product-type-simple"},"yoast_head":"<!-- This site is optimized with the Yoast SEO plugin v27.0 - https:\/\/yoast.com\/product\/yoast-seo-wordpress\/ -->\n<title>Perfect Enzima 10 kg. Pesupulber ens\u00fc\u00fcmidega - Lavanno - pesuvahendite ekspert<\/title>\n<meta name=\"description\" content=\"Perfect Enzima ens\u00fcmaatiline pesupulber professionaalseks kasutuseks \u2013 eemaldab t\u00f5husalt proteiiniplekid ja sobib tugevalt m\u00e4\u00e4rdunud tekstiilidele.\" \/>\n<meta name=\"robots\" content=\"index, follow, max-snippet:-1, max-image-preview:large, max-video-preview:-1\" \/>\n<link rel=\"canonical\" href=\"https:\/\/lavanno.com\/en\/toode\/perfect-enzima-10-kg-pesupulber-ensuumidega\/\" \/>\n<meta property=\"og:locale\" content=\"en_US\" \/>\n<meta property=\"og:type\" content=\"article\" \/>\n<meta property=\"og:title\" content=\"Perfect Enzima 10 kg. Pesupulber ens\u00fc\u00fcmidega - Lavanno - pesuvahendite ekspert\" \/>\n<meta property=\"og:description\" content=\"Perfect Enzima ens\u00fcmaatiline pesupulber professionaalseks kasutuseks \u2013 eemaldab t\u00f5husalt proteiiniplekid ja sobib tugevalt m\u00e4\u00e4rdunud tekstiilidele.\" \/>\n<meta property=\"og:url\" content=\"https:\/\/lavanno.com\/en\/toode\/perfect-enzima-10-kg-pesupulber-ensuumidega\/\" \/>\n<meta property=\"og:site_name\" content=\"Lavanno - pesuvahendite ekspert\" \/>\n<meta property=\"article:publisher\" content=\"https:\/\/www.facebook.com\/Lavanno.ee\" \/>\n<meta property=\"article:modified_time\" content=\"2026-05-02T11:40:01+00:00\" \/>\n<meta property=\"og:image\" content=\"https:\/\/lavanno.com\/wp-content\/uploads\/2025\/11\/a36-005perfectenzima_groupage-1.png\" \/>\n\t<meta property=\"og:image:width\" content=\"800\" \/>\n\t<meta property=\"og:image:height\" content=\"800\" \/>\n\t<meta property=\"og:image:type\" content=\"image\/png\" \/>\n<meta name=\"twitter:card\" content=\"summary_large_image\" \/>\n<meta name=\"twitter:label1\" content=\"Est. reading time\" \/>\n\t<meta name=\"twitter:data1\" content=\"1 minute\" \/>\n<script type=\"application\/ld+json\" class=\"yoast-schema-graph\">{\"@context\":\"https:\/\/schema.org\",\"@graph\":[{\"@type\":\"WebPage\",\"@id\":\"https:\/\/lavanno.com\/en\/toode\/perfect-enzima-10-kg-pesupulber-ensuumidega\/\",\"url\":\"https:\/\/lavanno.com\/en\/toode\/perfect-enzima-10-kg-pesupulber-ensuumidega\/\",\"name\":\"Perfect Enzima 10 kg. Pesupulber ens\u00fc\u00fcmidega - Lavanno - pesuvahendite ekspert\",\"isPartOf\":{\"@id\":\"https:\/\/lavanno.com\/en\/#website\"},\"primaryImageOfPage\":{\"@id\":\"https:\/\/lavanno.com\/en\/toode\/perfect-enzima-10-kg-pesupulber-ensuumidega\/#primaryimage\"},\"image\":{\"@id\":\"https:\/\/lavanno.com\/en\/toode\/perfect-enzima-10-kg-pesupulber-ensuumidega\/#primaryimage\"},\"thumbnailUrl\":\"https:\/\/lavanno.com\/wp-content\/uploads\/2025\/11\/a36-005perfectenzima_groupage-1.png\",\"datePublished\":\"2025-10-22T12:55:01+00:00\",\"dateModified\":\"2026-05-02T11:40:01+00:00\",\"description\":\"Perfect Enzima ens\u00fcmaatiline pesupulber professionaalseks kasutuseks \u2013 eemaldab t\u00f5husalt proteiiniplekid ja sobib tugevalt m\u00e4\u00e4rdunud tekstiilidele.\",\"breadcrumb\":{\"@id\":\"https:\/\/lavanno.com\/en\/toode\/perfect-enzima-10-kg-pesupulber-ensuumidega\/#breadcrumb\"},\"inLanguage\":\"en-US\",\"potentialAction\":[{\"@type\":\"ReadAction\",\"target\":[\"https:\/\/lavanno.com\/en\/toode\/perfect-enzima-10-kg-pesupulber-ensuumidega\/\"]}]},{\"@type\":\"ImageObject\",\"inLanguage\":\"en-US\",\"@id\":\"https:\/\/lavanno.com\/en\/toode\/perfect-enzima-10-kg-pesupulber-ensuumidega\/#primaryimage\",\"url\":\"https:\/\/lavanno.com\/wp-content\/uploads\/2025\/11\/a36-005perfectenzima_groupage-1.png\",\"contentUrl\":\"https:\/\/lavanno.com\/wp-content\/uploads\/2025\/11\/a36-005perfectenzima_groupage-1.png\",\"width\":800,\"height\":800},{\"@type\":\"BreadcrumbList\",\"@id\":\"https:\/\/lavanno.com\/en\/toode\/perfect-enzima-10-kg-pesupulber-ensuumidega\/#breadcrumb\",\"itemListElement\":[{\"@type\":\"ListItem\",\"position\":1,\"name\":\"Home\",\"item\":\"https:\/\/lavanno.com\/en\/\"},{\"@type\":\"ListItem\",\"position\":2,\"name\":\"E-pood\",\"item\":\"https:\/\/lavanno.com\/e-pood\/\"},{\"@type\":\"ListItem\",\"position\":3,\"name\":\"Perfect Enzima 10 kg. Pesupulber ens\u00fc\u00fcmidega\"}]},{\"@type\":\"WebSite\",\"@id\":\"https:\/\/lavanno.com\/en\/#website\",\"url\":\"https:\/\/lavanno.com\/en\/\",\"name\":\"Lavanno - Pesuvahendite ekspert\",\"description\":\"Toome maale ja m\u00fc\u00fcme tekstiili pesuvahendeid, pesumajaseadmeid ja tarvikuid. Hooldame ja konsulteerime.\",\"publisher\":{\"@id\":\"https:\/\/lavanno.com\/en\/#organization\"},\"potentialAction\":[{\"@type\":\"SearchAction\",\"target\":{\"@type\":\"EntryPoint\",\"urlTemplate\":\"https:\/\/lavanno.com\/en\/?s={search_term_string}\"},\"query-input\":{\"@type\":\"PropertyValueSpecification\",\"valueRequired\":true,\"valueName\":\"search_term_string\"}}],\"inLanguage\":\"en-US\"},{\"@type\":\"Organization\",\"@id\":\"https:\/\/lavanno.com\/en\/#organization\",\"name\":\"Lavanno - Pesuvahendite ekspert\",\"url\":\"https:\/\/lavanno.com\/en\/\",\"logo\":{\"@type\":\"ImageObject\",\"inLanguage\":\"en-US\",\"@id\":\"https:\/\/lavanno.com\/en\/#\/schema\/logo\/image\/\",\"url\":\"https:\/\/lavanno.com\/wp-content\/uploads\/2025\/07\/Lavanno.png\",\"contentUrl\":\"https:\/\/lavanno.com\/wp-content\/uploads\/2025\/07\/Lavanno.png\",\"width\":1200,\"height\":1200,\"caption\":\"Lavanno - Pesuvahendite ekspert\"},\"image\":{\"@id\":\"https:\/\/lavanno.com\/en\/#\/schema\/logo\/image\/\"},\"sameAs\":[\"https:\/\/www.facebook.com\/Lavanno.ee\"]}]}<\/script>\n<!-- \/ Yoast SEO plugin. -->","yoast_head_json":{"title":"Perfect Enzima 10 kg. Pesupulber ens\u00fc\u00fcmidega - Lavanno - pesuvahendite ekspert","description":"Perfect Enzima ens\u00fcmaatiline pesupulber professionaalseks kasutuseks \u2013 eemaldab t\u00f5husalt proteiiniplekid ja sobib tugevalt m\u00e4\u00e4rdunud tekstiilidele.","robots":{"index":"index","follow":"follow","max-snippet":"max-snippet:-1","max-image-preview":"max-image-preview:large","max-video-preview":"max-video-preview:-1"},"canonical":"https:\/\/lavanno.com\/en\/toode\/perfect-enzima-10-kg-pesupulber-ensuumidega\/","og_locale":"en_US","og_type":"article","og_title":"Perfect Enzima 10 kg. Pesupulber ens\u00fc\u00fcmidega - Lavanno - pesuvahendite ekspert","og_description":"Perfect Enzima ens\u00fcmaatiline pesupulber professionaalseks kasutuseks \u2013 eemaldab t\u00f5husalt proteiiniplekid ja sobib tugevalt m\u00e4\u00e4rdunud tekstiilidele.","og_url":"https:\/\/lavanno.com\/en\/toode\/perfect-enzima-10-kg-pesupulber-ensuumidega\/","og_site_name":"Lavanno - pesuvahendite ekspert","article_publisher":"https:\/\/www.facebook.com\/Lavanno.ee","article_modified_time":"2026-05-02T11:40:01+00:00","og_image":[{"width":800,"height":800,"url":"https:\/\/lavanno.com\/wp-content\/uploads\/2025\/11\/a36-005perfectenzima_groupage-1.png","type":"image\/png"}],"twitter_card":"summary_large_image","twitter_misc":{"Est. reading time":"1 minute"},"schema":{"@context":"https:\/\/schema.org","@graph":[{"@type":"WebPage","@id":"https:\/\/lavanno.com\/en\/toode\/perfect-enzima-10-kg-pesupulber-ensuumidega\/","url":"https:\/\/lavanno.com\/en\/toode\/perfect-enzima-10-kg-pesupulber-ensuumidega\/","name":"Perfect Enzima 10 kg. Pesupulber ens\u00fc\u00fcmidega - Lavanno - pesuvahendite ekspert","isPartOf":{"@id":"https:\/\/lavanno.com\/en\/#website"},"primaryImageOfPage":{"@id":"https:\/\/lavanno.com\/en\/toode\/perfect-enzima-10-kg-pesupulber-ensuumidega\/#primaryimage"},"image":{"@id":"https:\/\/lavanno.com\/en\/toode\/perfect-enzima-10-kg-pesupulber-ensuumidega\/#primaryimage"},"thumbnailUrl":"https:\/\/lavanno.com\/wp-content\/uploads\/2025\/11\/a36-005perfectenzima_groupage-1.png","datePublished":"2025-10-22T12:55:01+00:00","dateModified":"2026-05-02T11:40:01+00:00","description":"Perfect Enzima ens\u00fcmaatiline pesupulber professionaalseks kasutuseks \u2013 eemaldab t\u00f5husalt proteiiniplekid ja sobib tugevalt m\u00e4\u00e4rdunud tekstiilidele.","breadcrumb":{"@id":"https:\/\/lavanno.com\/en\/toode\/perfect-enzima-10-kg-pesupulber-ensuumidega\/#breadcrumb"},"inLanguage":"en-US","potentialAction":[{"@type":"ReadAction","target":["https:\/\/lavanno.com\/en\/toode\/perfect-enzima-10-kg-pesupulber-ensuumidega\/"]}]},{"@type":"ImageObject","inLanguage":"en-US","@id":"https:\/\/lavanno.com\/en\/toode\/perfect-enzima-10-kg-pesupulber-ensuumidega\/#primaryimage","url":"https:\/\/lavanno.com\/wp-content\/uploads\/2025\/11\/a36-005perfectenzima_groupage-1.png","contentUrl":"https:\/\/lavanno.com\/wp-content\/uploads\/2025\/11\/a36-005perfectenzima_groupage-1.png","width":800,"height":800},{"@type":"BreadcrumbList","@id":"https:\/\/lavanno.com\/en\/toode\/perfect-enzima-10-kg-pesupulber-ensuumidega\/#breadcrumb","itemListElement":[{"@type":"ListItem","position":1,"name":"Home","item":"https:\/\/lavanno.com\/en\/"},{"@type":"ListItem","position":2,"name":"E-pood","item":"https:\/\/lavanno.com\/e-pood\/"},{"@type":"ListItem","position":3,"name":"Perfect Enzima 10 kg. Pesupulber ens\u00fc\u00fcmidega"}]},{"@type":"WebSite","@id":"https:\/\/lavanno.com\/en\/#website","url":"https:\/\/lavanno.com\/en\/","name":"Lavanno - Pesuvahendite ekspert","description":"Toome maale ja m\u00fc\u00fcme tekstiili pesuvahendeid, pesumajaseadmeid ja tarvikuid. Hooldame ja konsulteerime.","publisher":{"@id":"https:\/\/lavanno.com\/en\/#organization"},"potentialAction":[{"@type":"SearchAction","target":{"@type":"EntryPoint","urlTemplate":"https:\/\/lavanno.com\/en\/?s={search_term_string}"},"query-input":{"@type":"PropertyValueSpecification","valueRequired":true,"valueName":"search_term_string"}}],"inLanguage":"en-US"},{"@type":"Organization","@id":"https:\/\/lavanno.com\/en\/#organization","name":"Lavanno - Pesuvahendite ekspert","url":"https:\/\/lavanno.com\/en\/","logo":{"@type":"ImageObject","inLanguage":"en-US","@id":"https:\/\/lavanno.com\/en\/#\/schema\/logo\/image\/","url":"https:\/\/lavanno.com\/wp-content\/uploads\/2025\/07\/Lavanno.png","contentUrl":"https:\/\/lavanno.com\/wp-content\/uploads\/2025\/07\/Lavanno.png","width":1200,"height":1200,"caption":"Lavanno - Pesuvahendite ekspert"},"image":{"@id":"https:\/\/lavanno.com\/en\/#\/schema\/logo\/image\/"},"sameAs":["https:\/\/www.facebook.com\/Lavanno.ee"]}]}},"_links":{"self":[{"href":"https:\/\/lavanno.com\/en\/wp-json\/wp\/v2\/product\/12051","targetHints":{"allow":["GET"]}}],"collection":[{"href":"https:\/\/lavanno.com\/en\/wp-json\/wp\/v2\/product"}],"about":[{"href":"https:\/\/lavanno.com\/en\/wp-json\/wp\/v2\/types\/product"}],"replies":[{"embeddable":true,"href":"https:\/\/lavanno.com\/en\/wp-json\/wp\/v2\/comments?post=12051"}],"wp:featuredmedia":[{"embeddable":true,"href":"https:\/\/lavanno.com\/en\/wp-json\/wp\/v2\/media\/12534"}],"wp:attachment":[{"href":"https:\/\/lavanno.com\/en\/wp-json\/wp\/v2\/media?parent=12051"}],"wp:term":[{"taxonomy":"product_brand","embeddable":true,"href":"https:\/\/lavanno.com\/en\/wp-json\/wp\/v2\/product_brand?post=12051"},{"taxonomy":"product_cat","embeddable":true,"href":"https:\/\/lavanno.com\/en\/wp-json\/wp\/v2\/product_cat?post=12051"},{"taxonomy":"product_tag","embeddable":true,"href":"https:\/\/lavanno.com\/en\/wp-json\/wp\/v2\/product_tag?post=12051"}],"curies":[{"name":"wp","href":"https:\/\/api.w.org\/{rel}","templated":true}]}}