{"id":12056,"date":"2025-10-22T16:00:01","date_gmt":"2025-10-22T13:00:01","guid":{"rendered":"https:\/\/lavanno.com\/toode\/tintosoft-20-kg-pesuloputusvahend\/"},"modified":"2026-05-02T14:40:01","modified_gmt":"2026-05-02T11:40:01","slug":"tintosoft-20-kg-pesuloputusvahend","status":"publish","type":"product","link":"https:\/\/lavanno.com\/en\/toode\/tintosoft-20-kg-pesuloputusvahend\/","title":{"rendered":"Tintosoft 20 kg. Pesuloputusvahend"},"content":{"rendered":"<p><strong>Spetsifikatsioon<\/strong><\/p>\n<p><strong>Koostisosad<\/strong><\/p>\n<p>Vesi, dih\u00fcdrogeenitud tali h\u00fcdroks\u00fcet\u00fc\u00fclmonium metosulfaat, isoprop\u00fc\u00fclalkohol, parf\u00fc\u00fcm, 4-tert-but\u00fc\u00fclts\u00fckloheks\u00fc\u00fclatsetaat, nop\u00fc\u00fclatsetaat, dimetikoon, heksamet\u00fc\u00fclindanop\u00fcraan, verd\u00fc\u00fclatsetaat, alfa-terpineool, tsitronellool, heks\u00fc\u00fcltsinnamaal, but\u00fc\u00fclfen\u00fc\u00fclmet\u00fc\u00fclpropionaal, steareth-21.<\/p>\n<p><strong>Funktsioon<\/strong><\/p>\n<p>L\u00f5hnastatud pesuloputusvahend<\/p>\n<p><a href=\"https:\/\/lavanno.com\/wp-content\/uploads\/2025\/10\/A45-000NTintolav_-_TintosoftRel1ETSDS.pdf\" target=\"_blank\" rel=\"noopener\">Ohutuskaart<\/a><\/p>\n","protected":false},"excerpt":{"rendered":"<p>Tintosoft on professionaalne pesuloputusvahend, mis sobib k\u00f5ikide r\u00f5ivat\u00fc\u00fcpide hooldamiseks. Selle spetsiaalne koostis aitab pehmendada kangakiude ning taastada nende loomuliku elastsuse, muutes r\u00f5ivad mugavamaks ja meeldivamaks kanda.<\/p>\n<p>Toode annab tekstiilidele v\u00e4rske ja elegantse lootoselille aroomi, mis p\u00fcsib pesul kaua. Samuti v\u00e4hendab see staatilist elektrit ja aitab s\u00e4ilitada r\u00f5ivaste kuju ning kvaliteeti.<\/p>\n<p>Tintosoft sobib kasutamiseks nii pesumajades kui ka muudes professionaalsetes tekstiilihoolduse keskkondades.<\/p>\n<ul>\n<li>Pehmendab ja taastab kangakiude.<\/li>\n<li>Suur antistaatiline toime.<\/li>\n<li>Meeldiv lootos\u00f5ie l\u00f5hn.<\/li>\n<\/ul>\n","protected":false},"featured_media":12448,"comment_status":"open","ping_status":"closed","template":"","meta":[],"product_brand":[],"product_cat":[506,525,550],"product_tag":[834,835,837,839],"class_list":{"0":"post-12056","1":"product","2":"type-product","3":"status-publish","4":"has-post-thumbnail","6":"product_cat-ariklient","7":"product_cat-vesipesuvahendid","8":"product_cat-pesuloputusvahendid-ja-pehmendajad","9":"product_tag-horeca","10":"product_tag-pesumajad","11":"product_tag-puhastusteenindus","12":"product_tag-tervishoid","14":"first","15":"instock","16":"taxable","17":"shipping-taxable","18":"purchasable","19":"product-type-simple"},"yoast_head":"<!-- This site is optimized with the Yoast SEO plugin v27.0 - https:\/\/yoast.com\/product\/yoast-seo-wordpress\/ -->\n<title>Tintosoft 20 kg. Pesuloputusvahend - Lavanno - pesuvahendite ekspert<\/title>\n<meta name=\"description\" content=\"Tintosoft pesuloputusvahend muudab r\u00f5ivad pehmeks, v\u00e4hendab staatilist elektrit ja j\u00e4tab pesule meeldiva lootosel\u00f5hna. Sobib k\u00f5ikidele kangastele.\" \/>\n<meta name=\"robots\" content=\"index, follow, max-snippet:-1, max-image-preview:large, max-video-preview:-1\" \/>\n<link rel=\"canonical\" href=\"https:\/\/lavanno.com\/en\/toode\/tintosoft-20-kg-pesuloputusvahend\/\" \/>\n<meta property=\"og:locale\" content=\"en_US\" \/>\n<meta property=\"og:type\" content=\"article\" \/>\n<meta property=\"og:title\" content=\"Tintosoft 20 kg. Pesuloputusvahend - Lavanno - pesuvahendite ekspert\" \/>\n<meta property=\"og:description\" content=\"Tintosoft pesuloputusvahend muudab r\u00f5ivad pehmeks, v\u00e4hendab staatilist elektrit ja j\u00e4tab pesule meeldiva lootosel\u00f5hna. Sobib k\u00f5ikidele kangastele.\" \/>\n<meta property=\"og:url\" content=\"https:\/\/lavanno.com\/en\/toode\/tintosoft-20-kg-pesuloputusvahend\/\" \/>\n<meta property=\"og:site_name\" content=\"Lavanno - pesuvahendite ekspert\" \/>\n<meta property=\"article:publisher\" content=\"https:\/\/www.facebook.com\/Lavanno.ee\" \/>\n<meta property=\"article:modified_time\" content=\"2026-05-02T11:40:01+00:00\" \/>\n<meta property=\"og:image\" content=\"https:\/\/lavanno.com\/wp-content\/uploads\/2025\/11\/a45-000ntintosoft_20kg-1.png\" \/>\n\t<meta property=\"og:image:width\" content=\"800\" \/>\n\t<meta property=\"og:image:height\" content=\"800\" \/>\n\t<meta property=\"og:image:type\" content=\"image\/png\" \/>\n<meta name=\"twitter:card\" content=\"summary_large_image\" \/>\n<meta name=\"twitter:label1\" content=\"Est. reading time\" \/>\n\t<meta name=\"twitter:data1\" content=\"1 minute\" \/>\n<script type=\"application\/ld+json\" class=\"yoast-schema-graph\">{\"@context\":\"https:\/\/schema.org\",\"@graph\":[{\"@type\":\"WebPage\",\"@id\":\"https:\/\/lavanno.com\/en\/toode\/tintosoft-20-kg-pesuloputusvahend\/\",\"url\":\"https:\/\/lavanno.com\/en\/toode\/tintosoft-20-kg-pesuloputusvahend\/\",\"name\":\"Tintosoft 20 kg. Pesuloputusvahend - Lavanno - pesuvahendite ekspert\",\"isPartOf\":{\"@id\":\"https:\/\/lavanno.com\/en\/#website\"},\"primaryImageOfPage\":{\"@id\":\"https:\/\/lavanno.com\/en\/toode\/tintosoft-20-kg-pesuloputusvahend\/#primaryimage\"},\"image\":{\"@id\":\"https:\/\/lavanno.com\/en\/toode\/tintosoft-20-kg-pesuloputusvahend\/#primaryimage\"},\"thumbnailUrl\":\"https:\/\/lavanno.com\/wp-content\/uploads\/2025\/11\/a45-000ntintosoft_20kg-1.png\",\"datePublished\":\"2025-10-22T13:00:01+00:00\",\"dateModified\":\"2026-05-02T11:40:01+00:00\",\"description\":\"Tintosoft pesuloputusvahend muudab r\u00f5ivad pehmeks, v\u00e4hendab staatilist elektrit ja j\u00e4tab pesule meeldiva lootosel\u00f5hna. Sobib k\u00f5ikidele kangastele.\",\"breadcrumb\":{\"@id\":\"https:\/\/lavanno.com\/en\/toode\/tintosoft-20-kg-pesuloputusvahend\/#breadcrumb\"},\"inLanguage\":\"en-US\",\"potentialAction\":[{\"@type\":\"ReadAction\",\"target\":[\"https:\/\/lavanno.com\/en\/toode\/tintosoft-20-kg-pesuloputusvahend\/\"]}]},{\"@type\":\"ImageObject\",\"inLanguage\":\"en-US\",\"@id\":\"https:\/\/lavanno.com\/en\/toode\/tintosoft-20-kg-pesuloputusvahend\/#primaryimage\",\"url\":\"https:\/\/lavanno.com\/wp-content\/uploads\/2025\/11\/a45-000ntintosoft_20kg-1.png\",\"contentUrl\":\"https:\/\/lavanno.com\/wp-content\/uploads\/2025\/11\/a45-000ntintosoft_20kg-1.png\",\"width\":800,\"height\":800},{\"@type\":\"BreadcrumbList\",\"@id\":\"https:\/\/lavanno.com\/en\/toode\/tintosoft-20-kg-pesuloputusvahend\/#breadcrumb\",\"itemListElement\":[{\"@type\":\"ListItem\",\"position\":1,\"name\":\"Home\",\"item\":\"https:\/\/lavanno.com\/en\/\"},{\"@type\":\"ListItem\",\"position\":2,\"name\":\"E-pood\",\"item\":\"https:\/\/lavanno.com\/e-pood\/\"},{\"@type\":\"ListItem\",\"position\":3,\"name\":\"Tintosoft 20 kg. Pesuloputusvahend\"}]},{\"@type\":\"WebSite\",\"@id\":\"https:\/\/lavanno.com\/en\/#website\",\"url\":\"https:\/\/lavanno.com\/en\/\",\"name\":\"Lavanno - Pesuvahendite ekspert\",\"description\":\"Toome maale ja m\u00fc\u00fcme tekstiili pesuvahendeid, pesumajaseadmeid ja tarvikuid. Hooldame ja konsulteerime.\",\"publisher\":{\"@id\":\"https:\/\/lavanno.com\/en\/#organization\"},\"potentialAction\":[{\"@type\":\"SearchAction\",\"target\":{\"@type\":\"EntryPoint\",\"urlTemplate\":\"https:\/\/lavanno.com\/en\/?s={search_term_string}\"},\"query-input\":{\"@type\":\"PropertyValueSpecification\",\"valueRequired\":true,\"valueName\":\"search_term_string\"}}],\"inLanguage\":\"en-US\"},{\"@type\":\"Organization\",\"@id\":\"https:\/\/lavanno.com\/en\/#organization\",\"name\":\"Lavanno - Pesuvahendite ekspert\",\"url\":\"https:\/\/lavanno.com\/en\/\",\"logo\":{\"@type\":\"ImageObject\",\"inLanguage\":\"en-US\",\"@id\":\"https:\/\/lavanno.com\/en\/#\/schema\/logo\/image\/\",\"url\":\"https:\/\/lavanno.com\/wp-content\/uploads\/2025\/07\/Lavanno.png\",\"contentUrl\":\"https:\/\/lavanno.com\/wp-content\/uploads\/2025\/07\/Lavanno.png\",\"width\":1200,\"height\":1200,\"caption\":\"Lavanno - Pesuvahendite ekspert\"},\"image\":{\"@id\":\"https:\/\/lavanno.com\/en\/#\/schema\/logo\/image\/\"},\"sameAs\":[\"https:\/\/www.facebook.com\/Lavanno.ee\"]}]}<\/script>\n<!-- \/ Yoast SEO plugin. -->","yoast_head_json":{"title":"Tintosoft 20 kg. Pesuloputusvahend - Lavanno - pesuvahendite ekspert","description":"Tintosoft pesuloputusvahend muudab r\u00f5ivad pehmeks, v\u00e4hendab staatilist elektrit ja j\u00e4tab pesule meeldiva lootosel\u00f5hna. Sobib k\u00f5ikidele kangastele.","robots":{"index":"index","follow":"follow","max-snippet":"max-snippet:-1","max-image-preview":"max-image-preview:large","max-video-preview":"max-video-preview:-1"},"canonical":"https:\/\/lavanno.com\/en\/toode\/tintosoft-20-kg-pesuloputusvahend\/","og_locale":"en_US","og_type":"article","og_title":"Tintosoft 20 kg. Pesuloputusvahend - Lavanno - pesuvahendite ekspert","og_description":"Tintosoft pesuloputusvahend muudab r\u00f5ivad pehmeks, v\u00e4hendab staatilist elektrit ja j\u00e4tab pesule meeldiva lootosel\u00f5hna. Sobib k\u00f5ikidele kangastele.","og_url":"https:\/\/lavanno.com\/en\/toode\/tintosoft-20-kg-pesuloputusvahend\/","og_site_name":"Lavanno - pesuvahendite ekspert","article_publisher":"https:\/\/www.facebook.com\/Lavanno.ee","article_modified_time":"2026-05-02T11:40:01+00:00","og_image":[{"width":800,"height":800,"url":"https:\/\/lavanno.com\/wp-content\/uploads\/2025\/11\/a45-000ntintosoft_20kg-1.png","type":"image\/png"}],"twitter_card":"summary_large_image","twitter_misc":{"Est. reading time":"1 minute"},"schema":{"@context":"https:\/\/schema.org","@graph":[{"@type":"WebPage","@id":"https:\/\/lavanno.com\/en\/toode\/tintosoft-20-kg-pesuloputusvahend\/","url":"https:\/\/lavanno.com\/en\/toode\/tintosoft-20-kg-pesuloputusvahend\/","name":"Tintosoft 20 kg. Pesuloputusvahend - Lavanno - pesuvahendite ekspert","isPartOf":{"@id":"https:\/\/lavanno.com\/en\/#website"},"primaryImageOfPage":{"@id":"https:\/\/lavanno.com\/en\/toode\/tintosoft-20-kg-pesuloputusvahend\/#primaryimage"},"image":{"@id":"https:\/\/lavanno.com\/en\/toode\/tintosoft-20-kg-pesuloputusvahend\/#primaryimage"},"thumbnailUrl":"https:\/\/lavanno.com\/wp-content\/uploads\/2025\/11\/a45-000ntintosoft_20kg-1.png","datePublished":"2025-10-22T13:00:01+00:00","dateModified":"2026-05-02T11:40:01+00:00","description":"Tintosoft pesuloputusvahend muudab r\u00f5ivad pehmeks, v\u00e4hendab staatilist elektrit ja j\u00e4tab pesule meeldiva lootosel\u00f5hna. Sobib k\u00f5ikidele kangastele.","breadcrumb":{"@id":"https:\/\/lavanno.com\/en\/toode\/tintosoft-20-kg-pesuloputusvahend\/#breadcrumb"},"inLanguage":"en-US","potentialAction":[{"@type":"ReadAction","target":["https:\/\/lavanno.com\/en\/toode\/tintosoft-20-kg-pesuloputusvahend\/"]}]},{"@type":"ImageObject","inLanguage":"en-US","@id":"https:\/\/lavanno.com\/en\/toode\/tintosoft-20-kg-pesuloputusvahend\/#primaryimage","url":"https:\/\/lavanno.com\/wp-content\/uploads\/2025\/11\/a45-000ntintosoft_20kg-1.png","contentUrl":"https:\/\/lavanno.com\/wp-content\/uploads\/2025\/11\/a45-000ntintosoft_20kg-1.png","width":800,"height":800},{"@type":"BreadcrumbList","@id":"https:\/\/lavanno.com\/en\/toode\/tintosoft-20-kg-pesuloputusvahend\/#breadcrumb","itemListElement":[{"@type":"ListItem","position":1,"name":"Home","item":"https:\/\/lavanno.com\/en\/"},{"@type":"ListItem","position":2,"name":"E-pood","item":"https:\/\/lavanno.com\/e-pood\/"},{"@type":"ListItem","position":3,"name":"Tintosoft 20 kg. Pesuloputusvahend"}]},{"@type":"WebSite","@id":"https:\/\/lavanno.com\/en\/#website","url":"https:\/\/lavanno.com\/en\/","name":"Lavanno - Pesuvahendite ekspert","description":"Toome maale ja m\u00fc\u00fcme tekstiili pesuvahendeid, pesumajaseadmeid ja tarvikuid. Hooldame ja konsulteerime.","publisher":{"@id":"https:\/\/lavanno.com\/en\/#organization"},"potentialAction":[{"@type":"SearchAction","target":{"@type":"EntryPoint","urlTemplate":"https:\/\/lavanno.com\/en\/?s={search_term_string}"},"query-input":{"@type":"PropertyValueSpecification","valueRequired":true,"valueName":"search_term_string"}}],"inLanguage":"en-US"},{"@type":"Organization","@id":"https:\/\/lavanno.com\/en\/#organization","name":"Lavanno - Pesuvahendite ekspert","url":"https:\/\/lavanno.com\/en\/","logo":{"@type":"ImageObject","inLanguage":"en-US","@id":"https:\/\/lavanno.com\/en\/#\/schema\/logo\/image\/","url":"https:\/\/lavanno.com\/wp-content\/uploads\/2025\/07\/Lavanno.png","contentUrl":"https:\/\/lavanno.com\/wp-content\/uploads\/2025\/07\/Lavanno.png","width":1200,"height":1200,"caption":"Lavanno - Pesuvahendite ekspert"},"image":{"@id":"https:\/\/lavanno.com\/en\/#\/schema\/logo\/image\/"},"sameAs":["https:\/\/www.facebook.com\/Lavanno.ee"]}]}},"_links":{"self":[{"href":"https:\/\/lavanno.com\/en\/wp-json\/wp\/v2\/product\/12056","targetHints":{"allow":["GET"]}}],"collection":[{"href":"https:\/\/lavanno.com\/en\/wp-json\/wp\/v2\/product"}],"about":[{"href":"https:\/\/lavanno.com\/en\/wp-json\/wp\/v2\/types\/product"}],"replies":[{"embeddable":true,"href":"https:\/\/lavanno.com\/en\/wp-json\/wp\/v2\/comments?post=12056"}],"wp:featuredmedia":[{"embeddable":true,"href":"https:\/\/lavanno.com\/en\/wp-json\/wp\/v2\/media\/12448"}],"wp:attachment":[{"href":"https:\/\/lavanno.com\/en\/wp-json\/wp\/v2\/media?parent=12056"}],"wp:term":[{"taxonomy":"product_brand","embeddable":true,"href":"https:\/\/lavanno.com\/en\/wp-json\/wp\/v2\/product_brand?post=12056"},{"taxonomy":"product_cat","embeddable":true,"href":"https:\/\/lavanno.com\/en\/wp-json\/wp\/v2\/product_cat?post=12056"},{"taxonomy":"product_tag","embeddable":true,"href":"https:\/\/lavanno.com\/en\/wp-json\/wp\/v2\/product_tag?post=12056"}],"curies":[{"name":"wp","href":"https:\/\/api.w.org\/{rel}","templated":true}]}}