{"id":12064,"date":"2025-10-22T16:05:01","date_gmt":"2025-10-22T13:05:01","guid":{"rendered":"https:\/\/lavanno.com\/toode\/deomatic-white-musk-250-ml\/"},"modified":"2026-05-02T14:40:01","modified_gmt":"2026-05-02T11:40:01","slug":"deomatic-white-musk-250-ml","status":"publish","type":"product","link":"https:\/\/lavanno.com\/en\/toode\/deomatic-white-musk-250-ml\/","title":{"rendered":"Deomatic White Musk 250 ml"},"content":{"rendered":"<p><a href=\"https:\/\/lavanno.com\/wp-content\/uploads\/2021\/05\/A75-005Hygienfresh_DeoMatic_Spray_Muschio_BiancoRel1ENSDS.pdf\">Safety Data Sheet<\/a><\/br><a href=\"https:\/\/lavanno.com\/wp-content\/uploads\/2021\/05\/A75-005DeoMatic_MuschioRel1ENTEC.pdf\">Technical Data Sheet<\/a><\/p>\n","protected":false},"excerpt":{"rendered":"<p>\u00d5huv\u00e4rskendussprei, millel on valge muskuse l\u00f5hn ning mis kasutab innovatiivset OdorBlok tehnoloogiat.<br \/>Kasutatakse DeoMatic patareitoitega automaatse difuuseri t\u00e4itmiseks: t\u00e4nu reguleeritava intervalliga dosaatorile p\u00fcsivad k\u00f5ik ruumid alati v\u00e4rsked, l\u00f5hnastatud ja ebameeldiva l\u00f5hnata.<\/p>\n<p><\/p>\n<ul><\/p>\n<li>See k\u00f5rvaldab ebameeldivad l\u00f5hnad t\u00e4nu OdorBlok tehnoloogiale.<\/li>\n<p><\/p>\n<li>Intensiivne ja kauakestev l\u00f5hn.<\/li>\n<p><\/p>\n<li>Ei ole kasutatud loomkatseid.<\/li>\n<p>\n <\/ul>\n<p><\/p>\n<p>*<span id=\":20x.co\" class=\"tL8wMe\" dir=\"ltr\" style=\"text-align:\">T\u00e4itepakendid ja difuuserid on m\u00fc\u00fcgil eraldi.<\/span><\/p>\n<p><\/p>\n<p><span class=\"tL8wMe\" dir=\"ltr\" style=\"text-align:\">Seotud tooted: <a href=\"en\/products\/accessories-equipment\/other-items\/product\/2782-automatic-dispencer-deomatic.html\">Automaatne difuuser &#8211; DeoMatic<\/a><\/span><\/p>\n","protected":false},"featured_media":12598,"comment_status":"open","ping_status":"closed","template":"","meta":[],"product_brand":[],"product_cat":[15],"product_tag":[],"class_list":{"0":"post-12064","1":"product","2":"type-product","3":"status-publish","4":"has-post-thumbnail","6":"product_cat-uncategorized","8":"first","9":"instock","10":"taxable","11":"shipping-taxable","12":"purchasable","13":"product-type-simple"},"yoast_head":"<!-- This site is optimized with the Yoast SEO plugin v27.0 - https:\/\/yoast.com\/product\/yoast-seo-wordpress\/ -->\n<title>Deomatic White Musk 250 ml - Lavanno - pesuvahendite ekspert<\/title>\n<meta name=\"robots\" content=\"index, follow, max-snippet:-1, max-image-preview:large, max-video-preview:-1\" \/>\n<link rel=\"canonical\" href=\"https:\/\/lavanno.com\/en\/toode\/deomatic-white-musk-250-ml\/\" \/>\n<meta property=\"og:locale\" content=\"en_US\" \/>\n<meta property=\"og:type\" content=\"article\" \/>\n<meta property=\"og:title\" content=\"Deomatic White Musk 250 ml - Lavanno - pesuvahendite ekspert\" \/>\n<meta property=\"og:description\" content=\"\u00d5huv\u00e4rskendussprei, millel on valge muskuse l\u00f5hn ning mis kasutab innovatiivset OdorBlok tehnoloogiat.Kasutatakse DeoMatic patareitoitega automaatse difuuseri t\u00e4itmiseks: t\u00e4nu reguleeritava intervalliga dosaatorile p\u00fcsivad k\u00f5ik ruumid alati v\u00e4rsked, l\u00f5hnastatud ja ebameeldiva l\u00f5hnata.  See k\u00f5rvaldab ebameeldivad l\u00f5hnad t\u00e4nu OdorBlok tehnoloogiale. Intensiivne ja kauakestev l\u00f5hn. Ei ole kasutatud loomkatseid.  *T\u00e4itepakendid ja difuuserid on m\u00fc\u00fcgil eraldi. Seotud tooted: Automaatne difuuser - DeoMatic\" \/>\n<meta property=\"og:url\" content=\"https:\/\/lavanno.com\/en\/toode\/deomatic-white-musk-250-ml\/\" \/>\n<meta property=\"og:site_name\" content=\"Lavanno - pesuvahendite ekspert\" \/>\n<meta property=\"article:publisher\" content=\"https:\/\/www.facebook.com\/Lavanno.ee\" \/>\n<meta property=\"article:modified_time\" content=\"2026-05-02T11:40:01+00:00\" \/>\n<meta name=\"twitter:card\" content=\"summary_large_image\" \/>\n<script type=\"application\/ld+json\" class=\"yoast-schema-graph\">{\"@context\":\"https:\/\/schema.org\",\"@graph\":[{\"@type\":\"WebPage\",\"@id\":\"https:\/\/lavanno.com\/en\/toode\/deomatic-white-musk-250-ml\/\",\"url\":\"https:\/\/lavanno.com\/en\/toode\/deomatic-white-musk-250-ml\/\",\"name\":\"Deomatic White Musk 250 ml - Lavanno - pesuvahendite ekspert\",\"isPartOf\":{\"@id\":\"https:\/\/lavanno.com\/en\/#website\"},\"primaryImageOfPage\":{\"@id\":\"https:\/\/lavanno.com\/en\/toode\/deomatic-white-musk-250-ml\/#primaryimage\"},\"image\":{\"@id\":\"https:\/\/lavanno.com\/en\/toode\/deomatic-white-musk-250-ml\/#primaryimage\"},\"thumbnailUrl\":\"https:\/\/lavanno.com\/wp-content\/uploads\/2025\/11\/a75-005dcdeomatic_muschiobianco_diff-1.png\",\"datePublished\":\"2025-10-22T13:05:01+00:00\",\"dateModified\":\"2026-05-02T11:40:01+00:00\",\"breadcrumb\":{\"@id\":\"https:\/\/lavanno.com\/en\/toode\/deomatic-white-musk-250-ml\/#breadcrumb\"},\"inLanguage\":\"en-US\",\"potentialAction\":[{\"@type\":\"ReadAction\",\"target\":[\"https:\/\/lavanno.com\/en\/toode\/deomatic-white-musk-250-ml\/\"]}]},{\"@type\":\"ImageObject\",\"inLanguage\":\"en-US\",\"@id\":\"https:\/\/lavanno.com\/en\/toode\/deomatic-white-musk-250-ml\/#primaryimage\",\"url\":\"https:\/\/lavanno.com\/wp-content\/uploads\/2025\/11\/a75-005dcdeomatic_muschiobianco_diff-1.png\",\"contentUrl\":\"https:\/\/lavanno.com\/wp-content\/uploads\/2025\/11\/a75-005dcdeomatic_muschiobianco_diff-1.png\",\"width\":800,\"height\":800},{\"@type\":\"BreadcrumbList\",\"@id\":\"https:\/\/lavanno.com\/en\/toode\/deomatic-white-musk-250-ml\/#breadcrumb\",\"itemListElement\":[{\"@type\":\"ListItem\",\"position\":1,\"name\":\"Home\",\"item\":\"https:\/\/lavanno.com\/en\/\"},{\"@type\":\"ListItem\",\"position\":2,\"name\":\"E-pood\",\"item\":\"https:\/\/lavanno.com\/e-pood\/\"},{\"@type\":\"ListItem\",\"position\":3,\"name\":\"Deomatic White Musk 250 ml\"}]},{\"@type\":\"WebSite\",\"@id\":\"https:\/\/lavanno.com\/en\/#website\",\"url\":\"https:\/\/lavanno.com\/en\/\",\"name\":\"Lavanno - Pesuvahendite ekspert\",\"description\":\"Toome maale ja m\u00fc\u00fcme tekstiili pesuvahendeid, pesumajaseadmeid ja tarvikuid. Hooldame ja konsulteerime.\",\"publisher\":{\"@id\":\"https:\/\/lavanno.com\/en\/#organization\"},\"potentialAction\":[{\"@type\":\"SearchAction\",\"target\":{\"@type\":\"EntryPoint\",\"urlTemplate\":\"https:\/\/lavanno.com\/en\/?s={search_term_string}\"},\"query-input\":{\"@type\":\"PropertyValueSpecification\",\"valueRequired\":true,\"valueName\":\"search_term_string\"}}],\"inLanguage\":\"en-US\"},{\"@type\":\"Organization\",\"@id\":\"https:\/\/lavanno.com\/en\/#organization\",\"name\":\"Lavanno - Pesuvahendite ekspert\",\"url\":\"https:\/\/lavanno.com\/en\/\",\"logo\":{\"@type\":\"ImageObject\",\"inLanguage\":\"en-US\",\"@id\":\"https:\/\/lavanno.com\/en\/#\/schema\/logo\/image\/\",\"url\":\"https:\/\/lavanno.com\/wp-content\/uploads\/2025\/07\/Lavanno.png\",\"contentUrl\":\"https:\/\/lavanno.com\/wp-content\/uploads\/2025\/07\/Lavanno.png\",\"width\":1200,\"height\":1200,\"caption\":\"Lavanno - Pesuvahendite ekspert\"},\"image\":{\"@id\":\"https:\/\/lavanno.com\/en\/#\/schema\/logo\/image\/\"},\"sameAs\":[\"https:\/\/www.facebook.com\/Lavanno.ee\"]}]}<\/script>\n<!-- \/ Yoast SEO plugin. -->","yoast_head_json":{"title":"Deomatic White Musk 250 ml - Lavanno - pesuvahendite ekspert","robots":{"index":"index","follow":"follow","max-snippet":"max-snippet:-1","max-image-preview":"max-image-preview:large","max-video-preview":"max-video-preview:-1"},"canonical":"https:\/\/lavanno.com\/en\/toode\/deomatic-white-musk-250-ml\/","og_locale":"en_US","og_type":"article","og_title":"Deomatic White Musk 250 ml - Lavanno - pesuvahendite ekspert","og_description":"\u00d5huv\u00e4rskendussprei, millel on valge muskuse l\u00f5hn ning mis kasutab innovatiivset OdorBlok tehnoloogiat.Kasutatakse DeoMatic patareitoitega automaatse difuuseri t\u00e4itmiseks: t\u00e4nu reguleeritava intervalliga dosaatorile p\u00fcsivad k\u00f5ik ruumid alati v\u00e4rsked, l\u00f5hnastatud ja ebameeldiva l\u00f5hnata.  See k\u00f5rvaldab ebameeldivad l\u00f5hnad t\u00e4nu OdorBlok tehnoloogiale. Intensiivne ja kauakestev l\u00f5hn. Ei ole kasutatud loomkatseid.  *T\u00e4itepakendid ja difuuserid on m\u00fc\u00fcgil eraldi. Seotud tooted: Automaatne difuuser - DeoMatic","og_url":"https:\/\/lavanno.com\/en\/toode\/deomatic-white-musk-250-ml\/","og_site_name":"Lavanno - pesuvahendite ekspert","article_publisher":"https:\/\/www.facebook.com\/Lavanno.ee","article_modified_time":"2026-05-02T11:40:01+00:00","twitter_card":"summary_large_image","schema":{"@context":"https:\/\/schema.org","@graph":[{"@type":"WebPage","@id":"https:\/\/lavanno.com\/en\/toode\/deomatic-white-musk-250-ml\/","url":"https:\/\/lavanno.com\/en\/toode\/deomatic-white-musk-250-ml\/","name":"Deomatic White Musk 250 ml - Lavanno - pesuvahendite ekspert","isPartOf":{"@id":"https:\/\/lavanno.com\/en\/#website"},"primaryImageOfPage":{"@id":"https:\/\/lavanno.com\/en\/toode\/deomatic-white-musk-250-ml\/#primaryimage"},"image":{"@id":"https:\/\/lavanno.com\/en\/toode\/deomatic-white-musk-250-ml\/#primaryimage"},"thumbnailUrl":"https:\/\/lavanno.com\/wp-content\/uploads\/2025\/11\/a75-005dcdeomatic_muschiobianco_diff-1.png","datePublished":"2025-10-22T13:05:01+00:00","dateModified":"2026-05-02T11:40:01+00:00","breadcrumb":{"@id":"https:\/\/lavanno.com\/en\/toode\/deomatic-white-musk-250-ml\/#breadcrumb"},"inLanguage":"en-US","potentialAction":[{"@type":"ReadAction","target":["https:\/\/lavanno.com\/en\/toode\/deomatic-white-musk-250-ml\/"]}]},{"@type":"ImageObject","inLanguage":"en-US","@id":"https:\/\/lavanno.com\/en\/toode\/deomatic-white-musk-250-ml\/#primaryimage","url":"https:\/\/lavanno.com\/wp-content\/uploads\/2025\/11\/a75-005dcdeomatic_muschiobianco_diff-1.png","contentUrl":"https:\/\/lavanno.com\/wp-content\/uploads\/2025\/11\/a75-005dcdeomatic_muschiobianco_diff-1.png","width":800,"height":800},{"@type":"BreadcrumbList","@id":"https:\/\/lavanno.com\/en\/toode\/deomatic-white-musk-250-ml\/#breadcrumb","itemListElement":[{"@type":"ListItem","position":1,"name":"Home","item":"https:\/\/lavanno.com\/en\/"},{"@type":"ListItem","position":2,"name":"E-pood","item":"https:\/\/lavanno.com\/e-pood\/"},{"@type":"ListItem","position":3,"name":"Deomatic White Musk 250 ml"}]},{"@type":"WebSite","@id":"https:\/\/lavanno.com\/en\/#website","url":"https:\/\/lavanno.com\/en\/","name":"Lavanno - Pesuvahendite ekspert","description":"Toome maale ja m\u00fc\u00fcme tekstiili pesuvahendeid, pesumajaseadmeid ja tarvikuid. Hooldame ja konsulteerime.","publisher":{"@id":"https:\/\/lavanno.com\/en\/#organization"},"potentialAction":[{"@type":"SearchAction","target":{"@type":"EntryPoint","urlTemplate":"https:\/\/lavanno.com\/en\/?s={search_term_string}"},"query-input":{"@type":"PropertyValueSpecification","valueRequired":true,"valueName":"search_term_string"}}],"inLanguage":"en-US"},{"@type":"Organization","@id":"https:\/\/lavanno.com\/en\/#organization","name":"Lavanno - Pesuvahendite ekspert","url":"https:\/\/lavanno.com\/en\/","logo":{"@type":"ImageObject","inLanguage":"en-US","@id":"https:\/\/lavanno.com\/en\/#\/schema\/logo\/image\/","url":"https:\/\/lavanno.com\/wp-content\/uploads\/2025\/07\/Lavanno.png","contentUrl":"https:\/\/lavanno.com\/wp-content\/uploads\/2025\/07\/Lavanno.png","width":1200,"height":1200,"caption":"Lavanno - Pesuvahendite ekspert"},"image":{"@id":"https:\/\/lavanno.com\/en\/#\/schema\/logo\/image\/"},"sameAs":["https:\/\/www.facebook.com\/Lavanno.ee"]}]}},"_links":{"self":[{"href":"https:\/\/lavanno.com\/en\/wp-json\/wp\/v2\/product\/12064","targetHints":{"allow":["GET"]}}],"collection":[{"href":"https:\/\/lavanno.com\/en\/wp-json\/wp\/v2\/product"}],"about":[{"href":"https:\/\/lavanno.com\/en\/wp-json\/wp\/v2\/types\/product"}],"replies":[{"embeddable":true,"href":"https:\/\/lavanno.com\/en\/wp-json\/wp\/v2\/comments?post=12064"}],"wp:featuredmedia":[{"embeddable":true,"href":"https:\/\/lavanno.com\/en\/wp-json\/wp\/v2\/media\/12598"}],"wp:attachment":[{"href":"https:\/\/lavanno.com\/en\/wp-json\/wp\/v2\/media?parent=12064"}],"wp:term":[{"taxonomy":"product_brand","embeddable":true,"href":"https:\/\/lavanno.com\/en\/wp-json\/wp\/v2\/product_brand?post=12064"},{"taxonomy":"product_cat","embeddable":true,"href":"https:\/\/lavanno.com\/en\/wp-json\/wp\/v2\/product_cat?post=12064"},{"taxonomy":"product_tag","embeddable":true,"href":"https:\/\/lavanno.com\/en\/wp-json\/wp\/v2\/product_tag?post=12064"}],"curies":[{"name":"wp","href":"https:\/\/api.w.org\/{rel}","templated":true}]}}