{"id":12066,"date":"2025-10-22T16:05:01","date_gmt":"2025-10-22T13:05:01","guid":{"rendered":"https:\/\/lavanno.com\/toode\/laundry-gel-20kg-universaalne-pesuaine\/"},"modified":"2026-05-02T20:40:01","modified_gmt":"2026-05-02T17:40:01","slug":"laundry-gel-20kg-universaalne-pesuaine","status":"publish","type":"product","link":"https:\/\/lavanno.com\/en\/toode\/laundry-gel-20kg-universaalne-pesuaine\/","title":{"rendered":"Laundry gel 20kg Universaalne pesuaine"},"content":{"rendered":"<p><strong>Spetsifikatsioon<\/strong><\/p>\n<p><strong>Kasutamine<\/strong><\/p>\n<p>Lisada pesuvahend pesumasina pesuvahendisahtlisse t\u00e4iskoormuse korral.<\/p>\n<p>Sobib kasutamiseks:<\/p>\n<p>pesumasinas<\/p>\n<p>k\u00e4sipesuks<\/p>\n<p>\u26a0\ufe0f Ei sobi villaste, siidist ja viskoosist kangaste pesemiseks.<\/p>\n<p><strong>Koostisosad<\/strong><\/p>\n<p>Vesi, naatriumlaureetsulfaat, kokamidoprop\u00fc\u00fclbetaiin, heptanaatriumtrih\u00fcdrogeen [[bis[2-[bis(fosfonomet\u00fc\u00fcl)amino]et\u00fc\u00fcl]amino]met\u00fc\u00fcl]fosfonaat, C13-15 pareth-7, kokamiid DEA, dietanoolamiin, limoneen, heks\u00fc\u00fcltsinnamaal, dimetikoon, steareth-21, met\u00fc\u00fclkloroisotiasolinoon, met\u00fc\u00fclisotiasolinoon, Acid Black 1.<\/p>\n<p>Met\u00fc\u00fclkloroisotiasolinoon, met\u00fc\u00fclisotiasolinoon (3:1) = 0,00075%<\/p>\n<p><strong>Funktsioon<\/strong><\/p>\n<p>Vedelpesuvahend<\/p>\n<p><a href=\"https:\/\/lavanno.com\/wp-content\/uploads\/2025\/10\/A39-015Laundry_Gel_DetergenteRel2ETSDS.pdf\" target=\"_blank\" rel=\"noopener\">Ohutuskaart<\/a><\/p>\n","protected":false},"excerpt":{"rendered":"<div class=\"flex max-w-full flex-col flex-grow\">\n<div class=\"min-h-8 text-message flex w-full flex-col items-end gap-2 whitespace-normal break-words [.text-message+&amp;]:mt-5\" dir=\"auto\" data-message-author-role=\"assistant\" data-message-id=\"ba16f486-ec3f-458a-8e7a-303b160c2e4a\" data-message-model-slug=\"gpt-4o\">\n<div class=\"flex w-full flex-col gap-1 empty:hidden first:pt-[3px]\">\n<div class=\"markdown prose w-full break-words dark:prose-invert light\">\n<p>Laundry GEL on professionaalne mitteens\u00fcmaatiline vedelpesuvahend, mille doseerimist s\u00e4\u00e4stev geeljas koostis tagab t\u00f5husa puhastuse erinevatel pesutemperatuuridel.<\/p>\n<p>Tasakaalustatud koostis sisaldab vee kareduse inhibiitoreid, mis tagavad pesuvahendi t\u00f5husa toime nii pehme kui ka kareda vee korral. Toode sobib nii valgete kui v\u00e4rviliste kangaste pesemiseks ning aitab s\u00e4ilitada tekstiilide v\u00e4rvitooni.<\/p>\n<p>Pesuvahend tekitab kontrollitud koguse vahtu ning j\u00e4tab pesule v\u00e4rske tsitrusnootidega l\u00f5hna. Sobib kasutamiseks nii pesumasinas kui ka k\u00e4sipesuks.<\/p>\n<ul>\n<li>Tasakaalustatud valem, mis on t\u00f5hus igal temperatuuril.<\/li>\n<li>Rikastatud vee kareduse inhibiitoritega, tagades t\u00e4iusliku t\u00f5hususe igas kareduse astmes.<\/li>\n<li>Sobib ideaalselt valgele ja v\u00e4rvilisele pesule.<\/li>\n<li>S\u00e4ilitab v\u00e4rvide erksuse.<\/li>\n<li>Kontrollitud vahutamine.<\/li>\n<li>V\u00e4rske ja puhas tsitrusenootidega l\u00f5hn.<\/li>\n<li>Sobib loodus- ja s\u00fcnteetilistest kiududest kangaste pesemiseks (v\u00e4lja arvatud vill, siid ja viskoos)<\/li>\n<\/ul>\n<\/div>\n<\/div>\n<\/div>\n<\/div>\n<div class=\"mb-2 flex gap-3 empty:hidden -ml-2\">\n<div class=\"items-center justify-start rounded-xl p-1 flex\"><\/div>\n<\/div>\n","protected":false},"featured_media":12462,"comment_status":"open","ping_status":"closed","template":"","meta":[],"product_brand":[],"product_cat":[506,525,546,556],"product_tag":[834,835,837],"class_list":{"0":"post-12066","1":"product","2":"type-product","3":"status-publish","4":"has-post-thumbnail","6":"product_cat-ariklient","7":"product_cat-vesipesuvahendid","8":"product_cat-pesuained","9":"product_cat-ensumaatilised-pesuained","10":"product_tag-horeca","11":"product_tag-pesumajad","12":"product_tag-puhastusteenindus","14":"first","15":"instock","16":"taxable","17":"shipping-taxable","18":"purchasable","19":"product-type-simple"},"yoast_head":"<!-- This site is optimized with the Yoast SEO plugin v27.0 - https:\/\/yoast.com\/product\/yoast-seo-wordpress\/ -->\n<title>Laundry gel 20kg Universaalne pesuaine - Lavanno - pesuvahendite ekspert<\/title>\n<meta name=\"description\" content=\"Laundry GEL on professionaalne vedelpesuvahend, mis puhastab t\u00f5husalt k\u00f5ikidel temperatuuridel ning sobib valgele ja v\u00e4rvilisele pesule.\" \/>\n<meta name=\"robots\" content=\"index, follow, max-snippet:-1, max-image-preview:large, max-video-preview:-1\" \/>\n<link rel=\"canonical\" href=\"https:\/\/lavanno.com\/en\/toode\/laundry-gel-20kg-universaalne-pesuaine\/\" \/>\n<meta property=\"og:locale\" content=\"en_US\" \/>\n<meta property=\"og:type\" content=\"article\" \/>\n<meta property=\"og:title\" content=\"Laundry gel 20kg Universaalne pesuaine - Lavanno - pesuvahendite ekspert\" \/>\n<meta property=\"og:description\" content=\"Laundry GEL on professionaalne vedelpesuvahend, mis puhastab t\u00f5husalt k\u00f5ikidel temperatuuridel ning sobib valgele ja v\u00e4rvilisele pesule.\" \/>\n<meta property=\"og:url\" content=\"https:\/\/lavanno.com\/en\/toode\/laundry-gel-20kg-universaalne-pesuaine\/\" \/>\n<meta property=\"og:site_name\" content=\"Lavanno - pesuvahendite ekspert\" \/>\n<meta property=\"article:publisher\" content=\"https:\/\/www.facebook.com\/Lavanno.ee\" \/>\n<meta property=\"article:modified_time\" content=\"2026-05-02T17:40:01+00:00\" \/>\n<meta property=\"og:image\" content=\"https:\/\/lavanno.com\/wp-content\/uploads\/2025\/11\/a39-015nlaundry_gel_20kg-1.png\" \/>\n\t<meta property=\"og:image:width\" content=\"800\" \/>\n\t<meta property=\"og:image:height\" content=\"800\" \/>\n\t<meta property=\"og:image:type\" content=\"image\/png\" \/>\n<meta name=\"twitter:card\" content=\"summary_large_image\" \/>\n<meta name=\"twitter:label1\" content=\"Est. reading time\" \/>\n\t<meta name=\"twitter:data1\" content=\"1 minute\" \/>\n<script type=\"application\/ld+json\" class=\"yoast-schema-graph\">{\"@context\":\"https:\/\/schema.org\",\"@graph\":[{\"@type\":\"WebPage\",\"@id\":\"https:\/\/lavanno.com\/en\/toode\/laundry-gel-20kg-universaalne-pesuaine\/\",\"url\":\"https:\/\/lavanno.com\/en\/toode\/laundry-gel-20kg-universaalne-pesuaine\/\",\"name\":\"Laundry gel 20kg Universaalne pesuaine - Lavanno - pesuvahendite ekspert\",\"isPartOf\":{\"@id\":\"https:\/\/lavanno.com\/en\/#website\"},\"primaryImageOfPage\":{\"@id\":\"https:\/\/lavanno.com\/en\/toode\/laundry-gel-20kg-universaalne-pesuaine\/#primaryimage\"},\"image\":{\"@id\":\"https:\/\/lavanno.com\/en\/toode\/laundry-gel-20kg-universaalne-pesuaine\/#primaryimage\"},\"thumbnailUrl\":\"https:\/\/lavanno.com\/wp-content\/uploads\/2025\/11\/a39-015nlaundry_gel_20kg-1.png\",\"datePublished\":\"2025-10-22T13:05:01+00:00\",\"dateModified\":\"2026-05-02T17:40:01+00:00\",\"description\":\"Laundry GEL on professionaalne vedelpesuvahend, mis puhastab t\u00f5husalt k\u00f5ikidel temperatuuridel ning sobib valgele ja v\u00e4rvilisele pesule.\",\"breadcrumb\":{\"@id\":\"https:\/\/lavanno.com\/en\/toode\/laundry-gel-20kg-universaalne-pesuaine\/#breadcrumb\"},\"inLanguage\":\"en-US\",\"potentialAction\":[{\"@type\":\"ReadAction\",\"target\":[\"https:\/\/lavanno.com\/en\/toode\/laundry-gel-20kg-universaalne-pesuaine\/\"]}]},{\"@type\":\"ImageObject\",\"inLanguage\":\"en-US\",\"@id\":\"https:\/\/lavanno.com\/en\/toode\/laundry-gel-20kg-universaalne-pesuaine\/#primaryimage\",\"url\":\"https:\/\/lavanno.com\/wp-content\/uploads\/2025\/11\/a39-015nlaundry_gel_20kg-1.png\",\"contentUrl\":\"https:\/\/lavanno.com\/wp-content\/uploads\/2025\/11\/a39-015nlaundry_gel_20kg-1.png\",\"width\":800,\"height\":800},{\"@type\":\"BreadcrumbList\",\"@id\":\"https:\/\/lavanno.com\/en\/toode\/laundry-gel-20kg-universaalne-pesuaine\/#breadcrumb\",\"itemListElement\":[{\"@type\":\"ListItem\",\"position\":1,\"name\":\"Home\",\"item\":\"https:\/\/lavanno.com\/en\/\"},{\"@type\":\"ListItem\",\"position\":2,\"name\":\"E-pood\",\"item\":\"https:\/\/lavanno.com\/e-pood\/\"},{\"@type\":\"ListItem\",\"position\":3,\"name\":\"Laundry gel 20kg Universaalne pesuaine\"}]},{\"@type\":\"WebSite\",\"@id\":\"https:\/\/lavanno.com\/en\/#website\",\"url\":\"https:\/\/lavanno.com\/en\/\",\"name\":\"Lavanno - Pesuvahendite ekspert\",\"description\":\"Toome maale ja m\u00fc\u00fcme tekstiili pesuvahendeid, pesumajaseadmeid ja tarvikuid. Hooldame ja konsulteerime.\",\"publisher\":{\"@id\":\"https:\/\/lavanno.com\/en\/#organization\"},\"potentialAction\":[{\"@type\":\"SearchAction\",\"target\":{\"@type\":\"EntryPoint\",\"urlTemplate\":\"https:\/\/lavanno.com\/en\/?s={search_term_string}\"},\"query-input\":{\"@type\":\"PropertyValueSpecification\",\"valueRequired\":true,\"valueName\":\"search_term_string\"}}],\"inLanguage\":\"en-US\"},{\"@type\":\"Organization\",\"@id\":\"https:\/\/lavanno.com\/en\/#organization\",\"name\":\"Lavanno - Pesuvahendite ekspert\",\"url\":\"https:\/\/lavanno.com\/en\/\",\"logo\":{\"@type\":\"ImageObject\",\"inLanguage\":\"en-US\",\"@id\":\"https:\/\/lavanno.com\/en\/#\/schema\/logo\/image\/\",\"url\":\"https:\/\/lavanno.com\/wp-content\/uploads\/2025\/07\/Lavanno.png\",\"contentUrl\":\"https:\/\/lavanno.com\/wp-content\/uploads\/2025\/07\/Lavanno.png\",\"width\":1200,\"height\":1200,\"caption\":\"Lavanno - Pesuvahendite ekspert\"},\"image\":{\"@id\":\"https:\/\/lavanno.com\/en\/#\/schema\/logo\/image\/\"},\"sameAs\":[\"https:\/\/www.facebook.com\/Lavanno.ee\"]}]}<\/script>\n<!-- \/ Yoast SEO plugin. -->","yoast_head_json":{"title":"Laundry gel 20kg Universaalne pesuaine - Lavanno - pesuvahendite ekspert","description":"Laundry GEL on professionaalne vedelpesuvahend, mis puhastab t\u00f5husalt k\u00f5ikidel temperatuuridel ning sobib valgele ja v\u00e4rvilisele pesule.","robots":{"index":"index","follow":"follow","max-snippet":"max-snippet:-1","max-image-preview":"max-image-preview:large","max-video-preview":"max-video-preview:-1"},"canonical":"https:\/\/lavanno.com\/en\/toode\/laundry-gel-20kg-universaalne-pesuaine\/","og_locale":"en_US","og_type":"article","og_title":"Laundry gel 20kg Universaalne pesuaine - Lavanno - pesuvahendite ekspert","og_description":"Laundry GEL on professionaalne vedelpesuvahend, mis puhastab t\u00f5husalt k\u00f5ikidel temperatuuridel ning sobib valgele ja v\u00e4rvilisele pesule.","og_url":"https:\/\/lavanno.com\/en\/toode\/laundry-gel-20kg-universaalne-pesuaine\/","og_site_name":"Lavanno - pesuvahendite ekspert","article_publisher":"https:\/\/www.facebook.com\/Lavanno.ee","article_modified_time":"2026-05-02T17:40:01+00:00","og_image":[{"width":800,"height":800,"url":"https:\/\/lavanno.com\/wp-content\/uploads\/2025\/11\/a39-015nlaundry_gel_20kg-1.png","type":"image\/png"}],"twitter_card":"summary_large_image","twitter_misc":{"Est. reading time":"1 minute"},"schema":{"@context":"https:\/\/schema.org","@graph":[{"@type":"WebPage","@id":"https:\/\/lavanno.com\/en\/toode\/laundry-gel-20kg-universaalne-pesuaine\/","url":"https:\/\/lavanno.com\/en\/toode\/laundry-gel-20kg-universaalne-pesuaine\/","name":"Laundry gel 20kg Universaalne pesuaine - Lavanno - pesuvahendite ekspert","isPartOf":{"@id":"https:\/\/lavanno.com\/en\/#website"},"primaryImageOfPage":{"@id":"https:\/\/lavanno.com\/en\/toode\/laundry-gel-20kg-universaalne-pesuaine\/#primaryimage"},"image":{"@id":"https:\/\/lavanno.com\/en\/toode\/laundry-gel-20kg-universaalne-pesuaine\/#primaryimage"},"thumbnailUrl":"https:\/\/lavanno.com\/wp-content\/uploads\/2025\/11\/a39-015nlaundry_gel_20kg-1.png","datePublished":"2025-10-22T13:05:01+00:00","dateModified":"2026-05-02T17:40:01+00:00","description":"Laundry GEL on professionaalne vedelpesuvahend, mis puhastab t\u00f5husalt k\u00f5ikidel temperatuuridel ning sobib valgele ja v\u00e4rvilisele pesule.","breadcrumb":{"@id":"https:\/\/lavanno.com\/en\/toode\/laundry-gel-20kg-universaalne-pesuaine\/#breadcrumb"},"inLanguage":"en-US","potentialAction":[{"@type":"ReadAction","target":["https:\/\/lavanno.com\/en\/toode\/laundry-gel-20kg-universaalne-pesuaine\/"]}]},{"@type":"ImageObject","inLanguage":"en-US","@id":"https:\/\/lavanno.com\/en\/toode\/laundry-gel-20kg-universaalne-pesuaine\/#primaryimage","url":"https:\/\/lavanno.com\/wp-content\/uploads\/2025\/11\/a39-015nlaundry_gel_20kg-1.png","contentUrl":"https:\/\/lavanno.com\/wp-content\/uploads\/2025\/11\/a39-015nlaundry_gel_20kg-1.png","width":800,"height":800},{"@type":"BreadcrumbList","@id":"https:\/\/lavanno.com\/en\/toode\/laundry-gel-20kg-universaalne-pesuaine\/#breadcrumb","itemListElement":[{"@type":"ListItem","position":1,"name":"Home","item":"https:\/\/lavanno.com\/en\/"},{"@type":"ListItem","position":2,"name":"E-pood","item":"https:\/\/lavanno.com\/e-pood\/"},{"@type":"ListItem","position":3,"name":"Laundry gel 20kg Universaalne pesuaine"}]},{"@type":"WebSite","@id":"https:\/\/lavanno.com\/en\/#website","url":"https:\/\/lavanno.com\/en\/","name":"Lavanno - Pesuvahendite ekspert","description":"Toome maale ja m\u00fc\u00fcme tekstiili pesuvahendeid, pesumajaseadmeid ja tarvikuid. Hooldame ja konsulteerime.","publisher":{"@id":"https:\/\/lavanno.com\/en\/#organization"},"potentialAction":[{"@type":"SearchAction","target":{"@type":"EntryPoint","urlTemplate":"https:\/\/lavanno.com\/en\/?s={search_term_string}"},"query-input":{"@type":"PropertyValueSpecification","valueRequired":true,"valueName":"search_term_string"}}],"inLanguage":"en-US"},{"@type":"Organization","@id":"https:\/\/lavanno.com\/en\/#organization","name":"Lavanno - Pesuvahendite ekspert","url":"https:\/\/lavanno.com\/en\/","logo":{"@type":"ImageObject","inLanguage":"en-US","@id":"https:\/\/lavanno.com\/en\/#\/schema\/logo\/image\/","url":"https:\/\/lavanno.com\/wp-content\/uploads\/2025\/07\/Lavanno.png","contentUrl":"https:\/\/lavanno.com\/wp-content\/uploads\/2025\/07\/Lavanno.png","width":1200,"height":1200,"caption":"Lavanno - Pesuvahendite ekspert"},"image":{"@id":"https:\/\/lavanno.com\/en\/#\/schema\/logo\/image\/"},"sameAs":["https:\/\/www.facebook.com\/Lavanno.ee"]}]}},"_links":{"self":[{"href":"https:\/\/lavanno.com\/en\/wp-json\/wp\/v2\/product\/12066","targetHints":{"allow":["GET"]}}],"collection":[{"href":"https:\/\/lavanno.com\/en\/wp-json\/wp\/v2\/product"}],"about":[{"href":"https:\/\/lavanno.com\/en\/wp-json\/wp\/v2\/types\/product"}],"replies":[{"embeddable":true,"href":"https:\/\/lavanno.com\/en\/wp-json\/wp\/v2\/comments?post=12066"}],"wp:featuredmedia":[{"embeddable":true,"href":"https:\/\/lavanno.com\/en\/wp-json\/wp\/v2\/media\/12462"}],"wp:attachment":[{"href":"https:\/\/lavanno.com\/en\/wp-json\/wp\/v2\/media?parent=12066"}],"wp:term":[{"taxonomy":"product_brand","embeddable":true,"href":"https:\/\/lavanno.com\/en\/wp-json\/wp\/v2\/product_brand?post=12066"},{"taxonomy":"product_cat","embeddable":true,"href":"https:\/\/lavanno.com\/en\/wp-json\/wp\/v2\/product_cat?post=12066"},{"taxonomy":"product_tag","embeddable":true,"href":"https:\/\/lavanno.com\/en\/wp-json\/wp\/v2\/product_tag?post=12066"}],"curies":[{"name":"wp","href":"https:\/\/api.w.org\/{rel}","templated":true}]}}