{"id":12067,"date":"2025-10-22T16:05:01","date_gmt":"2025-10-22T13:05:01","guid":{"rendered":"https:\/\/lavanno.com\/toode\/x9-degreaser-2x5kg-pesuaine-rasvaeemaldi\/"},"modified":"2026-05-02T08:35:01","modified_gmt":"2026-05-02T05:35:01","slug":"x9-degreaser-2x5kg-pesuaine-rasvaeemaldi","status":"publish","type":"product","link":"https:\/\/lavanno.com\/en\/toode\/x9-degreaser-2x5kg-pesuaine-rasvaeemaldi\/","title":{"rendered":"X9 Degreaser 2x5kg Pesuaine \/ Rasvaeemaldi"},"content":{"rendered":"<p><strong>Spetsifikatsioon<\/strong><\/p>\n<p><strong>Koostisosad<\/strong><\/p>\n<p>PPG-2 met\u00fc\u00fcleetar, but\u00fc\u00fclatsetaat, naatriumdodek\u00fc\u00fclbenseensulfonaat, butoks\u00fcdigl\u00fckool, C13-15 pareth-7, PVP, kokamiid DEA, tetrasodium EDTA, dietanoolamiin, vesi, l\u00f5hnaaine, subtilisiin, limoneen, alfa-am\u00fclaas, dimetikoon, lipaas, tsellulaas, diet\u00fc\u00fclmalonaat, 2,4-dimet\u00fc\u00fcl-3-ts\u00fckloheksene-karboksaldeh\u00fc\u00fcd, steareet-21, met\u00fc\u00fclkloroisotiasolinoon, met\u00fc\u00fclisotiasolinoon, v\u00e4rvaine Acid Orange 142.<\/p>\n<p><strong>Funktsioon<\/strong><\/p>\n<p>mitmek\u00fclgne pesuaine \/ lisand<\/p>\n<p><a href=\"https:\/\/lavanno.com\/wp-content\/uploads\/2025\/10\/A39-050Tintolav_X9_-_DegreaserRel4ETSDS.pdf\" target=\"_blank\" rel=\"noopener\">Ohutuskaart<\/a><\/p>\n","protected":false},"excerpt":{"rendered":"<p>X9 Degreaser on mitmeotstarbeline pesuaine, mis sobib suurep\u00e4raselt lisandiks tavaliste pesuainete toime v\u00f5imendamiseks, kui ka eraldi pesuvahendina. See aitab t\u00f5sta pesu efektiivsust just siis, kui tavap\u00e4rasest pesuvahendist j\u00e4\u00e4b v\u00e4heks.<\/p>\n<p>Selle toote eelised:<\/p>\n<ul>\n<li>Sobib ideaalselt raskesti eemaldatavate plekkide korral, nt. nahka pruunistavad ained, muda, kosmeetika, kingaviks jms.<\/li>\n<li>Plekkide pigmendi eemaldamiseks on soovitatav kasutada koos tootega OxOn, et saavutada maksimaalne puhastustulemus.<\/li>\n<li>Sobib koos teiste detergentidega: v\u00f5ib kasutada pesuvahendi lisandina<\/li>\n<li>Professionaalseks kasutuseks: ideaalne pesumajadesse, restoranidesse, hotellidesse<\/li>\n<\/ul>\n","protected":false},"featured_media":12464,"comment_status":"open","ping_status":"closed","template":"","meta":[],"product_brand":[],"product_cat":[506,561,548,572],"product_tag":[834,835,837],"class_list":{"0":"post-12067","1":"product","2":"type-product","3":"status-publish","4":"has-post-thumbnail","6":"product_cat-ariklient","7":"product_cat-rasvaeemaldusvahendid","8":"product_cat-spetsiifilised-puhastusvahendid","9":"product_cat-lisaained","10":"product_tag-horeca","11":"product_tag-pesumajad","12":"product_tag-puhastusteenindus","14":"first","15":"instock","16":"taxable","17":"shipping-taxable","18":"purchasable","19":"product-type-simple"},"yoast_head":"<!-- This site is optimized with the Yoast SEO plugin v27.0 - https:\/\/yoast.com\/product\/yoast-seo-wordpress\/ -->\n<title>X9 Degreaser 2x5kg Pesuaine \/ Rasvaeemaldi - Lavanno - pesuvahendite ekspert<\/title>\n<meta name=\"description\" content=\"X9 Degreaser \u2013 mitmek\u00fclgne pesuaine ja lisand raskete rasva- ja mustuseplekkide eemaldamiseks. V\u00f5imendab tavalise pesuaine toimet.\" \/>\n<meta name=\"robots\" content=\"index, follow, max-snippet:-1, max-image-preview:large, max-video-preview:-1\" \/>\n<link rel=\"canonical\" href=\"https:\/\/lavanno.com\/en\/toode\/x9-degreaser-2x5kg-pesuaine-rasvaeemaldi\/\" \/>\n<meta property=\"og:locale\" content=\"en_US\" \/>\n<meta property=\"og:type\" content=\"article\" \/>\n<meta property=\"og:title\" content=\"X9 Degreaser 2x5kg Pesuaine \/ Rasvaeemaldi - Lavanno - pesuvahendite ekspert\" \/>\n<meta property=\"og:description\" content=\"X9 Degreaser \u2013 mitmek\u00fclgne pesuaine ja lisand raskete rasva- ja mustuseplekkide eemaldamiseks. V\u00f5imendab tavalise pesuaine toimet.\" \/>\n<meta property=\"og:url\" content=\"https:\/\/lavanno.com\/en\/toode\/x9-degreaser-2x5kg-pesuaine-rasvaeemaldi\/\" \/>\n<meta property=\"og:site_name\" content=\"Lavanno - pesuvahendite ekspert\" \/>\n<meta property=\"article:publisher\" content=\"https:\/\/www.facebook.com\/Lavanno.ee\" \/>\n<meta property=\"article:modified_time\" content=\"2026-05-02T05:35:01+00:00\" \/>\n<meta property=\"og:image\" content=\"https:\/\/lavanno.com\/wp-content\/uploads\/2025\/11\/a39-050h2x9-degreaser_2x5kg-1.png\" \/>\n\t<meta property=\"og:image:width\" content=\"800\" \/>\n\t<meta property=\"og:image:height\" content=\"800\" \/>\n\t<meta property=\"og:image:type\" content=\"image\/png\" \/>\n<meta name=\"twitter:card\" content=\"summary_large_image\" \/>\n<meta name=\"twitter:label1\" content=\"Est. reading time\" \/>\n\t<meta name=\"twitter:data1\" content=\"1 minute\" \/>\n<script type=\"application\/ld+json\" class=\"yoast-schema-graph\">{\"@context\":\"https:\/\/schema.org\",\"@graph\":[{\"@type\":\"WebPage\",\"@id\":\"https:\/\/lavanno.com\/en\/toode\/x9-degreaser-2x5kg-pesuaine-rasvaeemaldi\/\",\"url\":\"https:\/\/lavanno.com\/en\/toode\/x9-degreaser-2x5kg-pesuaine-rasvaeemaldi\/\",\"name\":\"X9 Degreaser 2x5kg Pesuaine \/ Rasvaeemaldi - Lavanno - pesuvahendite ekspert\",\"isPartOf\":{\"@id\":\"https:\/\/lavanno.com\/en\/#website\"},\"primaryImageOfPage\":{\"@id\":\"https:\/\/lavanno.com\/en\/toode\/x9-degreaser-2x5kg-pesuaine-rasvaeemaldi\/#primaryimage\"},\"image\":{\"@id\":\"https:\/\/lavanno.com\/en\/toode\/x9-degreaser-2x5kg-pesuaine-rasvaeemaldi\/#primaryimage\"},\"thumbnailUrl\":\"https:\/\/lavanno.com\/wp-content\/uploads\/2025\/11\/a39-050h2x9-degreaser_2x5kg-1.png\",\"datePublished\":\"2025-10-22T13:05:01+00:00\",\"dateModified\":\"2026-05-02T05:35:01+00:00\",\"description\":\"X9 Degreaser \u2013 mitmek\u00fclgne pesuaine ja lisand raskete rasva- ja mustuseplekkide eemaldamiseks. V\u00f5imendab tavalise pesuaine toimet.\",\"breadcrumb\":{\"@id\":\"https:\/\/lavanno.com\/en\/toode\/x9-degreaser-2x5kg-pesuaine-rasvaeemaldi\/#breadcrumb\"},\"inLanguage\":\"en-US\",\"potentialAction\":[{\"@type\":\"ReadAction\",\"target\":[\"https:\/\/lavanno.com\/en\/toode\/x9-degreaser-2x5kg-pesuaine-rasvaeemaldi\/\"]}]},{\"@type\":\"ImageObject\",\"inLanguage\":\"en-US\",\"@id\":\"https:\/\/lavanno.com\/en\/toode\/x9-degreaser-2x5kg-pesuaine-rasvaeemaldi\/#primaryimage\",\"url\":\"https:\/\/lavanno.com\/wp-content\/uploads\/2025\/11\/a39-050h2x9-degreaser_2x5kg-1.png\",\"contentUrl\":\"https:\/\/lavanno.com\/wp-content\/uploads\/2025\/11\/a39-050h2x9-degreaser_2x5kg-1.png\",\"width\":800,\"height\":800},{\"@type\":\"BreadcrumbList\",\"@id\":\"https:\/\/lavanno.com\/en\/toode\/x9-degreaser-2x5kg-pesuaine-rasvaeemaldi\/#breadcrumb\",\"itemListElement\":[{\"@type\":\"ListItem\",\"position\":1,\"name\":\"Home\",\"item\":\"https:\/\/lavanno.com\/en\/\"},{\"@type\":\"ListItem\",\"position\":2,\"name\":\"E-pood\",\"item\":\"https:\/\/lavanno.com\/e-pood\/\"},{\"@type\":\"ListItem\",\"position\":3,\"name\":\"X9 Degreaser 2x5kg Pesuaine \/ Rasvaeemaldi\"}]},{\"@type\":\"WebSite\",\"@id\":\"https:\/\/lavanno.com\/en\/#website\",\"url\":\"https:\/\/lavanno.com\/en\/\",\"name\":\"Lavanno - Pesuvahendite ekspert\",\"description\":\"Toome maale ja m\u00fc\u00fcme tekstiili pesuvahendeid, pesumajaseadmeid ja tarvikuid. Hooldame ja konsulteerime.\",\"publisher\":{\"@id\":\"https:\/\/lavanno.com\/en\/#organization\"},\"potentialAction\":[{\"@type\":\"SearchAction\",\"target\":{\"@type\":\"EntryPoint\",\"urlTemplate\":\"https:\/\/lavanno.com\/en\/?s={search_term_string}\"},\"query-input\":{\"@type\":\"PropertyValueSpecification\",\"valueRequired\":true,\"valueName\":\"search_term_string\"}}],\"inLanguage\":\"en-US\"},{\"@type\":\"Organization\",\"@id\":\"https:\/\/lavanno.com\/en\/#organization\",\"name\":\"Lavanno - Pesuvahendite ekspert\",\"url\":\"https:\/\/lavanno.com\/en\/\",\"logo\":{\"@type\":\"ImageObject\",\"inLanguage\":\"en-US\",\"@id\":\"https:\/\/lavanno.com\/en\/#\/schema\/logo\/image\/\",\"url\":\"https:\/\/lavanno.com\/wp-content\/uploads\/2025\/07\/Lavanno.png\",\"contentUrl\":\"https:\/\/lavanno.com\/wp-content\/uploads\/2025\/07\/Lavanno.png\",\"width\":1200,\"height\":1200,\"caption\":\"Lavanno - Pesuvahendite ekspert\"},\"image\":{\"@id\":\"https:\/\/lavanno.com\/en\/#\/schema\/logo\/image\/\"},\"sameAs\":[\"https:\/\/www.facebook.com\/Lavanno.ee\"]}]}<\/script>\n<!-- \/ Yoast SEO plugin. -->","yoast_head_json":{"title":"X9 Degreaser 2x5kg Pesuaine \/ Rasvaeemaldi - Lavanno - pesuvahendite ekspert","description":"X9 Degreaser \u2013 mitmek\u00fclgne pesuaine ja lisand raskete rasva- ja mustuseplekkide eemaldamiseks. V\u00f5imendab tavalise pesuaine toimet.","robots":{"index":"index","follow":"follow","max-snippet":"max-snippet:-1","max-image-preview":"max-image-preview:large","max-video-preview":"max-video-preview:-1"},"canonical":"https:\/\/lavanno.com\/en\/toode\/x9-degreaser-2x5kg-pesuaine-rasvaeemaldi\/","og_locale":"en_US","og_type":"article","og_title":"X9 Degreaser 2x5kg Pesuaine \/ Rasvaeemaldi - Lavanno - pesuvahendite ekspert","og_description":"X9 Degreaser \u2013 mitmek\u00fclgne pesuaine ja lisand raskete rasva- ja mustuseplekkide eemaldamiseks. V\u00f5imendab tavalise pesuaine toimet.","og_url":"https:\/\/lavanno.com\/en\/toode\/x9-degreaser-2x5kg-pesuaine-rasvaeemaldi\/","og_site_name":"Lavanno - pesuvahendite ekspert","article_publisher":"https:\/\/www.facebook.com\/Lavanno.ee","article_modified_time":"2026-05-02T05:35:01+00:00","og_image":[{"width":800,"height":800,"url":"https:\/\/lavanno.com\/wp-content\/uploads\/2025\/11\/a39-050h2x9-degreaser_2x5kg-1.png","type":"image\/png"}],"twitter_card":"summary_large_image","twitter_misc":{"Est. reading time":"1 minute"},"schema":{"@context":"https:\/\/schema.org","@graph":[{"@type":"WebPage","@id":"https:\/\/lavanno.com\/en\/toode\/x9-degreaser-2x5kg-pesuaine-rasvaeemaldi\/","url":"https:\/\/lavanno.com\/en\/toode\/x9-degreaser-2x5kg-pesuaine-rasvaeemaldi\/","name":"X9 Degreaser 2x5kg Pesuaine \/ Rasvaeemaldi - Lavanno - pesuvahendite ekspert","isPartOf":{"@id":"https:\/\/lavanno.com\/en\/#website"},"primaryImageOfPage":{"@id":"https:\/\/lavanno.com\/en\/toode\/x9-degreaser-2x5kg-pesuaine-rasvaeemaldi\/#primaryimage"},"image":{"@id":"https:\/\/lavanno.com\/en\/toode\/x9-degreaser-2x5kg-pesuaine-rasvaeemaldi\/#primaryimage"},"thumbnailUrl":"https:\/\/lavanno.com\/wp-content\/uploads\/2025\/11\/a39-050h2x9-degreaser_2x5kg-1.png","datePublished":"2025-10-22T13:05:01+00:00","dateModified":"2026-05-02T05:35:01+00:00","description":"X9 Degreaser \u2013 mitmek\u00fclgne pesuaine ja lisand raskete rasva- ja mustuseplekkide eemaldamiseks. V\u00f5imendab tavalise pesuaine toimet.","breadcrumb":{"@id":"https:\/\/lavanno.com\/en\/toode\/x9-degreaser-2x5kg-pesuaine-rasvaeemaldi\/#breadcrumb"},"inLanguage":"en-US","potentialAction":[{"@type":"ReadAction","target":["https:\/\/lavanno.com\/en\/toode\/x9-degreaser-2x5kg-pesuaine-rasvaeemaldi\/"]}]},{"@type":"ImageObject","inLanguage":"en-US","@id":"https:\/\/lavanno.com\/en\/toode\/x9-degreaser-2x5kg-pesuaine-rasvaeemaldi\/#primaryimage","url":"https:\/\/lavanno.com\/wp-content\/uploads\/2025\/11\/a39-050h2x9-degreaser_2x5kg-1.png","contentUrl":"https:\/\/lavanno.com\/wp-content\/uploads\/2025\/11\/a39-050h2x9-degreaser_2x5kg-1.png","width":800,"height":800},{"@type":"BreadcrumbList","@id":"https:\/\/lavanno.com\/en\/toode\/x9-degreaser-2x5kg-pesuaine-rasvaeemaldi\/#breadcrumb","itemListElement":[{"@type":"ListItem","position":1,"name":"Home","item":"https:\/\/lavanno.com\/en\/"},{"@type":"ListItem","position":2,"name":"E-pood","item":"https:\/\/lavanno.com\/e-pood\/"},{"@type":"ListItem","position":3,"name":"X9 Degreaser 2x5kg Pesuaine \/ Rasvaeemaldi"}]},{"@type":"WebSite","@id":"https:\/\/lavanno.com\/en\/#website","url":"https:\/\/lavanno.com\/en\/","name":"Lavanno - Pesuvahendite ekspert","description":"Toome maale ja m\u00fc\u00fcme tekstiili pesuvahendeid, pesumajaseadmeid ja tarvikuid. Hooldame ja konsulteerime.","publisher":{"@id":"https:\/\/lavanno.com\/en\/#organization"},"potentialAction":[{"@type":"SearchAction","target":{"@type":"EntryPoint","urlTemplate":"https:\/\/lavanno.com\/en\/?s={search_term_string}"},"query-input":{"@type":"PropertyValueSpecification","valueRequired":true,"valueName":"search_term_string"}}],"inLanguage":"en-US"},{"@type":"Organization","@id":"https:\/\/lavanno.com\/en\/#organization","name":"Lavanno - Pesuvahendite ekspert","url":"https:\/\/lavanno.com\/en\/","logo":{"@type":"ImageObject","inLanguage":"en-US","@id":"https:\/\/lavanno.com\/en\/#\/schema\/logo\/image\/","url":"https:\/\/lavanno.com\/wp-content\/uploads\/2025\/07\/Lavanno.png","contentUrl":"https:\/\/lavanno.com\/wp-content\/uploads\/2025\/07\/Lavanno.png","width":1200,"height":1200,"caption":"Lavanno - Pesuvahendite ekspert"},"image":{"@id":"https:\/\/lavanno.com\/en\/#\/schema\/logo\/image\/"},"sameAs":["https:\/\/www.facebook.com\/Lavanno.ee"]}]}},"_links":{"self":[{"href":"https:\/\/lavanno.com\/en\/wp-json\/wp\/v2\/product\/12067","targetHints":{"allow":["GET"]}}],"collection":[{"href":"https:\/\/lavanno.com\/en\/wp-json\/wp\/v2\/product"}],"about":[{"href":"https:\/\/lavanno.com\/en\/wp-json\/wp\/v2\/types\/product"}],"replies":[{"embeddable":true,"href":"https:\/\/lavanno.com\/en\/wp-json\/wp\/v2\/comments?post=12067"}],"wp:featuredmedia":[{"embeddable":true,"href":"https:\/\/lavanno.com\/en\/wp-json\/wp\/v2\/media\/12464"}],"wp:attachment":[{"href":"https:\/\/lavanno.com\/en\/wp-json\/wp\/v2\/media?parent=12067"}],"wp:term":[{"taxonomy":"product_brand","embeddable":true,"href":"https:\/\/lavanno.com\/en\/wp-json\/wp\/v2\/product_brand?post=12067"},{"taxonomy":"product_cat","embeddable":true,"href":"https:\/\/lavanno.com\/en\/wp-json\/wp\/v2\/product_cat?post=12067"},{"taxonomy":"product_tag","embeddable":true,"href":"https:\/\/lavanno.com\/en\/wp-json\/wp\/v2\/product_tag?post=12067"}],"curies":[{"name":"wp","href":"https:\/\/api.w.org\/{rel}","templated":true}]}}