{"id":12068,"date":"2025-10-22T16:05:01","date_gmt":"2025-10-22T13:05:01","guid":{"rendered":"https:\/\/lavanno.com\/toode\/incarbon-2x5-kg-pesuaine-susivesiniklahustile\/"},"modified":"2026-05-02T14:40:01","modified_gmt":"2026-05-02T11:40:01","slug":"incarbon-2x5-kg-pesuaine-susivesiniklahustile","status":"publish","type":"product","link":"https:\/\/lavanno.com\/en\/toode\/incarbon-2x5-kg-pesuaine-susivesiniklahustile\/","title":{"rendered":"InCarbon 2&#215;5 kg. Pesuaine s\u00fcsivesiniklahustile"},"content":{"rendered":"<p><strong>Spetsifikatsioon<\/strong><\/p>\n<p><strong>Kasutamine<\/strong><\/p>\n<p>Kasutada t\u00e4iskoormusega pesumasinas esimeses pesuvannis, doseerides nupukambrisse v\u00f5i automaatse doseerimiss\u00fcsteemi kaudu.<\/p>\n<p>Doseerimine:<br \/>\n5\u20136 ml \u00fche kilogrammi r\u00f5ivaste kohta.<br \/>\nSoovitatav on j\u00e4rgida etteantud koguseid ning mitte suurendada annust.<\/p>\n<p><strong>Koostisosad<\/strong><\/p>\n<p>S\u00fcsivesinikud C11\u2013C12 (isoalkaanid, 2% aromaatseid \u00fchendeid), butoks\u00fcdigl\u00fckool, C13-15 pareth-7, kokamiid DEA, l\u00f5hnaained, bensalkooniumkloriid, diet\u00fc\u00fclftalaat, dietanoolamiin, heks\u00fc\u00fcltsinnamaal, but\u00fc\u00fclfen\u00fc\u00fclmet\u00fc\u00fclpropionaal, kumariin, alkohol, C12-16-alk\u00fc\u00fcldimet\u00fc\u00fclamiinid.<\/p>\n<p><strong>Funktsioon<\/strong><\/p>\n<p>Puhastusvahend<\/p>\n<p><a href=\"https:\/\/lavanno.com\/wp-content\/uploads\/2025\/10\/A60-005InCarbonRel1ETSDS.pdf\" target=\"_blank\" rel=\"noopener\">Ohutuskaart<\/a><\/p>\n","protected":false},"excerpt":{"rendered":"<p>InCarbon on spetsiaalne puhastusvahend kasutamiseks s\u00fcsivesiniklahustil p\u00f5hinevates keemilise puhastuse masinates. Toode parandab veep\u00f5histe plekkide eemaldamist ning tagab t\u00f6\u00f6deldud kangastele puhta ja \u00fchtlase tulemuse.<\/p>\n<p>T\u00e4nu oma koostisele on see t\u00e4ielikult \u00fchilduv k\u00f5ikide h\u00fcdrokarbonlahustitega, ei tekita vahtu ning aitab v\u00e4hendada staatilist elektrit. T\u00f6\u00f6deldud kangas ei muutu hallikaks ning v\u00e4rvid s\u00e4ilitavad oma loomuliku tooni.<\/p>\n<ul>\n<li>H\u00f5lbustab veep\u00f5histe plekkide eemaldamist.<\/li>\n<li>Sobib suurep\u00e4raselt k\u00f5igi s\u00fcsivesiniklahustitega.<\/li>\n<li>Kanga t\u00f6\u00f6deldud koht ei muutu halliks.<\/li>\n<li>V\u00e4rvide suhtes neutraalse toimega.<\/li>\n<li>Suurep\u00e4rased antistaatilised omadused.<\/li>\n<li>Ei tekita vahtu.<\/li>\n<\/ul>\n","protected":false},"featured_media":12466,"comment_status":"open","ping_status":"closed","template":"","meta":[],"product_brand":[],"product_cat":[506,528],"product_tag":[835],"class_list":{"0":"post-12068","1":"product","2":"type-product","3":"status-publish","4":"has-post-thumbnail","6":"product_cat-ariklient","7":"product_cat-pesuvahendid","8":"product_tag-pesumajad","10":"first","11":"instock","12":"taxable","13":"shipping-taxable","14":"purchasable","15":"product-type-simple"},"yoast_head":"<!-- This site is optimized with the Yoast SEO plugin v27.0 - https:\/\/yoast.com\/product\/yoast-seo-wordpress\/ -->\n<title>InCarbon 2x5 kg. Pesuaine s\u00fcsivesiniklahustile - Lavanno - pesuvahendite ekspert<\/title>\n<meta name=\"description\" content=\"InCarbon on s\u00fcsivesiniklahustile m\u00f5eldud professionaalne pesuaine, mis tagab antistaatilise toime ja t\u00f5husa plekkide eemaldamise.\" \/>\n<meta name=\"robots\" content=\"index, follow, max-snippet:-1, max-image-preview:large, max-video-preview:-1\" \/>\n<link rel=\"canonical\" href=\"https:\/\/lavanno.com\/en\/toode\/incarbon-2x5-kg-pesuaine-susivesiniklahustile\/\" \/>\n<meta property=\"og:locale\" content=\"en_US\" \/>\n<meta property=\"og:type\" content=\"article\" \/>\n<meta property=\"og:title\" content=\"InCarbon 2x5 kg. Pesuaine s\u00fcsivesiniklahustile - Lavanno - pesuvahendite ekspert\" \/>\n<meta property=\"og:description\" content=\"InCarbon on s\u00fcsivesiniklahustile m\u00f5eldud professionaalne pesuaine, mis tagab antistaatilise toime ja t\u00f5husa plekkide eemaldamise.\" \/>\n<meta property=\"og:url\" content=\"https:\/\/lavanno.com\/en\/toode\/incarbon-2x5-kg-pesuaine-susivesiniklahustile\/\" \/>\n<meta property=\"og:site_name\" content=\"Lavanno - pesuvahendite ekspert\" \/>\n<meta property=\"article:publisher\" content=\"https:\/\/www.facebook.com\/Lavanno.ee\" \/>\n<meta property=\"article:modified_time\" content=\"2026-05-02T11:40:01+00:00\" \/>\n<meta property=\"og:image\" content=\"https:\/\/lavanno.com\/wp-content\/uploads\/2025\/11\/a60-005h2incarbon_2x5kg-1.png\" \/>\n\t<meta property=\"og:image:width\" content=\"800\" \/>\n\t<meta property=\"og:image:height\" content=\"800\" \/>\n\t<meta property=\"og:image:type\" content=\"image\/png\" \/>\n<meta name=\"twitter:card\" content=\"summary_large_image\" \/>\n<meta name=\"twitter:label1\" content=\"Est. reading time\" \/>\n\t<meta name=\"twitter:data1\" content=\"1 minute\" \/>\n<script type=\"application\/ld+json\" class=\"yoast-schema-graph\">{\"@context\":\"https:\/\/schema.org\",\"@graph\":[{\"@type\":\"WebPage\",\"@id\":\"https:\/\/lavanno.com\/en\/toode\/incarbon-2x5-kg-pesuaine-susivesiniklahustile\/\",\"url\":\"https:\/\/lavanno.com\/en\/toode\/incarbon-2x5-kg-pesuaine-susivesiniklahustile\/\",\"name\":\"InCarbon 2x5 kg. Pesuaine s\u00fcsivesiniklahustile - Lavanno - pesuvahendite ekspert\",\"isPartOf\":{\"@id\":\"https:\/\/lavanno.com\/en\/#website\"},\"primaryImageOfPage\":{\"@id\":\"https:\/\/lavanno.com\/en\/toode\/incarbon-2x5-kg-pesuaine-susivesiniklahustile\/#primaryimage\"},\"image\":{\"@id\":\"https:\/\/lavanno.com\/en\/toode\/incarbon-2x5-kg-pesuaine-susivesiniklahustile\/#primaryimage\"},\"thumbnailUrl\":\"https:\/\/lavanno.com\/wp-content\/uploads\/2025\/11\/a60-005h2incarbon_2x5kg-1.png\",\"datePublished\":\"2025-10-22T13:05:01+00:00\",\"dateModified\":\"2026-05-02T11:40:01+00:00\",\"description\":\"InCarbon on s\u00fcsivesiniklahustile m\u00f5eldud professionaalne pesuaine, mis tagab antistaatilise toime ja t\u00f5husa plekkide eemaldamise.\",\"breadcrumb\":{\"@id\":\"https:\/\/lavanno.com\/en\/toode\/incarbon-2x5-kg-pesuaine-susivesiniklahustile\/#breadcrumb\"},\"inLanguage\":\"en-US\",\"potentialAction\":[{\"@type\":\"ReadAction\",\"target\":[\"https:\/\/lavanno.com\/en\/toode\/incarbon-2x5-kg-pesuaine-susivesiniklahustile\/\"]}]},{\"@type\":\"ImageObject\",\"inLanguage\":\"en-US\",\"@id\":\"https:\/\/lavanno.com\/en\/toode\/incarbon-2x5-kg-pesuaine-susivesiniklahustile\/#primaryimage\",\"url\":\"https:\/\/lavanno.com\/wp-content\/uploads\/2025\/11\/a60-005h2incarbon_2x5kg-1.png\",\"contentUrl\":\"https:\/\/lavanno.com\/wp-content\/uploads\/2025\/11\/a60-005h2incarbon_2x5kg-1.png\",\"width\":800,\"height\":800},{\"@type\":\"BreadcrumbList\",\"@id\":\"https:\/\/lavanno.com\/en\/toode\/incarbon-2x5-kg-pesuaine-susivesiniklahustile\/#breadcrumb\",\"itemListElement\":[{\"@type\":\"ListItem\",\"position\":1,\"name\":\"Home\",\"item\":\"https:\/\/lavanno.com\/en\/\"},{\"@type\":\"ListItem\",\"position\":2,\"name\":\"E-pood\",\"item\":\"https:\/\/lavanno.com\/e-pood\/\"},{\"@type\":\"ListItem\",\"position\":3,\"name\":\"InCarbon 2&#215;5 kg. Pesuaine s\u00fcsivesiniklahustile\"}]},{\"@type\":\"WebSite\",\"@id\":\"https:\/\/lavanno.com\/en\/#website\",\"url\":\"https:\/\/lavanno.com\/en\/\",\"name\":\"Lavanno - Pesuvahendite ekspert\",\"description\":\"Toome maale ja m\u00fc\u00fcme tekstiili pesuvahendeid, pesumajaseadmeid ja tarvikuid. Hooldame ja konsulteerime.\",\"publisher\":{\"@id\":\"https:\/\/lavanno.com\/en\/#organization\"},\"potentialAction\":[{\"@type\":\"SearchAction\",\"target\":{\"@type\":\"EntryPoint\",\"urlTemplate\":\"https:\/\/lavanno.com\/en\/?s={search_term_string}\"},\"query-input\":{\"@type\":\"PropertyValueSpecification\",\"valueRequired\":true,\"valueName\":\"search_term_string\"}}],\"inLanguage\":\"en-US\"},{\"@type\":\"Organization\",\"@id\":\"https:\/\/lavanno.com\/en\/#organization\",\"name\":\"Lavanno - Pesuvahendite ekspert\",\"url\":\"https:\/\/lavanno.com\/en\/\",\"logo\":{\"@type\":\"ImageObject\",\"inLanguage\":\"en-US\",\"@id\":\"https:\/\/lavanno.com\/en\/#\/schema\/logo\/image\/\",\"url\":\"https:\/\/lavanno.com\/wp-content\/uploads\/2025\/07\/Lavanno.png\",\"contentUrl\":\"https:\/\/lavanno.com\/wp-content\/uploads\/2025\/07\/Lavanno.png\",\"width\":1200,\"height\":1200,\"caption\":\"Lavanno - Pesuvahendite ekspert\"},\"image\":{\"@id\":\"https:\/\/lavanno.com\/en\/#\/schema\/logo\/image\/\"},\"sameAs\":[\"https:\/\/www.facebook.com\/Lavanno.ee\"]}]}<\/script>\n<!-- \/ Yoast SEO plugin. -->","yoast_head_json":{"title":"InCarbon 2x5 kg. Pesuaine s\u00fcsivesiniklahustile - Lavanno - pesuvahendite ekspert","description":"InCarbon on s\u00fcsivesiniklahustile m\u00f5eldud professionaalne pesuaine, mis tagab antistaatilise toime ja t\u00f5husa plekkide eemaldamise.","robots":{"index":"index","follow":"follow","max-snippet":"max-snippet:-1","max-image-preview":"max-image-preview:large","max-video-preview":"max-video-preview:-1"},"canonical":"https:\/\/lavanno.com\/en\/toode\/incarbon-2x5-kg-pesuaine-susivesiniklahustile\/","og_locale":"en_US","og_type":"article","og_title":"InCarbon 2x5 kg. Pesuaine s\u00fcsivesiniklahustile - Lavanno - pesuvahendite ekspert","og_description":"InCarbon on s\u00fcsivesiniklahustile m\u00f5eldud professionaalne pesuaine, mis tagab antistaatilise toime ja t\u00f5husa plekkide eemaldamise.","og_url":"https:\/\/lavanno.com\/en\/toode\/incarbon-2x5-kg-pesuaine-susivesiniklahustile\/","og_site_name":"Lavanno - pesuvahendite ekspert","article_publisher":"https:\/\/www.facebook.com\/Lavanno.ee","article_modified_time":"2026-05-02T11:40:01+00:00","og_image":[{"width":800,"height":800,"url":"https:\/\/lavanno.com\/wp-content\/uploads\/2025\/11\/a60-005h2incarbon_2x5kg-1.png","type":"image\/png"}],"twitter_card":"summary_large_image","twitter_misc":{"Est. reading time":"1 minute"},"schema":{"@context":"https:\/\/schema.org","@graph":[{"@type":"WebPage","@id":"https:\/\/lavanno.com\/en\/toode\/incarbon-2x5-kg-pesuaine-susivesiniklahustile\/","url":"https:\/\/lavanno.com\/en\/toode\/incarbon-2x5-kg-pesuaine-susivesiniklahustile\/","name":"InCarbon 2x5 kg. Pesuaine s\u00fcsivesiniklahustile - Lavanno - pesuvahendite ekspert","isPartOf":{"@id":"https:\/\/lavanno.com\/en\/#website"},"primaryImageOfPage":{"@id":"https:\/\/lavanno.com\/en\/toode\/incarbon-2x5-kg-pesuaine-susivesiniklahustile\/#primaryimage"},"image":{"@id":"https:\/\/lavanno.com\/en\/toode\/incarbon-2x5-kg-pesuaine-susivesiniklahustile\/#primaryimage"},"thumbnailUrl":"https:\/\/lavanno.com\/wp-content\/uploads\/2025\/11\/a60-005h2incarbon_2x5kg-1.png","datePublished":"2025-10-22T13:05:01+00:00","dateModified":"2026-05-02T11:40:01+00:00","description":"InCarbon on s\u00fcsivesiniklahustile m\u00f5eldud professionaalne pesuaine, mis tagab antistaatilise toime ja t\u00f5husa plekkide eemaldamise.","breadcrumb":{"@id":"https:\/\/lavanno.com\/en\/toode\/incarbon-2x5-kg-pesuaine-susivesiniklahustile\/#breadcrumb"},"inLanguage":"en-US","potentialAction":[{"@type":"ReadAction","target":["https:\/\/lavanno.com\/en\/toode\/incarbon-2x5-kg-pesuaine-susivesiniklahustile\/"]}]},{"@type":"ImageObject","inLanguage":"en-US","@id":"https:\/\/lavanno.com\/en\/toode\/incarbon-2x5-kg-pesuaine-susivesiniklahustile\/#primaryimage","url":"https:\/\/lavanno.com\/wp-content\/uploads\/2025\/11\/a60-005h2incarbon_2x5kg-1.png","contentUrl":"https:\/\/lavanno.com\/wp-content\/uploads\/2025\/11\/a60-005h2incarbon_2x5kg-1.png","width":800,"height":800},{"@type":"BreadcrumbList","@id":"https:\/\/lavanno.com\/en\/toode\/incarbon-2x5-kg-pesuaine-susivesiniklahustile\/#breadcrumb","itemListElement":[{"@type":"ListItem","position":1,"name":"Home","item":"https:\/\/lavanno.com\/en\/"},{"@type":"ListItem","position":2,"name":"E-pood","item":"https:\/\/lavanno.com\/e-pood\/"},{"@type":"ListItem","position":3,"name":"InCarbon 2&#215;5 kg. Pesuaine s\u00fcsivesiniklahustile"}]},{"@type":"WebSite","@id":"https:\/\/lavanno.com\/en\/#website","url":"https:\/\/lavanno.com\/en\/","name":"Lavanno - Pesuvahendite ekspert","description":"Toome maale ja m\u00fc\u00fcme tekstiili pesuvahendeid, pesumajaseadmeid ja tarvikuid. Hooldame ja konsulteerime.","publisher":{"@id":"https:\/\/lavanno.com\/en\/#organization"},"potentialAction":[{"@type":"SearchAction","target":{"@type":"EntryPoint","urlTemplate":"https:\/\/lavanno.com\/en\/?s={search_term_string}"},"query-input":{"@type":"PropertyValueSpecification","valueRequired":true,"valueName":"search_term_string"}}],"inLanguage":"en-US"},{"@type":"Organization","@id":"https:\/\/lavanno.com\/en\/#organization","name":"Lavanno - Pesuvahendite ekspert","url":"https:\/\/lavanno.com\/en\/","logo":{"@type":"ImageObject","inLanguage":"en-US","@id":"https:\/\/lavanno.com\/en\/#\/schema\/logo\/image\/","url":"https:\/\/lavanno.com\/wp-content\/uploads\/2025\/07\/Lavanno.png","contentUrl":"https:\/\/lavanno.com\/wp-content\/uploads\/2025\/07\/Lavanno.png","width":1200,"height":1200,"caption":"Lavanno - Pesuvahendite ekspert"},"image":{"@id":"https:\/\/lavanno.com\/en\/#\/schema\/logo\/image\/"},"sameAs":["https:\/\/www.facebook.com\/Lavanno.ee"]}]}},"_links":{"self":[{"href":"https:\/\/lavanno.com\/en\/wp-json\/wp\/v2\/product\/12068","targetHints":{"allow":["GET"]}}],"collection":[{"href":"https:\/\/lavanno.com\/en\/wp-json\/wp\/v2\/product"}],"about":[{"href":"https:\/\/lavanno.com\/en\/wp-json\/wp\/v2\/types\/product"}],"replies":[{"embeddable":true,"href":"https:\/\/lavanno.com\/en\/wp-json\/wp\/v2\/comments?post=12068"}],"wp:featuredmedia":[{"embeddable":true,"href":"https:\/\/lavanno.com\/en\/wp-json\/wp\/v2\/media\/12466"}],"wp:attachment":[{"href":"https:\/\/lavanno.com\/en\/wp-json\/wp\/v2\/media?parent=12068"}],"wp:term":[{"taxonomy":"product_brand","embeddable":true,"href":"https:\/\/lavanno.com\/en\/wp-json\/wp\/v2\/product_brand?post=12068"},{"taxonomy":"product_cat","embeddable":true,"href":"https:\/\/lavanno.com\/en\/wp-json\/wp\/v2\/product_cat?post=12068"},{"taxonomy":"product_tag","embeddable":true,"href":"https:\/\/lavanno.com\/en\/wp-json\/wp\/v2\/product_tag?post=12068"}],"curies":[{"name":"wp","href":"https:\/\/api.w.org\/{rel}","templated":true}]}}