{"id":12073,"date":"2025-10-22T19:20:00","date_gmt":"2025-10-22T16:20:00","guid":{"rendered":"https:\/\/lavanno.com\/toode\/biocolor-varvikinnitus-ja-parandusvahend\/"},"modified":"2026-05-02T08:40:00","modified_gmt":"2026-05-02T05:40:00","slug":"biocolor-varvikinnitus-ja-parandusvahend","status":"publish","type":"product","link":"https:\/\/lavanno.com\/en\/toode\/biocolor-varvikinnitus-ja-parandusvahend\/","title":{"rendered":"Biocolor &#8211; v\u00e4rvikinnitus &#8211; ja parandusvahend"},"content":{"rendered":"<p><strong>Spetsifikatsioon<\/strong><\/p>\n<p><strong>Kasutamine<\/strong><\/p>\n<p>Biocolor lisatakse pesuveele vastavalt kasutusjuhendile, et fikseerida v\u00e4rvipigmendid enne edasist pesemist, v\u00e4hendades v\u00e4rvide \u00fclekandumist ja s\u00e4ilitades r\u00f5ivaste algup\u00e4rast v\u00e4ljan\u00e4gemist.<\/p>\n<p><strong>Koostisosad\u00a0<\/strong><\/p>\n<p>Vesi, C13-15 pareth-7, isoprop\u00fc\u00fclalkohol, PVP, steareth-21, met\u00fc\u00fclkloroisotiasolinoon, met\u00fc\u00fclisotiasolinoon.<\/p>\n<p><a href=\"https:\/\/lavanno.com\/wp-content\/uploads\/2025\/09\/A48-050Tintolav_-_BiocolorRel3ETSDS.pdf\" target=\"_blank\" rel=\"noopener\">Ohutuskaart<\/a><\/p>\n","protected":false},"excerpt":{"rendered":"<p>Biocolor on v\u00e4rvi fikseerimise aine, mis takistab v\u00e4rvipigmentide eraldumist kangastest ning aitab v\u00e4hendada v\u00e4rvide \u00fclekandumist pesu ajal. Sobib professionaalseks kasutuseks pesumajades ja keemilistes puhastustes.<\/p>\n<ul>\n<li>Lahustub kergesti soojas ja k\u00fclmas veest.<\/li>\n<li>Lahendab probleemid ka siis, kui r\u00f5ivad on pesuts\u00fckli ajal v\u00e4rvi andnud.<\/li>\n<li>Ennetab kinnistamata v\u00e4rvide sadestumist.<\/li>\n<\/ul>\n","protected":false},"featured_media":12318,"comment_status":"open","ping_status":"closed","template":"","meta":[],"product_brand":[],"product_cat":[506,572],"product_tag":[835],"class_list":{"0":"post-12073","1":"product","2":"type-product","3":"status-publish","4":"has-post-thumbnail","6":"product_cat-ariklient","7":"product_cat-lisaained","8":"product_tag-pesumajad","10":"first","11":"instock","12":"taxable","13":"shipping-taxable","14":"purchasable","15":"product-type-simple"},"yoast_head":"<!-- This site is optimized with the Yoast SEO plugin v27.0 - https:\/\/yoast.com\/product\/yoast-seo-wordpress\/ -->\n<title>Biocolor - v\u00e4rvikinnitus - ja parandusvahend - Lavanno - pesuvahendite ekspert<\/title>\n<meta name=\"description\" content=\"Biocolor on v\u00e4rvi fikseerimise aine, mis aitab v\u00e4ltida v\u00e4rvide \u00fclekandumist pesu ajal. Sobib professionaalseks kasutuseks.\" \/>\n<meta name=\"robots\" content=\"index, follow, max-snippet:-1, max-image-preview:large, max-video-preview:-1\" \/>\n<link rel=\"canonical\" href=\"https:\/\/lavanno.com\/en\/toode\/biocolor-varvikinnitus-ja-parandusvahend\/\" \/>\n<meta property=\"og:locale\" content=\"en_US\" \/>\n<meta property=\"og:type\" content=\"article\" \/>\n<meta property=\"og:title\" content=\"Biocolor - v\u00e4rvikinnitus - ja parandusvahend - Lavanno - pesuvahendite ekspert\" \/>\n<meta property=\"og:description\" content=\"Biocolor on v\u00e4rvi fikseerimise aine, mis aitab v\u00e4ltida v\u00e4rvide \u00fclekandumist pesu ajal. Sobib professionaalseks kasutuseks.\" \/>\n<meta property=\"og:url\" content=\"https:\/\/lavanno.com\/en\/toode\/biocolor-varvikinnitus-ja-parandusvahend\/\" \/>\n<meta property=\"og:site_name\" content=\"Lavanno - pesuvahendite ekspert\" \/>\n<meta property=\"article:publisher\" content=\"https:\/\/www.facebook.com\/Lavanno.ee\" \/>\n<meta property=\"article:modified_time\" content=\"2026-05-02T05:40:00+00:00\" \/>\n<meta property=\"og:image\" content=\"https:\/\/lavanno.com\/wp-content\/uploads\/2025\/11\/a48-050dbiocolor_1kg-1.png\" \/>\n\t<meta property=\"og:image:width\" content=\"800\" \/>\n\t<meta property=\"og:image:height\" content=\"800\" \/>\n\t<meta property=\"og:image:type\" content=\"image\/png\" \/>\n<meta name=\"twitter:card\" content=\"summary_large_image\" \/>\n<meta name=\"twitter:label1\" content=\"Est. reading time\" \/>\n\t<meta name=\"twitter:data1\" content=\"1 minute\" \/>\n<script type=\"application\/ld+json\" class=\"yoast-schema-graph\">{\"@context\":\"https:\/\/schema.org\",\"@graph\":[{\"@type\":\"WebPage\",\"@id\":\"https:\/\/lavanno.com\/en\/toode\/biocolor-varvikinnitus-ja-parandusvahend\/\",\"url\":\"https:\/\/lavanno.com\/en\/toode\/biocolor-varvikinnitus-ja-parandusvahend\/\",\"name\":\"Biocolor - v\u00e4rvikinnitus - ja parandusvahend - Lavanno - pesuvahendite ekspert\",\"isPartOf\":{\"@id\":\"https:\/\/lavanno.com\/en\/#website\"},\"primaryImageOfPage\":{\"@id\":\"https:\/\/lavanno.com\/en\/toode\/biocolor-varvikinnitus-ja-parandusvahend\/#primaryimage\"},\"image\":{\"@id\":\"https:\/\/lavanno.com\/en\/toode\/biocolor-varvikinnitus-ja-parandusvahend\/#primaryimage\"},\"thumbnailUrl\":\"https:\/\/lavanno.com\/wp-content\/uploads\/2025\/11\/a48-050dbiocolor_1kg-1.png\",\"datePublished\":\"2025-10-22T16:20:00+00:00\",\"dateModified\":\"2026-05-02T05:40:00+00:00\",\"description\":\"Biocolor on v\u00e4rvi fikseerimise aine, mis aitab v\u00e4ltida v\u00e4rvide \u00fclekandumist pesu ajal. Sobib professionaalseks kasutuseks.\",\"breadcrumb\":{\"@id\":\"https:\/\/lavanno.com\/en\/toode\/biocolor-varvikinnitus-ja-parandusvahend\/#breadcrumb\"},\"inLanguage\":\"en-US\",\"potentialAction\":[{\"@type\":\"ReadAction\",\"target\":[\"https:\/\/lavanno.com\/en\/toode\/biocolor-varvikinnitus-ja-parandusvahend\/\"]}]},{\"@type\":\"ImageObject\",\"inLanguage\":\"en-US\",\"@id\":\"https:\/\/lavanno.com\/en\/toode\/biocolor-varvikinnitus-ja-parandusvahend\/#primaryimage\",\"url\":\"https:\/\/lavanno.com\/wp-content\/uploads\/2025\/11\/a48-050dbiocolor_1kg-1.png\",\"contentUrl\":\"https:\/\/lavanno.com\/wp-content\/uploads\/2025\/11\/a48-050dbiocolor_1kg-1.png\",\"width\":800,\"height\":800},{\"@type\":\"BreadcrumbList\",\"@id\":\"https:\/\/lavanno.com\/en\/toode\/biocolor-varvikinnitus-ja-parandusvahend\/#breadcrumb\",\"itemListElement\":[{\"@type\":\"ListItem\",\"position\":1,\"name\":\"Home\",\"item\":\"https:\/\/lavanno.com\/en\/\"},{\"@type\":\"ListItem\",\"position\":2,\"name\":\"E-pood\",\"item\":\"https:\/\/lavanno.com\/e-pood\/\"},{\"@type\":\"ListItem\",\"position\":3,\"name\":\"Biocolor &#8211; v\u00e4rvikinnitus &#8211; ja parandusvahend\"}]},{\"@type\":\"WebSite\",\"@id\":\"https:\/\/lavanno.com\/en\/#website\",\"url\":\"https:\/\/lavanno.com\/en\/\",\"name\":\"Lavanno - Pesuvahendite ekspert\",\"description\":\"Toome maale ja m\u00fc\u00fcme tekstiili pesuvahendeid, pesumajaseadmeid ja tarvikuid. Hooldame ja konsulteerime.\",\"publisher\":{\"@id\":\"https:\/\/lavanno.com\/en\/#organization\"},\"potentialAction\":[{\"@type\":\"SearchAction\",\"target\":{\"@type\":\"EntryPoint\",\"urlTemplate\":\"https:\/\/lavanno.com\/en\/?s={search_term_string}\"},\"query-input\":{\"@type\":\"PropertyValueSpecification\",\"valueRequired\":true,\"valueName\":\"search_term_string\"}}],\"inLanguage\":\"en-US\"},{\"@type\":\"Organization\",\"@id\":\"https:\/\/lavanno.com\/en\/#organization\",\"name\":\"Lavanno - Pesuvahendite ekspert\",\"url\":\"https:\/\/lavanno.com\/en\/\",\"logo\":{\"@type\":\"ImageObject\",\"inLanguage\":\"en-US\",\"@id\":\"https:\/\/lavanno.com\/en\/#\/schema\/logo\/image\/\",\"url\":\"https:\/\/lavanno.com\/wp-content\/uploads\/2025\/07\/Lavanno.png\",\"contentUrl\":\"https:\/\/lavanno.com\/wp-content\/uploads\/2025\/07\/Lavanno.png\",\"width\":1200,\"height\":1200,\"caption\":\"Lavanno - Pesuvahendite ekspert\"},\"image\":{\"@id\":\"https:\/\/lavanno.com\/en\/#\/schema\/logo\/image\/\"},\"sameAs\":[\"https:\/\/www.facebook.com\/Lavanno.ee\"]}]}<\/script>\n<!-- \/ Yoast SEO plugin. -->","yoast_head_json":{"title":"Biocolor - v\u00e4rvikinnitus - ja parandusvahend - Lavanno - pesuvahendite ekspert","description":"Biocolor on v\u00e4rvi fikseerimise aine, mis aitab v\u00e4ltida v\u00e4rvide \u00fclekandumist pesu ajal. Sobib professionaalseks kasutuseks.","robots":{"index":"index","follow":"follow","max-snippet":"max-snippet:-1","max-image-preview":"max-image-preview:large","max-video-preview":"max-video-preview:-1"},"canonical":"https:\/\/lavanno.com\/en\/toode\/biocolor-varvikinnitus-ja-parandusvahend\/","og_locale":"en_US","og_type":"article","og_title":"Biocolor - v\u00e4rvikinnitus - ja parandusvahend - Lavanno - pesuvahendite ekspert","og_description":"Biocolor on v\u00e4rvi fikseerimise aine, mis aitab v\u00e4ltida v\u00e4rvide \u00fclekandumist pesu ajal. Sobib professionaalseks kasutuseks.","og_url":"https:\/\/lavanno.com\/en\/toode\/biocolor-varvikinnitus-ja-parandusvahend\/","og_site_name":"Lavanno - pesuvahendite ekspert","article_publisher":"https:\/\/www.facebook.com\/Lavanno.ee","article_modified_time":"2026-05-02T05:40:00+00:00","og_image":[{"width":800,"height":800,"url":"https:\/\/lavanno.com\/wp-content\/uploads\/2025\/11\/a48-050dbiocolor_1kg-1.png","type":"image\/png"}],"twitter_card":"summary_large_image","twitter_misc":{"Est. reading time":"1 minute"},"schema":{"@context":"https:\/\/schema.org","@graph":[{"@type":"WebPage","@id":"https:\/\/lavanno.com\/en\/toode\/biocolor-varvikinnitus-ja-parandusvahend\/","url":"https:\/\/lavanno.com\/en\/toode\/biocolor-varvikinnitus-ja-parandusvahend\/","name":"Biocolor - v\u00e4rvikinnitus - ja parandusvahend - Lavanno - pesuvahendite ekspert","isPartOf":{"@id":"https:\/\/lavanno.com\/en\/#website"},"primaryImageOfPage":{"@id":"https:\/\/lavanno.com\/en\/toode\/biocolor-varvikinnitus-ja-parandusvahend\/#primaryimage"},"image":{"@id":"https:\/\/lavanno.com\/en\/toode\/biocolor-varvikinnitus-ja-parandusvahend\/#primaryimage"},"thumbnailUrl":"https:\/\/lavanno.com\/wp-content\/uploads\/2025\/11\/a48-050dbiocolor_1kg-1.png","datePublished":"2025-10-22T16:20:00+00:00","dateModified":"2026-05-02T05:40:00+00:00","description":"Biocolor on v\u00e4rvi fikseerimise aine, mis aitab v\u00e4ltida v\u00e4rvide \u00fclekandumist pesu ajal. Sobib professionaalseks kasutuseks.","breadcrumb":{"@id":"https:\/\/lavanno.com\/en\/toode\/biocolor-varvikinnitus-ja-parandusvahend\/#breadcrumb"},"inLanguage":"en-US","potentialAction":[{"@type":"ReadAction","target":["https:\/\/lavanno.com\/en\/toode\/biocolor-varvikinnitus-ja-parandusvahend\/"]}]},{"@type":"ImageObject","inLanguage":"en-US","@id":"https:\/\/lavanno.com\/en\/toode\/biocolor-varvikinnitus-ja-parandusvahend\/#primaryimage","url":"https:\/\/lavanno.com\/wp-content\/uploads\/2025\/11\/a48-050dbiocolor_1kg-1.png","contentUrl":"https:\/\/lavanno.com\/wp-content\/uploads\/2025\/11\/a48-050dbiocolor_1kg-1.png","width":800,"height":800},{"@type":"BreadcrumbList","@id":"https:\/\/lavanno.com\/en\/toode\/biocolor-varvikinnitus-ja-parandusvahend\/#breadcrumb","itemListElement":[{"@type":"ListItem","position":1,"name":"Home","item":"https:\/\/lavanno.com\/en\/"},{"@type":"ListItem","position":2,"name":"E-pood","item":"https:\/\/lavanno.com\/e-pood\/"},{"@type":"ListItem","position":3,"name":"Biocolor &#8211; v\u00e4rvikinnitus &#8211; ja parandusvahend"}]},{"@type":"WebSite","@id":"https:\/\/lavanno.com\/en\/#website","url":"https:\/\/lavanno.com\/en\/","name":"Lavanno - Pesuvahendite ekspert","description":"Toome maale ja m\u00fc\u00fcme tekstiili pesuvahendeid, pesumajaseadmeid ja tarvikuid. Hooldame ja konsulteerime.","publisher":{"@id":"https:\/\/lavanno.com\/en\/#organization"},"potentialAction":[{"@type":"SearchAction","target":{"@type":"EntryPoint","urlTemplate":"https:\/\/lavanno.com\/en\/?s={search_term_string}"},"query-input":{"@type":"PropertyValueSpecification","valueRequired":true,"valueName":"search_term_string"}}],"inLanguage":"en-US"},{"@type":"Organization","@id":"https:\/\/lavanno.com\/en\/#organization","name":"Lavanno - Pesuvahendite ekspert","url":"https:\/\/lavanno.com\/en\/","logo":{"@type":"ImageObject","inLanguage":"en-US","@id":"https:\/\/lavanno.com\/en\/#\/schema\/logo\/image\/","url":"https:\/\/lavanno.com\/wp-content\/uploads\/2025\/07\/Lavanno.png","contentUrl":"https:\/\/lavanno.com\/wp-content\/uploads\/2025\/07\/Lavanno.png","width":1200,"height":1200,"caption":"Lavanno - Pesuvahendite ekspert"},"image":{"@id":"https:\/\/lavanno.com\/en\/#\/schema\/logo\/image\/"},"sameAs":["https:\/\/www.facebook.com\/Lavanno.ee"]}]}},"_links":{"self":[{"href":"https:\/\/lavanno.com\/en\/wp-json\/wp\/v2\/product\/12073","targetHints":{"allow":["GET"]}}],"collection":[{"href":"https:\/\/lavanno.com\/en\/wp-json\/wp\/v2\/product"}],"about":[{"href":"https:\/\/lavanno.com\/en\/wp-json\/wp\/v2\/types\/product"}],"replies":[{"embeddable":true,"href":"https:\/\/lavanno.com\/en\/wp-json\/wp\/v2\/comments?post=12073"}],"wp:featuredmedia":[{"embeddable":true,"href":"https:\/\/lavanno.com\/en\/wp-json\/wp\/v2\/media\/12318"}],"wp:attachment":[{"href":"https:\/\/lavanno.com\/en\/wp-json\/wp\/v2\/media?parent=12073"}],"wp:term":[{"taxonomy":"product_brand","embeddable":true,"href":"https:\/\/lavanno.com\/en\/wp-json\/wp\/v2\/product_brand?post=12073"},{"taxonomy":"product_cat","embeddable":true,"href":"https:\/\/lavanno.com\/en\/wp-json\/wp\/v2\/product_cat?post=12073"},{"taxonomy":"product_tag","embeddable":true,"href":"https:\/\/lavanno.com\/en\/wp-json\/wp\/v2\/product_tag?post=12073"}],"curies":[{"name":"wp","href":"https:\/\/api.w.org\/{rel}","templated":true}]}}