{"id":12078,"date":"2025-10-22T19:20:01","date_gmt":"2025-10-22T16:20:01","guid":{"rendered":"https:\/\/lavanno.com\/toode\/hygiene-bomb-clean-sense-desinfitseeriv-pesuloputusvahend-750ml\/"},"modified":"2026-05-02T14:45:00","modified_gmt":"2026-05-02T11:45:00","slug":"hygiene-bomb-clean-sense-desinfitseeriv-pesuloputusvahend-750ml","status":"publish","type":"product","link":"https:\/\/lavanno.com\/en\/toode\/hygiene-bomb-clean-sense-desinfitseeriv-pesuloputusvahend-750ml\/","title":{"rendered":"HYGIENE BOMB Clean Sense &#8211; desinfitseeriv pesuloputusvahend &#8211; 750ml"},"content":{"rendered":"<p><a href=\"https:\/\/lavanno.com\/wp-content\/uploads\/2022\/08\/A45-210Hygienfresh_HygieneBomb_Ammorbidente_Clean_SenseRel1ENSDS.pdf\">Safety Data Sheet<\/a><\/br><a href=\"https:\/\/lavanno.com\/wp-content\/uploads\/2021\/05\/A45-210HygieneBomb_Softener_CleanSenseRel1ENTEC.pdf\">Technical Data Sheet<\/a><\/p>\n","protected":false},"excerpt":{"rendered":"<p>Spetsiaalse kaitsva koostisega konsentreeritud v\u00e4rskel\u00f5hnaline pesupehmendi.<\/p>\n<p> Selle toote eelised:<br \/>\n \u00dcks toode, mis puhastab, viimistleb ja tagab t\u00f5husa h\u00fcgieenilisuse.<br \/>\n Konsentraat tagab pehmuse ja hea l\u00f5hna ka v\u00e4ikeste koguste kasutamisel.<br \/>\n \u00dclimalt aktiivsed molekulid eriti pehme tulemuse jaoks.<br \/>\n Testitud nikli ja kroomi suhtes (nikkel 0,001% \/ kroom 0,001%).<br \/>\n Ei ole kasutatud loomkatseid.<\/p>\n","protected":false},"featured_media":12478,"comment_status":"open","ping_status":"closed","template":"","meta":[],"product_brand":[],"product_cat":[15],"product_tag":[],"class_list":{"0":"post-12078","1":"product","2":"type-product","3":"status-publish","4":"has-post-thumbnail","6":"product_cat-uncategorized","8":"first","9":"instock","10":"taxable","11":"shipping-taxable","12":"purchasable","13":"product-type-simple"},"yoast_head":"<!-- This site is optimized with the Yoast SEO plugin v27.0 - https:\/\/yoast.com\/product\/yoast-seo-wordpress\/ -->\n<title>HYGIENE BOMB Clean Sense - desinfitseeriv pesuloputusvahend - 750ml - Lavanno - pesuvahendite ekspert<\/title>\n<meta name=\"robots\" content=\"index, follow, max-snippet:-1, max-image-preview:large, max-video-preview:-1\" \/>\n<link rel=\"canonical\" href=\"https:\/\/lavanno.com\/en\/toode\/hygiene-bomb-clean-sense-desinfitseeriv-pesuloputusvahend-750ml\/\" \/>\n<meta property=\"og:locale\" content=\"en_US\" \/>\n<meta property=\"og:type\" content=\"article\" \/>\n<meta property=\"og:title\" content=\"HYGIENE BOMB Clean Sense - desinfitseeriv pesuloputusvahend - 750ml - Lavanno - pesuvahendite ekspert\" \/>\n<meta property=\"og:description\" content=\"Spetsiaalse kaitsva koostisega konsentreeritud v\u00e4rskel\u00f5hnaline pesupehmendi.  Selle toote eelised: \u00dcks toode, mis puhastab, viimistleb ja tagab t\u00f5husa h\u00fcgieenilisuse. Konsentraat tagab pehmuse ja hea l\u00f5hna ka v\u00e4ikeste koguste kasutamisel. \u00dclimalt aktiivsed molekulid eriti pehme tulemuse jaoks. Testitud nikli ja kroomi suhtes (nikkel 0,001% \/ kroom 0,001%). Ei ole kasutatud loomkatseid.\" \/>\n<meta property=\"og:url\" content=\"https:\/\/lavanno.com\/en\/toode\/hygiene-bomb-clean-sense-desinfitseeriv-pesuloputusvahend-750ml\/\" \/>\n<meta property=\"og:site_name\" content=\"Lavanno - pesuvahendite ekspert\" \/>\n<meta property=\"article:publisher\" content=\"https:\/\/www.facebook.com\/Lavanno.ee\" \/>\n<meta property=\"article:modified_time\" content=\"2026-05-02T11:45:00+00:00\" \/>\n<meta name=\"twitter:card\" content=\"summary_large_image\" \/>\n<script type=\"application\/ld+json\" class=\"yoast-schema-graph\">{\"@context\":\"https:\/\/schema.org\",\"@graph\":[{\"@type\":\"WebPage\",\"@id\":\"https:\/\/lavanno.com\/en\/toode\/hygiene-bomb-clean-sense-desinfitseeriv-pesuloputusvahend-750ml\/\",\"url\":\"https:\/\/lavanno.com\/en\/toode\/hygiene-bomb-clean-sense-desinfitseeriv-pesuloputusvahend-750ml\/\",\"name\":\"HYGIENE BOMB Clean Sense - desinfitseeriv pesuloputusvahend - 750ml - Lavanno - pesuvahendite ekspert\",\"isPartOf\":{\"@id\":\"https:\/\/lavanno.com\/en\/#website\"},\"primaryImageOfPage\":{\"@id\":\"https:\/\/lavanno.com\/en\/toode\/hygiene-bomb-clean-sense-desinfitseeriv-pesuloputusvahend-750ml\/#primaryimage\"},\"image\":{\"@id\":\"https:\/\/lavanno.com\/en\/toode\/hygiene-bomb-clean-sense-desinfitseeriv-pesuloputusvahend-750ml\/#primaryimage\"},\"thumbnailUrl\":\"https:\/\/lavanno.com\/wp-content\/uploads\/2025\/11\/a45-210chygienebomb_laundrysoftener_cleansense-1.png\",\"datePublished\":\"2025-10-22T16:20:01+00:00\",\"dateModified\":\"2026-05-02T11:45:00+00:00\",\"breadcrumb\":{\"@id\":\"https:\/\/lavanno.com\/en\/toode\/hygiene-bomb-clean-sense-desinfitseeriv-pesuloputusvahend-750ml\/#breadcrumb\"},\"inLanguage\":\"en-US\",\"potentialAction\":[{\"@type\":\"ReadAction\",\"target\":[\"https:\/\/lavanno.com\/en\/toode\/hygiene-bomb-clean-sense-desinfitseeriv-pesuloputusvahend-750ml\/\"]}]},{\"@type\":\"ImageObject\",\"inLanguage\":\"en-US\",\"@id\":\"https:\/\/lavanno.com\/en\/toode\/hygiene-bomb-clean-sense-desinfitseeriv-pesuloputusvahend-750ml\/#primaryimage\",\"url\":\"https:\/\/lavanno.com\/wp-content\/uploads\/2025\/11\/a45-210chygienebomb_laundrysoftener_cleansense-1.png\",\"contentUrl\":\"https:\/\/lavanno.com\/wp-content\/uploads\/2025\/11\/a45-210chygienebomb_laundrysoftener_cleansense-1.png\",\"width\":800,\"height\":800},{\"@type\":\"BreadcrumbList\",\"@id\":\"https:\/\/lavanno.com\/en\/toode\/hygiene-bomb-clean-sense-desinfitseeriv-pesuloputusvahend-750ml\/#breadcrumb\",\"itemListElement\":[{\"@type\":\"ListItem\",\"position\":1,\"name\":\"Home\",\"item\":\"https:\/\/lavanno.com\/en\/\"},{\"@type\":\"ListItem\",\"position\":2,\"name\":\"E-pood\",\"item\":\"https:\/\/lavanno.com\/e-pood\/\"},{\"@type\":\"ListItem\",\"position\":3,\"name\":\"HYGIENE BOMB Clean Sense &#8211; desinfitseeriv pesuloputusvahend &#8211; 750ml\"}]},{\"@type\":\"WebSite\",\"@id\":\"https:\/\/lavanno.com\/en\/#website\",\"url\":\"https:\/\/lavanno.com\/en\/\",\"name\":\"Lavanno - Pesuvahendite ekspert\",\"description\":\"Toome maale ja m\u00fc\u00fcme tekstiili pesuvahendeid, pesumajaseadmeid ja tarvikuid. Hooldame ja konsulteerime.\",\"publisher\":{\"@id\":\"https:\/\/lavanno.com\/en\/#organization\"},\"potentialAction\":[{\"@type\":\"SearchAction\",\"target\":{\"@type\":\"EntryPoint\",\"urlTemplate\":\"https:\/\/lavanno.com\/en\/?s={search_term_string}\"},\"query-input\":{\"@type\":\"PropertyValueSpecification\",\"valueRequired\":true,\"valueName\":\"search_term_string\"}}],\"inLanguage\":\"en-US\"},{\"@type\":\"Organization\",\"@id\":\"https:\/\/lavanno.com\/en\/#organization\",\"name\":\"Lavanno - Pesuvahendite ekspert\",\"url\":\"https:\/\/lavanno.com\/en\/\",\"logo\":{\"@type\":\"ImageObject\",\"inLanguage\":\"en-US\",\"@id\":\"https:\/\/lavanno.com\/en\/#\/schema\/logo\/image\/\",\"url\":\"https:\/\/lavanno.com\/wp-content\/uploads\/2025\/07\/Lavanno.png\",\"contentUrl\":\"https:\/\/lavanno.com\/wp-content\/uploads\/2025\/07\/Lavanno.png\",\"width\":1200,\"height\":1200,\"caption\":\"Lavanno - Pesuvahendite ekspert\"},\"image\":{\"@id\":\"https:\/\/lavanno.com\/en\/#\/schema\/logo\/image\/\"},\"sameAs\":[\"https:\/\/www.facebook.com\/Lavanno.ee\"]}]}<\/script>\n<!-- \/ Yoast SEO plugin. -->","yoast_head_json":{"title":"HYGIENE BOMB Clean Sense - desinfitseeriv pesuloputusvahend - 750ml - Lavanno - pesuvahendite ekspert","robots":{"index":"index","follow":"follow","max-snippet":"max-snippet:-1","max-image-preview":"max-image-preview:large","max-video-preview":"max-video-preview:-1"},"canonical":"https:\/\/lavanno.com\/en\/toode\/hygiene-bomb-clean-sense-desinfitseeriv-pesuloputusvahend-750ml\/","og_locale":"en_US","og_type":"article","og_title":"HYGIENE BOMB Clean Sense - desinfitseeriv pesuloputusvahend - 750ml - Lavanno - pesuvahendite ekspert","og_description":"Spetsiaalse kaitsva koostisega konsentreeritud v\u00e4rskel\u00f5hnaline pesupehmendi.  Selle toote eelised: \u00dcks toode, mis puhastab, viimistleb ja tagab t\u00f5husa h\u00fcgieenilisuse. Konsentraat tagab pehmuse ja hea l\u00f5hna ka v\u00e4ikeste koguste kasutamisel. \u00dclimalt aktiivsed molekulid eriti pehme tulemuse jaoks. Testitud nikli ja kroomi suhtes (nikkel 0,001% \/ kroom 0,001%). Ei ole kasutatud loomkatseid.","og_url":"https:\/\/lavanno.com\/en\/toode\/hygiene-bomb-clean-sense-desinfitseeriv-pesuloputusvahend-750ml\/","og_site_name":"Lavanno - pesuvahendite ekspert","article_publisher":"https:\/\/www.facebook.com\/Lavanno.ee","article_modified_time":"2026-05-02T11:45:00+00:00","twitter_card":"summary_large_image","schema":{"@context":"https:\/\/schema.org","@graph":[{"@type":"WebPage","@id":"https:\/\/lavanno.com\/en\/toode\/hygiene-bomb-clean-sense-desinfitseeriv-pesuloputusvahend-750ml\/","url":"https:\/\/lavanno.com\/en\/toode\/hygiene-bomb-clean-sense-desinfitseeriv-pesuloputusvahend-750ml\/","name":"HYGIENE BOMB Clean Sense - desinfitseeriv pesuloputusvahend - 750ml - Lavanno - pesuvahendite ekspert","isPartOf":{"@id":"https:\/\/lavanno.com\/en\/#website"},"primaryImageOfPage":{"@id":"https:\/\/lavanno.com\/en\/toode\/hygiene-bomb-clean-sense-desinfitseeriv-pesuloputusvahend-750ml\/#primaryimage"},"image":{"@id":"https:\/\/lavanno.com\/en\/toode\/hygiene-bomb-clean-sense-desinfitseeriv-pesuloputusvahend-750ml\/#primaryimage"},"thumbnailUrl":"https:\/\/lavanno.com\/wp-content\/uploads\/2025\/11\/a45-210chygienebomb_laundrysoftener_cleansense-1.png","datePublished":"2025-10-22T16:20:01+00:00","dateModified":"2026-05-02T11:45:00+00:00","breadcrumb":{"@id":"https:\/\/lavanno.com\/en\/toode\/hygiene-bomb-clean-sense-desinfitseeriv-pesuloputusvahend-750ml\/#breadcrumb"},"inLanguage":"en-US","potentialAction":[{"@type":"ReadAction","target":["https:\/\/lavanno.com\/en\/toode\/hygiene-bomb-clean-sense-desinfitseeriv-pesuloputusvahend-750ml\/"]}]},{"@type":"ImageObject","inLanguage":"en-US","@id":"https:\/\/lavanno.com\/en\/toode\/hygiene-bomb-clean-sense-desinfitseeriv-pesuloputusvahend-750ml\/#primaryimage","url":"https:\/\/lavanno.com\/wp-content\/uploads\/2025\/11\/a45-210chygienebomb_laundrysoftener_cleansense-1.png","contentUrl":"https:\/\/lavanno.com\/wp-content\/uploads\/2025\/11\/a45-210chygienebomb_laundrysoftener_cleansense-1.png","width":800,"height":800},{"@type":"BreadcrumbList","@id":"https:\/\/lavanno.com\/en\/toode\/hygiene-bomb-clean-sense-desinfitseeriv-pesuloputusvahend-750ml\/#breadcrumb","itemListElement":[{"@type":"ListItem","position":1,"name":"Home","item":"https:\/\/lavanno.com\/en\/"},{"@type":"ListItem","position":2,"name":"E-pood","item":"https:\/\/lavanno.com\/e-pood\/"},{"@type":"ListItem","position":3,"name":"HYGIENE BOMB Clean Sense &#8211; desinfitseeriv pesuloputusvahend &#8211; 750ml"}]},{"@type":"WebSite","@id":"https:\/\/lavanno.com\/en\/#website","url":"https:\/\/lavanno.com\/en\/","name":"Lavanno - Pesuvahendite ekspert","description":"Toome maale ja m\u00fc\u00fcme tekstiili pesuvahendeid, pesumajaseadmeid ja tarvikuid. Hooldame ja konsulteerime.","publisher":{"@id":"https:\/\/lavanno.com\/en\/#organization"},"potentialAction":[{"@type":"SearchAction","target":{"@type":"EntryPoint","urlTemplate":"https:\/\/lavanno.com\/en\/?s={search_term_string}"},"query-input":{"@type":"PropertyValueSpecification","valueRequired":true,"valueName":"search_term_string"}}],"inLanguage":"en-US"},{"@type":"Organization","@id":"https:\/\/lavanno.com\/en\/#organization","name":"Lavanno - Pesuvahendite ekspert","url":"https:\/\/lavanno.com\/en\/","logo":{"@type":"ImageObject","inLanguage":"en-US","@id":"https:\/\/lavanno.com\/en\/#\/schema\/logo\/image\/","url":"https:\/\/lavanno.com\/wp-content\/uploads\/2025\/07\/Lavanno.png","contentUrl":"https:\/\/lavanno.com\/wp-content\/uploads\/2025\/07\/Lavanno.png","width":1200,"height":1200,"caption":"Lavanno - Pesuvahendite ekspert"},"image":{"@id":"https:\/\/lavanno.com\/en\/#\/schema\/logo\/image\/"},"sameAs":["https:\/\/www.facebook.com\/Lavanno.ee"]}]}},"_links":{"self":[{"href":"https:\/\/lavanno.com\/en\/wp-json\/wp\/v2\/product\/12078","targetHints":{"allow":["GET"]}}],"collection":[{"href":"https:\/\/lavanno.com\/en\/wp-json\/wp\/v2\/product"}],"about":[{"href":"https:\/\/lavanno.com\/en\/wp-json\/wp\/v2\/types\/product"}],"replies":[{"embeddable":true,"href":"https:\/\/lavanno.com\/en\/wp-json\/wp\/v2\/comments?post=12078"}],"wp:featuredmedia":[{"embeddable":true,"href":"https:\/\/lavanno.com\/en\/wp-json\/wp\/v2\/media\/12478"}],"wp:attachment":[{"href":"https:\/\/lavanno.com\/en\/wp-json\/wp\/v2\/media?parent=12078"}],"wp:term":[{"taxonomy":"product_brand","embeddable":true,"href":"https:\/\/lavanno.com\/en\/wp-json\/wp\/v2\/product_brand?post=12078"},{"taxonomy":"product_cat","embeddable":true,"href":"https:\/\/lavanno.com\/en\/wp-json\/wp\/v2\/product_cat?post=12078"},{"taxonomy":"product_tag","embeddable":true,"href":"https:\/\/lavanno.com\/en\/wp-json\/wp\/v2\/product_tag?post=12078"}],"curies":[{"name":"wp","href":"https:\/\/api.w.org\/{rel}","templated":true}]}}