{"id":12084,"date":"2025-10-22T19:25:01","date_gmt":"2025-10-22T16:25:01","guid":{"rendered":"https:\/\/lavanno.com\/toode\/d4-protein-plekieemaldusvahend-proteiin-500ml\/"},"modified":"2026-05-02T14:45:00","modified_gmt":"2026-05-02T11:45:00","slug":"d4-protein-plekieemaldusvahend-proteiin-500ml","status":"publish","type":"product","link":"https:\/\/lavanno.com\/en\/toode\/d4-protein-plekieemaldusvahend-proteiin-500ml\/","title":{"rendered":"D4 Protein (plekieemaldusvahend proteiin) 500ml"},"content":{"rendered":"<p><strong>Spetsifikatsioon<\/strong><\/p>\n<p><strong>Kasutamine<\/strong><\/p>\n<ul>\n<li>Niisuta plekk veega.Kanna paar tilka D4 Protein\u2019i otse plekile.Lase tootel m\u00f5juda 15\u201330 sekundit.<\/li>\n<li>Vajadusel kasuta harja v\u00f5i plekieemaldusluud, et plekki \u00f5rnalt vabastada.<\/li>\n<li>Loputa rohke veega ja kuivata suru\u00f5huga.<\/li>\n<li>Vajadusel korrake protsessi.<\/li>\n<\/ul>\n<p><strong>Hoiatus\u00a0<\/strong><\/p>\n<p>Proovi alati toodet k\u00f5igepealt varjatud kohas, et veenduda aine sobivuses kangale.<\/p>\n<p><strong>Koostisosad<\/strong><\/p>\n<p>Vesi, gl\u00fctseriin, dodek\u00fc\u00fclbenseensulfonaat, kokamiid DEA, butoks\u00fcdigl\u00fckool, C13\u201315 pareth-7, MEA-boraat, dietanoolamiin, subtilisiin, \u03b1-am\u00fclaas, lipaas, tsellulaas, dimetikoon, steareth-21, met\u00fc\u00fclkloroisotiasolinoon ja met\u00fc\u00fclisotiasolinoon 0,0003%.<\/p>\n<p><strong>Funktsioon<\/strong><\/p>\n<p>Plekieemaldusvahend<\/p>\n<p><a href=\"https:\/\/lavanno.com\/wp-content\/uploads\/2025\/09\/A15-060D4_-_ProteicheRel4ETSDS.pdf\" target=\"_blank\" rel=\"noopener\">Ohutuskaart<\/a><\/p>\n<p>&nbsp;<\/p>\n","protected":false},"excerpt":{"rendered":"<p>D4 Protein on professionaalne plekieemaldusvahend, mille ens\u00fcmaatilised komponendid lagundavad proteiinip\u00f5hiseid plekke, nagu <strong>veri, munavalge, piim ja j\u00e4\u00e4tis.<\/strong> Sobib nii keemilise puhastuse kui pesemise eelt\u00f6\u00f6tluseks. Plekid koosnevad tavaliselt mitmest erinevast komponendist, mist\u00f5ttu v\u00f5ib nende t\u00e4ielikuks eemaldamiseks olla vaja kasutada mitut erinevat toodet. Kui pleki koostis ei ole teada, alusta D4 Protein kasutamisest ning v\u00e4ldi auru kasutamist, et v\u00e4ltida pleki kinnistumist kangasse.<\/p>\n","protected":false},"featured_media":12752,"comment_status":"open","ping_status":"closed","template":"","meta":[],"product_brand":[],"product_cat":[506,525,534,514,526],"product_tag":[834,835,837,839,840],"class_list":{"0":"post-12084","1":"product","2":"type-product","3":"status-publish","4":"has-post-thumbnail","6":"product_cat-ariklient","7":"product_cat-vesipesuvahendid","8":"product_cat-plekieemaldusvahendid","9":"product_cat-keemiline-puhastus","10":"product_cat-plekieemalduse-vahendid-keemiline-puhastus","11":"product_tag-horeca","12":"product_tag-pesumajad","13":"product_tag-puhastusteenindus","14":"product_tag-tervishoid","15":"product_tag-toostusettevotted","17":"first","18":"instock","19":"taxable","20":"shipping-taxable","21":"purchasable","22":"product-type-simple"},"yoast_head":"<!-- This site is optimized with the Yoast SEO plugin v27.0 - https:\/\/yoast.com\/product\/yoast-seo-wordpress\/ -->\n<title>D4 Protein (plekieemaldusvahend proteiin) 500ml - Lavanno - pesuvahendite ekspert<\/title>\n<meta name=\"description\" content=\"D4 Protein on professionaalne plekieemaldusvahend, mis lagundab t\u00f5husalt proteiinip\u00f5hised plekid nagu veri, piim ja munad enne pesu.\" \/>\n<meta name=\"robots\" content=\"index, follow, max-snippet:-1, max-image-preview:large, max-video-preview:-1\" \/>\n<link rel=\"canonical\" href=\"https:\/\/lavanno.com\/en\/toode\/d4-protein-plekieemaldusvahend-proteiin-500ml\/\" \/>\n<meta property=\"og:locale\" content=\"en_US\" \/>\n<meta property=\"og:type\" content=\"article\" \/>\n<meta property=\"og:title\" content=\"D4 Protein (plekieemaldusvahend proteiin) 500ml - Lavanno - pesuvahendite ekspert\" \/>\n<meta property=\"og:description\" content=\"D4 Protein on professionaalne plekieemaldusvahend, mis lagundab t\u00f5husalt proteiinip\u00f5hised plekid nagu veri, piim ja munad enne pesu.\" \/>\n<meta property=\"og:url\" content=\"https:\/\/lavanno.com\/en\/toode\/d4-protein-plekieemaldusvahend-proteiin-500ml\/\" \/>\n<meta property=\"og:site_name\" content=\"Lavanno - pesuvahendite ekspert\" \/>\n<meta property=\"article:publisher\" content=\"https:\/\/www.facebook.com\/Lavanno.ee\" \/>\n<meta property=\"article:modified_time\" content=\"2026-05-02T11:45:00+00:00\" \/>\n<meta property=\"og:image\" content=\"https:\/\/lavanno.com\/wp-content\/uploads\/2025\/10\/D4-Protein-plekieemaldusvahend-500ml.png\" \/>\n\t<meta property=\"og:image:width\" content=\"800\" \/>\n\t<meta property=\"og:image:height\" content=\"800\" \/>\n\t<meta property=\"og:image:type\" content=\"image\/png\" \/>\n<meta name=\"twitter:card\" content=\"summary_large_image\" \/>\n<meta name=\"twitter:label1\" content=\"Est. reading time\" \/>\n\t<meta name=\"twitter:data1\" content=\"1 minute\" \/>\n<script type=\"application\/ld+json\" class=\"yoast-schema-graph\">{\"@context\":\"https:\/\/schema.org\",\"@graph\":[{\"@type\":\"WebPage\",\"@id\":\"https:\/\/lavanno.com\/en\/toode\/d4-protein-plekieemaldusvahend-proteiin-500ml\/\",\"url\":\"https:\/\/lavanno.com\/en\/toode\/d4-protein-plekieemaldusvahend-proteiin-500ml\/\",\"name\":\"D4 Protein (plekieemaldusvahend proteiin) 500ml - Lavanno - pesuvahendite ekspert\",\"isPartOf\":{\"@id\":\"https:\/\/lavanno.com\/en\/#website\"},\"primaryImageOfPage\":{\"@id\":\"https:\/\/lavanno.com\/en\/toode\/d4-protein-plekieemaldusvahend-proteiin-500ml\/#primaryimage\"},\"image\":{\"@id\":\"https:\/\/lavanno.com\/en\/toode\/d4-protein-plekieemaldusvahend-proteiin-500ml\/#primaryimage\"},\"thumbnailUrl\":\"https:\/\/lavanno.com\/wp-content\/uploads\/2025\/10\/D4-Protein-plekieemaldusvahend-500ml.png\",\"datePublished\":\"2025-10-22T16:25:01+00:00\",\"dateModified\":\"2026-05-02T11:45:00+00:00\",\"description\":\"D4 Protein on professionaalne plekieemaldusvahend, mis lagundab t\u00f5husalt proteiinip\u00f5hised plekid nagu veri, piim ja munad enne pesu.\",\"breadcrumb\":{\"@id\":\"https:\/\/lavanno.com\/en\/toode\/d4-protein-plekieemaldusvahend-proteiin-500ml\/#breadcrumb\"},\"inLanguage\":\"en-US\",\"potentialAction\":[{\"@type\":\"ReadAction\",\"target\":[\"https:\/\/lavanno.com\/en\/toode\/d4-protein-plekieemaldusvahend-proteiin-500ml\/\"]}]},{\"@type\":\"ImageObject\",\"inLanguage\":\"en-US\",\"@id\":\"https:\/\/lavanno.com\/en\/toode\/d4-protein-plekieemaldusvahend-proteiin-500ml\/#primaryimage\",\"url\":\"https:\/\/lavanno.com\/wp-content\/uploads\/2025\/10\/D4-Protein-plekieemaldusvahend-500ml.png\",\"contentUrl\":\"https:\/\/lavanno.com\/wp-content\/uploads\/2025\/10\/D4-Protein-plekieemaldusvahend-500ml.png\",\"width\":800,\"height\":800,\"caption\":\"D4-Protein-plekieemaldusvahend-500ml.\"},{\"@type\":\"BreadcrumbList\",\"@id\":\"https:\/\/lavanno.com\/en\/toode\/d4-protein-plekieemaldusvahend-proteiin-500ml\/#breadcrumb\",\"itemListElement\":[{\"@type\":\"ListItem\",\"position\":1,\"name\":\"Home\",\"item\":\"https:\/\/lavanno.com\/en\/\"},{\"@type\":\"ListItem\",\"position\":2,\"name\":\"E-pood\",\"item\":\"https:\/\/lavanno.com\/e-pood\/\"},{\"@type\":\"ListItem\",\"position\":3,\"name\":\"D4 Protein (plekieemaldusvahend proteiin) 500ml\"}]},{\"@type\":\"WebSite\",\"@id\":\"https:\/\/lavanno.com\/en\/#website\",\"url\":\"https:\/\/lavanno.com\/en\/\",\"name\":\"Lavanno - Pesuvahendite ekspert\",\"description\":\"Toome maale ja m\u00fc\u00fcme tekstiili pesuvahendeid, pesumajaseadmeid ja tarvikuid. Hooldame ja konsulteerime.\",\"publisher\":{\"@id\":\"https:\/\/lavanno.com\/en\/#organization\"},\"potentialAction\":[{\"@type\":\"SearchAction\",\"target\":{\"@type\":\"EntryPoint\",\"urlTemplate\":\"https:\/\/lavanno.com\/en\/?s={search_term_string}\"},\"query-input\":{\"@type\":\"PropertyValueSpecification\",\"valueRequired\":true,\"valueName\":\"search_term_string\"}}],\"inLanguage\":\"en-US\"},{\"@type\":\"Organization\",\"@id\":\"https:\/\/lavanno.com\/en\/#organization\",\"name\":\"Lavanno - Pesuvahendite ekspert\",\"url\":\"https:\/\/lavanno.com\/en\/\",\"logo\":{\"@type\":\"ImageObject\",\"inLanguage\":\"en-US\",\"@id\":\"https:\/\/lavanno.com\/en\/#\/schema\/logo\/image\/\",\"url\":\"https:\/\/lavanno.com\/wp-content\/uploads\/2025\/07\/Lavanno.png\",\"contentUrl\":\"https:\/\/lavanno.com\/wp-content\/uploads\/2025\/07\/Lavanno.png\",\"width\":1200,\"height\":1200,\"caption\":\"Lavanno - Pesuvahendite ekspert\"},\"image\":{\"@id\":\"https:\/\/lavanno.com\/en\/#\/schema\/logo\/image\/\"},\"sameAs\":[\"https:\/\/www.facebook.com\/Lavanno.ee\"]}]}<\/script>\n<!-- \/ Yoast SEO plugin. -->","yoast_head_json":{"title":"D4 Protein (plekieemaldusvahend proteiin) 500ml - Lavanno - pesuvahendite ekspert","description":"D4 Protein on professionaalne plekieemaldusvahend, mis lagundab t\u00f5husalt proteiinip\u00f5hised plekid nagu veri, piim ja munad enne pesu.","robots":{"index":"index","follow":"follow","max-snippet":"max-snippet:-1","max-image-preview":"max-image-preview:large","max-video-preview":"max-video-preview:-1"},"canonical":"https:\/\/lavanno.com\/en\/toode\/d4-protein-plekieemaldusvahend-proteiin-500ml\/","og_locale":"en_US","og_type":"article","og_title":"D4 Protein (plekieemaldusvahend proteiin) 500ml - Lavanno - pesuvahendite ekspert","og_description":"D4 Protein on professionaalne plekieemaldusvahend, mis lagundab t\u00f5husalt proteiinip\u00f5hised plekid nagu veri, piim ja munad enne pesu.","og_url":"https:\/\/lavanno.com\/en\/toode\/d4-protein-plekieemaldusvahend-proteiin-500ml\/","og_site_name":"Lavanno - pesuvahendite ekspert","article_publisher":"https:\/\/www.facebook.com\/Lavanno.ee","article_modified_time":"2026-05-02T11:45:00+00:00","og_image":[{"width":800,"height":800,"url":"https:\/\/lavanno.com\/wp-content\/uploads\/2025\/10\/D4-Protein-plekieemaldusvahend-500ml.png","type":"image\/png"}],"twitter_card":"summary_large_image","twitter_misc":{"Est. reading time":"1 minute"},"schema":{"@context":"https:\/\/schema.org","@graph":[{"@type":"WebPage","@id":"https:\/\/lavanno.com\/en\/toode\/d4-protein-plekieemaldusvahend-proteiin-500ml\/","url":"https:\/\/lavanno.com\/en\/toode\/d4-protein-plekieemaldusvahend-proteiin-500ml\/","name":"D4 Protein (plekieemaldusvahend proteiin) 500ml - Lavanno - pesuvahendite ekspert","isPartOf":{"@id":"https:\/\/lavanno.com\/en\/#website"},"primaryImageOfPage":{"@id":"https:\/\/lavanno.com\/en\/toode\/d4-protein-plekieemaldusvahend-proteiin-500ml\/#primaryimage"},"image":{"@id":"https:\/\/lavanno.com\/en\/toode\/d4-protein-plekieemaldusvahend-proteiin-500ml\/#primaryimage"},"thumbnailUrl":"https:\/\/lavanno.com\/wp-content\/uploads\/2025\/10\/D4-Protein-plekieemaldusvahend-500ml.png","datePublished":"2025-10-22T16:25:01+00:00","dateModified":"2026-05-02T11:45:00+00:00","description":"D4 Protein on professionaalne plekieemaldusvahend, mis lagundab t\u00f5husalt proteiinip\u00f5hised plekid nagu veri, piim ja munad enne pesu.","breadcrumb":{"@id":"https:\/\/lavanno.com\/en\/toode\/d4-protein-plekieemaldusvahend-proteiin-500ml\/#breadcrumb"},"inLanguage":"en-US","potentialAction":[{"@type":"ReadAction","target":["https:\/\/lavanno.com\/en\/toode\/d4-protein-plekieemaldusvahend-proteiin-500ml\/"]}]},{"@type":"ImageObject","inLanguage":"en-US","@id":"https:\/\/lavanno.com\/en\/toode\/d4-protein-plekieemaldusvahend-proteiin-500ml\/#primaryimage","url":"https:\/\/lavanno.com\/wp-content\/uploads\/2025\/10\/D4-Protein-plekieemaldusvahend-500ml.png","contentUrl":"https:\/\/lavanno.com\/wp-content\/uploads\/2025\/10\/D4-Protein-plekieemaldusvahend-500ml.png","width":800,"height":800,"caption":"D4-Protein-plekieemaldusvahend-500ml."},{"@type":"BreadcrumbList","@id":"https:\/\/lavanno.com\/en\/toode\/d4-protein-plekieemaldusvahend-proteiin-500ml\/#breadcrumb","itemListElement":[{"@type":"ListItem","position":1,"name":"Home","item":"https:\/\/lavanno.com\/en\/"},{"@type":"ListItem","position":2,"name":"E-pood","item":"https:\/\/lavanno.com\/e-pood\/"},{"@type":"ListItem","position":3,"name":"D4 Protein (plekieemaldusvahend proteiin) 500ml"}]},{"@type":"WebSite","@id":"https:\/\/lavanno.com\/en\/#website","url":"https:\/\/lavanno.com\/en\/","name":"Lavanno - Pesuvahendite ekspert","description":"Toome maale ja m\u00fc\u00fcme tekstiili pesuvahendeid, pesumajaseadmeid ja tarvikuid. Hooldame ja konsulteerime.","publisher":{"@id":"https:\/\/lavanno.com\/en\/#organization"},"potentialAction":[{"@type":"SearchAction","target":{"@type":"EntryPoint","urlTemplate":"https:\/\/lavanno.com\/en\/?s={search_term_string}"},"query-input":{"@type":"PropertyValueSpecification","valueRequired":true,"valueName":"search_term_string"}}],"inLanguage":"en-US"},{"@type":"Organization","@id":"https:\/\/lavanno.com\/en\/#organization","name":"Lavanno - Pesuvahendite ekspert","url":"https:\/\/lavanno.com\/en\/","logo":{"@type":"ImageObject","inLanguage":"en-US","@id":"https:\/\/lavanno.com\/en\/#\/schema\/logo\/image\/","url":"https:\/\/lavanno.com\/wp-content\/uploads\/2025\/07\/Lavanno.png","contentUrl":"https:\/\/lavanno.com\/wp-content\/uploads\/2025\/07\/Lavanno.png","width":1200,"height":1200,"caption":"Lavanno - Pesuvahendite ekspert"},"image":{"@id":"https:\/\/lavanno.com\/en\/#\/schema\/logo\/image\/"},"sameAs":["https:\/\/www.facebook.com\/Lavanno.ee"]}]}},"_links":{"self":[{"href":"https:\/\/lavanno.com\/en\/wp-json\/wp\/v2\/product\/12084","targetHints":{"allow":["GET"]}}],"collection":[{"href":"https:\/\/lavanno.com\/en\/wp-json\/wp\/v2\/product"}],"about":[{"href":"https:\/\/lavanno.com\/en\/wp-json\/wp\/v2\/types\/product"}],"replies":[{"embeddable":true,"href":"https:\/\/lavanno.com\/en\/wp-json\/wp\/v2\/comments?post=12084"}],"wp:featuredmedia":[{"embeddable":true,"href":"https:\/\/lavanno.com\/en\/wp-json\/wp\/v2\/media\/12752"}],"wp:attachment":[{"href":"https:\/\/lavanno.com\/en\/wp-json\/wp\/v2\/media?parent=12084"}],"wp:term":[{"taxonomy":"product_brand","embeddable":true,"href":"https:\/\/lavanno.com\/en\/wp-json\/wp\/v2\/product_brand?post=12084"},{"taxonomy":"product_cat","embeddable":true,"href":"https:\/\/lavanno.com\/en\/wp-json\/wp\/v2\/product_cat?post=12084"},{"taxonomy":"product_tag","embeddable":true,"href":"https:\/\/lavanno.com\/en\/wp-json\/wp\/v2\/product_tag?post=12084"}],"curies":[{"name":"wp","href":"https:\/\/api.w.org\/{rel}","templated":true}]}}