{"id":12086,"date":"2025-10-22T19:25:01","date_gmt":"2025-10-22T16:25:01","guid":{"rendered":"https:\/\/lavanno.com\/toode\/aadikhape-24-2x5-kg\/"},"modified":"2026-05-02T08:40:00","modified_gmt":"2026-05-02T05:40:00","slug":"aadikhape-24","status":"publish","type":"product","link":"https:\/\/lavanno.com\/en\/toode\/aadikhape-24\/","title":{"rendered":"\u00c4\u00e4dikhape 24% 2&#215;5 kg"},"content":{"rendered":"<p><strong>Spetsifikatsioon<\/strong><\/p>\n<p><strong>Kasutamine<\/strong><\/p>\n<p>Soovitatav doseerimine: 2\u20134 ml toodet 1 kg pesu kohta.<\/p>\n<p><strong>Koostisosad\u00a0<\/strong><\/p>\n<p>Vesi, \u00e4\u00e4dikhape<\/p>\n<p><strong>Funktsioon<\/strong><\/p>\n<p>Fikseeriv aine<\/p>\n<p><a href=\"https:\/\/lavanno.com\/wp-content\/uploads\/2025\/10\/A30-015Acido_Acetico_24\ufffdRel3ETSDS.pdf\" target=\"_blank\" rel=\"noopener\">Ohutuskaart<\/a><\/p>\n<p>&nbsp;<\/p>\n","protected":false},"excerpt":{"rendered":"<p>Acetic Acid 24% on neutraliseeriv ja fikseeriv aine pesuks, mis on m\u00f5eldud kasutamiseks professionaalsetes pesumajades ja keemilistes puhastustes. Toode aitab ennetada v\u00e4rvide \u00fclekandumist, neutraliseerib pesuvahenditest j\u00e4\u00e4nud leeliselised j\u00e4\u00e4gid ning alandab pH-d loputuse ajal, parandades pesutulemust ja tekstiilide v\u00e4limust.<\/p>\n<ul>\n<li>Takistab v\u00e4rvide \u00fclekandumist pesu ajal<\/li>\n<li>Neutraliseerib pesuvahendite leeliselised j\u00e4\u00e4gid<\/li>\n<li>V\u00e4hendab pH taset loputamise ajal<\/li>\n<li>M\u00f5eldud professionaalseks kasutamiseks<\/li>\n<\/ul>\n","protected":false},"featured_media":12488,"comment_status":"open","ping_status":"closed","template":"","meta":[],"product_brand":[],"product_cat":[506,525,535],"product_tag":[834,835,837,839,840],"class_list":{"0":"post-12086","1":"product","2":"type-product","3":"status-publish","4":"has-post-thumbnail","6":"product_cat-ariklient","7":"product_cat-vesipesuvahendid","8":"product_cat-aluskemikaalid","9":"product_tag-horeca","10":"product_tag-pesumajad","11":"product_tag-puhastusteenindus","12":"product_tag-tervishoid","13":"product_tag-toostusettevotted","15":"first","16":"instock","17":"taxable","18":"shipping-taxable","19":"purchasable","20":"product-type-simple"},"yoast_head":"<!-- This site is optimized with the Yoast SEO plugin v27.0 - https:\/\/yoast.com\/product\/yoast-seo-wordpress\/ -->\n<title>\u00c4\u00e4dikhape 24% 2x5 kg - Lavanno - pesuvahendite ekspert<\/title>\n<meta name=\"description\" content=\"\u00c4\u00e4dikhappel p\u00f5hinev neutraliseeriv ja fikseeriv aine pesuks, mis takistab v\u00e4rvide \u00fclekandumist ja alandab pH-d loputusetapis.\" \/>\n<meta name=\"robots\" content=\"index, follow, max-snippet:-1, max-image-preview:large, max-video-preview:-1\" \/>\n<link rel=\"canonical\" href=\"https:\/\/lavanno.com\/en\/toode\/aadikhape-24\/\" \/>\n<meta property=\"og:locale\" content=\"en_US\" \/>\n<meta property=\"og:type\" content=\"article\" \/>\n<meta property=\"og:title\" content=\"\u00c4\u00e4dikhape 24% 2x5 kg - Lavanno - pesuvahendite ekspert\" \/>\n<meta property=\"og:description\" content=\"\u00c4\u00e4dikhappel p\u00f5hinev neutraliseeriv ja fikseeriv aine pesuks, mis takistab v\u00e4rvide \u00fclekandumist ja alandab pH-d loputusetapis.\" \/>\n<meta property=\"og:url\" content=\"https:\/\/lavanno.com\/en\/toode\/aadikhape-24\/\" \/>\n<meta property=\"og:site_name\" content=\"Lavanno - pesuvahendite ekspert\" \/>\n<meta property=\"article:publisher\" content=\"https:\/\/www.facebook.com\/Lavanno.ee\" \/>\n<meta property=\"article:modified_time\" content=\"2026-05-02T05:40:00+00:00\" \/>\n<meta property=\"og:image\" content=\"https:\/\/lavanno.com\/wp-content\/uploads\/2025\/11\/a30-015h2acidoacetico_2x5kg-1.png\" \/>\n\t<meta property=\"og:image:width\" content=\"800\" \/>\n\t<meta property=\"og:image:height\" content=\"800\" \/>\n\t<meta property=\"og:image:type\" content=\"image\/png\" \/>\n<meta name=\"twitter:card\" content=\"summary_large_image\" \/>\n<meta name=\"twitter:label1\" content=\"Est. reading time\" \/>\n\t<meta name=\"twitter:data1\" content=\"1 minute\" \/>\n<script type=\"application\/ld+json\" class=\"yoast-schema-graph\">{\"@context\":\"https:\/\/schema.org\",\"@graph\":[{\"@type\":\"WebPage\",\"@id\":\"https:\/\/lavanno.com\/en\/toode\/aadikhape-24\/\",\"url\":\"https:\/\/lavanno.com\/en\/toode\/aadikhape-24\/\",\"name\":\"\u00c4\u00e4dikhape 24% 2x5 kg - Lavanno - pesuvahendite ekspert\",\"isPartOf\":{\"@id\":\"https:\/\/lavanno.com\/en\/#website\"},\"primaryImageOfPage\":{\"@id\":\"https:\/\/lavanno.com\/en\/toode\/aadikhape-24\/#primaryimage\"},\"image\":{\"@id\":\"https:\/\/lavanno.com\/en\/toode\/aadikhape-24\/#primaryimage\"},\"thumbnailUrl\":\"https:\/\/lavanno.com\/wp-content\/uploads\/2025\/11\/a30-015h2acidoacetico_2x5kg-1.png\",\"datePublished\":\"2025-10-22T16:25:01+00:00\",\"dateModified\":\"2026-05-02T05:40:00+00:00\",\"description\":\"\u00c4\u00e4dikhappel p\u00f5hinev neutraliseeriv ja fikseeriv aine pesuks, mis takistab v\u00e4rvide \u00fclekandumist ja alandab pH-d loputusetapis.\",\"breadcrumb\":{\"@id\":\"https:\/\/lavanno.com\/en\/toode\/aadikhape-24\/#breadcrumb\"},\"inLanguage\":\"en-US\",\"potentialAction\":[{\"@type\":\"ReadAction\",\"target\":[\"https:\/\/lavanno.com\/en\/toode\/aadikhape-24\/\"]}]},{\"@type\":\"ImageObject\",\"inLanguage\":\"en-US\",\"@id\":\"https:\/\/lavanno.com\/en\/toode\/aadikhape-24\/#primaryimage\",\"url\":\"https:\/\/lavanno.com\/wp-content\/uploads\/2025\/11\/a30-015h2acidoacetico_2x5kg-1.png\",\"contentUrl\":\"https:\/\/lavanno.com\/wp-content\/uploads\/2025\/11\/a30-015h2acidoacetico_2x5kg-1.png\",\"width\":800,\"height\":800},{\"@type\":\"BreadcrumbList\",\"@id\":\"https:\/\/lavanno.com\/en\/toode\/aadikhape-24\/#breadcrumb\",\"itemListElement\":[{\"@type\":\"ListItem\",\"position\":1,\"name\":\"Home\",\"item\":\"https:\/\/lavanno.com\/en\/\"},{\"@type\":\"ListItem\",\"position\":2,\"name\":\"E-pood\",\"item\":\"https:\/\/lavanno.com\/e-pood\/\"},{\"@type\":\"ListItem\",\"position\":3,\"name\":\"\u00c4\u00e4dikhape 24% 2&#215;5 kg\"}]},{\"@type\":\"WebSite\",\"@id\":\"https:\/\/lavanno.com\/en\/#website\",\"url\":\"https:\/\/lavanno.com\/en\/\",\"name\":\"Lavanno - Pesuvahendite ekspert\",\"description\":\"Toome maale ja m\u00fc\u00fcme tekstiili pesuvahendeid, pesumajaseadmeid ja tarvikuid. Hooldame ja konsulteerime.\",\"publisher\":{\"@id\":\"https:\/\/lavanno.com\/en\/#organization\"},\"potentialAction\":[{\"@type\":\"SearchAction\",\"target\":{\"@type\":\"EntryPoint\",\"urlTemplate\":\"https:\/\/lavanno.com\/en\/?s={search_term_string}\"},\"query-input\":{\"@type\":\"PropertyValueSpecification\",\"valueRequired\":true,\"valueName\":\"search_term_string\"}}],\"inLanguage\":\"en-US\"},{\"@type\":\"Organization\",\"@id\":\"https:\/\/lavanno.com\/en\/#organization\",\"name\":\"Lavanno - Pesuvahendite ekspert\",\"url\":\"https:\/\/lavanno.com\/en\/\",\"logo\":{\"@type\":\"ImageObject\",\"inLanguage\":\"en-US\",\"@id\":\"https:\/\/lavanno.com\/en\/#\/schema\/logo\/image\/\",\"url\":\"https:\/\/lavanno.com\/wp-content\/uploads\/2025\/07\/Lavanno.png\",\"contentUrl\":\"https:\/\/lavanno.com\/wp-content\/uploads\/2025\/07\/Lavanno.png\",\"width\":1200,\"height\":1200,\"caption\":\"Lavanno - Pesuvahendite ekspert\"},\"image\":{\"@id\":\"https:\/\/lavanno.com\/en\/#\/schema\/logo\/image\/\"},\"sameAs\":[\"https:\/\/www.facebook.com\/Lavanno.ee\"]}]}<\/script>\n<!-- \/ Yoast SEO plugin. -->","yoast_head_json":{"title":"\u00c4\u00e4dikhape 24% 2x5 kg - Lavanno - pesuvahendite ekspert","description":"\u00c4\u00e4dikhappel p\u00f5hinev neutraliseeriv ja fikseeriv aine pesuks, mis takistab v\u00e4rvide \u00fclekandumist ja alandab pH-d loputusetapis.","robots":{"index":"index","follow":"follow","max-snippet":"max-snippet:-1","max-image-preview":"max-image-preview:large","max-video-preview":"max-video-preview:-1"},"canonical":"https:\/\/lavanno.com\/en\/toode\/aadikhape-24\/","og_locale":"en_US","og_type":"article","og_title":"\u00c4\u00e4dikhape 24% 2x5 kg - Lavanno - pesuvahendite ekspert","og_description":"\u00c4\u00e4dikhappel p\u00f5hinev neutraliseeriv ja fikseeriv aine pesuks, mis takistab v\u00e4rvide \u00fclekandumist ja alandab pH-d loputusetapis.","og_url":"https:\/\/lavanno.com\/en\/toode\/aadikhape-24\/","og_site_name":"Lavanno - pesuvahendite ekspert","article_publisher":"https:\/\/www.facebook.com\/Lavanno.ee","article_modified_time":"2026-05-02T05:40:00+00:00","og_image":[{"width":800,"height":800,"url":"https:\/\/lavanno.com\/wp-content\/uploads\/2025\/11\/a30-015h2acidoacetico_2x5kg-1.png","type":"image\/png"}],"twitter_card":"summary_large_image","twitter_misc":{"Est. reading time":"1 minute"},"schema":{"@context":"https:\/\/schema.org","@graph":[{"@type":"WebPage","@id":"https:\/\/lavanno.com\/en\/toode\/aadikhape-24\/","url":"https:\/\/lavanno.com\/en\/toode\/aadikhape-24\/","name":"\u00c4\u00e4dikhape 24% 2x5 kg - Lavanno - pesuvahendite ekspert","isPartOf":{"@id":"https:\/\/lavanno.com\/en\/#website"},"primaryImageOfPage":{"@id":"https:\/\/lavanno.com\/en\/toode\/aadikhape-24\/#primaryimage"},"image":{"@id":"https:\/\/lavanno.com\/en\/toode\/aadikhape-24\/#primaryimage"},"thumbnailUrl":"https:\/\/lavanno.com\/wp-content\/uploads\/2025\/11\/a30-015h2acidoacetico_2x5kg-1.png","datePublished":"2025-10-22T16:25:01+00:00","dateModified":"2026-05-02T05:40:00+00:00","description":"\u00c4\u00e4dikhappel p\u00f5hinev neutraliseeriv ja fikseeriv aine pesuks, mis takistab v\u00e4rvide \u00fclekandumist ja alandab pH-d loputusetapis.","breadcrumb":{"@id":"https:\/\/lavanno.com\/en\/toode\/aadikhape-24\/#breadcrumb"},"inLanguage":"en-US","potentialAction":[{"@type":"ReadAction","target":["https:\/\/lavanno.com\/en\/toode\/aadikhape-24\/"]}]},{"@type":"ImageObject","inLanguage":"en-US","@id":"https:\/\/lavanno.com\/en\/toode\/aadikhape-24\/#primaryimage","url":"https:\/\/lavanno.com\/wp-content\/uploads\/2025\/11\/a30-015h2acidoacetico_2x5kg-1.png","contentUrl":"https:\/\/lavanno.com\/wp-content\/uploads\/2025\/11\/a30-015h2acidoacetico_2x5kg-1.png","width":800,"height":800},{"@type":"BreadcrumbList","@id":"https:\/\/lavanno.com\/en\/toode\/aadikhape-24\/#breadcrumb","itemListElement":[{"@type":"ListItem","position":1,"name":"Home","item":"https:\/\/lavanno.com\/en\/"},{"@type":"ListItem","position":2,"name":"E-pood","item":"https:\/\/lavanno.com\/e-pood\/"},{"@type":"ListItem","position":3,"name":"\u00c4\u00e4dikhape 24% 2&#215;5 kg"}]},{"@type":"WebSite","@id":"https:\/\/lavanno.com\/en\/#website","url":"https:\/\/lavanno.com\/en\/","name":"Lavanno - Pesuvahendite ekspert","description":"Toome maale ja m\u00fc\u00fcme tekstiili pesuvahendeid, pesumajaseadmeid ja tarvikuid. Hooldame ja konsulteerime.","publisher":{"@id":"https:\/\/lavanno.com\/en\/#organization"},"potentialAction":[{"@type":"SearchAction","target":{"@type":"EntryPoint","urlTemplate":"https:\/\/lavanno.com\/en\/?s={search_term_string}"},"query-input":{"@type":"PropertyValueSpecification","valueRequired":true,"valueName":"search_term_string"}}],"inLanguage":"en-US"},{"@type":"Organization","@id":"https:\/\/lavanno.com\/en\/#organization","name":"Lavanno - Pesuvahendite ekspert","url":"https:\/\/lavanno.com\/en\/","logo":{"@type":"ImageObject","inLanguage":"en-US","@id":"https:\/\/lavanno.com\/en\/#\/schema\/logo\/image\/","url":"https:\/\/lavanno.com\/wp-content\/uploads\/2025\/07\/Lavanno.png","contentUrl":"https:\/\/lavanno.com\/wp-content\/uploads\/2025\/07\/Lavanno.png","width":1200,"height":1200,"caption":"Lavanno - Pesuvahendite ekspert"},"image":{"@id":"https:\/\/lavanno.com\/en\/#\/schema\/logo\/image\/"},"sameAs":["https:\/\/www.facebook.com\/Lavanno.ee"]}]}},"_links":{"self":[{"href":"https:\/\/lavanno.com\/en\/wp-json\/wp\/v2\/product\/12086","targetHints":{"allow":["GET"]}}],"collection":[{"href":"https:\/\/lavanno.com\/en\/wp-json\/wp\/v2\/product"}],"about":[{"href":"https:\/\/lavanno.com\/en\/wp-json\/wp\/v2\/types\/product"}],"replies":[{"embeddable":true,"href":"https:\/\/lavanno.com\/en\/wp-json\/wp\/v2\/comments?post=12086"}],"wp:featuredmedia":[{"embeddable":true,"href":"https:\/\/lavanno.com\/en\/wp-json\/wp\/v2\/media\/12488"}],"wp:attachment":[{"href":"https:\/\/lavanno.com\/en\/wp-json\/wp\/v2\/media?parent=12086"}],"wp:term":[{"taxonomy":"product_brand","embeddable":true,"href":"https:\/\/lavanno.com\/en\/wp-json\/wp\/v2\/product_brand?post=12086"},{"taxonomy":"product_cat","embeddable":true,"href":"https:\/\/lavanno.com\/en\/wp-json\/wp\/v2\/product_cat?post=12086"},{"taxonomy":"product_tag","embeddable":true,"href":"https:\/\/lavanno.com\/en\/wp-json\/wp\/v2\/product_tag?post=12086"}],"curies":[{"name":"wp","href":"https:\/\/api.w.org\/{rel}","templated":true}]}}