{"id":12093,"date":"2025-10-22T19:30:01","date_gmt":"2025-10-22T16:30:01","guid":{"rendered":"https:\/\/lavanno.com\/toode\/bowe-multisolvent-mi300-wideline-keemilise-puhastuse-masin-15kg\/"},"modified":"2026-02-03T08:45:01","modified_gmt":"2026-02-03T06:45:01","slug":"bowe-multisolvent-mi300-wideline-keemilise-puhastuse-masin-15kg","status":"publish","type":"product","link":"https:\/\/lavanno.com\/en\/toode\/bowe-multisolvent-mi300-wideline-keemilise-puhastuse-masin-15kg\/","title":{"rendered":"B\u00d6WE Multisolvent Mi300 Wideline keemilise puhastuse masin 15kg"},"content":{"rendered":"<p>T\u00e4nu uuele v\u00e4limusele, mis kasutab \u00e4ra kombinatsiooni komponentidest mida on kasutatud ka teiste mudelite juures (n\u00e4iteks laadimisuks, \u00fcmar roostevabast terasest AISI 316 destillaator, kuivatamise kontroller) ja taasuuendatud masina \u00fcksuste osad\/blokid (n\u00e4iteks kooniline poolautomaatne veeeraldaja, kaldus \u00fcmar \u0151hukanal ja uued lahusti paagid) on uus ILine suurep\u00e4rane lahendus paljudele. Tavap\u00e4rane suur t\u00f6\u00f6kindlus ja vastupidavus on v\u0151etud arvesse B\u00d6WE inseneride poolt ja isegi nende masinate k\u0151rgkvaliteetsed materjalid on kombineeritud t\u00e4isusliku tehnoloogiaga, mis on osa standardist. K\u0151ik masinad on varustatud FAG laagrite ja Viton\u00ae tihenditega, roostevabast terasest trumli ja torudega, B\u00d6WE Kontiflex roostevabast terasest AISI 316 mahuka kondensaatori, ligip\u00e4\u00e4setava k\u00fclmutus\u00fcksusega koos Copeland kruvikompressoriga ning kuivatamise mahu sensoriga (Saksa B\u00d6WE drystat), cataphoresis (elektersadestus v\u00e4rvimismeetod) kattega jahutil ja tagaplaadil.<\/p>\n<p><img fetchpriority=\"high\" decoding=\"async\" class=\"alignnone wp-image-54219 size-full\" src=\"https:\/\/lavanno.com\/wp-content\/uploads\/2021\/11\/10_piengr.jpg\" alt=\"\" width=\"1187\" height=\"855\" \/> <img decoding=\"async\" class=\"alignnone wp-image-54217 size-full\" src=\"https:\/\/lavanno.com\/wp-content\/uploads\/2021\/11\/10_pienbackgr.jpg\" alt=\"\" width=\"1200\" height=\"811\" \/><\/p>\n<p><strong>K\u00fcte:<\/strong> Elekter v\u0151i v\u00e4line aur<\/p>\n<p><strong>V\u00e4limus<\/strong>: Crossline v\u0151i Slimline<\/p>\n<p><strong>Juhtimiss\u00fcsteem:<\/strong> mitmekeelne (ka Eesti) programmeeritav v\u00e4rviline iControl puutetundlik ekraan, mugavus m\u00e4rkmed, arvutiga \u00fchendamise v\u0151imalus<\/p>\n<p>Juhtimine kontrollitud sagedusmuunduriga, kiirus kuni 500rpm ja Multilahusti masina 600rpm<\/p>\n<p><strong>Lahusti:<\/strong> Perkloroet\u00fcleen v\u0151i Multilahusti<\/p>\n<p><strong>Masina suurused:<\/strong> 12kg (trumli maht 240L) v\u0151i 18kg (trumli maht 360L)<\/p>\n<p>1 paak 210L<\/p>\n<p>2 paak 145L<\/p>\n<p>3 paak 145L<\/p>\n<p><strong>S\u00fcsteem<\/strong><\/p>\n<p>\u00dcmara kujuga destillaator koos loputuse ja valgustusega<\/p>\n<p>Hea ligip\u00e4\u00e4suga jahutus\u00fcksus koos Copeland kruvikompressoriga ja soojustagastusega<\/p>\n<p>V\u0151imas kuivatamiss\u00fcsteem (PDS) koos B\u00d6WE kuivatamise mahuanduriga<\/p>\n<p>Saksa madala taseme lahusti sensor<\/p>\n<p>B\u00d6WE laadimisuks (Jacob Jensen kujundatud)<\/p>\n<p><strong>S\u00fcsteemi funktsioonid<\/strong><\/p>\n<p>Kinnine Dry-to-Dry\u201c protsess<\/p>\n<p>Roostevabast terasest trummel ja torud<\/p>\n<p>FAG laagrid ja Viton\u00ae tihendid<\/p>\n<p>3 isepuhastuvat lahustipaaki koos loputuss\u00fcsteemi ja suurte vaateavadega<\/p>\n<p>Taastus\u00fcksus valmistatud roostevabast terasest koos optimeeritud vooluga, aerod\u00fcnaamiline disain ja puhastamiseks avatav<\/p>\n<p>\u00dcmar destillaator, suurenev toru, auru kamber ja B\u00d6WE Kontiflex roostevabast terasest AISI 316 mahukas kondensaator<\/p>\n<p>Messingust klambri liitmikud<\/p>\n<p>\u00dcmara n\u00f6\u00f6bikoguja kaitserest tehtud roostevabast terasest ja suur tolmufilter on hooldatavad \u00fche avanemisega<\/p>\n<p>\u0150rn kuivatimine ja jahutus l\u00e4bi k\u00fclmutus\u00fcksuse klappide<\/p>\n<p>Veeeraldaja ja j\u00e4releraldaja tehtud roostevabast terasest koos suurte vaateavadega<\/p>\n<p>L\u00f6\u00f6kpump pesuainetele<\/p>\n<p>Destillaatori jahutusvee kontroll<\/p>\n<p>K\u0151rg ja madalsurve manomeeter jahutus\u00fcksuses<\/p>\n<p>Valged k\u00fcljeseinad<\/p>\n<p>Viton\u00ae tihendid ja Viton\u00ae klapid<\/p>\n<p><strong>Elektri\u00fchendus<\/strong><\/p>\n<p>V 400 III+N 50 Hz<\/p>\n<p><strong>Ohutusomadused<\/strong><\/p>\n<p>Sissehitatud lahusti ohutusk\u00fcna<\/p>\n<p>Alt toetav turvatala masina all<\/p>\n<p>N\u00f6\u00f6bikoguja ja filtri kontrolll\u00fcliti<\/p>\n<p>Ukse ja destillaatori hoolduse ohutusl\u00fcliti<\/p>\n<p>Jahutusvee puudumise kontroll<\/p>\n<p><strong>Garantii<\/strong><\/p>\n<p>36 kuud (v\u00e4 kuluosad)<\/p>\n<p>60 kuud kondensaator &amp; Viton\u00ae klapid<\/p>\n<p><strong>Lisavarustus<\/strong><\/p>\n<p>2 lahustifilter koos B\u00d6WE filtriketastega<\/p>\n<p>2 doseerimis\u00fcksus pesuainetele<\/p>\n<p>impregneer\u00fcksus<\/p>\n<p>Adsorptsioon filter (ilma s\u00f6ekassetita)<\/p>\n<p>S\u00f6ekassett<\/p>\n<p>Adsorption \u00fcksus Slimsorba (sisaldab ukse ventilatsiooni, ainult perkloroet\u00fcleeniga t\u00f6\u00f6tavale masinale)<\/p>\n<p>Laadimisukse ventilatsioon<\/p>\n<p>Emissioonivaba destilaatori puhastuss\u00fcsteem koos \u00fclet\u00e4itumise takistajaga<\/p>\n<p>Voolik 1,5 meetrit ja lahustigaaside juhtimise liin 1,5m emissioonivaba puhastuss\u00fcsteemile<\/p>\n<p>Destilaatori \u00fclet\u00e4itumise takistaja<\/p>\n","protected":false},"excerpt":{"rendered":"<p>Uue B\u00d6WE I-Line masinaga saate 3 aastase garantii. Muretu elu, kas keegi veel julgeb midagi sellist pakkuda!?<\/p>\n<p>Uue ILine seeria keemilise puhastuse masinad seavad B\u00d6WE tootevalikus uue standardi. ILine seeria juures on kombineeritud ja kasutatud sama tehnoloogiat nagu h\u00e4sti tuntud PremiumLine puhulgi, aga arvesse on v\u0151etud kuluefektiivsus tegemata mitte \u00fchtegi kompromissi kvaliteedis.<\/p>\n","protected":false},"featured_media":12620,"comment_status":"open","ping_status":"closed","template":"","meta":[],"product_brand":[],"product_cat":[853],"product_tag":[],"class_list":{"0":"post-12093","1":"product","2":"type-product","3":"status-publish","4":"has-post-thumbnail","6":"product_cat-bowe","8":"first","9":"outofstock","10":"taxable","11":"shipping-taxable","12":"purchasable","13":"product-type-simple"},"yoast_head":"<!-- This site is optimized with the Yoast SEO plugin v27.0 - https:\/\/yoast.com\/product\/yoast-seo-wordpress\/ -->\n<title>B\u00d6WE Multisolvent Mi300 Wideline keemilise puhastuse masin 15kg - Lavanno - pesuvahendite ekspert<\/title>\n<meta name=\"robots\" content=\"index, follow, max-snippet:-1, max-image-preview:large, max-video-preview:-1\" \/>\n<link rel=\"canonical\" href=\"https:\/\/lavanno.com\/en\/toode\/bowe-multisolvent-mi300-wideline-keemilise-puhastuse-masin-15kg\/\" \/>\n<meta property=\"og:locale\" content=\"en_US\" \/>\n<meta property=\"og:type\" content=\"article\" \/>\n<meta property=\"og:title\" content=\"B\u00d6WE Multisolvent Mi300 Wideline keemilise puhastuse masin 15kg - Lavanno - pesuvahendite ekspert\" \/>\n<meta property=\"og:description\" content=\"Uue B\u00d6WE I-Line masinaga saate 3 aastase garantii. Muretu elu, kas keegi veel julgeb midagi sellist pakkuda!?  Uue ILine seeria keemilise puhastuse masinad seavad B\u00d6WE tootevalikus uue standardi. ILine seeria juures on kombineeritud ja kasutatud sama tehnoloogiat nagu h\u00e4sti tuntud PremiumLine puhulgi, aga arvesse on v\u0151etud kuluefektiivsus tegemata mitte \u00fchtegi kompromissi kvaliteedis.\" \/>\n<meta property=\"og:url\" content=\"https:\/\/lavanno.com\/en\/toode\/bowe-multisolvent-mi300-wideline-keemilise-puhastuse-masin-15kg\/\" \/>\n<meta property=\"og:site_name\" content=\"Lavanno - pesuvahendite ekspert\" \/>\n<meta property=\"article:publisher\" content=\"https:\/\/www.facebook.com\/Lavanno.ee\" \/>\n<meta property=\"article:modified_time\" content=\"2026-02-03T06:45:01+00:00\" \/>\n<meta name=\"twitter:card\" content=\"summary_large_image\" \/>\n<meta name=\"twitter:label1\" content=\"Est. reading time\" \/>\n\t<meta name=\"twitter:data1\" content=\"2 minutes\" \/>\n<script type=\"application\/ld+json\" class=\"yoast-schema-graph\">{\"@context\":\"https:\/\/schema.org\",\"@graph\":[{\"@type\":\"WebPage\",\"@id\":\"https:\/\/lavanno.com\/en\/toode\/bowe-multisolvent-mi300-wideline-keemilise-puhastuse-masin-15kg\/\",\"url\":\"https:\/\/lavanno.com\/en\/toode\/bowe-multisolvent-mi300-wideline-keemilise-puhastuse-masin-15kg\/\",\"name\":\"B\u00d6WE Multisolvent Mi300 Wideline keemilise puhastuse masin 15kg - Lavanno - pesuvahendite ekspert\",\"isPartOf\":{\"@id\":\"https:\/\/lavanno.com\/en\/#website\"},\"primaryImageOfPage\":{\"@id\":\"https:\/\/lavanno.com\/en\/toode\/bowe-multisolvent-mi300-wideline-keemilise-puhastuse-masin-15kg\/#primaryimage\"},\"image\":{\"@id\":\"https:\/\/lavanno.com\/en\/toode\/bowe-multisolvent-mi300-wideline-keemilise-puhastuse-masin-15kg\/#primaryimage\"},\"thumbnailUrl\":\"https:\/\/lavanno.com\/wp-content\/uploads\/2025\/11\/boewe-iline-perc-multisolvent-keemilise-puhastuse-masinad.jpg\",\"datePublished\":\"2025-10-22T16:30:01+00:00\",\"dateModified\":\"2026-02-03T06:45:01+00:00\",\"breadcrumb\":{\"@id\":\"https:\/\/lavanno.com\/en\/toode\/bowe-multisolvent-mi300-wideline-keemilise-puhastuse-masin-15kg\/#breadcrumb\"},\"inLanguage\":\"en-US\",\"potentialAction\":[{\"@type\":\"ReadAction\",\"target\":[\"https:\/\/lavanno.com\/en\/toode\/bowe-multisolvent-mi300-wideline-keemilise-puhastuse-masin-15kg\/\"]}]},{\"@type\":\"ImageObject\",\"inLanguage\":\"en-US\",\"@id\":\"https:\/\/lavanno.com\/en\/toode\/bowe-multisolvent-mi300-wideline-keemilise-puhastuse-masin-15kg\/#primaryimage\",\"url\":\"https:\/\/lavanno.com\/wp-content\/uploads\/2025\/11\/boewe-iline-perc-multisolvent-keemilise-puhastuse-masinad.jpg\",\"contentUrl\":\"https:\/\/lavanno.com\/wp-content\/uploads\/2025\/11\/boewe-iline-perc-multisolvent-keemilise-puhastuse-masinad.jpg\",\"width\":600,\"height\":600},{\"@type\":\"BreadcrumbList\",\"@id\":\"https:\/\/lavanno.com\/en\/toode\/bowe-multisolvent-mi300-wideline-keemilise-puhastuse-masin-15kg\/#breadcrumb\",\"itemListElement\":[{\"@type\":\"ListItem\",\"position\":1,\"name\":\"Home\",\"item\":\"https:\/\/lavanno.com\/en\/\"},{\"@type\":\"ListItem\",\"position\":2,\"name\":\"E-pood\",\"item\":\"https:\/\/lavanno.com\/e-pood\/\"},{\"@type\":\"ListItem\",\"position\":3,\"name\":\"B\u00d6WE Multisolvent Mi300 Wideline keemilise puhastuse masin 15kg\"}]},{\"@type\":\"WebSite\",\"@id\":\"https:\/\/lavanno.com\/en\/#website\",\"url\":\"https:\/\/lavanno.com\/en\/\",\"name\":\"Lavanno - Pesuvahendite ekspert\",\"description\":\"Toome maale ja m\u00fc\u00fcme tekstiili pesuvahendeid, pesumajaseadmeid ja tarvikuid. Hooldame ja konsulteerime.\",\"publisher\":{\"@id\":\"https:\/\/lavanno.com\/en\/#organization\"},\"potentialAction\":[{\"@type\":\"SearchAction\",\"target\":{\"@type\":\"EntryPoint\",\"urlTemplate\":\"https:\/\/lavanno.com\/en\/?s={search_term_string}\"},\"query-input\":{\"@type\":\"PropertyValueSpecification\",\"valueRequired\":true,\"valueName\":\"search_term_string\"}}],\"inLanguage\":\"en-US\"},{\"@type\":\"Organization\",\"@id\":\"https:\/\/lavanno.com\/en\/#organization\",\"name\":\"Lavanno - Pesuvahendite ekspert\",\"url\":\"https:\/\/lavanno.com\/en\/\",\"logo\":{\"@type\":\"ImageObject\",\"inLanguage\":\"en-US\",\"@id\":\"https:\/\/lavanno.com\/en\/#\/schema\/logo\/image\/\",\"url\":\"https:\/\/lavanno.com\/wp-content\/uploads\/2025\/07\/Lavanno.png\",\"contentUrl\":\"https:\/\/lavanno.com\/wp-content\/uploads\/2025\/07\/Lavanno.png\",\"width\":1200,\"height\":1200,\"caption\":\"Lavanno - Pesuvahendite ekspert\"},\"image\":{\"@id\":\"https:\/\/lavanno.com\/en\/#\/schema\/logo\/image\/\"},\"sameAs\":[\"https:\/\/www.facebook.com\/Lavanno.ee\"]}]}<\/script>\n<!-- \/ Yoast SEO plugin. -->","yoast_head_json":{"title":"B\u00d6WE Multisolvent Mi300 Wideline keemilise puhastuse masin 15kg - Lavanno - pesuvahendite ekspert","robots":{"index":"index","follow":"follow","max-snippet":"max-snippet:-1","max-image-preview":"max-image-preview:large","max-video-preview":"max-video-preview:-1"},"canonical":"https:\/\/lavanno.com\/en\/toode\/bowe-multisolvent-mi300-wideline-keemilise-puhastuse-masin-15kg\/","og_locale":"en_US","og_type":"article","og_title":"B\u00d6WE Multisolvent Mi300 Wideline keemilise puhastuse masin 15kg - Lavanno - pesuvahendite ekspert","og_description":"Uue B\u00d6WE I-Line masinaga saate 3 aastase garantii. Muretu elu, kas keegi veel julgeb midagi sellist pakkuda!?  Uue ILine seeria keemilise puhastuse masinad seavad B\u00d6WE tootevalikus uue standardi. ILine seeria juures on kombineeritud ja kasutatud sama tehnoloogiat nagu h\u00e4sti tuntud PremiumLine puhulgi, aga arvesse on v\u0151etud kuluefektiivsus tegemata mitte \u00fchtegi kompromissi kvaliteedis.","og_url":"https:\/\/lavanno.com\/en\/toode\/bowe-multisolvent-mi300-wideline-keemilise-puhastuse-masin-15kg\/","og_site_name":"Lavanno - pesuvahendite ekspert","article_publisher":"https:\/\/www.facebook.com\/Lavanno.ee","article_modified_time":"2026-02-03T06:45:01+00:00","twitter_card":"summary_large_image","twitter_misc":{"Est. reading time":"2 minutes"},"schema":{"@context":"https:\/\/schema.org","@graph":[{"@type":"WebPage","@id":"https:\/\/lavanno.com\/en\/toode\/bowe-multisolvent-mi300-wideline-keemilise-puhastuse-masin-15kg\/","url":"https:\/\/lavanno.com\/en\/toode\/bowe-multisolvent-mi300-wideline-keemilise-puhastuse-masin-15kg\/","name":"B\u00d6WE Multisolvent Mi300 Wideline keemilise puhastuse masin 15kg - Lavanno - pesuvahendite ekspert","isPartOf":{"@id":"https:\/\/lavanno.com\/en\/#website"},"primaryImageOfPage":{"@id":"https:\/\/lavanno.com\/en\/toode\/bowe-multisolvent-mi300-wideline-keemilise-puhastuse-masin-15kg\/#primaryimage"},"image":{"@id":"https:\/\/lavanno.com\/en\/toode\/bowe-multisolvent-mi300-wideline-keemilise-puhastuse-masin-15kg\/#primaryimage"},"thumbnailUrl":"https:\/\/lavanno.com\/wp-content\/uploads\/2025\/11\/boewe-iline-perc-multisolvent-keemilise-puhastuse-masinad.jpg","datePublished":"2025-10-22T16:30:01+00:00","dateModified":"2026-02-03T06:45:01+00:00","breadcrumb":{"@id":"https:\/\/lavanno.com\/en\/toode\/bowe-multisolvent-mi300-wideline-keemilise-puhastuse-masin-15kg\/#breadcrumb"},"inLanguage":"en-US","potentialAction":[{"@type":"ReadAction","target":["https:\/\/lavanno.com\/en\/toode\/bowe-multisolvent-mi300-wideline-keemilise-puhastuse-masin-15kg\/"]}]},{"@type":"ImageObject","inLanguage":"en-US","@id":"https:\/\/lavanno.com\/en\/toode\/bowe-multisolvent-mi300-wideline-keemilise-puhastuse-masin-15kg\/#primaryimage","url":"https:\/\/lavanno.com\/wp-content\/uploads\/2025\/11\/boewe-iline-perc-multisolvent-keemilise-puhastuse-masinad.jpg","contentUrl":"https:\/\/lavanno.com\/wp-content\/uploads\/2025\/11\/boewe-iline-perc-multisolvent-keemilise-puhastuse-masinad.jpg","width":600,"height":600},{"@type":"BreadcrumbList","@id":"https:\/\/lavanno.com\/en\/toode\/bowe-multisolvent-mi300-wideline-keemilise-puhastuse-masin-15kg\/#breadcrumb","itemListElement":[{"@type":"ListItem","position":1,"name":"Home","item":"https:\/\/lavanno.com\/en\/"},{"@type":"ListItem","position":2,"name":"E-pood","item":"https:\/\/lavanno.com\/e-pood\/"},{"@type":"ListItem","position":3,"name":"B\u00d6WE Multisolvent Mi300 Wideline keemilise puhastuse masin 15kg"}]},{"@type":"WebSite","@id":"https:\/\/lavanno.com\/en\/#website","url":"https:\/\/lavanno.com\/en\/","name":"Lavanno - Pesuvahendite ekspert","description":"Toome maale ja m\u00fc\u00fcme tekstiili pesuvahendeid, pesumajaseadmeid ja tarvikuid. Hooldame ja konsulteerime.","publisher":{"@id":"https:\/\/lavanno.com\/en\/#organization"},"potentialAction":[{"@type":"SearchAction","target":{"@type":"EntryPoint","urlTemplate":"https:\/\/lavanno.com\/en\/?s={search_term_string}"},"query-input":{"@type":"PropertyValueSpecification","valueRequired":true,"valueName":"search_term_string"}}],"inLanguage":"en-US"},{"@type":"Organization","@id":"https:\/\/lavanno.com\/en\/#organization","name":"Lavanno - Pesuvahendite ekspert","url":"https:\/\/lavanno.com\/en\/","logo":{"@type":"ImageObject","inLanguage":"en-US","@id":"https:\/\/lavanno.com\/en\/#\/schema\/logo\/image\/","url":"https:\/\/lavanno.com\/wp-content\/uploads\/2025\/07\/Lavanno.png","contentUrl":"https:\/\/lavanno.com\/wp-content\/uploads\/2025\/07\/Lavanno.png","width":1200,"height":1200,"caption":"Lavanno - Pesuvahendite ekspert"},"image":{"@id":"https:\/\/lavanno.com\/en\/#\/schema\/logo\/image\/"},"sameAs":["https:\/\/www.facebook.com\/Lavanno.ee"]}]}},"_links":{"self":[{"href":"https:\/\/lavanno.com\/en\/wp-json\/wp\/v2\/product\/12093","targetHints":{"allow":["GET"]}}],"collection":[{"href":"https:\/\/lavanno.com\/en\/wp-json\/wp\/v2\/product"}],"about":[{"href":"https:\/\/lavanno.com\/en\/wp-json\/wp\/v2\/types\/product"}],"replies":[{"embeddable":true,"href":"https:\/\/lavanno.com\/en\/wp-json\/wp\/v2\/comments?post=12093"}],"wp:featuredmedia":[{"embeddable":true,"href":"https:\/\/lavanno.com\/en\/wp-json\/wp\/v2\/media\/12620"}],"wp:attachment":[{"href":"https:\/\/lavanno.com\/en\/wp-json\/wp\/v2\/media?parent=12093"}],"wp:term":[{"taxonomy":"product_brand","embeddable":true,"href":"https:\/\/lavanno.com\/en\/wp-json\/wp\/v2\/product_brand?post=12093"},{"taxonomy":"product_cat","embeddable":true,"href":"https:\/\/lavanno.com\/en\/wp-json\/wp\/v2\/product_cat?post=12093"},{"taxonomy":"product_tag","embeddable":true,"href":"https:\/\/lavanno.com\/en\/wp-json\/wp\/v2\/product_tag?post=12093"}],"curies":[{"name":"wp","href":"https:\/\/api.w.org\/{rel}","templated":true}]}}