{"id":12094,"date":"2025-10-22T19:30:01","date_gmt":"2025-10-22T16:30:01","guid":{"rendered":"https:\/\/lavanno.com\/toode\/apretex-targeldusvahend\/"},"modified":"2026-03-02T16:10:01","modified_gmt":"2026-03-02T14:10:01","slug":"apretex-targeldusvahend","status":"publish","type":"product","link":"https:\/\/lavanno.com\/en\/toode\/apretex-targeldusvahend\/","title":{"rendered":"Apretex &#8211; T\u00e4rgeldusvahend"},"content":{"rendered":"<p><strong>Spetsifikatsioon<\/strong><\/p>\n<p><strong>Kasutamine<\/strong><\/p>\n<p>Doseerida 10\u201350 g Apretexit \u00fche liitri vee kohta.<br \/>\nJ\u00e4tta r\u00f5ivad lahusesse ligunema 20\u201330 minutiks, seej\u00e4rel lasta \u00f5hu k\u00e4es kuivada.<\/p>\n<p>Doseerimine s\u00f5ltub soovitud t\u00e4rgeldusastmest.<\/p>\n<p>\u26a0\ufe0f Mitte kasutada pesumasinas.<\/p>\n<p><strong>Koostisosad<\/strong><\/p>\n<p>S\u00fcnteetilised kopol\u00fcmeerid vesilahuses.<\/p>\n<p><strong>Funktsioon<\/strong><\/p>\n<p>T\u00e4rgeldusvahend<\/p>\n<p><a href=\"https:\/\/lavanno.com\/wp-content\/uploads\/2025\/09\/A51-000Tintolav_ApretexRel2ETSDS.pdf\" target=\"_blank\" rel=\"noopener\">Ohutuskaart<\/a><\/p>\n","protected":false},"excerpt":{"rendered":"<p>Apretex on professionaalne vedel t\u00e4rgeldusvahend, mis p\u00f5hineb s\u00fcnteetiliste vaikude emulsioonil. Toode aitab taastada r\u00f5ivaste vormi ja struktuuri ning annab kangale soovitud j\u00e4ikuse vastavalt doseerimisele.<\/p>\n<p>Apretex muudab triikimise lihtsamaks, s\u00e4ilitab tekstiilide hingavuse ning ei m\u00f5juta v\u00e4rvitooni. Toode ei j\u00e4ta kangast rasvaseks ega muuda selle loomulikku v\u00e4limust.<\/p>\n<ul>\n<li>Taastab r\u00f5ivaste kuju ja struktuuri<\/li>\n<li>Lihtsustab triikimist<\/li>\n<li>S\u00e4ilitab kanga hingavuse<\/li>\n<li>Ei muuda v\u00e4rvitooni<\/li>\n<li>Ei j\u00e4ta rasvast tunnet<\/li>\n<li>Reguleeritav t\u00e4rgeldusaste vastavalt doseerimisele<\/li>\n<\/ul>\n<p>&nbsp;<\/p>\n<p>&nbsp;<\/p>\n","protected":false},"featured_media":12578,"comment_status":"open","ping_status":"closed","template":"","meta":[],"product_brand":[],"product_cat":[506,612],"product_tag":[834,835],"class_list":{"0":"post-12094","1":"product","2":"type-product","3":"status-publish","4":"has-post-thumbnail","6":"product_cat-ariklient","7":"product_cat-targeldusvahendid","8":"product_tag-horeca","9":"product_tag-pesumajad","11":"first","12":"instock","13":"taxable","14":"shipping-taxable","15":"purchasable","16":"product-type-simple"},"yoast_head":"<!-- This site is optimized with the Yoast SEO plugin v27.0 - https:\/\/yoast.com\/product\/yoast-seo-wordpress\/ -->\n<title>Apretex - T\u00e4rgeldusvahend - Lavanno - pesuvahendite ekspert<\/title>\n<meta name=\"description\" content=\"Apretex on professionaalne vedel t\u00e4rgeldusvahend, mis taastab r\u00f5ivaste kuju, lihtsustab triikimist ja s\u00e4ilitab kanga hingavuse.\" \/>\n<meta name=\"robots\" content=\"index, follow, max-snippet:-1, max-image-preview:large, max-video-preview:-1\" \/>\n<link rel=\"canonical\" href=\"https:\/\/lavanno.com\/en\/toode\/apretex-targeldusvahend\/\" \/>\n<meta property=\"og:locale\" content=\"en_US\" \/>\n<meta property=\"og:type\" content=\"article\" \/>\n<meta property=\"og:title\" content=\"Apretex - T\u00e4rgeldusvahend - Lavanno - pesuvahendite ekspert\" \/>\n<meta property=\"og:description\" content=\"Apretex on professionaalne vedel t\u00e4rgeldusvahend, mis taastab r\u00f5ivaste kuju, lihtsustab triikimist ja s\u00e4ilitab kanga hingavuse.\" \/>\n<meta property=\"og:url\" content=\"https:\/\/lavanno.com\/en\/toode\/apretex-targeldusvahend\/\" \/>\n<meta property=\"og:site_name\" content=\"Lavanno - pesuvahendite ekspert\" \/>\n<meta property=\"article:publisher\" content=\"https:\/\/www.facebook.com\/Lavanno.ee\" \/>\n<meta property=\"article:modified_time\" content=\"2026-03-02T14:10:01+00:00\" \/>\n<meta property=\"og:image\" content=\"https:\/\/lavanno.com\/wp-content\/uploads\/2025\/11\/a51-000h2apretex_2x5kg-1.png\" \/>\n\t<meta property=\"og:image:width\" content=\"800\" \/>\n\t<meta property=\"og:image:height\" content=\"800\" \/>\n\t<meta property=\"og:image:type\" content=\"image\/png\" \/>\n<meta name=\"twitter:card\" content=\"summary_large_image\" \/>\n<meta name=\"twitter:label1\" content=\"Est. reading time\" \/>\n\t<meta name=\"twitter:data1\" content=\"1 minute\" \/>\n<script type=\"application\/ld+json\" class=\"yoast-schema-graph\">{\"@context\":\"https:\/\/schema.org\",\"@graph\":[{\"@type\":\"WebPage\",\"@id\":\"https:\/\/lavanno.com\/en\/toode\/apretex-targeldusvahend\/\",\"url\":\"https:\/\/lavanno.com\/en\/toode\/apretex-targeldusvahend\/\",\"name\":\"Apretex - T\u00e4rgeldusvahend - Lavanno - pesuvahendite ekspert\",\"isPartOf\":{\"@id\":\"https:\/\/lavanno.com\/en\/#website\"},\"primaryImageOfPage\":{\"@id\":\"https:\/\/lavanno.com\/en\/toode\/apretex-targeldusvahend\/#primaryimage\"},\"image\":{\"@id\":\"https:\/\/lavanno.com\/en\/toode\/apretex-targeldusvahend\/#primaryimage\"},\"thumbnailUrl\":\"https:\/\/lavanno.com\/wp-content\/uploads\/2025\/11\/a51-000h2apretex_2x5kg-1.png\",\"datePublished\":\"2025-10-22T16:30:01+00:00\",\"dateModified\":\"2026-03-02T14:10:01+00:00\",\"description\":\"Apretex on professionaalne vedel t\u00e4rgeldusvahend, mis taastab r\u00f5ivaste kuju, lihtsustab triikimist ja s\u00e4ilitab kanga hingavuse.\",\"breadcrumb\":{\"@id\":\"https:\/\/lavanno.com\/en\/toode\/apretex-targeldusvahend\/#breadcrumb\"},\"inLanguage\":\"en-US\",\"potentialAction\":[{\"@type\":\"ReadAction\",\"target\":[\"https:\/\/lavanno.com\/en\/toode\/apretex-targeldusvahend\/\"]}]},{\"@type\":\"ImageObject\",\"inLanguage\":\"en-US\",\"@id\":\"https:\/\/lavanno.com\/en\/toode\/apretex-targeldusvahend\/#primaryimage\",\"url\":\"https:\/\/lavanno.com\/wp-content\/uploads\/2025\/11\/a51-000h2apretex_2x5kg-1.png\",\"contentUrl\":\"https:\/\/lavanno.com\/wp-content\/uploads\/2025\/11\/a51-000h2apretex_2x5kg-1.png\",\"width\":800,\"height\":800},{\"@type\":\"BreadcrumbList\",\"@id\":\"https:\/\/lavanno.com\/en\/toode\/apretex-targeldusvahend\/#breadcrumb\",\"itemListElement\":[{\"@type\":\"ListItem\",\"position\":1,\"name\":\"Home\",\"item\":\"https:\/\/lavanno.com\/en\/\"},{\"@type\":\"ListItem\",\"position\":2,\"name\":\"E-pood\",\"item\":\"https:\/\/lavanno.com\/e-pood\/\"},{\"@type\":\"ListItem\",\"position\":3,\"name\":\"Apretex &#8211; T\u00e4rgeldusvahend\"}]},{\"@type\":\"WebSite\",\"@id\":\"https:\/\/lavanno.com\/en\/#website\",\"url\":\"https:\/\/lavanno.com\/en\/\",\"name\":\"Lavanno - Pesuvahendite ekspert\",\"description\":\"Toome maale ja m\u00fc\u00fcme tekstiili pesuvahendeid, pesumajaseadmeid ja tarvikuid. Hooldame ja konsulteerime.\",\"publisher\":{\"@id\":\"https:\/\/lavanno.com\/en\/#organization\"},\"potentialAction\":[{\"@type\":\"SearchAction\",\"target\":{\"@type\":\"EntryPoint\",\"urlTemplate\":\"https:\/\/lavanno.com\/en\/?s={search_term_string}\"},\"query-input\":{\"@type\":\"PropertyValueSpecification\",\"valueRequired\":true,\"valueName\":\"search_term_string\"}}],\"inLanguage\":\"en-US\"},{\"@type\":\"Organization\",\"@id\":\"https:\/\/lavanno.com\/en\/#organization\",\"name\":\"Lavanno - Pesuvahendite ekspert\",\"url\":\"https:\/\/lavanno.com\/en\/\",\"logo\":{\"@type\":\"ImageObject\",\"inLanguage\":\"en-US\",\"@id\":\"https:\/\/lavanno.com\/en\/#\/schema\/logo\/image\/\",\"url\":\"https:\/\/lavanno.com\/wp-content\/uploads\/2025\/07\/Lavanno.png\",\"contentUrl\":\"https:\/\/lavanno.com\/wp-content\/uploads\/2025\/07\/Lavanno.png\",\"width\":1200,\"height\":1200,\"caption\":\"Lavanno - Pesuvahendite ekspert\"},\"image\":{\"@id\":\"https:\/\/lavanno.com\/en\/#\/schema\/logo\/image\/\"},\"sameAs\":[\"https:\/\/www.facebook.com\/Lavanno.ee\"]}]}<\/script>\n<!-- \/ Yoast SEO plugin. -->","yoast_head_json":{"title":"Apretex - T\u00e4rgeldusvahend - Lavanno - pesuvahendite ekspert","description":"Apretex on professionaalne vedel t\u00e4rgeldusvahend, mis taastab r\u00f5ivaste kuju, lihtsustab triikimist ja s\u00e4ilitab kanga hingavuse.","robots":{"index":"index","follow":"follow","max-snippet":"max-snippet:-1","max-image-preview":"max-image-preview:large","max-video-preview":"max-video-preview:-1"},"canonical":"https:\/\/lavanno.com\/en\/toode\/apretex-targeldusvahend\/","og_locale":"en_US","og_type":"article","og_title":"Apretex - T\u00e4rgeldusvahend - Lavanno - pesuvahendite ekspert","og_description":"Apretex on professionaalne vedel t\u00e4rgeldusvahend, mis taastab r\u00f5ivaste kuju, lihtsustab triikimist ja s\u00e4ilitab kanga hingavuse.","og_url":"https:\/\/lavanno.com\/en\/toode\/apretex-targeldusvahend\/","og_site_name":"Lavanno - pesuvahendite ekspert","article_publisher":"https:\/\/www.facebook.com\/Lavanno.ee","article_modified_time":"2026-03-02T14:10:01+00:00","og_image":[{"width":800,"height":800,"url":"https:\/\/lavanno.com\/wp-content\/uploads\/2025\/11\/a51-000h2apretex_2x5kg-1.png","type":"image\/png"}],"twitter_card":"summary_large_image","twitter_misc":{"Est. reading time":"1 minute"},"schema":{"@context":"https:\/\/schema.org","@graph":[{"@type":"WebPage","@id":"https:\/\/lavanno.com\/en\/toode\/apretex-targeldusvahend\/","url":"https:\/\/lavanno.com\/en\/toode\/apretex-targeldusvahend\/","name":"Apretex - T\u00e4rgeldusvahend - Lavanno - pesuvahendite ekspert","isPartOf":{"@id":"https:\/\/lavanno.com\/en\/#website"},"primaryImageOfPage":{"@id":"https:\/\/lavanno.com\/en\/toode\/apretex-targeldusvahend\/#primaryimage"},"image":{"@id":"https:\/\/lavanno.com\/en\/toode\/apretex-targeldusvahend\/#primaryimage"},"thumbnailUrl":"https:\/\/lavanno.com\/wp-content\/uploads\/2025\/11\/a51-000h2apretex_2x5kg-1.png","datePublished":"2025-10-22T16:30:01+00:00","dateModified":"2026-03-02T14:10:01+00:00","description":"Apretex on professionaalne vedel t\u00e4rgeldusvahend, mis taastab r\u00f5ivaste kuju, lihtsustab triikimist ja s\u00e4ilitab kanga hingavuse.","breadcrumb":{"@id":"https:\/\/lavanno.com\/en\/toode\/apretex-targeldusvahend\/#breadcrumb"},"inLanguage":"en-US","potentialAction":[{"@type":"ReadAction","target":["https:\/\/lavanno.com\/en\/toode\/apretex-targeldusvahend\/"]}]},{"@type":"ImageObject","inLanguage":"en-US","@id":"https:\/\/lavanno.com\/en\/toode\/apretex-targeldusvahend\/#primaryimage","url":"https:\/\/lavanno.com\/wp-content\/uploads\/2025\/11\/a51-000h2apretex_2x5kg-1.png","contentUrl":"https:\/\/lavanno.com\/wp-content\/uploads\/2025\/11\/a51-000h2apretex_2x5kg-1.png","width":800,"height":800},{"@type":"BreadcrumbList","@id":"https:\/\/lavanno.com\/en\/toode\/apretex-targeldusvahend\/#breadcrumb","itemListElement":[{"@type":"ListItem","position":1,"name":"Home","item":"https:\/\/lavanno.com\/en\/"},{"@type":"ListItem","position":2,"name":"E-pood","item":"https:\/\/lavanno.com\/e-pood\/"},{"@type":"ListItem","position":3,"name":"Apretex &#8211; T\u00e4rgeldusvahend"}]},{"@type":"WebSite","@id":"https:\/\/lavanno.com\/en\/#website","url":"https:\/\/lavanno.com\/en\/","name":"Lavanno - Pesuvahendite ekspert","description":"Toome maale ja m\u00fc\u00fcme tekstiili pesuvahendeid, pesumajaseadmeid ja tarvikuid. Hooldame ja konsulteerime.","publisher":{"@id":"https:\/\/lavanno.com\/en\/#organization"},"potentialAction":[{"@type":"SearchAction","target":{"@type":"EntryPoint","urlTemplate":"https:\/\/lavanno.com\/en\/?s={search_term_string}"},"query-input":{"@type":"PropertyValueSpecification","valueRequired":true,"valueName":"search_term_string"}}],"inLanguage":"en-US"},{"@type":"Organization","@id":"https:\/\/lavanno.com\/en\/#organization","name":"Lavanno - Pesuvahendite ekspert","url":"https:\/\/lavanno.com\/en\/","logo":{"@type":"ImageObject","inLanguage":"en-US","@id":"https:\/\/lavanno.com\/en\/#\/schema\/logo\/image\/","url":"https:\/\/lavanno.com\/wp-content\/uploads\/2025\/07\/Lavanno.png","contentUrl":"https:\/\/lavanno.com\/wp-content\/uploads\/2025\/07\/Lavanno.png","width":1200,"height":1200,"caption":"Lavanno - Pesuvahendite ekspert"},"image":{"@id":"https:\/\/lavanno.com\/en\/#\/schema\/logo\/image\/"},"sameAs":["https:\/\/www.facebook.com\/Lavanno.ee"]}]}},"_links":{"self":[{"href":"https:\/\/lavanno.com\/en\/wp-json\/wp\/v2\/product\/12094","targetHints":{"allow":["GET"]}}],"collection":[{"href":"https:\/\/lavanno.com\/en\/wp-json\/wp\/v2\/product"}],"about":[{"href":"https:\/\/lavanno.com\/en\/wp-json\/wp\/v2\/types\/product"}],"replies":[{"embeddable":true,"href":"https:\/\/lavanno.com\/en\/wp-json\/wp\/v2\/comments?post=12094"}],"wp:featuredmedia":[{"embeddable":true,"href":"https:\/\/lavanno.com\/en\/wp-json\/wp\/v2\/media\/12578"}],"wp:attachment":[{"href":"https:\/\/lavanno.com\/en\/wp-json\/wp\/v2\/media?parent=12094"}],"wp:term":[{"taxonomy":"product_brand","embeddable":true,"href":"https:\/\/lavanno.com\/en\/wp-json\/wp\/v2\/product_brand?post=12094"},{"taxonomy":"product_cat","embeddable":true,"href":"https:\/\/lavanno.com\/en\/wp-json\/wp\/v2\/product_cat?post=12094"},{"taxonomy":"product_tag","embeddable":true,"href":"https:\/\/lavanno.com\/en\/wp-json\/wp\/v2\/product_tag?post=12094"}],"curies":[{"name":"wp","href":"https:\/\/api.w.org\/{rel}","templated":true}]}}