{"id":12097,"date":"2025-10-22T19:30:01","date_gmt":"2025-10-22T16:30:01","guid":{"rendered":"https:\/\/lavanno.com\/toode\/oxygen-superwash-1-kg-pulbriline-hapnikupohine-pleegitusaine\/"},"modified":"2026-05-02T14:45:00","modified_gmt":"2026-05-02T11:45:00","slug":"oxygen-superwash-1-kg-pulbriline-hapnikupohine-pleegitusaine","status":"publish","type":"product","link":"https:\/\/lavanno.com\/en\/toode\/oxygen-superwash-1-kg-pulbriline-hapnikupohine-pleegitusaine\/","title":{"rendered":"Oxygen Superwash 1 kg. Pulbriline hapnikup\u00f5hine pleegitusaine"},"content":{"rendered":"<p><strong>Spetsifikatsioon<\/strong><\/p>\n<p><strong>Kasutamine<\/strong><\/p>\n<p>Kasutada koos tavap\u00e4rase pesuvahendiga, eelistatult eelpesuts\u00fcklis.<\/p>\n<p>Doseerimine:<br \/>\n2\u20135 ml (v\u00f5i g) 1 kg kuiva pesu kohta t\u00e4iskoormusega pesumasinas, s\u00f5ltuvalt mustuse astmest ja kangat\u00fc\u00fcbist.<\/p>\n<p>\u26a0\ufe0f \u00c4rge kasutage koos kloorip\u00f5histe pleegitusvahenditega samas pesuts\u00fcklis.<br \/>\n\u26a0\ufe0f Mitte kasutada villastel, siidist ega nahast r\u00f5ivastel.<\/p>\n<p><strong>Koostisosad<\/strong><\/p>\n<p>Naatriumkarbonaat \u2013 vesinikperoksiid (2:3).<\/p>\n<p><strong>Funktsioon<\/strong><\/p>\n<p>Hapnikup\u00f5hine pleegitaja<\/p>\n<p><a href=\"https:\/\/lavanno.com\/wp-content\/uploads\/2025\/09\/A48-005Tintolav_Oxygen_superwashRel2ETSDS.pdf\" target=\"_blank\" rel=\"noopener\">Ohutuskaart<\/a><\/p>\n","protected":false},"excerpt":{"rendered":"<p>Oxygen Superwash on hapnikup\u00f5hine pulbriline pleegitusvahend, mis on m\u00f5eldud kasutamiseks koos tavap\u00e4raste pesuvahenditega. Toode aitab eemaldada tugevaid plekke ning taastada pesu puhtuse ja v\u00e4rskuse.<\/p>\n<p>Pleegitaja toimib t\u00f5husalt temperatuuridel \u00fcle 40 \u00b0C ning sobib nii valgete kui v\u00e4rviliste r\u00f5ivaste pesemiseks. Soovitatud doseerimist j\u00e4rgides on see kangastele ja v\u00e4rvidele ohutu.<\/p>\n<p>Toode on ideaalne kasutamiseks pesumajades ja professionaalses tekstiilihoolduses.<\/p>\n<p>Selle toote eelised:<\/p>\n<ul>\n<li>Hapnikup\u00f5hine pleegitus toime<\/li>\n<li>Ideaalne nii valge ja kui v\u00e4rvilise pesu pleegitamiseks.<\/li>\n<li>Ei tohi kasutada villaste, siidist ja nahast esemete korral.<\/li>\n<li>Toimib \u00fcle 40\u00b0C temperatuuri juures.<\/li>\n<li>\u00d5rn kangastele ja v\u00e4rvidele \u00f5ige doseerimise korral<\/li>\n<\/ul>\n","protected":false},"featured_media":12580,"comment_status":"open","ping_status":"closed","template":"","meta":[],"product_brand":[],"product_cat":[506,572],"product_tag":[834,835,837,839],"class_list":{"0":"post-12097","1":"product","2":"type-product","3":"status-publish","4":"has-post-thumbnail","6":"product_cat-ariklient","7":"product_cat-lisaained","8":"product_tag-horeca","9":"product_tag-pesumajad","10":"product_tag-puhastusteenindus","11":"product_tag-tervishoid","13":"first","14":"instock","15":"taxable","16":"shipping-taxable","17":"purchasable","18":"product-type-simple"},"yoast_head":"<!-- This site is optimized with the Yoast SEO plugin v27.0 - https:\/\/yoast.com\/product\/yoast-seo-wordpress\/ -->\n<title>Oxygen Superwash 1 kg. Pulbriline hapnikup\u00f5hine pleegitusaine - Lavanno - pesuvahendite ekspert<\/title>\n<meta name=\"description\" content=\"Oxygen Superwash on hapnikup\u00f5hine pleegitaja, mis eemaldab plekke ja taastab pesu puhtuse. Sobib valgele ja v\u00e4rvilisele pesule alates 40\u00b0C.\" \/>\n<meta name=\"robots\" content=\"index, follow, max-snippet:-1, max-image-preview:large, max-video-preview:-1\" \/>\n<link rel=\"canonical\" href=\"https:\/\/lavanno.com\/en\/toode\/oxygen-superwash-1-kg-pulbriline-hapnikupohine-pleegitusaine\/\" \/>\n<meta property=\"og:locale\" content=\"en_US\" \/>\n<meta property=\"og:type\" content=\"article\" \/>\n<meta property=\"og:title\" content=\"Oxygen Superwash 1 kg. Pulbriline hapnikup\u00f5hine pleegitusaine - Lavanno - pesuvahendite ekspert\" \/>\n<meta property=\"og:description\" content=\"Oxygen Superwash on hapnikup\u00f5hine pleegitaja, mis eemaldab plekke ja taastab pesu puhtuse. Sobib valgele ja v\u00e4rvilisele pesule alates 40\u00b0C.\" \/>\n<meta property=\"og:url\" content=\"https:\/\/lavanno.com\/en\/toode\/oxygen-superwash-1-kg-pulbriline-hapnikupohine-pleegitusaine\/\" \/>\n<meta property=\"og:site_name\" content=\"Lavanno - pesuvahendite ekspert\" \/>\n<meta property=\"article:publisher\" content=\"https:\/\/www.facebook.com\/Lavanno.ee\" \/>\n<meta property=\"article:modified_time\" content=\"2026-05-02T11:45:00+00:00\" \/>\n<meta property=\"og:image\" content=\"https:\/\/lavanno.com\/wp-content\/uploads\/2025\/11\/a48-005oxygen_superwash_1kg-1.png\" \/>\n\t<meta property=\"og:image:width\" content=\"800\" \/>\n\t<meta property=\"og:image:height\" content=\"800\" \/>\n\t<meta property=\"og:image:type\" content=\"image\/png\" \/>\n<meta name=\"twitter:card\" content=\"summary_large_image\" \/>\n<meta name=\"twitter:label1\" content=\"Est. reading time\" \/>\n\t<meta name=\"twitter:data1\" content=\"1 minute\" \/>\n<script type=\"application\/ld+json\" class=\"yoast-schema-graph\">{\"@context\":\"https:\/\/schema.org\",\"@graph\":[{\"@type\":\"WebPage\",\"@id\":\"https:\/\/lavanno.com\/en\/toode\/oxygen-superwash-1-kg-pulbriline-hapnikupohine-pleegitusaine\/\",\"url\":\"https:\/\/lavanno.com\/en\/toode\/oxygen-superwash-1-kg-pulbriline-hapnikupohine-pleegitusaine\/\",\"name\":\"Oxygen Superwash 1 kg. Pulbriline hapnikup\u00f5hine pleegitusaine - Lavanno - pesuvahendite ekspert\",\"isPartOf\":{\"@id\":\"https:\/\/lavanno.com\/en\/#website\"},\"primaryImageOfPage\":{\"@id\":\"https:\/\/lavanno.com\/en\/toode\/oxygen-superwash-1-kg-pulbriline-hapnikupohine-pleegitusaine\/#primaryimage\"},\"image\":{\"@id\":\"https:\/\/lavanno.com\/en\/toode\/oxygen-superwash-1-kg-pulbriline-hapnikupohine-pleegitusaine\/#primaryimage\"},\"thumbnailUrl\":\"https:\/\/lavanno.com\/wp-content\/uploads\/2025\/11\/a48-005oxygen_superwash_1kg-1.png\",\"datePublished\":\"2025-10-22T16:30:01+00:00\",\"dateModified\":\"2026-05-02T11:45:00+00:00\",\"description\":\"Oxygen Superwash on hapnikup\u00f5hine pleegitaja, mis eemaldab plekke ja taastab pesu puhtuse. Sobib valgele ja v\u00e4rvilisele pesule alates 40\u00b0C.\",\"breadcrumb\":{\"@id\":\"https:\/\/lavanno.com\/en\/toode\/oxygen-superwash-1-kg-pulbriline-hapnikupohine-pleegitusaine\/#breadcrumb\"},\"inLanguage\":\"en-US\",\"potentialAction\":[{\"@type\":\"ReadAction\",\"target\":[\"https:\/\/lavanno.com\/en\/toode\/oxygen-superwash-1-kg-pulbriline-hapnikupohine-pleegitusaine\/\"]}]},{\"@type\":\"ImageObject\",\"inLanguage\":\"en-US\",\"@id\":\"https:\/\/lavanno.com\/en\/toode\/oxygen-superwash-1-kg-pulbriline-hapnikupohine-pleegitusaine\/#primaryimage\",\"url\":\"https:\/\/lavanno.com\/wp-content\/uploads\/2025\/11\/a48-005oxygen_superwash_1kg-1.png\",\"contentUrl\":\"https:\/\/lavanno.com\/wp-content\/uploads\/2025\/11\/a48-005oxygen_superwash_1kg-1.png\",\"width\":800,\"height\":800},{\"@type\":\"BreadcrumbList\",\"@id\":\"https:\/\/lavanno.com\/en\/toode\/oxygen-superwash-1-kg-pulbriline-hapnikupohine-pleegitusaine\/#breadcrumb\",\"itemListElement\":[{\"@type\":\"ListItem\",\"position\":1,\"name\":\"Home\",\"item\":\"https:\/\/lavanno.com\/en\/\"},{\"@type\":\"ListItem\",\"position\":2,\"name\":\"E-pood\",\"item\":\"https:\/\/lavanno.com\/e-pood\/\"},{\"@type\":\"ListItem\",\"position\":3,\"name\":\"Oxygen Superwash 1 kg. Pulbriline hapnikup\u00f5hine pleegitusaine\"}]},{\"@type\":\"WebSite\",\"@id\":\"https:\/\/lavanno.com\/en\/#website\",\"url\":\"https:\/\/lavanno.com\/en\/\",\"name\":\"Lavanno - Pesuvahendite ekspert\",\"description\":\"Toome maale ja m\u00fc\u00fcme tekstiili pesuvahendeid, pesumajaseadmeid ja tarvikuid. Hooldame ja konsulteerime.\",\"publisher\":{\"@id\":\"https:\/\/lavanno.com\/en\/#organization\"},\"potentialAction\":[{\"@type\":\"SearchAction\",\"target\":{\"@type\":\"EntryPoint\",\"urlTemplate\":\"https:\/\/lavanno.com\/en\/?s={search_term_string}\"},\"query-input\":{\"@type\":\"PropertyValueSpecification\",\"valueRequired\":true,\"valueName\":\"search_term_string\"}}],\"inLanguage\":\"en-US\"},{\"@type\":\"Organization\",\"@id\":\"https:\/\/lavanno.com\/en\/#organization\",\"name\":\"Lavanno - Pesuvahendite ekspert\",\"url\":\"https:\/\/lavanno.com\/en\/\",\"logo\":{\"@type\":\"ImageObject\",\"inLanguage\":\"en-US\",\"@id\":\"https:\/\/lavanno.com\/en\/#\/schema\/logo\/image\/\",\"url\":\"https:\/\/lavanno.com\/wp-content\/uploads\/2025\/07\/Lavanno.png\",\"contentUrl\":\"https:\/\/lavanno.com\/wp-content\/uploads\/2025\/07\/Lavanno.png\",\"width\":1200,\"height\":1200,\"caption\":\"Lavanno - Pesuvahendite ekspert\"},\"image\":{\"@id\":\"https:\/\/lavanno.com\/en\/#\/schema\/logo\/image\/\"},\"sameAs\":[\"https:\/\/www.facebook.com\/Lavanno.ee\"]}]}<\/script>\n<!-- \/ Yoast SEO plugin. -->","yoast_head_json":{"title":"Oxygen Superwash 1 kg. Pulbriline hapnikup\u00f5hine pleegitusaine - Lavanno - pesuvahendite ekspert","description":"Oxygen Superwash on hapnikup\u00f5hine pleegitaja, mis eemaldab plekke ja taastab pesu puhtuse. Sobib valgele ja v\u00e4rvilisele pesule alates 40\u00b0C.","robots":{"index":"index","follow":"follow","max-snippet":"max-snippet:-1","max-image-preview":"max-image-preview:large","max-video-preview":"max-video-preview:-1"},"canonical":"https:\/\/lavanno.com\/en\/toode\/oxygen-superwash-1-kg-pulbriline-hapnikupohine-pleegitusaine\/","og_locale":"en_US","og_type":"article","og_title":"Oxygen Superwash 1 kg. Pulbriline hapnikup\u00f5hine pleegitusaine - Lavanno - pesuvahendite ekspert","og_description":"Oxygen Superwash on hapnikup\u00f5hine pleegitaja, mis eemaldab plekke ja taastab pesu puhtuse. Sobib valgele ja v\u00e4rvilisele pesule alates 40\u00b0C.","og_url":"https:\/\/lavanno.com\/en\/toode\/oxygen-superwash-1-kg-pulbriline-hapnikupohine-pleegitusaine\/","og_site_name":"Lavanno - pesuvahendite ekspert","article_publisher":"https:\/\/www.facebook.com\/Lavanno.ee","article_modified_time":"2026-05-02T11:45:00+00:00","og_image":[{"width":800,"height":800,"url":"https:\/\/lavanno.com\/wp-content\/uploads\/2025\/11\/a48-005oxygen_superwash_1kg-1.png","type":"image\/png"}],"twitter_card":"summary_large_image","twitter_misc":{"Est. reading time":"1 minute"},"schema":{"@context":"https:\/\/schema.org","@graph":[{"@type":"WebPage","@id":"https:\/\/lavanno.com\/en\/toode\/oxygen-superwash-1-kg-pulbriline-hapnikupohine-pleegitusaine\/","url":"https:\/\/lavanno.com\/en\/toode\/oxygen-superwash-1-kg-pulbriline-hapnikupohine-pleegitusaine\/","name":"Oxygen Superwash 1 kg. Pulbriline hapnikup\u00f5hine pleegitusaine - Lavanno - pesuvahendite ekspert","isPartOf":{"@id":"https:\/\/lavanno.com\/en\/#website"},"primaryImageOfPage":{"@id":"https:\/\/lavanno.com\/en\/toode\/oxygen-superwash-1-kg-pulbriline-hapnikupohine-pleegitusaine\/#primaryimage"},"image":{"@id":"https:\/\/lavanno.com\/en\/toode\/oxygen-superwash-1-kg-pulbriline-hapnikupohine-pleegitusaine\/#primaryimage"},"thumbnailUrl":"https:\/\/lavanno.com\/wp-content\/uploads\/2025\/11\/a48-005oxygen_superwash_1kg-1.png","datePublished":"2025-10-22T16:30:01+00:00","dateModified":"2026-05-02T11:45:00+00:00","description":"Oxygen Superwash on hapnikup\u00f5hine pleegitaja, mis eemaldab plekke ja taastab pesu puhtuse. Sobib valgele ja v\u00e4rvilisele pesule alates 40\u00b0C.","breadcrumb":{"@id":"https:\/\/lavanno.com\/en\/toode\/oxygen-superwash-1-kg-pulbriline-hapnikupohine-pleegitusaine\/#breadcrumb"},"inLanguage":"en-US","potentialAction":[{"@type":"ReadAction","target":["https:\/\/lavanno.com\/en\/toode\/oxygen-superwash-1-kg-pulbriline-hapnikupohine-pleegitusaine\/"]}]},{"@type":"ImageObject","inLanguage":"en-US","@id":"https:\/\/lavanno.com\/en\/toode\/oxygen-superwash-1-kg-pulbriline-hapnikupohine-pleegitusaine\/#primaryimage","url":"https:\/\/lavanno.com\/wp-content\/uploads\/2025\/11\/a48-005oxygen_superwash_1kg-1.png","contentUrl":"https:\/\/lavanno.com\/wp-content\/uploads\/2025\/11\/a48-005oxygen_superwash_1kg-1.png","width":800,"height":800},{"@type":"BreadcrumbList","@id":"https:\/\/lavanno.com\/en\/toode\/oxygen-superwash-1-kg-pulbriline-hapnikupohine-pleegitusaine\/#breadcrumb","itemListElement":[{"@type":"ListItem","position":1,"name":"Home","item":"https:\/\/lavanno.com\/en\/"},{"@type":"ListItem","position":2,"name":"E-pood","item":"https:\/\/lavanno.com\/e-pood\/"},{"@type":"ListItem","position":3,"name":"Oxygen Superwash 1 kg. Pulbriline hapnikup\u00f5hine pleegitusaine"}]},{"@type":"WebSite","@id":"https:\/\/lavanno.com\/en\/#website","url":"https:\/\/lavanno.com\/en\/","name":"Lavanno - Pesuvahendite ekspert","description":"Toome maale ja m\u00fc\u00fcme tekstiili pesuvahendeid, pesumajaseadmeid ja tarvikuid. Hooldame ja konsulteerime.","publisher":{"@id":"https:\/\/lavanno.com\/en\/#organization"},"potentialAction":[{"@type":"SearchAction","target":{"@type":"EntryPoint","urlTemplate":"https:\/\/lavanno.com\/en\/?s={search_term_string}"},"query-input":{"@type":"PropertyValueSpecification","valueRequired":true,"valueName":"search_term_string"}}],"inLanguage":"en-US"},{"@type":"Organization","@id":"https:\/\/lavanno.com\/en\/#organization","name":"Lavanno - Pesuvahendite ekspert","url":"https:\/\/lavanno.com\/en\/","logo":{"@type":"ImageObject","inLanguage":"en-US","@id":"https:\/\/lavanno.com\/en\/#\/schema\/logo\/image\/","url":"https:\/\/lavanno.com\/wp-content\/uploads\/2025\/07\/Lavanno.png","contentUrl":"https:\/\/lavanno.com\/wp-content\/uploads\/2025\/07\/Lavanno.png","width":1200,"height":1200,"caption":"Lavanno - Pesuvahendite ekspert"},"image":{"@id":"https:\/\/lavanno.com\/en\/#\/schema\/logo\/image\/"},"sameAs":["https:\/\/www.facebook.com\/Lavanno.ee"]}]}},"_links":{"self":[{"href":"https:\/\/lavanno.com\/en\/wp-json\/wp\/v2\/product\/12097","targetHints":{"allow":["GET"]}}],"collection":[{"href":"https:\/\/lavanno.com\/en\/wp-json\/wp\/v2\/product"}],"about":[{"href":"https:\/\/lavanno.com\/en\/wp-json\/wp\/v2\/types\/product"}],"replies":[{"embeddable":true,"href":"https:\/\/lavanno.com\/en\/wp-json\/wp\/v2\/comments?post=12097"}],"wp:featuredmedia":[{"embeddable":true,"href":"https:\/\/lavanno.com\/en\/wp-json\/wp\/v2\/media\/12580"}],"wp:attachment":[{"href":"https:\/\/lavanno.com\/en\/wp-json\/wp\/v2\/media?parent=12097"}],"wp:term":[{"taxonomy":"product_brand","embeddable":true,"href":"https:\/\/lavanno.com\/en\/wp-json\/wp\/v2\/product_brand?post=12097"},{"taxonomy":"product_cat","embeddable":true,"href":"https:\/\/lavanno.com\/en\/wp-json\/wp\/v2\/product_cat?post=12097"},{"taxonomy":"product_tag","embeddable":true,"href":"https:\/\/lavanno.com\/en\/wp-json\/wp\/v2\/product_tag?post=12097"}],"curies":[{"name":"wp","href":"https:\/\/api.w.org\/{rel}","templated":true}]}}