{"id":12098,"date":"2025-10-22T19:30:01","date_gmt":"2025-10-22T16:30:01","guid":{"rendered":"https:\/\/lavanno.com\/toode\/caresse-blanche-1kg-vesi-perc-lohnaessents\/"},"modified":"2026-05-02T14:45:00","modified_gmt":"2026-05-02T11:45:00","slug":"caresse-blanche-1kg-vesi-perc-lohnaessents","status":"publish","type":"product","link":"https:\/\/lavanno.com\/en\/toode\/caresse-blanche-1kg-vesi-perc-lohnaessents\/","title":{"rendered":"Caresse Blanche 1kg &#8211;  Vesi\/Perc l\u00f5hnaessents"},"content":{"rendered":"<p><strong>Spetsifikatsioon<\/strong><\/p>\n<p><strong>Kasutamine<\/strong><\/p>\n<p>Vesipesus<\/p>\n<p>Lisada viimases loputusts\u00fcklis madala veetaseme korral.<\/p>\n<p>Doseerimine:<br \/>\n1\u20133 ml essentsi 1 kg kuiva pesu kohta (t\u00e4iskoormus).<\/p>\n<p>Keemilises puhastuses (PERC)<\/p>\n<p>Kasutada t\u00e4iskoormusega masinas, eelistatult teises pesuvannis, doseerides nupukambrisse v\u00f5i automaatselt.<\/p>\n<p>Pidev destillatsioon:<br \/>\n2\u20133 ml \/ kg<\/p>\n<p>Manuaalne destillatsioon:<br \/>\n3 ml \/ kg esimeses pesus puhta lahustiga<br \/>\n1 ml \/ kg j\u00e4rgmistes pesudes ilma destillatsioonita<\/p>\n<p><strong>Koostisosad<\/strong><\/p>\n<p>L\u00f5hnaained, trideceth-12, riitsinus\u00f5li, etoks\u00fcdigl\u00fckool, heks\u00fc\u00fcltsinnamaal, 2,6-dimet\u00fc\u00fcl-7-okteen-2-ool, trits\u00fcklodecen\u00fc\u00fclpropionaat, kumariin, fenet\u00fc\u00fclalkohol, 2-tert-but\u00fc\u00fclts\u00fckloheks\u00fc\u00fclatsetaat, bens\u00fc\u00fclatsetaat, alfa-isomet\u00fc\u00fclionoon, eugenool, limoneen, linalool, bens\u00fc\u00fclbensoaat, oblikhape.<\/p>\n<p><strong>Funktsioon<\/strong><\/p>\n<p>Pesu- ja keemilise puhastuse l\u00f5hnaessents<\/p>\n<p><a href=\"https:\/\/lavanno.com\/wp-content\/uploads\/2025\/09\/A80-086Hygienfresh_Essense_Caresse_BlancheRel3ETSDS.pdf\" target=\"_blank\" rel=\"noopener\">Ohutuskaart<\/a><\/p>\n","protected":false},"excerpt":{"rendered":"<p>Caresse Blanche Essence on professionaalne l\u00f5hnaessents, mis sobib kasutamiseks nii vesipesus kui ka keemilises puhastuses. Selle kontsentreeritud koostis tagab tugeva ja pikaajalise l\u00f5hna, mis j\u00e4\u00e4b kangastele ka p\u00e4rast kuivatamist.<\/p>\n<p>Toode on \u00fchilduv k\u00f5ikide pesuvahendite ja pesuloputusvahenditega ning ei j\u00e4ta kangastele plekke. Sobib kasutamiseks erinevat t\u00fc\u00fcpi tekstiilidel, pakkudes luksuslikku ja v\u00e4rsket pesul\u00f5hna.<\/p>\n<ul>\n<li>Intensiivne ja kauakestev v\u00e4rske pesu l\u00f5hn<\/li>\n<li>V\u00e4ga kontsentreeritud \u2013 v\u00e4ike kogus annab tugeva tulemuse<\/li>\n<li>Sobib k\u00f5ikide pesuvahendite ja loputusvahenditega<\/li>\n<li>Ei j\u00e4ta kangastele plekke<\/li>\n<li>Sobib nii vesipesuks kui keemiliseks puhastuseks (PERC)<\/li>\n<li>Fosfaadivaba<\/li>\n<\/ul>\n","protected":false},"featured_media":12582,"comment_status":"open","ping_status":"closed","template":"","meta":[],"product_brand":[],"product_cat":[506,525,540,539],"product_tag":[835],"class_list":{"0":"post-12098","1":"product","2":"type-product","3":"status-publish","4":"has-post-thumbnail","6":"product_cat-ariklient","7":"product_cat-vesipesuvahendid","8":"product_cat-essentsid-pesuvahendid","9":"product_cat-essentsid","10":"product_tag-pesumajad","12":"first","13":"outofstock","14":"taxable","15":"shipping-taxable","16":"purchasable","17":"product-type-simple"},"yoast_head":"<!-- This site is optimized with the Yoast SEO plugin v27.0 - https:\/\/yoast.com\/product\/yoast-seo-wordpress\/ -->\n<title>Caresse Blanche 1kg - Vesi\/Perc l\u00f5hnaessents - Lavanno - pesuvahendite ekspert<\/title>\n<meta name=\"description\" content=\"Caresse Blanche kontsentreeritud l\u00f5hnaessents pesule ja keemilisele puhastusele. V\u00e4rske pesu aroom tagab kauakestva meeldiva l\u00f5hna ilma plekke j\u00e4tmata.\" \/>\n<meta name=\"robots\" content=\"index, follow, max-snippet:-1, max-image-preview:large, max-video-preview:-1\" \/>\n<link rel=\"canonical\" href=\"https:\/\/lavanno.com\/en\/toode\/caresse-blanche-1kg-vesi-perc-lohnaessents\/\" \/>\n<meta property=\"og:locale\" content=\"en_US\" \/>\n<meta property=\"og:type\" content=\"article\" \/>\n<meta property=\"og:title\" content=\"Caresse Blanche 1kg - Vesi\/Perc l\u00f5hnaessents - Lavanno - pesuvahendite ekspert\" \/>\n<meta property=\"og:description\" content=\"Caresse Blanche kontsentreeritud l\u00f5hnaessents pesule ja keemilisele puhastusele. V\u00e4rske pesu aroom tagab kauakestva meeldiva l\u00f5hna ilma plekke j\u00e4tmata.\" \/>\n<meta property=\"og:url\" content=\"https:\/\/lavanno.com\/en\/toode\/caresse-blanche-1kg-vesi-perc-lohnaessents\/\" \/>\n<meta property=\"og:site_name\" content=\"Lavanno - pesuvahendite ekspert\" \/>\n<meta property=\"article:publisher\" content=\"https:\/\/www.facebook.com\/Lavanno.ee\" \/>\n<meta property=\"article:modified_time\" content=\"2026-05-02T11:45:00+00:00\" \/>\n<meta property=\"og:image\" content=\"https:\/\/lavanno.com\/wp-content\/uploads\/2025\/11\/a48-023dessenza_1kg_caresseblanche-1.png\" \/>\n\t<meta property=\"og:image:width\" content=\"800\" \/>\n\t<meta property=\"og:image:height\" content=\"800\" \/>\n\t<meta property=\"og:image:type\" content=\"image\/png\" \/>\n<meta name=\"twitter:card\" content=\"summary_large_image\" \/>\n<meta name=\"twitter:label1\" content=\"Est. reading time\" \/>\n\t<meta name=\"twitter:data1\" content=\"1 minute\" \/>\n<script type=\"application\/ld+json\" class=\"yoast-schema-graph\">{\"@context\":\"https:\/\/schema.org\",\"@graph\":[{\"@type\":\"WebPage\",\"@id\":\"https:\/\/lavanno.com\/en\/toode\/caresse-blanche-1kg-vesi-perc-lohnaessents\/\",\"url\":\"https:\/\/lavanno.com\/en\/toode\/caresse-blanche-1kg-vesi-perc-lohnaessents\/\",\"name\":\"Caresse Blanche 1kg - Vesi\/Perc l\u00f5hnaessents - Lavanno - pesuvahendite ekspert\",\"isPartOf\":{\"@id\":\"https:\/\/lavanno.com\/en\/#website\"},\"primaryImageOfPage\":{\"@id\":\"https:\/\/lavanno.com\/en\/toode\/caresse-blanche-1kg-vesi-perc-lohnaessents\/#primaryimage\"},\"image\":{\"@id\":\"https:\/\/lavanno.com\/en\/toode\/caresse-blanche-1kg-vesi-perc-lohnaessents\/#primaryimage\"},\"thumbnailUrl\":\"https:\/\/lavanno.com\/wp-content\/uploads\/2025\/11\/a48-023dessenza_1kg_caresseblanche-1.png\",\"datePublished\":\"2025-10-22T16:30:01+00:00\",\"dateModified\":\"2026-05-02T11:45:00+00:00\",\"description\":\"Caresse Blanche kontsentreeritud l\u00f5hnaessents pesule ja keemilisele puhastusele. V\u00e4rske pesu aroom tagab kauakestva meeldiva l\u00f5hna ilma plekke j\u00e4tmata.\",\"breadcrumb\":{\"@id\":\"https:\/\/lavanno.com\/en\/toode\/caresse-blanche-1kg-vesi-perc-lohnaessents\/#breadcrumb\"},\"inLanguage\":\"en-US\",\"potentialAction\":[{\"@type\":\"ReadAction\",\"target\":[\"https:\/\/lavanno.com\/en\/toode\/caresse-blanche-1kg-vesi-perc-lohnaessents\/\"]}]},{\"@type\":\"ImageObject\",\"inLanguage\":\"en-US\",\"@id\":\"https:\/\/lavanno.com\/en\/toode\/caresse-blanche-1kg-vesi-perc-lohnaessents\/#primaryimage\",\"url\":\"https:\/\/lavanno.com\/wp-content\/uploads\/2025\/11\/a48-023dessenza_1kg_caresseblanche-1.png\",\"contentUrl\":\"https:\/\/lavanno.com\/wp-content\/uploads\/2025\/11\/a48-023dessenza_1kg_caresseblanche-1.png\",\"width\":800,\"height\":800},{\"@type\":\"BreadcrumbList\",\"@id\":\"https:\/\/lavanno.com\/en\/toode\/caresse-blanche-1kg-vesi-perc-lohnaessents\/#breadcrumb\",\"itemListElement\":[{\"@type\":\"ListItem\",\"position\":1,\"name\":\"Home\",\"item\":\"https:\/\/lavanno.com\/en\/\"},{\"@type\":\"ListItem\",\"position\":2,\"name\":\"E-pood\",\"item\":\"https:\/\/lavanno.com\/e-pood\/\"},{\"@type\":\"ListItem\",\"position\":3,\"name\":\"Caresse Blanche 1kg &#8211; Vesi\/Perc l\u00f5hnaessents\"}]},{\"@type\":\"WebSite\",\"@id\":\"https:\/\/lavanno.com\/en\/#website\",\"url\":\"https:\/\/lavanno.com\/en\/\",\"name\":\"Lavanno - Pesuvahendite ekspert\",\"description\":\"Toome maale ja m\u00fc\u00fcme tekstiili pesuvahendeid, pesumajaseadmeid ja tarvikuid. Hooldame ja konsulteerime.\",\"publisher\":{\"@id\":\"https:\/\/lavanno.com\/en\/#organization\"},\"potentialAction\":[{\"@type\":\"SearchAction\",\"target\":{\"@type\":\"EntryPoint\",\"urlTemplate\":\"https:\/\/lavanno.com\/en\/?s={search_term_string}\"},\"query-input\":{\"@type\":\"PropertyValueSpecification\",\"valueRequired\":true,\"valueName\":\"search_term_string\"}}],\"inLanguage\":\"en-US\"},{\"@type\":\"Organization\",\"@id\":\"https:\/\/lavanno.com\/en\/#organization\",\"name\":\"Lavanno - Pesuvahendite ekspert\",\"url\":\"https:\/\/lavanno.com\/en\/\",\"logo\":{\"@type\":\"ImageObject\",\"inLanguage\":\"en-US\",\"@id\":\"https:\/\/lavanno.com\/en\/#\/schema\/logo\/image\/\",\"url\":\"https:\/\/lavanno.com\/wp-content\/uploads\/2025\/07\/Lavanno.png\",\"contentUrl\":\"https:\/\/lavanno.com\/wp-content\/uploads\/2025\/07\/Lavanno.png\",\"width\":1200,\"height\":1200,\"caption\":\"Lavanno - Pesuvahendite ekspert\"},\"image\":{\"@id\":\"https:\/\/lavanno.com\/en\/#\/schema\/logo\/image\/\"},\"sameAs\":[\"https:\/\/www.facebook.com\/Lavanno.ee\"]}]}<\/script>\n<!-- \/ Yoast SEO plugin. -->","yoast_head_json":{"title":"Caresse Blanche 1kg - Vesi\/Perc l\u00f5hnaessents - Lavanno - pesuvahendite ekspert","description":"Caresse Blanche kontsentreeritud l\u00f5hnaessents pesule ja keemilisele puhastusele. V\u00e4rske pesu aroom tagab kauakestva meeldiva l\u00f5hna ilma plekke j\u00e4tmata.","robots":{"index":"index","follow":"follow","max-snippet":"max-snippet:-1","max-image-preview":"max-image-preview:large","max-video-preview":"max-video-preview:-1"},"canonical":"https:\/\/lavanno.com\/en\/toode\/caresse-blanche-1kg-vesi-perc-lohnaessents\/","og_locale":"en_US","og_type":"article","og_title":"Caresse Blanche 1kg - Vesi\/Perc l\u00f5hnaessents - Lavanno - pesuvahendite ekspert","og_description":"Caresse Blanche kontsentreeritud l\u00f5hnaessents pesule ja keemilisele puhastusele. V\u00e4rske pesu aroom tagab kauakestva meeldiva l\u00f5hna ilma plekke j\u00e4tmata.","og_url":"https:\/\/lavanno.com\/en\/toode\/caresse-blanche-1kg-vesi-perc-lohnaessents\/","og_site_name":"Lavanno - pesuvahendite ekspert","article_publisher":"https:\/\/www.facebook.com\/Lavanno.ee","article_modified_time":"2026-05-02T11:45:00+00:00","og_image":[{"width":800,"height":800,"url":"https:\/\/lavanno.com\/wp-content\/uploads\/2025\/11\/a48-023dessenza_1kg_caresseblanche-1.png","type":"image\/png"}],"twitter_card":"summary_large_image","twitter_misc":{"Est. reading time":"1 minute"},"schema":{"@context":"https:\/\/schema.org","@graph":[{"@type":"WebPage","@id":"https:\/\/lavanno.com\/en\/toode\/caresse-blanche-1kg-vesi-perc-lohnaessents\/","url":"https:\/\/lavanno.com\/en\/toode\/caresse-blanche-1kg-vesi-perc-lohnaessents\/","name":"Caresse Blanche 1kg - Vesi\/Perc l\u00f5hnaessents - Lavanno - pesuvahendite ekspert","isPartOf":{"@id":"https:\/\/lavanno.com\/en\/#website"},"primaryImageOfPage":{"@id":"https:\/\/lavanno.com\/en\/toode\/caresse-blanche-1kg-vesi-perc-lohnaessents\/#primaryimage"},"image":{"@id":"https:\/\/lavanno.com\/en\/toode\/caresse-blanche-1kg-vesi-perc-lohnaessents\/#primaryimage"},"thumbnailUrl":"https:\/\/lavanno.com\/wp-content\/uploads\/2025\/11\/a48-023dessenza_1kg_caresseblanche-1.png","datePublished":"2025-10-22T16:30:01+00:00","dateModified":"2026-05-02T11:45:00+00:00","description":"Caresse Blanche kontsentreeritud l\u00f5hnaessents pesule ja keemilisele puhastusele. V\u00e4rske pesu aroom tagab kauakestva meeldiva l\u00f5hna ilma plekke j\u00e4tmata.","breadcrumb":{"@id":"https:\/\/lavanno.com\/en\/toode\/caresse-blanche-1kg-vesi-perc-lohnaessents\/#breadcrumb"},"inLanguage":"en-US","potentialAction":[{"@type":"ReadAction","target":["https:\/\/lavanno.com\/en\/toode\/caresse-blanche-1kg-vesi-perc-lohnaessents\/"]}]},{"@type":"ImageObject","inLanguage":"en-US","@id":"https:\/\/lavanno.com\/en\/toode\/caresse-blanche-1kg-vesi-perc-lohnaessents\/#primaryimage","url":"https:\/\/lavanno.com\/wp-content\/uploads\/2025\/11\/a48-023dessenza_1kg_caresseblanche-1.png","contentUrl":"https:\/\/lavanno.com\/wp-content\/uploads\/2025\/11\/a48-023dessenza_1kg_caresseblanche-1.png","width":800,"height":800},{"@type":"BreadcrumbList","@id":"https:\/\/lavanno.com\/en\/toode\/caresse-blanche-1kg-vesi-perc-lohnaessents\/#breadcrumb","itemListElement":[{"@type":"ListItem","position":1,"name":"Home","item":"https:\/\/lavanno.com\/en\/"},{"@type":"ListItem","position":2,"name":"E-pood","item":"https:\/\/lavanno.com\/e-pood\/"},{"@type":"ListItem","position":3,"name":"Caresse Blanche 1kg &#8211; Vesi\/Perc l\u00f5hnaessents"}]},{"@type":"WebSite","@id":"https:\/\/lavanno.com\/en\/#website","url":"https:\/\/lavanno.com\/en\/","name":"Lavanno - Pesuvahendite ekspert","description":"Toome maale ja m\u00fc\u00fcme tekstiili pesuvahendeid, pesumajaseadmeid ja tarvikuid. Hooldame ja konsulteerime.","publisher":{"@id":"https:\/\/lavanno.com\/en\/#organization"},"potentialAction":[{"@type":"SearchAction","target":{"@type":"EntryPoint","urlTemplate":"https:\/\/lavanno.com\/en\/?s={search_term_string}"},"query-input":{"@type":"PropertyValueSpecification","valueRequired":true,"valueName":"search_term_string"}}],"inLanguage":"en-US"},{"@type":"Organization","@id":"https:\/\/lavanno.com\/en\/#organization","name":"Lavanno - Pesuvahendite ekspert","url":"https:\/\/lavanno.com\/en\/","logo":{"@type":"ImageObject","inLanguage":"en-US","@id":"https:\/\/lavanno.com\/en\/#\/schema\/logo\/image\/","url":"https:\/\/lavanno.com\/wp-content\/uploads\/2025\/07\/Lavanno.png","contentUrl":"https:\/\/lavanno.com\/wp-content\/uploads\/2025\/07\/Lavanno.png","width":1200,"height":1200,"caption":"Lavanno - Pesuvahendite ekspert"},"image":{"@id":"https:\/\/lavanno.com\/en\/#\/schema\/logo\/image\/"},"sameAs":["https:\/\/www.facebook.com\/Lavanno.ee"]}]}},"_links":{"self":[{"href":"https:\/\/lavanno.com\/en\/wp-json\/wp\/v2\/product\/12098","targetHints":{"allow":["GET"]}}],"collection":[{"href":"https:\/\/lavanno.com\/en\/wp-json\/wp\/v2\/product"}],"about":[{"href":"https:\/\/lavanno.com\/en\/wp-json\/wp\/v2\/types\/product"}],"replies":[{"embeddable":true,"href":"https:\/\/lavanno.com\/en\/wp-json\/wp\/v2\/comments?post=12098"}],"wp:featuredmedia":[{"embeddable":true,"href":"https:\/\/lavanno.com\/en\/wp-json\/wp\/v2\/media\/12582"}],"wp:attachment":[{"href":"https:\/\/lavanno.com\/en\/wp-json\/wp\/v2\/media?parent=12098"}],"wp:term":[{"taxonomy":"product_brand","embeddable":true,"href":"https:\/\/lavanno.com\/en\/wp-json\/wp\/v2\/product_brand?post=12098"},{"taxonomy":"product_cat","embeddable":true,"href":"https:\/\/lavanno.com\/en\/wp-json\/wp\/v2\/product_cat?post=12098"},{"taxonomy":"product_tag","embeddable":true,"href":"https:\/\/lavanno.com\/en\/wp-json\/wp\/v2\/product_tag?post=12098"}],"curies":[{"name":"wp","href":"https:\/\/api.w.org\/{rel}","templated":true}]}}