{"id":12099,"date":"2025-10-22T19:30:02","date_gmt":"2025-10-22T16:30:02","guid":{"rendered":"https:\/\/lavanno.com\/toode\/lg-titan-c-light-professionaalne-kuivati-14-kg-254l-el-kute-220v-50hz-54kw-ventileeritav-mootmed-737x810x1022-68kg-wifi-flow-sensing\/"},"modified":"2026-05-02T14:45:00","modified_gmt":"2026-05-02T11:45:00","slug":"lg-titan-c-light-professionaalne-kuivati-14-kg-254l-el-kute-220v-50hz-54kw-ventileeritav-mootmed-737x810x1022-68kg-wifi-flow-sensing","status":"publish","type":"product","link":"https:\/\/lavanno.com\/en\/toode\/lg-titan-c-light-professionaalne-kuivati-14-kg-254l-el-kute-220v-50hz-54kw-ventileeritav-mootmed-737x810x1022-68kg-wifi-flow-sensing\/","title":{"rendered":"LG Titan-C Light Professionaalne kuivati 14 kg (254L); El k\u00fcte 220V\/50Hz, 5,4kW; ventileeritav; M\u00f5\u00f5tmed 737x810x1022, 68kg; Wifi, Flow Sensing"},"content":{"rendered":"<p><iframe title=\"LG commercial washer and dryer - Benefits\" width=\"500\" height=\"281\" src=\"https:\/\/www.youtube.com\/embed\/u7cR_ifOs2U?feature=oembed\" frameborder=\"0\" allow=\"accelerometer; autoplay; clipboard-write; encrypted-media; gyroscope; picture-in-picture; web-share\" referrerpolicy=\"strict-origin-when-cross-origin\" allowfullscreen><\/iframe><\/p>\n<p>See professionaalne trummelkuivati sobib ideaalselt ettev\u0151tetele, kus on vaja regulaarselt kuivatada suuri koguseid pesu, n\u00e4iteks \u00fc\u00fcrikorterid, sadamad, v\u00e4iksemad hotellid ja hostelid, iseteenindus- ja OPL-pesulad, koristusettev\u0151tted, laagrid, lasteaiad, tervishoiuasutused ja muud ettev\u0151tted, kus on vaja suure mahutavusega kuivateid.<\/p>\n<p><strong>Elektriline LG Titan C Light professionaalne trummelkuivati<\/strong> vastab nendele vajadustele oma ainulaadsete omadustega:<\/p>\n<ul> \t<\/p>\n<li><strong>Trummel sobib suurte esemete (tekid, suletekid) kuivatamiseks.<\/strong> Trumli maht on kaks korda suurem kui sobival LG kaubanduslikul pesumasinal, mis v\u0151imaldab kogu t\u00e4itmist korraga kuivatada.<\/li>\n<p><\/ul>\n<p><strong>J\u0150UDLUS<\/strong><\/p>\n<ul> \t<\/p>\n<li><strong>Flow Sensing<\/strong> \u2013 LED Flow Sense vilgub, kui ventilatsioonitoru on ebemega blokeeritud. Kui LED vilgub, teab haldur, et on vaja toru kontrollida ja puhastada.<\/li>\n<p><\/ul>\n<p><strong>H\u00dcGIEEN<\/strong><\/p>\n<ul> \t<\/p>\n<li><strong>Hygiene Care System<\/strong> \u2013 eemaldab 99,9% mikroobidest kangastel ja riietel, kui kuivatamisel kasutatakse k\u0151rge temperatuuriga ts\u00fcklit.<\/li>\n<p><\/ul>\n<p><strong>PAINDLIKKUS<\/strong><\/p>\n<ul> \t<\/p>\n<li><strong>Paindlik paigaldamine<\/strong> \u2013 LG professionaalsed trummelkuivatid saab paigaldada pesumasina v\u0151i kuivati peale. Kui tooted on virnastatud, kohanduvad need teie ruumiga, mitte vastupidi.<\/li>\n<p> \t<\/p>\n<li><strong>AdaptAble\u2122 juhtnupud<\/strong> \u2013 kergesti ligip\u00e4\u00e4setavad juhtnupud v\u0151imaldavad s\u00e4\u00e4sta ruumi, ilma et see m\u0151jutaks mahutavust. Juhtnupud on alati k\u00e4eulatuses ja piisavalt mitmek\u00fclgsed, et vastata kasutaja vajadustele.<\/li>\n<p> \t<\/p>\n<li><strong>Kohandatav uks<\/strong> \u2013 olenevalt poe seadistusest v\u0151i omaniku eelistustest saab ruumi maksimaalseks kasutamiseks kergesti muuta ukse avamissuunda, et see avaneks vasakule v\u0151i paremale.<\/li>\n<p><\/ul>\n","protected":false},"excerpt":{"rendered":"<ul><\/p>\n<li><strong>Funktsioonid<\/strong>\n<ul><\/p>\n<li><strong>Trumli maht:<\/strong> 254 L<\/li>\n<p><\/p>\n<li><strong>Mahutavus:<\/strong> 13 kg<\/li>\n<p><\/p>\n<li><strong>K\u00fcttet\u00fc\u00fcp:<\/strong> elektriline<\/li>\n<p><\/p>\n<li><strong>Kuivatust\u00fc\u00fcp:<\/strong> ventilatsioon<\/li>\n<p><\/p>\n<li><strong>K\u00fcttv\u0151imsus:<\/strong> 5,4 kW<\/li>\n<p><\/p>\n<li><strong>Elektrilised parameetrid:<\/strong> 220V \/ 50Hz<\/li>\n<p><\/p>\n<li><strong>Virnastatav:<\/strong> jah<\/li>\n<p><\/p>\n<li><strong>M\u00fcndioperaator:<\/strong> valikuline<\/li>\n<p>\n<\/ul>\n<p>\n<strong>Lisad ja tarvikud \u2013 v\u0151imalik \u00fchendada:<\/strong><\/p>\n<ul><\/p>\n<li><strong>M\u00fcndi- v\u0151i \u017eetoonide laadimiss\u00fcsteem<\/strong> (\u00fche- v\u0151i kahe m\u00fcndikastiga)<\/li>\n<p><\/p>\n<li><strong>Tsentraalse maksekioskiga<\/strong><\/li>\n<p>\n<\/ul>\n<p>\n<\/li>\n<p>\n<\/ul>\n<p>\n\u00a0<\/p>\n<p><strong><a href=\"https:\/\/lavanno.com\/wp-content\/uploads\/2024\/11\/Professionaalsed_LG_pesumaja_seadmed_2022_lavanno.pdf\" target=\"_blank\" rel=\"noopener\">LG Professionaalsed pesumaja seadmed presentatsioon ja tehnilised andmed<\/a><\/strong><\/p>\n","protected":false},"featured_media":12634,"comment_status":"open","ping_status":"closed","template":"","meta":[],"product_brand":[],"product_cat":[852],"product_tag":[],"class_list":{"0":"post-12099","1":"product","2":"type-product","3":"status-publish","4":"has-post-thumbnail","6":"product_cat-lg","8":"first","9":"outofstock","10":"taxable","11":"shipping-taxable","12":"purchasable","13":"product-type-simple"},"yoast_head":"<!-- This site is optimized with the Yoast SEO plugin v27.0 - https:\/\/yoast.com\/product\/yoast-seo-wordpress\/ -->\n<title>LG Titan-C Light Professionaalne kuivati 14 kg (254L); El k\u00fcte 220V\/50Hz, 5,4kW; ventileeritav; M\u00f5\u00f5tmed 737x810x1022, 68kg; Wifi, Flow Sensing - Lavanno - pesuvahendite ekspert<\/title>\n<meta name=\"robots\" content=\"index, follow, max-snippet:-1, max-image-preview:large, max-video-preview:-1\" \/>\n<link rel=\"canonical\" href=\"https:\/\/lavanno.com\/en\/toode\/lg-titan-c-light-professionaalne-kuivati-14-kg-254l-el-kute-220v-50hz-54kw-ventileeritav-mootmed-737x810x1022-68kg-wifi-flow-sensing\/\" \/>\n<meta property=\"og:locale\" content=\"en_US\" \/>\n<meta property=\"og:type\" content=\"article\" \/>\n<meta property=\"og:title\" content=\"LG Titan-C Light Professionaalne kuivati 14 kg (254L); El k\u00fcte 220V\/50Hz, 5,4kW; ventileeritav; M\u00f5\u00f5tmed 737x810x1022, 68kg; Wifi, Flow Sensing - Lavanno - pesuvahendite ekspert\" \/>\n<meta property=\"og:description\" content=\"Funktsioonid  Trumli maht: 254 L  Mahutavus: 13 kg  K\u00fcttet\u00fc\u00fcp: elektriline  Kuivatust\u00fc\u00fcp: ventilatsioon  K\u00fcttv\u0151imsus: 5,4 kW  Elektrilised parameetrid: 220V \/ 50Hz  Virnastatav: jah  M\u00fcndioperaator: valikuline Lisad ja tarvikud \u2013 v\u0151imalik \u00fchendada:  M\u00fcndi- v\u0151i \u017eetoonide laadimiss\u00fcsteem (\u00fche- v\u0151i kahe m\u00fcndikastiga)  Tsentraalse maksekioskiga  \u00a0 LG Professionaalsed pesumaja seadmed presentatsioon ja tehnilised andmed\" \/>\n<meta property=\"og:url\" content=\"https:\/\/lavanno.com\/en\/toode\/lg-titan-c-light-professionaalne-kuivati-14-kg-254l-el-kute-220v-50hz-54kw-ventileeritav-mootmed-737x810x1022-68kg-wifi-flow-sensing\/\" \/>\n<meta property=\"og:site_name\" content=\"Lavanno - pesuvahendite ekspert\" \/>\n<meta property=\"article:publisher\" content=\"https:\/\/www.facebook.com\/Lavanno.ee\" \/>\n<meta property=\"article:modified_time\" content=\"2026-05-02T11:45:00+00:00\" \/>\n<meta name=\"twitter:card\" content=\"summary_large_image\" \/>\n<meta name=\"twitter:label1\" content=\"Est. reading time\" \/>\n\t<meta name=\"twitter:data1\" content=\"1 minute\" \/>\n<script type=\"application\/ld+json\" class=\"yoast-schema-graph\">{\"@context\":\"https:\/\/schema.org\",\"@graph\":[{\"@type\":\"WebPage\",\"@id\":\"https:\/\/lavanno.com\/en\/toode\/lg-titan-c-light-professionaalne-kuivati-14-kg-254l-el-kute-220v-50hz-54kw-ventileeritav-mootmed-737x810x1022-68kg-wifi-flow-sensing\/\",\"url\":\"https:\/\/lavanno.com\/en\/toode\/lg-titan-c-light-professionaalne-kuivati-14-kg-254l-el-kute-220v-50hz-54kw-ventileeritav-mootmed-737x810x1022-68kg-wifi-flow-sensing\/\",\"name\":\"LG Titan-C Light Professionaalne kuivati 14 kg (254L); El k\u00fcte 220V\/50Hz, 5,4kW; ventileeritav; M\u00f5\u00f5tmed 737x810x1022, 68kg; Wifi, Flow Sensing - Lavanno - pesuvahendite ekspert\",\"isPartOf\":{\"@id\":\"https:\/\/lavanno.com\/en\/#website\"},\"primaryImageOfPage\":{\"@id\":\"https:\/\/lavanno.com\/en\/toode\/lg-titan-c-light-professionaalne-kuivati-14-kg-254l-el-kute-220v-50hz-54kw-ventileeritav-mootmed-737x810x1022-68kg-wifi-flow-sensing\/#primaryimage\"},\"image\":{\"@id\":\"https:\/\/lavanno.com\/en\/toode\/lg-titan-c-light-professionaalne-kuivati-14-kg-254l-el-kute-220v-50hz-54kw-ventileeritav-mootmed-737x810x1022-68kg-wifi-flow-sensing\/#primaryimage\"},\"thumbnailUrl\":\"https:\/\/lavanno.com\/wp-content\/uploads\/2025\/11\/perilica-lg-titan-max_800x800-1.png\",\"datePublished\":\"2025-10-22T16:30:02+00:00\",\"dateModified\":\"2026-05-02T11:45:00+00:00\",\"breadcrumb\":{\"@id\":\"https:\/\/lavanno.com\/en\/toode\/lg-titan-c-light-professionaalne-kuivati-14-kg-254l-el-kute-220v-50hz-54kw-ventileeritav-mootmed-737x810x1022-68kg-wifi-flow-sensing\/#breadcrumb\"},\"inLanguage\":\"en-US\",\"potentialAction\":[{\"@type\":\"ReadAction\",\"target\":[\"https:\/\/lavanno.com\/en\/toode\/lg-titan-c-light-professionaalne-kuivati-14-kg-254l-el-kute-220v-50hz-54kw-ventileeritav-mootmed-737x810x1022-68kg-wifi-flow-sensing\/\"]}]},{\"@type\":\"ImageObject\",\"inLanguage\":\"en-US\",\"@id\":\"https:\/\/lavanno.com\/en\/toode\/lg-titan-c-light-professionaalne-kuivati-14-kg-254l-el-kute-220v-50hz-54kw-ventileeritav-mootmed-737x810x1022-68kg-wifi-flow-sensing\/#primaryimage\",\"url\":\"https:\/\/lavanno.com\/wp-content\/uploads\/2025\/11\/perilica-lg-titan-max_800x800-1.png\",\"contentUrl\":\"https:\/\/lavanno.com\/wp-content\/uploads\/2025\/11\/perilica-lg-titan-max_800x800-1.png\",\"width\":800,\"height\":800},{\"@type\":\"BreadcrumbList\",\"@id\":\"https:\/\/lavanno.com\/en\/toode\/lg-titan-c-light-professionaalne-kuivati-14-kg-254l-el-kute-220v-50hz-54kw-ventileeritav-mootmed-737x810x1022-68kg-wifi-flow-sensing\/#breadcrumb\",\"itemListElement\":[{\"@type\":\"ListItem\",\"position\":1,\"name\":\"Home\",\"item\":\"https:\/\/lavanno.com\/en\/\"},{\"@type\":\"ListItem\",\"position\":2,\"name\":\"E-pood\",\"item\":\"https:\/\/lavanno.com\/e-pood\/\"},{\"@type\":\"ListItem\",\"position\":3,\"name\":\"LG Titan-C Light Professionaalne kuivati 14 kg (254L); El k\u00fcte 220V\/50Hz, 5,4kW; ventileeritav; M\u00f5\u00f5tmed 737x810x1022, 68kg; Wifi, Flow Sensing\"}]},{\"@type\":\"WebSite\",\"@id\":\"https:\/\/lavanno.com\/en\/#website\",\"url\":\"https:\/\/lavanno.com\/en\/\",\"name\":\"Lavanno - Pesuvahendite ekspert\",\"description\":\"Toome maale ja m\u00fc\u00fcme tekstiili pesuvahendeid, pesumajaseadmeid ja tarvikuid. Hooldame ja konsulteerime.\",\"publisher\":{\"@id\":\"https:\/\/lavanno.com\/en\/#organization\"},\"potentialAction\":[{\"@type\":\"SearchAction\",\"target\":{\"@type\":\"EntryPoint\",\"urlTemplate\":\"https:\/\/lavanno.com\/en\/?s={search_term_string}\"},\"query-input\":{\"@type\":\"PropertyValueSpecification\",\"valueRequired\":true,\"valueName\":\"search_term_string\"}}],\"inLanguage\":\"en-US\"},{\"@type\":\"Organization\",\"@id\":\"https:\/\/lavanno.com\/en\/#organization\",\"name\":\"Lavanno - Pesuvahendite ekspert\",\"url\":\"https:\/\/lavanno.com\/en\/\",\"logo\":{\"@type\":\"ImageObject\",\"inLanguage\":\"en-US\",\"@id\":\"https:\/\/lavanno.com\/en\/#\/schema\/logo\/image\/\",\"url\":\"https:\/\/lavanno.com\/wp-content\/uploads\/2025\/07\/Lavanno.png\",\"contentUrl\":\"https:\/\/lavanno.com\/wp-content\/uploads\/2025\/07\/Lavanno.png\",\"width\":1200,\"height\":1200,\"caption\":\"Lavanno - Pesuvahendite ekspert\"},\"image\":{\"@id\":\"https:\/\/lavanno.com\/en\/#\/schema\/logo\/image\/\"},\"sameAs\":[\"https:\/\/www.facebook.com\/Lavanno.ee\"]}]}<\/script>\n<!-- \/ Yoast SEO plugin. -->","yoast_head_json":{"title":"LG Titan-C Light Professionaalne kuivati 14 kg (254L); El k\u00fcte 220V\/50Hz, 5,4kW; ventileeritav; M\u00f5\u00f5tmed 737x810x1022, 68kg; Wifi, Flow Sensing - Lavanno - pesuvahendite ekspert","robots":{"index":"index","follow":"follow","max-snippet":"max-snippet:-1","max-image-preview":"max-image-preview:large","max-video-preview":"max-video-preview:-1"},"canonical":"https:\/\/lavanno.com\/en\/toode\/lg-titan-c-light-professionaalne-kuivati-14-kg-254l-el-kute-220v-50hz-54kw-ventileeritav-mootmed-737x810x1022-68kg-wifi-flow-sensing\/","og_locale":"en_US","og_type":"article","og_title":"LG Titan-C Light Professionaalne kuivati 14 kg (254L); El k\u00fcte 220V\/50Hz, 5,4kW; ventileeritav; M\u00f5\u00f5tmed 737x810x1022, 68kg; Wifi, Flow Sensing - Lavanno - pesuvahendite ekspert","og_description":"Funktsioonid  Trumli maht: 254 L  Mahutavus: 13 kg  K\u00fcttet\u00fc\u00fcp: elektriline  Kuivatust\u00fc\u00fcp: ventilatsioon  K\u00fcttv\u0151imsus: 5,4 kW  Elektrilised parameetrid: 220V \/ 50Hz  Virnastatav: jah  M\u00fcndioperaator: valikuline Lisad ja tarvikud \u2013 v\u0151imalik \u00fchendada:  M\u00fcndi- v\u0151i \u017eetoonide laadimiss\u00fcsteem (\u00fche- v\u0151i kahe m\u00fcndikastiga)  Tsentraalse maksekioskiga  \u00a0 LG Professionaalsed pesumaja seadmed presentatsioon ja tehnilised andmed","og_url":"https:\/\/lavanno.com\/en\/toode\/lg-titan-c-light-professionaalne-kuivati-14-kg-254l-el-kute-220v-50hz-54kw-ventileeritav-mootmed-737x810x1022-68kg-wifi-flow-sensing\/","og_site_name":"Lavanno - pesuvahendite ekspert","article_publisher":"https:\/\/www.facebook.com\/Lavanno.ee","article_modified_time":"2026-05-02T11:45:00+00:00","twitter_card":"summary_large_image","twitter_misc":{"Est. reading time":"1 minute"},"schema":{"@context":"https:\/\/schema.org","@graph":[{"@type":"WebPage","@id":"https:\/\/lavanno.com\/en\/toode\/lg-titan-c-light-professionaalne-kuivati-14-kg-254l-el-kute-220v-50hz-54kw-ventileeritav-mootmed-737x810x1022-68kg-wifi-flow-sensing\/","url":"https:\/\/lavanno.com\/en\/toode\/lg-titan-c-light-professionaalne-kuivati-14-kg-254l-el-kute-220v-50hz-54kw-ventileeritav-mootmed-737x810x1022-68kg-wifi-flow-sensing\/","name":"LG Titan-C Light Professionaalne kuivati 14 kg (254L); El k\u00fcte 220V\/50Hz, 5,4kW; ventileeritav; M\u00f5\u00f5tmed 737x810x1022, 68kg; Wifi, Flow Sensing - Lavanno - pesuvahendite ekspert","isPartOf":{"@id":"https:\/\/lavanno.com\/en\/#website"},"primaryImageOfPage":{"@id":"https:\/\/lavanno.com\/en\/toode\/lg-titan-c-light-professionaalne-kuivati-14-kg-254l-el-kute-220v-50hz-54kw-ventileeritav-mootmed-737x810x1022-68kg-wifi-flow-sensing\/#primaryimage"},"image":{"@id":"https:\/\/lavanno.com\/en\/toode\/lg-titan-c-light-professionaalne-kuivati-14-kg-254l-el-kute-220v-50hz-54kw-ventileeritav-mootmed-737x810x1022-68kg-wifi-flow-sensing\/#primaryimage"},"thumbnailUrl":"https:\/\/lavanno.com\/wp-content\/uploads\/2025\/11\/perilica-lg-titan-max_800x800-1.png","datePublished":"2025-10-22T16:30:02+00:00","dateModified":"2026-05-02T11:45:00+00:00","breadcrumb":{"@id":"https:\/\/lavanno.com\/en\/toode\/lg-titan-c-light-professionaalne-kuivati-14-kg-254l-el-kute-220v-50hz-54kw-ventileeritav-mootmed-737x810x1022-68kg-wifi-flow-sensing\/#breadcrumb"},"inLanguage":"en-US","potentialAction":[{"@type":"ReadAction","target":["https:\/\/lavanno.com\/en\/toode\/lg-titan-c-light-professionaalne-kuivati-14-kg-254l-el-kute-220v-50hz-54kw-ventileeritav-mootmed-737x810x1022-68kg-wifi-flow-sensing\/"]}]},{"@type":"ImageObject","inLanguage":"en-US","@id":"https:\/\/lavanno.com\/en\/toode\/lg-titan-c-light-professionaalne-kuivati-14-kg-254l-el-kute-220v-50hz-54kw-ventileeritav-mootmed-737x810x1022-68kg-wifi-flow-sensing\/#primaryimage","url":"https:\/\/lavanno.com\/wp-content\/uploads\/2025\/11\/perilica-lg-titan-max_800x800-1.png","contentUrl":"https:\/\/lavanno.com\/wp-content\/uploads\/2025\/11\/perilica-lg-titan-max_800x800-1.png","width":800,"height":800},{"@type":"BreadcrumbList","@id":"https:\/\/lavanno.com\/en\/toode\/lg-titan-c-light-professionaalne-kuivati-14-kg-254l-el-kute-220v-50hz-54kw-ventileeritav-mootmed-737x810x1022-68kg-wifi-flow-sensing\/#breadcrumb","itemListElement":[{"@type":"ListItem","position":1,"name":"Home","item":"https:\/\/lavanno.com\/en\/"},{"@type":"ListItem","position":2,"name":"E-pood","item":"https:\/\/lavanno.com\/e-pood\/"},{"@type":"ListItem","position":3,"name":"LG Titan-C Light Professionaalne kuivati 14 kg (254L); El k\u00fcte 220V\/50Hz, 5,4kW; ventileeritav; M\u00f5\u00f5tmed 737x810x1022, 68kg; Wifi, Flow Sensing"}]},{"@type":"WebSite","@id":"https:\/\/lavanno.com\/en\/#website","url":"https:\/\/lavanno.com\/en\/","name":"Lavanno - Pesuvahendite ekspert","description":"Toome maale ja m\u00fc\u00fcme tekstiili pesuvahendeid, pesumajaseadmeid ja tarvikuid. Hooldame ja konsulteerime.","publisher":{"@id":"https:\/\/lavanno.com\/en\/#organization"},"potentialAction":[{"@type":"SearchAction","target":{"@type":"EntryPoint","urlTemplate":"https:\/\/lavanno.com\/en\/?s={search_term_string}"},"query-input":{"@type":"PropertyValueSpecification","valueRequired":true,"valueName":"search_term_string"}}],"inLanguage":"en-US"},{"@type":"Organization","@id":"https:\/\/lavanno.com\/en\/#organization","name":"Lavanno - Pesuvahendite ekspert","url":"https:\/\/lavanno.com\/en\/","logo":{"@type":"ImageObject","inLanguage":"en-US","@id":"https:\/\/lavanno.com\/en\/#\/schema\/logo\/image\/","url":"https:\/\/lavanno.com\/wp-content\/uploads\/2025\/07\/Lavanno.png","contentUrl":"https:\/\/lavanno.com\/wp-content\/uploads\/2025\/07\/Lavanno.png","width":1200,"height":1200,"caption":"Lavanno - Pesuvahendite ekspert"},"image":{"@id":"https:\/\/lavanno.com\/en\/#\/schema\/logo\/image\/"},"sameAs":["https:\/\/www.facebook.com\/Lavanno.ee"]}]}},"_links":{"self":[{"href":"https:\/\/lavanno.com\/en\/wp-json\/wp\/v2\/product\/12099","targetHints":{"allow":["GET"]}}],"collection":[{"href":"https:\/\/lavanno.com\/en\/wp-json\/wp\/v2\/product"}],"about":[{"href":"https:\/\/lavanno.com\/en\/wp-json\/wp\/v2\/types\/product"}],"replies":[{"embeddable":true,"href":"https:\/\/lavanno.com\/en\/wp-json\/wp\/v2\/comments?post=12099"}],"wp:featuredmedia":[{"embeddable":true,"href":"https:\/\/lavanno.com\/en\/wp-json\/wp\/v2\/media\/12634"}],"wp:attachment":[{"href":"https:\/\/lavanno.com\/en\/wp-json\/wp\/v2\/media?parent=12099"}],"wp:term":[{"taxonomy":"product_brand","embeddable":true,"href":"https:\/\/lavanno.com\/en\/wp-json\/wp\/v2\/product_brand?post=12099"},{"taxonomy":"product_cat","embeddable":true,"href":"https:\/\/lavanno.com\/en\/wp-json\/wp\/v2\/product_cat?post=12099"},{"taxonomy":"product_tag","embeddable":true,"href":"https:\/\/lavanno.com\/en\/wp-json\/wp\/v2\/product_tag?post=12099"}],"curies":[{"name":"wp","href":"https:\/\/api.w.org\/{rel}","templated":true}]}}