{"id":12100,"date":"2025-10-22T19:30:02","date_gmt":"2025-10-22T16:30:02","guid":{"rendered":"https:\/\/lavanno.com\/toode\/lg-giant-c-max-professionaalne-pesumasin-103-kg-103l-rpm-1200-g-factor-451-el-kute-220v-50hz-36kw-mootmed-686x767x983-87kg-wifi-gbs\/"},"modified":"2026-05-02T14:45:00","modified_gmt":"2026-05-02T11:45:00","slug":"lg-giant-c-max-professionaalne-pesumasin","status":"publish","type":"product","link":"https:\/\/lavanno.com\/en\/toode\/lg-giant-c-max-professionaalne-pesumasin\/","title":{"rendered":"LG Giant-C MAX Professionaalne pesumasin 10,3 kg (103L); RPM 1200, G-factor 451; El k\u00fcte 220V \/ 50Hz; 3,6kW; M\u00f5\u00f5tmed 686x767x983; 87kg; Wifi; GBS"},"content":{"rendered":"<p><iframe title=\"LG commercial washer and dryer - Benefits\" width=\"500\" height=\"281\" src=\"https:\/\/www.youtube.com\/embed\/u7cR_ifOs2U?feature=oembed&#038;enablejsapi=1&#038;origin=https:\/\/lavanno.com\" frameborder=\"0\" allow=\"accelerometer; autoplay; clipboard-write; encrypted-media; gyroscope; picture-in-picture; web-share\" referrerpolicy=\"strict-origin-when-cross-origin\" allowfullscreen><\/iframe><\/p>\n<p>See professionaalne pesumasin sobib ideaalselt ettev\u0151tetele, kus on vaja regulaarselt pesta pesu, n\u00e4iteks \u00fc\u00fcrikorterid, restoranid, v\u00e4ikesed hotellid ja hostelid, iseteeninduspesulad, kohapealsed pesulad (OPL), laagrid, sadamad, hooldekodud ja muud suured pesumasinad vajavad ettev\u0151tted.<\/p>\n<p><strong>LG Giant C Max professionaalne pesumasin vastab nendele vajadustele oma ainulaadsete funktsioonidega:<\/strong><\/p>\n<ul>\n<li style=\"list-style-type: none;\">\n<ul>\n<li><strong>Reljeefne trumli sisemus<\/strong> \u2013 suurem kontakt kangaga tagab t\u00e4nu trumli reljeefsele pinnale parema pesutulemuse.<\/li>\n<\/ul>\n<\/li>\n<\/ul>\n<p>&nbsp;<\/p>\n<ul>\n<li style=\"list-style-type: none;\">\n<ul>\n<li><strong>Kallutatud trummel<\/strong> \u2013 LG professionaalse pesumasina trummel on kallutatud 10\u00b0 v\u0151rra, mis v\u0151imaldab suuremat veetaset v\u00e4iksema veekuluga.<\/li>\n<\/ul>\n<\/li>\n<\/ul>\n<p>&nbsp;<\/p>\n<ul>\n<li style=\"list-style-type: none;\">\n<ul>\n<li><strong>Pihustuss\u00fcsteem<\/strong> \u2013 trumlis olev otsik pritsib vett otse pesule, mis kiirendab pesu niisutamist. See kiirendab pesuprotsessi ja s\u00e4\u00e4stab vett.<\/li>\n<\/ul>\n<\/li>\n<\/ul>\n<p>&nbsp;<\/p>\n<p><strong>VASTUPIDAVUS<\/strong><\/p>\n<p>&nbsp;<\/p>\n<ul>\n<li style=\"list-style-type: none;\">\n<ul>\n<li><strong>LG Direct Drive mootor<\/strong> \u2013 mootor on otse trumli k\u00fclge kinnitatud, mis suurendab stabiilsust, v\u00e4hendab vibratsiooni ja m\u00fcra ning pikendab vastupidavust. Samuti suurendab see energiat\u0151husust, kuna puudub energiakadu, nagu on tavaliste rihma ja rihmaratta mootorite puhul.<\/li>\n<\/ul>\n<\/li>\n<\/ul>\n<p>&nbsp;<\/p>\n<ul>\n<li style=\"list-style-type: none;\">\n<ul>\n<li><strong>Gyro tasakaalustuss\u00fcsteem<\/strong> \u2013 tuvastab tasakaalutused kiiremini 3D Gyro andurite abil, neelab vibratsiooni paremini ja v\u00e4hendab tasakaalutust nelja summutiga, optimeerides ts\u00fckli aega ning v\u00e4hendades m\u00fcra ja vibratsiooni.<\/li>\n<\/ul>\n<\/li>\n<\/ul>\n<p>&nbsp;<\/p>\n<p><strong>S\u00c4\u00c4STLIKUS<\/strong><\/p>\n<p>&nbsp;<\/p>\n<ul>\n<li style=\"list-style-type: none;\">\n<ul>\n<li><strong>Kaalub pesu<\/strong> ja kohandab veetaset vastavalt pesu kogusele, s\u00e4\u00e4stes vett ja energiat, kui masin pole t\u00e4iskoormusega.<\/li>\n<\/ul>\n<\/li>\n<\/ul>\n<p>&nbsp;<\/p>\n<ul>\n<li style=\"list-style-type: none;\">\n<ul>\n<li><strong>Isek\u00fcte<\/strong> \u2013 pesumasinatel on kuuma ja k\u00fclma vee sisselaskeava, kus k\u00fcttes\u00fcsteem tuvastab vee temperatuuri ja reguleerib automaatselt k\u00fctmisaega. See s\u00e4\u00e4stab aega ja v\u00e4hendab elektritarbimist kuni 75%. S\u00e4\u00e4sta aega, kuna k\u00fcttekehad ei pea k\u00fclma vett soojendama.<\/li>\n<\/ul>\n<\/li>\n<\/ul>\n<p>&nbsp;<\/p>\n<p><strong>H\u00dcGIEEN<\/strong><\/p>\n<p>&nbsp;<\/p>\n<ul>\n<li style=\"list-style-type: none;\">\n<ul>\n<li><strong>Pre Clean<\/strong> \u2013 kasutaja saab enne pesu alustamist k\u00e4ivitada kiire, 3-minutilise trumli puhastusts\u00fckli, et tagada trumli h\u00fcgieen ja puhtus.<\/li>\n<\/ul>\n<\/li>\n<\/ul>\n<p>&nbsp;<\/p>\n<ul>\n<li style=\"list-style-type: none;\">\n<ul>\n<li><strong>H\u00fcgieeniprogramm<\/strong> \u2013 eemaldab 99,9% mikroobidest, kasutades spetsiaalseid programme 90\u00b0C ja 75\u00b0C juures.<\/li>\n<\/ul>\n<\/li>\n<\/ul>\n<p>&nbsp;<\/p>\n<ul>\n<li style=\"list-style-type: none;\">\n<ul>\n<li><strong>Auto Tub Clean koos Waveforce&#8217;iga<\/strong> \u2013 automaatne trumlipuhastus esimesel loputamisel, et eemaldada j\u00e4\u00e4gid. See puhastab trumlit iga tavap\u00e4rase ts\u00fckli ajal, et hoida trumli puhtust. Waveforce-s\u00fcsteem j\u0151uab veega raskesti ligip\u00e4\u00e4setavatesse kohtadesse.<\/li>\n<\/ul>\n<\/li>\n<\/ul>\n<p>&nbsp;<\/p>\n<ul>\n<li style=\"list-style-type: none;\">\n<ul>\n<li><strong>Trumlipuhastuss\u00fcsteem<\/strong> \u2013 pika t\u00f6\u00f6ajaga m\u00e4\u00e4rdunud trummel v\u0151ib m\u0151jutada pesutulemusi. Meie trumlipuhastusprogramm aitab hoida trumlit puhtana ka k\u0151ige tihedama kasutusega kohtades.<\/li>\n<\/ul>\n<\/li>\n<\/ul>\n<p>&nbsp;<\/p>\n<p><strong>NUTIKAS LAHENDUS<\/strong><\/p>\n<p>&nbsp;<\/p>\n<ul>\n<li style=\"list-style-type: none;\">\n<ul>\n<li><strong>Laundry Lounge Management Web<\/strong> \u2013 kaugjuhtimine, mis lihtsustab hooldust ja tuvastab vead. J\u00e4lgi pesumasinate j\u0151udlust ning kohanda seadistusi kogu pesulatev\u0151rgus, \u00fcksikutes asukohtades v\u0151i isegi kindlas masinas.<\/li>\n<\/ul>\n<\/li>\n<\/ul>\n<p>&nbsp;<\/p>\n<ul>\n<li style=\"list-style-type: none;\">\n<ul>\n<li><strong>Laundry Lounge kasutaja\u00e4pp<\/strong> \u2013 kasutaja saab kontrollida pesukohtade saadavust otse oma nutitelefonist ja isegi seadistada h\u00e4ire, mis annab m\u00e4rku ts\u00fckli l\u0151ppemisest.<\/li>\n<\/ul>\n<\/li>\n<\/ul>\n<p>&nbsp;<\/p>\n<p><strong>PAINDLIKKUS<\/strong><\/p>\n<p>&nbsp;<\/p>\n<ul>\n<li style=\"list-style-type: none;\">\n<ul>\n<li><strong>Paindlik paigaldamine<\/strong> \u2013 LG professionaalseid trummelkuivateid saab paigaldada pesumasina v\u0151i kuivati peale, neid saab virnastada, et need sobituksid ruumiga, mitte vastupidi.<\/li>\n<\/ul>\n<\/li>\n<\/ul>\n<p>&nbsp;<\/p>\n<p><strong>Funktsioonid<\/strong><\/p>\n<p>&nbsp;<\/p>\n<ul>\n<li style=\"list-style-type: none;\">\n<ul>\n<li><strong>Mahutavus:<\/strong> 10,2 kg<\/li>\n<\/ul>\n<\/li>\n<\/ul>\n<p>&nbsp;<\/p>\n<ul>\n<li style=\"list-style-type: none;\">\n<ul>\n<li><strong>Maksimaalne mahutavus:<\/strong> 13 kg<\/li>\n<\/ul>\n<\/li>\n<\/ul>\n<p>&nbsp;<\/p>\n<ul>\n<li style=\"list-style-type: none;\">\n<ul>\n<li><strong>Trumli maht:<\/strong> 103 liitrit<\/li>\n<\/ul>\n<\/li>\n<\/ul>\n<p>&nbsp;<\/p>\n<ul>\n<li style=\"list-style-type: none;\">\n<ul>\n<li><strong>K\u00fcttv\u0151imsus:<\/strong> 3,6 kW<\/li>\n<\/ul>\n<\/li>\n<\/ul>\n<p>&nbsp;<\/p>\n<ul>\n<li style=\"list-style-type: none;\">\n<ul>\n<li><strong>Elektrilised parameetrid:<\/strong> 220V \/ 50Hz<\/li>\n<\/ul>\n<\/li>\n<\/ul>\n<p>&nbsp;<\/p>\n<ul>\n<li style=\"list-style-type: none;\">\n<ul>\n<li><strong>Tsentrifuugimine (k\u0151rge kiirus):<\/strong> 1200 p\/min<\/li>\n<\/ul>\n<\/li>\n<\/ul>\n<p>&nbsp;<\/p>\n<ul>\n<li style=\"list-style-type: none;\">\n<ul>\n<li><strong>G-j\u0151ud:<\/strong> 451<\/li>\n<\/ul>\n<\/li>\n<\/ul>\n<p>&nbsp;<\/p>\n<ul>\n<li style=\"list-style-type: none;\">\n<ul>\n<li><strong>Drenaa\u017eis\u00fcsteem:<\/strong> Pump<\/li>\n<\/ul>\n<\/li>\n<\/ul>\n<p>&nbsp;<\/p>\n<ul>\n<li style=\"list-style-type: none;\">\n<ul>\n<li><strong>M\u0151\u0151tmed:<\/strong> 686 x 767 x 983 mm<\/li>\n<\/ul>\n<\/li>\n<\/ul>\n<p>&nbsp;<\/p>\n<ul>\n<li style=\"list-style-type: none;\">\n<ul>\n<li><strong>Kaal:<\/strong> 87 kg<\/li>\n<\/ul>\n<\/li>\n<\/ul>\n<p>&nbsp;<\/p>\n<p><strong>Lisad ja tarvikud \u2013 v\u0151imalik \u00fchendada:<\/strong><\/p>\n<p>&nbsp;<\/p>\n<ul>\n<li style=\"list-style-type: none;\">\n<ul>\n<li><strong>BWO3 osoonigeneraator<\/strong><\/li>\n<\/ul>\n<\/li>\n<\/ul>\n<p>&nbsp;<\/p>\n<ul>\n<li style=\"list-style-type: none;\">\n<ul>\n<li><strong>M\u00fcndi- v\u0151i \u017eetoonide laadimiss\u00fcsteem<\/strong> (\u00fche- v\u0151i kahe m\u00fcndikastiga)<\/li>\n<\/ul>\n<\/li>\n<\/ul>\n<p>&nbsp;<\/p>\n<ul>\n<li style=\"list-style-type: none;\">\n<ul>\n<li><strong>Pesuvahendi ja loputusvahendi pump-dispenser<\/strong><\/li>\n<\/ul>\n<\/li>\n<\/ul>\n<p>&nbsp;<\/p>\n","protected":false},"excerpt":{"rendered":"<p><strong>Professionaalne pesumasin 10 KG \/ MAX 13 KG<\/strong><\/p>\n<p><strong>LG Giant C MAX<\/strong><\/p>\n<ul>\n<li style=\"list-style-type: none;\">\n<ul>\n<li>Mahutavus: 10 kg (maksimaalne 13 kg), trumli maht 103 L<\/li>\n<\/ul>\n<\/li>\n<\/ul>\n<p>&nbsp;<\/p>\n<ul>\n<li style=\"list-style-type: none;\">\n<ul>\n<li>Kiired pesuts\u00fcklid (2-3 korda kiiremad kui tavalise kodupesumasinaga)<\/li>\n<\/ul>\n<\/li>\n<\/ul>\n<p>&nbsp;<\/p>\n<ul>\n<li style=\"list-style-type: none;\">\n<ul>\n<li>Kuni 20 t\u00e4ielikult kohandatava pesuprogrammi seadistamine<\/li>\n<\/ul>\n<\/li>\n<\/ul>\n<p>&nbsp;<\/p>\n<ul>\n<li style=\"list-style-type: none;\">\n<ul>\n<li>Direct Drive inverter-mootor<\/li>\n<\/ul>\n<\/li>\n<\/ul>\n<p>&nbsp;<\/p>\n<ul>\n<li style=\"list-style-type: none;\">\n<ul>\n<li>Wi-Fi \u00fchendus (Smart Solution)<\/li>\n<\/ul>\n<\/li>\n<\/ul>\n<p>&nbsp;<\/p>\n<ul>\n<li style=\"list-style-type: none;\">\n<ul>\n<li>Kuuma ja k\u00fclma vee sisselaskeava<\/li>\n<\/ul>\n<\/li>\n<\/ul>\n<p>&nbsp;<\/p>\n<ul>\n<li style=\"list-style-type: none;\">\n<ul>\n<li>\u00dchefaasilise elektriv\u0151rgu \u00fchendus<\/li>\n<\/ul>\n<\/li>\n<\/ul>\n<p>&nbsp;<\/p>\n<ul>\n<li style=\"list-style-type: none;\">\n<ul>\n<li>Suur 54 cm uks, mis lihtsustab pesu laadimist<\/li>\n<\/ul>\n<\/li>\n<\/ul>\n<p>&nbsp;<\/p>\n<p><strong>2-aastane garantii kaubanduslikuks kasutamiseks<\/strong><\/p>\n<p><strong><a href=\"https:\/\/lavanno.com\/wp-content\/uploads\/2024\/11\/Professionaalsed_LG_pesumaja_seadmed_2022_lavanno.pdf\" target=\"_blank\" rel=\"noopener\">LG Professionaalsed pesumaja seadmed presentatsioon ja tehnilised andmed<\/a><\/strong><\/p>\n","protected":false},"featured_media":12626,"comment_status":"open","ping_status":"closed","template":"","meta":[],"product_brand":[],"product_cat":[852],"product_tag":[],"class_list":{"0":"post-12100","1":"product","2":"type-product","3":"status-publish","4":"has-post-thumbnail","6":"product_cat-lg","8":"first","9":"instock","10":"taxable","11":"shipping-taxable","12":"purchasable","13":"product-type-simple"},"yoast_head":"<!-- This site is optimized with the Yoast SEO plugin v27.0 - https:\/\/yoast.com\/product\/yoast-seo-wordpress\/ -->\n<title>LG Giant-C MAX Professionaalne pesumasin 10,3 kg (103L); RPM 1200, G-factor 451; El k\u00fcte 220V \/ 50Hz; 3,6kW; M\u00f5\u00f5tmed 686x767x983; 87kg; Wifi; GBS - Lavanno - pesuvahendite ekspert<\/title>\n<meta name=\"description\" content=\"Professionaalne pesumasin LG Giant C MAX. Mahutavus: 10 kg (maksimaalne 13 kg), trumli maht 103 L. Kiired pesuts\u00fcklid (2-3 korda kiiremad kui tavalise kodupesumasinaga). Kuni 20 t\u00e4ielikult kohandatava pesuprogrammi seadistamine. Direct Drive inverter-mootor. Wi-Fi \u00fchendus (Smart Solution). Kuuma ja k\u00fclma vee sisselaskeava. \u00dchefaasilise elektriv\u0151rgu \u00fchendus. Suur 54 cm uks, mis lihtsustab pesu laadimist.\" \/>\n<meta name=\"robots\" content=\"index, follow, max-snippet:-1, max-image-preview:large, max-video-preview:-1\" \/>\n<link rel=\"canonical\" href=\"https:\/\/lavanno.com\/en\/toode\/lg-giant-c-max-professionaalne-pesumasin\/\" \/>\n<meta property=\"og:locale\" content=\"en_US\" \/>\n<meta property=\"og:type\" content=\"article\" \/>\n<meta property=\"og:title\" content=\"LG Giant-C MAX Professionaalne pesumasin 10,3 kg (103L); RPM 1200, G-factor 451; El k\u00fcte 220V \/ 50Hz; 3,6kW; M\u00f5\u00f5tmed 686x767x983; 87kg; Wifi; GBS - Lavanno - pesuvahendite ekspert\" \/>\n<meta property=\"og:description\" content=\"Professionaalne pesumasin LG Giant C MAX. Mahutavus: 10 kg (maksimaalne 13 kg), trumli maht 103 L. Kiired pesuts\u00fcklid (2-3 korda kiiremad kui tavalise kodupesumasinaga). Kuni 20 t\u00e4ielikult kohandatava pesuprogrammi seadistamine. Direct Drive inverter-mootor. Wi-Fi \u00fchendus (Smart Solution). Kuuma ja k\u00fclma vee sisselaskeava. \u00dchefaasilise elektriv\u0151rgu \u00fchendus. Suur 54 cm uks, mis lihtsustab pesu laadimist.\" \/>\n<meta property=\"og:url\" content=\"https:\/\/lavanno.com\/en\/toode\/lg-giant-c-max-professionaalne-pesumasin\/\" \/>\n<meta property=\"og:site_name\" content=\"Lavanno - pesuvahendite ekspert\" \/>\n<meta property=\"article:publisher\" content=\"https:\/\/www.facebook.com\/Lavanno.ee\" \/>\n<meta property=\"article:modified_time\" content=\"2026-05-02T11:45:00+00:00\" \/>\n<meta property=\"og:image\" content=\"https:\/\/lavanno.com\/wp-content\/uploads\/2025\/11\/perilica-lg-giant-c-max_800x800.png\" \/>\n\t<meta property=\"og:image:width\" content=\"800\" \/>\n\t<meta property=\"og:image:height\" content=\"800\" \/>\n\t<meta property=\"og:image:type\" content=\"image\/png\" \/>\n<meta name=\"twitter:card\" content=\"summary_large_image\" \/>\n<meta name=\"twitter:label1\" content=\"Est. reading time\" \/>\n\t<meta name=\"twitter:data1\" content=\"3 minutes\" \/>\n<script type=\"application\/ld+json\" class=\"yoast-schema-graph\">{\"@context\":\"https:\/\/schema.org\",\"@graph\":[{\"@type\":\"WebPage\",\"@id\":\"https:\/\/lavanno.com\/en\/toode\/lg-giant-c-max-professionaalne-pesumasin\/\",\"url\":\"https:\/\/lavanno.com\/en\/toode\/lg-giant-c-max-professionaalne-pesumasin\/\",\"name\":\"LG Giant-C MAX Professionaalne pesumasin 10,3 kg (103L); RPM 1200, G-factor 451; El k\u00fcte 220V \/ 50Hz; 3,6kW; M\u00f5\u00f5tmed 686x767x983; 87kg; Wifi; GBS - Lavanno - pesuvahendite ekspert\",\"isPartOf\":{\"@id\":\"https:\/\/lavanno.com\/en\/#website\"},\"primaryImageOfPage\":{\"@id\":\"https:\/\/lavanno.com\/en\/toode\/lg-giant-c-max-professionaalne-pesumasin\/#primaryimage\"},\"image\":{\"@id\":\"https:\/\/lavanno.com\/en\/toode\/lg-giant-c-max-professionaalne-pesumasin\/#primaryimage\"},\"thumbnailUrl\":\"https:\/\/lavanno.com\/wp-content\/uploads\/2025\/11\/perilica-lg-giant-c-max_800x800.png\",\"datePublished\":\"2025-10-22T16:30:02+00:00\",\"dateModified\":\"2026-05-02T11:45:00+00:00\",\"description\":\"Professionaalne pesumasin LG Giant C MAX. Mahutavus: 10 kg (maksimaalne 13 kg), trumli maht 103 L. Kiired pesuts\u00fcklid (2-3 korda kiiremad kui tavalise kodupesumasinaga). Kuni 20 t\u00e4ielikult kohandatava pesuprogrammi seadistamine. Direct Drive inverter-mootor. Wi-Fi \u00fchendus (Smart Solution). Kuuma ja k\u00fclma vee sisselaskeava. \u00dchefaasilise elektriv\u0151rgu \u00fchendus. Suur 54 cm uks, mis lihtsustab pesu laadimist.\",\"breadcrumb\":{\"@id\":\"https:\/\/lavanno.com\/en\/toode\/lg-giant-c-max-professionaalne-pesumasin\/#breadcrumb\"},\"inLanguage\":\"en-US\",\"potentialAction\":[{\"@type\":\"ReadAction\",\"target\":[\"https:\/\/lavanno.com\/en\/toode\/lg-giant-c-max-professionaalne-pesumasin\/\"]}]},{\"@type\":\"ImageObject\",\"inLanguage\":\"en-US\",\"@id\":\"https:\/\/lavanno.com\/en\/toode\/lg-giant-c-max-professionaalne-pesumasin\/#primaryimage\",\"url\":\"https:\/\/lavanno.com\/wp-content\/uploads\/2025\/11\/perilica-lg-giant-c-max_800x800.png\",\"contentUrl\":\"https:\/\/lavanno.com\/wp-content\/uploads\/2025\/11\/perilica-lg-giant-c-max_800x800.png\",\"width\":800,\"height\":800},{\"@type\":\"BreadcrumbList\",\"@id\":\"https:\/\/lavanno.com\/en\/toode\/lg-giant-c-max-professionaalne-pesumasin\/#breadcrumb\",\"itemListElement\":[{\"@type\":\"ListItem\",\"position\":1,\"name\":\"Home\",\"item\":\"https:\/\/lavanno.com\/en\/\"},{\"@type\":\"ListItem\",\"position\":2,\"name\":\"E-pood\",\"item\":\"https:\/\/lavanno.com\/e-pood\/\"},{\"@type\":\"ListItem\",\"position\":3,\"name\":\"LG Giant-C MAX Professionaalne pesumasin 10,3 kg (103L); RPM 1200, G-factor 451; El k\u00fcte 220V \/ 50Hz; 3,6kW; M\u00f5\u00f5tmed 686x767x983; 87kg; Wifi; GBS\"}]},{\"@type\":\"WebSite\",\"@id\":\"https:\/\/lavanno.com\/en\/#website\",\"url\":\"https:\/\/lavanno.com\/en\/\",\"name\":\"Lavanno - Pesuvahendite ekspert\",\"description\":\"Toome maale ja m\u00fc\u00fcme tekstiili pesuvahendeid, pesumajaseadmeid ja tarvikuid. Hooldame ja konsulteerime.\",\"publisher\":{\"@id\":\"https:\/\/lavanno.com\/en\/#organization\"},\"potentialAction\":[{\"@type\":\"SearchAction\",\"target\":{\"@type\":\"EntryPoint\",\"urlTemplate\":\"https:\/\/lavanno.com\/en\/?s={search_term_string}\"},\"query-input\":{\"@type\":\"PropertyValueSpecification\",\"valueRequired\":true,\"valueName\":\"search_term_string\"}}],\"inLanguage\":\"en-US\"},{\"@type\":\"Organization\",\"@id\":\"https:\/\/lavanno.com\/en\/#organization\",\"name\":\"Lavanno - Pesuvahendite ekspert\",\"url\":\"https:\/\/lavanno.com\/en\/\",\"logo\":{\"@type\":\"ImageObject\",\"inLanguage\":\"en-US\",\"@id\":\"https:\/\/lavanno.com\/en\/#\/schema\/logo\/image\/\",\"url\":\"https:\/\/lavanno.com\/wp-content\/uploads\/2025\/07\/Lavanno.png\",\"contentUrl\":\"https:\/\/lavanno.com\/wp-content\/uploads\/2025\/07\/Lavanno.png\",\"width\":1200,\"height\":1200,\"caption\":\"Lavanno - Pesuvahendite ekspert\"},\"image\":{\"@id\":\"https:\/\/lavanno.com\/en\/#\/schema\/logo\/image\/\"},\"sameAs\":[\"https:\/\/www.facebook.com\/Lavanno.ee\"]}]}<\/script>\n<!-- \/ Yoast SEO plugin. -->","yoast_head_json":{"title":"LG Giant-C MAX Professionaalne pesumasin 10,3 kg (103L); RPM 1200, G-factor 451; El k\u00fcte 220V \/ 50Hz; 3,6kW; M\u00f5\u00f5tmed 686x767x983; 87kg; Wifi; GBS - Lavanno - pesuvahendite ekspert","description":"Professionaalne pesumasin LG Giant C MAX. Mahutavus: 10 kg (maksimaalne 13 kg), trumli maht 103 L. Kiired pesuts\u00fcklid (2-3 korda kiiremad kui tavalise kodupesumasinaga). Kuni 20 t\u00e4ielikult kohandatava pesuprogrammi seadistamine. Direct Drive inverter-mootor. Wi-Fi \u00fchendus (Smart Solution). Kuuma ja k\u00fclma vee sisselaskeava. \u00dchefaasilise elektriv\u0151rgu \u00fchendus. Suur 54 cm uks, mis lihtsustab pesu laadimist.","robots":{"index":"index","follow":"follow","max-snippet":"max-snippet:-1","max-image-preview":"max-image-preview:large","max-video-preview":"max-video-preview:-1"},"canonical":"https:\/\/lavanno.com\/en\/toode\/lg-giant-c-max-professionaalne-pesumasin\/","og_locale":"en_US","og_type":"article","og_title":"LG Giant-C MAX Professionaalne pesumasin 10,3 kg (103L); RPM 1200, G-factor 451; El k\u00fcte 220V \/ 50Hz; 3,6kW; M\u00f5\u00f5tmed 686x767x983; 87kg; Wifi; GBS - Lavanno - pesuvahendite ekspert","og_description":"Professionaalne pesumasin LG Giant C MAX. Mahutavus: 10 kg (maksimaalne 13 kg), trumli maht 103 L. Kiired pesuts\u00fcklid (2-3 korda kiiremad kui tavalise kodupesumasinaga). Kuni 20 t\u00e4ielikult kohandatava pesuprogrammi seadistamine. Direct Drive inverter-mootor. Wi-Fi \u00fchendus (Smart Solution). Kuuma ja k\u00fclma vee sisselaskeava. \u00dchefaasilise elektriv\u0151rgu \u00fchendus. Suur 54 cm uks, mis lihtsustab pesu laadimist.","og_url":"https:\/\/lavanno.com\/en\/toode\/lg-giant-c-max-professionaalne-pesumasin\/","og_site_name":"Lavanno - pesuvahendite ekspert","article_publisher":"https:\/\/www.facebook.com\/Lavanno.ee","article_modified_time":"2026-05-02T11:45:00+00:00","og_image":[{"width":800,"height":800,"url":"https:\/\/lavanno.com\/wp-content\/uploads\/2025\/11\/perilica-lg-giant-c-max_800x800.png","type":"image\/png"}],"twitter_card":"summary_large_image","twitter_misc":{"Est. reading time":"3 minutes"},"schema":{"@context":"https:\/\/schema.org","@graph":[{"@type":"WebPage","@id":"https:\/\/lavanno.com\/en\/toode\/lg-giant-c-max-professionaalne-pesumasin\/","url":"https:\/\/lavanno.com\/en\/toode\/lg-giant-c-max-professionaalne-pesumasin\/","name":"LG Giant-C MAX Professionaalne pesumasin 10,3 kg (103L); RPM 1200, G-factor 451; El k\u00fcte 220V \/ 50Hz; 3,6kW; M\u00f5\u00f5tmed 686x767x983; 87kg; Wifi; GBS - Lavanno - pesuvahendite ekspert","isPartOf":{"@id":"https:\/\/lavanno.com\/en\/#website"},"primaryImageOfPage":{"@id":"https:\/\/lavanno.com\/en\/toode\/lg-giant-c-max-professionaalne-pesumasin\/#primaryimage"},"image":{"@id":"https:\/\/lavanno.com\/en\/toode\/lg-giant-c-max-professionaalne-pesumasin\/#primaryimage"},"thumbnailUrl":"https:\/\/lavanno.com\/wp-content\/uploads\/2025\/11\/perilica-lg-giant-c-max_800x800.png","datePublished":"2025-10-22T16:30:02+00:00","dateModified":"2026-05-02T11:45:00+00:00","description":"Professionaalne pesumasin LG Giant C MAX. Mahutavus: 10 kg (maksimaalne 13 kg), trumli maht 103 L. Kiired pesuts\u00fcklid (2-3 korda kiiremad kui tavalise kodupesumasinaga). Kuni 20 t\u00e4ielikult kohandatava pesuprogrammi seadistamine. Direct Drive inverter-mootor. Wi-Fi \u00fchendus (Smart Solution). Kuuma ja k\u00fclma vee sisselaskeava. \u00dchefaasilise elektriv\u0151rgu \u00fchendus. Suur 54 cm uks, mis lihtsustab pesu laadimist.","breadcrumb":{"@id":"https:\/\/lavanno.com\/en\/toode\/lg-giant-c-max-professionaalne-pesumasin\/#breadcrumb"},"inLanguage":"en-US","potentialAction":[{"@type":"ReadAction","target":["https:\/\/lavanno.com\/en\/toode\/lg-giant-c-max-professionaalne-pesumasin\/"]}]},{"@type":"ImageObject","inLanguage":"en-US","@id":"https:\/\/lavanno.com\/en\/toode\/lg-giant-c-max-professionaalne-pesumasin\/#primaryimage","url":"https:\/\/lavanno.com\/wp-content\/uploads\/2025\/11\/perilica-lg-giant-c-max_800x800.png","contentUrl":"https:\/\/lavanno.com\/wp-content\/uploads\/2025\/11\/perilica-lg-giant-c-max_800x800.png","width":800,"height":800},{"@type":"BreadcrumbList","@id":"https:\/\/lavanno.com\/en\/toode\/lg-giant-c-max-professionaalne-pesumasin\/#breadcrumb","itemListElement":[{"@type":"ListItem","position":1,"name":"Home","item":"https:\/\/lavanno.com\/en\/"},{"@type":"ListItem","position":2,"name":"E-pood","item":"https:\/\/lavanno.com\/e-pood\/"},{"@type":"ListItem","position":3,"name":"LG Giant-C MAX Professionaalne pesumasin 10,3 kg (103L); RPM 1200, G-factor 451; El k\u00fcte 220V \/ 50Hz; 3,6kW; M\u00f5\u00f5tmed 686x767x983; 87kg; Wifi; GBS"}]},{"@type":"WebSite","@id":"https:\/\/lavanno.com\/en\/#website","url":"https:\/\/lavanno.com\/en\/","name":"Lavanno - Pesuvahendite ekspert","description":"Toome maale ja m\u00fc\u00fcme tekstiili pesuvahendeid, pesumajaseadmeid ja tarvikuid. Hooldame ja konsulteerime.","publisher":{"@id":"https:\/\/lavanno.com\/en\/#organization"},"potentialAction":[{"@type":"SearchAction","target":{"@type":"EntryPoint","urlTemplate":"https:\/\/lavanno.com\/en\/?s={search_term_string}"},"query-input":{"@type":"PropertyValueSpecification","valueRequired":true,"valueName":"search_term_string"}}],"inLanguage":"en-US"},{"@type":"Organization","@id":"https:\/\/lavanno.com\/en\/#organization","name":"Lavanno - Pesuvahendite ekspert","url":"https:\/\/lavanno.com\/en\/","logo":{"@type":"ImageObject","inLanguage":"en-US","@id":"https:\/\/lavanno.com\/en\/#\/schema\/logo\/image\/","url":"https:\/\/lavanno.com\/wp-content\/uploads\/2025\/07\/Lavanno.png","contentUrl":"https:\/\/lavanno.com\/wp-content\/uploads\/2025\/07\/Lavanno.png","width":1200,"height":1200,"caption":"Lavanno - Pesuvahendite ekspert"},"image":{"@id":"https:\/\/lavanno.com\/en\/#\/schema\/logo\/image\/"},"sameAs":["https:\/\/www.facebook.com\/Lavanno.ee"]}]}},"_links":{"self":[{"href":"https:\/\/lavanno.com\/en\/wp-json\/wp\/v2\/product\/12100","targetHints":{"allow":["GET"]}}],"collection":[{"href":"https:\/\/lavanno.com\/en\/wp-json\/wp\/v2\/product"}],"about":[{"href":"https:\/\/lavanno.com\/en\/wp-json\/wp\/v2\/types\/product"}],"replies":[{"embeddable":true,"href":"https:\/\/lavanno.com\/en\/wp-json\/wp\/v2\/comments?post=12100"}],"wp:featuredmedia":[{"embeddable":true,"href":"https:\/\/lavanno.com\/en\/wp-json\/wp\/v2\/media\/12626"}],"wp:attachment":[{"href":"https:\/\/lavanno.com\/en\/wp-json\/wp\/v2\/media?parent=12100"}],"wp:term":[{"taxonomy":"product_brand","embeddable":true,"href":"https:\/\/lavanno.com\/en\/wp-json\/wp\/v2\/product_brand?post=12100"},{"taxonomy":"product_cat","embeddable":true,"href":"https:\/\/lavanno.com\/en\/wp-json\/wp\/v2\/product_cat?post=12100"},{"taxonomy":"product_tag","embeddable":true,"href":"https:\/\/lavanno.com\/en\/wp-json\/wp\/v2\/product_tag?post=12100"}],"curies":[{"name":"wp","href":"https:\/\/api.w.org\/{rel}","templated":true}]}}