{"id":12104,"date":"2025-10-22T19:35:01","date_gmt":"2025-10-22T16:35:01","guid":{"rendered":"https:\/\/lavanno.com\/toode\/piumasoft-10-kg-pesuloputusvahend-suletoodetele\/"},"modified":"2026-05-02T14:45:00","modified_gmt":"2026-05-02T11:45:00","slug":"piumasoft-10-kg-pesuloputusvahend-suletoodetele","status":"publish","type":"product","link":"https:\/\/lavanno.com\/en\/toode\/piumasoft-10-kg-pesuloputusvahend-suletoodetele\/","title":{"rendered":"Piumasoft 10 kg &#8211; pesuloputusvahend suletoodetele"},"content":{"rendered":"<p><strong>Spetsifikatsioon<\/strong><\/p>\n<p><strong>Kasutamine<\/strong><\/p>\n<p>Kasutada viimases loputusts\u00fcklis madala veetasemega.<\/p>\n<p><strong>Koostisosad<\/strong><\/p>\n<p>Vesi, dih\u00fcdrogeenitud tali h\u00fcdroks\u00fcet\u00fc\u00fclmonium metosulfaat, parf\u00fc\u00fcm, pol\u00fc[3-((2-aminoet\u00fc\u00fcl)amino)prop\u00fc\u00fcl]met\u00fc\u00fcl(dimet\u00fc\u00fcl)siloksaan (h\u00fcdroks\u00fcterminatsiooniga), isoprop\u00fc\u00fclalkohol, pol\u00fcet\u00fcleengl\u00fckooli monoalk\u00fc\u00fcleeter, bensalkooniumkloriid, bens\u00fc\u00fclsalits\u00fclaat, heks\u00fc\u00fcltsinnamaal, 2-prop\u00fc\u00fclheptanool (etoks\u00fc\u00fclitud, propoks\u00fc\u00fclitud), dimetikoon, geraniool, tsitronellool, eugenool, kumariin, h\u00fcdroks\u00fctsitronellal, steareth-21, alfa-isomet\u00fc\u00fclionoon, alkohol, C12\u201316-alk\u00fc\u00fcldimet\u00fc\u00fclamiinid.<\/p>\n<p><strong>Funktsioon<\/strong><\/p>\n<p>Viimistlusvahend<\/p>\n<p><a href=\"https:\/\/lavanno.com\/wp-content\/uploads\/2025\/09\/A45-020Hygienfresh_PiumasoftRel4ETSDS.pdf\" target=\"_blank\" rel=\"noopener\">Ohutuskaart<\/a><\/p>\n","protected":false},"excerpt":{"rendered":"<p>Piumasoft on spetsiaalne viimistlusvahend suletoodetele. Toode aitab sulgi lahti harutada, taastada nende loomuliku kohevuse ning suurendada r\u00f5ivaste mahtu ja vormi.<\/p>\n<p>Piumasoft muudab nii kangakiud kui ka sulgede t\u00e4idise pehmeks ja kohevaks, v\u00e4hendab staatilist elektrit ning aitab eemaldada kiududest liigset niiskust. Tulemuseks on parema vormi ja mahu taastanud suletooted, mis on meeldiva v\u00e4rske l\u00f5hnaga.<\/p>\n<ul>\n<li>Suurendab sulgede kohevust ja mahtu<\/li>\n<li>Lahtiharutav (dis-tangling) toime<\/li>\n<li>K\u00f5rge antistaatiline efekt<\/li>\n<li>Aitab eemaldada kiududest j\u00e4\u00e4kniiskust<\/li>\n<li>Taastab r\u00f5ivaste vormi ja tugevuse<\/li>\n<li>Meeldiv v\u00e4rske pesu l\u00f5hn<\/li>\n<\/ul>\n","protected":false},"featured_media":12496,"comment_status":"open","ping_status":"closed","template":"","meta":[],"product_brand":[],"product_cat":[506,525,550],"product_tag":[835,837],"class_list":{"0":"post-12104","1":"product","2":"type-product","3":"status-publish","4":"has-post-thumbnail","6":"product_cat-ariklient","7":"product_cat-vesipesuvahendid","8":"product_cat-pesuloputusvahendid-ja-pehmendajad","9":"product_tag-pesumajad","10":"product_tag-puhastusteenindus","12":"first","13":"instock","14":"taxable","15":"shipping-taxable","16":"purchasable","17":"product-type-simple"},"yoast_head":"<!-- This site is optimized with the Yoast SEO plugin v27.0 - https:\/\/yoast.com\/product\/yoast-seo-wordpress\/ -->\n<title>Piumasoft 10 kg - pesuloputusvahend suletoodetele - Lavanno - pesuvahendite ekspert<\/title>\n<meta name=\"description\" content=\"Piumasoft on spetsiaalne suletoodete viimistlusvahend, mis taastab sulgede kohevuse, suurendab mahtu ja tagab antistaatilise toime.\" \/>\n<meta name=\"robots\" content=\"index, follow, max-snippet:-1, max-image-preview:large, max-video-preview:-1\" \/>\n<link rel=\"canonical\" href=\"https:\/\/lavanno.com\/en\/toode\/piumasoft-10-kg-pesuloputusvahend-suletoodetele\/\" \/>\n<meta property=\"og:locale\" content=\"en_US\" \/>\n<meta property=\"og:type\" content=\"article\" \/>\n<meta property=\"og:title\" content=\"Piumasoft 10 kg - pesuloputusvahend suletoodetele - Lavanno - pesuvahendite ekspert\" \/>\n<meta property=\"og:description\" content=\"Piumasoft on spetsiaalne suletoodete viimistlusvahend, mis taastab sulgede kohevuse, suurendab mahtu ja tagab antistaatilise toime.\" \/>\n<meta property=\"og:url\" content=\"https:\/\/lavanno.com\/en\/toode\/piumasoft-10-kg-pesuloputusvahend-suletoodetele\/\" \/>\n<meta property=\"og:site_name\" content=\"Lavanno - pesuvahendite ekspert\" \/>\n<meta property=\"article:publisher\" content=\"https:\/\/www.facebook.com\/Lavanno.ee\" \/>\n<meta property=\"article:modified_time\" content=\"2026-05-02T11:45:00+00:00\" \/>\n<meta property=\"og:image\" content=\"https:\/\/lavanno.com\/wp-content\/uploads\/2025\/11\/a45-020kammorbidente_piumasoft_10kg-1.png\" \/>\n\t<meta property=\"og:image:width\" content=\"800\" \/>\n\t<meta property=\"og:image:height\" content=\"800\" \/>\n\t<meta property=\"og:image:type\" content=\"image\/png\" \/>\n<meta name=\"twitter:card\" content=\"summary_large_image\" \/>\n<meta name=\"twitter:label1\" content=\"Est. reading time\" \/>\n\t<meta name=\"twitter:data1\" content=\"1 minute\" \/>\n<script type=\"application\/ld+json\" class=\"yoast-schema-graph\">{\"@context\":\"https:\/\/schema.org\",\"@graph\":[{\"@type\":\"WebPage\",\"@id\":\"https:\/\/lavanno.com\/en\/toode\/piumasoft-10-kg-pesuloputusvahend-suletoodetele\/\",\"url\":\"https:\/\/lavanno.com\/en\/toode\/piumasoft-10-kg-pesuloputusvahend-suletoodetele\/\",\"name\":\"Piumasoft 10 kg - pesuloputusvahend suletoodetele - Lavanno - pesuvahendite ekspert\",\"isPartOf\":{\"@id\":\"https:\/\/lavanno.com\/en\/#website\"},\"primaryImageOfPage\":{\"@id\":\"https:\/\/lavanno.com\/en\/toode\/piumasoft-10-kg-pesuloputusvahend-suletoodetele\/#primaryimage\"},\"image\":{\"@id\":\"https:\/\/lavanno.com\/en\/toode\/piumasoft-10-kg-pesuloputusvahend-suletoodetele\/#primaryimage\"},\"thumbnailUrl\":\"https:\/\/lavanno.com\/wp-content\/uploads\/2025\/11\/a45-020kammorbidente_piumasoft_10kg-1.png\",\"datePublished\":\"2025-10-22T16:35:01+00:00\",\"dateModified\":\"2026-05-02T11:45:00+00:00\",\"description\":\"Piumasoft on spetsiaalne suletoodete viimistlusvahend, mis taastab sulgede kohevuse, suurendab mahtu ja tagab antistaatilise toime.\",\"breadcrumb\":{\"@id\":\"https:\/\/lavanno.com\/en\/toode\/piumasoft-10-kg-pesuloputusvahend-suletoodetele\/#breadcrumb\"},\"inLanguage\":\"en-US\",\"potentialAction\":[{\"@type\":\"ReadAction\",\"target\":[\"https:\/\/lavanno.com\/en\/toode\/piumasoft-10-kg-pesuloputusvahend-suletoodetele\/\"]}]},{\"@type\":\"ImageObject\",\"inLanguage\":\"en-US\",\"@id\":\"https:\/\/lavanno.com\/en\/toode\/piumasoft-10-kg-pesuloputusvahend-suletoodetele\/#primaryimage\",\"url\":\"https:\/\/lavanno.com\/wp-content\/uploads\/2025\/11\/a45-020kammorbidente_piumasoft_10kg-1.png\",\"contentUrl\":\"https:\/\/lavanno.com\/wp-content\/uploads\/2025\/11\/a45-020kammorbidente_piumasoft_10kg-1.png\",\"width\":800,\"height\":800},{\"@type\":\"BreadcrumbList\",\"@id\":\"https:\/\/lavanno.com\/en\/toode\/piumasoft-10-kg-pesuloputusvahend-suletoodetele\/#breadcrumb\",\"itemListElement\":[{\"@type\":\"ListItem\",\"position\":1,\"name\":\"Home\",\"item\":\"https:\/\/lavanno.com\/en\/\"},{\"@type\":\"ListItem\",\"position\":2,\"name\":\"E-pood\",\"item\":\"https:\/\/lavanno.com\/e-pood\/\"},{\"@type\":\"ListItem\",\"position\":3,\"name\":\"Piumasoft 10 kg &#8211; pesuloputusvahend suletoodetele\"}]},{\"@type\":\"WebSite\",\"@id\":\"https:\/\/lavanno.com\/en\/#website\",\"url\":\"https:\/\/lavanno.com\/en\/\",\"name\":\"Lavanno - Pesuvahendite ekspert\",\"description\":\"Toome maale ja m\u00fc\u00fcme tekstiili pesuvahendeid, pesumajaseadmeid ja tarvikuid. Hooldame ja konsulteerime.\",\"publisher\":{\"@id\":\"https:\/\/lavanno.com\/en\/#organization\"},\"potentialAction\":[{\"@type\":\"SearchAction\",\"target\":{\"@type\":\"EntryPoint\",\"urlTemplate\":\"https:\/\/lavanno.com\/en\/?s={search_term_string}\"},\"query-input\":{\"@type\":\"PropertyValueSpecification\",\"valueRequired\":true,\"valueName\":\"search_term_string\"}}],\"inLanguage\":\"en-US\"},{\"@type\":\"Organization\",\"@id\":\"https:\/\/lavanno.com\/en\/#organization\",\"name\":\"Lavanno - Pesuvahendite ekspert\",\"url\":\"https:\/\/lavanno.com\/en\/\",\"logo\":{\"@type\":\"ImageObject\",\"inLanguage\":\"en-US\",\"@id\":\"https:\/\/lavanno.com\/en\/#\/schema\/logo\/image\/\",\"url\":\"https:\/\/lavanno.com\/wp-content\/uploads\/2025\/07\/Lavanno.png\",\"contentUrl\":\"https:\/\/lavanno.com\/wp-content\/uploads\/2025\/07\/Lavanno.png\",\"width\":1200,\"height\":1200,\"caption\":\"Lavanno - Pesuvahendite ekspert\"},\"image\":{\"@id\":\"https:\/\/lavanno.com\/en\/#\/schema\/logo\/image\/\"},\"sameAs\":[\"https:\/\/www.facebook.com\/Lavanno.ee\"]}]}<\/script>\n<!-- \/ Yoast SEO plugin. -->","yoast_head_json":{"title":"Piumasoft 10 kg - pesuloputusvahend suletoodetele - Lavanno - pesuvahendite ekspert","description":"Piumasoft on spetsiaalne suletoodete viimistlusvahend, mis taastab sulgede kohevuse, suurendab mahtu ja tagab antistaatilise toime.","robots":{"index":"index","follow":"follow","max-snippet":"max-snippet:-1","max-image-preview":"max-image-preview:large","max-video-preview":"max-video-preview:-1"},"canonical":"https:\/\/lavanno.com\/en\/toode\/piumasoft-10-kg-pesuloputusvahend-suletoodetele\/","og_locale":"en_US","og_type":"article","og_title":"Piumasoft 10 kg - pesuloputusvahend suletoodetele - Lavanno - pesuvahendite ekspert","og_description":"Piumasoft on spetsiaalne suletoodete viimistlusvahend, mis taastab sulgede kohevuse, suurendab mahtu ja tagab antistaatilise toime.","og_url":"https:\/\/lavanno.com\/en\/toode\/piumasoft-10-kg-pesuloputusvahend-suletoodetele\/","og_site_name":"Lavanno - pesuvahendite ekspert","article_publisher":"https:\/\/www.facebook.com\/Lavanno.ee","article_modified_time":"2026-05-02T11:45:00+00:00","og_image":[{"width":800,"height":800,"url":"https:\/\/lavanno.com\/wp-content\/uploads\/2025\/11\/a45-020kammorbidente_piumasoft_10kg-1.png","type":"image\/png"}],"twitter_card":"summary_large_image","twitter_misc":{"Est. reading time":"1 minute"},"schema":{"@context":"https:\/\/schema.org","@graph":[{"@type":"WebPage","@id":"https:\/\/lavanno.com\/en\/toode\/piumasoft-10-kg-pesuloputusvahend-suletoodetele\/","url":"https:\/\/lavanno.com\/en\/toode\/piumasoft-10-kg-pesuloputusvahend-suletoodetele\/","name":"Piumasoft 10 kg - pesuloputusvahend suletoodetele - Lavanno - pesuvahendite ekspert","isPartOf":{"@id":"https:\/\/lavanno.com\/en\/#website"},"primaryImageOfPage":{"@id":"https:\/\/lavanno.com\/en\/toode\/piumasoft-10-kg-pesuloputusvahend-suletoodetele\/#primaryimage"},"image":{"@id":"https:\/\/lavanno.com\/en\/toode\/piumasoft-10-kg-pesuloputusvahend-suletoodetele\/#primaryimage"},"thumbnailUrl":"https:\/\/lavanno.com\/wp-content\/uploads\/2025\/11\/a45-020kammorbidente_piumasoft_10kg-1.png","datePublished":"2025-10-22T16:35:01+00:00","dateModified":"2026-05-02T11:45:00+00:00","description":"Piumasoft on spetsiaalne suletoodete viimistlusvahend, mis taastab sulgede kohevuse, suurendab mahtu ja tagab antistaatilise toime.","breadcrumb":{"@id":"https:\/\/lavanno.com\/en\/toode\/piumasoft-10-kg-pesuloputusvahend-suletoodetele\/#breadcrumb"},"inLanguage":"en-US","potentialAction":[{"@type":"ReadAction","target":["https:\/\/lavanno.com\/en\/toode\/piumasoft-10-kg-pesuloputusvahend-suletoodetele\/"]}]},{"@type":"ImageObject","inLanguage":"en-US","@id":"https:\/\/lavanno.com\/en\/toode\/piumasoft-10-kg-pesuloputusvahend-suletoodetele\/#primaryimage","url":"https:\/\/lavanno.com\/wp-content\/uploads\/2025\/11\/a45-020kammorbidente_piumasoft_10kg-1.png","contentUrl":"https:\/\/lavanno.com\/wp-content\/uploads\/2025\/11\/a45-020kammorbidente_piumasoft_10kg-1.png","width":800,"height":800},{"@type":"BreadcrumbList","@id":"https:\/\/lavanno.com\/en\/toode\/piumasoft-10-kg-pesuloputusvahend-suletoodetele\/#breadcrumb","itemListElement":[{"@type":"ListItem","position":1,"name":"Home","item":"https:\/\/lavanno.com\/en\/"},{"@type":"ListItem","position":2,"name":"E-pood","item":"https:\/\/lavanno.com\/e-pood\/"},{"@type":"ListItem","position":3,"name":"Piumasoft 10 kg &#8211; pesuloputusvahend suletoodetele"}]},{"@type":"WebSite","@id":"https:\/\/lavanno.com\/en\/#website","url":"https:\/\/lavanno.com\/en\/","name":"Lavanno - Pesuvahendite ekspert","description":"Toome maale ja m\u00fc\u00fcme tekstiili pesuvahendeid, pesumajaseadmeid ja tarvikuid. Hooldame ja konsulteerime.","publisher":{"@id":"https:\/\/lavanno.com\/en\/#organization"},"potentialAction":[{"@type":"SearchAction","target":{"@type":"EntryPoint","urlTemplate":"https:\/\/lavanno.com\/en\/?s={search_term_string}"},"query-input":{"@type":"PropertyValueSpecification","valueRequired":true,"valueName":"search_term_string"}}],"inLanguage":"en-US"},{"@type":"Organization","@id":"https:\/\/lavanno.com\/en\/#organization","name":"Lavanno - Pesuvahendite ekspert","url":"https:\/\/lavanno.com\/en\/","logo":{"@type":"ImageObject","inLanguage":"en-US","@id":"https:\/\/lavanno.com\/en\/#\/schema\/logo\/image\/","url":"https:\/\/lavanno.com\/wp-content\/uploads\/2025\/07\/Lavanno.png","contentUrl":"https:\/\/lavanno.com\/wp-content\/uploads\/2025\/07\/Lavanno.png","width":1200,"height":1200,"caption":"Lavanno - Pesuvahendite ekspert"},"image":{"@id":"https:\/\/lavanno.com\/en\/#\/schema\/logo\/image\/"},"sameAs":["https:\/\/www.facebook.com\/Lavanno.ee"]}]}},"_links":{"self":[{"href":"https:\/\/lavanno.com\/en\/wp-json\/wp\/v2\/product\/12104","targetHints":{"allow":["GET"]}}],"collection":[{"href":"https:\/\/lavanno.com\/en\/wp-json\/wp\/v2\/product"}],"about":[{"href":"https:\/\/lavanno.com\/en\/wp-json\/wp\/v2\/types\/product"}],"replies":[{"embeddable":true,"href":"https:\/\/lavanno.com\/en\/wp-json\/wp\/v2\/comments?post=12104"}],"wp:featuredmedia":[{"embeddable":true,"href":"https:\/\/lavanno.com\/en\/wp-json\/wp\/v2\/media\/12496"}],"wp:attachment":[{"href":"https:\/\/lavanno.com\/en\/wp-json\/wp\/v2\/media?parent=12104"}],"wp:term":[{"taxonomy":"product_brand","embeddable":true,"href":"https:\/\/lavanno.com\/en\/wp-json\/wp\/v2\/product_brand?post=12104"},{"taxonomy":"product_cat","embeddable":true,"href":"https:\/\/lavanno.com\/en\/wp-json\/wp\/v2\/product_cat?post=12104"},{"taxonomy":"product_tag","embeddable":true,"href":"https:\/\/lavanno.com\/en\/wp-json\/wp\/v2\/product_tag?post=12104"}],"curies":[{"name":"wp","href":"https:\/\/api.w.org\/{rel}","templated":true}]}}