{"id":12109,"date":"2025-10-22T19:35:02","date_gmt":"2025-10-22T16:35:02","guid":{"rendered":"https:\/\/lavanno.com\/toode\/rapid-wash-15l-pesuaine\/"},"modified":"2026-05-02T14:45:00","modified_gmt":"2026-05-02T11:45:00","slug":"rapid-wash-15l-pesuaine","status":"publish","type":"product","link":"https:\/\/lavanno.com\/en\/toode\/rapid-wash-15l-pesuaine\/","title":{"rendered":"Rapid Wash 1,5L pesuaine"},"content":{"rendered":"<p><strong>Spetsifikatsioon<\/strong><\/p>\n<p><strong>Kasutamine<\/strong><\/p>\n<p>Lisada pesuvahend pesumasina pesuvahendisahtlisse t\u00e4iskoormuse korral.<br \/>\nSobib kasutamiseks nii pesumasinas kui ka k\u00e4sipesuks.<\/p>\n<p><strong>Koostisosad<\/strong><\/p>\n<p>Vesi, isoprop\u00fc\u00fclalkohol, parf\u00fc\u00fcm, C13-15 pareth-7, naatriumlaureetsulfaat, naatriumdodets\u00fc\u00fclbenseensulfonaat, rasvhapped C14-20 ja C16-18 k\u00fcllastumata (reaktsiooniproduktid adipiinhappe ja trietanoolamiiniga, dimet\u00fc\u00fclsulfaat-kvaterniseeritud), alkohol, ksantaankummi, tetranaatrium-EDTA, linalool, heksamet\u00fc\u00fclindanop\u00fcraan, tsitrusekoore\u00f5li (Citrus Aurantium), geraniool, limoneen, heks\u00fc\u00fcltsinnamaal, terpineool, lavendli\u00f5li, tsitronellool, am\u00fc\u00fclsalits\u00fclaat, tetramet\u00fc\u00fclatset\u00fc\u00fclooktah\u00fcdronaftaleenid, am\u00fc\u00fcltsinnamaal, linal\u00fc\u00fclatsetaat, pat\u0161uli\u00f5li (Pogostemon Cablin), dimetikoon, steareth-21, CI 74180, met\u00fc\u00fclkloroisotiasolinoon, met\u00fc\u00fclisotiasolinoon.<\/p>\n<p><strong>Funktsioon<\/strong><\/p>\n<p>Kiirpesu pesuvahend<\/p>\n<p>&nbsp;<\/p>\n","protected":false},"excerpt":{"rendered":"<p>Rapid Wash on spetsiaalselt l\u00fchikeste pesuts\u00fcklite jaoks loodud vedelpesuvahend. T\u00e4nu integreeritud pesuloputus- ja Odor Remover tehnoloogiale eemaldab see t\u00f5husalt mustuse ja ebameeldivad l\u00f5hnad, j\u00e4ttes pesu v\u00e4rskeks ja meeldivalt l\u00f5hnavaks.<\/p>\n<p>Toode sobib ideaalselt energias\u00e4\u00e4stlikuks pesuks, kuna toimib efektiivselt ka kiirete programmide puhul. Lisaks annab see pesule intensiivse ja kauakestva l\u00f5hna.<\/p>\n<ul>\n<li>Optimeeritud l\u00fchikeste pesuts\u00fcklite jaoks<\/li>\n<li>Aitab s\u00e4\u00e4sta energiat<\/li>\n<li>Sisaldab l\u00f5hnaeemaldustehnoloogiat (Odor Remover)<\/li>\n<li>J\u00e4tab pesule intensiivse ja kauakestva l\u00f5hna<\/li>\n<li>Sisaldab pehmendavat toimet<\/li>\n<li>Sobib masin- ja k\u00e4sipesuks<\/li>\n<\/ul>\n","protected":false},"featured_media":13102,"comment_status":"open","ping_status":"closed","template":"","meta":[],"product_brand":[],"product_cat":[520,547],"product_tag":[850],"class_list":{"0":"post-12109","1":"product","2":"type-product","3":"status-publish","4":"has-post-thumbnail","6":"product_cat-eraklient","7":"product_cat-pesuvahendid-eraklient","8":"product_tag-kodumajapidamine","10":"first","11":"instock","12":"taxable","13":"shipping-taxable","14":"purchasable","15":"product-type-simple"},"yoast_head":"<!-- This site is optimized with the Yoast SEO plugin v27.0 - https:\/\/yoast.com\/product\/yoast-seo-wordpress\/ -->\n<title>Rapid Wash 1,5L pesuaine - Lavanno - pesuvahendite ekspert<\/title>\n<meta name=\"description\" content=\"Rapid Wash pesuvahend on ideaalne kiirpesuks, eemaldades t\u00f5husalt mustuse ja l\u00f5hnad ning j\u00e4ttes pesule v\u00e4rske ja kauakestva l\u00f5hna.\" \/>\n<meta name=\"robots\" content=\"index, follow, max-snippet:-1, max-image-preview:large, max-video-preview:-1\" \/>\n<link rel=\"canonical\" href=\"https:\/\/lavanno.com\/en\/toode\/rapid-wash-15l-pesuaine\/\" \/>\n<meta property=\"og:locale\" content=\"en_US\" \/>\n<meta property=\"og:type\" content=\"article\" \/>\n<meta property=\"og:title\" content=\"Rapid Wash 1,5L pesuaine - Lavanno - pesuvahendite ekspert\" \/>\n<meta property=\"og:description\" content=\"Rapid Wash pesuvahend on ideaalne kiirpesuks, eemaldades t\u00f5husalt mustuse ja l\u00f5hnad ning j\u00e4ttes pesule v\u00e4rske ja kauakestva l\u00f5hna.\" \/>\n<meta property=\"og:url\" content=\"https:\/\/lavanno.com\/en\/toode\/rapid-wash-15l-pesuaine\/\" \/>\n<meta property=\"og:site_name\" content=\"Lavanno - pesuvahendite ekspert\" \/>\n<meta property=\"article:publisher\" content=\"https:\/\/www.facebook.com\/Lavanno.ee\" \/>\n<meta property=\"article:modified_time\" content=\"2026-05-02T11:45:00+00:00\" \/>\n<meta property=\"og:image\" content=\"https:\/\/lavanno.com\/wp-content\/uploads\/2025\/10\/a39-580f_detergente_rapid_wash_15lt.png\" \/>\n\t<meta property=\"og:image:width\" content=\"800\" \/>\n\t<meta property=\"og:image:height\" content=\"800\" \/>\n\t<meta property=\"og:image:type\" content=\"image\/png\" \/>\n<meta name=\"twitter:card\" content=\"summary_large_image\" \/>\n<meta name=\"twitter:label1\" content=\"Est. reading time\" \/>\n\t<meta name=\"twitter:data1\" content=\"1 minute\" \/>\n<script type=\"application\/ld+json\" class=\"yoast-schema-graph\">{\"@context\":\"https:\/\/schema.org\",\"@graph\":[{\"@type\":\"WebPage\",\"@id\":\"https:\/\/lavanno.com\/en\/toode\/rapid-wash-15l-pesuaine\/\",\"url\":\"https:\/\/lavanno.com\/en\/toode\/rapid-wash-15l-pesuaine\/\",\"name\":\"Rapid Wash 1,5L pesuaine - Lavanno - pesuvahendite ekspert\",\"isPartOf\":{\"@id\":\"https:\/\/lavanno.com\/en\/#website\"},\"primaryImageOfPage\":{\"@id\":\"https:\/\/lavanno.com\/en\/toode\/rapid-wash-15l-pesuaine\/#primaryimage\"},\"image\":{\"@id\":\"https:\/\/lavanno.com\/en\/toode\/rapid-wash-15l-pesuaine\/#primaryimage\"},\"thumbnailUrl\":\"https:\/\/lavanno.com\/wp-content\/uploads\/2025\/10\/a39-580f_detergente_rapid_wash_15lt.png\",\"datePublished\":\"2025-10-22T16:35:02+00:00\",\"dateModified\":\"2026-05-02T11:45:00+00:00\",\"description\":\"Rapid Wash pesuvahend on ideaalne kiirpesuks, eemaldades t\u00f5husalt mustuse ja l\u00f5hnad ning j\u00e4ttes pesule v\u00e4rske ja kauakestva l\u00f5hna.\",\"breadcrumb\":{\"@id\":\"https:\/\/lavanno.com\/en\/toode\/rapid-wash-15l-pesuaine\/#breadcrumb\"},\"inLanguage\":\"en-US\",\"potentialAction\":[{\"@type\":\"ReadAction\",\"target\":[\"https:\/\/lavanno.com\/en\/toode\/rapid-wash-15l-pesuaine\/\"]}]},{\"@type\":\"ImageObject\",\"inLanguage\":\"en-US\",\"@id\":\"https:\/\/lavanno.com\/en\/toode\/rapid-wash-15l-pesuaine\/#primaryimage\",\"url\":\"https:\/\/lavanno.com\/wp-content\/uploads\/2025\/10\/a39-580f_detergente_rapid_wash_15lt.png\",\"contentUrl\":\"https:\/\/lavanno.com\/wp-content\/uploads\/2025\/10\/a39-580f_detergente_rapid_wash_15lt.png\",\"width\":800,\"height\":800},{\"@type\":\"BreadcrumbList\",\"@id\":\"https:\/\/lavanno.com\/en\/toode\/rapid-wash-15l-pesuaine\/#breadcrumb\",\"itemListElement\":[{\"@type\":\"ListItem\",\"position\":1,\"name\":\"Home\",\"item\":\"https:\/\/lavanno.com\/en\/\"},{\"@type\":\"ListItem\",\"position\":2,\"name\":\"E-pood\",\"item\":\"https:\/\/lavanno.com\/e-pood\/\"},{\"@type\":\"ListItem\",\"position\":3,\"name\":\"Rapid Wash 1,5L pesuaine\"}]},{\"@type\":\"WebSite\",\"@id\":\"https:\/\/lavanno.com\/en\/#website\",\"url\":\"https:\/\/lavanno.com\/en\/\",\"name\":\"Lavanno - Pesuvahendite ekspert\",\"description\":\"Toome maale ja m\u00fc\u00fcme tekstiili pesuvahendeid, pesumajaseadmeid ja tarvikuid. Hooldame ja konsulteerime.\",\"publisher\":{\"@id\":\"https:\/\/lavanno.com\/en\/#organization\"},\"potentialAction\":[{\"@type\":\"SearchAction\",\"target\":{\"@type\":\"EntryPoint\",\"urlTemplate\":\"https:\/\/lavanno.com\/en\/?s={search_term_string}\"},\"query-input\":{\"@type\":\"PropertyValueSpecification\",\"valueRequired\":true,\"valueName\":\"search_term_string\"}}],\"inLanguage\":\"en-US\"},{\"@type\":\"Organization\",\"@id\":\"https:\/\/lavanno.com\/en\/#organization\",\"name\":\"Lavanno - Pesuvahendite ekspert\",\"url\":\"https:\/\/lavanno.com\/en\/\",\"logo\":{\"@type\":\"ImageObject\",\"inLanguage\":\"en-US\",\"@id\":\"https:\/\/lavanno.com\/en\/#\/schema\/logo\/image\/\",\"url\":\"https:\/\/lavanno.com\/wp-content\/uploads\/2025\/07\/Lavanno.png\",\"contentUrl\":\"https:\/\/lavanno.com\/wp-content\/uploads\/2025\/07\/Lavanno.png\",\"width\":1200,\"height\":1200,\"caption\":\"Lavanno - Pesuvahendite ekspert\"},\"image\":{\"@id\":\"https:\/\/lavanno.com\/en\/#\/schema\/logo\/image\/\"},\"sameAs\":[\"https:\/\/www.facebook.com\/Lavanno.ee\"]}]}<\/script>\n<!-- \/ Yoast SEO plugin. -->","yoast_head_json":{"title":"Rapid Wash 1,5L pesuaine - Lavanno - pesuvahendite ekspert","description":"Rapid Wash pesuvahend on ideaalne kiirpesuks, eemaldades t\u00f5husalt mustuse ja l\u00f5hnad ning j\u00e4ttes pesule v\u00e4rske ja kauakestva l\u00f5hna.","robots":{"index":"index","follow":"follow","max-snippet":"max-snippet:-1","max-image-preview":"max-image-preview:large","max-video-preview":"max-video-preview:-1"},"canonical":"https:\/\/lavanno.com\/en\/toode\/rapid-wash-15l-pesuaine\/","og_locale":"en_US","og_type":"article","og_title":"Rapid Wash 1,5L pesuaine - Lavanno - pesuvahendite ekspert","og_description":"Rapid Wash pesuvahend on ideaalne kiirpesuks, eemaldades t\u00f5husalt mustuse ja l\u00f5hnad ning j\u00e4ttes pesule v\u00e4rske ja kauakestva l\u00f5hna.","og_url":"https:\/\/lavanno.com\/en\/toode\/rapid-wash-15l-pesuaine\/","og_site_name":"Lavanno - pesuvahendite ekspert","article_publisher":"https:\/\/www.facebook.com\/Lavanno.ee","article_modified_time":"2026-05-02T11:45:00+00:00","og_image":[{"width":800,"height":800,"url":"https:\/\/lavanno.com\/wp-content\/uploads\/2025\/10\/a39-580f_detergente_rapid_wash_15lt.png","type":"image\/png"}],"twitter_card":"summary_large_image","twitter_misc":{"Est. reading time":"1 minute"},"schema":{"@context":"https:\/\/schema.org","@graph":[{"@type":"WebPage","@id":"https:\/\/lavanno.com\/en\/toode\/rapid-wash-15l-pesuaine\/","url":"https:\/\/lavanno.com\/en\/toode\/rapid-wash-15l-pesuaine\/","name":"Rapid Wash 1,5L pesuaine - Lavanno - pesuvahendite ekspert","isPartOf":{"@id":"https:\/\/lavanno.com\/en\/#website"},"primaryImageOfPage":{"@id":"https:\/\/lavanno.com\/en\/toode\/rapid-wash-15l-pesuaine\/#primaryimage"},"image":{"@id":"https:\/\/lavanno.com\/en\/toode\/rapid-wash-15l-pesuaine\/#primaryimage"},"thumbnailUrl":"https:\/\/lavanno.com\/wp-content\/uploads\/2025\/10\/a39-580f_detergente_rapid_wash_15lt.png","datePublished":"2025-10-22T16:35:02+00:00","dateModified":"2026-05-02T11:45:00+00:00","description":"Rapid Wash pesuvahend on ideaalne kiirpesuks, eemaldades t\u00f5husalt mustuse ja l\u00f5hnad ning j\u00e4ttes pesule v\u00e4rske ja kauakestva l\u00f5hna.","breadcrumb":{"@id":"https:\/\/lavanno.com\/en\/toode\/rapid-wash-15l-pesuaine\/#breadcrumb"},"inLanguage":"en-US","potentialAction":[{"@type":"ReadAction","target":["https:\/\/lavanno.com\/en\/toode\/rapid-wash-15l-pesuaine\/"]}]},{"@type":"ImageObject","inLanguage":"en-US","@id":"https:\/\/lavanno.com\/en\/toode\/rapid-wash-15l-pesuaine\/#primaryimage","url":"https:\/\/lavanno.com\/wp-content\/uploads\/2025\/10\/a39-580f_detergente_rapid_wash_15lt.png","contentUrl":"https:\/\/lavanno.com\/wp-content\/uploads\/2025\/10\/a39-580f_detergente_rapid_wash_15lt.png","width":800,"height":800},{"@type":"BreadcrumbList","@id":"https:\/\/lavanno.com\/en\/toode\/rapid-wash-15l-pesuaine\/#breadcrumb","itemListElement":[{"@type":"ListItem","position":1,"name":"Home","item":"https:\/\/lavanno.com\/en\/"},{"@type":"ListItem","position":2,"name":"E-pood","item":"https:\/\/lavanno.com\/e-pood\/"},{"@type":"ListItem","position":3,"name":"Rapid Wash 1,5L pesuaine"}]},{"@type":"WebSite","@id":"https:\/\/lavanno.com\/en\/#website","url":"https:\/\/lavanno.com\/en\/","name":"Lavanno - Pesuvahendite ekspert","description":"Toome maale ja m\u00fc\u00fcme tekstiili pesuvahendeid, pesumajaseadmeid ja tarvikuid. Hooldame ja konsulteerime.","publisher":{"@id":"https:\/\/lavanno.com\/en\/#organization"},"potentialAction":[{"@type":"SearchAction","target":{"@type":"EntryPoint","urlTemplate":"https:\/\/lavanno.com\/en\/?s={search_term_string}"},"query-input":{"@type":"PropertyValueSpecification","valueRequired":true,"valueName":"search_term_string"}}],"inLanguage":"en-US"},{"@type":"Organization","@id":"https:\/\/lavanno.com\/en\/#organization","name":"Lavanno - Pesuvahendite ekspert","url":"https:\/\/lavanno.com\/en\/","logo":{"@type":"ImageObject","inLanguage":"en-US","@id":"https:\/\/lavanno.com\/en\/#\/schema\/logo\/image\/","url":"https:\/\/lavanno.com\/wp-content\/uploads\/2025\/07\/Lavanno.png","contentUrl":"https:\/\/lavanno.com\/wp-content\/uploads\/2025\/07\/Lavanno.png","width":1200,"height":1200,"caption":"Lavanno - Pesuvahendite ekspert"},"image":{"@id":"https:\/\/lavanno.com\/en\/#\/schema\/logo\/image\/"},"sameAs":["https:\/\/www.facebook.com\/Lavanno.ee"]}]}},"_links":{"self":[{"href":"https:\/\/lavanno.com\/en\/wp-json\/wp\/v2\/product\/12109","targetHints":{"allow":["GET"]}}],"collection":[{"href":"https:\/\/lavanno.com\/en\/wp-json\/wp\/v2\/product"}],"about":[{"href":"https:\/\/lavanno.com\/en\/wp-json\/wp\/v2\/types\/product"}],"replies":[{"embeddable":true,"href":"https:\/\/lavanno.com\/en\/wp-json\/wp\/v2\/comments?post=12109"}],"wp:featuredmedia":[{"embeddable":true,"href":"https:\/\/lavanno.com\/en\/wp-json\/wp\/v2\/media\/13102"}],"wp:attachment":[{"href":"https:\/\/lavanno.com\/en\/wp-json\/wp\/v2\/media?parent=12109"}],"wp:term":[{"taxonomy":"product_brand","embeddable":true,"href":"https:\/\/lavanno.com\/en\/wp-json\/wp\/v2\/product_brand?post=12109"},{"taxonomy":"product_cat","embeddable":true,"href":"https:\/\/lavanno.com\/en\/wp-json\/wp\/v2\/product_cat?post=12109"},{"taxonomy":"product_tag","embeddable":true,"href":"https:\/\/lavanno.com\/en\/wp-json\/wp\/v2\/product_tag?post=12109"}],"curies":[{"name":"wp","href":"https:\/\/api.w.org\/{rel}","templated":true}]}}