{"id":12115,"date":"2025-10-22T19:40:01","date_gmt":"2025-10-22T16:40:01","guid":{"rendered":"https:\/\/lavanno.com\/toode\/carezza-di-argan-kanga-ja-ohuvarskendaja-hellitav-argaania400ml-8054729630354\/"},"modified":"2026-05-02T14:45:00","modified_gmt":"2026-05-02T11:45:00","slug":"carezza-di-argan-kanga-ja-ohuvarskendaja-hellitav-argaania400ml-8054729630354","status":"publish","type":"product","link":"https:\/\/lavanno.com\/en\/toode\/carezza-di-argan-kanga-ja-ohuvarskendaja-hellitav-argaania400ml-8054729630354\/","title":{"rendered":"Carezza Di Argan kanga ja \u00f5huv\u00e4rskendaja (Hellitav Argaania)400ml 8054729630354"},"content":{"rendered":"<p><strong>Spetsifikatsioon<\/strong><\/p>\n<p><strong>Kasutamine<\/strong><\/p>\n<p>Enne kasutamist loksutada.<\/p>\n<p>Pihustada \u00fchtlaselt umbes 20\u201325 cm kauguselt kangale v\u00f5i kasutada ruumi \u00f5hu v\u00e4rskendamiseks.<\/p>\n<p><strong>Koostisosad<\/strong><\/p>\n<p>Butaan, isobutaan, propaan, alkohol, isoprop\u00fc\u00fclalkohol, l\u00f5hnaained, heksamet\u00fc\u00fclindanop\u00fcraan, et\u00fcleenbrass\u00fclaat, tetrah\u00fcdro-met\u00fc\u00fclmet\u00fc\u00fclprop\u00fc\u00fclp\u00fcraan-4-ool, et\u00fc\u00fcllinalool, cis-3-heksen\u00fc\u00fcl salits\u00fclaat, tetramet\u00fc\u00fclatset\u00fc\u00fclooktah\u00fcdronaftaleenid, p-mentaan-7-ool, met\u00fcleendioks\u00fcfen\u00fc\u00fclmet\u00fc\u00fclpropanaal, trimet\u00fc\u00fcltrits\u00fcklodekan\u00fc\u00fclatsetaat, atset\u00fc\u00fcltseedreen.<\/p>\n<p><strong>Funktsioon<\/strong><\/p>\n<p>H\u00fcpoallergeenne l\u00f5hnasprei<\/p>\n<p><a href=\"https:\/\/lavanno.com\/wp-content\/uploads\/2025\/10\/A73-110Bioxelle_-_Spray_Carezza_di_ArganRel1ETSDS.pdf\" target=\"_blank\" rel=\"noopener\">Ohutuskaart<\/a><\/p>\n","protected":false},"excerpt":{"rendered":"<p>Carezza Di Argan DeoSpray on h\u00fcpoallergeenne l\u00f5hnasprei, mis \u00fchendab endas t\u00f5husa l\u00f5hnade neutraliseerimise ja \u00f5rna hoolduse. Toode on loodud tundlikule nahale, aidates v\u00e4ltida v\u00f5imalikke allergilisi reaktsioone.<\/p>\n<p>Selle Odor Control tehnoloogia eemaldab ebameeldivad l\u00f5hnad, j\u00e4ttes kangastele v\u00e4rske ja meeldiva argaania aroomi. Spreid saab kasutada nii tekstiilidel kui ka ruumi \u00f5hu v\u00e4rskendamiseks.<\/p>\n<p>Toode on dermatoloogiliselt testitud, \u201cNickel Tested\u201d sertifikaadiga ning ei sisalda keskkonnale kahjulikke CFC-gaase.<\/p>\n<ul>\n<li>H\u00fcpoallergeenne \u2013 sobib tundlikule nahale<\/li>\n<li>Aitab ennetada allergilisi reaktsioone<\/li>\n<li>\u201cNickel Tested\u201d (Torino \u00dclikooli sertifikaat)<\/li>\n<li>Neutraliseerib ebameeldivad l\u00f5hnad<\/li>\n<li>V\u00e4rske ja pehme argaania l\u00f5hn<\/li>\n<li>Sobib nii kangastele kui \u00f5hku<\/li>\n<li>ei sisalda osoonikihti kahjustavaid CFC gaase<\/li>\n<\/ul>\n<p>&nbsp;<\/p>\n","protected":false},"featured_media":12361,"comment_status":"open","ping_status":"closed","template":"","meta":[],"product_brand":[],"product_cat":[506,584,579,581],"product_tag":[850,835,837],"class_list":{"0":"post-12115","1":"product","2":"type-product","3":"status-publish","4":"has-post-thumbnail","6":"product_cat-ariklient","7":"product_cat-ohu-ja-kangasvarskendajad","8":"product_cat-kangavarskendajad","9":"product_cat-tekstiili-ja-kodulohnastajad-eraklient","10":"product_tag-kodumajapidamine","11":"product_tag-pesumajad","12":"product_tag-puhastusteenindus","14":"first","15":"instock","16":"taxable","17":"shipping-taxable","18":"purchasable","19":"product-type-simple"},"yoast_head":"<!-- This site is optimized with the Yoast SEO plugin v27.0 - https:\/\/yoast.com\/product\/yoast-seo-wordpress\/ -->\n<title>Carezza Di Argan kanga ja \u00f5huv\u00e4rskendaja (Hellitav Argaania)400ml 8054729630354 - Lavanno - pesuvahendite ekspert<\/title>\n<meta name=\"description\" content=\"Carezza di Argan h\u00fcpoallergeenne kanga- ja \u00f5huv\u00e4rskendaja argaania l\u00f5hnaga. Neutraliseerib l\u00f5hnad ja sobib tundlikule nahale.\" \/>\n<meta name=\"robots\" content=\"index, follow, max-snippet:-1, max-image-preview:large, max-video-preview:-1\" \/>\n<link rel=\"canonical\" href=\"https:\/\/lavanno.com\/en\/toode\/carezza-di-argan-kanga-ja-ohuvarskendaja-hellitav-argaania400ml-8054729630354\/\" \/>\n<meta property=\"og:locale\" content=\"en_US\" \/>\n<meta property=\"og:type\" content=\"article\" \/>\n<meta property=\"og:title\" content=\"Carezza Di Argan kanga ja \u00f5huv\u00e4rskendaja (Hellitav Argaania)400ml 8054729630354 - Lavanno - pesuvahendite ekspert\" \/>\n<meta property=\"og:description\" content=\"Carezza di Argan h\u00fcpoallergeenne kanga- ja \u00f5huv\u00e4rskendaja argaania l\u00f5hnaga. Neutraliseerib l\u00f5hnad ja sobib tundlikule nahale.\" \/>\n<meta property=\"og:url\" content=\"https:\/\/lavanno.com\/en\/toode\/carezza-di-argan-kanga-ja-ohuvarskendaja-hellitav-argaania400ml-8054729630354\/\" \/>\n<meta property=\"og:site_name\" content=\"Lavanno - pesuvahendite ekspert\" \/>\n<meta property=\"article:publisher\" content=\"https:\/\/www.facebook.com\/Lavanno.ee\" \/>\n<meta property=\"article:modified_time\" content=\"2026-05-02T11:45:00+00:00\" \/>\n<meta property=\"og:image\" content=\"https:\/\/lavanno.com\/wp-content\/uploads\/2025\/11\/a73-110bioxelle_carezza_di_argan-1.png\" \/>\n\t<meta property=\"og:image:width\" content=\"800\" \/>\n\t<meta property=\"og:image:height\" content=\"800\" \/>\n\t<meta property=\"og:image:type\" content=\"image\/png\" \/>\n<meta name=\"twitter:card\" content=\"summary_large_image\" \/>\n<meta name=\"twitter:label1\" content=\"Est. reading time\" \/>\n\t<meta name=\"twitter:data1\" content=\"1 minute\" \/>\n<script type=\"application\/ld+json\" class=\"yoast-schema-graph\">{\"@context\":\"https:\/\/schema.org\",\"@graph\":[{\"@type\":\"WebPage\",\"@id\":\"https:\/\/lavanno.com\/en\/toode\/carezza-di-argan-kanga-ja-ohuvarskendaja-hellitav-argaania400ml-8054729630354\/\",\"url\":\"https:\/\/lavanno.com\/en\/toode\/carezza-di-argan-kanga-ja-ohuvarskendaja-hellitav-argaania400ml-8054729630354\/\",\"name\":\"Carezza Di Argan kanga ja \u00f5huv\u00e4rskendaja (Hellitav Argaania)400ml 8054729630354 - Lavanno - pesuvahendite ekspert\",\"isPartOf\":{\"@id\":\"https:\/\/lavanno.com\/en\/#website\"},\"primaryImageOfPage\":{\"@id\":\"https:\/\/lavanno.com\/en\/toode\/carezza-di-argan-kanga-ja-ohuvarskendaja-hellitav-argaania400ml-8054729630354\/#primaryimage\"},\"image\":{\"@id\":\"https:\/\/lavanno.com\/en\/toode\/carezza-di-argan-kanga-ja-ohuvarskendaja-hellitav-argaania400ml-8054729630354\/#primaryimage\"},\"thumbnailUrl\":\"https:\/\/lavanno.com\/wp-content\/uploads\/2025\/11\/a73-110bioxelle_carezza_di_argan-1.png\",\"datePublished\":\"2025-10-22T16:40:01+00:00\",\"dateModified\":\"2026-05-02T11:45:00+00:00\",\"description\":\"Carezza di Argan h\u00fcpoallergeenne kanga- ja \u00f5huv\u00e4rskendaja argaania l\u00f5hnaga. Neutraliseerib l\u00f5hnad ja sobib tundlikule nahale.\",\"breadcrumb\":{\"@id\":\"https:\/\/lavanno.com\/en\/toode\/carezza-di-argan-kanga-ja-ohuvarskendaja-hellitav-argaania400ml-8054729630354\/#breadcrumb\"},\"inLanguage\":\"en-US\",\"potentialAction\":[{\"@type\":\"ReadAction\",\"target\":[\"https:\/\/lavanno.com\/en\/toode\/carezza-di-argan-kanga-ja-ohuvarskendaja-hellitav-argaania400ml-8054729630354\/\"]}]},{\"@type\":\"ImageObject\",\"inLanguage\":\"en-US\",\"@id\":\"https:\/\/lavanno.com\/en\/toode\/carezza-di-argan-kanga-ja-ohuvarskendaja-hellitav-argaania400ml-8054729630354\/#primaryimage\",\"url\":\"https:\/\/lavanno.com\/wp-content\/uploads\/2025\/11\/a73-110bioxelle_carezza_di_argan-1.png\",\"contentUrl\":\"https:\/\/lavanno.com\/wp-content\/uploads\/2025\/11\/a73-110bioxelle_carezza_di_argan-1.png\",\"width\":800,\"height\":800},{\"@type\":\"BreadcrumbList\",\"@id\":\"https:\/\/lavanno.com\/en\/toode\/carezza-di-argan-kanga-ja-ohuvarskendaja-hellitav-argaania400ml-8054729630354\/#breadcrumb\",\"itemListElement\":[{\"@type\":\"ListItem\",\"position\":1,\"name\":\"Home\",\"item\":\"https:\/\/lavanno.com\/en\/\"},{\"@type\":\"ListItem\",\"position\":2,\"name\":\"E-pood\",\"item\":\"https:\/\/lavanno.com\/e-pood\/\"},{\"@type\":\"ListItem\",\"position\":3,\"name\":\"Carezza Di Argan kanga ja \u00f5huv\u00e4rskendaja (Hellitav Argaania)400ml 8054729630354\"}]},{\"@type\":\"WebSite\",\"@id\":\"https:\/\/lavanno.com\/en\/#website\",\"url\":\"https:\/\/lavanno.com\/en\/\",\"name\":\"Lavanno - Pesuvahendite ekspert\",\"description\":\"Toome maale ja m\u00fc\u00fcme tekstiili pesuvahendeid, pesumajaseadmeid ja tarvikuid. Hooldame ja konsulteerime.\",\"publisher\":{\"@id\":\"https:\/\/lavanno.com\/en\/#organization\"},\"potentialAction\":[{\"@type\":\"SearchAction\",\"target\":{\"@type\":\"EntryPoint\",\"urlTemplate\":\"https:\/\/lavanno.com\/en\/?s={search_term_string}\"},\"query-input\":{\"@type\":\"PropertyValueSpecification\",\"valueRequired\":true,\"valueName\":\"search_term_string\"}}],\"inLanguage\":\"en-US\"},{\"@type\":\"Organization\",\"@id\":\"https:\/\/lavanno.com\/en\/#organization\",\"name\":\"Lavanno - Pesuvahendite ekspert\",\"url\":\"https:\/\/lavanno.com\/en\/\",\"logo\":{\"@type\":\"ImageObject\",\"inLanguage\":\"en-US\",\"@id\":\"https:\/\/lavanno.com\/en\/#\/schema\/logo\/image\/\",\"url\":\"https:\/\/lavanno.com\/wp-content\/uploads\/2025\/07\/Lavanno.png\",\"contentUrl\":\"https:\/\/lavanno.com\/wp-content\/uploads\/2025\/07\/Lavanno.png\",\"width\":1200,\"height\":1200,\"caption\":\"Lavanno - Pesuvahendite ekspert\"},\"image\":{\"@id\":\"https:\/\/lavanno.com\/en\/#\/schema\/logo\/image\/\"},\"sameAs\":[\"https:\/\/www.facebook.com\/Lavanno.ee\"]}]}<\/script>\n<!-- \/ Yoast SEO plugin. -->","yoast_head_json":{"title":"Carezza Di Argan kanga ja \u00f5huv\u00e4rskendaja (Hellitav Argaania)400ml 8054729630354 - Lavanno - pesuvahendite ekspert","description":"Carezza di Argan h\u00fcpoallergeenne kanga- ja \u00f5huv\u00e4rskendaja argaania l\u00f5hnaga. Neutraliseerib l\u00f5hnad ja sobib tundlikule nahale.","robots":{"index":"index","follow":"follow","max-snippet":"max-snippet:-1","max-image-preview":"max-image-preview:large","max-video-preview":"max-video-preview:-1"},"canonical":"https:\/\/lavanno.com\/en\/toode\/carezza-di-argan-kanga-ja-ohuvarskendaja-hellitav-argaania400ml-8054729630354\/","og_locale":"en_US","og_type":"article","og_title":"Carezza Di Argan kanga ja \u00f5huv\u00e4rskendaja (Hellitav Argaania)400ml 8054729630354 - Lavanno - pesuvahendite ekspert","og_description":"Carezza di Argan h\u00fcpoallergeenne kanga- ja \u00f5huv\u00e4rskendaja argaania l\u00f5hnaga. Neutraliseerib l\u00f5hnad ja sobib tundlikule nahale.","og_url":"https:\/\/lavanno.com\/en\/toode\/carezza-di-argan-kanga-ja-ohuvarskendaja-hellitav-argaania400ml-8054729630354\/","og_site_name":"Lavanno - pesuvahendite ekspert","article_publisher":"https:\/\/www.facebook.com\/Lavanno.ee","article_modified_time":"2026-05-02T11:45:00+00:00","og_image":[{"width":800,"height":800,"url":"https:\/\/lavanno.com\/wp-content\/uploads\/2025\/11\/a73-110bioxelle_carezza_di_argan-1.png","type":"image\/png"}],"twitter_card":"summary_large_image","twitter_misc":{"Est. reading time":"1 minute"},"schema":{"@context":"https:\/\/schema.org","@graph":[{"@type":"WebPage","@id":"https:\/\/lavanno.com\/en\/toode\/carezza-di-argan-kanga-ja-ohuvarskendaja-hellitav-argaania400ml-8054729630354\/","url":"https:\/\/lavanno.com\/en\/toode\/carezza-di-argan-kanga-ja-ohuvarskendaja-hellitav-argaania400ml-8054729630354\/","name":"Carezza Di Argan kanga ja \u00f5huv\u00e4rskendaja (Hellitav Argaania)400ml 8054729630354 - Lavanno - pesuvahendite ekspert","isPartOf":{"@id":"https:\/\/lavanno.com\/en\/#website"},"primaryImageOfPage":{"@id":"https:\/\/lavanno.com\/en\/toode\/carezza-di-argan-kanga-ja-ohuvarskendaja-hellitav-argaania400ml-8054729630354\/#primaryimage"},"image":{"@id":"https:\/\/lavanno.com\/en\/toode\/carezza-di-argan-kanga-ja-ohuvarskendaja-hellitav-argaania400ml-8054729630354\/#primaryimage"},"thumbnailUrl":"https:\/\/lavanno.com\/wp-content\/uploads\/2025\/11\/a73-110bioxelle_carezza_di_argan-1.png","datePublished":"2025-10-22T16:40:01+00:00","dateModified":"2026-05-02T11:45:00+00:00","description":"Carezza di Argan h\u00fcpoallergeenne kanga- ja \u00f5huv\u00e4rskendaja argaania l\u00f5hnaga. Neutraliseerib l\u00f5hnad ja sobib tundlikule nahale.","breadcrumb":{"@id":"https:\/\/lavanno.com\/en\/toode\/carezza-di-argan-kanga-ja-ohuvarskendaja-hellitav-argaania400ml-8054729630354\/#breadcrumb"},"inLanguage":"en-US","potentialAction":[{"@type":"ReadAction","target":["https:\/\/lavanno.com\/en\/toode\/carezza-di-argan-kanga-ja-ohuvarskendaja-hellitav-argaania400ml-8054729630354\/"]}]},{"@type":"ImageObject","inLanguage":"en-US","@id":"https:\/\/lavanno.com\/en\/toode\/carezza-di-argan-kanga-ja-ohuvarskendaja-hellitav-argaania400ml-8054729630354\/#primaryimage","url":"https:\/\/lavanno.com\/wp-content\/uploads\/2025\/11\/a73-110bioxelle_carezza_di_argan-1.png","contentUrl":"https:\/\/lavanno.com\/wp-content\/uploads\/2025\/11\/a73-110bioxelle_carezza_di_argan-1.png","width":800,"height":800},{"@type":"BreadcrumbList","@id":"https:\/\/lavanno.com\/en\/toode\/carezza-di-argan-kanga-ja-ohuvarskendaja-hellitav-argaania400ml-8054729630354\/#breadcrumb","itemListElement":[{"@type":"ListItem","position":1,"name":"Home","item":"https:\/\/lavanno.com\/en\/"},{"@type":"ListItem","position":2,"name":"E-pood","item":"https:\/\/lavanno.com\/e-pood\/"},{"@type":"ListItem","position":3,"name":"Carezza Di Argan kanga ja \u00f5huv\u00e4rskendaja (Hellitav Argaania)400ml 8054729630354"}]},{"@type":"WebSite","@id":"https:\/\/lavanno.com\/en\/#website","url":"https:\/\/lavanno.com\/en\/","name":"Lavanno - Pesuvahendite ekspert","description":"Toome maale ja m\u00fc\u00fcme tekstiili pesuvahendeid, pesumajaseadmeid ja tarvikuid. Hooldame ja konsulteerime.","publisher":{"@id":"https:\/\/lavanno.com\/en\/#organization"},"potentialAction":[{"@type":"SearchAction","target":{"@type":"EntryPoint","urlTemplate":"https:\/\/lavanno.com\/en\/?s={search_term_string}"},"query-input":{"@type":"PropertyValueSpecification","valueRequired":true,"valueName":"search_term_string"}}],"inLanguage":"en-US"},{"@type":"Organization","@id":"https:\/\/lavanno.com\/en\/#organization","name":"Lavanno - Pesuvahendite ekspert","url":"https:\/\/lavanno.com\/en\/","logo":{"@type":"ImageObject","inLanguage":"en-US","@id":"https:\/\/lavanno.com\/en\/#\/schema\/logo\/image\/","url":"https:\/\/lavanno.com\/wp-content\/uploads\/2025\/07\/Lavanno.png","contentUrl":"https:\/\/lavanno.com\/wp-content\/uploads\/2025\/07\/Lavanno.png","width":1200,"height":1200,"caption":"Lavanno - Pesuvahendite ekspert"},"image":{"@id":"https:\/\/lavanno.com\/en\/#\/schema\/logo\/image\/"},"sameAs":["https:\/\/www.facebook.com\/Lavanno.ee"]}]}},"_links":{"self":[{"href":"https:\/\/lavanno.com\/en\/wp-json\/wp\/v2\/product\/12115","targetHints":{"allow":["GET"]}}],"collection":[{"href":"https:\/\/lavanno.com\/en\/wp-json\/wp\/v2\/product"}],"about":[{"href":"https:\/\/lavanno.com\/en\/wp-json\/wp\/v2\/types\/product"}],"replies":[{"embeddable":true,"href":"https:\/\/lavanno.com\/en\/wp-json\/wp\/v2\/comments?post=12115"}],"wp:featuredmedia":[{"embeddable":true,"href":"https:\/\/lavanno.com\/en\/wp-json\/wp\/v2\/media\/12361"}],"wp:attachment":[{"href":"https:\/\/lavanno.com\/en\/wp-json\/wp\/v2\/media?parent=12115"}],"wp:term":[{"taxonomy":"product_brand","embeddable":true,"href":"https:\/\/lavanno.com\/en\/wp-json\/wp\/v2\/product_brand?post=12115"},{"taxonomy":"product_cat","embeddable":true,"href":"https:\/\/lavanno.com\/en\/wp-json\/wp\/v2\/product_cat?post=12115"},{"taxonomy":"product_tag","embeddable":true,"href":"https:\/\/lavanno.com\/en\/wp-json\/wp\/v2\/product_tag?post=12115"}],"curies":[{"name":"wp","href":"https:\/\/api.w.org\/{rel}","templated":true}]}}