{"id":12116,"date":"2025-10-22T19:40:01","date_gmt":"2025-10-22T16:40:01","guid":{"rendered":"https:\/\/lavanno.com\/toode\/oil-remover-pesuaine-rasvaeemaldaja\/"},"modified":"2026-05-02T14:45:00","modified_gmt":"2026-05-02T11:45:00","slug":"oil-remover-pesuaine-rasvaeemaldaja","status":"publish","type":"product","link":"https:\/\/lavanno.com\/en\/toode\/oil-remover-pesuaine-rasvaeemaldaja\/","title":{"rendered":"Oil Remover Pesuaine \/ Rasvaeemaldaja"},"content":{"rendered":"<p><strong>Spetsifikatsioon<\/strong><\/p>\n<p><strong>Kasutamine<\/strong><\/p>\n<p>Lisa pesuvahend pesumasina pesuainesahtlisse, kui masin on t\u00e4ielikult t\u00e4idetud. Sobib kasutamiseks nii k\u00e4sipesul kui ka masinpesul.<\/p>\n<p><strong>Koostisosad<\/strong><\/p>\n<p>Vesi, naatriumdodek\u00fc\u00fclbenseensulfonaat, C13\u201315 pareth-7, butoks\u00fcdigl\u00fckool, kokamiid DEA, tetranaatrium-EDTA, dietanoolamiin, dimetikoon, l\u00f5hnaaine, steareth-21, limoneen, tsitraal, met\u00fc\u00fclkloroisotiasolinoon, met\u00fc\u00fclisotiasolinoon.<\/p>\n<p>S\u00e4ilitusained:<br \/>\nMet\u00fc\u00fclkloroisotiasolinoon ja met\u00fc\u00fclisotiasolinoon 0,00075%.<\/p>\n<p><strong>Funktsioon<\/strong><\/p>\n<p>Rasvaeemaldav pesuvahend<\/p>\n<p><a href=\"https:\/\/lavanno.com\/wp-content\/uploads\/2025\/10\/A39-535Hygienfresh_Detergente_Oil_RemoverRel4ETSDS.pdf\" target=\"_blank\" rel=\"noopener\">Ohutuskaart<\/a><\/p>\n","protected":false},"excerpt":{"rendered":"<p>Oil Remover on v\u00f5imsa rasvaeemaldava toimega vedel pesuvahend, mis on m\u00f5eldud kasutamiseks pesumasinas. See sobib ideaalselt t\u00f6\u00f6riiete ja v\u00e4ga m\u00e4\u00e4rdunud r\u00f5ivaste pesemiseks, kus esineb \u00f5li-, rasva- ja tugevaid mustusplekke.<\/p>\n<p>Toode toimib t\u00f5husalt juba alates 40 \u00b0C, v\u00f5imaldades l\u00fchemaid pesuts\u00fckleid ja energias\u00e4\u00e4stlikumat pesu. T\u00e4nu spetsiaalsele koostisele eemaldab see lisaks rasvale ka ebameeldivad l\u00f5hnad ning tagab \u00fchtlase ja kontrollitud vahutamise kogu pesu v\u00e4ltel.<\/p>\n<ul>\n<li>Eriti t\u00f5hus rasvaeemaldus<\/li>\n<li>T\u00f5hus juba 40\u00b0C juures<\/li>\n<li>L\u00fchem pesuaeg<\/li>\n<li>Sobib igasuguse veekareduse korral<\/li>\n<li>Ei sisalda fosfaate<\/li>\n<li>Eemaldab suurep\u00e4raselt rasvaplekid ja l\u00f5hna<\/li>\n<li>Vahutamise kontroll<\/li>\n<\/ul>\n","protected":false},"featured_media":12363,"comment_status":"open","ping_status":"closed","template":"","meta":[],"product_brand":[],"product_cat":[506,525,546,561],"product_tag":[838,834,836,833,835,837,839,840],"class_list":{"0":"post-12116","1":"product","2":"type-product","3":"status-publish","4":"has-post-thumbnail","6":"product_cat-ariklient","7":"product_cat-vesipesuvahendid","8":"product_cat-pesuained","9":"product_cat-rasvaeemaldusvahendid","10":"product_tag-haridusasutused","11":"product_tag-horeca","12":"product_tag-iseteenindus","13":"product_tag-lasteaedadele","14":"product_tag-pesumajad","15":"product_tag-puhastusteenindus","16":"product_tag-tervishoid","17":"product_tag-toostusettevotted","19":"first","20":"instock","21":"taxable","22":"shipping-taxable","23":"purchasable","24":"product-type-simple"},"yoast_head":"<!-- This site is optimized with the Yoast SEO plugin v27.0 - https:\/\/yoast.com\/product\/yoast-seo-wordpress\/ -->\n<title>Oil Remover Pesuaine \/ Rasvaeemaldaja - Lavanno - pesuvahendite ekspert<\/title>\n<meta name=\"description\" content=\"V\u00f5imsa rasvaeemaldava toimega fosfaadivaba pesuvahend t\u00f6\u00f6riietele ja tugevalt m\u00e4\u00e4rdunud tekstiilidele. T\u00f5hus juba 40 \u00b0C juures.\" \/>\n<meta name=\"robots\" content=\"index, follow, max-snippet:-1, max-image-preview:large, max-video-preview:-1\" \/>\n<link rel=\"canonical\" href=\"https:\/\/lavanno.com\/en\/toode\/oil-remover-pesuaine-rasvaeemaldaja\/\" \/>\n<meta property=\"og:locale\" content=\"en_US\" \/>\n<meta property=\"og:type\" content=\"article\" \/>\n<meta property=\"og:title\" content=\"Oil Remover Pesuaine \/ Rasvaeemaldaja - Lavanno - pesuvahendite ekspert\" \/>\n<meta property=\"og:description\" content=\"V\u00f5imsa rasvaeemaldava toimega fosfaadivaba pesuvahend t\u00f6\u00f6riietele ja tugevalt m\u00e4\u00e4rdunud tekstiilidele. T\u00f5hus juba 40 \u00b0C juures.\" \/>\n<meta property=\"og:url\" content=\"https:\/\/lavanno.com\/en\/toode\/oil-remover-pesuaine-rasvaeemaldaja\/\" \/>\n<meta property=\"og:site_name\" content=\"Lavanno - pesuvahendite ekspert\" \/>\n<meta property=\"article:publisher\" content=\"https:\/\/www.facebook.com\/Lavanno.ee\" \/>\n<meta property=\"article:modified_time\" content=\"2026-05-02T11:45:00+00:00\" \/>\n<meta property=\"og:image\" content=\"https:\/\/lavanno.com\/wp-content\/uploads\/2025\/11\/a39-535noilremover_20kg-1.png\" \/>\n\t<meta property=\"og:image:width\" content=\"800\" \/>\n\t<meta property=\"og:image:height\" content=\"800\" \/>\n\t<meta property=\"og:image:type\" content=\"image\/png\" \/>\n<meta name=\"twitter:card\" content=\"summary_large_image\" \/>\n<meta name=\"twitter:label1\" content=\"Est. reading time\" \/>\n\t<meta name=\"twitter:data1\" content=\"1 minute\" \/>\n<script type=\"application\/ld+json\" class=\"yoast-schema-graph\">{\"@context\":\"https:\/\/schema.org\",\"@graph\":[{\"@type\":\"WebPage\",\"@id\":\"https:\/\/lavanno.com\/en\/toode\/oil-remover-pesuaine-rasvaeemaldaja\/\",\"url\":\"https:\/\/lavanno.com\/en\/toode\/oil-remover-pesuaine-rasvaeemaldaja\/\",\"name\":\"Oil Remover Pesuaine \/ Rasvaeemaldaja - Lavanno - pesuvahendite ekspert\",\"isPartOf\":{\"@id\":\"https:\/\/lavanno.com\/en\/#website\"},\"primaryImageOfPage\":{\"@id\":\"https:\/\/lavanno.com\/en\/toode\/oil-remover-pesuaine-rasvaeemaldaja\/#primaryimage\"},\"image\":{\"@id\":\"https:\/\/lavanno.com\/en\/toode\/oil-remover-pesuaine-rasvaeemaldaja\/#primaryimage\"},\"thumbnailUrl\":\"https:\/\/lavanno.com\/wp-content\/uploads\/2025\/11\/a39-535noilremover_20kg-1.png\",\"datePublished\":\"2025-10-22T16:40:01+00:00\",\"dateModified\":\"2026-05-02T11:45:00+00:00\",\"description\":\"V\u00f5imsa rasvaeemaldava toimega fosfaadivaba pesuvahend t\u00f6\u00f6riietele ja tugevalt m\u00e4\u00e4rdunud tekstiilidele. T\u00f5hus juba 40 \u00b0C juures.\",\"breadcrumb\":{\"@id\":\"https:\/\/lavanno.com\/en\/toode\/oil-remover-pesuaine-rasvaeemaldaja\/#breadcrumb\"},\"inLanguage\":\"en-US\",\"potentialAction\":[{\"@type\":\"ReadAction\",\"target\":[\"https:\/\/lavanno.com\/en\/toode\/oil-remover-pesuaine-rasvaeemaldaja\/\"]}]},{\"@type\":\"ImageObject\",\"inLanguage\":\"en-US\",\"@id\":\"https:\/\/lavanno.com\/en\/toode\/oil-remover-pesuaine-rasvaeemaldaja\/#primaryimage\",\"url\":\"https:\/\/lavanno.com\/wp-content\/uploads\/2025\/11\/a39-535noilremover_20kg-1.png\",\"contentUrl\":\"https:\/\/lavanno.com\/wp-content\/uploads\/2025\/11\/a39-535noilremover_20kg-1.png\",\"width\":800,\"height\":800},{\"@type\":\"BreadcrumbList\",\"@id\":\"https:\/\/lavanno.com\/en\/toode\/oil-remover-pesuaine-rasvaeemaldaja\/#breadcrumb\",\"itemListElement\":[{\"@type\":\"ListItem\",\"position\":1,\"name\":\"Home\",\"item\":\"https:\/\/lavanno.com\/en\/\"},{\"@type\":\"ListItem\",\"position\":2,\"name\":\"E-pood\",\"item\":\"https:\/\/lavanno.com\/e-pood\/\"},{\"@type\":\"ListItem\",\"position\":3,\"name\":\"Oil Remover Pesuaine \/ Rasvaeemaldaja\"}]},{\"@type\":\"WebSite\",\"@id\":\"https:\/\/lavanno.com\/en\/#website\",\"url\":\"https:\/\/lavanno.com\/en\/\",\"name\":\"Lavanno - Pesuvahendite ekspert\",\"description\":\"Toome maale ja m\u00fc\u00fcme tekstiili pesuvahendeid, pesumajaseadmeid ja tarvikuid. Hooldame ja konsulteerime.\",\"publisher\":{\"@id\":\"https:\/\/lavanno.com\/en\/#organization\"},\"potentialAction\":[{\"@type\":\"SearchAction\",\"target\":{\"@type\":\"EntryPoint\",\"urlTemplate\":\"https:\/\/lavanno.com\/en\/?s={search_term_string}\"},\"query-input\":{\"@type\":\"PropertyValueSpecification\",\"valueRequired\":true,\"valueName\":\"search_term_string\"}}],\"inLanguage\":\"en-US\"},{\"@type\":\"Organization\",\"@id\":\"https:\/\/lavanno.com\/en\/#organization\",\"name\":\"Lavanno - Pesuvahendite ekspert\",\"url\":\"https:\/\/lavanno.com\/en\/\",\"logo\":{\"@type\":\"ImageObject\",\"inLanguage\":\"en-US\",\"@id\":\"https:\/\/lavanno.com\/en\/#\/schema\/logo\/image\/\",\"url\":\"https:\/\/lavanno.com\/wp-content\/uploads\/2025\/07\/Lavanno.png\",\"contentUrl\":\"https:\/\/lavanno.com\/wp-content\/uploads\/2025\/07\/Lavanno.png\",\"width\":1200,\"height\":1200,\"caption\":\"Lavanno - Pesuvahendite ekspert\"},\"image\":{\"@id\":\"https:\/\/lavanno.com\/en\/#\/schema\/logo\/image\/\"},\"sameAs\":[\"https:\/\/www.facebook.com\/Lavanno.ee\"]}]}<\/script>\n<!-- \/ Yoast SEO plugin. -->","yoast_head_json":{"title":"Oil Remover Pesuaine \/ Rasvaeemaldaja - Lavanno - pesuvahendite ekspert","description":"V\u00f5imsa rasvaeemaldava toimega fosfaadivaba pesuvahend t\u00f6\u00f6riietele ja tugevalt m\u00e4\u00e4rdunud tekstiilidele. T\u00f5hus juba 40 \u00b0C juures.","robots":{"index":"index","follow":"follow","max-snippet":"max-snippet:-1","max-image-preview":"max-image-preview:large","max-video-preview":"max-video-preview:-1"},"canonical":"https:\/\/lavanno.com\/en\/toode\/oil-remover-pesuaine-rasvaeemaldaja\/","og_locale":"en_US","og_type":"article","og_title":"Oil Remover Pesuaine \/ Rasvaeemaldaja - Lavanno - pesuvahendite ekspert","og_description":"V\u00f5imsa rasvaeemaldava toimega fosfaadivaba pesuvahend t\u00f6\u00f6riietele ja tugevalt m\u00e4\u00e4rdunud tekstiilidele. T\u00f5hus juba 40 \u00b0C juures.","og_url":"https:\/\/lavanno.com\/en\/toode\/oil-remover-pesuaine-rasvaeemaldaja\/","og_site_name":"Lavanno - pesuvahendite ekspert","article_publisher":"https:\/\/www.facebook.com\/Lavanno.ee","article_modified_time":"2026-05-02T11:45:00+00:00","og_image":[{"width":800,"height":800,"url":"https:\/\/lavanno.com\/wp-content\/uploads\/2025\/11\/a39-535noilremover_20kg-1.png","type":"image\/png"}],"twitter_card":"summary_large_image","twitter_misc":{"Est. reading time":"1 minute"},"schema":{"@context":"https:\/\/schema.org","@graph":[{"@type":"WebPage","@id":"https:\/\/lavanno.com\/en\/toode\/oil-remover-pesuaine-rasvaeemaldaja\/","url":"https:\/\/lavanno.com\/en\/toode\/oil-remover-pesuaine-rasvaeemaldaja\/","name":"Oil Remover Pesuaine \/ Rasvaeemaldaja - Lavanno - pesuvahendite ekspert","isPartOf":{"@id":"https:\/\/lavanno.com\/en\/#website"},"primaryImageOfPage":{"@id":"https:\/\/lavanno.com\/en\/toode\/oil-remover-pesuaine-rasvaeemaldaja\/#primaryimage"},"image":{"@id":"https:\/\/lavanno.com\/en\/toode\/oil-remover-pesuaine-rasvaeemaldaja\/#primaryimage"},"thumbnailUrl":"https:\/\/lavanno.com\/wp-content\/uploads\/2025\/11\/a39-535noilremover_20kg-1.png","datePublished":"2025-10-22T16:40:01+00:00","dateModified":"2026-05-02T11:45:00+00:00","description":"V\u00f5imsa rasvaeemaldava toimega fosfaadivaba pesuvahend t\u00f6\u00f6riietele ja tugevalt m\u00e4\u00e4rdunud tekstiilidele. T\u00f5hus juba 40 \u00b0C juures.","breadcrumb":{"@id":"https:\/\/lavanno.com\/en\/toode\/oil-remover-pesuaine-rasvaeemaldaja\/#breadcrumb"},"inLanguage":"en-US","potentialAction":[{"@type":"ReadAction","target":["https:\/\/lavanno.com\/en\/toode\/oil-remover-pesuaine-rasvaeemaldaja\/"]}]},{"@type":"ImageObject","inLanguage":"en-US","@id":"https:\/\/lavanno.com\/en\/toode\/oil-remover-pesuaine-rasvaeemaldaja\/#primaryimage","url":"https:\/\/lavanno.com\/wp-content\/uploads\/2025\/11\/a39-535noilremover_20kg-1.png","contentUrl":"https:\/\/lavanno.com\/wp-content\/uploads\/2025\/11\/a39-535noilremover_20kg-1.png","width":800,"height":800},{"@type":"BreadcrumbList","@id":"https:\/\/lavanno.com\/en\/toode\/oil-remover-pesuaine-rasvaeemaldaja\/#breadcrumb","itemListElement":[{"@type":"ListItem","position":1,"name":"Home","item":"https:\/\/lavanno.com\/en\/"},{"@type":"ListItem","position":2,"name":"E-pood","item":"https:\/\/lavanno.com\/e-pood\/"},{"@type":"ListItem","position":3,"name":"Oil Remover Pesuaine \/ Rasvaeemaldaja"}]},{"@type":"WebSite","@id":"https:\/\/lavanno.com\/en\/#website","url":"https:\/\/lavanno.com\/en\/","name":"Lavanno - Pesuvahendite ekspert","description":"Toome maale ja m\u00fc\u00fcme tekstiili pesuvahendeid, pesumajaseadmeid ja tarvikuid. Hooldame ja konsulteerime.","publisher":{"@id":"https:\/\/lavanno.com\/en\/#organization"},"potentialAction":[{"@type":"SearchAction","target":{"@type":"EntryPoint","urlTemplate":"https:\/\/lavanno.com\/en\/?s={search_term_string}"},"query-input":{"@type":"PropertyValueSpecification","valueRequired":true,"valueName":"search_term_string"}}],"inLanguage":"en-US"},{"@type":"Organization","@id":"https:\/\/lavanno.com\/en\/#organization","name":"Lavanno - Pesuvahendite ekspert","url":"https:\/\/lavanno.com\/en\/","logo":{"@type":"ImageObject","inLanguage":"en-US","@id":"https:\/\/lavanno.com\/en\/#\/schema\/logo\/image\/","url":"https:\/\/lavanno.com\/wp-content\/uploads\/2025\/07\/Lavanno.png","contentUrl":"https:\/\/lavanno.com\/wp-content\/uploads\/2025\/07\/Lavanno.png","width":1200,"height":1200,"caption":"Lavanno - Pesuvahendite ekspert"},"image":{"@id":"https:\/\/lavanno.com\/en\/#\/schema\/logo\/image\/"},"sameAs":["https:\/\/www.facebook.com\/Lavanno.ee"]}]}},"_links":{"self":[{"href":"https:\/\/lavanno.com\/en\/wp-json\/wp\/v2\/product\/12116","targetHints":{"allow":["GET"]}}],"collection":[{"href":"https:\/\/lavanno.com\/en\/wp-json\/wp\/v2\/product"}],"about":[{"href":"https:\/\/lavanno.com\/en\/wp-json\/wp\/v2\/types\/product"}],"replies":[{"embeddable":true,"href":"https:\/\/lavanno.com\/en\/wp-json\/wp\/v2\/comments?post=12116"}],"wp:featuredmedia":[{"embeddable":true,"href":"https:\/\/lavanno.com\/en\/wp-json\/wp\/v2\/media\/12363"}],"wp:attachment":[{"href":"https:\/\/lavanno.com\/en\/wp-json\/wp\/v2\/media?parent=12116"}],"wp:term":[{"taxonomy":"product_brand","embeddable":true,"href":"https:\/\/lavanno.com\/en\/wp-json\/wp\/v2\/product_brand?post=12116"},{"taxonomy":"product_cat","embeddable":true,"href":"https:\/\/lavanno.com\/en\/wp-json\/wp\/v2\/product_cat?post=12116"},{"taxonomy":"product_tag","embeddable":true,"href":"https:\/\/lavanno.com\/en\/wp-json\/wp\/v2\/product_tag?post=12116"}],"curies":[{"name":"wp","href":"https:\/\/api.w.org\/{rel}","templated":true}]}}