{"id":12118,"date":"2025-10-22T19:40:02","date_gmt":"2025-10-22T16:40:02","guid":{"rendered":"https:\/\/lavanno.com\/toode\/vesinikperoksiidi-lahus-35-acqua-ossigenata-20kg-desinfitseerija-valgendusaine\/"},"modified":"2026-05-02T08:40:01","modified_gmt":"2026-05-02T05:40:01","slug":"acqua-ossigenata-valgendaja-20kg","status":"publish","type":"product","link":"https:\/\/lavanno.com\/en\/toode\/acqua-ossigenata-valgendaja-20kg\/","title":{"rendered":"Vesinikperoksiidi lahus 35% Acqua Ossigenata 20kg (Desinfitseerija, Valgendusaine)"},"content":{"rendered":"<p><strong>Spetsifikatsioon<\/strong><\/p>\n<p><strong>Kasutamine<\/strong><\/p>\n<p><strong>Hoiatus!\u00a0<\/strong>\u00c4ra sega vesinikperoksiidi teiste kemikaalidega \u2013 see v\u00f5ib tekitada m\u00fcrgiseid aure v\u00f5i p\u00f5hjustada ohtlikke pritsmeid.<\/p>\n<p><strong>Koostisosad<\/strong><\/p>\n<p>Vesi, vesinikperoksiid<\/p>\n<p><strong>Funktsioon<\/strong><\/p>\n<p>Hapnikup\u00f5hine valgendusaine<\/p>\n<p><a href=\"https:\/\/lavanno.com\/wp-content\/uploads\/2025\/09\/A30-000Acqua_ossigenata_130_VolumiRel3ETSDS.pdf\" target=\"_blank\" rel=\"noopener\">Ohutuskaart<\/a><\/p>\n","protected":false},"excerpt":{"rendered":"<p>Hapnikup\u00f5hine valgendusaine on t\u00f5hus abivahend pesus tugevalt m\u00e4\u00e4rdunud tekstiilide valgendamiseks. Sobib eriti h\u00e4sti lauapesu, t\u00f6\u00f6riiete ja muude intensiivselt kasutatavate tekstiilide puhastamiseks.<\/p>\n<p>Toode aitab eemaldada s\u00fcgavat mustust ja plekke, taastades kangaste puhtuse ja v\u00e4rskuse ilma kiude kahjustamata.<\/p>\n<p><strong>NB! Toode on m\u00f5eldud m\u00fc\u00fcgiks ainult ettev\u00f5tetele ja organisatsioonidele, kelle kutsetegevuses on kemikaalide kasutamine p\u00f5hjendatud. Tarnime tooteid \u00fcksnes kulleriga.<\/strong><\/p>\n<p>Euroopa Liidu \u00f5igusaktide kohaselt ei ole lubatud m\u00fc\u00fca eraisikutele vesinikperoksiidi, mille massiprotsent \u00fcletab 12%.<\/p>\n","protected":false},"featured_media":12568,"comment_status":"open","ping_status":"closed","template":"","meta":[],"product_brand":[],"product_cat":[506,535],"product_tag":[834,835,837,839,840],"class_list":{"0":"post-12118","1":"product","2":"type-product","3":"status-publish","4":"has-post-thumbnail","6":"product_cat-ariklient","7":"product_cat-aluskemikaalid","8":"product_tag-horeca","9":"product_tag-pesumajad","10":"product_tag-puhastusteenindus","11":"product_tag-tervishoid","12":"product_tag-toostusettevotted","14":"first","15":"instock","16":"taxable","17":"shipping-taxable","18":"purchasable","19":"product-type-simple"},"yoast_head":"<!-- This site is optimized with the Yoast SEO plugin v27.0 - https:\/\/yoast.com\/product\/yoast-seo-wordpress\/ -->\n<title>Vesinikperoksiidi lahus 35% Acqua Ossigenata 20kg (Desinfitseerija, Valgendusaine) - Lavanno - pesuvahendite ekspert<\/title>\n<meta name=\"description\" content=\"Hapnikup\u00f5hine valgendusaine tugevalt m\u00e4\u00e4rdunud tekstiilidele \u2013 sobib lauapesu ja t\u00f6\u00f6riiete t\u00f5husaks valgendamiseks pesus.\" \/>\n<meta name=\"robots\" content=\"index, follow, max-snippet:-1, max-image-preview:large, max-video-preview:-1\" \/>\n<link rel=\"canonical\" href=\"https:\/\/lavanno.com\/en\/toode\/acqua-ossigenata-valgendaja-20kg\/\" \/>\n<meta property=\"og:locale\" content=\"en_US\" \/>\n<meta property=\"og:type\" content=\"article\" \/>\n<meta property=\"og:title\" content=\"Vesinikperoksiidi lahus 35% Acqua Ossigenata 20kg (Desinfitseerija, Valgendusaine) - Lavanno - pesuvahendite ekspert\" \/>\n<meta property=\"og:description\" content=\"Hapnikup\u00f5hine valgendusaine tugevalt m\u00e4\u00e4rdunud tekstiilidele \u2013 sobib lauapesu ja t\u00f6\u00f6riiete t\u00f5husaks valgendamiseks pesus.\" \/>\n<meta property=\"og:url\" content=\"https:\/\/lavanno.com\/en\/toode\/acqua-ossigenata-valgendaja-20kg\/\" \/>\n<meta property=\"og:site_name\" content=\"Lavanno - pesuvahendite ekspert\" \/>\n<meta property=\"article:publisher\" content=\"https:\/\/www.facebook.com\/Lavanno.ee\" \/>\n<meta property=\"article:modified_time\" content=\"2026-05-02T05:40:01+00:00\" \/>\n<meta property=\"og:image\" content=\"https:\/\/lavanno.com\/wp-content\/uploads\/2025\/11\/a30-000nacquaossigenata_20kg-1.png\" \/>\n\t<meta property=\"og:image:width\" content=\"800\" \/>\n\t<meta property=\"og:image:height\" content=\"800\" \/>\n\t<meta property=\"og:image:type\" content=\"image\/png\" \/>\n<meta name=\"twitter:card\" content=\"summary_large_image\" \/>\n<meta name=\"twitter:label1\" content=\"Est. reading time\" \/>\n\t<meta name=\"twitter:data1\" content=\"1 minute\" \/>\n<script type=\"application\/ld+json\" class=\"yoast-schema-graph\">{\"@context\":\"https:\/\/schema.org\",\"@graph\":[{\"@type\":\"WebPage\",\"@id\":\"https:\/\/lavanno.com\/en\/toode\/acqua-ossigenata-valgendaja-20kg\/\",\"url\":\"https:\/\/lavanno.com\/en\/toode\/acqua-ossigenata-valgendaja-20kg\/\",\"name\":\"Vesinikperoksiidi lahus 35% Acqua Ossigenata 20kg (Desinfitseerija, Valgendusaine) - Lavanno - pesuvahendite ekspert\",\"isPartOf\":{\"@id\":\"https:\/\/lavanno.com\/en\/#website\"},\"primaryImageOfPage\":{\"@id\":\"https:\/\/lavanno.com\/en\/toode\/acqua-ossigenata-valgendaja-20kg\/#primaryimage\"},\"image\":{\"@id\":\"https:\/\/lavanno.com\/en\/toode\/acqua-ossigenata-valgendaja-20kg\/#primaryimage\"},\"thumbnailUrl\":\"https:\/\/lavanno.com\/wp-content\/uploads\/2025\/11\/a30-000nacquaossigenata_20kg-1.png\",\"datePublished\":\"2025-10-22T16:40:02+00:00\",\"dateModified\":\"2026-05-02T05:40:01+00:00\",\"description\":\"Hapnikup\u00f5hine valgendusaine tugevalt m\u00e4\u00e4rdunud tekstiilidele \u2013 sobib lauapesu ja t\u00f6\u00f6riiete t\u00f5husaks valgendamiseks pesus.\",\"breadcrumb\":{\"@id\":\"https:\/\/lavanno.com\/en\/toode\/acqua-ossigenata-valgendaja-20kg\/#breadcrumb\"},\"inLanguage\":\"en-US\",\"potentialAction\":[{\"@type\":\"ReadAction\",\"target\":[\"https:\/\/lavanno.com\/en\/toode\/acqua-ossigenata-valgendaja-20kg\/\"]}]},{\"@type\":\"ImageObject\",\"inLanguage\":\"en-US\",\"@id\":\"https:\/\/lavanno.com\/en\/toode\/acqua-ossigenata-valgendaja-20kg\/#primaryimage\",\"url\":\"https:\/\/lavanno.com\/wp-content\/uploads\/2025\/11\/a30-000nacquaossigenata_20kg-1.png\",\"contentUrl\":\"https:\/\/lavanno.com\/wp-content\/uploads\/2025\/11\/a30-000nacquaossigenata_20kg-1.png\",\"width\":800,\"height\":800},{\"@type\":\"BreadcrumbList\",\"@id\":\"https:\/\/lavanno.com\/en\/toode\/acqua-ossigenata-valgendaja-20kg\/#breadcrumb\",\"itemListElement\":[{\"@type\":\"ListItem\",\"position\":1,\"name\":\"Home\",\"item\":\"https:\/\/lavanno.com\/en\/\"},{\"@type\":\"ListItem\",\"position\":2,\"name\":\"E-pood\",\"item\":\"https:\/\/lavanno.com\/e-pood\/\"},{\"@type\":\"ListItem\",\"position\":3,\"name\":\"Vesinikperoksiidi lahus 35% Acqua Ossigenata 20kg (Desinfitseerija, Valgendusaine)\"}]},{\"@type\":\"WebSite\",\"@id\":\"https:\/\/lavanno.com\/en\/#website\",\"url\":\"https:\/\/lavanno.com\/en\/\",\"name\":\"Lavanno - Pesuvahendite ekspert\",\"description\":\"Toome maale ja m\u00fc\u00fcme tekstiili pesuvahendeid, pesumajaseadmeid ja tarvikuid. Hooldame ja konsulteerime.\",\"publisher\":{\"@id\":\"https:\/\/lavanno.com\/en\/#organization\"},\"potentialAction\":[{\"@type\":\"SearchAction\",\"target\":{\"@type\":\"EntryPoint\",\"urlTemplate\":\"https:\/\/lavanno.com\/en\/?s={search_term_string}\"},\"query-input\":{\"@type\":\"PropertyValueSpecification\",\"valueRequired\":true,\"valueName\":\"search_term_string\"}}],\"inLanguage\":\"en-US\"},{\"@type\":\"Organization\",\"@id\":\"https:\/\/lavanno.com\/en\/#organization\",\"name\":\"Lavanno - Pesuvahendite ekspert\",\"url\":\"https:\/\/lavanno.com\/en\/\",\"logo\":{\"@type\":\"ImageObject\",\"inLanguage\":\"en-US\",\"@id\":\"https:\/\/lavanno.com\/en\/#\/schema\/logo\/image\/\",\"url\":\"https:\/\/lavanno.com\/wp-content\/uploads\/2025\/07\/Lavanno.png\",\"contentUrl\":\"https:\/\/lavanno.com\/wp-content\/uploads\/2025\/07\/Lavanno.png\",\"width\":1200,\"height\":1200,\"caption\":\"Lavanno - Pesuvahendite ekspert\"},\"image\":{\"@id\":\"https:\/\/lavanno.com\/en\/#\/schema\/logo\/image\/\"},\"sameAs\":[\"https:\/\/www.facebook.com\/Lavanno.ee\"]}]}<\/script>\n<!-- \/ Yoast SEO plugin. -->","yoast_head_json":{"title":"Vesinikperoksiidi lahus 35% Acqua Ossigenata 20kg (Desinfitseerija, Valgendusaine) - Lavanno - pesuvahendite ekspert","description":"Hapnikup\u00f5hine valgendusaine tugevalt m\u00e4\u00e4rdunud tekstiilidele \u2013 sobib lauapesu ja t\u00f6\u00f6riiete t\u00f5husaks valgendamiseks pesus.","robots":{"index":"index","follow":"follow","max-snippet":"max-snippet:-1","max-image-preview":"max-image-preview:large","max-video-preview":"max-video-preview:-1"},"canonical":"https:\/\/lavanno.com\/en\/toode\/acqua-ossigenata-valgendaja-20kg\/","og_locale":"en_US","og_type":"article","og_title":"Vesinikperoksiidi lahus 35% Acqua Ossigenata 20kg (Desinfitseerija, Valgendusaine) - Lavanno - pesuvahendite ekspert","og_description":"Hapnikup\u00f5hine valgendusaine tugevalt m\u00e4\u00e4rdunud tekstiilidele \u2013 sobib lauapesu ja t\u00f6\u00f6riiete t\u00f5husaks valgendamiseks pesus.","og_url":"https:\/\/lavanno.com\/en\/toode\/acqua-ossigenata-valgendaja-20kg\/","og_site_name":"Lavanno - pesuvahendite ekspert","article_publisher":"https:\/\/www.facebook.com\/Lavanno.ee","article_modified_time":"2026-05-02T05:40:01+00:00","og_image":[{"width":800,"height":800,"url":"https:\/\/lavanno.com\/wp-content\/uploads\/2025\/11\/a30-000nacquaossigenata_20kg-1.png","type":"image\/png"}],"twitter_card":"summary_large_image","twitter_misc":{"Est. reading time":"1 minute"},"schema":{"@context":"https:\/\/schema.org","@graph":[{"@type":"WebPage","@id":"https:\/\/lavanno.com\/en\/toode\/acqua-ossigenata-valgendaja-20kg\/","url":"https:\/\/lavanno.com\/en\/toode\/acqua-ossigenata-valgendaja-20kg\/","name":"Vesinikperoksiidi lahus 35% Acqua Ossigenata 20kg (Desinfitseerija, Valgendusaine) - Lavanno - pesuvahendite ekspert","isPartOf":{"@id":"https:\/\/lavanno.com\/en\/#website"},"primaryImageOfPage":{"@id":"https:\/\/lavanno.com\/en\/toode\/acqua-ossigenata-valgendaja-20kg\/#primaryimage"},"image":{"@id":"https:\/\/lavanno.com\/en\/toode\/acqua-ossigenata-valgendaja-20kg\/#primaryimage"},"thumbnailUrl":"https:\/\/lavanno.com\/wp-content\/uploads\/2025\/11\/a30-000nacquaossigenata_20kg-1.png","datePublished":"2025-10-22T16:40:02+00:00","dateModified":"2026-05-02T05:40:01+00:00","description":"Hapnikup\u00f5hine valgendusaine tugevalt m\u00e4\u00e4rdunud tekstiilidele \u2013 sobib lauapesu ja t\u00f6\u00f6riiete t\u00f5husaks valgendamiseks pesus.","breadcrumb":{"@id":"https:\/\/lavanno.com\/en\/toode\/acqua-ossigenata-valgendaja-20kg\/#breadcrumb"},"inLanguage":"en-US","potentialAction":[{"@type":"ReadAction","target":["https:\/\/lavanno.com\/en\/toode\/acqua-ossigenata-valgendaja-20kg\/"]}]},{"@type":"ImageObject","inLanguage":"en-US","@id":"https:\/\/lavanno.com\/en\/toode\/acqua-ossigenata-valgendaja-20kg\/#primaryimage","url":"https:\/\/lavanno.com\/wp-content\/uploads\/2025\/11\/a30-000nacquaossigenata_20kg-1.png","contentUrl":"https:\/\/lavanno.com\/wp-content\/uploads\/2025\/11\/a30-000nacquaossigenata_20kg-1.png","width":800,"height":800},{"@type":"BreadcrumbList","@id":"https:\/\/lavanno.com\/en\/toode\/acqua-ossigenata-valgendaja-20kg\/#breadcrumb","itemListElement":[{"@type":"ListItem","position":1,"name":"Home","item":"https:\/\/lavanno.com\/en\/"},{"@type":"ListItem","position":2,"name":"E-pood","item":"https:\/\/lavanno.com\/e-pood\/"},{"@type":"ListItem","position":3,"name":"Vesinikperoksiidi lahus 35% Acqua Ossigenata 20kg (Desinfitseerija, Valgendusaine)"}]},{"@type":"WebSite","@id":"https:\/\/lavanno.com\/en\/#website","url":"https:\/\/lavanno.com\/en\/","name":"Lavanno - Pesuvahendite ekspert","description":"Toome maale ja m\u00fc\u00fcme tekstiili pesuvahendeid, pesumajaseadmeid ja tarvikuid. Hooldame ja konsulteerime.","publisher":{"@id":"https:\/\/lavanno.com\/en\/#organization"},"potentialAction":[{"@type":"SearchAction","target":{"@type":"EntryPoint","urlTemplate":"https:\/\/lavanno.com\/en\/?s={search_term_string}"},"query-input":{"@type":"PropertyValueSpecification","valueRequired":true,"valueName":"search_term_string"}}],"inLanguage":"en-US"},{"@type":"Organization","@id":"https:\/\/lavanno.com\/en\/#organization","name":"Lavanno - Pesuvahendite ekspert","url":"https:\/\/lavanno.com\/en\/","logo":{"@type":"ImageObject","inLanguage":"en-US","@id":"https:\/\/lavanno.com\/en\/#\/schema\/logo\/image\/","url":"https:\/\/lavanno.com\/wp-content\/uploads\/2025\/07\/Lavanno.png","contentUrl":"https:\/\/lavanno.com\/wp-content\/uploads\/2025\/07\/Lavanno.png","width":1200,"height":1200,"caption":"Lavanno - Pesuvahendite ekspert"},"image":{"@id":"https:\/\/lavanno.com\/en\/#\/schema\/logo\/image\/"},"sameAs":["https:\/\/www.facebook.com\/Lavanno.ee"]}]}},"_links":{"self":[{"href":"https:\/\/lavanno.com\/en\/wp-json\/wp\/v2\/product\/12118","targetHints":{"allow":["GET"]}}],"collection":[{"href":"https:\/\/lavanno.com\/en\/wp-json\/wp\/v2\/product"}],"about":[{"href":"https:\/\/lavanno.com\/en\/wp-json\/wp\/v2\/types\/product"}],"replies":[{"embeddable":true,"href":"https:\/\/lavanno.com\/en\/wp-json\/wp\/v2\/comments?post=12118"}],"wp:featuredmedia":[{"embeddable":true,"href":"https:\/\/lavanno.com\/en\/wp-json\/wp\/v2\/media\/12568"}],"wp:attachment":[{"href":"https:\/\/lavanno.com\/en\/wp-json\/wp\/v2\/media?parent=12118"}],"wp:term":[{"taxonomy":"product_brand","embeddable":true,"href":"https:\/\/lavanno.com\/en\/wp-json\/wp\/v2\/product_brand?post=12118"},{"taxonomy":"product_cat","embeddable":true,"href":"https:\/\/lavanno.com\/en\/wp-json\/wp\/v2\/product_cat?post=12118"},{"taxonomy":"product_tag","embeddable":true,"href":"https:\/\/lavanno.com\/en\/wp-json\/wp\/v2\/product_tag?post=12118"}],"curies":[{"name":"wp","href":"https:\/\/api.w.org\/{rel}","templated":true}]}}