{"id":12119,"date":"2025-10-22T19:40:02","date_gmt":"2025-10-22T16:40:02","guid":{"rendered":"https:\/\/lavanno.com\/toode\/bowe-multisolvent-m21-wideline-keemilise-puhastuse-masin-21kg-2\/"},"modified":"2026-02-03T11:40:04","modified_gmt":"2026-02-03T09:40:04","slug":"bowe-multisolvent-m21-wideline-keemilise-puhastuse-masin-21kg-2","status":"publish","type":"product","link":"https:\/\/lavanno.com\/en\/toode\/bowe-multisolvent-m21-wideline-keemilise-puhastuse-masin-21kg-2\/","title":{"rendered":"B\u00d6WE Multisolvent M21 Wideline keemilise puhastuse masin 21kg"},"content":{"rendered":"<p><strong>Multilahusti tehnoloogia \u2013 tulevikukindel investeering<\/strong><\/p>\n<p>B\u00d6WE Multisolvent M21 professionaalne keemilise puhastuse masin ei tee vahet s\u00fcsivesiniklahustite (hydrocarbon) ja teiste alternatiivsete lahustite vahel. Masin sobib A-klassi III kloorivabadele lahustitele, mille s\u00fcttimispunkt on \u00fcle 55 \u00b0C ja mis on veest kergemad, n\u00e4iteks Hydrocarbon (HC) v\u00f5i siloksaan (nt GreenEarth\u00ae).<\/p>\n<p>Valitud lahusti protsesse ja funktsioone saab muuta lihtsalt tarkvara uuendamise kaudu, ilma mehaaniliste \u00fcmberehitusteta. See tagab, et Teie investeering on paindlik, tulevikukindel ja pika kasutuseaga.<\/p>\n<p><strong>Tipptasemel puhastuskvaliteet<\/strong><\/p>\n<p>B\u00d6WE Multisolvent masinad on loodud pakkuma maksimaalset puhastustulemust ja kangas\u00f5bralikkust. T\u00e4iustatud tehnoloogiline protsess tagab optimaalse t\u00f6\u00f6 k\u00f5ikide toetatud lahustitega. Erilise t\u00e4helepanu all on ka biolagunevate lahustite l\u00f5hnakontroll, mille on B\u00d6WE edukalt lahendanud.<\/p>\n<p>Masin on varustatud fraktsionaalse destillatsiooniga ja automaatse mitmeastmelise vee-eraldajaga, mis tagavad madala keemispunktiga vedelike efektiivse eraldumise ilma ebameeldivate l\u00f5hnade tekketa. Need s\u00fcsteemid kuuluvad standardvarustusse.<\/p>\n<p><strong>Mitmeotstarbeline disain<\/strong><\/p>\n<p>B\u00d6WE Multisolvent M21 on saadaval WideLine versioonis \u2013 destillatsiooniseade paikneb masina k\u00fcljel.<\/p>\n<p><strong>V\u00f5imas kuivatuss\u00fcsteem<\/strong><\/p>\n<p>B\u00d6WE 6. p\u00f5lvkonna kuivatuss\u00fcsteem koos aerod\u00fcnaamilise taastumis\u00fcksusega tagab:<\/p>\n<ul>\n<li>l\u00fchemad ts\u00fckliajad<\/li>\n<li>suurep\u00e4rase kuivatustulemuse<\/li>\n<li>pehmema kanga tunnetuse ja lihtsama triikimise<\/li>\n<li>\u00f5rn kuivatamine parandab n\u00e4htavalt ka puhastustulemust<\/li>\n<\/ul>\n<p><strong>Lihtne hooldus ja t\u00f6\u00f6kindlus<\/strong><\/p>\n<ul>\n<li>suured ja spetsiaalsed kangakiu filtrid, pikendatud hooldusintervallidega<\/li>\n<li>isepuhastuvad lahustivaadid ja vee-eraldaja<\/li>\n<li>\u00f6konoomne v\u00e4ljat\u00f5mbe filter (Spetsiaalsed B\u00d6WE filtrikettad)<\/li>\n<li>vajadusel lisatav teine filter<\/li>\n<\/ul>\n<p>Masin on varustatud IHS \u2013 interaktiivse hoolduss\u00fcsteemiga, mis:<\/p>\n<ul>\n<li>teostab automaatseid hooldusprogramme<\/li>\n<li>annab m\u00e4rku hooldusvajadusest<\/li>\n<li>v\u00f5imaldab hooldusts\u00fcklite l\u00e4biviimist ilma k\u00e4sitsi sekkumiseta, s\u00e4ilitades samas t\u00e4ieliku kasutajapoolse kontrolli<\/li>\n<\/ul>\n<p><strong>Suure-v\u0151imsusega Confo Tronic PL<\/strong><\/p>\n<p>Confo Tronic pakub laias valikus v\u00f5imalusi individuaalseteks kohandusteks erinevate \u00fclesannete jaoks ning garanteerib turvalise, efektiivse ja mitmek\u00fclgse masina t\u00f6\u00f6. Juhtimist saab lihtsalt uuendada standard MMC v\u00f5i SD kaarti lugedes.<\/p>\n<p><strong>Kiirusmuutmisseade ja ETS (Elektrooniline Tasakaalustamise S\u00fcsteem)<\/strong><\/p>\n<p>Multilahusti masinatel oleme suurendanud tsentrifuugkiirust. Tsentrifuugimine toimub standartselt kuni 600 rpm. B\u00d6WE Multilahustite standardvarustuses on kiirusmuutmisseade ja elektrooniline tasakaalustamisseade, seega v\u00e4lditakse ebatasasusi tsentrifuugimise ajal elektrooniliselt. Isegi suure pesukoguse korral toimub tsentrifuugimine sujuvalt. Kiirusmuutmisseade oma tohutute kiirusvalikutega ja pakub sujuvat puhastusts\u00fcklit, mida saab individuaalselt vastavalt kangat\u00fc\u00fcbile seadistada.<\/p>\n<div class=\"ce_text block\">\n<p><strong>Ohutus<\/strong><\/p>\n<p>Selleks, et tagada ohutus potensiaalselt s\u00fcttimisohtlike hydrocarbon lahustite korral, on k\u00f5igisse B\u00d6WE Multilahusti masinatesse kavandatud s\u00f5ltumatu ohutuse korraldus. Need ohutusseadmed garanteerivad 100% -lise ohutuse isegi ebasoodsate olude kokkulangemisel.<\/p>\n<p><strong>S\u00fcsteem<\/strong><\/p>\n<ul>\n<li>kinnine Dry to Dry s\u00fcsteem<\/li>\n<li>3 isepuhastuvat lahustivaati, uue vaadi v\u00e4ljundiga<\/li>\n<li>\u00fcmara kujuga destillatsioon j\u00e4rkj\u00e4rguliseks mitmeetapiliseks destillatsiooniks, loputuseks, koos valguse ja \u00fclet\u00e4itumise takistajaga<\/li>\n<li>k\u00fclmutusseade spiraalkompressori ja soojustagastusega<\/li>\n<\/ul>\n<p><strong>S\u00fcsteemi omadused:<\/strong><\/p>\n<ul>\n<li>Regenereerimise \u00fcksus tehtud roostevabast terasest optimeeritud vooluga aerod\u00fcnaamiline disain ja puhastamise avaus.<\/li>\n<li>Destillatsioon, j\u00e4menev toru, aurukamber ja spetsiaalsest roostevabast terasest suur kondensaator (AISI 316 Titaaniumist)<\/li>\n<li>SuperDry PDS+, kuivatusaja kontrollimise mahum\u00f5\u00f5dik<\/li>\n<li>Patenteeritud d\u00fcnaamiline trumli augustuss\u00fcsteem<\/li>\n<li>N\u00f6\u00f6bikoguja tehtud roostevabast terasest ja suur kiudfilter kombineeritud \u00fches hooldusavas.<\/li>\n<li>\u00d5rn kuivatamine ja maha-jahutamine l\u00e4bi jahutusventiilide.<\/li>\n<li>Isepuhastuv \u00fcmara kujuga roostevabast terasest veeeraldaja.<\/li>\n<li>Manomeeter k\u00fclmutusseadmel<\/li>\n<li>L\u00f6\u00f6kpump pesuainetele<\/li>\n<li>Lahusti tasemeandur, madalale ja k\u00f5rgele tasemele<\/li>\n<li>Jahutusvee kontroll destillatsioonil ja kuivatusel<\/li>\n<li>Kolme k\u00fcljeline valge \u00fcmbris kate<\/li>\n<li>Vitoni tihendid ja klapid<\/li>\n<\/ul>\n<p><strong>Ohutusomadused<\/strong><\/p>\n<ul>\n<li>Lahusti ohutusk\u00fcna<\/li>\n<li>Ohutusk\u00fcnal aluskatte r\u00f6\u00f6bas<\/li>\n<li>Temperatuuri ohutusl\u00fcliti<\/li>\n<li>Ohutuslukk laadimisuksel<\/li>\n<li>L\u00fcliti n\u00f6\u00f6bikogujal ja destillatsiooni hooldusuksel.<\/li>\n<li>Jahutusvee piisavuse kontroll<\/li>\n<li>Ei vaja l\u00e4mmastikballooni<\/li>\n<\/ul>\n<p><strong>Elektri \u00fchendus<\/strong><\/p>\n<ul>\n<li>400V\/3\/50Hz(CE)<\/li>\n<\/ul>\n<p><strong>Garantii<\/strong><\/p>\n<ul>\n<li>5 aastat (v\u00e4ljaarvatud kuluosad)<\/li>\n<li>8 aastat kondensaatoril ja klappidel<\/li>\n<\/ul>\n<\/div>\n<p><strong>M\u00d5\u00d5DUD:<\/strong><\/p>\n<p>Laius &#8211; 2200 mm<\/p>\n<p>S\u00fcgavus &#8211; 1500 mm<\/p>\n<p>K\u00f5rgus ( s\u00f5ltuvalt konfiguratsioonist) &#8211; 2180 \/ 2340 mm<\/p>\n<p>Masina kaal &#8211; 2025 kg<\/p>\n<p>Trumli suurus &#8211; 420 L<\/p>\n<p>&nbsp;<\/p>\n","protected":false},"excerpt":{"rendered":"<p>K\u00f5rgtasemeline keemilise puhastuse masin, mis kuulub B\u00d6WE PremiumLine MULTISOLVENT\u00ae masinate sarja ning on loodud professionaalsetele pesumajadele ja puhastusettev\u00f5tetele.<\/p>\n<p>T\u00e4nu mitmelahusti tehnoloogiale saab masinat kasutada erinevate kaasaegsete lahustitega ilma mehaaniliste \u00fcmberehitusteta \u2013 seadistused tehakse tarkvara kaudu.<\/p>\n<p>Seade tagab t\u00f5husa, \u00f5rna ja energias\u00e4\u00e4stliku puhastuse, v\u00e4hendades ts\u00fckliaegu ja pakkudes k\u00f5rget kuivatuskvaliteeti ka tundlikel tekstiilidel.<\/p>\n<ul>\n<li>Mitmelahusti s\u00fcsteem (tarkvarap\u00f5hine seadistus)<\/li>\n<li>M\u00f5eldud intensiivseks kasutuseks<\/li>\n<li>Saadaval nii auru- kui ka elektrik\u00fcttega<\/li>\n<\/ul>\n","protected":false},"featured_media":12967,"comment_status":"open","ping_status":"closed","template":"","meta":[],"product_brand":[],"product_cat":[853],"product_tag":[835],"class_list":{"0":"post-12119","1":"product","2":"type-product","3":"status-publish","4":"has-post-thumbnail","6":"product_cat-bowe","7":"product_tag-pesumajad","9":"first","10":"outofstock","11":"taxable","12":"shipping-taxable","13":"purchasable","14":"product-type-simple"},"yoast_head":"<!-- This site is optimized with the Yoast SEO plugin v27.0 - https:\/\/yoast.com\/product\/yoast-seo-wordpress\/ -->\n<title>B\u00d6WE Multisolvent M21 Wideline keemilise puhastuse masin 21kg - Lavanno - pesuvahendite ekspert<\/title>\n<meta name=\"description\" content=\"B\u00d6WE Multisolvent M21 on professionaalne multilahusti keemilise puhastuse masin, mis tagab paindliku lahustikasutuse ja k\u00f5rge puhastuskvaliteedi.\" \/>\n<meta name=\"robots\" content=\"index, follow, max-snippet:-1, max-image-preview:large, max-video-preview:-1\" \/>\n<link rel=\"canonical\" href=\"https:\/\/lavanno.com\/en\/toode\/bowe-multisolvent-m21-wideline-keemilise-puhastuse-masin-21kg-2\/\" \/>\n<meta property=\"og:locale\" content=\"en_US\" \/>\n<meta property=\"og:type\" content=\"article\" \/>\n<meta property=\"og:title\" content=\"B\u00d6WE Multisolvent M21 Wideline keemilise puhastuse masin 21kg - Lavanno - pesuvahendite ekspert\" \/>\n<meta property=\"og:description\" content=\"B\u00d6WE Multisolvent M21 on professionaalne multilahusti keemilise puhastuse masin, mis tagab paindliku lahustikasutuse ja k\u00f5rge puhastuskvaliteedi.\" \/>\n<meta property=\"og:url\" content=\"https:\/\/lavanno.com\/en\/toode\/bowe-multisolvent-m21-wideline-keemilise-puhastuse-masin-21kg-2\/\" \/>\n<meta property=\"og:site_name\" content=\"Lavanno - pesuvahendite ekspert\" \/>\n<meta property=\"article:publisher\" content=\"https:\/\/www.facebook.com\/Lavanno.ee\" \/>\n<meta property=\"article:modified_time\" content=\"2026-02-03T09:40:04+00:00\" \/>\n<meta property=\"og:image\" content=\"https:\/\/lavanno.com\/wp-content\/uploads\/2025\/10\/10_boewe_m30_frontal_1.jpg\" \/>\n\t<meta property=\"og:image:width\" content=\"699\" \/>\n\t<meta property=\"og:image:height\" content=\"647\" \/>\n\t<meta property=\"og:image:type\" content=\"image\/jpeg\" \/>\n<meta name=\"twitter:card\" content=\"summary_large_image\" \/>\n<meta name=\"twitter:label1\" content=\"Est. reading time\" \/>\n\t<meta name=\"twitter:data1\" content=\"3 minutes\" \/>\n<script type=\"application\/ld+json\" class=\"yoast-schema-graph\">{\"@context\":\"https:\/\/schema.org\",\"@graph\":[{\"@type\":\"WebPage\",\"@id\":\"https:\/\/lavanno.com\/en\/toode\/bowe-multisolvent-m21-wideline-keemilise-puhastuse-masin-21kg-2\/\",\"url\":\"https:\/\/lavanno.com\/en\/toode\/bowe-multisolvent-m21-wideline-keemilise-puhastuse-masin-21kg-2\/\",\"name\":\"B\u00d6WE Multisolvent M21 Wideline keemilise puhastuse masin 21kg - Lavanno - pesuvahendite ekspert\",\"isPartOf\":{\"@id\":\"https:\/\/lavanno.com\/en\/#website\"},\"primaryImageOfPage\":{\"@id\":\"https:\/\/lavanno.com\/en\/toode\/bowe-multisolvent-m21-wideline-keemilise-puhastuse-masin-21kg-2\/#primaryimage\"},\"image\":{\"@id\":\"https:\/\/lavanno.com\/en\/toode\/bowe-multisolvent-m21-wideline-keemilise-puhastuse-masin-21kg-2\/#primaryimage\"},\"thumbnailUrl\":\"https:\/\/lavanno.com\/wp-content\/uploads\/2025\/10\/10_boewe_m30_frontal_1.jpg\",\"datePublished\":\"2025-10-22T16:40:02+00:00\",\"dateModified\":\"2026-02-03T09:40:04+00:00\",\"description\":\"B\u00d6WE Multisolvent M21 on professionaalne multilahusti keemilise puhastuse masin, mis tagab paindliku lahustikasutuse ja k\u00f5rge puhastuskvaliteedi.\",\"breadcrumb\":{\"@id\":\"https:\/\/lavanno.com\/en\/toode\/bowe-multisolvent-m21-wideline-keemilise-puhastuse-masin-21kg-2\/#breadcrumb\"},\"inLanguage\":\"en-US\",\"potentialAction\":[{\"@type\":\"ReadAction\",\"target\":[\"https:\/\/lavanno.com\/en\/toode\/bowe-multisolvent-m21-wideline-keemilise-puhastuse-masin-21kg-2\/\"]}]},{\"@type\":\"ImageObject\",\"inLanguage\":\"en-US\",\"@id\":\"https:\/\/lavanno.com\/en\/toode\/bowe-multisolvent-m21-wideline-keemilise-puhastuse-masin-21kg-2\/#primaryimage\",\"url\":\"https:\/\/lavanno.com\/wp-content\/uploads\/2025\/10\/10_boewe_m30_frontal_1.jpg\",\"contentUrl\":\"https:\/\/lavanno.com\/wp-content\/uploads\/2025\/10\/10_boewe_m30_frontal_1.jpg\",\"width\":699,\"height\":647,\"caption\":\"boewe_m30_frontal\"},{\"@type\":\"BreadcrumbList\",\"@id\":\"https:\/\/lavanno.com\/en\/toode\/bowe-multisolvent-m21-wideline-keemilise-puhastuse-masin-21kg-2\/#breadcrumb\",\"itemListElement\":[{\"@type\":\"ListItem\",\"position\":1,\"name\":\"Home\",\"item\":\"https:\/\/lavanno.com\/en\/\"},{\"@type\":\"ListItem\",\"position\":2,\"name\":\"E-pood\",\"item\":\"https:\/\/lavanno.com\/e-pood\/\"},{\"@type\":\"ListItem\",\"position\":3,\"name\":\"B\u00d6WE Multisolvent M21 Wideline keemilise puhastuse masin 21kg\"}]},{\"@type\":\"WebSite\",\"@id\":\"https:\/\/lavanno.com\/en\/#website\",\"url\":\"https:\/\/lavanno.com\/en\/\",\"name\":\"Lavanno - Pesuvahendite ekspert\",\"description\":\"Toome maale ja m\u00fc\u00fcme tekstiili pesuvahendeid, pesumajaseadmeid ja tarvikuid. Hooldame ja konsulteerime.\",\"publisher\":{\"@id\":\"https:\/\/lavanno.com\/en\/#organization\"},\"potentialAction\":[{\"@type\":\"SearchAction\",\"target\":{\"@type\":\"EntryPoint\",\"urlTemplate\":\"https:\/\/lavanno.com\/en\/?s={search_term_string}\"},\"query-input\":{\"@type\":\"PropertyValueSpecification\",\"valueRequired\":true,\"valueName\":\"search_term_string\"}}],\"inLanguage\":\"en-US\"},{\"@type\":\"Organization\",\"@id\":\"https:\/\/lavanno.com\/en\/#organization\",\"name\":\"Lavanno - Pesuvahendite ekspert\",\"url\":\"https:\/\/lavanno.com\/en\/\",\"logo\":{\"@type\":\"ImageObject\",\"inLanguage\":\"en-US\",\"@id\":\"https:\/\/lavanno.com\/en\/#\/schema\/logo\/image\/\",\"url\":\"https:\/\/lavanno.com\/wp-content\/uploads\/2025\/07\/Lavanno.png\",\"contentUrl\":\"https:\/\/lavanno.com\/wp-content\/uploads\/2025\/07\/Lavanno.png\",\"width\":1200,\"height\":1200,\"caption\":\"Lavanno - Pesuvahendite ekspert\"},\"image\":{\"@id\":\"https:\/\/lavanno.com\/en\/#\/schema\/logo\/image\/\"},\"sameAs\":[\"https:\/\/www.facebook.com\/Lavanno.ee\"]}]}<\/script>\n<!-- \/ Yoast SEO plugin. -->","yoast_head_json":{"title":"B\u00d6WE Multisolvent M21 Wideline keemilise puhastuse masin 21kg - Lavanno - pesuvahendite ekspert","description":"B\u00d6WE Multisolvent M21 on professionaalne multilahusti keemilise puhastuse masin, mis tagab paindliku lahustikasutuse ja k\u00f5rge puhastuskvaliteedi.","robots":{"index":"index","follow":"follow","max-snippet":"max-snippet:-1","max-image-preview":"max-image-preview:large","max-video-preview":"max-video-preview:-1"},"canonical":"https:\/\/lavanno.com\/en\/toode\/bowe-multisolvent-m21-wideline-keemilise-puhastuse-masin-21kg-2\/","og_locale":"en_US","og_type":"article","og_title":"B\u00d6WE Multisolvent M21 Wideline keemilise puhastuse masin 21kg - Lavanno - pesuvahendite ekspert","og_description":"B\u00d6WE Multisolvent M21 on professionaalne multilahusti keemilise puhastuse masin, mis tagab paindliku lahustikasutuse ja k\u00f5rge puhastuskvaliteedi.","og_url":"https:\/\/lavanno.com\/en\/toode\/bowe-multisolvent-m21-wideline-keemilise-puhastuse-masin-21kg-2\/","og_site_name":"Lavanno - pesuvahendite ekspert","article_publisher":"https:\/\/www.facebook.com\/Lavanno.ee","article_modified_time":"2026-02-03T09:40:04+00:00","og_image":[{"width":699,"height":647,"url":"https:\/\/lavanno.com\/wp-content\/uploads\/2025\/10\/10_boewe_m30_frontal_1.jpg","type":"image\/jpeg"}],"twitter_card":"summary_large_image","twitter_misc":{"Est. reading time":"3 minutes"},"schema":{"@context":"https:\/\/schema.org","@graph":[{"@type":"WebPage","@id":"https:\/\/lavanno.com\/en\/toode\/bowe-multisolvent-m21-wideline-keemilise-puhastuse-masin-21kg-2\/","url":"https:\/\/lavanno.com\/en\/toode\/bowe-multisolvent-m21-wideline-keemilise-puhastuse-masin-21kg-2\/","name":"B\u00d6WE Multisolvent M21 Wideline keemilise puhastuse masin 21kg - Lavanno - pesuvahendite ekspert","isPartOf":{"@id":"https:\/\/lavanno.com\/en\/#website"},"primaryImageOfPage":{"@id":"https:\/\/lavanno.com\/en\/toode\/bowe-multisolvent-m21-wideline-keemilise-puhastuse-masin-21kg-2\/#primaryimage"},"image":{"@id":"https:\/\/lavanno.com\/en\/toode\/bowe-multisolvent-m21-wideline-keemilise-puhastuse-masin-21kg-2\/#primaryimage"},"thumbnailUrl":"https:\/\/lavanno.com\/wp-content\/uploads\/2025\/10\/10_boewe_m30_frontal_1.jpg","datePublished":"2025-10-22T16:40:02+00:00","dateModified":"2026-02-03T09:40:04+00:00","description":"B\u00d6WE Multisolvent M21 on professionaalne multilahusti keemilise puhastuse masin, mis tagab paindliku lahustikasutuse ja k\u00f5rge puhastuskvaliteedi.","breadcrumb":{"@id":"https:\/\/lavanno.com\/en\/toode\/bowe-multisolvent-m21-wideline-keemilise-puhastuse-masin-21kg-2\/#breadcrumb"},"inLanguage":"en-US","potentialAction":[{"@type":"ReadAction","target":["https:\/\/lavanno.com\/en\/toode\/bowe-multisolvent-m21-wideline-keemilise-puhastuse-masin-21kg-2\/"]}]},{"@type":"ImageObject","inLanguage":"en-US","@id":"https:\/\/lavanno.com\/en\/toode\/bowe-multisolvent-m21-wideline-keemilise-puhastuse-masin-21kg-2\/#primaryimage","url":"https:\/\/lavanno.com\/wp-content\/uploads\/2025\/10\/10_boewe_m30_frontal_1.jpg","contentUrl":"https:\/\/lavanno.com\/wp-content\/uploads\/2025\/10\/10_boewe_m30_frontal_1.jpg","width":699,"height":647,"caption":"boewe_m30_frontal"},{"@type":"BreadcrumbList","@id":"https:\/\/lavanno.com\/en\/toode\/bowe-multisolvent-m21-wideline-keemilise-puhastuse-masin-21kg-2\/#breadcrumb","itemListElement":[{"@type":"ListItem","position":1,"name":"Home","item":"https:\/\/lavanno.com\/en\/"},{"@type":"ListItem","position":2,"name":"E-pood","item":"https:\/\/lavanno.com\/e-pood\/"},{"@type":"ListItem","position":3,"name":"B\u00d6WE Multisolvent M21 Wideline keemilise puhastuse masin 21kg"}]},{"@type":"WebSite","@id":"https:\/\/lavanno.com\/en\/#website","url":"https:\/\/lavanno.com\/en\/","name":"Lavanno - Pesuvahendite ekspert","description":"Toome maale ja m\u00fc\u00fcme tekstiili pesuvahendeid, pesumajaseadmeid ja tarvikuid. Hooldame ja konsulteerime.","publisher":{"@id":"https:\/\/lavanno.com\/en\/#organization"},"potentialAction":[{"@type":"SearchAction","target":{"@type":"EntryPoint","urlTemplate":"https:\/\/lavanno.com\/en\/?s={search_term_string}"},"query-input":{"@type":"PropertyValueSpecification","valueRequired":true,"valueName":"search_term_string"}}],"inLanguage":"en-US"},{"@type":"Organization","@id":"https:\/\/lavanno.com\/en\/#organization","name":"Lavanno - Pesuvahendite ekspert","url":"https:\/\/lavanno.com\/en\/","logo":{"@type":"ImageObject","inLanguage":"en-US","@id":"https:\/\/lavanno.com\/en\/#\/schema\/logo\/image\/","url":"https:\/\/lavanno.com\/wp-content\/uploads\/2025\/07\/Lavanno.png","contentUrl":"https:\/\/lavanno.com\/wp-content\/uploads\/2025\/07\/Lavanno.png","width":1200,"height":1200,"caption":"Lavanno - Pesuvahendite ekspert"},"image":{"@id":"https:\/\/lavanno.com\/en\/#\/schema\/logo\/image\/"},"sameAs":["https:\/\/www.facebook.com\/Lavanno.ee"]}]}},"_links":{"self":[{"href":"https:\/\/lavanno.com\/en\/wp-json\/wp\/v2\/product\/12119","targetHints":{"allow":["GET"]}}],"collection":[{"href":"https:\/\/lavanno.com\/en\/wp-json\/wp\/v2\/product"}],"about":[{"href":"https:\/\/lavanno.com\/en\/wp-json\/wp\/v2\/types\/product"}],"replies":[{"embeddable":true,"href":"https:\/\/lavanno.com\/en\/wp-json\/wp\/v2\/comments?post=12119"}],"wp:featuredmedia":[{"embeddable":true,"href":"https:\/\/lavanno.com\/en\/wp-json\/wp\/v2\/media\/12967"}],"wp:attachment":[{"href":"https:\/\/lavanno.com\/en\/wp-json\/wp\/v2\/media?parent=12119"}],"wp:term":[{"taxonomy":"product_brand","embeddable":true,"href":"https:\/\/lavanno.com\/en\/wp-json\/wp\/v2\/product_brand?post=12119"},{"taxonomy":"product_cat","embeddable":true,"href":"https:\/\/lavanno.com\/en\/wp-json\/wp\/v2\/product_cat?post=12119"},{"taxonomy":"product_tag","embeddable":true,"href":"https:\/\/lavanno.com\/en\/wp-json\/wp\/v2\/product_tag?post=12119"}],"curies":[{"name":"wp","href":"https:\/\/api.w.org\/{rel}","templated":true}]}}