{"id":12125,"date":"2025-10-22T19:45:01","date_gmt":"2025-10-22T16:45:01","guid":{"rendered":"https:\/\/lavanno.com\/toode\/certitex-parfum-free-400ml-desinfitseerimisvahend-tekstiilile\/"},"modified":"2026-05-02T08:40:01","modified_gmt":"2026-05-02T05:40:01","slug":"certitex-parfum-free-400ml-desinfitseerimisvahend-tekstiilile","status":"publish","type":"product","link":"https:\/\/lavanno.com\/en\/toode\/certitex-parfum-free-400ml-desinfitseerimisvahend-tekstiilile\/","title":{"rendered":"CERTITEX Parfum Free 400ml &#8211; desinfitseerimisvahend tekstiilile"},"content":{"rendered":"<p><a href=\"https:\/\/lavanno.com\/wp-content\/uploads\/2021\/05\/A71-100CertiTEX_Spray_igienizzanteRel2ENSDS.pdf\">Safety Data Sheet<\/a><a href=\"https:\/\/lavanno.com\/wp-content\/uploads\/2021\/05\/A71-100Certitex_sprayRel3ENTEC.pdf\">Technical Data Sheet<\/a><\/p>\n","protected":false},"excerpt":{"rendered":"<p>Kangastele ja pindadele m\u00f5eldud h\u00fcgieenilisust tagav l\u00f5hnatu sprei.<\/p>\n<p>Selle toote eelised:<br \/>\nPuhastamine ja h\u00fcgieenilisus \u00fcheainsa tootega.<br \/>\nL\u00f5hnatu, sobib ideaalselt kasutamiseks r\u00f5ivapoodides. V\u00f5ib kasutada klientide poolt proovitud r\u00f5ivaste ja jalatsite h\u00fcgieenilisuse taastamiseks.<br \/>\nVedel koostis, millest \u00fcle 80% moodustab alkohol (v.a. pakendigaas).<br \/>\nKangaste ja pindade h\u00fcgieenilisus.<br \/>\nKaks toimeainet tagavad p\u00f5hjaliku ja kauakestva h\u00fcgieenilisuse.<br \/>\nK\u00f5vadel pindadel kasutamise korral pole loputamine vajalik.<br \/>\nNeutraalne, l\u00f5hnatu.<\/p>\n","protected":false},"featured_media":12399,"comment_status":"open","ping_status":"closed","template":"","meta":[],"product_brand":[],"product_cat":[506,552,524,574,575],"product_tag":[],"class_list":{"0":"post-12125","1":"product","2":"type-product","3":"status-publish","4":"has-post-thumbnail","6":"product_cat-ariklient","7":"product_cat-aripindade-hooldus","8":"product_cat-mitmesugused-tooted","9":"product_cat-pihustite-sari","10":"product_cat-muud-pihustid-pihustite-sari-ariklient","12":"first","13":"instock","14":"taxable","15":"shipping-taxable","16":"purchasable","17":"product-type-simple"},"yoast_head":"<!-- This site is optimized with the Yoast SEO plugin v27.0 - https:\/\/yoast.com\/product\/yoast-seo-wordpress\/ -->\n<title>CERTITEX Parfum Free 400ml - desinfitseerimisvahend tekstiilile - Lavanno - pesuvahendite ekspert<\/title>\n<meta name=\"robots\" content=\"index, follow, max-snippet:-1, max-image-preview:large, max-video-preview:-1\" \/>\n<link rel=\"canonical\" href=\"https:\/\/lavanno.com\/en\/toode\/certitex-parfum-free-400ml-desinfitseerimisvahend-tekstiilile\/\" \/>\n<meta property=\"og:locale\" content=\"en_US\" \/>\n<meta property=\"og:type\" content=\"article\" \/>\n<meta property=\"og:title\" content=\"CERTITEX Parfum Free 400ml - desinfitseerimisvahend tekstiilile - Lavanno - pesuvahendite ekspert\" \/>\n<meta property=\"og:description\" content=\"Kangastele ja pindadele m\u00f5eldud h\u00fcgieenilisust tagav l\u00f5hnatu sprei.  Selle toote eelised: Puhastamine ja h\u00fcgieenilisus \u00fcheainsa tootega. L\u00f5hnatu, sobib ideaalselt kasutamiseks r\u00f5ivapoodides. V\u00f5ib kasutada klientide poolt proovitud r\u00f5ivaste ja jalatsite h\u00fcgieenilisuse taastamiseks. Vedel koostis, millest \u00fcle 80% moodustab alkohol (v.a. pakendigaas). Kangaste ja pindade h\u00fcgieenilisus. Kaks toimeainet tagavad p\u00f5hjaliku ja kauakestva h\u00fcgieenilisuse. K\u00f5vadel pindadel kasutamise korral pole loputamine vajalik. Neutraalne, l\u00f5hnatu.\" \/>\n<meta property=\"og:url\" content=\"https:\/\/lavanno.com\/en\/toode\/certitex-parfum-free-400ml-desinfitseerimisvahend-tekstiilile\/\" \/>\n<meta property=\"og:site_name\" content=\"Lavanno - pesuvahendite ekspert\" \/>\n<meta property=\"article:publisher\" content=\"https:\/\/www.facebook.com\/Lavanno.ee\" \/>\n<meta property=\"article:modified_time\" content=\"2026-05-02T05:40:01+00:00\" \/>\n<meta property=\"og:image\" content=\"https:\/\/lavanno.com\/wp-content\/uploads\/2025\/11\/a71-100qucertitex_400ml-1.png\" \/>\n\t<meta property=\"og:image:width\" content=\"800\" \/>\n\t<meta property=\"og:image:height\" content=\"800\" \/>\n\t<meta property=\"og:image:type\" content=\"image\/png\" \/>\n<meta name=\"twitter:card\" content=\"summary_large_image\" \/>\n<meta name=\"twitter:label1\" content=\"Est. reading time\" \/>\n\t<meta name=\"twitter:data1\" content=\"1 minute\" \/>\n<script type=\"application\/ld+json\" class=\"yoast-schema-graph\">{\"@context\":\"https:\/\/schema.org\",\"@graph\":[{\"@type\":\"WebPage\",\"@id\":\"https:\/\/lavanno.com\/en\/toode\/certitex-parfum-free-400ml-desinfitseerimisvahend-tekstiilile\/\",\"url\":\"https:\/\/lavanno.com\/en\/toode\/certitex-parfum-free-400ml-desinfitseerimisvahend-tekstiilile\/\",\"name\":\"CERTITEX Parfum Free 400ml - desinfitseerimisvahend tekstiilile - Lavanno - pesuvahendite ekspert\",\"isPartOf\":{\"@id\":\"https:\/\/lavanno.com\/en\/#website\"},\"primaryImageOfPage\":{\"@id\":\"https:\/\/lavanno.com\/en\/toode\/certitex-parfum-free-400ml-desinfitseerimisvahend-tekstiilile\/#primaryimage\"},\"image\":{\"@id\":\"https:\/\/lavanno.com\/en\/toode\/certitex-parfum-free-400ml-desinfitseerimisvahend-tekstiilile\/#primaryimage\"},\"thumbnailUrl\":\"https:\/\/lavanno.com\/wp-content\/uploads\/2025\/11\/a71-100qucertitex_400ml-1.png\",\"datePublished\":\"2025-10-22T16:45:01+00:00\",\"dateModified\":\"2026-05-02T05:40:01+00:00\",\"breadcrumb\":{\"@id\":\"https:\/\/lavanno.com\/en\/toode\/certitex-parfum-free-400ml-desinfitseerimisvahend-tekstiilile\/#breadcrumb\"},\"inLanguage\":\"en-US\",\"potentialAction\":[{\"@type\":\"ReadAction\",\"target\":[\"https:\/\/lavanno.com\/en\/toode\/certitex-parfum-free-400ml-desinfitseerimisvahend-tekstiilile\/\"]}]},{\"@type\":\"ImageObject\",\"inLanguage\":\"en-US\",\"@id\":\"https:\/\/lavanno.com\/en\/toode\/certitex-parfum-free-400ml-desinfitseerimisvahend-tekstiilile\/#primaryimage\",\"url\":\"https:\/\/lavanno.com\/wp-content\/uploads\/2025\/11\/a71-100qucertitex_400ml-1.png\",\"contentUrl\":\"https:\/\/lavanno.com\/wp-content\/uploads\/2025\/11\/a71-100qucertitex_400ml-1.png\",\"width\":800,\"height\":800},{\"@type\":\"BreadcrumbList\",\"@id\":\"https:\/\/lavanno.com\/en\/toode\/certitex-parfum-free-400ml-desinfitseerimisvahend-tekstiilile\/#breadcrumb\",\"itemListElement\":[{\"@type\":\"ListItem\",\"position\":1,\"name\":\"Home\",\"item\":\"https:\/\/lavanno.com\/en\/\"},{\"@type\":\"ListItem\",\"position\":2,\"name\":\"E-pood\",\"item\":\"https:\/\/lavanno.com\/e-pood\/\"},{\"@type\":\"ListItem\",\"position\":3,\"name\":\"CERTITEX Parfum Free 400ml &#8211; desinfitseerimisvahend tekstiilile\"}]},{\"@type\":\"WebSite\",\"@id\":\"https:\/\/lavanno.com\/en\/#website\",\"url\":\"https:\/\/lavanno.com\/en\/\",\"name\":\"Lavanno - Pesuvahendite ekspert\",\"description\":\"Toome maale ja m\u00fc\u00fcme tekstiili pesuvahendeid, pesumajaseadmeid ja tarvikuid. Hooldame ja konsulteerime.\",\"publisher\":{\"@id\":\"https:\/\/lavanno.com\/en\/#organization\"},\"potentialAction\":[{\"@type\":\"SearchAction\",\"target\":{\"@type\":\"EntryPoint\",\"urlTemplate\":\"https:\/\/lavanno.com\/en\/?s={search_term_string}\"},\"query-input\":{\"@type\":\"PropertyValueSpecification\",\"valueRequired\":true,\"valueName\":\"search_term_string\"}}],\"inLanguage\":\"en-US\"},{\"@type\":\"Organization\",\"@id\":\"https:\/\/lavanno.com\/en\/#organization\",\"name\":\"Lavanno - Pesuvahendite ekspert\",\"url\":\"https:\/\/lavanno.com\/en\/\",\"logo\":{\"@type\":\"ImageObject\",\"inLanguage\":\"en-US\",\"@id\":\"https:\/\/lavanno.com\/en\/#\/schema\/logo\/image\/\",\"url\":\"https:\/\/lavanno.com\/wp-content\/uploads\/2025\/07\/Lavanno.png\",\"contentUrl\":\"https:\/\/lavanno.com\/wp-content\/uploads\/2025\/07\/Lavanno.png\",\"width\":1200,\"height\":1200,\"caption\":\"Lavanno - Pesuvahendite ekspert\"},\"image\":{\"@id\":\"https:\/\/lavanno.com\/en\/#\/schema\/logo\/image\/\"},\"sameAs\":[\"https:\/\/www.facebook.com\/Lavanno.ee\"]}]}<\/script>\n<!-- \/ Yoast SEO plugin. -->","yoast_head_json":{"title":"CERTITEX Parfum Free 400ml - desinfitseerimisvahend tekstiilile - Lavanno - pesuvahendite ekspert","robots":{"index":"index","follow":"follow","max-snippet":"max-snippet:-1","max-image-preview":"max-image-preview:large","max-video-preview":"max-video-preview:-1"},"canonical":"https:\/\/lavanno.com\/en\/toode\/certitex-parfum-free-400ml-desinfitseerimisvahend-tekstiilile\/","og_locale":"en_US","og_type":"article","og_title":"CERTITEX Parfum Free 400ml - desinfitseerimisvahend tekstiilile - Lavanno - pesuvahendite ekspert","og_description":"Kangastele ja pindadele m\u00f5eldud h\u00fcgieenilisust tagav l\u00f5hnatu sprei.  Selle toote eelised: Puhastamine ja h\u00fcgieenilisus \u00fcheainsa tootega. L\u00f5hnatu, sobib ideaalselt kasutamiseks r\u00f5ivapoodides. V\u00f5ib kasutada klientide poolt proovitud r\u00f5ivaste ja jalatsite h\u00fcgieenilisuse taastamiseks. Vedel koostis, millest \u00fcle 80% moodustab alkohol (v.a. pakendigaas). Kangaste ja pindade h\u00fcgieenilisus. Kaks toimeainet tagavad p\u00f5hjaliku ja kauakestva h\u00fcgieenilisuse. K\u00f5vadel pindadel kasutamise korral pole loputamine vajalik. Neutraalne, l\u00f5hnatu.","og_url":"https:\/\/lavanno.com\/en\/toode\/certitex-parfum-free-400ml-desinfitseerimisvahend-tekstiilile\/","og_site_name":"Lavanno - pesuvahendite ekspert","article_publisher":"https:\/\/www.facebook.com\/Lavanno.ee","article_modified_time":"2026-05-02T05:40:01+00:00","og_image":[{"width":800,"height":800,"url":"https:\/\/lavanno.com\/wp-content\/uploads\/2025\/11\/a71-100qucertitex_400ml-1.png","type":"image\/png"}],"twitter_card":"summary_large_image","twitter_misc":{"Est. reading time":"1 minute"},"schema":{"@context":"https:\/\/schema.org","@graph":[{"@type":"WebPage","@id":"https:\/\/lavanno.com\/en\/toode\/certitex-parfum-free-400ml-desinfitseerimisvahend-tekstiilile\/","url":"https:\/\/lavanno.com\/en\/toode\/certitex-parfum-free-400ml-desinfitseerimisvahend-tekstiilile\/","name":"CERTITEX Parfum Free 400ml - desinfitseerimisvahend tekstiilile - Lavanno - pesuvahendite ekspert","isPartOf":{"@id":"https:\/\/lavanno.com\/en\/#website"},"primaryImageOfPage":{"@id":"https:\/\/lavanno.com\/en\/toode\/certitex-parfum-free-400ml-desinfitseerimisvahend-tekstiilile\/#primaryimage"},"image":{"@id":"https:\/\/lavanno.com\/en\/toode\/certitex-parfum-free-400ml-desinfitseerimisvahend-tekstiilile\/#primaryimage"},"thumbnailUrl":"https:\/\/lavanno.com\/wp-content\/uploads\/2025\/11\/a71-100qucertitex_400ml-1.png","datePublished":"2025-10-22T16:45:01+00:00","dateModified":"2026-05-02T05:40:01+00:00","breadcrumb":{"@id":"https:\/\/lavanno.com\/en\/toode\/certitex-parfum-free-400ml-desinfitseerimisvahend-tekstiilile\/#breadcrumb"},"inLanguage":"en-US","potentialAction":[{"@type":"ReadAction","target":["https:\/\/lavanno.com\/en\/toode\/certitex-parfum-free-400ml-desinfitseerimisvahend-tekstiilile\/"]}]},{"@type":"ImageObject","inLanguage":"en-US","@id":"https:\/\/lavanno.com\/en\/toode\/certitex-parfum-free-400ml-desinfitseerimisvahend-tekstiilile\/#primaryimage","url":"https:\/\/lavanno.com\/wp-content\/uploads\/2025\/11\/a71-100qucertitex_400ml-1.png","contentUrl":"https:\/\/lavanno.com\/wp-content\/uploads\/2025\/11\/a71-100qucertitex_400ml-1.png","width":800,"height":800},{"@type":"BreadcrumbList","@id":"https:\/\/lavanno.com\/en\/toode\/certitex-parfum-free-400ml-desinfitseerimisvahend-tekstiilile\/#breadcrumb","itemListElement":[{"@type":"ListItem","position":1,"name":"Home","item":"https:\/\/lavanno.com\/en\/"},{"@type":"ListItem","position":2,"name":"E-pood","item":"https:\/\/lavanno.com\/e-pood\/"},{"@type":"ListItem","position":3,"name":"CERTITEX Parfum Free 400ml &#8211; desinfitseerimisvahend tekstiilile"}]},{"@type":"WebSite","@id":"https:\/\/lavanno.com\/en\/#website","url":"https:\/\/lavanno.com\/en\/","name":"Lavanno - Pesuvahendite ekspert","description":"Toome maale ja m\u00fc\u00fcme tekstiili pesuvahendeid, pesumajaseadmeid ja tarvikuid. Hooldame ja konsulteerime.","publisher":{"@id":"https:\/\/lavanno.com\/en\/#organization"},"potentialAction":[{"@type":"SearchAction","target":{"@type":"EntryPoint","urlTemplate":"https:\/\/lavanno.com\/en\/?s={search_term_string}"},"query-input":{"@type":"PropertyValueSpecification","valueRequired":true,"valueName":"search_term_string"}}],"inLanguage":"en-US"},{"@type":"Organization","@id":"https:\/\/lavanno.com\/en\/#organization","name":"Lavanno - Pesuvahendite ekspert","url":"https:\/\/lavanno.com\/en\/","logo":{"@type":"ImageObject","inLanguage":"en-US","@id":"https:\/\/lavanno.com\/en\/#\/schema\/logo\/image\/","url":"https:\/\/lavanno.com\/wp-content\/uploads\/2025\/07\/Lavanno.png","contentUrl":"https:\/\/lavanno.com\/wp-content\/uploads\/2025\/07\/Lavanno.png","width":1200,"height":1200,"caption":"Lavanno - Pesuvahendite ekspert"},"image":{"@id":"https:\/\/lavanno.com\/en\/#\/schema\/logo\/image\/"},"sameAs":["https:\/\/www.facebook.com\/Lavanno.ee"]}]}},"_links":{"self":[{"href":"https:\/\/lavanno.com\/en\/wp-json\/wp\/v2\/product\/12125","targetHints":{"allow":["GET"]}}],"collection":[{"href":"https:\/\/lavanno.com\/en\/wp-json\/wp\/v2\/product"}],"about":[{"href":"https:\/\/lavanno.com\/en\/wp-json\/wp\/v2\/types\/product"}],"replies":[{"embeddable":true,"href":"https:\/\/lavanno.com\/en\/wp-json\/wp\/v2\/comments?post=12125"}],"wp:featuredmedia":[{"embeddable":true,"href":"https:\/\/lavanno.com\/en\/wp-json\/wp\/v2\/media\/12399"}],"wp:attachment":[{"href":"https:\/\/lavanno.com\/en\/wp-json\/wp\/v2\/media?parent=12125"}],"wp:term":[{"taxonomy":"product_brand","embeddable":true,"href":"https:\/\/lavanno.com\/en\/wp-json\/wp\/v2\/product_brand?post=12125"},{"taxonomy":"product_cat","embeddable":true,"href":"https:\/\/lavanno.com\/en\/wp-json\/wp\/v2\/product_cat?post=12125"},{"taxonomy":"product_tag","embeddable":true,"href":"https:\/\/lavanno.com\/en\/wp-json\/wp\/v2\/product_tag?post=12125"}],"curies":[{"name":"wp","href":"https:\/\/api.w.org\/{rel}","templated":true}]}}