{"id":12127,"date":"2025-10-22T19:45:01","date_gmt":"2025-10-22T16:45:01","guid":{"rendered":"https:\/\/lavanno.com\/toode\/hygienclean-20-kg-desinfitseerija-valgendusaine\/"},"modified":"2026-05-02T14:45:01","modified_gmt":"2026-05-02T11:45:01","slug":"hygienclean-20-kg-desinfitseerija-valgendusaine","status":"publish","type":"product","link":"https:\/\/lavanno.com\/en\/toode\/hygienclean-20-kg-desinfitseerija-valgendusaine\/","title":{"rendered":"Hygienclean 20 kg.  Desinfitseerija \/ Valgendusaine"},"content":{"rendered":"<div class=\"flex-shrink-0 flex flex-col relative items-end\">\n<div class=\"pt-0\">\n<div class=\"gizmo-bot-avatar flex h-8 w-8 items-center justify-center overflow-hidden rounded-full\"><strong>Spetsifikatsioon<\/strong><\/div>\n<div><strong>Kasutamine<\/strong><\/div>\n<div>\n<p>Kasutada koos tavap\u00e4rase pesuvahendiga p\u00f5hipesuts\u00fcklis temperatuuril 40\u201360 \u00b0C.<\/p>\n<p>Doseerimine:<br \/>\n5\u201310 ml \u00fche kilogrammi kuiva pesu kohta t\u00e4iskoormuse korral. Doseerimine s\u00f5ltub mustuse astmest ja kangat\u00fc\u00fcbist.<\/p>\n<p>\u26a0\ufe0f \u00c4rge segage kloorip\u00f5histe pleegitusvahenditega samas pesuts\u00fcklis.<\/p>\n<\/div>\n<div><strong>Koostisosad<\/strong><\/div>\n<div><\/div>\n<div>Vesi, vesinikperoksiid, \u00e4\u00e4dikhape, per\u00e4\u00e4dikhape.<\/div>\n<div><strong>Funktsioon<\/strong><\/div>\n<div><\/div>\n<div>H\u00fcgieeniline pesulisand<\/div>\n<\/div>\n<\/div>\n<p><a href=\"https:\/\/lavanno.com\/wp-content\/uploads\/2025\/09\/A48-045HygiencleanRel3ETSDS.pdf\" target=\"_blank\" rel=\"noopener\">Ohutuskaart<\/a><\/p>\n","protected":false},"excerpt":{"rendered":"<p>HygienClean on professionaalne hapnikup\u00f5hine pesulisand, mis \u00fchendab vesinikperoksiidi, per\u00e4\u00e4dikhappe ja \u00e4\u00e4dikhappe tasakaalustatud koostise, et tagada tekstiilidele s\u00fcgav h\u00fcgieen ja t\u00f5hus pleegitav toime.<\/p>\n<p>Toode toimib efektiivselt juba alates 30 \u00b0C ning sobib eriti h\u00e4sti tugevalt m\u00e4\u00e4rdunud r\u00f5ivaste pesemiseks. Soovitatud doseerimist j\u00e4rgides on see \u00f5rn v\u00e4rvidele ja kangastele ning aitab s\u00e4ilitada tekstiilide kvaliteeti.<\/p>\n<ul>\n<li>Toimib juba temperatuuril 30\u00b0C.<\/li>\n<li>J\u00e4rgides soovitatud annust, s\u00e4ilitab v\u00e4rvid ja kaitseb kangaid.<\/li>\n<li>Ideaalne tugevalt m\u00e4\u00e4rdunud r\u00f5ivaste pesemiseks.<\/li>\n<li>Tagab s\u00fcgava h\u00fcgieeni ka madalatel temperatuuridel.<\/li>\n<\/ul>\n<p>NB! <strong>M\u00fc\u00fcme toodet ainult ettev\u00f5tetele ja organisatsioonidele, kelle kutsetegevuses kasutatakse kemikaale.<\/strong> Kauba v\u00e4ljastamine toimub \u00fcksnes kullerteenuse vahendusel.<\/p>\n<p>Vastavalt Euroopa Liidu regulatsioonidele ei tohi eraisikutele m\u00fc\u00fca kemikaale, mille koostises oleva vesinikperoksiidi sisaldus \u00fcletab 12% massiprotsenti.<\/p>\n","protected":false},"featured_media":12608,"comment_status":"open","ping_status":"closed","template":"","meta":[],"product_brand":[],"product_cat":[506,525,548,572],"product_tag":[835,839],"class_list":{"0":"post-12127","1":"product","2":"type-product","3":"status-publish","4":"has-post-thumbnail","6":"product_cat-ariklient","7":"product_cat-vesipesuvahendid","8":"product_cat-spetsiifilised-puhastusvahendid","9":"product_cat-lisaained","10":"product_tag-pesumajad","11":"product_tag-tervishoid","13":"first","14":"instock","15":"taxable","16":"shipping-taxable","17":"purchasable","18":"product-type-simple"},"yoast_head":"<!-- This site is optimized with the Yoast SEO plugin v27.0 - https:\/\/yoast.com\/product\/yoast-seo-wordpress\/ -->\n<title>Hygienclean 20 kg. Desinfitseerija \/ Valgendusaine - Lavanno - pesuvahendite ekspert<\/title>\n<meta name=\"description\" content=\"HygienClean on hapnikup\u00f5hine h\u00fcgieeniline pesulisand, mis tagab s\u00fcgava puhastuse ja toime juba 30\u00b0C juures. Sobib professionaalseks kasutuseks.\" \/>\n<meta name=\"robots\" content=\"index, follow, max-snippet:-1, max-image-preview:large, max-video-preview:-1\" \/>\n<link rel=\"canonical\" href=\"https:\/\/lavanno.com\/en\/toode\/hygienclean-20-kg-desinfitseerija-valgendusaine\/\" \/>\n<meta property=\"og:locale\" content=\"en_US\" \/>\n<meta property=\"og:type\" content=\"article\" \/>\n<meta property=\"og:title\" content=\"Hygienclean 20 kg. Desinfitseerija \/ Valgendusaine - Lavanno - pesuvahendite ekspert\" \/>\n<meta property=\"og:description\" content=\"HygienClean on hapnikup\u00f5hine h\u00fcgieeniline pesulisand, mis tagab s\u00fcgava puhastuse ja toime juba 30\u00b0C juures. Sobib professionaalseks kasutuseks.\" \/>\n<meta property=\"og:url\" content=\"https:\/\/lavanno.com\/en\/toode\/hygienclean-20-kg-desinfitseerija-valgendusaine\/\" \/>\n<meta property=\"og:site_name\" content=\"Lavanno - pesuvahendite ekspert\" \/>\n<meta property=\"article:publisher\" content=\"https:\/\/www.facebook.com\/Lavanno.ee\" \/>\n<meta property=\"article:modified_time\" content=\"2026-05-02T11:45:01+00:00\" \/>\n<meta property=\"og:image\" content=\"https:\/\/lavanno.com\/wp-content\/uploads\/2025\/11\/a48-045nhygienclean_20kg-1.png\" \/>\n\t<meta property=\"og:image:width\" content=\"800\" \/>\n\t<meta property=\"og:image:height\" content=\"800\" \/>\n\t<meta property=\"og:image:type\" content=\"image\/png\" \/>\n<meta name=\"twitter:card\" content=\"summary_large_image\" \/>\n<meta name=\"twitter:label1\" content=\"Est. reading time\" \/>\n\t<meta name=\"twitter:data1\" content=\"1 minute\" \/>\n<script type=\"application\/ld+json\" class=\"yoast-schema-graph\">{\"@context\":\"https:\/\/schema.org\",\"@graph\":[{\"@type\":\"WebPage\",\"@id\":\"https:\/\/lavanno.com\/en\/toode\/hygienclean-20-kg-desinfitseerija-valgendusaine\/\",\"url\":\"https:\/\/lavanno.com\/en\/toode\/hygienclean-20-kg-desinfitseerija-valgendusaine\/\",\"name\":\"Hygienclean 20 kg. Desinfitseerija \/ Valgendusaine - Lavanno - pesuvahendite ekspert\",\"isPartOf\":{\"@id\":\"https:\/\/lavanno.com\/en\/#website\"},\"primaryImageOfPage\":{\"@id\":\"https:\/\/lavanno.com\/en\/toode\/hygienclean-20-kg-desinfitseerija-valgendusaine\/#primaryimage\"},\"image\":{\"@id\":\"https:\/\/lavanno.com\/en\/toode\/hygienclean-20-kg-desinfitseerija-valgendusaine\/#primaryimage\"},\"thumbnailUrl\":\"https:\/\/lavanno.com\/wp-content\/uploads\/2025\/11\/a48-045nhygienclean_20kg-1.png\",\"datePublished\":\"2025-10-22T16:45:01+00:00\",\"dateModified\":\"2026-05-02T11:45:01+00:00\",\"description\":\"HygienClean on hapnikup\u00f5hine h\u00fcgieeniline pesulisand, mis tagab s\u00fcgava puhastuse ja toime juba 30\u00b0C juures. Sobib professionaalseks kasutuseks.\",\"breadcrumb\":{\"@id\":\"https:\/\/lavanno.com\/en\/toode\/hygienclean-20-kg-desinfitseerija-valgendusaine\/#breadcrumb\"},\"inLanguage\":\"en-US\",\"potentialAction\":[{\"@type\":\"ReadAction\",\"target\":[\"https:\/\/lavanno.com\/en\/toode\/hygienclean-20-kg-desinfitseerija-valgendusaine\/\"]}]},{\"@type\":\"ImageObject\",\"inLanguage\":\"en-US\",\"@id\":\"https:\/\/lavanno.com\/en\/toode\/hygienclean-20-kg-desinfitseerija-valgendusaine\/#primaryimage\",\"url\":\"https:\/\/lavanno.com\/wp-content\/uploads\/2025\/11\/a48-045nhygienclean_20kg-1.png\",\"contentUrl\":\"https:\/\/lavanno.com\/wp-content\/uploads\/2025\/11\/a48-045nhygienclean_20kg-1.png\",\"width\":800,\"height\":800},{\"@type\":\"BreadcrumbList\",\"@id\":\"https:\/\/lavanno.com\/en\/toode\/hygienclean-20-kg-desinfitseerija-valgendusaine\/#breadcrumb\",\"itemListElement\":[{\"@type\":\"ListItem\",\"position\":1,\"name\":\"Home\",\"item\":\"https:\/\/lavanno.com\/en\/\"},{\"@type\":\"ListItem\",\"position\":2,\"name\":\"E-pood\",\"item\":\"https:\/\/lavanno.com\/e-pood\/\"},{\"@type\":\"ListItem\",\"position\":3,\"name\":\"Hygienclean 20 kg. Desinfitseerija \/ Valgendusaine\"}]},{\"@type\":\"WebSite\",\"@id\":\"https:\/\/lavanno.com\/en\/#website\",\"url\":\"https:\/\/lavanno.com\/en\/\",\"name\":\"Lavanno - Pesuvahendite ekspert\",\"description\":\"Toome maale ja m\u00fc\u00fcme tekstiili pesuvahendeid, pesumajaseadmeid ja tarvikuid. Hooldame ja konsulteerime.\",\"publisher\":{\"@id\":\"https:\/\/lavanno.com\/en\/#organization\"},\"potentialAction\":[{\"@type\":\"SearchAction\",\"target\":{\"@type\":\"EntryPoint\",\"urlTemplate\":\"https:\/\/lavanno.com\/en\/?s={search_term_string}\"},\"query-input\":{\"@type\":\"PropertyValueSpecification\",\"valueRequired\":true,\"valueName\":\"search_term_string\"}}],\"inLanguage\":\"en-US\"},{\"@type\":\"Organization\",\"@id\":\"https:\/\/lavanno.com\/en\/#organization\",\"name\":\"Lavanno - Pesuvahendite ekspert\",\"url\":\"https:\/\/lavanno.com\/en\/\",\"logo\":{\"@type\":\"ImageObject\",\"inLanguage\":\"en-US\",\"@id\":\"https:\/\/lavanno.com\/en\/#\/schema\/logo\/image\/\",\"url\":\"https:\/\/lavanno.com\/wp-content\/uploads\/2025\/07\/Lavanno.png\",\"contentUrl\":\"https:\/\/lavanno.com\/wp-content\/uploads\/2025\/07\/Lavanno.png\",\"width\":1200,\"height\":1200,\"caption\":\"Lavanno - Pesuvahendite ekspert\"},\"image\":{\"@id\":\"https:\/\/lavanno.com\/en\/#\/schema\/logo\/image\/\"},\"sameAs\":[\"https:\/\/www.facebook.com\/Lavanno.ee\"]}]}<\/script>\n<!-- \/ Yoast SEO plugin. -->","yoast_head_json":{"title":"Hygienclean 20 kg. Desinfitseerija \/ Valgendusaine - Lavanno - pesuvahendite ekspert","description":"HygienClean on hapnikup\u00f5hine h\u00fcgieeniline pesulisand, mis tagab s\u00fcgava puhastuse ja toime juba 30\u00b0C juures. Sobib professionaalseks kasutuseks.","robots":{"index":"index","follow":"follow","max-snippet":"max-snippet:-1","max-image-preview":"max-image-preview:large","max-video-preview":"max-video-preview:-1"},"canonical":"https:\/\/lavanno.com\/en\/toode\/hygienclean-20-kg-desinfitseerija-valgendusaine\/","og_locale":"en_US","og_type":"article","og_title":"Hygienclean 20 kg. Desinfitseerija \/ Valgendusaine - Lavanno - pesuvahendite ekspert","og_description":"HygienClean on hapnikup\u00f5hine h\u00fcgieeniline pesulisand, mis tagab s\u00fcgava puhastuse ja toime juba 30\u00b0C juures. Sobib professionaalseks kasutuseks.","og_url":"https:\/\/lavanno.com\/en\/toode\/hygienclean-20-kg-desinfitseerija-valgendusaine\/","og_site_name":"Lavanno - pesuvahendite ekspert","article_publisher":"https:\/\/www.facebook.com\/Lavanno.ee","article_modified_time":"2026-05-02T11:45:01+00:00","og_image":[{"width":800,"height":800,"url":"https:\/\/lavanno.com\/wp-content\/uploads\/2025\/11\/a48-045nhygienclean_20kg-1.png","type":"image\/png"}],"twitter_card":"summary_large_image","twitter_misc":{"Est. reading time":"1 minute"},"schema":{"@context":"https:\/\/schema.org","@graph":[{"@type":"WebPage","@id":"https:\/\/lavanno.com\/en\/toode\/hygienclean-20-kg-desinfitseerija-valgendusaine\/","url":"https:\/\/lavanno.com\/en\/toode\/hygienclean-20-kg-desinfitseerija-valgendusaine\/","name":"Hygienclean 20 kg. Desinfitseerija \/ Valgendusaine - Lavanno - pesuvahendite ekspert","isPartOf":{"@id":"https:\/\/lavanno.com\/en\/#website"},"primaryImageOfPage":{"@id":"https:\/\/lavanno.com\/en\/toode\/hygienclean-20-kg-desinfitseerija-valgendusaine\/#primaryimage"},"image":{"@id":"https:\/\/lavanno.com\/en\/toode\/hygienclean-20-kg-desinfitseerija-valgendusaine\/#primaryimage"},"thumbnailUrl":"https:\/\/lavanno.com\/wp-content\/uploads\/2025\/11\/a48-045nhygienclean_20kg-1.png","datePublished":"2025-10-22T16:45:01+00:00","dateModified":"2026-05-02T11:45:01+00:00","description":"HygienClean on hapnikup\u00f5hine h\u00fcgieeniline pesulisand, mis tagab s\u00fcgava puhastuse ja toime juba 30\u00b0C juures. Sobib professionaalseks kasutuseks.","breadcrumb":{"@id":"https:\/\/lavanno.com\/en\/toode\/hygienclean-20-kg-desinfitseerija-valgendusaine\/#breadcrumb"},"inLanguage":"en-US","potentialAction":[{"@type":"ReadAction","target":["https:\/\/lavanno.com\/en\/toode\/hygienclean-20-kg-desinfitseerija-valgendusaine\/"]}]},{"@type":"ImageObject","inLanguage":"en-US","@id":"https:\/\/lavanno.com\/en\/toode\/hygienclean-20-kg-desinfitseerija-valgendusaine\/#primaryimage","url":"https:\/\/lavanno.com\/wp-content\/uploads\/2025\/11\/a48-045nhygienclean_20kg-1.png","contentUrl":"https:\/\/lavanno.com\/wp-content\/uploads\/2025\/11\/a48-045nhygienclean_20kg-1.png","width":800,"height":800},{"@type":"BreadcrumbList","@id":"https:\/\/lavanno.com\/en\/toode\/hygienclean-20-kg-desinfitseerija-valgendusaine\/#breadcrumb","itemListElement":[{"@type":"ListItem","position":1,"name":"Home","item":"https:\/\/lavanno.com\/en\/"},{"@type":"ListItem","position":2,"name":"E-pood","item":"https:\/\/lavanno.com\/e-pood\/"},{"@type":"ListItem","position":3,"name":"Hygienclean 20 kg. Desinfitseerija \/ Valgendusaine"}]},{"@type":"WebSite","@id":"https:\/\/lavanno.com\/en\/#website","url":"https:\/\/lavanno.com\/en\/","name":"Lavanno - Pesuvahendite ekspert","description":"Toome maale ja m\u00fc\u00fcme tekstiili pesuvahendeid, pesumajaseadmeid ja tarvikuid. Hooldame ja konsulteerime.","publisher":{"@id":"https:\/\/lavanno.com\/en\/#organization"},"potentialAction":[{"@type":"SearchAction","target":{"@type":"EntryPoint","urlTemplate":"https:\/\/lavanno.com\/en\/?s={search_term_string}"},"query-input":{"@type":"PropertyValueSpecification","valueRequired":true,"valueName":"search_term_string"}}],"inLanguage":"en-US"},{"@type":"Organization","@id":"https:\/\/lavanno.com\/en\/#organization","name":"Lavanno - Pesuvahendite ekspert","url":"https:\/\/lavanno.com\/en\/","logo":{"@type":"ImageObject","inLanguage":"en-US","@id":"https:\/\/lavanno.com\/en\/#\/schema\/logo\/image\/","url":"https:\/\/lavanno.com\/wp-content\/uploads\/2025\/07\/Lavanno.png","contentUrl":"https:\/\/lavanno.com\/wp-content\/uploads\/2025\/07\/Lavanno.png","width":1200,"height":1200,"caption":"Lavanno - Pesuvahendite ekspert"},"image":{"@id":"https:\/\/lavanno.com\/en\/#\/schema\/logo\/image\/"},"sameAs":["https:\/\/www.facebook.com\/Lavanno.ee"]}]}},"_links":{"self":[{"href":"https:\/\/lavanno.com\/en\/wp-json\/wp\/v2\/product\/12127","targetHints":{"allow":["GET"]}}],"collection":[{"href":"https:\/\/lavanno.com\/en\/wp-json\/wp\/v2\/product"}],"about":[{"href":"https:\/\/lavanno.com\/en\/wp-json\/wp\/v2\/types\/product"}],"replies":[{"embeddable":true,"href":"https:\/\/lavanno.com\/en\/wp-json\/wp\/v2\/comments?post=12127"}],"wp:featuredmedia":[{"embeddable":true,"href":"https:\/\/lavanno.com\/en\/wp-json\/wp\/v2\/media\/12608"}],"wp:attachment":[{"href":"https:\/\/lavanno.com\/en\/wp-json\/wp\/v2\/media?parent=12127"}],"wp:term":[{"taxonomy":"product_brand","embeddable":true,"href":"https:\/\/lavanno.com\/en\/wp-json\/wp\/v2\/product_brand?post=12127"},{"taxonomy":"product_cat","embeddable":true,"href":"https:\/\/lavanno.com\/en\/wp-json\/wp\/v2\/product_cat?post=12127"},{"taxonomy":"product_tag","embeddable":true,"href":"https:\/\/lavanno.com\/en\/wp-json\/wp\/v2\/product_tag?post=12127"}],"curies":[{"name":"wp","href":"https:\/\/api.w.org\/{rel}","templated":true}]}}