{"id":12137,"date":"2025-10-22T19:50:01","date_gmt":"2025-10-22T16:50:01","guid":{"rendered":"https:\/\/lavanno.com\/toode\/hydro-repellent-2x5kg-impregneerimisvahend-vesipesu\/"},"modified":"2026-03-02T10:15:00","modified_gmt":"2026-03-02T08:15:00","slug":"hydro-repellent-2x5kg-impregneerimisvahend-vesipesu","status":"publish","type":"product","link":"https:\/\/lavanno.com\/en\/toode\/hydro-repellent-2x5kg-impregneerimisvahend-vesipesu\/","title":{"rendered":"Hydro Repellent 2x5kg &#8211; impregneerimisvahend vesipesu"},"content":{"rendered":"<p><a href=\"https:\/\/lavanno.com\/wp-content\/uploads\/2022\/08\/A48-505Hygienfresh_WetFresh_HydrorepellentRel1ENSDS.pdf\">Safety Data Sheet<\/a><\/br><a href=\"https:\/\/lavanno.com\/wp-content\/uploads\/2021\/05\/A48-505HydroRepellentRel1ENTEC.pdf\">Technical Data Sheet<\/a><\/p>\n","protected":false},"excerpt":{"rendered":"<p>Veeh\u00fclgav kauakestev toime erinevatele kangat\u00fc\u00fcpidele ilma rasvast kihti j\u00e4tmata.<\/p>\n<p> Selle toote eelised:<br \/>\n Nanotehnoloogiline koostis: ristsidumine ja veekindlaks muutmine isegi toatemperatuuril kuivamise korral.<br \/>\n Veekindlus, mis peab vastu ka j\u00e4rgmistele pesudele.<br \/>\n Vetth\u00fclgav toime k\u00f5igi veep\u00f5histe plekkide suhtes (nt. vein, joogid jms.).<br \/>\n S\u00e4ilitab r\u00f5ivaste hingavuse.<br \/>\n T\u00f5hus nii looduslike kui s\u00fcnteetiliste kiudude suhtes.<br \/>\n Ei kahjusta v\u00e4rve, on puudutusel meeldiv ega j\u00e4ta rasvast kihti.<\/p>\n","protected":false},"featured_media":12417,"comment_status":"open","ping_status":"closed","template":"","meta":[],"product_brand":[],"product_cat":[15],"product_tag":[],"class_list":{"0":"post-12137","1":"product","2":"type-product","3":"status-publish","4":"has-post-thumbnail","6":"product_cat-uncategorized","8":"first","9":"outofstock","10":"taxable","11":"shipping-taxable","12":"purchasable","13":"product-type-simple"},"yoast_head":"<!-- This site is optimized with the Yoast SEO plugin v27.0 - https:\/\/yoast.com\/product\/yoast-seo-wordpress\/ -->\n<title>Hydro Repellent 2x5kg - impregneerimisvahend vesipesu - Lavanno - pesuvahendite ekspert<\/title>\n<meta name=\"robots\" content=\"index, follow, max-snippet:-1, max-image-preview:large, max-video-preview:-1\" \/>\n<link rel=\"canonical\" href=\"https:\/\/lavanno.com\/en\/toode\/hydro-repellent-2x5kg-impregneerimisvahend-vesipesu\/\" \/>\n<meta property=\"og:locale\" content=\"en_US\" \/>\n<meta property=\"og:type\" content=\"article\" \/>\n<meta property=\"og:title\" content=\"Hydro Repellent 2x5kg - impregneerimisvahend vesipesu - Lavanno - pesuvahendite ekspert\" \/>\n<meta property=\"og:description\" content=\"Veeh\u00fclgav kauakestev toime erinevatele kangat\u00fc\u00fcpidele ilma rasvast kihti j\u00e4tmata.  Selle toote eelised: Nanotehnoloogiline koostis: ristsidumine ja veekindlaks muutmine isegi toatemperatuuril kuivamise korral. Veekindlus, mis peab vastu ka j\u00e4rgmistele pesudele. Vetth\u00fclgav toime k\u00f5igi veep\u00f5histe plekkide suhtes (nt. vein, joogid jms.). S\u00e4ilitab r\u00f5ivaste hingavuse. T\u00f5hus nii looduslike kui s\u00fcnteetiliste kiudude suhtes. Ei kahjusta v\u00e4rve, on puudutusel meeldiv ega j\u00e4ta rasvast kihti.\" \/>\n<meta property=\"og:url\" content=\"https:\/\/lavanno.com\/en\/toode\/hydro-repellent-2x5kg-impregneerimisvahend-vesipesu\/\" \/>\n<meta property=\"og:site_name\" content=\"Lavanno - pesuvahendite ekspert\" \/>\n<meta property=\"article:publisher\" content=\"https:\/\/www.facebook.com\/Lavanno.ee\" \/>\n<meta property=\"article:modified_time\" content=\"2026-03-02T08:15:00+00:00\" \/>\n<meta name=\"twitter:card\" content=\"summary_large_image\" \/>\n<script type=\"application\/ld+json\" class=\"yoast-schema-graph\">{\"@context\":\"https:\/\/schema.org\",\"@graph\":[{\"@type\":\"WebPage\",\"@id\":\"https:\/\/lavanno.com\/en\/toode\/hydro-repellent-2x5kg-impregneerimisvahend-vesipesu\/\",\"url\":\"https:\/\/lavanno.com\/en\/toode\/hydro-repellent-2x5kg-impregneerimisvahend-vesipesu\/\",\"name\":\"Hydro Repellent 2x5kg - impregneerimisvahend vesipesu - Lavanno - pesuvahendite ekspert\",\"isPartOf\":{\"@id\":\"https:\/\/lavanno.com\/en\/#website\"},\"primaryImageOfPage\":{\"@id\":\"https:\/\/lavanno.com\/en\/toode\/hydro-repellent-2x5kg-impregneerimisvahend-vesipesu\/#primaryimage\"},\"image\":{\"@id\":\"https:\/\/lavanno.com\/en\/toode\/hydro-repellent-2x5kg-impregneerimisvahend-vesipesu\/#primaryimage\"},\"thumbnailUrl\":\"https:\/\/lavanno.com\/wp-content\/uploads\/2025\/11\/a48-505h2hydro_repellent_2x5kg_singolo-1.png\",\"datePublished\":\"2025-10-22T16:50:01+00:00\",\"dateModified\":\"2026-03-02T08:15:00+00:00\",\"breadcrumb\":{\"@id\":\"https:\/\/lavanno.com\/en\/toode\/hydro-repellent-2x5kg-impregneerimisvahend-vesipesu\/#breadcrumb\"},\"inLanguage\":\"en-US\",\"potentialAction\":[{\"@type\":\"ReadAction\",\"target\":[\"https:\/\/lavanno.com\/en\/toode\/hydro-repellent-2x5kg-impregneerimisvahend-vesipesu\/\"]}]},{\"@type\":\"ImageObject\",\"inLanguage\":\"en-US\",\"@id\":\"https:\/\/lavanno.com\/en\/toode\/hydro-repellent-2x5kg-impregneerimisvahend-vesipesu\/#primaryimage\",\"url\":\"https:\/\/lavanno.com\/wp-content\/uploads\/2025\/11\/a48-505h2hydro_repellent_2x5kg_singolo-1.png\",\"contentUrl\":\"https:\/\/lavanno.com\/wp-content\/uploads\/2025\/11\/a48-505h2hydro_repellent_2x5kg_singolo-1.png\",\"width\":800,\"height\":800},{\"@type\":\"BreadcrumbList\",\"@id\":\"https:\/\/lavanno.com\/en\/toode\/hydro-repellent-2x5kg-impregneerimisvahend-vesipesu\/#breadcrumb\",\"itemListElement\":[{\"@type\":\"ListItem\",\"position\":1,\"name\":\"Home\",\"item\":\"https:\/\/lavanno.com\/en\/\"},{\"@type\":\"ListItem\",\"position\":2,\"name\":\"E-pood\",\"item\":\"https:\/\/lavanno.com\/e-pood\/\"},{\"@type\":\"ListItem\",\"position\":3,\"name\":\"Hydro Repellent 2x5kg &#8211; impregneerimisvahend vesipesu\"}]},{\"@type\":\"WebSite\",\"@id\":\"https:\/\/lavanno.com\/en\/#website\",\"url\":\"https:\/\/lavanno.com\/en\/\",\"name\":\"Lavanno - Pesuvahendite ekspert\",\"description\":\"Toome maale ja m\u00fc\u00fcme tekstiili pesuvahendeid, pesumajaseadmeid ja tarvikuid. Hooldame ja konsulteerime.\",\"publisher\":{\"@id\":\"https:\/\/lavanno.com\/en\/#organization\"},\"potentialAction\":[{\"@type\":\"SearchAction\",\"target\":{\"@type\":\"EntryPoint\",\"urlTemplate\":\"https:\/\/lavanno.com\/en\/?s={search_term_string}\"},\"query-input\":{\"@type\":\"PropertyValueSpecification\",\"valueRequired\":true,\"valueName\":\"search_term_string\"}}],\"inLanguage\":\"en-US\"},{\"@type\":\"Organization\",\"@id\":\"https:\/\/lavanno.com\/en\/#organization\",\"name\":\"Lavanno - Pesuvahendite ekspert\",\"url\":\"https:\/\/lavanno.com\/en\/\",\"logo\":{\"@type\":\"ImageObject\",\"inLanguage\":\"en-US\",\"@id\":\"https:\/\/lavanno.com\/en\/#\/schema\/logo\/image\/\",\"url\":\"https:\/\/lavanno.com\/wp-content\/uploads\/2025\/07\/Lavanno.png\",\"contentUrl\":\"https:\/\/lavanno.com\/wp-content\/uploads\/2025\/07\/Lavanno.png\",\"width\":1200,\"height\":1200,\"caption\":\"Lavanno - Pesuvahendite ekspert\"},\"image\":{\"@id\":\"https:\/\/lavanno.com\/en\/#\/schema\/logo\/image\/\"},\"sameAs\":[\"https:\/\/www.facebook.com\/Lavanno.ee\"]}]}<\/script>\n<!-- \/ Yoast SEO plugin. -->","yoast_head_json":{"title":"Hydro Repellent 2x5kg - impregneerimisvahend vesipesu - Lavanno - pesuvahendite ekspert","robots":{"index":"index","follow":"follow","max-snippet":"max-snippet:-1","max-image-preview":"max-image-preview:large","max-video-preview":"max-video-preview:-1"},"canonical":"https:\/\/lavanno.com\/en\/toode\/hydro-repellent-2x5kg-impregneerimisvahend-vesipesu\/","og_locale":"en_US","og_type":"article","og_title":"Hydro Repellent 2x5kg - impregneerimisvahend vesipesu - Lavanno - pesuvahendite ekspert","og_description":"Veeh\u00fclgav kauakestev toime erinevatele kangat\u00fc\u00fcpidele ilma rasvast kihti j\u00e4tmata.  Selle toote eelised: Nanotehnoloogiline koostis: ristsidumine ja veekindlaks muutmine isegi toatemperatuuril kuivamise korral. Veekindlus, mis peab vastu ka j\u00e4rgmistele pesudele. Vetth\u00fclgav toime k\u00f5igi veep\u00f5histe plekkide suhtes (nt. vein, joogid jms.). S\u00e4ilitab r\u00f5ivaste hingavuse. T\u00f5hus nii looduslike kui s\u00fcnteetiliste kiudude suhtes. Ei kahjusta v\u00e4rve, on puudutusel meeldiv ega j\u00e4ta rasvast kihti.","og_url":"https:\/\/lavanno.com\/en\/toode\/hydro-repellent-2x5kg-impregneerimisvahend-vesipesu\/","og_site_name":"Lavanno - pesuvahendite ekspert","article_publisher":"https:\/\/www.facebook.com\/Lavanno.ee","article_modified_time":"2026-03-02T08:15:00+00:00","twitter_card":"summary_large_image","schema":{"@context":"https:\/\/schema.org","@graph":[{"@type":"WebPage","@id":"https:\/\/lavanno.com\/en\/toode\/hydro-repellent-2x5kg-impregneerimisvahend-vesipesu\/","url":"https:\/\/lavanno.com\/en\/toode\/hydro-repellent-2x5kg-impregneerimisvahend-vesipesu\/","name":"Hydro Repellent 2x5kg - impregneerimisvahend vesipesu - Lavanno - pesuvahendite ekspert","isPartOf":{"@id":"https:\/\/lavanno.com\/en\/#website"},"primaryImageOfPage":{"@id":"https:\/\/lavanno.com\/en\/toode\/hydro-repellent-2x5kg-impregneerimisvahend-vesipesu\/#primaryimage"},"image":{"@id":"https:\/\/lavanno.com\/en\/toode\/hydro-repellent-2x5kg-impregneerimisvahend-vesipesu\/#primaryimage"},"thumbnailUrl":"https:\/\/lavanno.com\/wp-content\/uploads\/2025\/11\/a48-505h2hydro_repellent_2x5kg_singolo-1.png","datePublished":"2025-10-22T16:50:01+00:00","dateModified":"2026-03-02T08:15:00+00:00","breadcrumb":{"@id":"https:\/\/lavanno.com\/en\/toode\/hydro-repellent-2x5kg-impregneerimisvahend-vesipesu\/#breadcrumb"},"inLanguage":"en-US","potentialAction":[{"@type":"ReadAction","target":["https:\/\/lavanno.com\/en\/toode\/hydro-repellent-2x5kg-impregneerimisvahend-vesipesu\/"]}]},{"@type":"ImageObject","inLanguage":"en-US","@id":"https:\/\/lavanno.com\/en\/toode\/hydro-repellent-2x5kg-impregneerimisvahend-vesipesu\/#primaryimage","url":"https:\/\/lavanno.com\/wp-content\/uploads\/2025\/11\/a48-505h2hydro_repellent_2x5kg_singolo-1.png","contentUrl":"https:\/\/lavanno.com\/wp-content\/uploads\/2025\/11\/a48-505h2hydro_repellent_2x5kg_singolo-1.png","width":800,"height":800},{"@type":"BreadcrumbList","@id":"https:\/\/lavanno.com\/en\/toode\/hydro-repellent-2x5kg-impregneerimisvahend-vesipesu\/#breadcrumb","itemListElement":[{"@type":"ListItem","position":1,"name":"Home","item":"https:\/\/lavanno.com\/en\/"},{"@type":"ListItem","position":2,"name":"E-pood","item":"https:\/\/lavanno.com\/e-pood\/"},{"@type":"ListItem","position":3,"name":"Hydro Repellent 2x5kg &#8211; impregneerimisvahend vesipesu"}]},{"@type":"WebSite","@id":"https:\/\/lavanno.com\/en\/#website","url":"https:\/\/lavanno.com\/en\/","name":"Lavanno - Pesuvahendite ekspert","description":"Toome maale ja m\u00fc\u00fcme tekstiili pesuvahendeid, pesumajaseadmeid ja tarvikuid. Hooldame ja konsulteerime.","publisher":{"@id":"https:\/\/lavanno.com\/en\/#organization"},"potentialAction":[{"@type":"SearchAction","target":{"@type":"EntryPoint","urlTemplate":"https:\/\/lavanno.com\/en\/?s={search_term_string}"},"query-input":{"@type":"PropertyValueSpecification","valueRequired":true,"valueName":"search_term_string"}}],"inLanguage":"en-US"},{"@type":"Organization","@id":"https:\/\/lavanno.com\/en\/#organization","name":"Lavanno - Pesuvahendite ekspert","url":"https:\/\/lavanno.com\/en\/","logo":{"@type":"ImageObject","inLanguage":"en-US","@id":"https:\/\/lavanno.com\/en\/#\/schema\/logo\/image\/","url":"https:\/\/lavanno.com\/wp-content\/uploads\/2025\/07\/Lavanno.png","contentUrl":"https:\/\/lavanno.com\/wp-content\/uploads\/2025\/07\/Lavanno.png","width":1200,"height":1200,"caption":"Lavanno - Pesuvahendite ekspert"},"image":{"@id":"https:\/\/lavanno.com\/en\/#\/schema\/logo\/image\/"},"sameAs":["https:\/\/www.facebook.com\/Lavanno.ee"]}]}},"_links":{"self":[{"href":"https:\/\/lavanno.com\/en\/wp-json\/wp\/v2\/product\/12137","targetHints":{"allow":["GET"]}}],"collection":[{"href":"https:\/\/lavanno.com\/en\/wp-json\/wp\/v2\/product"}],"about":[{"href":"https:\/\/lavanno.com\/en\/wp-json\/wp\/v2\/types\/product"}],"replies":[{"embeddable":true,"href":"https:\/\/lavanno.com\/en\/wp-json\/wp\/v2\/comments?post=12137"}],"wp:featuredmedia":[{"embeddable":true,"href":"https:\/\/lavanno.com\/en\/wp-json\/wp\/v2\/media\/12417"}],"wp:attachment":[{"href":"https:\/\/lavanno.com\/en\/wp-json\/wp\/v2\/media?parent=12137"}],"wp:term":[{"taxonomy":"product_brand","embeddable":true,"href":"https:\/\/lavanno.com\/en\/wp-json\/wp\/v2\/product_brand?post=12137"},{"taxonomy":"product_cat","embeddable":true,"href":"https:\/\/lavanno.com\/en\/wp-json\/wp\/v2\/product_cat?post=12137"},{"taxonomy":"product_tag","embeddable":true,"href":"https:\/\/lavanno.com\/en\/wp-json\/wp\/v2\/product_tag?post=12137"}],"curies":[{"name":"wp","href":"https:\/\/api.w.org\/{rel}","templated":true}]}}