{"id":12139,"date":"2025-10-22T19:50:01","date_gmt":"2025-10-22T16:50:01","guid":{"rendered":"https:\/\/lavanno.com\/toode\/d5-tannin-plekieemaldusvahend-tanniin-500ml\/"},"modified":"2026-05-02T14:45:01","modified_gmt":"2026-05-02T11:45:01","slug":"d5-tannin-plekieemaldusvahend-tanniin-500ml","status":"publish","type":"product","link":"https:\/\/lavanno.com\/en\/toode\/d5-tannin-plekieemaldusvahend-tanniin-500ml\/","title":{"rendered":"D5 Tannin (plekieemaldusvahend tanniin) 500ml"},"content":{"rendered":"<p><strong>Spetsifikatsioon<\/strong><\/p>\n<p><strong>Kasutamine<\/strong><\/p>\n<ul>\n<li>Enne kasutamist niisuta plekk veega.<\/li>\n<li>Kanna paar tilka puhast D5 Tannini otse plekile.<\/li>\n<li>Oota 15\u201330 sekundit, et toode saaks m\u00f5juda; vajadusel kasuta harja v\u00f5i kraapijat, et plekki \u00f5rnalt vabastada.<\/li>\n<li>Vajaduse korral kasuta kuumutamiseks aurup\u00fcstolit.<\/li>\n<li>Loputa rohke veega ja kuivatage n\u00e4iteks suru\u00f5huga.<\/li>\n<li>Korda protsessi, kui plekk ei ole t\u00e4ielikult eemaldunud.<\/li>\n<\/ul>\n<p>Plekkide koostis v\u00f5ib olla erinev &#8211; kui sa pole kindel, kas plekk on taimse p\u00e4ritoluga, alusta D4 Protein (ens\u00fcmaatiline plekieemaldaja) kasutamisest ning v\u00e4ldi kuuma auru esimese sammuna, et plekk kangasse kinnistumist v\u00e4ltida.<\/p>\n<p><strong>Hoiatus!<\/strong><\/p>\n<p>Proovi alati toode k\u00f5igepealt varjatud kohas, et veenduda aine sobivuses kangale.<\/p>\n<p><strong>Koostisosad\u00a0<\/strong><\/p>\n<p>Vesi, kaaliumdodek\u00fc\u00fclbenseensulfonaat, piimhape, butoks\u00fcdigl\u00fckool, kokamiid DEA, dietanoolamiin.<\/p>\n<p><strong>Funktsioon\u00a0<\/strong><\/p>\n<p>Plekieemaldusvahend<\/p>\n<p><a href=\"https:\/\/lavanno.com\/wp-content\/uploads\/2025\/09\/A15-070D5_-_MagreRel4ETSDS.pdf\" target=\"_blank\" rel=\"noopener\">Ohutuskaart<\/a><\/p>\n","protected":false},"excerpt":{"rendered":"<p>D5 Taniin on professionaalne plekieemaldusvahend, mis on m\u00f5eldud <strong>rohu-, puuvilja-, kohvi-, tee- ja tanniiniplekkide<\/strong> t\u00f5husaks eemaldamiseks nii pesus kui keemilises puhastuses. Toode sobib kasutamiseks nii eelt\u00f6\u00f6tluses kui ka j\u00e4relplekieemalduses ning selle kiire toime lahustab plekid kangast kahjustamata, s\u00e4ilitades v\u00e4rvid ja kiudude struktuuri.<\/p>\n<p>Kuna plekid on sageli mitmekomponentsed, v\u00f5ib parima tulemuse saavutamiseks olla vajalik kasutada mitut toodet. Kui pleki koostis ei ole teada, soovitatakse alustada D4 Protein plekieemaldajast ning v\u00e4ltida auru kasutamist, et plekk ei kinnistuks kangasse.<\/p>\n","protected":false},"featured_media":12419,"comment_status":"open","ping_status":"closed","template":"","meta":[],"product_brand":[],"product_cat":[506,525,534,514,526],"product_tag":[834,835,837,839,840],"class_list":{"0":"post-12139","1":"product","2":"type-product","3":"status-publish","4":"has-post-thumbnail","6":"product_cat-ariklient","7":"product_cat-vesipesuvahendid","8":"product_cat-plekieemaldusvahendid","9":"product_cat-keemiline-puhastus","10":"product_cat-plekieemalduse-vahendid-keemiline-puhastus","11":"product_tag-horeca","12":"product_tag-pesumajad","13":"product_tag-puhastusteenindus","14":"product_tag-tervishoid","15":"product_tag-toostusettevotted","17":"first","18":"instock","19":"taxable","20":"shipping-taxable","21":"purchasable","22":"product-type-simple"},"yoast_head":"<!-- This site is optimized with the Yoast SEO plugin v27.0 - https:\/\/yoast.com\/product\/yoast-seo-wordpress\/ -->\n<title>D5 Tannin (plekieemaldusvahend tanniin) 500ml - Lavanno - pesuvahendite ekspert<\/title>\n<meta name=\"description\" content=\"D5 Tannin professionaalne plekieemaldusvahend rohu-, puuvilja-, kohvi- ja teep\u00adlek\u00adkide eemaldamiseks. Sobib vesipesuks ja keemiliseks puhastuseks.\" \/>\n<meta name=\"robots\" content=\"index, follow, max-snippet:-1, max-image-preview:large, max-video-preview:-1\" \/>\n<link rel=\"canonical\" href=\"https:\/\/lavanno.com\/en\/toode\/d5-tannin-plekieemaldusvahend-tanniin-500ml\/\" \/>\n<meta property=\"og:locale\" content=\"en_US\" \/>\n<meta property=\"og:type\" content=\"article\" \/>\n<meta property=\"og:title\" content=\"D5 Tannin (plekieemaldusvahend tanniin) 500ml - Lavanno - pesuvahendite ekspert\" \/>\n<meta property=\"og:description\" content=\"D5 Tannin professionaalne plekieemaldusvahend rohu-, puuvilja-, kohvi- ja teep\u00adlek\u00adkide eemaldamiseks. Sobib vesipesuks ja keemiliseks puhastuseks.\" \/>\n<meta property=\"og:url\" content=\"https:\/\/lavanno.com\/en\/toode\/d5-tannin-plekieemaldusvahend-tanniin-500ml\/\" \/>\n<meta property=\"og:site_name\" content=\"Lavanno - pesuvahendite ekspert\" \/>\n<meta property=\"article:publisher\" content=\"https:\/\/www.facebook.com\/Lavanno.ee\" \/>\n<meta property=\"article:modified_time\" content=\"2026-05-02T11:45:01+00:00\" \/>\n<meta property=\"og:image\" content=\"https:\/\/lavanno.com\/wp-content\/uploads\/2025\/11\/a15-070ad5_500ml-1.png\" \/>\n\t<meta property=\"og:image:width\" content=\"800\" \/>\n\t<meta property=\"og:image:height\" content=\"800\" \/>\n\t<meta property=\"og:image:type\" content=\"image\/png\" \/>\n<meta name=\"twitter:card\" content=\"summary_large_image\" \/>\n<meta name=\"twitter:label1\" content=\"Est. reading time\" \/>\n\t<meta name=\"twitter:data1\" content=\"1 minute\" \/>\n<script type=\"application\/ld+json\" class=\"yoast-schema-graph\">{\"@context\":\"https:\/\/schema.org\",\"@graph\":[{\"@type\":\"WebPage\",\"@id\":\"https:\/\/lavanno.com\/en\/toode\/d5-tannin-plekieemaldusvahend-tanniin-500ml\/\",\"url\":\"https:\/\/lavanno.com\/en\/toode\/d5-tannin-plekieemaldusvahend-tanniin-500ml\/\",\"name\":\"D5 Tannin (plekieemaldusvahend tanniin) 500ml - Lavanno - pesuvahendite ekspert\",\"isPartOf\":{\"@id\":\"https:\/\/lavanno.com\/en\/#website\"},\"primaryImageOfPage\":{\"@id\":\"https:\/\/lavanno.com\/en\/toode\/d5-tannin-plekieemaldusvahend-tanniin-500ml\/#primaryimage\"},\"image\":{\"@id\":\"https:\/\/lavanno.com\/en\/toode\/d5-tannin-plekieemaldusvahend-tanniin-500ml\/#primaryimage\"},\"thumbnailUrl\":\"https:\/\/lavanno.com\/wp-content\/uploads\/2025\/11\/a15-070ad5_500ml-1.png\",\"datePublished\":\"2025-10-22T16:50:01+00:00\",\"dateModified\":\"2026-05-02T11:45:01+00:00\",\"description\":\"D5 Tannin professionaalne plekieemaldusvahend rohu-, puuvilja-, kohvi- ja teep\u00adlek\u00adkide eemaldamiseks. Sobib vesipesuks ja keemiliseks puhastuseks.\",\"breadcrumb\":{\"@id\":\"https:\/\/lavanno.com\/en\/toode\/d5-tannin-plekieemaldusvahend-tanniin-500ml\/#breadcrumb\"},\"inLanguage\":\"en-US\",\"potentialAction\":[{\"@type\":\"ReadAction\",\"target\":[\"https:\/\/lavanno.com\/en\/toode\/d5-tannin-plekieemaldusvahend-tanniin-500ml\/\"]}]},{\"@type\":\"ImageObject\",\"inLanguage\":\"en-US\",\"@id\":\"https:\/\/lavanno.com\/en\/toode\/d5-tannin-plekieemaldusvahend-tanniin-500ml\/#primaryimage\",\"url\":\"https:\/\/lavanno.com\/wp-content\/uploads\/2025\/11\/a15-070ad5_500ml-1.png\",\"contentUrl\":\"https:\/\/lavanno.com\/wp-content\/uploads\/2025\/11\/a15-070ad5_500ml-1.png\",\"width\":800,\"height\":800},{\"@type\":\"BreadcrumbList\",\"@id\":\"https:\/\/lavanno.com\/en\/toode\/d5-tannin-plekieemaldusvahend-tanniin-500ml\/#breadcrumb\",\"itemListElement\":[{\"@type\":\"ListItem\",\"position\":1,\"name\":\"Home\",\"item\":\"https:\/\/lavanno.com\/en\/\"},{\"@type\":\"ListItem\",\"position\":2,\"name\":\"E-pood\",\"item\":\"https:\/\/lavanno.com\/e-pood\/\"},{\"@type\":\"ListItem\",\"position\":3,\"name\":\"D5 Tannin (plekieemaldusvahend tanniin) 500ml\"}]},{\"@type\":\"WebSite\",\"@id\":\"https:\/\/lavanno.com\/en\/#website\",\"url\":\"https:\/\/lavanno.com\/en\/\",\"name\":\"Lavanno - Pesuvahendite ekspert\",\"description\":\"Toome maale ja m\u00fc\u00fcme tekstiili pesuvahendeid, pesumajaseadmeid ja tarvikuid. Hooldame ja konsulteerime.\",\"publisher\":{\"@id\":\"https:\/\/lavanno.com\/en\/#organization\"},\"potentialAction\":[{\"@type\":\"SearchAction\",\"target\":{\"@type\":\"EntryPoint\",\"urlTemplate\":\"https:\/\/lavanno.com\/en\/?s={search_term_string}\"},\"query-input\":{\"@type\":\"PropertyValueSpecification\",\"valueRequired\":true,\"valueName\":\"search_term_string\"}}],\"inLanguage\":\"en-US\"},{\"@type\":\"Organization\",\"@id\":\"https:\/\/lavanno.com\/en\/#organization\",\"name\":\"Lavanno - Pesuvahendite ekspert\",\"url\":\"https:\/\/lavanno.com\/en\/\",\"logo\":{\"@type\":\"ImageObject\",\"inLanguage\":\"en-US\",\"@id\":\"https:\/\/lavanno.com\/en\/#\/schema\/logo\/image\/\",\"url\":\"https:\/\/lavanno.com\/wp-content\/uploads\/2025\/07\/Lavanno.png\",\"contentUrl\":\"https:\/\/lavanno.com\/wp-content\/uploads\/2025\/07\/Lavanno.png\",\"width\":1200,\"height\":1200,\"caption\":\"Lavanno - Pesuvahendite ekspert\"},\"image\":{\"@id\":\"https:\/\/lavanno.com\/en\/#\/schema\/logo\/image\/\"},\"sameAs\":[\"https:\/\/www.facebook.com\/Lavanno.ee\"]}]}<\/script>\n<!-- \/ Yoast SEO plugin. -->","yoast_head_json":{"title":"D5 Tannin (plekieemaldusvahend tanniin) 500ml - Lavanno - pesuvahendite ekspert","description":"D5 Tannin professionaalne plekieemaldusvahend rohu-, puuvilja-, kohvi- ja teep\u00adlek\u00adkide eemaldamiseks. Sobib vesipesuks ja keemiliseks puhastuseks.","robots":{"index":"index","follow":"follow","max-snippet":"max-snippet:-1","max-image-preview":"max-image-preview:large","max-video-preview":"max-video-preview:-1"},"canonical":"https:\/\/lavanno.com\/en\/toode\/d5-tannin-plekieemaldusvahend-tanniin-500ml\/","og_locale":"en_US","og_type":"article","og_title":"D5 Tannin (plekieemaldusvahend tanniin) 500ml - Lavanno - pesuvahendite ekspert","og_description":"D5 Tannin professionaalne plekieemaldusvahend rohu-, puuvilja-, kohvi- ja teep\u00adlek\u00adkide eemaldamiseks. Sobib vesipesuks ja keemiliseks puhastuseks.","og_url":"https:\/\/lavanno.com\/en\/toode\/d5-tannin-plekieemaldusvahend-tanniin-500ml\/","og_site_name":"Lavanno - pesuvahendite ekspert","article_publisher":"https:\/\/www.facebook.com\/Lavanno.ee","article_modified_time":"2026-05-02T11:45:01+00:00","og_image":[{"width":800,"height":800,"url":"https:\/\/lavanno.com\/wp-content\/uploads\/2025\/11\/a15-070ad5_500ml-1.png","type":"image\/png"}],"twitter_card":"summary_large_image","twitter_misc":{"Est. reading time":"1 minute"},"schema":{"@context":"https:\/\/schema.org","@graph":[{"@type":"WebPage","@id":"https:\/\/lavanno.com\/en\/toode\/d5-tannin-plekieemaldusvahend-tanniin-500ml\/","url":"https:\/\/lavanno.com\/en\/toode\/d5-tannin-plekieemaldusvahend-tanniin-500ml\/","name":"D5 Tannin (plekieemaldusvahend tanniin) 500ml - Lavanno - pesuvahendite ekspert","isPartOf":{"@id":"https:\/\/lavanno.com\/en\/#website"},"primaryImageOfPage":{"@id":"https:\/\/lavanno.com\/en\/toode\/d5-tannin-plekieemaldusvahend-tanniin-500ml\/#primaryimage"},"image":{"@id":"https:\/\/lavanno.com\/en\/toode\/d5-tannin-plekieemaldusvahend-tanniin-500ml\/#primaryimage"},"thumbnailUrl":"https:\/\/lavanno.com\/wp-content\/uploads\/2025\/11\/a15-070ad5_500ml-1.png","datePublished":"2025-10-22T16:50:01+00:00","dateModified":"2026-05-02T11:45:01+00:00","description":"D5 Tannin professionaalne plekieemaldusvahend rohu-, puuvilja-, kohvi- ja teep\u00adlek\u00adkide eemaldamiseks. Sobib vesipesuks ja keemiliseks puhastuseks.","breadcrumb":{"@id":"https:\/\/lavanno.com\/en\/toode\/d5-tannin-plekieemaldusvahend-tanniin-500ml\/#breadcrumb"},"inLanguage":"en-US","potentialAction":[{"@type":"ReadAction","target":["https:\/\/lavanno.com\/en\/toode\/d5-tannin-plekieemaldusvahend-tanniin-500ml\/"]}]},{"@type":"ImageObject","inLanguage":"en-US","@id":"https:\/\/lavanno.com\/en\/toode\/d5-tannin-plekieemaldusvahend-tanniin-500ml\/#primaryimage","url":"https:\/\/lavanno.com\/wp-content\/uploads\/2025\/11\/a15-070ad5_500ml-1.png","contentUrl":"https:\/\/lavanno.com\/wp-content\/uploads\/2025\/11\/a15-070ad5_500ml-1.png","width":800,"height":800},{"@type":"BreadcrumbList","@id":"https:\/\/lavanno.com\/en\/toode\/d5-tannin-plekieemaldusvahend-tanniin-500ml\/#breadcrumb","itemListElement":[{"@type":"ListItem","position":1,"name":"Home","item":"https:\/\/lavanno.com\/en\/"},{"@type":"ListItem","position":2,"name":"E-pood","item":"https:\/\/lavanno.com\/e-pood\/"},{"@type":"ListItem","position":3,"name":"D5 Tannin (plekieemaldusvahend tanniin) 500ml"}]},{"@type":"WebSite","@id":"https:\/\/lavanno.com\/en\/#website","url":"https:\/\/lavanno.com\/en\/","name":"Lavanno - Pesuvahendite ekspert","description":"Toome maale ja m\u00fc\u00fcme tekstiili pesuvahendeid, pesumajaseadmeid ja tarvikuid. Hooldame ja konsulteerime.","publisher":{"@id":"https:\/\/lavanno.com\/en\/#organization"},"potentialAction":[{"@type":"SearchAction","target":{"@type":"EntryPoint","urlTemplate":"https:\/\/lavanno.com\/en\/?s={search_term_string}"},"query-input":{"@type":"PropertyValueSpecification","valueRequired":true,"valueName":"search_term_string"}}],"inLanguage":"en-US"},{"@type":"Organization","@id":"https:\/\/lavanno.com\/en\/#organization","name":"Lavanno - Pesuvahendite ekspert","url":"https:\/\/lavanno.com\/en\/","logo":{"@type":"ImageObject","inLanguage":"en-US","@id":"https:\/\/lavanno.com\/en\/#\/schema\/logo\/image\/","url":"https:\/\/lavanno.com\/wp-content\/uploads\/2025\/07\/Lavanno.png","contentUrl":"https:\/\/lavanno.com\/wp-content\/uploads\/2025\/07\/Lavanno.png","width":1200,"height":1200,"caption":"Lavanno - Pesuvahendite ekspert"},"image":{"@id":"https:\/\/lavanno.com\/en\/#\/schema\/logo\/image\/"},"sameAs":["https:\/\/www.facebook.com\/Lavanno.ee"]}]}},"_links":{"self":[{"href":"https:\/\/lavanno.com\/en\/wp-json\/wp\/v2\/product\/12139","targetHints":{"allow":["GET"]}}],"collection":[{"href":"https:\/\/lavanno.com\/en\/wp-json\/wp\/v2\/product"}],"about":[{"href":"https:\/\/lavanno.com\/en\/wp-json\/wp\/v2\/types\/product"}],"replies":[{"embeddable":true,"href":"https:\/\/lavanno.com\/en\/wp-json\/wp\/v2\/comments?post=12139"}],"wp:featuredmedia":[{"embeddable":true,"href":"https:\/\/lavanno.com\/en\/wp-json\/wp\/v2\/media\/12419"}],"wp:attachment":[{"href":"https:\/\/lavanno.com\/en\/wp-json\/wp\/v2\/media?parent=12139"}],"wp:term":[{"taxonomy":"product_brand","embeddable":true,"href":"https:\/\/lavanno.com\/en\/wp-json\/wp\/v2\/product_brand?post=12139"},{"taxonomy":"product_cat","embeddable":true,"href":"https:\/\/lavanno.com\/en\/wp-json\/wp\/v2\/product_cat?post=12139"},{"taxonomy":"product_tag","embeddable":true,"href":"https:\/\/lavanno.com\/en\/wp-json\/wp\/v2\/product_tag?post=12139"}],"curies":[{"name":"wp","href":"https:\/\/api.w.org\/{rel}","templated":true}]}}