{"id":12140,"date":"2025-10-22T19:50:01","date_gmt":"2025-10-22T16:50:01","guid":{"rendered":"https:\/\/lavanno.com\/toode\/asko-pro-kuivati-vent-ss-145l-7kg13-prg-400v-16a-46kw-umberuhendus-230v-16a-33kw-test-15k-wifi\/"},"modified":"2026-02-13T09:25:01","modified_gmt":"2026-02-13T07:25:01","slug":"asko-pro-kuivati-vent-ss-145l-7kg13-prg-400v-16a-46kw-umberuhendus-230v-16a-33kw-test-15k-wifi","status":"publish","type":"product","link":"https:\/\/lavanno.com\/en\/toode\/asko-pro-kuivati-vent-ss-145l-7kg13-prg-400v-16a-46kw-umberuhendus-230v-16a-33kw-test-15k-wifi\/","title":{"rendered":"ASKO Pro Kuivati\/Vent; SS; 145l\/7kg;13 prg; 400V\/16A\/4,6kW (\u00fcmber\u00fchendus 230V\/16A\/3,3kW); test 15K; WIFI"},"content":{"rendered":"<p>Ventileeritav kuivati kasutab toatemperatuurilist \u00f5hku, mis soojendatakse ja juhitakse l\u00e4bi pesu. Niiske \u00f5hk eemaldatakse v\u00e4ljat\u00f5mbekanali kaudu kuni pesu on t\u00e4ielikult kuiv.<br \/>\n<strong>Automaatsed programmid<\/strong><br \/>\nAutomaatsed programmid pole mitte ainult mugavad kasutada, vaid s\u00e4\u00e4stavad ka energiat, kuna t\u00f6\u00f6aega kohandatakse vastavalt pesukogusele v\u00f5i kuivusastmele. Neli head viisi pesu kuivatamiseks: automaatne ekstra kuiv, automaatne kuivatus, automaatne kuivatus normaalsel temperatuuril ja automaatne triikimiskuiv.<\/p>\n<p><strong>Liblikkuivatamine\u2122 (Butterfly Drying PRO)<\/strong><br \/>\nKaheksakujuline trumli liikumine kuivatab pesu \u00f5rnalt ja \u00fchtlaselt, hoiab \u00e4ra riiete lokkimise ning v\u00e4hendab kulumist.<\/p>\n<p><strong>Air Lift\u2122 labad<\/strong><br \/>\nT\u00f5stavad pesu k\u00f5rgemale \u00f5huvoolu, parandades kuivatus\u00adt\u00f5husust ja kaitstes r\u00f5ivaid.<\/p>\n<p><strong>Tehnilised andmed<\/strong><\/p>\n<p>Mahutavus: 7 kg<\/p>\n<p>Trumli maht: 145 liitrit<\/p>\n<p>Programmide arv: 17<\/p>\n<p>K\u00fcttev\u00f5imsus: ~5000 W, 400 V \/ 50 Hz<\/p>\n<p>Ukse ava l\u00e4bim\u00f5\u00f5t: 340 mm, avaneb kuni 180\u00b0<\/p>\n<p>Seadme m\u00f5\u00f5dud: ca 850 \u00d7 595 \u00d7 769 mm (k\u00f5rgus \u00d7 laius \u00d7 s\u00fcgavus)<\/p>\n<p>Kaabli pikkus: umbes 2,1 m<\/p>\n<p>Filter: uksefiltri s\u00fcsteem ja ebemefilter<\/p>\n<p>Energiaandmed: umbes 4,6 kWh ts\u00fckli kohta,\u00a0 66 dB m\u00fcratase (keskmised v\u00e4\u00e4rtused)<\/p>\n","protected":false},"excerpt":{"rendered":"<p>Titaaniv\u00e4rvi professionaalne ventileeritav kuivati vastupidava konstruktsiooni, roostevabast terasest trumli ja t\u00f6\u00f6kindla harjadeta mootoriga. Lihtne kasutada, \u00fchildub m\u00fcndi- ja kaardimakses\u00fcsteemidega ning pakub 17 t\u00f5husat kuivatusprogrammi.<\/p>\n","protected":false},"featured_media":12946,"comment_status":"open","ping_status":"closed","template":"","meta":[],"product_brand":[],"product_cat":[506,507,874,510,621],"product_tag":[],"class_list":{"0":"post-12140","1":"product","2":"type-product","3":"status-publish","4":"has-post-thumbnail","6":"product_cat-ariklient","7":"product_cat-pesumajaseadmed","8":"product_cat-askopro","9":"product_cat-kuivatid","10":"product_cat-professionaalsed-trummelkuivatid","12":"first","13":"outofstock","14":"taxable","15":"shipping-taxable","16":"purchasable","17":"product-type-simple"},"yoast_head":"<!-- This site is optimized with the Yoast SEO plugin v27.0 - https:\/\/yoast.com\/product\/yoast-seo-wordpress\/ -->\n<title>ASKO Pro Kuivati\/Vent; SS; 145l\/7kg;13 prg; 400V\/16A\/4,6kW (\u00fcmber\u00fchendus 230V\/16A\/3,3kW); test 15K; WIFI - Lavanno - pesuvahendite ekspert<\/title>\n<meta name=\"description\" content=\"Professionaalne Asko Pro ventileeritav kuivati juhib niiske \u00f5hu v\u00e4ljat\u00f5mbekanali kaudu v\u00e4lja ja tagab t\u00f5husa ning \u00fchtlase kuivamise.\" \/>\n<meta name=\"robots\" content=\"index, follow, max-snippet:-1, max-image-preview:large, max-video-preview:-1\" \/>\n<link rel=\"canonical\" href=\"https:\/\/lavanno.com\/en\/toode\/asko-pro-kuivati-vent-ss-145l-7kg13-prg-400v-16a-46kw-umberuhendus-230v-16a-33kw-test-15k-wifi\/\" \/>\n<meta property=\"og:locale\" content=\"en_US\" \/>\n<meta property=\"og:type\" content=\"article\" \/>\n<meta property=\"og:title\" content=\"ASKO Pro Kuivati\/Vent; SS; 145l\/7kg;13 prg; 400V\/16A\/4,6kW (\u00fcmber\u00fchendus 230V\/16A\/3,3kW); test 15K; WIFI - Lavanno - pesuvahendite ekspert\" \/>\n<meta property=\"og:description\" content=\"Professionaalne Asko Pro ventileeritav kuivati juhib niiske \u00f5hu v\u00e4ljat\u00f5mbekanali kaudu v\u00e4lja ja tagab t\u00f5husa ning \u00fchtlase kuivamise.\" \/>\n<meta property=\"og:url\" content=\"https:\/\/lavanno.com\/en\/toode\/asko-pro-kuivati-vent-ss-145l-7kg13-prg-400v-16a-46kw-umberuhendus-230v-16a-33kw-test-15k-wifi\/\" \/>\n<meta property=\"og:site_name\" content=\"Lavanno - pesuvahendite ekspert\" \/>\n<meta property=\"article:publisher\" content=\"https:\/\/www.facebook.com\/Lavanno.ee\" \/>\n<meta property=\"article:modified_time\" content=\"2026-02-13T07:25:01+00:00\" \/>\n<meta property=\"og:image\" content=\"https:\/\/lavanno.com\/wp-content\/uploads\/2025\/10\/Asko-PRO-ventileeriv-kuivati.png\" \/>\n\t<meta property=\"og:image:width\" content=\"800\" \/>\n\t<meta property=\"og:image:height\" content=\"800\" \/>\n\t<meta property=\"og:image:type\" content=\"image\/png\" \/>\n<meta name=\"twitter:card\" content=\"summary_large_image\" \/>\n<meta name=\"twitter:label1\" content=\"Est. reading time\" \/>\n\t<meta name=\"twitter:data1\" content=\"2 minutes\" \/>\n<script type=\"application\/ld+json\" class=\"yoast-schema-graph\">{\"@context\":\"https:\/\/schema.org\",\"@graph\":[{\"@type\":\"WebPage\",\"@id\":\"https:\/\/lavanno.com\/en\/toode\/asko-pro-kuivati-vent-ss-145l-7kg13-prg-400v-16a-46kw-umberuhendus-230v-16a-33kw-test-15k-wifi\/\",\"url\":\"https:\/\/lavanno.com\/en\/toode\/asko-pro-kuivati-vent-ss-145l-7kg13-prg-400v-16a-46kw-umberuhendus-230v-16a-33kw-test-15k-wifi\/\",\"name\":\"ASKO Pro Kuivati\/Vent; SS; 145l\/7kg;13 prg; 400V\/16A\/4,6kW (\u00fcmber\u00fchendus 230V\/16A\/3,3kW); test 15K; WIFI - Lavanno - pesuvahendite ekspert\",\"isPartOf\":{\"@id\":\"https:\/\/lavanno.com\/en\/#website\"},\"primaryImageOfPage\":{\"@id\":\"https:\/\/lavanno.com\/en\/toode\/asko-pro-kuivati-vent-ss-145l-7kg13-prg-400v-16a-46kw-umberuhendus-230v-16a-33kw-test-15k-wifi\/#primaryimage\"},\"image\":{\"@id\":\"https:\/\/lavanno.com\/en\/toode\/asko-pro-kuivati-vent-ss-145l-7kg13-prg-400v-16a-46kw-umberuhendus-230v-16a-33kw-test-15k-wifi\/#primaryimage\"},\"thumbnailUrl\":\"https:\/\/lavanno.com\/wp-content\/uploads\/2025\/10\/Asko-PRO-ventileeriv-kuivati.png\",\"datePublished\":\"2025-10-22T16:50:01+00:00\",\"dateModified\":\"2026-02-13T07:25:01+00:00\",\"description\":\"Professionaalne Asko Pro ventileeritav kuivati juhib niiske \u00f5hu v\u00e4ljat\u00f5mbekanali kaudu v\u00e4lja ja tagab t\u00f5husa ning \u00fchtlase kuivamise.\",\"breadcrumb\":{\"@id\":\"https:\/\/lavanno.com\/en\/toode\/asko-pro-kuivati-vent-ss-145l-7kg13-prg-400v-16a-46kw-umberuhendus-230v-16a-33kw-test-15k-wifi\/#breadcrumb\"},\"inLanguage\":\"en-US\",\"potentialAction\":[{\"@type\":\"ReadAction\",\"target\":[\"https:\/\/lavanno.com\/en\/toode\/asko-pro-kuivati-vent-ss-145l-7kg13-prg-400v-16a-46kw-umberuhendus-230v-16a-33kw-test-15k-wifi\/\"]}]},{\"@type\":\"ImageObject\",\"inLanguage\":\"en-US\",\"@id\":\"https:\/\/lavanno.com\/en\/toode\/asko-pro-kuivati-vent-ss-145l-7kg13-prg-400v-16a-46kw-umberuhendus-230v-16a-33kw-test-15k-wifi\/#primaryimage\",\"url\":\"https:\/\/lavanno.com\/wp-content\/uploads\/2025\/10\/Asko-PRO-ventileeriv-kuivati.png\",\"contentUrl\":\"https:\/\/lavanno.com\/wp-content\/uploads\/2025\/10\/Asko-PRO-ventileeriv-kuivati.png\",\"width\":800,\"height\":800,\"caption\":\"Asko-PRO-ventileeriv-kuivati.\"},{\"@type\":\"BreadcrumbList\",\"@id\":\"https:\/\/lavanno.com\/en\/toode\/asko-pro-kuivati-vent-ss-145l-7kg13-prg-400v-16a-46kw-umberuhendus-230v-16a-33kw-test-15k-wifi\/#breadcrumb\",\"itemListElement\":[{\"@type\":\"ListItem\",\"position\":1,\"name\":\"Home\",\"item\":\"https:\/\/lavanno.com\/en\/\"},{\"@type\":\"ListItem\",\"position\":2,\"name\":\"E-pood\",\"item\":\"https:\/\/lavanno.com\/e-pood\/\"},{\"@type\":\"ListItem\",\"position\":3,\"name\":\"ASKO Pro Kuivati\/Vent; SS; 145l\/7kg;13 prg; 400V\/16A\/4,6kW (\u00fcmber\u00fchendus 230V\/16A\/3,3kW); test 15K; WIFI\"}]},{\"@type\":\"WebSite\",\"@id\":\"https:\/\/lavanno.com\/en\/#website\",\"url\":\"https:\/\/lavanno.com\/en\/\",\"name\":\"Lavanno - Pesuvahendite ekspert\",\"description\":\"Toome maale ja m\u00fc\u00fcme tekstiili pesuvahendeid, pesumajaseadmeid ja tarvikuid. Hooldame ja konsulteerime.\",\"publisher\":{\"@id\":\"https:\/\/lavanno.com\/en\/#organization\"},\"potentialAction\":[{\"@type\":\"SearchAction\",\"target\":{\"@type\":\"EntryPoint\",\"urlTemplate\":\"https:\/\/lavanno.com\/en\/?s={search_term_string}\"},\"query-input\":{\"@type\":\"PropertyValueSpecification\",\"valueRequired\":true,\"valueName\":\"search_term_string\"}}],\"inLanguage\":\"en-US\"},{\"@type\":\"Organization\",\"@id\":\"https:\/\/lavanno.com\/en\/#organization\",\"name\":\"Lavanno - Pesuvahendite ekspert\",\"url\":\"https:\/\/lavanno.com\/en\/\",\"logo\":{\"@type\":\"ImageObject\",\"inLanguage\":\"en-US\",\"@id\":\"https:\/\/lavanno.com\/en\/#\/schema\/logo\/image\/\",\"url\":\"https:\/\/lavanno.com\/wp-content\/uploads\/2025\/07\/Lavanno.png\",\"contentUrl\":\"https:\/\/lavanno.com\/wp-content\/uploads\/2025\/07\/Lavanno.png\",\"width\":1200,\"height\":1200,\"caption\":\"Lavanno - Pesuvahendite ekspert\"},\"image\":{\"@id\":\"https:\/\/lavanno.com\/en\/#\/schema\/logo\/image\/\"},\"sameAs\":[\"https:\/\/www.facebook.com\/Lavanno.ee\"]}]}<\/script>\n<!-- \/ Yoast SEO plugin. -->","yoast_head_json":{"title":"ASKO Pro Kuivati\/Vent; SS; 145l\/7kg;13 prg; 400V\/16A\/4,6kW (\u00fcmber\u00fchendus 230V\/16A\/3,3kW); test 15K; WIFI - Lavanno - pesuvahendite ekspert","description":"Professionaalne Asko Pro ventileeritav kuivati juhib niiske \u00f5hu v\u00e4ljat\u00f5mbekanali kaudu v\u00e4lja ja tagab t\u00f5husa ning \u00fchtlase kuivamise.","robots":{"index":"index","follow":"follow","max-snippet":"max-snippet:-1","max-image-preview":"max-image-preview:large","max-video-preview":"max-video-preview:-1"},"canonical":"https:\/\/lavanno.com\/en\/toode\/asko-pro-kuivati-vent-ss-145l-7kg13-prg-400v-16a-46kw-umberuhendus-230v-16a-33kw-test-15k-wifi\/","og_locale":"en_US","og_type":"article","og_title":"ASKO Pro Kuivati\/Vent; SS; 145l\/7kg;13 prg; 400V\/16A\/4,6kW (\u00fcmber\u00fchendus 230V\/16A\/3,3kW); test 15K; WIFI - Lavanno - pesuvahendite ekspert","og_description":"Professionaalne Asko Pro ventileeritav kuivati juhib niiske \u00f5hu v\u00e4ljat\u00f5mbekanali kaudu v\u00e4lja ja tagab t\u00f5husa ning \u00fchtlase kuivamise.","og_url":"https:\/\/lavanno.com\/en\/toode\/asko-pro-kuivati-vent-ss-145l-7kg13-prg-400v-16a-46kw-umberuhendus-230v-16a-33kw-test-15k-wifi\/","og_site_name":"Lavanno - pesuvahendite ekspert","article_publisher":"https:\/\/www.facebook.com\/Lavanno.ee","article_modified_time":"2026-02-13T07:25:01+00:00","og_image":[{"width":800,"height":800,"url":"https:\/\/lavanno.com\/wp-content\/uploads\/2025\/10\/Asko-PRO-ventileeriv-kuivati.png","type":"image\/png"}],"twitter_card":"summary_large_image","twitter_misc":{"Est. reading time":"2 minutes"},"schema":{"@context":"https:\/\/schema.org","@graph":[{"@type":"WebPage","@id":"https:\/\/lavanno.com\/en\/toode\/asko-pro-kuivati-vent-ss-145l-7kg13-prg-400v-16a-46kw-umberuhendus-230v-16a-33kw-test-15k-wifi\/","url":"https:\/\/lavanno.com\/en\/toode\/asko-pro-kuivati-vent-ss-145l-7kg13-prg-400v-16a-46kw-umberuhendus-230v-16a-33kw-test-15k-wifi\/","name":"ASKO Pro Kuivati\/Vent; SS; 145l\/7kg;13 prg; 400V\/16A\/4,6kW (\u00fcmber\u00fchendus 230V\/16A\/3,3kW); test 15K; WIFI - Lavanno - pesuvahendite ekspert","isPartOf":{"@id":"https:\/\/lavanno.com\/en\/#website"},"primaryImageOfPage":{"@id":"https:\/\/lavanno.com\/en\/toode\/asko-pro-kuivati-vent-ss-145l-7kg13-prg-400v-16a-46kw-umberuhendus-230v-16a-33kw-test-15k-wifi\/#primaryimage"},"image":{"@id":"https:\/\/lavanno.com\/en\/toode\/asko-pro-kuivati-vent-ss-145l-7kg13-prg-400v-16a-46kw-umberuhendus-230v-16a-33kw-test-15k-wifi\/#primaryimage"},"thumbnailUrl":"https:\/\/lavanno.com\/wp-content\/uploads\/2025\/10\/Asko-PRO-ventileeriv-kuivati.png","datePublished":"2025-10-22T16:50:01+00:00","dateModified":"2026-02-13T07:25:01+00:00","description":"Professionaalne Asko Pro ventileeritav kuivati juhib niiske \u00f5hu v\u00e4ljat\u00f5mbekanali kaudu v\u00e4lja ja tagab t\u00f5husa ning \u00fchtlase kuivamise.","breadcrumb":{"@id":"https:\/\/lavanno.com\/en\/toode\/asko-pro-kuivati-vent-ss-145l-7kg13-prg-400v-16a-46kw-umberuhendus-230v-16a-33kw-test-15k-wifi\/#breadcrumb"},"inLanguage":"en-US","potentialAction":[{"@type":"ReadAction","target":["https:\/\/lavanno.com\/en\/toode\/asko-pro-kuivati-vent-ss-145l-7kg13-prg-400v-16a-46kw-umberuhendus-230v-16a-33kw-test-15k-wifi\/"]}]},{"@type":"ImageObject","inLanguage":"en-US","@id":"https:\/\/lavanno.com\/en\/toode\/asko-pro-kuivati-vent-ss-145l-7kg13-prg-400v-16a-46kw-umberuhendus-230v-16a-33kw-test-15k-wifi\/#primaryimage","url":"https:\/\/lavanno.com\/wp-content\/uploads\/2025\/10\/Asko-PRO-ventileeriv-kuivati.png","contentUrl":"https:\/\/lavanno.com\/wp-content\/uploads\/2025\/10\/Asko-PRO-ventileeriv-kuivati.png","width":800,"height":800,"caption":"Asko-PRO-ventileeriv-kuivati."},{"@type":"BreadcrumbList","@id":"https:\/\/lavanno.com\/en\/toode\/asko-pro-kuivati-vent-ss-145l-7kg13-prg-400v-16a-46kw-umberuhendus-230v-16a-33kw-test-15k-wifi\/#breadcrumb","itemListElement":[{"@type":"ListItem","position":1,"name":"Home","item":"https:\/\/lavanno.com\/en\/"},{"@type":"ListItem","position":2,"name":"E-pood","item":"https:\/\/lavanno.com\/e-pood\/"},{"@type":"ListItem","position":3,"name":"ASKO Pro Kuivati\/Vent; SS; 145l\/7kg;13 prg; 400V\/16A\/4,6kW (\u00fcmber\u00fchendus 230V\/16A\/3,3kW); test 15K; WIFI"}]},{"@type":"WebSite","@id":"https:\/\/lavanno.com\/en\/#website","url":"https:\/\/lavanno.com\/en\/","name":"Lavanno - Pesuvahendite ekspert","description":"Toome maale ja m\u00fc\u00fcme tekstiili pesuvahendeid, pesumajaseadmeid ja tarvikuid. Hooldame ja konsulteerime.","publisher":{"@id":"https:\/\/lavanno.com\/en\/#organization"},"potentialAction":[{"@type":"SearchAction","target":{"@type":"EntryPoint","urlTemplate":"https:\/\/lavanno.com\/en\/?s={search_term_string}"},"query-input":{"@type":"PropertyValueSpecification","valueRequired":true,"valueName":"search_term_string"}}],"inLanguage":"en-US"},{"@type":"Organization","@id":"https:\/\/lavanno.com\/en\/#organization","name":"Lavanno - Pesuvahendite ekspert","url":"https:\/\/lavanno.com\/en\/","logo":{"@type":"ImageObject","inLanguage":"en-US","@id":"https:\/\/lavanno.com\/en\/#\/schema\/logo\/image\/","url":"https:\/\/lavanno.com\/wp-content\/uploads\/2025\/07\/Lavanno.png","contentUrl":"https:\/\/lavanno.com\/wp-content\/uploads\/2025\/07\/Lavanno.png","width":1200,"height":1200,"caption":"Lavanno - Pesuvahendite ekspert"},"image":{"@id":"https:\/\/lavanno.com\/en\/#\/schema\/logo\/image\/"},"sameAs":["https:\/\/www.facebook.com\/Lavanno.ee"]}]}},"_links":{"self":[{"href":"https:\/\/lavanno.com\/en\/wp-json\/wp\/v2\/product\/12140","targetHints":{"allow":["GET"]}}],"collection":[{"href":"https:\/\/lavanno.com\/en\/wp-json\/wp\/v2\/product"}],"about":[{"href":"https:\/\/lavanno.com\/en\/wp-json\/wp\/v2\/types\/product"}],"replies":[{"embeddable":true,"href":"https:\/\/lavanno.com\/en\/wp-json\/wp\/v2\/comments?post=12140"}],"wp:featuredmedia":[{"embeddable":true,"href":"https:\/\/lavanno.com\/en\/wp-json\/wp\/v2\/media\/12946"}],"wp:attachment":[{"href":"https:\/\/lavanno.com\/en\/wp-json\/wp\/v2\/media?parent=12140"}],"wp:term":[{"taxonomy":"product_brand","embeddable":true,"href":"https:\/\/lavanno.com\/en\/wp-json\/wp\/v2\/product_brand?post=12140"},{"taxonomy":"product_cat","embeddable":true,"href":"https:\/\/lavanno.com\/en\/wp-json\/wp\/v2\/product_cat?post=12140"},{"taxonomy":"product_tag","embeddable":true,"href":"https:\/\/lavanno.com\/en\/wp-json\/wp\/v2\/product_tag?post=12140"}],"curies":[{"name":"wp","href":"https:\/\/api.w.org\/{rel}","templated":true}]}}