{"id":12144,"date":"2025-10-22T19:55:01","date_gmt":"2025-10-22T16:55:01","guid":{"rendered":"https:\/\/lavanno.com\/toode\/vanilla-lemon-400-ml-kanga-ja-ohuvarskendaja-vanilje-sidrun\/"},"modified":"2026-05-02T08:40:01","modified_gmt":"2026-05-02T05:40:01","slug":"vanilla-lemon-400-ml-kanga-ja-ohuvarskendaja-vanilje-sidrun","status":"publish","type":"product","link":"https:\/\/lavanno.com\/en\/toode\/vanilla-lemon-400-ml-kanga-ja-ohuvarskendaja-vanilje-sidrun\/","title":{"rendered":"Vanilla Lemon 400 ml. Kanga ja \u00f5huv\u00e4rskendaja (Vanilje\/Sidrun)"},"content":{"rendered":"<p><a href=\"https:\/\/lavanno.com\/wp-content\/uploads\/2021\/05\/A73-001Hygienfresh_Deospray_Vanilla_LemonRel1ENSDS.pdf\">Safety Data Sheet<\/a><\/br><a href=\"https:\/\/lavanno.com\/wp-content\/uploads\/2021\/05\/A73-001Spray_VanillaRel2ENTEC.pdf\">Technical Data Sheet<\/a><\/p>\n","protected":false},"excerpt":{"rendered":"<p>L\u00f5hnaeemaldussprei, millel on spetsiaalne l\u00f5hna eemaldav koostis, vanilje &amp; sidruni l\u00f5hnaga.<\/p>\n<p><\/p>\n<ul><\/p>\n<li>See k\u00f5rvaldab halva l\u00f5hna t\u00e4nu spetsiaalsetele toimeainetele<\/li>\n<p><\/p>\n<li>Seda saab kasutada nii tekstiilidel kui \u00f5hus<\/li>\n<p><\/p>\n<li>Intensiivne ja kauakestev l\u00f5hn<\/li>\n<p><\/p>\n<li>Seda saab kasutada igat t\u00fc\u00fcpi tekstiilidel<\/li>\n<p><\/p>\n<li>SALVATEX koostis \u2013 see kaitseb r\u00f5ivaid<\/li>\n<p><\/p>\n<li>Ei ole kasutatud loomkatseid<\/li>\n<p>\n <\/ul>\n","protected":false},"featured_media":12538,"comment_status":"open","ping_status":"closed","template":"","meta":[],"product_brand":[],"product_cat":[15],"product_tag":[],"class_list":{"0":"post-12144","1":"product","2":"type-product","3":"status-publish","4":"has-post-thumbnail","6":"product_cat-uncategorized","8":"first","9":"outofstock","10":"taxable","11":"shipping-taxable","12":"purchasable","13":"product-type-simple"},"yoast_head":"<!-- This site is optimized with the Yoast SEO plugin v27.0 - https:\/\/yoast.com\/product\/yoast-seo-wordpress\/ -->\n<title>Vanilla Lemon 400 ml. Kanga ja \u00f5huv\u00e4rskendaja (Vanilje\/Sidrun) - Lavanno - pesuvahendite ekspert<\/title>\n<meta name=\"robots\" content=\"index, follow, max-snippet:-1, max-image-preview:large, max-video-preview:-1\" \/>\n<link rel=\"canonical\" href=\"https:\/\/lavanno.com\/en\/toode\/vanilla-lemon-400-ml-kanga-ja-ohuvarskendaja-vanilje-sidrun\/\" \/>\n<meta property=\"og:locale\" content=\"en_US\" \/>\n<meta property=\"og:type\" content=\"article\" \/>\n<meta property=\"og:title\" content=\"Vanilla Lemon 400 ml. Kanga ja \u00f5huv\u00e4rskendaja (Vanilje\/Sidrun) - Lavanno - pesuvahendite ekspert\" \/>\n<meta property=\"og:description\" content=\"L\u00f5hnaeemaldussprei, millel on spetsiaalne l\u00f5hna eemaldav koostis, vanilje &amp; sidruni l\u00f5hnaga.  See k\u00f5rvaldab halva l\u00f5hna t\u00e4nu spetsiaalsetele toimeainetele Seda saab kasutada nii tekstiilidel kui \u00f5hus Intensiivne ja kauakestev l\u00f5hn Seda saab kasutada igat t\u00fc\u00fcpi tekstiilidel SALVATEX koostis \u2013 see kaitseb r\u00f5ivaid Ei ole kasutatud loomkatseid\" \/>\n<meta property=\"og:url\" content=\"https:\/\/lavanno.com\/en\/toode\/vanilla-lemon-400-ml-kanga-ja-ohuvarskendaja-vanilje-sidrun\/\" \/>\n<meta property=\"og:site_name\" content=\"Lavanno - pesuvahendite ekspert\" \/>\n<meta property=\"article:publisher\" content=\"https:\/\/www.facebook.com\/Lavanno.ee\" \/>\n<meta property=\"article:modified_time\" content=\"2026-05-02T05:40:01+00:00\" \/>\n<meta property=\"og:image\" content=\"https:\/\/lavanno.com\/wp-content\/uploads\/2025\/11\/a73-001deospray_vanillalemon_groupage-1.png\" \/>\n\t<meta property=\"og:image:width\" content=\"800\" \/>\n\t<meta property=\"og:image:height\" content=\"800\" \/>\n\t<meta property=\"og:image:type\" content=\"image\/png\" \/>\n<meta name=\"twitter:card\" content=\"summary_large_image\" \/>\n<script type=\"application\/ld+json\" class=\"yoast-schema-graph\">{\"@context\":\"https:\/\/schema.org\",\"@graph\":[{\"@type\":\"WebPage\",\"@id\":\"https:\/\/lavanno.com\/en\/toode\/vanilla-lemon-400-ml-kanga-ja-ohuvarskendaja-vanilje-sidrun\/\",\"url\":\"https:\/\/lavanno.com\/en\/toode\/vanilla-lemon-400-ml-kanga-ja-ohuvarskendaja-vanilje-sidrun\/\",\"name\":\"Vanilla Lemon 400 ml. Kanga ja \u00f5huv\u00e4rskendaja (Vanilje\/Sidrun) - Lavanno - pesuvahendite ekspert\",\"isPartOf\":{\"@id\":\"https:\/\/lavanno.com\/en\/#website\"},\"primaryImageOfPage\":{\"@id\":\"https:\/\/lavanno.com\/en\/toode\/vanilla-lemon-400-ml-kanga-ja-ohuvarskendaja-vanilje-sidrun\/#primaryimage\"},\"image\":{\"@id\":\"https:\/\/lavanno.com\/en\/toode\/vanilla-lemon-400-ml-kanga-ja-ohuvarskendaja-vanilje-sidrun\/#primaryimage\"},\"thumbnailUrl\":\"https:\/\/lavanno.com\/wp-content\/uploads\/2025\/11\/a73-001deospray_vanillalemon_groupage-1.png\",\"datePublished\":\"2025-10-22T16:55:01+00:00\",\"dateModified\":\"2026-05-02T05:40:01+00:00\",\"breadcrumb\":{\"@id\":\"https:\/\/lavanno.com\/en\/toode\/vanilla-lemon-400-ml-kanga-ja-ohuvarskendaja-vanilje-sidrun\/#breadcrumb\"},\"inLanguage\":\"en-US\",\"potentialAction\":[{\"@type\":\"ReadAction\",\"target\":[\"https:\/\/lavanno.com\/en\/toode\/vanilla-lemon-400-ml-kanga-ja-ohuvarskendaja-vanilje-sidrun\/\"]}]},{\"@type\":\"ImageObject\",\"inLanguage\":\"en-US\",\"@id\":\"https:\/\/lavanno.com\/en\/toode\/vanilla-lemon-400-ml-kanga-ja-ohuvarskendaja-vanilje-sidrun\/#primaryimage\",\"url\":\"https:\/\/lavanno.com\/wp-content\/uploads\/2025\/11\/a73-001deospray_vanillalemon_groupage-1.png\",\"contentUrl\":\"https:\/\/lavanno.com\/wp-content\/uploads\/2025\/11\/a73-001deospray_vanillalemon_groupage-1.png\",\"width\":800,\"height\":800},{\"@type\":\"BreadcrumbList\",\"@id\":\"https:\/\/lavanno.com\/en\/toode\/vanilla-lemon-400-ml-kanga-ja-ohuvarskendaja-vanilje-sidrun\/#breadcrumb\",\"itemListElement\":[{\"@type\":\"ListItem\",\"position\":1,\"name\":\"Home\",\"item\":\"https:\/\/lavanno.com\/en\/\"},{\"@type\":\"ListItem\",\"position\":2,\"name\":\"E-pood\",\"item\":\"https:\/\/lavanno.com\/e-pood\/\"},{\"@type\":\"ListItem\",\"position\":3,\"name\":\"Vanilla Lemon 400 ml. Kanga ja \u00f5huv\u00e4rskendaja (Vanilje\/Sidrun)\"}]},{\"@type\":\"WebSite\",\"@id\":\"https:\/\/lavanno.com\/en\/#website\",\"url\":\"https:\/\/lavanno.com\/en\/\",\"name\":\"Lavanno - Pesuvahendite ekspert\",\"description\":\"Toome maale ja m\u00fc\u00fcme tekstiili pesuvahendeid, pesumajaseadmeid ja tarvikuid. Hooldame ja konsulteerime.\",\"publisher\":{\"@id\":\"https:\/\/lavanno.com\/en\/#organization\"},\"potentialAction\":[{\"@type\":\"SearchAction\",\"target\":{\"@type\":\"EntryPoint\",\"urlTemplate\":\"https:\/\/lavanno.com\/en\/?s={search_term_string}\"},\"query-input\":{\"@type\":\"PropertyValueSpecification\",\"valueRequired\":true,\"valueName\":\"search_term_string\"}}],\"inLanguage\":\"en-US\"},{\"@type\":\"Organization\",\"@id\":\"https:\/\/lavanno.com\/en\/#organization\",\"name\":\"Lavanno - Pesuvahendite ekspert\",\"url\":\"https:\/\/lavanno.com\/en\/\",\"logo\":{\"@type\":\"ImageObject\",\"inLanguage\":\"en-US\",\"@id\":\"https:\/\/lavanno.com\/en\/#\/schema\/logo\/image\/\",\"url\":\"https:\/\/lavanno.com\/wp-content\/uploads\/2025\/07\/Lavanno.png\",\"contentUrl\":\"https:\/\/lavanno.com\/wp-content\/uploads\/2025\/07\/Lavanno.png\",\"width\":1200,\"height\":1200,\"caption\":\"Lavanno - Pesuvahendite ekspert\"},\"image\":{\"@id\":\"https:\/\/lavanno.com\/en\/#\/schema\/logo\/image\/\"},\"sameAs\":[\"https:\/\/www.facebook.com\/Lavanno.ee\"]}]}<\/script>\n<!-- \/ Yoast SEO plugin. -->","yoast_head_json":{"title":"Vanilla Lemon 400 ml. Kanga ja \u00f5huv\u00e4rskendaja (Vanilje\/Sidrun) - Lavanno - pesuvahendite ekspert","robots":{"index":"index","follow":"follow","max-snippet":"max-snippet:-1","max-image-preview":"max-image-preview:large","max-video-preview":"max-video-preview:-1"},"canonical":"https:\/\/lavanno.com\/en\/toode\/vanilla-lemon-400-ml-kanga-ja-ohuvarskendaja-vanilje-sidrun\/","og_locale":"en_US","og_type":"article","og_title":"Vanilla Lemon 400 ml. Kanga ja \u00f5huv\u00e4rskendaja (Vanilje\/Sidrun) - Lavanno - pesuvahendite ekspert","og_description":"L\u00f5hnaeemaldussprei, millel on spetsiaalne l\u00f5hna eemaldav koostis, vanilje &amp; sidruni l\u00f5hnaga.  See k\u00f5rvaldab halva l\u00f5hna t\u00e4nu spetsiaalsetele toimeainetele Seda saab kasutada nii tekstiilidel kui \u00f5hus Intensiivne ja kauakestev l\u00f5hn Seda saab kasutada igat t\u00fc\u00fcpi tekstiilidel SALVATEX koostis \u2013 see kaitseb r\u00f5ivaid Ei ole kasutatud loomkatseid","og_url":"https:\/\/lavanno.com\/en\/toode\/vanilla-lemon-400-ml-kanga-ja-ohuvarskendaja-vanilje-sidrun\/","og_site_name":"Lavanno - pesuvahendite ekspert","article_publisher":"https:\/\/www.facebook.com\/Lavanno.ee","article_modified_time":"2026-05-02T05:40:01+00:00","og_image":[{"width":800,"height":800,"url":"https:\/\/lavanno.com\/wp-content\/uploads\/2025\/11\/a73-001deospray_vanillalemon_groupage-1.png","type":"image\/png"}],"twitter_card":"summary_large_image","schema":{"@context":"https:\/\/schema.org","@graph":[{"@type":"WebPage","@id":"https:\/\/lavanno.com\/en\/toode\/vanilla-lemon-400-ml-kanga-ja-ohuvarskendaja-vanilje-sidrun\/","url":"https:\/\/lavanno.com\/en\/toode\/vanilla-lemon-400-ml-kanga-ja-ohuvarskendaja-vanilje-sidrun\/","name":"Vanilla Lemon 400 ml. Kanga ja \u00f5huv\u00e4rskendaja (Vanilje\/Sidrun) - Lavanno - pesuvahendite ekspert","isPartOf":{"@id":"https:\/\/lavanno.com\/en\/#website"},"primaryImageOfPage":{"@id":"https:\/\/lavanno.com\/en\/toode\/vanilla-lemon-400-ml-kanga-ja-ohuvarskendaja-vanilje-sidrun\/#primaryimage"},"image":{"@id":"https:\/\/lavanno.com\/en\/toode\/vanilla-lemon-400-ml-kanga-ja-ohuvarskendaja-vanilje-sidrun\/#primaryimage"},"thumbnailUrl":"https:\/\/lavanno.com\/wp-content\/uploads\/2025\/11\/a73-001deospray_vanillalemon_groupage-1.png","datePublished":"2025-10-22T16:55:01+00:00","dateModified":"2026-05-02T05:40:01+00:00","breadcrumb":{"@id":"https:\/\/lavanno.com\/en\/toode\/vanilla-lemon-400-ml-kanga-ja-ohuvarskendaja-vanilje-sidrun\/#breadcrumb"},"inLanguage":"en-US","potentialAction":[{"@type":"ReadAction","target":["https:\/\/lavanno.com\/en\/toode\/vanilla-lemon-400-ml-kanga-ja-ohuvarskendaja-vanilje-sidrun\/"]}]},{"@type":"ImageObject","inLanguage":"en-US","@id":"https:\/\/lavanno.com\/en\/toode\/vanilla-lemon-400-ml-kanga-ja-ohuvarskendaja-vanilje-sidrun\/#primaryimage","url":"https:\/\/lavanno.com\/wp-content\/uploads\/2025\/11\/a73-001deospray_vanillalemon_groupage-1.png","contentUrl":"https:\/\/lavanno.com\/wp-content\/uploads\/2025\/11\/a73-001deospray_vanillalemon_groupage-1.png","width":800,"height":800},{"@type":"BreadcrumbList","@id":"https:\/\/lavanno.com\/en\/toode\/vanilla-lemon-400-ml-kanga-ja-ohuvarskendaja-vanilje-sidrun\/#breadcrumb","itemListElement":[{"@type":"ListItem","position":1,"name":"Home","item":"https:\/\/lavanno.com\/en\/"},{"@type":"ListItem","position":2,"name":"E-pood","item":"https:\/\/lavanno.com\/e-pood\/"},{"@type":"ListItem","position":3,"name":"Vanilla Lemon 400 ml. Kanga ja \u00f5huv\u00e4rskendaja (Vanilje\/Sidrun)"}]},{"@type":"WebSite","@id":"https:\/\/lavanno.com\/en\/#website","url":"https:\/\/lavanno.com\/en\/","name":"Lavanno - Pesuvahendite ekspert","description":"Toome maale ja m\u00fc\u00fcme tekstiili pesuvahendeid, pesumajaseadmeid ja tarvikuid. Hooldame ja konsulteerime.","publisher":{"@id":"https:\/\/lavanno.com\/en\/#organization"},"potentialAction":[{"@type":"SearchAction","target":{"@type":"EntryPoint","urlTemplate":"https:\/\/lavanno.com\/en\/?s={search_term_string}"},"query-input":{"@type":"PropertyValueSpecification","valueRequired":true,"valueName":"search_term_string"}}],"inLanguage":"en-US"},{"@type":"Organization","@id":"https:\/\/lavanno.com\/en\/#organization","name":"Lavanno - Pesuvahendite ekspert","url":"https:\/\/lavanno.com\/en\/","logo":{"@type":"ImageObject","inLanguage":"en-US","@id":"https:\/\/lavanno.com\/en\/#\/schema\/logo\/image\/","url":"https:\/\/lavanno.com\/wp-content\/uploads\/2025\/07\/Lavanno.png","contentUrl":"https:\/\/lavanno.com\/wp-content\/uploads\/2025\/07\/Lavanno.png","width":1200,"height":1200,"caption":"Lavanno - Pesuvahendite ekspert"},"image":{"@id":"https:\/\/lavanno.com\/en\/#\/schema\/logo\/image\/"},"sameAs":["https:\/\/www.facebook.com\/Lavanno.ee"]}]}},"_links":{"self":[{"href":"https:\/\/lavanno.com\/en\/wp-json\/wp\/v2\/product\/12144","targetHints":{"allow":["GET"]}}],"collection":[{"href":"https:\/\/lavanno.com\/en\/wp-json\/wp\/v2\/product"}],"about":[{"href":"https:\/\/lavanno.com\/en\/wp-json\/wp\/v2\/types\/product"}],"replies":[{"embeddable":true,"href":"https:\/\/lavanno.com\/en\/wp-json\/wp\/v2\/comments?post=12144"}],"wp:featuredmedia":[{"embeddable":true,"href":"https:\/\/lavanno.com\/en\/wp-json\/wp\/v2\/media\/12538"}],"wp:attachment":[{"href":"https:\/\/lavanno.com\/en\/wp-json\/wp\/v2\/media?parent=12144"}],"wp:term":[{"taxonomy":"product_brand","embeddable":true,"href":"https:\/\/lavanno.com\/en\/wp-json\/wp\/v2\/product_brand?post=12144"},{"taxonomy":"product_cat","embeddable":true,"href":"https:\/\/lavanno.com\/en\/wp-json\/wp\/v2\/product_cat?post=12144"},{"taxonomy":"product_tag","embeddable":true,"href":"https:\/\/lavanno.com\/en\/wp-json\/wp\/v2\/product_tag?post=12144"}],"curies":[{"name":"wp","href":"https:\/\/api.w.org\/{rel}","templated":true}]}}