{"id":12145,"date":"2025-10-22T19:55:01","date_gmt":"2025-10-22T16:55:01","guid":{"rendered":"https:\/\/lavanno.com\/toode\/d1-sweat-plekieemaldusvahend-higi-500ml\/"},"modified":"2026-05-02T14:45:01","modified_gmt":"2026-05-02T11:45:01","slug":"d1-sweat-plekieemaldusvahend-higi-500ml","status":"publish","type":"product","link":"https:\/\/lavanno.com\/en\/toode\/d1-sweat-plekieemaldusvahend-higi-500ml\/","title":{"rendered":"D1 Sweat (plekieemaldusvahend higi) 500ml"},"content":{"rendered":"<p><strong>Spetsifikatsioon<\/strong><\/p>\n<p><strong>Kasutamine<\/strong><\/p>\n<ul>\n<li>Niisuta plekk veega.<\/li>\n<li>Kanna paar tilka puhast D1 toodet otse plekile.<\/li>\n<li>Lase tootel m\u00f5juda 15\u201330 sekundit ning vajadusel kasuta harja v\u00f5i kraapijat.<\/li>\n<li>Vajaduse korral kuumuta aurup\u00fcstoliga.<\/li>\n<li>Loputa rohke veega ja kuivata suru\u00f5huga.<\/li>\n<li>Vajadusel korda t\u00f6\u00f6tlemist.<\/li>\n<\/ul>\n<p><strong>Hoiatus!<\/strong><\/p>\n<p>Proovi alati toode k\u00f5igepealt varjatud kohas, et veenduda aine sobivuses kangale.<\/p>\n<p>&nbsp;<\/p>\n<p><strong>Koostisosad<\/strong><\/p>\n<p>Vesi, kokamiid DEA, naatriumdodek\u00fc\u00fclbenseensulfonaat, trideceth-7, dietanoolamiin, l\u00f5hnaaine, butoks\u00fcdigl\u00fckool, PPG-2 met\u00fc\u00fcleeter, ens\u00fc\u00fcmid (subtilisiin, \u03b1-am\u00fclaas, lipaas, tsellulaas), met\u00fc\u00fclkloroisotiasolinoon ja met\u00fc\u00fclisotiasolinoon 0,00075%.<\/p>\n<p><strong>Funktsioon\u00a0<\/strong><\/p>\n<p>Plekieemaldusvahend<\/p>\n<p><a href=\"https:\/\/lavanno.com\/wp-content\/uploads\/2025\/09\/A15-030D1_-_SudoreRel4ETSDS.pdf\" target=\"_blank\" rel=\"noopener\">Ohutuskaart<\/a><\/p>\n","protected":false},"excerpt":{"rendered":"<p>D1 Sweat on professionaalne plekieemaldusvahend, mis on m\u00f5eldud <strong>higi-, toidu-, kastme- ja \u0161okolaadiplekkide<\/strong> eemaldamiseks k\u00f5ikidel pestavatel tekstiilidel. Sobib kasutamiseks nii eelt\u00f6\u00f6tlusel kui ka j\u00e4relt\u00f6\u00f6tlusel.<\/p>\n<p>Toote t\u00f5hus valem \u00fchendab kiire toime ja kangaste ning v\u00e4rvide kaitse, v\u00f5imaldades plekke eemaldada ilma tekstiili kahjustamata.<\/p>\n<p>Plekid koosnevad sageli mitmest erinevast komponendist, mist\u00f5ttu v\u00f5ib t\u00e4ieliku tulemuse saavutamiseks olla vajalik kasutada rohkem kui \u00fchte toodet. Kui pleki koostis ei ole kindel, soovitatakse alustada D4 Protein plekieemaldajaga ning v\u00e4ltida auru kasutamist, et plekk ei kinnistuks kangasse.<\/p>\n","protected":false},"featured_media":12264,"comment_status":"open","ping_status":"closed","template":"","meta":[],"product_brand":[],"product_cat":[506,525,534,514,526],"product_tag":[834,835,837,839,840],"class_list":{"0":"post-12145","1":"product","2":"type-product","3":"status-publish","4":"has-post-thumbnail","6":"product_cat-ariklient","7":"product_cat-vesipesuvahendid","8":"product_cat-plekieemaldusvahendid","9":"product_cat-keemiline-puhastus","10":"product_cat-plekieemalduse-vahendid-keemiline-puhastus","11":"product_tag-horeca","12":"product_tag-pesumajad","13":"product_tag-puhastusteenindus","14":"product_tag-tervishoid","15":"product_tag-toostusettevotted","17":"first","18":"instock","19":"taxable","20":"shipping-taxable","21":"purchasable","22":"product-type-simple"},"yoast_head":"<!-- This site is optimized with the Yoast SEO plugin v27.0 - https:\/\/yoast.com\/product\/yoast-seo-wordpress\/ -->\n<title>D1 Sweat (plekieemaldusvahend higi) 500ml - Lavanno - pesuvahendite ekspert<\/title>\n<meta name=\"description\" content=\"D1 Sweat spetsiaalne plekieemaldaja higi-, toidu-, kastme- ja \u0161okolaadiplekkide jaoks. Kiire toime, kaitseb kangaid ja v\u00e4rve, sobib k\u00f5ikidele pesut\u00fc\u00fcpidele.\" \/>\n<meta name=\"robots\" content=\"index, follow, max-snippet:-1, max-image-preview:large, max-video-preview:-1\" \/>\n<link rel=\"canonical\" href=\"https:\/\/lavanno.com\/en\/toode\/d1-sweat-plekieemaldusvahend-higi-500ml\/\" \/>\n<meta property=\"og:locale\" content=\"en_US\" \/>\n<meta property=\"og:type\" content=\"article\" \/>\n<meta property=\"og:title\" content=\"D1 Sweat (plekieemaldusvahend higi) 500ml - Lavanno - pesuvahendite ekspert\" \/>\n<meta property=\"og:description\" content=\"D1 Sweat spetsiaalne plekieemaldaja higi-, toidu-, kastme- ja \u0161okolaadiplekkide jaoks. Kiire toime, kaitseb kangaid ja v\u00e4rve, sobib k\u00f5ikidele pesut\u00fc\u00fcpidele.\" \/>\n<meta property=\"og:url\" content=\"https:\/\/lavanno.com\/en\/toode\/d1-sweat-plekieemaldusvahend-higi-500ml\/\" \/>\n<meta property=\"og:site_name\" content=\"Lavanno - pesuvahendite ekspert\" \/>\n<meta property=\"article:publisher\" content=\"https:\/\/www.facebook.com\/Lavanno.ee\" \/>\n<meta property=\"article:modified_time\" content=\"2026-05-02T11:45:01+00:00\" \/>\n<meta property=\"og:image\" content=\"https:\/\/lavanno.com\/wp-content\/uploads\/2025\/10\/D1-Sudore-500ml.png\" \/>\n\t<meta property=\"og:image:width\" content=\"800\" \/>\n\t<meta property=\"og:image:height\" content=\"800\" \/>\n\t<meta property=\"og:image:type\" content=\"image\/png\" \/>\n<meta name=\"twitter:card\" content=\"summary_large_image\" \/>\n<meta name=\"twitter:label1\" content=\"Est. reading time\" \/>\n\t<meta name=\"twitter:data1\" content=\"1 minute\" \/>\n<script type=\"application\/ld+json\" class=\"yoast-schema-graph\">{\"@context\":\"https:\/\/schema.org\",\"@graph\":[{\"@type\":\"WebPage\",\"@id\":\"https:\/\/lavanno.com\/en\/toode\/d1-sweat-plekieemaldusvahend-higi-500ml\/\",\"url\":\"https:\/\/lavanno.com\/en\/toode\/d1-sweat-plekieemaldusvahend-higi-500ml\/\",\"name\":\"D1 Sweat (plekieemaldusvahend higi) 500ml - Lavanno - pesuvahendite ekspert\",\"isPartOf\":{\"@id\":\"https:\/\/lavanno.com\/en\/#website\"},\"primaryImageOfPage\":{\"@id\":\"https:\/\/lavanno.com\/en\/toode\/d1-sweat-plekieemaldusvahend-higi-500ml\/#primaryimage\"},\"image\":{\"@id\":\"https:\/\/lavanno.com\/en\/toode\/d1-sweat-plekieemaldusvahend-higi-500ml\/#primaryimage\"},\"thumbnailUrl\":\"https:\/\/lavanno.com\/wp-content\/uploads\/2025\/10\/D1-Sudore-500ml.png\",\"datePublished\":\"2025-10-22T16:55:01+00:00\",\"dateModified\":\"2026-05-02T11:45:01+00:00\",\"description\":\"D1 Sweat spetsiaalne plekieemaldaja higi-, toidu-, kastme- ja \u0161okolaadiplekkide jaoks. Kiire toime, kaitseb kangaid ja v\u00e4rve, sobib k\u00f5ikidele pesut\u00fc\u00fcpidele.\",\"breadcrumb\":{\"@id\":\"https:\/\/lavanno.com\/en\/toode\/d1-sweat-plekieemaldusvahend-higi-500ml\/#breadcrumb\"},\"inLanguage\":\"en-US\",\"potentialAction\":[{\"@type\":\"ReadAction\",\"target\":[\"https:\/\/lavanno.com\/en\/toode\/d1-sweat-plekieemaldusvahend-higi-500ml\/\"]}]},{\"@type\":\"ImageObject\",\"inLanguage\":\"en-US\",\"@id\":\"https:\/\/lavanno.com\/en\/toode\/d1-sweat-plekieemaldusvahend-higi-500ml\/#primaryimage\",\"url\":\"https:\/\/lavanno.com\/wp-content\/uploads\/2025\/10\/D1-Sudore-500ml.png\",\"contentUrl\":\"https:\/\/lavanno.com\/wp-content\/uploads\/2025\/10\/D1-Sudore-500ml.png\",\"width\":800,\"height\":800,\"caption\":\"D1 Sudore\"},{\"@type\":\"BreadcrumbList\",\"@id\":\"https:\/\/lavanno.com\/en\/toode\/d1-sweat-plekieemaldusvahend-higi-500ml\/#breadcrumb\",\"itemListElement\":[{\"@type\":\"ListItem\",\"position\":1,\"name\":\"Home\",\"item\":\"https:\/\/lavanno.com\/en\/\"},{\"@type\":\"ListItem\",\"position\":2,\"name\":\"E-pood\",\"item\":\"https:\/\/lavanno.com\/e-pood\/\"},{\"@type\":\"ListItem\",\"position\":3,\"name\":\"D1 Sweat (plekieemaldusvahend higi) 500ml\"}]},{\"@type\":\"WebSite\",\"@id\":\"https:\/\/lavanno.com\/en\/#website\",\"url\":\"https:\/\/lavanno.com\/en\/\",\"name\":\"Lavanno - Pesuvahendite ekspert\",\"description\":\"Toome maale ja m\u00fc\u00fcme tekstiili pesuvahendeid, pesumajaseadmeid ja tarvikuid. Hooldame ja konsulteerime.\",\"publisher\":{\"@id\":\"https:\/\/lavanno.com\/en\/#organization\"},\"potentialAction\":[{\"@type\":\"SearchAction\",\"target\":{\"@type\":\"EntryPoint\",\"urlTemplate\":\"https:\/\/lavanno.com\/en\/?s={search_term_string}\"},\"query-input\":{\"@type\":\"PropertyValueSpecification\",\"valueRequired\":true,\"valueName\":\"search_term_string\"}}],\"inLanguage\":\"en-US\"},{\"@type\":\"Organization\",\"@id\":\"https:\/\/lavanno.com\/en\/#organization\",\"name\":\"Lavanno - Pesuvahendite ekspert\",\"url\":\"https:\/\/lavanno.com\/en\/\",\"logo\":{\"@type\":\"ImageObject\",\"inLanguage\":\"en-US\",\"@id\":\"https:\/\/lavanno.com\/en\/#\/schema\/logo\/image\/\",\"url\":\"https:\/\/lavanno.com\/wp-content\/uploads\/2025\/07\/Lavanno.png\",\"contentUrl\":\"https:\/\/lavanno.com\/wp-content\/uploads\/2025\/07\/Lavanno.png\",\"width\":1200,\"height\":1200,\"caption\":\"Lavanno - Pesuvahendite ekspert\"},\"image\":{\"@id\":\"https:\/\/lavanno.com\/en\/#\/schema\/logo\/image\/\"},\"sameAs\":[\"https:\/\/www.facebook.com\/Lavanno.ee\"]}]}<\/script>\n<!-- \/ Yoast SEO plugin. -->","yoast_head_json":{"title":"D1 Sweat (plekieemaldusvahend higi) 500ml - Lavanno - pesuvahendite ekspert","description":"D1 Sweat spetsiaalne plekieemaldaja higi-, toidu-, kastme- ja \u0161okolaadiplekkide jaoks. Kiire toime, kaitseb kangaid ja v\u00e4rve, sobib k\u00f5ikidele pesut\u00fc\u00fcpidele.","robots":{"index":"index","follow":"follow","max-snippet":"max-snippet:-1","max-image-preview":"max-image-preview:large","max-video-preview":"max-video-preview:-1"},"canonical":"https:\/\/lavanno.com\/en\/toode\/d1-sweat-plekieemaldusvahend-higi-500ml\/","og_locale":"en_US","og_type":"article","og_title":"D1 Sweat (plekieemaldusvahend higi) 500ml - Lavanno - pesuvahendite ekspert","og_description":"D1 Sweat spetsiaalne plekieemaldaja higi-, toidu-, kastme- ja \u0161okolaadiplekkide jaoks. Kiire toime, kaitseb kangaid ja v\u00e4rve, sobib k\u00f5ikidele pesut\u00fc\u00fcpidele.","og_url":"https:\/\/lavanno.com\/en\/toode\/d1-sweat-plekieemaldusvahend-higi-500ml\/","og_site_name":"Lavanno - pesuvahendite ekspert","article_publisher":"https:\/\/www.facebook.com\/Lavanno.ee","article_modified_time":"2026-05-02T11:45:01+00:00","og_image":[{"width":800,"height":800,"url":"https:\/\/lavanno.com\/wp-content\/uploads\/2025\/10\/D1-Sudore-500ml.png","type":"image\/png"}],"twitter_card":"summary_large_image","twitter_misc":{"Est. reading time":"1 minute"},"schema":{"@context":"https:\/\/schema.org","@graph":[{"@type":"WebPage","@id":"https:\/\/lavanno.com\/en\/toode\/d1-sweat-plekieemaldusvahend-higi-500ml\/","url":"https:\/\/lavanno.com\/en\/toode\/d1-sweat-plekieemaldusvahend-higi-500ml\/","name":"D1 Sweat (plekieemaldusvahend higi) 500ml - Lavanno - pesuvahendite ekspert","isPartOf":{"@id":"https:\/\/lavanno.com\/en\/#website"},"primaryImageOfPage":{"@id":"https:\/\/lavanno.com\/en\/toode\/d1-sweat-plekieemaldusvahend-higi-500ml\/#primaryimage"},"image":{"@id":"https:\/\/lavanno.com\/en\/toode\/d1-sweat-plekieemaldusvahend-higi-500ml\/#primaryimage"},"thumbnailUrl":"https:\/\/lavanno.com\/wp-content\/uploads\/2025\/10\/D1-Sudore-500ml.png","datePublished":"2025-10-22T16:55:01+00:00","dateModified":"2026-05-02T11:45:01+00:00","description":"D1 Sweat spetsiaalne plekieemaldaja higi-, toidu-, kastme- ja \u0161okolaadiplekkide jaoks. Kiire toime, kaitseb kangaid ja v\u00e4rve, sobib k\u00f5ikidele pesut\u00fc\u00fcpidele.","breadcrumb":{"@id":"https:\/\/lavanno.com\/en\/toode\/d1-sweat-plekieemaldusvahend-higi-500ml\/#breadcrumb"},"inLanguage":"en-US","potentialAction":[{"@type":"ReadAction","target":["https:\/\/lavanno.com\/en\/toode\/d1-sweat-plekieemaldusvahend-higi-500ml\/"]}]},{"@type":"ImageObject","inLanguage":"en-US","@id":"https:\/\/lavanno.com\/en\/toode\/d1-sweat-plekieemaldusvahend-higi-500ml\/#primaryimage","url":"https:\/\/lavanno.com\/wp-content\/uploads\/2025\/10\/D1-Sudore-500ml.png","contentUrl":"https:\/\/lavanno.com\/wp-content\/uploads\/2025\/10\/D1-Sudore-500ml.png","width":800,"height":800,"caption":"D1 Sudore"},{"@type":"BreadcrumbList","@id":"https:\/\/lavanno.com\/en\/toode\/d1-sweat-plekieemaldusvahend-higi-500ml\/#breadcrumb","itemListElement":[{"@type":"ListItem","position":1,"name":"Home","item":"https:\/\/lavanno.com\/en\/"},{"@type":"ListItem","position":2,"name":"E-pood","item":"https:\/\/lavanno.com\/e-pood\/"},{"@type":"ListItem","position":3,"name":"D1 Sweat (plekieemaldusvahend higi) 500ml"}]},{"@type":"WebSite","@id":"https:\/\/lavanno.com\/en\/#website","url":"https:\/\/lavanno.com\/en\/","name":"Lavanno - Pesuvahendite ekspert","description":"Toome maale ja m\u00fc\u00fcme tekstiili pesuvahendeid, pesumajaseadmeid ja tarvikuid. Hooldame ja konsulteerime.","publisher":{"@id":"https:\/\/lavanno.com\/en\/#organization"},"potentialAction":[{"@type":"SearchAction","target":{"@type":"EntryPoint","urlTemplate":"https:\/\/lavanno.com\/en\/?s={search_term_string}"},"query-input":{"@type":"PropertyValueSpecification","valueRequired":true,"valueName":"search_term_string"}}],"inLanguage":"en-US"},{"@type":"Organization","@id":"https:\/\/lavanno.com\/en\/#organization","name":"Lavanno - Pesuvahendite ekspert","url":"https:\/\/lavanno.com\/en\/","logo":{"@type":"ImageObject","inLanguage":"en-US","@id":"https:\/\/lavanno.com\/en\/#\/schema\/logo\/image\/","url":"https:\/\/lavanno.com\/wp-content\/uploads\/2025\/07\/Lavanno.png","contentUrl":"https:\/\/lavanno.com\/wp-content\/uploads\/2025\/07\/Lavanno.png","width":1200,"height":1200,"caption":"Lavanno - Pesuvahendite ekspert"},"image":{"@id":"https:\/\/lavanno.com\/en\/#\/schema\/logo\/image\/"},"sameAs":["https:\/\/www.facebook.com\/Lavanno.ee"]}]}},"_links":{"self":[{"href":"https:\/\/lavanno.com\/en\/wp-json\/wp\/v2\/product\/12145","targetHints":{"allow":["GET"]}}],"collection":[{"href":"https:\/\/lavanno.com\/en\/wp-json\/wp\/v2\/product"}],"about":[{"href":"https:\/\/lavanno.com\/en\/wp-json\/wp\/v2\/types\/product"}],"replies":[{"embeddable":true,"href":"https:\/\/lavanno.com\/en\/wp-json\/wp\/v2\/comments?post=12145"}],"wp:featuredmedia":[{"embeddable":true,"href":"https:\/\/lavanno.com\/en\/wp-json\/wp\/v2\/media\/12264"}],"wp:attachment":[{"href":"https:\/\/lavanno.com\/en\/wp-json\/wp\/v2\/media?parent=12145"}],"wp:term":[{"taxonomy":"product_brand","embeddable":true,"href":"https:\/\/lavanno.com\/en\/wp-json\/wp\/v2\/product_brand?post=12145"},{"taxonomy":"product_cat","embeddable":true,"href":"https:\/\/lavanno.com\/en\/wp-json\/wp\/v2\/product_cat?post=12145"},{"taxonomy":"product_tag","embeddable":true,"href":"https:\/\/lavanno.com\/en\/wp-json\/wp\/v2\/product_tag?post=12145"}],"curies":[{"name":"wp","href":"https:\/\/api.w.org\/{rel}","templated":true}]}}